{"id":18070,"date":"2024-08-21T17:03:21","date_gmt":"2024-08-21T14:03:21","guid":{"rendered":"https:\/\/fonolukk.eu\/?post_type=product&#038;p=18070"},"modified":"2024-08-21T17:14:35","modified_gmt":"2024-08-21T14:14:35","slug":"elektrivastus-xs12r-c","status":"publish","type":"product","link":"https:\/\/fonolukk.eu\/et\/tooted\/elektrivastus-xs12r-c\/","title":{"rendered":"Elektrivastus XS12R-C"},"content":{"rendered":"<div class=\"row\">\n<div class=\"col-md-6 col-sm-6 col-xs-12\">\n<div class=\"description\">\n<h3><span>Ise\u00e4rasused:<\/span><\/h3>\n<ul>\n<li><span>t\u00f6\u00f6 t\u00fc\u00fcp NC (tavaliselt suletud) v\u00f5i NO (tagurpidi)<\/span><\/li>\n<li><span>s\u00fcmmeetriline disain<\/span><\/li>\n<li><span>sisseehitatud liugur<\/span><\/li>\n<li><span>m\u00f5\u00f5dud: laius 19 (23,5) mm, k\u00f5rgus 67 mm, s\u00fcgavus 28 mm.<\/span><\/li>\n<li><span>mehaaniline tugevus &#8211; r\u00f5hk 3000N (300kg)<\/span><\/li>\n<li><span>mehaaniline tugevus &#8211; avamists\u00fckkel 200 000<\/span><\/li>\n<li><span>vasak- ja parempoolsetele ustele<\/span><\/li>\n<li><span>riiv reguleeritav vahemikus 3,5 mm<\/span><\/li>\n<li><span>riivi radiaalne kuju &#8211; avamise ajal ei ulatu see luku kontuurist kaugemale<\/span><\/li>\n<\/ul>\n<h3><span>Saadaolevad funktsioonid:<\/span><\/h3>\n<ul>\n<li><span>standa standard<\/span><\/li>\n<li><span>m\u00e4luga<\/span><\/li>\n<li><span>l\u00fclitiga<\/span><\/li>\n<li><span>takistiga<\/span><\/li>\n<\/ul>\n<\/div>\n<\/div>\n<\/div>\n<div class=\"tabs\"><\/div>\n","protected":false},"excerpt":{"rendered":"<p><span>XS-C seerial on sisseehitatud liugur, mis moodustab katte elektril\u00f6\u00f6gi paigaldamiseks, suurendamata raamis olevat auku v\u00e4ljaulatuvasse riivi. Tavaliselt kasutatakse erahoonetes, b\u00fcroodes ja avalikes hoonetes, nii alumiiniumist, terasest, puidust kui ka PVC-st valmistatud uste jaoks. XS-C seeriat soovitatakse eelk\u00f5ige raamideta uste jaoks.<\/span><\/p>\n","protected":false},"featured_media":18073,"template":"","meta":[],"product_brand":[],"product_cat":[1066,1063],"product_tag":[],"class_list":{"0":"post-18070","1":"product","2":"type-product","3":"status-publish","4":"has-post-thumbnail","6":"product_cat-avatav-tuup","7":"product_cat-elektrivasturaud","9":"first","10":"instock","11":"taxable","12":"shipping-taxable","13":"product-type-simple"},"yoast_head":"<!-- This site is optimized with the Yoast SEO Premium plugin v27.3 (Yoast SEO v27.3) - https:\/\/yoast.com\/product\/yoast-seo-premium-wordpress\/ -->\n<title>Elektrivastus XS12R-C - Fonolukk<\/title>\n<meta name=\"description\" content=\"Elektrivastus XS12R-C - Fonolukk\" \/>\n<meta name=\"robots\" content=\"index, follow, max-snippet:-1, max-image-preview:large, max-video-preview:-1\" \/>\n<link rel=\"canonical\" href=\"https:\/\/fonolukk.eu\/et\/tooted\/elektrivastus-xs12r-c\/\" \/>\n<meta property=\"og:locale\" content=\"et_EE\" \/>\n<meta property=\"og:type\" content=\"article\" \/>\n<meta property=\"og:title\" content=\"Elektrivastus XS12R-C\" \/>\n<meta property=\"og:description\" content=\"XS-C seerial on sisseehitatud liugur, mis moodustab katte elektril\u00f6\u00f6gi paigaldamiseks, suurendamata raamis olevat auku v\u00e4ljaulatuvasse riivi. Tavaliselt kasutatakse erahoonetes, b\u00fcroodes ja avalikes hoonetes, nii alumiiniumist, terasest, puidust kui ka PVC-st valmistatud uste jaoks. XS-C seeriat soovitatakse eelk\u00f5ige raamideta uste jaoks.\" \/>\n<meta property=\"og:url\" content=\"https:\/\/fonolukk.eu\/et\/tooted\/elektrivastus-xs12r-c\/\" \/>\n<meta property=\"og:site_name\" content=\"Fonolukk\" \/>\n<meta property=\"article:publisher\" content=\"https:\/\/www.facebook.com\/fonolukk\" \/>\n<meta property=\"article:modified_time\" content=\"2024-08-21T14:14:35+00:00\" \/>\n<meta property=\"og:image\" content=\"https:\/\/fonolukk.eu\/wp-content\/uploads\/2024\/08\/harte-open-type-xs12r-c.png\" \/>\n\t<meta property=\"og:image:width\" content=\"1200\" \/>\n\t<meta property=\"og:image:height\" content=\"794\" \/>\n\t<meta property=\"og:image:type\" content=\"image\/png\" \/>\n<meta name=\"twitter:card\" content=\"summary_large_image\" \/>\n<meta name=\"twitter:label1\" content=\"Hind\" \/>\n\t<meta name=\"twitter:data1\" content=\"\" \/>\n\t<meta name=\"twitter:label2\" content=\"Availability\" \/>\n\t<meta name=\"twitter:data2\" content=\"Laos\" \/>\n<script type=\"application\/ld+json\" class=\"yoast-schema-graph\">{\"@context\":\"https:\\\/\\\/schema.org\",\"@graph\":[{\"@type\":\"WebPage\",\"@id\":\"https:\\\/\\\/fonolukk.eu\\\/et\\\/tooted\\\/elektrivastus-xs12r-c\\\/\",\"url\":\"https:\\\/\\\/fonolukk.eu\\\/et\\\/tooted\\\/elektrivastus-xs12r-c\\\/\",\"name\":\"Elektrivastus XS12R-C - Fonolukk\",\"isPartOf\":{\"@id\":\"https:\\\/\\\/fonolukk.eu\\\/et\\\/#website\"},\"primaryImageOfPage\":{\"@id\":\"https:\\\/\\\/fonolukk.eu\\\/et\\\/tooted\\\/elektrivastus-xs12r-c\\\/#primaryimage\"},\"image\":{\"@id\":\"https:\\\/\\\/fonolukk.eu\\\/et\\\/tooted\\\/elektrivastus-xs12r-c\\\/#primaryimage\"},\"thumbnailUrl\":\"https:\\\/\\\/fonolukk.eu\\\/wp-content\\\/uploads\\\/2024\\\/08\\\/harte-open-type-xs12r-c.png\",\"datePublished\":\"2024-08-21T14:03:21+00:00\",\"dateModified\":\"2024-08-21T14:14:35+00:00\",\"description\":\"Elektrivastus XS12R-C - Fonolukk\",\"breadcrumb\":{\"@id\":\"https:\\\/\\\/fonolukk.eu\\\/et\\\/tooted\\\/elektrivastus-xs12r-c\\\/#breadcrumb\"},\"inLanguage\":\"et\",\"potentialAction\":[{\"@type\":\"ReadAction\",\"target\":[\"https:\\\/\\\/fonolukk.eu\\\/et\\\/tooted\\\/elektrivastus-xs12r-c\\\/\"]}]},{\"@type\":\"ImageObject\",\"inLanguage\":\"et\",\"@id\":\"https:\\\/\\\/fonolukk.eu\\\/et\\\/tooted\\\/elektrivastus-xs12r-c\\\/#primaryimage\",\"url\":\"https:\\\/\\\/fonolukk.eu\\\/wp-content\\\/uploads\\\/2024\\\/08\\\/harte-open-type-xs12r-c.png\",\"contentUrl\":\"https:\\\/\\\/fonolukk.eu\\\/wp-content\\\/uploads\\\/2024\\\/08\\\/harte-open-type-xs12r-c.png\",\"width\":1200,\"height\":794,\"caption\":\"Harte XS12R-C\"},{\"@type\":\"BreadcrumbList\",\"@id\":\"https:\\\/\\\/fonolukk.eu\\\/et\\\/tooted\\\/elektrivastus-xs12r-c\\\/#breadcrumb\",\"itemListElement\":[{\"@type\":\"ListItem\",\"position\":1,\"name\":\"Esileht\",\"item\":\"https:\\\/\\\/fonolukk.eu\\\/et\\\/koduleht\\\/\"},{\"@type\":\"ListItem\",\"position\":2,\"name\":\"Tooted\",\"item\":\"https:\\\/\\\/fonolukk.eu\\\/et\\\/shop-2\\\/\"},{\"@type\":\"ListItem\",\"position\":3,\"name\":\"Elektrivasturaud\",\"item\":\"https:\\\/\\\/fonolukk.eu\\\/et\\\/product-category\\\/elektrivasturaud\\\/\"},{\"@type\":\"ListItem\",\"position\":4,\"name\":\"Elektrivastus XS12R-C\"}]},{\"@type\":\"WebSite\",\"@id\":\"https:\\\/\\\/fonolukk.eu\\\/et\\\/#website\",\"url\":\"https:\\\/\\\/fonolukk.eu\\\/et\\\/\",\"name\":\"Fonolukk eu\",\"description\":\"Smart Security Systems\",\"publisher\":{\"@id\":\"https:\\\/\\\/fonolukk.eu\\\/et\\\/#organization\"},\"potentialAction\":[{\"@type\":\"SearchAction\",\"target\":{\"@type\":\"EntryPoint\",\"urlTemplate\":\"https:\\\/\\\/fonolukk.eu\\\/et\\\/?s={search_term_string}\"},\"query-input\":{\"@type\":\"PropertyValueSpecification\",\"valueRequired\":true,\"valueName\":\"search_term_string\"}}],\"inLanguage\":\"et\"},{\"@type\":\"Organization\",\"@id\":\"https:\\\/\\\/fonolukk.eu\\\/et\\\/#organization\",\"name\":\"Smart Security OU\",\"url\":\"https:\\\/\\\/fonolukk.eu\\\/et\\\/\",\"logo\":{\"@type\":\"ImageObject\",\"inLanguage\":\"et\",\"@id\":\"https:\\\/\\\/fonolukk.eu\\\/et\\\/#\\\/schema\\\/logo\\\/image\\\/\",\"url\":\"https:\\\/\\\/fonolukk.eu\\\/wp-content\\\/uploads\\\/2023\\\/09\\\/fonolukk.png\",\"contentUrl\":\"https:\\\/\\\/fonolukk.eu\\\/wp-content\\\/uploads\\\/2023\\\/09\\\/fonolukk.png\",\"width\":277,\"height\":274,\"caption\":\"Smart Security OU\"},\"image\":{\"@id\":\"https:\\\/\\\/fonolukk.eu\\\/et\\\/#\\\/schema\\\/logo\\\/image\\\/\"},\"sameAs\":[\"https:\\\/\\\/www.facebook.com\\\/fonolukk\",\"https:\\\/\\\/www.instagram.com\\\/fonolukk\\\/?hl=ru\"],\"publishingPrinciples\":\"https:\\\/\\\/fonolukk.eu\\\/terms-and-conditions\\\/\",\"ownershipFundingInfo\":\"https:\\\/\\\/fonolukk.eu\\\/about-us\\\/\"}]}<\/script>\n<meta property=\"product:price:amount\" content=\"0.00\" \/>\n<meta property=\"product:price:currency\" content=\"EUR\" \/>\n<meta property=\"og:availability\" content=\"instock\" \/>\n<meta property=\"product:availability\" content=\"instock\" \/>\n<meta property=\"product:retailer_item_id\" content=\"Electric resistor XS00U-1\" \/>\n<meta property=\"product:condition\" content=\"new\" \/>\n<!-- \/ Yoast SEO Premium plugin. -->","yoast_head_json":{"title":"Elektrivastus XS12R-C - Fonolukk","description":"Elektrivastus XS12R-C - Fonolukk","robots":{"index":"index","follow":"follow","max-snippet":"max-snippet:-1","max-image-preview":"max-image-preview:large","max-video-preview":"max-video-preview:-1"},"canonical":"https:\/\/fonolukk.eu\/et\/tooted\/elektrivastus-xs12r-c\/","og_locale":"et_EE","og_type":"article","og_title":"Elektrivastus XS12R-C","og_description":"XS-C seerial on sisseehitatud liugur, mis moodustab katte elektril\u00f6\u00f6gi paigaldamiseks, suurendamata raamis olevat auku v\u00e4ljaulatuvasse riivi. Tavaliselt kasutatakse erahoonetes, b\u00fcroodes ja avalikes hoonetes, nii alumiiniumist, terasest, puidust kui ka PVC-st valmistatud uste jaoks. XS-C seeriat soovitatakse eelk\u00f5ige raamideta uste jaoks.","og_url":"https:\/\/fonolukk.eu\/et\/tooted\/elektrivastus-xs12r-c\/","og_site_name":"Fonolukk","article_publisher":"https:\/\/www.facebook.com\/fonolukk","article_modified_time":"2024-08-21T14:14:35+00:00","og_image":[{"width":1200,"height":794,"url":"https:\/\/fonolukk.eu\/wp-content\/uploads\/2024\/08\/harte-open-type-xs12r-c.png","type":"image\/png"}],"twitter_card":"summary_large_image","twitter_misc":{"Hind":"","Availability":"Laos"},"schema":{"@context":"https:\/\/schema.org","@graph":[{"@type":"WebPage","@id":"https:\/\/fonolukk.eu\/et\/tooted\/elektrivastus-xs12r-c\/","url":"https:\/\/fonolukk.eu\/et\/tooted\/elektrivastus-xs12r-c\/","name":"Elektrivastus XS12R-C - Fonolukk","isPartOf":{"@id":"https:\/\/fonolukk.eu\/et\/#website"},"primaryImageOfPage":{"@id":"https:\/\/fonolukk.eu\/et\/tooted\/elektrivastus-xs12r-c\/#primaryimage"},"image":{"@id":"https:\/\/fonolukk.eu\/et\/tooted\/elektrivastus-xs12r-c\/#primaryimage"},"thumbnailUrl":"https:\/\/fonolukk.eu\/wp-content\/uploads\/2024\/08\/harte-open-type-xs12r-c.png","datePublished":"2024-08-21T14:03:21+00:00","dateModified":"2024-08-21T14:14:35+00:00","description":"Elektrivastus XS12R-C - Fonolukk","breadcrumb":{"@id":"https:\/\/fonolukk.eu\/et\/tooted\/elektrivastus-xs12r-c\/#breadcrumb"},"inLanguage":"et","potentialAction":[{"@type":"ReadAction","target":["https:\/\/fonolukk.eu\/et\/tooted\/elektrivastus-xs12r-c\/"]}]},{"@type":"ImageObject","inLanguage":"et","@id":"https:\/\/fonolukk.eu\/et\/tooted\/elektrivastus-xs12r-c\/#primaryimage","url":"https:\/\/fonolukk.eu\/wp-content\/uploads\/2024\/08\/harte-open-type-xs12r-c.png","contentUrl":"https:\/\/fonolukk.eu\/wp-content\/uploads\/2024\/08\/harte-open-type-xs12r-c.png","width":1200,"height":794,"caption":"Harte XS12R-C"},{"@type":"BreadcrumbList","@id":"https:\/\/fonolukk.eu\/et\/tooted\/elektrivastus-xs12r-c\/#breadcrumb","itemListElement":[{"@type":"ListItem","position":1,"name":"Esileht","item":"https:\/\/fonolukk.eu\/et\/koduleht\/"},{"@type":"ListItem","position":2,"name":"Tooted","item":"https:\/\/fonolukk.eu\/et\/shop-2\/"},{"@type":"ListItem","position":3,"name":"Elektrivasturaud","item":"https:\/\/fonolukk.eu\/et\/product-category\/elektrivasturaud\/"},{"@type":"ListItem","position":4,"name":"Elektrivastus XS12R-C"}]},{"@type":"WebSite","@id":"https:\/\/fonolukk.eu\/et\/#website","url":"https:\/\/fonolukk.eu\/et\/","name":"Fonolukk eu","description":"Smart Security Systems","publisher":{"@id":"https:\/\/fonolukk.eu\/et\/#organization"},"potentialAction":[{"@type":"SearchAction","target":{"@type":"EntryPoint","urlTemplate":"https:\/\/fonolukk.eu\/et\/?s={search_term_string}"},"query-input":{"@type":"PropertyValueSpecification","valueRequired":true,"valueName":"search_term_string"}}],"inLanguage":"et"},{"@type":"Organization","@id":"https:\/\/fonolukk.eu\/et\/#organization","name":"Smart Security OU","url":"https:\/\/fonolukk.eu\/et\/","logo":{"@type":"ImageObject","inLanguage":"et","@id":"https:\/\/fonolukk.eu\/et\/#\/schema\/logo\/image\/","url":"https:\/\/fonolukk.eu\/wp-content\/uploads\/2023\/09\/fonolukk.png","contentUrl":"https:\/\/fonolukk.eu\/wp-content\/uploads\/2023\/09\/fonolukk.png","width":277,"height":274,"caption":"Smart Security OU"},"image":{"@id":"https:\/\/fonolukk.eu\/et\/#\/schema\/logo\/image\/"},"sameAs":["https:\/\/www.facebook.com\/fonolukk","https:\/\/www.instagram.com\/fonolukk\/?hl=ru"],"publishingPrinciples":"https:\/\/fonolukk.eu\/terms-and-conditions\/","ownershipFundingInfo":"https:\/\/fonolukk.eu\/about-us\/"}]},"product_price_amount":"0.00","product_price_currency":"EUR","og_availability":"instock","product_availability":"instock","product_retailer_item_id":"Electric resistor XS00U-1","product_condition":"new"},"_links":{"self":[{"href":"https:\/\/fonolukk.eu\/et\/wp-json\/wp\/v2\/product\/18070","targetHints":{"allow":["GET"]}}],"collection":[{"href":"https:\/\/fonolukk.eu\/et\/wp-json\/wp\/v2\/product"}],"about":[{"href":"https:\/\/fonolukk.eu\/et\/wp-json\/wp\/v2\/types\/product"}],"version-history":[{"count":1,"href":"https:\/\/fonolukk.eu\/et\/wp-json\/wp\/v2\/product\/18070\/revisions"}],"predecessor-version":[{"id":18080,"href":"https:\/\/fonolukk.eu\/et\/wp-json\/wp\/v2\/product\/18070\/revisions\/18080"}],"wp:featuredmedia":[{"embeddable":true,"href":"https:\/\/fonolukk.eu\/et\/wp-json\/wp\/v2\/media\/18073"}],"wp:attachment":[{"href":"https:\/\/fonolukk.eu\/et\/wp-json\/wp\/v2\/media?parent=18070"}],"wp:term":[{"taxonomy":"product_brand","embeddable":true,"href":"https:\/\/fonolukk.eu\/et\/wp-json\/wp\/v2\/product_brand?post=18070"},{"taxonomy":"product_cat","embeddable":true,"href":"https:\/\/fonolukk.eu\/et\/wp-json\/wp\/v2\/product_cat?post=18070"},{"taxonomy":"product_tag","embeddable":true,"href":"https:\/\/fonolukk.eu\/et\/wp-json\/wp\/v2\/product_tag?post=18070"}],"curies":[{"name":"wp","href":"https:\/\/api.w.org\/{rel}","templated":true}]}}