{"id":18500,"date":"2024-09-03T16:26:08","date_gmt":"2024-09-03T13:26:09","guid":{"rendered":"https:\/\/fonolukk.eu\/?post_type=product&#038;p=18500"},"modified":"2025-01-09T12:43:17","modified_gmt":"2025-01-09T10:43:17","slug":"villa-door-station-oeu-201s-hmk-w","status":"publish","type":"product","link":"https:\/\/fonolukk.eu\/et\/tooted\/villa-door-station-oeu-201s-hmk-w\/","title":{"rendered":"Villa Door Station OEU-201S-HMK-W"},"content":{"rendered":"<div class=\"row\">\n<div class=\"col-md-6 col-sm-6 col-xs-12\">\n<div class=\"description\">\n<table width=\"100%\">\n<tbody>\n<tr>\n<td class=\"thead\" width=\"30%\">Parameeter<\/td>\n<td class=\"thead\" width=\"70%\">Kirjeldus<\/td>\n<\/tr>\n<tr>\n<td>V\u00f5imsus<\/td>\n<td>DC 12V\u00b125% sisend;IEEE802.3af, standardne PoE<\/td>\n<\/tr>\n<tr>\n<td>Kaardi maht<\/td>\n<td>10 000<\/td>\n<\/tr>\n<tr>\n<td>Operatsioonis\u00fcsteem<\/td>\n<td>Linux<\/td>\n<\/tr>\n<tr>\n<td>T\u00e4iendav valgus<\/td>\n<td>IR valgus (adaptiivne infrapuna kompensatsioon)<\/td>\n<\/tr>\n<tr>\n<td>WDR<\/td>\n<td>Toetus<\/td>\n<\/tr>\n<tr>\n<td>FOV<\/td>\n<td>Horisontaalne: 124,3\u00b0<br \/>\nVertikaalne: 67,5\u00b0<br \/>\nDiagonaal: 147,2\u00b0<\/td>\n<\/tr>\n<tr>\n<td>Energiatarve<\/td>\n<td>\uff1c 10W<\/td>\n<\/tr>\n<tr>\n<td>Helitugevuse reguleerimine<\/td>\n<td>Reguleeritav<\/td>\n<\/tr>\n<tr>\n<td>Heli kvaliteet<\/td>\n<td>M\u00fcrasummutus, kajasummutus ja AGC<\/td>\n<\/tr>\n<tr>\n<td>Helisisend<\/td>\n<td>1 sisseehitatud mitmesuunaline mikrofon<\/td>\n<\/tr>\n<tr>\n<td>Heli v\u00e4ljund<\/td>\n<td>1 sisseehitatud k\u00f5lar<\/td>\n<\/tr>\n<tr>\n<td>Heli tihendamise standard<\/td>\n<td>PCM, G711, MP3<\/td>\n<\/tr>\n<tr>\n<td>Heli tihendamise bitikiirus<\/td>\n<td>128Kbps<\/td>\n<\/tr>\n<tr>\n<td>Protokoll<\/td>\n<td>UNV privaatprotokoll<\/td>\n<\/tr>\n<tr>\n<td>Nupp<\/td>\n<td>1 f\u00fc\u00fcsiline nupp<\/td>\n<\/tr>\n<tr>\n<td>Kaitse tase<\/td>\n<td>IP65 (Kanna seadme ja seina vahelisele pilule veekindel liim. T\u00e4psemat infot leiad kiirjuhendist.)<br \/>\nIK08<\/td>\n<\/tr>\n<tr>\n<td>Kaal<\/td>\n<td>Kaal 0,267 kg<\/td>\n<\/tr>\n<tr>\n<td>Seotud sisejaama v\u00f5imsus<\/td>\n<td>20<\/td>\n<\/tr>\n<tr>\n<td>Kinnitusmeetod<\/td>\n<td>Seinale paigaldatav, s\u00fcvistatav<\/td>\n<\/tr>\n<tr>\n<td>Liides<\/td>\n<td>Toide *1, v\u00f5rguport *1, WIFI, RS485, ukseluku liides *2, IO-sisend *4<\/td>\n<\/tr>\n<tr>\n<td>V\u00f5rk<\/td>\n<td>100 Mbps v\u00f5rguport, toetab IEEE802.3af PoE toiteallikat<\/td>\n<\/tr>\n<tr>\n<td>M\u00f5\u00f5dud (P \u00d7 K \u00d7 L)<\/td>\n<td>79mm \u00d7 171mm \u00d7 34mm<\/td>\n<\/tr>\n<tr>\n<td>T\u00f6\u00f6keskkond<\/td>\n<td>\ufe6330\u2103~\ufe6260\u2103,10%\uff5e90%, mittekondenseeruv, v\u00e4listingimustes<\/td>\n<\/tr>\n<\/tbody>\n<\/table>\n<\/div>\n<\/div>\n<\/div>\n","protected":false},"excerpt":{"rendered":"<ul>\n<li><span class=\"VIpgJd-yAWNEb-VIpgJd-fmcmS-sn54Q\">Esipaneel: alumiinium<\/span><\/li>\n<li>Toetab partii konfiguratsiooni<\/li>\n<li>Toetab sisek\u00f5nesid seotud siseseadmetele v\u00f5i rakendustele<\/li>\n<li>Toetage j\u00e4lgimisfunktsiooni, turvaalarm, v\u00f5ltsimish\u00e4ire<\/li>\n<li>Toetage WiFi-\u00fchendust<\/li>\n<li>Sisseehitatud IC-kaardi lugeja<\/li>\n<\/ul>\n[wpdm_package id='18505']\n","protected":false},"featured_media":18503,"template":"","meta":[],"product_brand":[],"product_cat":[891,1632],"product_tag":[],"class_list":{"0":"post-18500","1":"product","2":"type-product","3":"status-publish","4":"has-post-thumbnail","6":"product_cat-fonoluku-komplekt","7":"product_cat-uniview-et","9":"first","10":"instock","11":"taxable","12":"shipping-taxable","13":"purchasable","14":"product-type-simple"},"yoast_head":"<!-- This site is optimized with the Yoast SEO Premium plugin v27.3 (Yoast SEO v27.3) - https:\/\/yoast.com\/product\/yoast-seo-premium-wordpress\/ -->\n<title>Villa Door Station OEU-201S-HMK-W - Fonolukk<\/title>\n<meta name=\"description\" content=\"Villa Door Station OEU-201S-HMK-W - Supports intercom calls to associated indoor units or APPs. Support monitoring function, security alarm, tamper alarm.\" \/>\n<meta name=\"robots\" content=\"index, follow, max-snippet:-1, max-image-preview:large, max-video-preview:-1\" \/>\n<link rel=\"canonical\" href=\"https:\/\/fonolukk.eu\/et\/tooted\/villa-door-station-oeu-201s-hmk-w\/\" \/>\n<meta property=\"og:locale\" content=\"et_EE\" \/>\n<meta property=\"og:type\" content=\"article\" \/>\n<meta property=\"og:title\" content=\"Villa Door Station OEU-201S-HMK-W\" \/>\n<meta property=\"og:description\" content=\"Esipaneel: alumiinium  Toetab partii konfiguratsiooni  Toetab sisek\u00f5nesid seotud siseseadmetele v\u00f5i rakendustele  Toetage j\u00e4lgimisfunktsiooni, turvaalarm, v\u00f5ltsimish\u00e4ire  Toetage WiFi-\u00fchendust  Sisseehitatud IC-kaardi lugeja\" \/>\n<meta property=\"og:url\" content=\"https:\/\/fonolukk.eu\/et\/tooted\/villa-door-station-oeu-201s-hmk-w\/\" \/>\n<meta property=\"og:site_name\" content=\"Fonolukk\" \/>\n<meta property=\"article:publisher\" content=\"https:\/\/www.facebook.com\/fonolukk\" \/>\n<meta property=\"article:modified_time\" content=\"2025-01-09T10:43:17+00:00\" \/>\n<meta property=\"og:image\" content=\"https:\/\/fonolukk.eu\/wp-content\/uploads\/2024\/09\/oeu-201s-hmk-w-villa-door.jpeg\" \/>\n\t<meta property=\"og:image:width\" content=\"510\" \/>\n\t<meta property=\"og:image:height\" content=\"348\" \/>\n\t<meta property=\"og:image:type\" content=\"image\/jpeg\" \/>\n<meta name=\"twitter:card\" content=\"summary_large_image\" \/>\n<meta name=\"twitter:label1\" content=\"Hind\" \/>\n\t<meta name=\"twitter:data1\" content=\"&euro;150.33 koos KM\" \/>\n\t<meta name=\"twitter:label2\" content=\"Availability\" \/>\n\t<meta name=\"twitter:data2\" content=\"Laos\" \/>\n<script type=\"application\/ld+json\" class=\"yoast-schema-graph\">{\"@context\":\"https:\\\/\\\/schema.org\",\"@graph\":[{\"@type\":\"WebPage\",\"@id\":\"https:\\\/\\\/fonolukk.eu\\\/et\\\/tooted\\\/villa-door-station-oeu-201s-hmk-w\\\/\",\"url\":\"https:\\\/\\\/fonolukk.eu\\\/et\\\/tooted\\\/villa-door-station-oeu-201s-hmk-w\\\/\",\"name\":\"Villa Door Station OEU-201S-HMK-W - Fonolukk\",\"isPartOf\":{\"@id\":\"https:\\\/\\\/fonolukk.eu\\\/et\\\/#website\"},\"primaryImageOfPage\":{\"@id\":\"https:\\\/\\\/fonolukk.eu\\\/et\\\/tooted\\\/villa-door-station-oeu-201s-hmk-w\\\/#primaryimage\"},\"image\":{\"@id\":\"https:\\\/\\\/fonolukk.eu\\\/et\\\/tooted\\\/villa-door-station-oeu-201s-hmk-w\\\/#primaryimage\"},\"thumbnailUrl\":\"https:\\\/\\\/fonolukk.eu\\\/wp-content\\\/uploads\\\/2024\\\/09\\\/oeu-201s-hmk-w-villa-door.jpeg\",\"datePublished\":\"2024-09-03T13:26:09+00:00\",\"dateModified\":\"2025-01-09T10:43:17+00:00\",\"description\":\"Villa Door Station OEU-201S-HMK-W - Supports intercom calls to associated indoor units or APPs. Support monitoring function, security alarm, tamper alarm.\",\"breadcrumb\":{\"@id\":\"https:\\\/\\\/fonolukk.eu\\\/et\\\/tooted\\\/villa-door-station-oeu-201s-hmk-w\\\/#breadcrumb\"},\"inLanguage\":\"et\",\"potentialAction\":[{\"@type\":\"ReadAction\",\"target\":[\"https:\\\/\\\/fonolukk.eu\\\/et\\\/tooted\\\/villa-door-station-oeu-201s-hmk-w\\\/\"]}]},{\"@type\":\"ImageObject\",\"inLanguage\":\"et\",\"@id\":\"https:\\\/\\\/fonolukk.eu\\\/et\\\/tooted\\\/villa-door-station-oeu-201s-hmk-w\\\/#primaryimage\",\"url\":\"https:\\\/\\\/fonolukk.eu\\\/wp-content\\\/uploads\\\/2024\\\/09\\\/oeu-201s-hmk-w-villa-door.jpeg\",\"contentUrl\":\"https:\\\/\\\/fonolukk.eu\\\/wp-content\\\/uploads\\\/2024\\\/09\\\/oeu-201s-hmk-w-villa-door.jpeg\",\"width\":510,\"height\":348},{\"@type\":\"BreadcrumbList\",\"@id\":\"https:\\\/\\\/fonolukk.eu\\\/et\\\/tooted\\\/villa-door-station-oeu-201s-hmk-w\\\/#breadcrumb\",\"itemListElement\":[{\"@type\":\"ListItem\",\"position\":1,\"name\":\"Esileht\",\"item\":\"https:\\\/\\\/fonolukk.eu\\\/et\\\/koduleht\\\/\"},{\"@type\":\"ListItem\",\"position\":2,\"name\":\"Tooted\",\"item\":\"https:\\\/\\\/fonolukk.eu\\\/et\\\/shop-2\\\/\"},{\"@type\":\"ListItem\",\"position\":3,\"name\":\"Fonoluku komplektid\",\"item\":\"https:\\\/\\\/fonolukk.eu\\\/et\\\/product-category\\\/fonoluku-komplekt\\\/\"},{\"@type\":\"ListItem\",\"position\":4,\"name\":\"Villa Door Station OEU-201S-HMK-W\"}]},{\"@type\":\"WebSite\",\"@id\":\"https:\\\/\\\/fonolukk.eu\\\/et\\\/#website\",\"url\":\"https:\\\/\\\/fonolukk.eu\\\/et\\\/\",\"name\":\"Fonolukk eu\",\"description\":\"Smart Security Systems\",\"publisher\":{\"@id\":\"https:\\\/\\\/fonolukk.eu\\\/et\\\/#organization\"},\"potentialAction\":[{\"@type\":\"SearchAction\",\"target\":{\"@type\":\"EntryPoint\",\"urlTemplate\":\"https:\\\/\\\/fonolukk.eu\\\/et\\\/?s={search_term_string}\"},\"query-input\":{\"@type\":\"PropertyValueSpecification\",\"valueRequired\":true,\"valueName\":\"search_term_string\"}}],\"inLanguage\":\"et\"},{\"@type\":\"Organization\",\"@id\":\"https:\\\/\\\/fonolukk.eu\\\/et\\\/#organization\",\"name\":\"Smart Security OU\",\"url\":\"https:\\\/\\\/fonolukk.eu\\\/et\\\/\",\"logo\":{\"@type\":\"ImageObject\",\"inLanguage\":\"et\",\"@id\":\"https:\\\/\\\/fonolukk.eu\\\/et\\\/#\\\/schema\\\/logo\\\/image\\\/\",\"url\":\"https:\\\/\\\/fonolukk.eu\\\/wp-content\\\/uploads\\\/2023\\\/09\\\/fonolukk.png\",\"contentUrl\":\"https:\\\/\\\/fonolukk.eu\\\/wp-content\\\/uploads\\\/2023\\\/09\\\/fonolukk.png\",\"width\":277,\"height\":274,\"caption\":\"Smart Security OU\"},\"image\":{\"@id\":\"https:\\\/\\\/fonolukk.eu\\\/et\\\/#\\\/schema\\\/logo\\\/image\\\/\"},\"sameAs\":[\"https:\\\/\\\/www.facebook.com\\\/fonolukk\",\"https:\\\/\\\/www.instagram.com\\\/fonolukk\\\/?hl=ru\"],\"publishingPrinciples\":\"https:\\\/\\\/fonolukk.eu\\\/terms-and-conditions\\\/\",\"ownershipFundingInfo\":\"https:\\\/\\\/fonolukk.eu\\\/about-us\\\/\"}]}<\/script>\n<meta property=\"product:price:amount\" content=\"150.33\" \/>\n<meta property=\"product:price:currency\" content=\"EUR\" \/>\n<meta property=\"og:availability\" content=\"instock\" \/>\n<meta property=\"product:availability\" content=\"instock\" \/>\n<meta property=\"product:retailer_item_id\" content=\"OEU-201S-HMK-W\" \/>\n<meta property=\"product:condition\" content=\"new\" \/>\n<!-- \/ Yoast SEO Premium plugin. -->","yoast_head_json":{"title":"Villa Door Station OEU-201S-HMK-W - Fonolukk","description":"Villa Door Station OEU-201S-HMK-W - Supports intercom calls to associated indoor units or APPs. Support monitoring function, security alarm, tamper alarm.","robots":{"index":"index","follow":"follow","max-snippet":"max-snippet:-1","max-image-preview":"max-image-preview:large","max-video-preview":"max-video-preview:-1"},"canonical":"https:\/\/fonolukk.eu\/et\/tooted\/villa-door-station-oeu-201s-hmk-w\/","og_locale":"et_EE","og_type":"article","og_title":"Villa Door Station OEU-201S-HMK-W","og_description":"Esipaneel: alumiinium  Toetab partii konfiguratsiooni  Toetab sisek\u00f5nesid seotud siseseadmetele v\u00f5i rakendustele  Toetage j\u00e4lgimisfunktsiooni, turvaalarm, v\u00f5ltsimish\u00e4ire  Toetage WiFi-\u00fchendust  Sisseehitatud IC-kaardi lugeja","og_url":"https:\/\/fonolukk.eu\/et\/tooted\/villa-door-station-oeu-201s-hmk-w\/","og_site_name":"Fonolukk","article_publisher":"https:\/\/www.facebook.com\/fonolukk","article_modified_time":"2025-01-09T10:43:17+00:00","og_image":[{"width":510,"height":348,"url":"https:\/\/fonolukk.eu\/wp-content\/uploads\/2024\/09\/oeu-201s-hmk-w-villa-door.jpeg","type":"image\/jpeg"}],"twitter_card":"summary_large_image","twitter_misc":{"Hind":"&euro;150.33 koos KM","Availability":"Laos"},"schema":{"@context":"https:\/\/schema.org","@graph":[{"@type":"WebPage","@id":"https:\/\/fonolukk.eu\/et\/tooted\/villa-door-station-oeu-201s-hmk-w\/","url":"https:\/\/fonolukk.eu\/et\/tooted\/villa-door-station-oeu-201s-hmk-w\/","name":"Villa Door Station OEU-201S-HMK-W - Fonolukk","isPartOf":{"@id":"https:\/\/fonolukk.eu\/et\/#website"},"primaryImageOfPage":{"@id":"https:\/\/fonolukk.eu\/et\/tooted\/villa-door-station-oeu-201s-hmk-w\/#primaryimage"},"image":{"@id":"https:\/\/fonolukk.eu\/et\/tooted\/villa-door-station-oeu-201s-hmk-w\/#primaryimage"},"thumbnailUrl":"https:\/\/fonolukk.eu\/wp-content\/uploads\/2024\/09\/oeu-201s-hmk-w-villa-door.jpeg","datePublished":"2024-09-03T13:26:09+00:00","dateModified":"2025-01-09T10:43:17+00:00","description":"Villa Door Station OEU-201S-HMK-W - Supports intercom calls to associated indoor units or APPs. Support monitoring function, security alarm, tamper alarm.","breadcrumb":{"@id":"https:\/\/fonolukk.eu\/et\/tooted\/villa-door-station-oeu-201s-hmk-w\/#breadcrumb"},"inLanguage":"et","potentialAction":[{"@type":"ReadAction","target":["https:\/\/fonolukk.eu\/et\/tooted\/villa-door-station-oeu-201s-hmk-w\/"]}]},{"@type":"ImageObject","inLanguage":"et","@id":"https:\/\/fonolukk.eu\/et\/tooted\/villa-door-station-oeu-201s-hmk-w\/#primaryimage","url":"https:\/\/fonolukk.eu\/wp-content\/uploads\/2024\/09\/oeu-201s-hmk-w-villa-door.jpeg","contentUrl":"https:\/\/fonolukk.eu\/wp-content\/uploads\/2024\/09\/oeu-201s-hmk-w-villa-door.jpeg","width":510,"height":348},{"@type":"BreadcrumbList","@id":"https:\/\/fonolukk.eu\/et\/tooted\/villa-door-station-oeu-201s-hmk-w\/#breadcrumb","itemListElement":[{"@type":"ListItem","position":1,"name":"Esileht","item":"https:\/\/fonolukk.eu\/et\/koduleht\/"},{"@type":"ListItem","position":2,"name":"Tooted","item":"https:\/\/fonolukk.eu\/et\/shop-2\/"},{"@type":"ListItem","position":3,"name":"Fonoluku komplektid","item":"https:\/\/fonolukk.eu\/et\/product-category\/fonoluku-komplekt\/"},{"@type":"ListItem","position":4,"name":"Villa Door Station OEU-201S-HMK-W"}]},{"@type":"WebSite","@id":"https:\/\/fonolukk.eu\/et\/#website","url":"https:\/\/fonolukk.eu\/et\/","name":"Fonolukk eu","description":"Smart Security Systems","publisher":{"@id":"https:\/\/fonolukk.eu\/et\/#organization"},"potentialAction":[{"@type":"SearchAction","target":{"@type":"EntryPoint","urlTemplate":"https:\/\/fonolukk.eu\/et\/?s={search_term_string}"},"query-input":{"@type":"PropertyValueSpecification","valueRequired":true,"valueName":"search_term_string"}}],"inLanguage":"et"},{"@type":"Organization","@id":"https:\/\/fonolukk.eu\/et\/#organization","name":"Smart Security OU","url":"https:\/\/fonolukk.eu\/et\/","logo":{"@type":"ImageObject","inLanguage":"et","@id":"https:\/\/fonolukk.eu\/et\/#\/schema\/logo\/image\/","url":"https:\/\/fonolukk.eu\/wp-content\/uploads\/2023\/09\/fonolukk.png","contentUrl":"https:\/\/fonolukk.eu\/wp-content\/uploads\/2023\/09\/fonolukk.png","width":277,"height":274,"caption":"Smart Security OU"},"image":{"@id":"https:\/\/fonolukk.eu\/et\/#\/schema\/logo\/image\/"},"sameAs":["https:\/\/www.facebook.com\/fonolukk","https:\/\/www.instagram.com\/fonolukk\/?hl=ru"],"publishingPrinciples":"https:\/\/fonolukk.eu\/terms-and-conditions\/","ownershipFundingInfo":"https:\/\/fonolukk.eu\/about-us\/"}]},"product_price_amount":"150.33","product_price_currency":"EUR","og_availability":"instock","product_availability":"instock","product_retailer_item_id":"OEU-201S-HMK-W","product_condition":"new"},"_links":{"self":[{"href":"https:\/\/fonolukk.eu\/et\/wp-json\/wp\/v2\/product\/18500","targetHints":{"allow":["GET"]}}],"collection":[{"href":"https:\/\/fonolukk.eu\/et\/wp-json\/wp\/v2\/product"}],"about":[{"href":"https:\/\/fonolukk.eu\/et\/wp-json\/wp\/v2\/types\/product"}],"version-history":[{"count":3,"href":"https:\/\/fonolukk.eu\/et\/wp-json\/wp\/v2\/product\/18500\/revisions"}],"predecessor-version":[{"id":19535,"href":"https:\/\/fonolukk.eu\/et\/wp-json\/wp\/v2\/product\/18500\/revisions\/19535"}],"wp:featuredmedia":[{"embeddable":true,"href":"https:\/\/fonolukk.eu\/et\/wp-json\/wp\/v2\/media\/18503"}],"wp:attachment":[{"href":"https:\/\/fonolukk.eu\/et\/wp-json\/wp\/v2\/media?parent=18500"}],"wp:term":[{"taxonomy":"product_brand","embeddable":true,"href":"https:\/\/fonolukk.eu\/et\/wp-json\/wp\/v2\/product_brand?post=18500"},{"taxonomy":"product_cat","embeddable":true,"href":"https:\/\/fonolukk.eu\/et\/wp-json\/wp\/v2\/product_cat?post=18500"},{"taxonomy":"product_tag","embeddable":true,"href":"https:\/\/fonolukk.eu\/et\/wp-json\/wp\/v2\/product_tag?post=18500"}],"curies":[{"name":"wp","href":"https:\/\/api.w.org\/{rel}","templated":true}]}}