{"id":18615,"date":"2024-09-09T08:13:37","date_gmt":"2024-09-09T05:13:38","guid":{"rendered":"https:\/\/fonolukk.eu\/?post_type=product&#038;p=18615"},"modified":"2025-01-09T12:45:14","modified_gmt":"2025-01-09T10:45:14","slug":"villa-apartment-door-station-oeu-301s-hmka","status":"publish","type":"product","link":"https:\/\/fonolukk.eu\/et\/tooted\/villa-apartment-door-station-oeu-301s-hmka\/","title":{"rendered":"Villa Apartment Door Station OEU-301S-HMKA"},"content":{"rendered":"<table width=\"100%\">\n<tbody>\n<tr>\n<td class=\"thead\" width=\"30%\">Parameeter<\/td>\n<td class=\"thead\" width=\"70%\">Kirjeldus<\/td>\n<\/tr>\n<tr>\n<td>Toiteallikas<\/td>\n<td>DC12V \u00b125%, IEEE802.3af PoE toiteallikas<\/td>\n<\/tr>\n<tr>\n<td>Kaardi maht<\/td>\n<td>10 000<\/td>\n<\/tr>\n<tr>\n<td>Operatsioonis\u00fcsteem<\/td>\n<td>Linux<\/td>\n<\/tr>\n<tr>\n<td>Valgustaja<\/td>\n<td>IR valgus (adaptiivne)<\/td>\n<\/tr>\n<tr>\n<td>WDR<\/td>\n<td>Toetus<\/td>\n<\/tr>\n<tr>\n<td>FOV<\/td>\n<td>Horisontaalne: 106,9\u00b0<br \/>\nVertikaalne: 56,9\u00b0<br \/>\nDiagonaal: 127,9\u00b0<\/td>\n<\/tr>\n<tr>\n<td>Energiatarve<\/td>\n<td>PoE: 10,73 W<br \/>\nDC12 V: 8,62 W<\/td>\n<\/tr>\n<tr>\n<td>Helitugevuse reguleerimine<\/td>\n<td>Toetus<\/td>\n<\/tr>\n<tr>\n<td>Heli kvaliteet<\/td>\n<td>M\u00fcrasummutus, kajasummutus, AGC<\/td>\n<\/tr>\n<tr>\n<td>Helisisend<\/td>\n<td>1 x sisseehitatud mitmesuunaline mikrofon<\/td>\n<\/tr>\n<tr>\n<td>Heli v\u00e4ljund<\/td>\n<td>1 x sisseehitatud k\u00f5lar<\/td>\n<\/tr>\n<tr>\n<td>Heli tihendamise formaat<\/td>\n<td>PCM, G711, MP3<\/td>\n<\/tr>\n<tr>\n<td>Heli tihendamise bitikiirus<\/td>\n<td>128Kbps<\/td>\n<\/tr>\n<tr>\n<td>Protokoll<\/td>\n<td>Privaatne protokoll<\/td>\n<\/tr>\n<tr>\n<td>Ekraani suurus<\/td>\n<td>3,97 tolli<\/td>\n<\/tr>\n<tr>\n<td>Nupp<\/td>\n<td>15 punktkirjaga nuppu<br \/>\nNuppude paigutus:<br \/>\n1. rida: 1\/2\/3<br \/>\n2. rida: 4\/5\/6<br \/>\n3. rida: 7\/8\/9.<br \/>\n4. rida: *\/0\/#<br \/>\n5. rida: halduskeskus\/helista\/t\u00fchista<\/td>\n<\/tr>\n<tr>\n<td>Kaitse tase<\/td>\n<td>IP65 (Kanna seadme ja seina vahele veekindel liim. T\u00e4psemalt vaata vastavast kiirjuhendist)<br \/>\nIK08<\/td>\n<\/tr>\n<tr>\n<td>Kaal<\/td>\n<td>2,10 kg<\/td>\n<\/tr>\n<tr>\n<td>Maksimaalne \u00fchendatud sisejaam<\/td>\n<td>500<\/td>\n<\/tr>\n<tr>\n<td>Kinnitusmeetod<\/td>\n<td>Seinakinnitus<\/td>\n<\/tr>\n<tr>\n<td>Liides<\/td>\n<td>Toide*1, v\u00f5rguport*1, RS485*1, IO-sisend*4, IO-v\u00e4ljund*2, ukselukk*2 (elektriline lukk\/uksemagnet), ukseavamise nupp*2, uksemagnet*2, tamper-nupp*1<\/td>\n<\/tr>\n<tr>\n<td>V\u00f5rk<\/td>\n<td>100 Mbps v\u00f5rguport, toetab IEEE802.3af PoE toiteallikat<\/td>\n<\/tr>\n<tr>\n<td>M\u00f5\u00f5dud (P \u00d7 K \u00d7 L)<\/td>\n<td>125mm * 358mm * 53mm<\/td>\n<\/tr>\n<tr>\n<td>T\u00f6\u00f6keskkond<\/td>\n<td>-40\u00b0C kuni 60\u00b0C, 10% kuni 90%, mittekondenseeruv, v\u00e4listingimustes<\/td>\n<\/tr>\n<\/tbody>\n<\/table>\n<div class='w3eden'><!-- WPDM Link Template: Default Template -->\n\n<div class=\"link-template-default card mb-2\">\n    <div class=\"card-body\">\n        <div class=\"media\">\n            <div class=\"mr-3 img-48\"><img decoding=\"async\" class=\"wpdm_icon\" alt=\"Icon\"   src=\"https:\/\/fonolukk.eu\/wp-content\/plugins\/download-manager\/assets\/file-type-icons\/pdf.svg\" \/><\/div>\n            <div class=\"media-body\">\n                <h3 class=\"package-title\"><a href='https:\/\/fonolukk.eu\/download\/datasheet-oeu-301s-hmka\/'>Datasheet OEU-301S-HMKA<\/a><\/h3>\n                <div class=\"text-muted text-small\"><i class=\"fas fa-copy\"><\/i> 1 file(s) <i class=\"fas fa-hdd ml-3\"><\/i> 620.64 KB<\/div>\n            <\/div>\n            <div class=\"ml-3\">\n                <a class='wpdm-download-link download-on-click btn btn-primary ' rel='nofollow' href='#' data-downloadurl=\"https:\/\/fonolukk.eu\/download\/datasheet-oeu-301s-hmka\/?wpdmdl=18623&refresh=69d5f6bf814ca1775630015\">Lae<\/a>\n            <\/div>\n        <\/div>\n    <\/div>\n<\/div>\n\n<\/div>\n","protected":false},"excerpt":{"rendered":"<ul>\n<li>Tarnitakse s\u00fcvenduskarbiga s\u00fcviskinnituseks.<\/li>\n<li>Sisseehitatud k\u00fcttemoodul toetab t\u00f6\u00f6tamist v\u00e4ga madalal temperatuuril.<\/li>\n<li>Metallist korpus.<\/li>\n<li>Toetab partii konfiguratsiooni.<\/li>\n<li>Toetab \u00fchendatud sisejaamade ja rakendustega k\u00f5nesid ja sisek\u00f5nesid.<\/li>\n<li>Toetab videoseiret, turvaalarm ja v\u00f5ltsimish\u00e4ire.<\/li>\n<li>Sisseehitatud IC-kaardi lugeja.<\/li>\n<\/ul>\n","protected":false},"featured_media":18620,"template":"","meta":[],"product_brand":[],"product_cat":[606],"product_tag":[],"class_list":{"0":"post-18615","1":"product","2":"type-product","3":"status-publish","4":"has-post-thumbnail","6":"product_cat-fonolukud","8":"first","9":"instock","10":"taxable","11":"shipping-taxable","12":"product-type-simple"},"yoast_head":"<!-- This site is optimized with the Yoast SEO Premium plugin v27.3 (Yoast SEO v27.3) - https:\/\/yoast.com\/product\/yoast-seo-premium-wordpress\/ -->\n<title>Villa Apartment Door Station OEU-301S-HMKA - Fonolukk<\/title>\n<meta name=\"description\" content=\"The KIT\/201S\/372S supports WiFi and has a built-in IC Card Reader. In addition, the unit supports two way talk with a built in Mic and Speaker.\" \/>\n<meta name=\"robots\" content=\"index, follow, max-snippet:-1, max-image-preview:large, max-video-preview:-1\" \/>\n<link rel=\"canonical\" href=\"https:\/\/fonolukk.eu\/et\/tooted\/villa-apartment-door-station-oeu-301s-hmka\/\" \/>\n<meta property=\"og:locale\" content=\"et_EE\" \/>\n<meta property=\"og:type\" content=\"article\" \/>\n<meta property=\"og:title\" content=\"Villa Apartment Door Station OEU-301S-HMKA\" \/>\n<meta property=\"og:description\" content=\"Tarnitakse s\u00fcvenduskarbiga s\u00fcviskinnituseks.  Sisseehitatud k\u00fcttemoodul toetab t\u00f6\u00f6tamist v\u00e4ga madalal temperatuuril.  Metallist korpus.  Toetab partii konfiguratsiooni.  Toetab \u00fchendatud sisejaamade ja rakendustega k\u00f5nesid ja sisek\u00f5nesid.  Toetab videoseiret, turvaalarm ja v\u00f5ltsimish\u00e4ire.  Sisseehitatud IC-kaardi lugeja.\" \/>\n<meta property=\"og:url\" content=\"https:\/\/fonolukk.eu\/et\/tooted\/villa-apartment-door-station-oeu-301s-hmka\/\" \/>\n<meta property=\"og:site_name\" content=\"Fonolukk\" \/>\n<meta property=\"article:publisher\" content=\"https:\/\/www.facebook.com\/fonolukk\" \/>\n<meta property=\"article:modified_time\" content=\"2025-01-09T10:45:14+00:00\" \/>\n<meta property=\"og:image\" content=\"https:\/\/fonolukk.eu\/wp-content\/uploads\/2024\/09\/uniview_oeu_301s_hmka-fonolukk.jpg\" \/>\n\t<meta property=\"og:image:width\" content=\"1800\" \/>\n\t<meta property=\"og:image:height\" content=\"1801\" \/>\n\t<meta property=\"og:image:type\" content=\"image\/jpeg\" \/>\n<meta name=\"twitter:card\" content=\"summary_large_image\" \/>\n<meta name=\"twitter:label1\" content=\"Hind\" \/>\n\t<meta name=\"twitter:data1\" content=\"\" \/>\n\t<meta name=\"twitter:label2\" content=\"Availability\" \/>\n\t<meta name=\"twitter:data2\" content=\"Laos\" \/>\n<script type=\"application\/ld+json\" class=\"yoast-schema-graph\">{\"@context\":\"https:\\\/\\\/schema.org\",\"@graph\":[{\"@type\":\"WebPage\",\"@id\":\"https:\\\/\\\/fonolukk.eu\\\/et\\\/tooted\\\/villa-apartment-door-station-oeu-301s-hmka\\\/\",\"url\":\"https:\\\/\\\/fonolukk.eu\\\/et\\\/tooted\\\/villa-apartment-door-station-oeu-301s-hmka\\\/\",\"name\":\"Villa Apartment Door Station OEU-301S-HMKA - Fonolukk\",\"isPartOf\":{\"@id\":\"https:\\\/\\\/fonolukk.eu\\\/et\\\/#website\"},\"primaryImageOfPage\":{\"@id\":\"https:\\\/\\\/fonolukk.eu\\\/et\\\/tooted\\\/villa-apartment-door-station-oeu-301s-hmka\\\/#primaryimage\"},\"image\":{\"@id\":\"https:\\\/\\\/fonolukk.eu\\\/et\\\/tooted\\\/villa-apartment-door-station-oeu-301s-hmka\\\/#primaryimage\"},\"thumbnailUrl\":\"https:\\\/\\\/fonolukk.eu\\\/wp-content\\\/uploads\\\/2024\\\/09\\\/uniview_oeu_301s_hmka-fonolukk.jpg\",\"datePublished\":\"2024-09-09T05:13:38+00:00\",\"dateModified\":\"2025-01-09T10:45:14+00:00\",\"description\":\"The KIT\\\/201S\\\/372S supports WiFi and has a built-in IC Card Reader. In addition, the unit supports two way talk with a built in Mic and Speaker.\",\"breadcrumb\":{\"@id\":\"https:\\\/\\\/fonolukk.eu\\\/et\\\/tooted\\\/villa-apartment-door-station-oeu-301s-hmka\\\/#breadcrumb\"},\"inLanguage\":\"et\",\"potentialAction\":[{\"@type\":\"ReadAction\",\"target\":[\"https:\\\/\\\/fonolukk.eu\\\/et\\\/tooted\\\/villa-apartment-door-station-oeu-301s-hmka\\\/\"]}]},{\"@type\":\"ImageObject\",\"inLanguage\":\"et\",\"@id\":\"https:\\\/\\\/fonolukk.eu\\\/et\\\/tooted\\\/villa-apartment-door-station-oeu-301s-hmka\\\/#primaryimage\",\"url\":\"https:\\\/\\\/fonolukk.eu\\\/wp-content\\\/uploads\\\/2024\\\/09\\\/uniview_oeu_301s_hmka-fonolukk.jpg\",\"contentUrl\":\"https:\\\/\\\/fonolukk.eu\\\/wp-content\\\/uploads\\\/2024\\\/09\\\/uniview_oeu_301s_hmka-fonolukk.jpg\",\"width\":1800,\"height\":1801,\"caption\":\"uniview\"},{\"@type\":\"BreadcrumbList\",\"@id\":\"https:\\\/\\\/fonolukk.eu\\\/et\\\/tooted\\\/villa-apartment-door-station-oeu-301s-hmka\\\/#breadcrumb\",\"itemListElement\":[{\"@type\":\"ListItem\",\"position\":1,\"name\":\"Esileht\",\"item\":\"https:\\\/\\\/fonolukk.eu\\\/et\\\/koduleht\\\/\"},{\"@type\":\"ListItem\",\"position\":2,\"name\":\"Tooted\",\"item\":\"https:\\\/\\\/fonolukk.eu\\\/et\\\/shop-2\\\/\"},{\"@type\":\"ListItem\",\"position\":3,\"name\":\"Fonolukud\",\"item\":\"https:\\\/\\\/fonolukk.eu\\\/et\\\/product-category\\\/fonolukud\\\/\"},{\"@type\":\"ListItem\",\"position\":4,\"name\":\"Villa Apartment Door Station OEU-301S-HMKA\"}]},{\"@type\":\"WebSite\",\"@id\":\"https:\\\/\\\/fonolukk.eu\\\/et\\\/#website\",\"url\":\"https:\\\/\\\/fonolukk.eu\\\/et\\\/\",\"name\":\"Fonolukk eu\",\"description\":\"Smart Security Systems\",\"publisher\":{\"@id\":\"https:\\\/\\\/fonolukk.eu\\\/et\\\/#organization\"},\"potentialAction\":[{\"@type\":\"SearchAction\",\"target\":{\"@type\":\"EntryPoint\",\"urlTemplate\":\"https:\\\/\\\/fonolukk.eu\\\/et\\\/?s={search_term_string}\"},\"query-input\":{\"@type\":\"PropertyValueSpecification\",\"valueRequired\":true,\"valueName\":\"search_term_string\"}}],\"inLanguage\":\"et\"},{\"@type\":\"Organization\",\"@id\":\"https:\\\/\\\/fonolukk.eu\\\/et\\\/#organization\",\"name\":\"Smart Security OU\",\"url\":\"https:\\\/\\\/fonolukk.eu\\\/et\\\/\",\"logo\":{\"@type\":\"ImageObject\",\"inLanguage\":\"et\",\"@id\":\"https:\\\/\\\/fonolukk.eu\\\/et\\\/#\\\/schema\\\/logo\\\/image\\\/\",\"url\":\"https:\\\/\\\/fonolukk.eu\\\/wp-content\\\/uploads\\\/2023\\\/09\\\/fonolukk.png\",\"contentUrl\":\"https:\\\/\\\/fonolukk.eu\\\/wp-content\\\/uploads\\\/2023\\\/09\\\/fonolukk.png\",\"width\":277,\"height\":274,\"caption\":\"Smart Security OU\"},\"image\":{\"@id\":\"https:\\\/\\\/fonolukk.eu\\\/et\\\/#\\\/schema\\\/logo\\\/image\\\/\"},\"sameAs\":[\"https:\\\/\\\/www.facebook.com\\\/fonolukk\",\"https:\\\/\\\/www.instagram.com\\\/fonolukk\\\/?hl=ru\"],\"publishingPrinciples\":\"https:\\\/\\\/fonolukk.eu\\\/terms-and-conditions\\\/\",\"ownershipFundingInfo\":\"https:\\\/\\\/fonolukk.eu\\\/about-us\\\/\"}]}<\/script>\n<meta property=\"product:price:amount\" content=\"0.00\" \/>\n<meta property=\"product:price:currency\" content=\"EUR\" \/>\n<meta property=\"og:availability\" content=\"instock\" \/>\n<meta property=\"product:availability\" content=\"instock\" \/>\n<meta property=\"product:retailer_item_id\" content=\"OEU-301S-HMKA\" \/>\n<meta property=\"product:condition\" content=\"new\" \/>\n<!-- \/ Yoast SEO Premium plugin. -->","yoast_head_json":{"title":"Villa Apartment Door Station OEU-301S-HMKA - Fonolukk","description":"The KIT\/201S\/372S supports WiFi and has a built-in IC Card Reader. In addition, the unit supports two way talk with a built in Mic and Speaker.","robots":{"index":"index","follow":"follow","max-snippet":"max-snippet:-1","max-image-preview":"max-image-preview:large","max-video-preview":"max-video-preview:-1"},"canonical":"https:\/\/fonolukk.eu\/et\/tooted\/villa-apartment-door-station-oeu-301s-hmka\/","og_locale":"et_EE","og_type":"article","og_title":"Villa Apartment Door Station OEU-301S-HMKA","og_description":"Tarnitakse s\u00fcvenduskarbiga s\u00fcviskinnituseks.  Sisseehitatud k\u00fcttemoodul toetab t\u00f6\u00f6tamist v\u00e4ga madalal temperatuuril.  Metallist korpus.  Toetab partii konfiguratsiooni.  Toetab \u00fchendatud sisejaamade ja rakendustega k\u00f5nesid ja sisek\u00f5nesid.  Toetab videoseiret, turvaalarm ja v\u00f5ltsimish\u00e4ire.  Sisseehitatud IC-kaardi lugeja.","og_url":"https:\/\/fonolukk.eu\/et\/tooted\/villa-apartment-door-station-oeu-301s-hmka\/","og_site_name":"Fonolukk","article_publisher":"https:\/\/www.facebook.com\/fonolukk","article_modified_time":"2025-01-09T10:45:14+00:00","og_image":[{"width":1800,"height":1801,"url":"https:\/\/fonolukk.eu\/wp-content\/uploads\/2024\/09\/uniview_oeu_301s_hmka-fonolukk.jpg","type":"image\/jpeg"}],"twitter_card":"summary_large_image","twitter_misc":{"Hind":"","Availability":"Laos"},"schema":{"@context":"https:\/\/schema.org","@graph":[{"@type":"WebPage","@id":"https:\/\/fonolukk.eu\/et\/tooted\/villa-apartment-door-station-oeu-301s-hmka\/","url":"https:\/\/fonolukk.eu\/et\/tooted\/villa-apartment-door-station-oeu-301s-hmka\/","name":"Villa Apartment Door Station OEU-301S-HMKA - Fonolukk","isPartOf":{"@id":"https:\/\/fonolukk.eu\/et\/#website"},"primaryImageOfPage":{"@id":"https:\/\/fonolukk.eu\/et\/tooted\/villa-apartment-door-station-oeu-301s-hmka\/#primaryimage"},"image":{"@id":"https:\/\/fonolukk.eu\/et\/tooted\/villa-apartment-door-station-oeu-301s-hmka\/#primaryimage"},"thumbnailUrl":"https:\/\/fonolukk.eu\/wp-content\/uploads\/2024\/09\/uniview_oeu_301s_hmka-fonolukk.jpg","datePublished":"2024-09-09T05:13:38+00:00","dateModified":"2025-01-09T10:45:14+00:00","description":"The KIT\/201S\/372S supports WiFi and has a built-in IC Card Reader. In addition, the unit supports two way talk with a built in Mic and Speaker.","breadcrumb":{"@id":"https:\/\/fonolukk.eu\/et\/tooted\/villa-apartment-door-station-oeu-301s-hmka\/#breadcrumb"},"inLanguage":"et","potentialAction":[{"@type":"ReadAction","target":["https:\/\/fonolukk.eu\/et\/tooted\/villa-apartment-door-station-oeu-301s-hmka\/"]}]},{"@type":"ImageObject","inLanguage":"et","@id":"https:\/\/fonolukk.eu\/et\/tooted\/villa-apartment-door-station-oeu-301s-hmka\/#primaryimage","url":"https:\/\/fonolukk.eu\/wp-content\/uploads\/2024\/09\/uniview_oeu_301s_hmka-fonolukk.jpg","contentUrl":"https:\/\/fonolukk.eu\/wp-content\/uploads\/2024\/09\/uniview_oeu_301s_hmka-fonolukk.jpg","width":1800,"height":1801,"caption":"uniview"},{"@type":"BreadcrumbList","@id":"https:\/\/fonolukk.eu\/et\/tooted\/villa-apartment-door-station-oeu-301s-hmka\/#breadcrumb","itemListElement":[{"@type":"ListItem","position":1,"name":"Esileht","item":"https:\/\/fonolukk.eu\/et\/koduleht\/"},{"@type":"ListItem","position":2,"name":"Tooted","item":"https:\/\/fonolukk.eu\/et\/shop-2\/"},{"@type":"ListItem","position":3,"name":"Fonolukud","item":"https:\/\/fonolukk.eu\/et\/product-category\/fonolukud\/"},{"@type":"ListItem","position":4,"name":"Villa Apartment Door Station OEU-301S-HMKA"}]},{"@type":"WebSite","@id":"https:\/\/fonolukk.eu\/et\/#website","url":"https:\/\/fonolukk.eu\/et\/","name":"Fonolukk eu","description":"Smart Security Systems","publisher":{"@id":"https:\/\/fonolukk.eu\/et\/#organization"},"potentialAction":[{"@type":"SearchAction","target":{"@type":"EntryPoint","urlTemplate":"https:\/\/fonolukk.eu\/et\/?s={search_term_string}"},"query-input":{"@type":"PropertyValueSpecification","valueRequired":true,"valueName":"search_term_string"}}],"inLanguage":"et"},{"@type":"Organization","@id":"https:\/\/fonolukk.eu\/et\/#organization","name":"Smart Security OU","url":"https:\/\/fonolukk.eu\/et\/","logo":{"@type":"ImageObject","inLanguage":"et","@id":"https:\/\/fonolukk.eu\/et\/#\/schema\/logo\/image\/","url":"https:\/\/fonolukk.eu\/wp-content\/uploads\/2023\/09\/fonolukk.png","contentUrl":"https:\/\/fonolukk.eu\/wp-content\/uploads\/2023\/09\/fonolukk.png","width":277,"height":274,"caption":"Smart Security OU"},"image":{"@id":"https:\/\/fonolukk.eu\/et\/#\/schema\/logo\/image\/"},"sameAs":["https:\/\/www.facebook.com\/fonolukk","https:\/\/www.instagram.com\/fonolukk\/?hl=ru"],"publishingPrinciples":"https:\/\/fonolukk.eu\/terms-and-conditions\/","ownershipFundingInfo":"https:\/\/fonolukk.eu\/about-us\/"}]},"product_price_amount":"0.00","product_price_currency":"EUR","og_availability":"instock","product_availability":"instock","product_retailer_item_id":"OEU-301S-HMKA","product_condition":"new"},"_links":{"self":[{"href":"https:\/\/fonolukk.eu\/et\/wp-json\/wp\/v2\/product\/18615","targetHints":{"allow":["GET"]}}],"collection":[{"href":"https:\/\/fonolukk.eu\/et\/wp-json\/wp\/v2\/product"}],"about":[{"href":"https:\/\/fonolukk.eu\/et\/wp-json\/wp\/v2\/types\/product"}],"version-history":[{"count":2,"href":"https:\/\/fonolukk.eu\/et\/wp-json\/wp\/v2\/product\/18615\/revisions"}],"predecessor-version":[{"id":19537,"href":"https:\/\/fonolukk.eu\/et\/wp-json\/wp\/v2\/product\/18615\/revisions\/19537"}],"wp:featuredmedia":[{"embeddable":true,"href":"https:\/\/fonolukk.eu\/et\/wp-json\/wp\/v2\/media\/18620"}],"wp:attachment":[{"href":"https:\/\/fonolukk.eu\/et\/wp-json\/wp\/v2\/media?parent=18615"}],"wp:term":[{"taxonomy":"product_brand","embeddable":true,"href":"https:\/\/fonolukk.eu\/et\/wp-json\/wp\/v2\/product_brand?post=18615"},{"taxonomy":"product_cat","embeddable":true,"href":"https:\/\/fonolukk.eu\/et\/wp-json\/wp\/v2\/product_cat?post=18615"},{"taxonomy":"product_tag","embeddable":true,"href":"https:\/\/fonolukk.eu\/et\/wp-json\/wp\/v2\/product_tag?post=18615"}],"curies":[{"name":"wp","href":"https:\/\/api.w.org\/{rel}","templated":true}]}}