{"id":18903,"date":"2024-09-16T10:19:08","date_gmt":"2024-09-16T07:19:09","guid":{"rendered":"https:\/\/fonolukk.eu\/?post_type=product&#038;p=18903"},"modified":"2025-01-09T12:47:48","modified_gmt":"2025-01-09T10:47:48","slug":"ok-k2","status":"publish","type":"product","link":"https:\/\/fonolukk.eu\/et\/tooted\/ok-k2\/","title":{"rendered":"OK K2"},"content":{"rendered":"<p><strong>Lamedad lehed (avatud ja suletud)<\/strong><br \/>\n&#8211; valmistatud tsingitud v\u00f5i roostevabast terasest<br \/>\n&#8211; kasutatakse puidust ukseraamide jaoks (\u00fcmardatud nurgad) ja alumiiniumist, terasest v\u00f5i PVC profiilidest (ristk\u00fclikukujulised nurgad)<br \/>\n&#8211; universaalsed m\u00f5\u00f5tmed &#8211; pikkus 85 mm kuni 250 mm<br \/>\n&#8211; 2 v\u00f5i 4 kinnitusavad<br \/>\n&#8211; tellimisel saab teha ka teiste m\u00f5\u00f5tudega lehti<\/p>\n<p><strong>Nurkplekid<\/strong><br \/>\n&#8211; valmistatud tsingitud terasest<br \/>\n&#8211; kasutatakse puidust ukseraamide (\u00fcmardatud nurgad) ja alumiiniumist, terasest v\u00f5i PVC profiilidest (ristk\u00fclikukujulised nurgad)<br \/>\n&#8211; universaalsed m\u00f5\u00f5dud &#8211; pikkus 150 mm kuni 250 mm<br \/>\n&#8211; 4 kinnitusava<br \/>\n&#8211; kohandatud Bira ja Hartte toodetele (nt SHD, XSHD, XS, S)<br \/>\n&#8211; v\u00f5imalus eritellimusel teha muid furnituure<\/p>\n<p><strong>&#8220;U&#8221; t\u00fc\u00fcpi lehed<\/strong><br \/>\n&#8211; valmistatud roostevabast terasest<br \/>\n&#8211; kasutatakse alumiiniumprofiilide jaoks<br \/>\n&#8211; universaalsed m\u00f5\u00f5dud &#8211; pikkus 200 mm laius 24 mm<br \/>\n&#8211; 2 kinnitusava<br \/>\n&#8211; kohandatud Hartte seeria toodetele (nt XS, XS-CF)<br \/>\n&#8211; saab ka teisi lehti teha tellimuse peale<\/p>\n","protected":false},"excerpt":{"rendered":"<p><strong>OK-K2 &#8211; Elektrivasturaud<\/strong><\/p>\n","protected":false},"featured_media":18910,"template":"","meta":[],"product_brand":[],"product_cat":[1065,1063],"product_tag":[],"class_list":{"0":"post-18903","1":"product","2":"type-product","3":"status-publish","4":"has-post-thumbnail","6":"product_cat-elektrilise-vasturaua-plaadid","7":"product_cat-elektrivasturaud","9":"first","10":"instock","11":"taxable","12":"shipping-taxable","13":"purchasable","14":"product-type-simple"},"yoast_head":"<!-- This site is optimized with the Yoast SEO Premium plugin v27.3 (Yoast SEO v27.3) - https:\/\/yoast.com\/product\/yoast-seo-premium-wordpress\/ -->\n<title>OK K2 - Fonolukk<\/title>\n<meta name=\"description\" content=\"OK K2 - Strip, closed striker for HARTTE XS-C series electric latches with latch and guide, universal long rectangular stainless steel.\" \/>\n<meta name=\"robots\" content=\"index, follow, max-snippet:-1, max-image-preview:large, max-video-preview:-1\" \/>\n<link rel=\"canonical\" href=\"https:\/\/fonolukk.eu\/et\/tooted\/ok-k2\/\" \/>\n<meta property=\"og:locale\" content=\"et_EE\" \/>\n<meta property=\"og:type\" content=\"article\" \/>\n<meta property=\"og:title\" content=\"OK K2\" \/>\n<meta property=\"og:description\" content=\"OK-K2 - Elektrivasturaud\" \/>\n<meta property=\"og:url\" content=\"https:\/\/fonolukk.eu\/et\/tooted\/ok-k2\/\" \/>\n<meta property=\"og:site_name\" content=\"Fonolukk\" \/>\n<meta property=\"article:publisher\" content=\"https:\/\/www.facebook.com\/fonolukk\" \/>\n<meta property=\"article:modified_time\" content=\"2025-01-09T10:47:48+00:00\" \/>\n<meta property=\"og:image\" content=\"https:\/\/fonolukk.eu\/wp-content\/uploads\/2024\/09\/ok-k2.jpg\" \/>\n\t<meta property=\"og:image:width\" content=\"800\" \/>\n\t<meta property=\"og:image:height\" content=\"800\" \/>\n\t<meta property=\"og:image:type\" content=\"image\/jpeg\" \/>\n<meta name=\"twitter:card\" content=\"summary_large_image\" \/>\n<meta name=\"twitter:label1\" content=\"Hind\" \/>\n\t<meta name=\"twitter:data1\" content=\"&euro;12.21 koos KM\" \/>\n\t<meta name=\"twitter:label2\" content=\"Availability\" \/>\n\t<meta name=\"twitter:data2\" content=\"Laos\" \/>\n<script type=\"application\/ld+json\" class=\"yoast-schema-graph\">{\"@context\":\"https:\\\/\\\/schema.org\",\"@graph\":[{\"@type\":\"WebPage\",\"@id\":\"https:\\\/\\\/fonolukk.eu\\\/et\\\/tooted\\\/ok-k2\\\/\",\"url\":\"https:\\\/\\\/fonolukk.eu\\\/et\\\/tooted\\\/ok-k2\\\/\",\"name\":\"OK K2 - Fonolukk\",\"isPartOf\":{\"@id\":\"https:\\\/\\\/fonolukk.eu\\\/et\\\/#website\"},\"primaryImageOfPage\":{\"@id\":\"https:\\\/\\\/fonolukk.eu\\\/et\\\/tooted\\\/ok-k2\\\/#primaryimage\"},\"image\":{\"@id\":\"https:\\\/\\\/fonolukk.eu\\\/et\\\/tooted\\\/ok-k2\\\/#primaryimage\"},\"thumbnailUrl\":\"https:\\\/\\\/fonolukk.eu\\\/wp-content\\\/uploads\\\/2024\\\/09\\\/ok-k2.jpg\",\"datePublished\":\"2024-09-16T07:19:09+00:00\",\"dateModified\":\"2025-01-09T10:47:48+00:00\",\"description\":\"OK K2 - Strip, closed striker for HARTTE XS-C series electric latches with latch and guide, universal long rectangular stainless steel.\",\"breadcrumb\":{\"@id\":\"https:\\\/\\\/fonolukk.eu\\\/et\\\/tooted\\\/ok-k2\\\/#breadcrumb\"},\"inLanguage\":\"et\",\"potentialAction\":[{\"@type\":\"ReadAction\",\"target\":[\"https:\\\/\\\/fonolukk.eu\\\/et\\\/tooted\\\/ok-k2\\\/\"]}]},{\"@type\":\"ImageObject\",\"inLanguage\":\"et\",\"@id\":\"https:\\\/\\\/fonolukk.eu\\\/et\\\/tooted\\\/ok-k2\\\/#primaryimage\",\"url\":\"https:\\\/\\\/fonolukk.eu\\\/wp-content\\\/uploads\\\/2024\\\/09\\\/ok-k2.jpg\",\"contentUrl\":\"https:\\\/\\\/fonolukk.eu\\\/wp-content\\\/uploads\\\/2024\\\/09\\\/ok-k2.jpg\",\"width\":800,\"height\":800,\"caption\":\"OK-K2\"},{\"@type\":\"BreadcrumbList\",\"@id\":\"https:\\\/\\\/fonolukk.eu\\\/et\\\/tooted\\\/ok-k2\\\/#breadcrumb\",\"itemListElement\":[{\"@type\":\"ListItem\",\"position\":1,\"name\":\"Esileht\",\"item\":\"https:\\\/\\\/fonolukk.eu\\\/et\\\/koduleht\\\/\"},{\"@type\":\"ListItem\",\"position\":2,\"name\":\"Tooted\",\"item\":\"https:\\\/\\\/fonolukk.eu\\\/et\\\/shop-2\\\/\"},{\"@type\":\"ListItem\",\"position\":3,\"name\":\"Elektrivasturaud\",\"item\":\"https:\\\/\\\/fonolukk.eu\\\/et\\\/product-category\\\/elektrivasturaud\\\/\"},{\"@type\":\"ListItem\",\"position\":4,\"name\":\"OK K2\"}]},{\"@type\":\"WebSite\",\"@id\":\"https:\\\/\\\/fonolukk.eu\\\/et\\\/#website\",\"url\":\"https:\\\/\\\/fonolukk.eu\\\/et\\\/\",\"name\":\"Fonolukk eu\",\"description\":\"Smart Security Systems\",\"publisher\":{\"@id\":\"https:\\\/\\\/fonolukk.eu\\\/et\\\/#organization\"},\"potentialAction\":[{\"@type\":\"SearchAction\",\"target\":{\"@type\":\"EntryPoint\",\"urlTemplate\":\"https:\\\/\\\/fonolukk.eu\\\/et\\\/?s={search_term_string}\"},\"query-input\":{\"@type\":\"PropertyValueSpecification\",\"valueRequired\":true,\"valueName\":\"search_term_string\"}}],\"inLanguage\":\"et\"},{\"@type\":\"Organization\",\"@id\":\"https:\\\/\\\/fonolukk.eu\\\/et\\\/#organization\",\"name\":\"Smart Security OU\",\"url\":\"https:\\\/\\\/fonolukk.eu\\\/et\\\/\",\"logo\":{\"@type\":\"ImageObject\",\"inLanguage\":\"et\",\"@id\":\"https:\\\/\\\/fonolukk.eu\\\/et\\\/#\\\/schema\\\/logo\\\/image\\\/\",\"url\":\"https:\\\/\\\/fonolukk.eu\\\/wp-content\\\/uploads\\\/2023\\\/09\\\/fonolukk.png\",\"contentUrl\":\"https:\\\/\\\/fonolukk.eu\\\/wp-content\\\/uploads\\\/2023\\\/09\\\/fonolukk.png\",\"width\":277,\"height\":274,\"caption\":\"Smart Security OU\"},\"image\":{\"@id\":\"https:\\\/\\\/fonolukk.eu\\\/et\\\/#\\\/schema\\\/logo\\\/image\\\/\"},\"sameAs\":[\"https:\\\/\\\/www.facebook.com\\\/fonolukk\",\"https:\\\/\\\/www.instagram.com\\\/fonolukk\\\/?hl=ru\"],\"publishingPrinciples\":\"https:\\\/\\\/fonolukk.eu\\\/terms-and-conditions\\\/\",\"ownershipFundingInfo\":\"https:\\\/\\\/fonolukk.eu\\\/about-us\\\/\"}]}<\/script>\n<meta property=\"product:price:amount\" content=\"12.21\" \/>\n<meta property=\"product:price:currency\" content=\"EUR\" \/>\n<meta property=\"og:availability\" content=\"instock\" \/>\n<meta property=\"product:availability\" content=\"instock\" \/>\n<meta property=\"product:retailer_item_id\" content=\"OK-K2\" \/>\n<meta property=\"product:condition\" content=\"new\" \/>\n<!-- \/ Yoast SEO Premium plugin. -->","yoast_head_json":{"title":"OK K2 - Fonolukk","description":"OK K2 - Strip, closed striker for HARTTE XS-C series electric latches with latch and guide, universal long rectangular stainless steel.","robots":{"index":"index","follow":"follow","max-snippet":"max-snippet:-1","max-image-preview":"max-image-preview:large","max-video-preview":"max-video-preview:-1"},"canonical":"https:\/\/fonolukk.eu\/et\/tooted\/ok-k2\/","og_locale":"et_EE","og_type":"article","og_title":"OK K2","og_description":"OK-K2 - Elektrivasturaud","og_url":"https:\/\/fonolukk.eu\/et\/tooted\/ok-k2\/","og_site_name":"Fonolukk","article_publisher":"https:\/\/www.facebook.com\/fonolukk","article_modified_time":"2025-01-09T10:47:48+00:00","og_image":[{"width":800,"height":800,"url":"https:\/\/fonolukk.eu\/wp-content\/uploads\/2024\/09\/ok-k2.jpg","type":"image\/jpeg"}],"twitter_card":"summary_large_image","twitter_misc":{"Hind":"&euro;12.21 koos KM","Availability":"Laos"},"schema":{"@context":"https:\/\/schema.org","@graph":[{"@type":"WebPage","@id":"https:\/\/fonolukk.eu\/et\/tooted\/ok-k2\/","url":"https:\/\/fonolukk.eu\/et\/tooted\/ok-k2\/","name":"OK K2 - Fonolukk","isPartOf":{"@id":"https:\/\/fonolukk.eu\/et\/#website"},"primaryImageOfPage":{"@id":"https:\/\/fonolukk.eu\/et\/tooted\/ok-k2\/#primaryimage"},"image":{"@id":"https:\/\/fonolukk.eu\/et\/tooted\/ok-k2\/#primaryimage"},"thumbnailUrl":"https:\/\/fonolukk.eu\/wp-content\/uploads\/2024\/09\/ok-k2.jpg","datePublished":"2024-09-16T07:19:09+00:00","dateModified":"2025-01-09T10:47:48+00:00","description":"OK K2 - Strip, closed striker for HARTTE XS-C series electric latches with latch and guide, universal long rectangular stainless steel.","breadcrumb":{"@id":"https:\/\/fonolukk.eu\/et\/tooted\/ok-k2\/#breadcrumb"},"inLanguage":"et","potentialAction":[{"@type":"ReadAction","target":["https:\/\/fonolukk.eu\/et\/tooted\/ok-k2\/"]}]},{"@type":"ImageObject","inLanguage":"et","@id":"https:\/\/fonolukk.eu\/et\/tooted\/ok-k2\/#primaryimage","url":"https:\/\/fonolukk.eu\/wp-content\/uploads\/2024\/09\/ok-k2.jpg","contentUrl":"https:\/\/fonolukk.eu\/wp-content\/uploads\/2024\/09\/ok-k2.jpg","width":800,"height":800,"caption":"OK-K2"},{"@type":"BreadcrumbList","@id":"https:\/\/fonolukk.eu\/et\/tooted\/ok-k2\/#breadcrumb","itemListElement":[{"@type":"ListItem","position":1,"name":"Esileht","item":"https:\/\/fonolukk.eu\/et\/koduleht\/"},{"@type":"ListItem","position":2,"name":"Tooted","item":"https:\/\/fonolukk.eu\/et\/shop-2\/"},{"@type":"ListItem","position":3,"name":"Elektrivasturaud","item":"https:\/\/fonolukk.eu\/et\/product-category\/elektrivasturaud\/"},{"@type":"ListItem","position":4,"name":"OK K2"}]},{"@type":"WebSite","@id":"https:\/\/fonolukk.eu\/et\/#website","url":"https:\/\/fonolukk.eu\/et\/","name":"Fonolukk eu","description":"Smart Security Systems","publisher":{"@id":"https:\/\/fonolukk.eu\/et\/#organization"},"potentialAction":[{"@type":"SearchAction","target":{"@type":"EntryPoint","urlTemplate":"https:\/\/fonolukk.eu\/et\/?s={search_term_string}"},"query-input":{"@type":"PropertyValueSpecification","valueRequired":true,"valueName":"search_term_string"}}],"inLanguage":"et"},{"@type":"Organization","@id":"https:\/\/fonolukk.eu\/et\/#organization","name":"Smart Security OU","url":"https:\/\/fonolukk.eu\/et\/","logo":{"@type":"ImageObject","inLanguage":"et","@id":"https:\/\/fonolukk.eu\/et\/#\/schema\/logo\/image\/","url":"https:\/\/fonolukk.eu\/wp-content\/uploads\/2023\/09\/fonolukk.png","contentUrl":"https:\/\/fonolukk.eu\/wp-content\/uploads\/2023\/09\/fonolukk.png","width":277,"height":274,"caption":"Smart Security OU"},"image":{"@id":"https:\/\/fonolukk.eu\/et\/#\/schema\/logo\/image\/"},"sameAs":["https:\/\/www.facebook.com\/fonolukk","https:\/\/www.instagram.com\/fonolukk\/?hl=ru"],"publishingPrinciples":"https:\/\/fonolukk.eu\/terms-and-conditions\/","ownershipFundingInfo":"https:\/\/fonolukk.eu\/about-us\/"}]},"product_price_amount":"12.21","product_price_currency":"EUR","og_availability":"instock","product_availability":"instock","product_retailer_item_id":"OK-K2","product_condition":"new"},"_links":{"self":[{"href":"https:\/\/fonolukk.eu\/et\/wp-json\/wp\/v2\/product\/18903","targetHints":{"allow":["GET"]}}],"collection":[{"href":"https:\/\/fonolukk.eu\/et\/wp-json\/wp\/v2\/product"}],"about":[{"href":"https:\/\/fonolukk.eu\/et\/wp-json\/wp\/v2\/types\/product"}],"version-history":[{"count":4,"href":"https:\/\/fonolukk.eu\/et\/wp-json\/wp\/v2\/product\/18903\/revisions"}],"predecessor-version":[{"id":19540,"href":"https:\/\/fonolukk.eu\/et\/wp-json\/wp\/v2\/product\/18903\/revisions\/19540"}],"wp:featuredmedia":[{"embeddable":true,"href":"https:\/\/fonolukk.eu\/et\/wp-json\/wp\/v2\/media\/18910"}],"wp:attachment":[{"href":"https:\/\/fonolukk.eu\/et\/wp-json\/wp\/v2\/media?parent=18903"}],"wp:term":[{"taxonomy":"product_brand","embeddable":true,"href":"https:\/\/fonolukk.eu\/et\/wp-json\/wp\/v2\/product_brand?post=18903"},{"taxonomy":"product_cat","embeddable":true,"href":"https:\/\/fonolukk.eu\/et\/wp-json\/wp\/v2\/product_cat?post=18903"},{"taxonomy":"product_tag","embeddable":true,"href":"https:\/\/fonolukk.eu\/et\/wp-json\/wp\/v2\/product_tag?post=18903"}],"curies":[{"name":"wp","href":"https:\/\/api.w.org\/{rel}","templated":true}]}}