{"id":19017,"date":"2024-09-17T12:45:18","date_gmt":"2024-09-17T09:45:18","guid":{"rendered":"https:\/\/fonolukk.eu\/?post_type=product&#038;p=19017"},"modified":"2025-01-09T12:53:07","modified_gmt":"2025-01-09T10:53:07","slug":"dd-5100r-audio-uksetelefon-rfid-ja-tm-lugejatega","status":"publish","type":"product","link":"https:\/\/fonolukk.eu\/et\/tooted\/dd-5100r-audio-uksetelefon-rfid-ja-tm-lugejatega\/","title":{"rendered":"DD-5100R audio uksetelefon RFID ja TM lugejatega"},"content":{"rendered":"<h1><strong>DD-5100 omadused ja v\u00f5imalused:<\/strong><\/h1>\n<ul>\n<li>V\u00f5imalus \u00fchendada kuni 255 abonenti<\/li>\n<li>Kahesuunaline helisuhtlus abonendiga<\/li>\n<li>\u00a0Kahejuhtmeline telefoniliin<\/li>\n<li>Elektrooniliste TM-i identifikaatorite (v\u00f5tmete) lugeja*<\/li>\n<li>RFID kaugidentifikaatorite (kaardid\/ripatsid)* lugeja<\/li>\n<li>1376 identifikaatori sisem\u00e4lu<\/li>\n<li>\u00a0Iga tellija jaoks individuaalne ukse lukustuse avamise kood<\/li>\n<li>V\u00f5imalus keelata uste avamiskoodide kasutamine<\/li>\n<li>V\u00f5imalus salvestada kaks teenuse identifikaatorit**<\/li>\n<li>Ukse saab avada ukse avamise koodi, TM-i, RFID identifikaatorite, ukse avamisnupu sisestamisega ja iga abonendi telefoniluku torust, vestluse ajal k\u00fclalisega<\/li>\n<li>T\u00f6\u00f6temperatuur -40 C kuni +85 C<\/li>\n<li>V\u00e4ikesed m\u00f5\u00f5tmed &#8211; 120x260x30 mm<\/li>\n<li>Kogu s\u00fcsteemi toiteallikaks on \u00fcks 12 V toiteallikas<\/li>\n<li>Madal energiatarve. Ootere\u017eiimis v\u00f5tmevalgustusega &#8211; 12VDC, 85mA + elektrooniline luku poolt tarbitav vool<\/li>\n<li>Vea indikatsioon<\/li>\n<li>Digitaalne heli reguleerimine<\/li>\n<li>V\u00f5imalus eraldi reguleerida k\u00f5lari, mikrofoni ja s\u00fcsteemisignaalide helitugevust<\/li>\n<li>V\u00f5imalus blokeerida \u00fcksikuid abonente v\u00f5i keelata uste avamine telefonitorust<\/li>\n<li>Kolm t\u00fc\u00fcpi adresseerimist \u2013 tavaline, nihutatud vahemik, hotell<\/li>\n<li>Hele neljakohaline LED-teabeekraan<\/li>\n<li>Klaviatuuri nuppude garanteeritud eluiga kuni 1 000 000 000 kl\u00f5psuni<\/li>\n<li>V\u00f5imalus paigaldada videovalvekaamera<\/li>\n<li>Sisseehitatud ja krohvipealsed kinnitusv\u00f5imalused (varikatusega)<\/li>\n<li>T\u00f6\u00f6re\u017eiimide heli- ja visuaalne n\u00e4it<\/li>\n<li>Automaatne klaviatuuri valgustus pimedas<\/li>\n<li>V\u00f5imalus \u00fchendada mitu s\u00fcsteemi v\u00f5rku<\/li>\n<li>S\u00fcsteemi PIN-koodi kaitse<\/li>\n<li>Kaitse elektril\u00f6\u00f6gi eest<\/li>\n<li>\u00dchele korterile lisatud piiramatu arv identifikaatoreid<\/li>\n<li>Mugav ja lihtne s\u00fcsteemi programmeerimine<\/li>\n<li>Ukse avamise koodide programmeerimise\/muutmise v\u00f5imalus kasutajatele endile<\/li>\n<li>V\u00f5imalus programmeerida TM\/RFID identifikaatorid kasutajatele endile<\/li>\n<\/ul>\n","protected":false},"excerpt":{"rendered":"<div>* DD-5000R \u2013 fonolukk TM ja RFID identifikaatori lugejatega.<\/div>\n<div>** Teenuse identifikaatoreid kasutatakse s\u00fcsteemi lihtsustatud teenindamiseks.<\/div>\n","protected":false},"featured_media":19032,"template":"","meta":[],"product_brand":[],"product_cat":[1645,606],"product_tag":[1646,1451],"class_list":{"0":"post-19017","1":"product","2":"type-product","3":"status-publish","4":"has-post-thumbnail","6":"product_cat-digital-et","7":"product_cat-fonolukud","8":"product_tag-dd-5100r-et","9":"product_tag-digitalas-et","10":"pa_brand-digitalas-et","12":"first","13":"instock","14":"taxable","15":"shipping-taxable","16":"product-type-simple"},"yoast_head":"<!-- This site is optimized with the Yoast SEO Premium plugin v27.3 (Yoast SEO v27.3) - https:\/\/yoast.com\/product\/yoast-seo-premium-wordpress\/ -->\n<title>DD-5100R audio uksetelefon RFID ja TM lugejatega - Fonolukk<\/title>\n<meta name=\"description\" content=\"DD-5100R audio uksetelefon RFID ja TM lugejatega - DD-5000T \u2013 telefonilukk TM v\u00f5tmelugejaga, DD-5000R \u2013 telefonilukk TM ja RFID identifikaatori lugejatega.\" \/>\n<meta name=\"robots\" content=\"index, follow, max-snippet:-1, max-image-preview:large, max-video-preview:-1\" \/>\n<link rel=\"canonical\" href=\"https:\/\/fonolukk.eu\/et\/tooted\/dd-5100r-audio-uksetelefon-rfid-ja-tm-lugejatega\/\" \/>\n<meta property=\"og:locale\" content=\"et_EE\" \/>\n<meta property=\"og:type\" content=\"article\" \/>\n<meta property=\"og:title\" content=\"DD-5100R audio uksetelefon RFID ja TM lugejatega\" \/>\n<meta property=\"og:description\" content=\"* DD-5000R \u2013 fonolukk TM ja RFID identifikaatori lugejatega. ** Teenuse identifikaatoreid kasutatakse s\u00fcsteemi lihtsustatud teenindamiseks.\" \/>\n<meta property=\"og:url\" content=\"https:\/\/fonolukk.eu\/et\/tooted\/dd-5100r-audio-uksetelefon-rfid-ja-tm-lugejatega\/\" \/>\n<meta property=\"og:site_name\" content=\"Fonolukk\" \/>\n<meta property=\"article:publisher\" content=\"https:\/\/www.facebook.com\/fonolukk\" \/>\n<meta property=\"article:modified_time\" content=\"2025-01-09T10:53:07+00:00\" \/>\n<meta property=\"og:image\" content=\"https:\/\/fonolukk.eu\/wp-content\/uploads\/2024\/09\/digitalas-5100r-audio-door-phone-with-rfid-and-tm-readers.jpg\" \/>\n\t<meta property=\"og:image:width\" content=\"1000\" \/>\n\t<meta property=\"og:image:height\" content=\"1000\" \/>\n\t<meta property=\"og:image:type\" content=\"image\/jpeg\" \/>\n<meta name=\"twitter:card\" content=\"summary_large_image\" \/>\n<meta name=\"twitter:label1\" content=\"Hind\" \/>\n\t<meta name=\"twitter:data1\" content=\"\" \/>\n\t<meta name=\"twitter:label2\" content=\"Availability\" \/>\n\t<meta name=\"twitter:data2\" content=\"Laos\" \/>\n<script type=\"application\/ld+json\" class=\"yoast-schema-graph\">{\"@context\":\"https:\\\/\\\/schema.org\",\"@graph\":[{\"@type\":\"WebPage\",\"@id\":\"https:\\\/\\\/fonolukk.eu\\\/et\\\/tooted\\\/dd-5100r-audio-uksetelefon-rfid-ja-tm-lugejatega\\\/\",\"url\":\"https:\\\/\\\/fonolukk.eu\\\/et\\\/tooted\\\/dd-5100r-audio-uksetelefon-rfid-ja-tm-lugejatega\\\/\",\"name\":\"DD-5100R audio uksetelefon RFID ja TM lugejatega - Fonolukk\",\"isPartOf\":{\"@id\":\"https:\\\/\\\/fonolukk.eu\\\/et\\\/#website\"},\"primaryImageOfPage\":{\"@id\":\"https:\\\/\\\/fonolukk.eu\\\/et\\\/tooted\\\/dd-5100r-audio-uksetelefon-rfid-ja-tm-lugejatega\\\/#primaryimage\"},\"image\":{\"@id\":\"https:\\\/\\\/fonolukk.eu\\\/et\\\/tooted\\\/dd-5100r-audio-uksetelefon-rfid-ja-tm-lugejatega\\\/#primaryimage\"},\"thumbnailUrl\":\"https:\\\/\\\/fonolukk.eu\\\/wp-content\\\/uploads\\\/2024\\\/09\\\/digitalas-5100r-audio-door-phone-with-rfid-and-tm-readers.jpg\",\"datePublished\":\"2024-09-17T09:45:18+00:00\",\"dateModified\":\"2025-01-09T10:53:07+00:00\",\"description\":\"DD-5100R audio uksetelefon RFID ja TM lugejatega - DD-5000T \u2013 telefonilukk TM v\u00f5tmelugejaga, DD-5000R \u2013 telefonilukk TM ja RFID identifikaatori lugejatega.\",\"breadcrumb\":{\"@id\":\"https:\\\/\\\/fonolukk.eu\\\/et\\\/tooted\\\/dd-5100r-audio-uksetelefon-rfid-ja-tm-lugejatega\\\/#breadcrumb\"},\"inLanguage\":\"et\",\"potentialAction\":[{\"@type\":\"ReadAction\",\"target\":[\"https:\\\/\\\/fonolukk.eu\\\/et\\\/tooted\\\/dd-5100r-audio-uksetelefon-rfid-ja-tm-lugejatega\\\/\"]}]},{\"@type\":\"ImageObject\",\"inLanguage\":\"et\",\"@id\":\"https:\\\/\\\/fonolukk.eu\\\/et\\\/tooted\\\/dd-5100r-audio-uksetelefon-rfid-ja-tm-lugejatega\\\/#primaryimage\",\"url\":\"https:\\\/\\\/fonolukk.eu\\\/wp-content\\\/uploads\\\/2024\\\/09\\\/digitalas-5100r-audio-door-phone-with-rfid-and-tm-readers.jpg\",\"contentUrl\":\"https:\\\/\\\/fonolukk.eu\\\/wp-content\\\/uploads\\\/2024\\\/09\\\/digitalas-5100r-audio-door-phone-with-rfid-and-tm-readers.jpg\",\"width\":1000,\"height\":1000,\"caption\":\"DD-5100R Digitalas\"},{\"@type\":\"BreadcrumbList\",\"@id\":\"https:\\\/\\\/fonolukk.eu\\\/et\\\/tooted\\\/dd-5100r-audio-uksetelefon-rfid-ja-tm-lugejatega\\\/#breadcrumb\",\"itemListElement\":[{\"@type\":\"ListItem\",\"position\":1,\"name\":\"Esileht\",\"item\":\"https:\\\/\\\/fonolukk.eu\\\/et\\\/koduleht\\\/\"},{\"@type\":\"ListItem\",\"position\":2,\"name\":\"Tooted\",\"item\":\"https:\\\/\\\/fonolukk.eu\\\/et\\\/shop-2\\\/\"},{\"@type\":\"ListItem\",\"position\":3,\"name\":\"Fonolukud\",\"item\":\"https:\\\/\\\/fonolukk.eu\\\/et\\\/product-category\\\/fonolukud\\\/\"},{\"@type\":\"ListItem\",\"position\":4,\"name\":\"DD-5100R audio uksetelefon RFID ja TM lugejatega\"}]},{\"@type\":\"WebSite\",\"@id\":\"https:\\\/\\\/fonolukk.eu\\\/et\\\/#website\",\"url\":\"https:\\\/\\\/fonolukk.eu\\\/et\\\/\",\"name\":\"Fonolukk eu\",\"description\":\"Smart Security Systems\",\"publisher\":{\"@id\":\"https:\\\/\\\/fonolukk.eu\\\/et\\\/#organization\"},\"potentialAction\":[{\"@type\":\"SearchAction\",\"target\":{\"@type\":\"EntryPoint\",\"urlTemplate\":\"https:\\\/\\\/fonolukk.eu\\\/et\\\/?s={search_term_string}\"},\"query-input\":{\"@type\":\"PropertyValueSpecification\",\"valueRequired\":true,\"valueName\":\"search_term_string\"}}],\"inLanguage\":\"et\"},{\"@type\":\"Organization\",\"@id\":\"https:\\\/\\\/fonolukk.eu\\\/et\\\/#organization\",\"name\":\"Smart Security OU\",\"url\":\"https:\\\/\\\/fonolukk.eu\\\/et\\\/\",\"logo\":{\"@type\":\"ImageObject\",\"inLanguage\":\"et\",\"@id\":\"https:\\\/\\\/fonolukk.eu\\\/et\\\/#\\\/schema\\\/logo\\\/image\\\/\",\"url\":\"https:\\\/\\\/fonolukk.eu\\\/wp-content\\\/uploads\\\/2023\\\/09\\\/fonolukk.png\",\"contentUrl\":\"https:\\\/\\\/fonolukk.eu\\\/wp-content\\\/uploads\\\/2023\\\/09\\\/fonolukk.png\",\"width\":277,\"height\":274,\"caption\":\"Smart Security OU\"},\"image\":{\"@id\":\"https:\\\/\\\/fonolukk.eu\\\/et\\\/#\\\/schema\\\/logo\\\/image\\\/\"},\"sameAs\":[\"https:\\\/\\\/www.facebook.com\\\/fonolukk\",\"https:\\\/\\\/www.instagram.com\\\/fonolukk\\\/?hl=ru\"],\"publishingPrinciples\":\"https:\\\/\\\/fonolukk.eu\\\/terms-and-conditions\\\/\",\"ownershipFundingInfo\":\"https:\\\/\\\/fonolukk.eu\\\/about-us\\\/\"}]}<\/script>\n<meta property=\"product:brand\" content=\"Digitalas\" \/>\n<meta property=\"product:price:amount\" content=\"0.00\" \/>\n<meta property=\"product:price:currency\" content=\"EUR\" \/>\n<meta property=\"og:availability\" content=\"instock\" \/>\n<meta property=\"product:availability\" content=\"instock\" \/>\n<meta property=\"product:retailer_item_id\" content=\"DD-5100R\" \/>\n<meta property=\"product:condition\" content=\"new\" \/>\n<!-- \/ Yoast SEO Premium plugin. -->","yoast_head_json":{"title":"DD-5100R audio uksetelefon RFID ja TM lugejatega - Fonolukk","description":"DD-5100R audio uksetelefon RFID ja TM lugejatega - DD-5000T \u2013 telefonilukk TM v\u00f5tmelugejaga, DD-5000R \u2013 telefonilukk TM ja RFID identifikaatori lugejatega.","robots":{"index":"index","follow":"follow","max-snippet":"max-snippet:-1","max-image-preview":"max-image-preview:large","max-video-preview":"max-video-preview:-1"},"canonical":"https:\/\/fonolukk.eu\/et\/tooted\/dd-5100r-audio-uksetelefon-rfid-ja-tm-lugejatega\/","og_locale":"et_EE","og_type":"article","og_title":"DD-5100R audio uksetelefon RFID ja TM lugejatega","og_description":"* DD-5000R \u2013 fonolukk TM ja RFID identifikaatori lugejatega. ** Teenuse identifikaatoreid kasutatakse s\u00fcsteemi lihtsustatud teenindamiseks.","og_url":"https:\/\/fonolukk.eu\/et\/tooted\/dd-5100r-audio-uksetelefon-rfid-ja-tm-lugejatega\/","og_site_name":"Fonolukk","article_publisher":"https:\/\/www.facebook.com\/fonolukk","article_modified_time":"2025-01-09T10:53:07+00:00","og_image":[{"width":1000,"height":1000,"url":"https:\/\/fonolukk.eu\/wp-content\/uploads\/2024\/09\/digitalas-5100r-audio-door-phone-with-rfid-and-tm-readers.jpg","type":"image\/jpeg"}],"twitter_card":"summary_large_image","twitter_misc":{"Hind":"","Availability":"Laos"},"schema":{"@context":"https:\/\/schema.org","@graph":[{"@type":"WebPage","@id":"https:\/\/fonolukk.eu\/et\/tooted\/dd-5100r-audio-uksetelefon-rfid-ja-tm-lugejatega\/","url":"https:\/\/fonolukk.eu\/et\/tooted\/dd-5100r-audio-uksetelefon-rfid-ja-tm-lugejatega\/","name":"DD-5100R audio uksetelefon RFID ja TM lugejatega - Fonolukk","isPartOf":{"@id":"https:\/\/fonolukk.eu\/et\/#website"},"primaryImageOfPage":{"@id":"https:\/\/fonolukk.eu\/et\/tooted\/dd-5100r-audio-uksetelefon-rfid-ja-tm-lugejatega\/#primaryimage"},"image":{"@id":"https:\/\/fonolukk.eu\/et\/tooted\/dd-5100r-audio-uksetelefon-rfid-ja-tm-lugejatega\/#primaryimage"},"thumbnailUrl":"https:\/\/fonolukk.eu\/wp-content\/uploads\/2024\/09\/digitalas-5100r-audio-door-phone-with-rfid-and-tm-readers.jpg","datePublished":"2024-09-17T09:45:18+00:00","dateModified":"2025-01-09T10:53:07+00:00","description":"DD-5100R audio uksetelefon RFID ja TM lugejatega - DD-5000T \u2013 telefonilukk TM v\u00f5tmelugejaga, DD-5000R \u2013 telefonilukk TM ja RFID identifikaatori lugejatega.","breadcrumb":{"@id":"https:\/\/fonolukk.eu\/et\/tooted\/dd-5100r-audio-uksetelefon-rfid-ja-tm-lugejatega\/#breadcrumb"},"inLanguage":"et","potentialAction":[{"@type":"ReadAction","target":["https:\/\/fonolukk.eu\/et\/tooted\/dd-5100r-audio-uksetelefon-rfid-ja-tm-lugejatega\/"]}]},{"@type":"ImageObject","inLanguage":"et","@id":"https:\/\/fonolukk.eu\/et\/tooted\/dd-5100r-audio-uksetelefon-rfid-ja-tm-lugejatega\/#primaryimage","url":"https:\/\/fonolukk.eu\/wp-content\/uploads\/2024\/09\/digitalas-5100r-audio-door-phone-with-rfid-and-tm-readers.jpg","contentUrl":"https:\/\/fonolukk.eu\/wp-content\/uploads\/2024\/09\/digitalas-5100r-audio-door-phone-with-rfid-and-tm-readers.jpg","width":1000,"height":1000,"caption":"DD-5100R Digitalas"},{"@type":"BreadcrumbList","@id":"https:\/\/fonolukk.eu\/et\/tooted\/dd-5100r-audio-uksetelefon-rfid-ja-tm-lugejatega\/#breadcrumb","itemListElement":[{"@type":"ListItem","position":1,"name":"Esileht","item":"https:\/\/fonolukk.eu\/et\/koduleht\/"},{"@type":"ListItem","position":2,"name":"Tooted","item":"https:\/\/fonolukk.eu\/et\/shop-2\/"},{"@type":"ListItem","position":3,"name":"Fonolukud","item":"https:\/\/fonolukk.eu\/et\/product-category\/fonolukud\/"},{"@type":"ListItem","position":4,"name":"DD-5100R audio uksetelefon RFID ja TM lugejatega"}]},{"@type":"WebSite","@id":"https:\/\/fonolukk.eu\/et\/#website","url":"https:\/\/fonolukk.eu\/et\/","name":"Fonolukk eu","description":"Smart Security Systems","publisher":{"@id":"https:\/\/fonolukk.eu\/et\/#organization"},"potentialAction":[{"@type":"SearchAction","target":{"@type":"EntryPoint","urlTemplate":"https:\/\/fonolukk.eu\/et\/?s={search_term_string}"},"query-input":{"@type":"PropertyValueSpecification","valueRequired":true,"valueName":"search_term_string"}}],"inLanguage":"et"},{"@type":"Organization","@id":"https:\/\/fonolukk.eu\/et\/#organization","name":"Smart Security OU","url":"https:\/\/fonolukk.eu\/et\/","logo":{"@type":"ImageObject","inLanguage":"et","@id":"https:\/\/fonolukk.eu\/et\/#\/schema\/logo\/image\/","url":"https:\/\/fonolukk.eu\/wp-content\/uploads\/2023\/09\/fonolukk.png","contentUrl":"https:\/\/fonolukk.eu\/wp-content\/uploads\/2023\/09\/fonolukk.png","width":277,"height":274,"caption":"Smart Security OU"},"image":{"@id":"https:\/\/fonolukk.eu\/et\/#\/schema\/logo\/image\/"},"sameAs":["https:\/\/www.facebook.com\/fonolukk","https:\/\/www.instagram.com\/fonolukk\/?hl=ru"],"publishingPrinciples":"https:\/\/fonolukk.eu\/terms-and-conditions\/","ownershipFundingInfo":"https:\/\/fonolukk.eu\/about-us\/"}]},"product_brand":"Digitalas","product_price_amount":"0.00","product_price_currency":"EUR","og_availability":"instock","product_availability":"instock","product_retailer_item_id":"DD-5100R","product_condition":"new"},"_links":{"self":[{"href":"https:\/\/fonolukk.eu\/et\/wp-json\/wp\/v2\/product\/19017","targetHints":{"allow":["GET"]}}],"collection":[{"href":"https:\/\/fonolukk.eu\/et\/wp-json\/wp\/v2\/product"}],"about":[{"href":"https:\/\/fonolukk.eu\/et\/wp-json\/wp\/v2\/types\/product"}],"version-history":[{"count":4,"href":"https:\/\/fonolukk.eu\/et\/wp-json\/wp\/v2\/product\/19017\/revisions"}],"predecessor-version":[{"id":19546,"href":"https:\/\/fonolukk.eu\/et\/wp-json\/wp\/v2\/product\/19017\/revisions\/19546"}],"wp:featuredmedia":[{"embeddable":true,"href":"https:\/\/fonolukk.eu\/et\/wp-json\/wp\/v2\/media\/19032"}],"wp:attachment":[{"href":"https:\/\/fonolukk.eu\/et\/wp-json\/wp\/v2\/media?parent=19017"}],"wp:term":[{"taxonomy":"product_brand","embeddable":true,"href":"https:\/\/fonolukk.eu\/et\/wp-json\/wp\/v2\/product_brand?post=19017"},{"taxonomy":"product_cat","embeddable":true,"href":"https:\/\/fonolukk.eu\/et\/wp-json\/wp\/v2\/product_cat?post=19017"},{"taxonomy":"product_tag","embeddable":true,"href":"https:\/\/fonolukk.eu\/et\/wp-json\/wp\/v2\/product_tag?post=19017"}],"curies":[{"name":"wp","href":"https:\/\/api.w.org\/{rel}","templated":true}]}}