{"id":19069,"date":"2024-09-17T14:33:20","date_gmt":"2024-09-17T11:33:20","guid":{"rendered":"https:\/\/fonolukk.eu\/?post_type=product&#038;p=19069"},"modified":"2025-01-09T12:53:55","modified_gmt":"2025-01-09T10:53:55","slug":"dr-1-ulevalt-paigaldatav-varikatus-vihmakate-dd-5100-jaoks","status":"publish","type":"product","link":"https:\/\/fonolukk.eu\/et\/tooted\/dr-1-ulevalt-paigaldatav-varikatus-vihmakate-dd-5100-jaoks\/","title":{"rendered":"DR-1 \u00fclevalt paigaldatav varikatus, vihmakate DD-5100 jaoks"},"content":{"rendered":"","protected":false},"excerpt":{"rendered":"<p>DR-1 \u00fclekrohvikinnitusvarikatus on vajalik telefoniluku DD-5100 paigaldamiseks seinale k\u00f5ige lihtsamal viisil, ilma seda krohvi sisse p\u00f5imimata. Varikatus kaitseb seadet otsese vihma ja muude keskkonnategurite eest.<\/p>\n","protected":false},"featured_media":19088,"template":"","meta":[],"product_brand":[],"product_cat":[1645,606],"product_tag":[1451,1650],"class_list":{"0":"post-19069","1":"product","2":"type-product","3":"status-publish","4":"has-post-thumbnail","6":"product_cat-digital-et","7":"product_cat-fonolukud","8":"product_tag-digitalas-et","9":"product_tag-dr-1-et","10":"pa_brand-digitalas-et","12":"first","13":"instock","14":"taxable","15":"shipping-taxable","16":"product-type-simple"},"yoast_head":"<!-- This site is optimized with the Yoast SEO Premium plugin v27.3 (Yoast SEO v27.3) - https:\/\/yoast.com\/product\/yoast-seo-premium-wordpress\/ -->\n<title>DR-1 \u00fclevalt paigaldatav varikatus, vihmakate DD-5100 jaoks - Fonolukk<\/title>\n<meta name=\"description\" content=\"DR-1 \u00fclekrohvikinnitusvarikatus on vajalik telefoniluku DD-5100 paigaldamiseks seinale k\u00f5ige lihtsamal viisil, ilma seda krohvi sisse p\u00f5imimata. Varikatus kaitseb seadet otsese vihma ja muude keskkonnategurite eest.\" \/>\n<meta name=\"robots\" content=\"index, follow, max-snippet:-1, max-image-preview:large, max-video-preview:-1\" \/>\n<link rel=\"canonical\" href=\"https:\/\/fonolukk.eu\/et\/tooted\/dr-1-ulevalt-paigaldatav-varikatus-vihmakate-dd-5100-jaoks\/\" \/>\n<meta property=\"og:locale\" content=\"et_EE\" \/>\n<meta property=\"og:type\" content=\"article\" \/>\n<meta property=\"og:title\" content=\"DR-1 \u00fclevalt paigaldatav varikatus, vihmakate DD-5100 jaoks\" \/>\n<meta property=\"og:description\" content=\"DR-1 \u00fclekrohvikinnitusvarikatus on vajalik telefoniluku DD-5100 paigaldamiseks seinale k\u00f5ige lihtsamal viisil, ilma seda krohvi sisse p\u00f5imimata. Varikatus kaitseb seadet otsese vihma ja muude keskkonnategurite eest.\" \/>\n<meta property=\"og:url\" content=\"https:\/\/fonolukk.eu\/et\/tooted\/dr-1-ulevalt-paigaldatav-varikatus-vihmakate-dd-5100-jaoks\/\" \/>\n<meta property=\"og:site_name\" content=\"Fonolukk\" \/>\n<meta property=\"article:publisher\" content=\"https:\/\/www.facebook.com\/fonolukk\" \/>\n<meta property=\"article:modified_time\" content=\"2025-01-09T10:53:55+00:00\" \/>\n<meta property=\"og:image\" content=\"https:\/\/fonolukk.eu\/wp-content\/uploads\/2024\/09\/dr-1-cover-dd-5100-1.png\" \/>\n\t<meta property=\"og:image:width\" content=\"1000\" \/>\n\t<meta property=\"og:image:height\" content=\"1000\" \/>\n\t<meta property=\"og:image:type\" content=\"image\/png\" \/>\n<meta name=\"twitter:card\" content=\"summary_large_image\" \/>\n<meta name=\"twitter:label1\" content=\"Hind\" \/>\n\t<meta name=\"twitter:data1\" content=\"\" \/>\n\t<meta name=\"twitter:label2\" content=\"Availability\" \/>\n\t<meta name=\"twitter:data2\" content=\"Laos\" \/>\n<script type=\"application\/ld+json\" class=\"yoast-schema-graph\">{\"@context\":\"https:\\\/\\\/schema.org\",\"@graph\":[{\"@type\":\"WebPage\",\"@id\":\"https:\\\/\\\/fonolukk.eu\\\/et\\\/tooted\\\/dr-1-ulevalt-paigaldatav-varikatus-vihmakate-dd-5100-jaoks\\\/\",\"url\":\"https:\\\/\\\/fonolukk.eu\\\/et\\\/tooted\\\/dr-1-ulevalt-paigaldatav-varikatus-vihmakate-dd-5100-jaoks\\\/\",\"name\":\"DR-1 \u00fclevalt paigaldatav varikatus, vihmakate DD-5100 jaoks - Fonolukk\",\"isPartOf\":{\"@id\":\"https:\\\/\\\/fonolukk.eu\\\/et\\\/#website\"},\"primaryImageOfPage\":{\"@id\":\"https:\\\/\\\/fonolukk.eu\\\/et\\\/tooted\\\/dr-1-ulevalt-paigaldatav-varikatus-vihmakate-dd-5100-jaoks\\\/#primaryimage\"},\"image\":{\"@id\":\"https:\\\/\\\/fonolukk.eu\\\/et\\\/tooted\\\/dr-1-ulevalt-paigaldatav-varikatus-vihmakate-dd-5100-jaoks\\\/#primaryimage\"},\"thumbnailUrl\":\"https:\\\/\\\/fonolukk.eu\\\/wp-content\\\/uploads\\\/2024\\\/09\\\/dr-1-cover-dd-5100-1.png\",\"datePublished\":\"2024-09-17T11:33:20+00:00\",\"dateModified\":\"2025-01-09T10:53:55+00:00\",\"description\":\"DR-1 \u00fclekrohvikinnitusvarikatus on vajalik telefoniluku DD-5100 paigaldamiseks seinale k\u00f5ige lihtsamal viisil, ilma seda krohvi sisse p\u00f5imimata. Varikatus kaitseb seadet otsese vihma ja muude keskkonnategurite eest.\",\"breadcrumb\":{\"@id\":\"https:\\\/\\\/fonolukk.eu\\\/et\\\/tooted\\\/dr-1-ulevalt-paigaldatav-varikatus-vihmakate-dd-5100-jaoks\\\/#breadcrumb\"},\"inLanguage\":\"et\",\"potentialAction\":[{\"@type\":\"ReadAction\",\"target\":[\"https:\\\/\\\/fonolukk.eu\\\/et\\\/tooted\\\/dr-1-ulevalt-paigaldatav-varikatus-vihmakate-dd-5100-jaoks\\\/\"]}]},{\"@type\":\"ImageObject\",\"inLanguage\":\"et\",\"@id\":\"https:\\\/\\\/fonolukk.eu\\\/et\\\/tooted\\\/dr-1-ulevalt-paigaldatav-varikatus-vihmakate-dd-5100-jaoks\\\/#primaryimage\",\"url\":\"https:\\\/\\\/fonolukk.eu\\\/wp-content\\\/uploads\\\/2024\\\/09\\\/dr-1-cover-dd-5100-1.png\",\"contentUrl\":\"https:\\\/\\\/fonolukk.eu\\\/wp-content\\\/uploads\\\/2024\\\/09\\\/dr-1-cover-dd-5100-1.png\",\"width\":1000,\"height\":1000,\"caption\":\"DR-1 over-the-top installation\"},{\"@type\":\"BreadcrumbList\",\"@id\":\"https:\\\/\\\/fonolukk.eu\\\/et\\\/tooted\\\/dr-1-ulevalt-paigaldatav-varikatus-vihmakate-dd-5100-jaoks\\\/#breadcrumb\",\"itemListElement\":[{\"@type\":\"ListItem\",\"position\":1,\"name\":\"Esileht\",\"item\":\"https:\\\/\\\/fonolukk.eu\\\/et\\\/koduleht\\\/\"},{\"@type\":\"ListItem\",\"position\":2,\"name\":\"Tooted\",\"item\":\"https:\\\/\\\/fonolukk.eu\\\/et\\\/shop-2\\\/\"},{\"@type\":\"ListItem\",\"position\":3,\"name\":\"Fonolukud\",\"item\":\"https:\\\/\\\/fonolukk.eu\\\/et\\\/product-category\\\/fonolukud\\\/\"},{\"@type\":\"ListItem\",\"position\":4,\"name\":\"DR-1 \u00fclevalt paigaldatav varikatus, vihmakate DD-5100 jaoks\"}]},{\"@type\":\"WebSite\",\"@id\":\"https:\\\/\\\/fonolukk.eu\\\/et\\\/#website\",\"url\":\"https:\\\/\\\/fonolukk.eu\\\/et\\\/\",\"name\":\"Fonolukk eu\",\"description\":\"Smart Security Systems\",\"publisher\":{\"@id\":\"https:\\\/\\\/fonolukk.eu\\\/et\\\/#organization\"},\"potentialAction\":[{\"@type\":\"SearchAction\",\"target\":{\"@type\":\"EntryPoint\",\"urlTemplate\":\"https:\\\/\\\/fonolukk.eu\\\/et\\\/?s={search_term_string}\"},\"query-input\":{\"@type\":\"PropertyValueSpecification\",\"valueRequired\":true,\"valueName\":\"search_term_string\"}}],\"inLanguage\":\"et\"},{\"@type\":\"Organization\",\"@id\":\"https:\\\/\\\/fonolukk.eu\\\/et\\\/#organization\",\"name\":\"Smart Security OU\",\"url\":\"https:\\\/\\\/fonolukk.eu\\\/et\\\/\",\"logo\":{\"@type\":\"ImageObject\",\"inLanguage\":\"et\",\"@id\":\"https:\\\/\\\/fonolukk.eu\\\/et\\\/#\\\/schema\\\/logo\\\/image\\\/\",\"url\":\"https:\\\/\\\/fonolukk.eu\\\/wp-content\\\/uploads\\\/2023\\\/09\\\/fonolukk.png\",\"contentUrl\":\"https:\\\/\\\/fonolukk.eu\\\/wp-content\\\/uploads\\\/2023\\\/09\\\/fonolukk.png\",\"width\":277,\"height\":274,\"caption\":\"Smart Security OU\"},\"image\":{\"@id\":\"https:\\\/\\\/fonolukk.eu\\\/et\\\/#\\\/schema\\\/logo\\\/image\\\/\"},\"sameAs\":[\"https:\\\/\\\/www.facebook.com\\\/fonolukk\",\"https:\\\/\\\/www.instagram.com\\\/fonolukk\\\/?hl=ru\"],\"publishingPrinciples\":\"https:\\\/\\\/fonolukk.eu\\\/terms-and-conditions\\\/\",\"ownershipFundingInfo\":\"https:\\\/\\\/fonolukk.eu\\\/about-us\\\/\"}]}<\/script>\n<meta property=\"product:brand\" content=\"Digitalas\" \/>\n<meta property=\"product:price:amount\" content=\"0.00\" \/>\n<meta property=\"product:price:currency\" content=\"EUR\" \/>\n<meta property=\"og:availability\" content=\"instock\" \/>\n<meta property=\"product:availability\" content=\"instock\" \/>\n<meta property=\"product:retailer_item_id\" content=\"DR-1\" \/>\n<meta property=\"product:condition\" content=\"new\" \/>\n<!-- \/ Yoast SEO Premium plugin. -->","yoast_head_json":{"title":"DR-1 \u00fclevalt paigaldatav varikatus, vihmakate DD-5100 jaoks - Fonolukk","description":"DR-1 \u00fclekrohvikinnitusvarikatus on vajalik telefoniluku DD-5100 paigaldamiseks seinale k\u00f5ige lihtsamal viisil, ilma seda krohvi sisse p\u00f5imimata. Varikatus kaitseb seadet otsese vihma ja muude keskkonnategurite eest.","robots":{"index":"index","follow":"follow","max-snippet":"max-snippet:-1","max-image-preview":"max-image-preview:large","max-video-preview":"max-video-preview:-1"},"canonical":"https:\/\/fonolukk.eu\/et\/tooted\/dr-1-ulevalt-paigaldatav-varikatus-vihmakate-dd-5100-jaoks\/","og_locale":"et_EE","og_type":"article","og_title":"DR-1 \u00fclevalt paigaldatav varikatus, vihmakate DD-5100 jaoks","og_description":"DR-1 \u00fclekrohvikinnitusvarikatus on vajalik telefoniluku DD-5100 paigaldamiseks seinale k\u00f5ige lihtsamal viisil, ilma seda krohvi sisse p\u00f5imimata. Varikatus kaitseb seadet otsese vihma ja muude keskkonnategurite eest.","og_url":"https:\/\/fonolukk.eu\/et\/tooted\/dr-1-ulevalt-paigaldatav-varikatus-vihmakate-dd-5100-jaoks\/","og_site_name":"Fonolukk","article_publisher":"https:\/\/www.facebook.com\/fonolukk","article_modified_time":"2025-01-09T10:53:55+00:00","og_image":[{"width":1000,"height":1000,"url":"https:\/\/fonolukk.eu\/wp-content\/uploads\/2024\/09\/dr-1-cover-dd-5100-1.png","type":"image\/png"}],"twitter_card":"summary_large_image","twitter_misc":{"Hind":"","Availability":"Laos"},"schema":{"@context":"https:\/\/schema.org","@graph":[{"@type":"WebPage","@id":"https:\/\/fonolukk.eu\/et\/tooted\/dr-1-ulevalt-paigaldatav-varikatus-vihmakate-dd-5100-jaoks\/","url":"https:\/\/fonolukk.eu\/et\/tooted\/dr-1-ulevalt-paigaldatav-varikatus-vihmakate-dd-5100-jaoks\/","name":"DR-1 \u00fclevalt paigaldatav varikatus, vihmakate DD-5100 jaoks - Fonolukk","isPartOf":{"@id":"https:\/\/fonolukk.eu\/et\/#website"},"primaryImageOfPage":{"@id":"https:\/\/fonolukk.eu\/et\/tooted\/dr-1-ulevalt-paigaldatav-varikatus-vihmakate-dd-5100-jaoks\/#primaryimage"},"image":{"@id":"https:\/\/fonolukk.eu\/et\/tooted\/dr-1-ulevalt-paigaldatav-varikatus-vihmakate-dd-5100-jaoks\/#primaryimage"},"thumbnailUrl":"https:\/\/fonolukk.eu\/wp-content\/uploads\/2024\/09\/dr-1-cover-dd-5100-1.png","datePublished":"2024-09-17T11:33:20+00:00","dateModified":"2025-01-09T10:53:55+00:00","description":"DR-1 \u00fclekrohvikinnitusvarikatus on vajalik telefoniluku DD-5100 paigaldamiseks seinale k\u00f5ige lihtsamal viisil, ilma seda krohvi sisse p\u00f5imimata. Varikatus kaitseb seadet otsese vihma ja muude keskkonnategurite eest.","breadcrumb":{"@id":"https:\/\/fonolukk.eu\/et\/tooted\/dr-1-ulevalt-paigaldatav-varikatus-vihmakate-dd-5100-jaoks\/#breadcrumb"},"inLanguage":"et","potentialAction":[{"@type":"ReadAction","target":["https:\/\/fonolukk.eu\/et\/tooted\/dr-1-ulevalt-paigaldatav-varikatus-vihmakate-dd-5100-jaoks\/"]}]},{"@type":"ImageObject","inLanguage":"et","@id":"https:\/\/fonolukk.eu\/et\/tooted\/dr-1-ulevalt-paigaldatav-varikatus-vihmakate-dd-5100-jaoks\/#primaryimage","url":"https:\/\/fonolukk.eu\/wp-content\/uploads\/2024\/09\/dr-1-cover-dd-5100-1.png","contentUrl":"https:\/\/fonolukk.eu\/wp-content\/uploads\/2024\/09\/dr-1-cover-dd-5100-1.png","width":1000,"height":1000,"caption":"DR-1 over-the-top installation"},{"@type":"BreadcrumbList","@id":"https:\/\/fonolukk.eu\/et\/tooted\/dr-1-ulevalt-paigaldatav-varikatus-vihmakate-dd-5100-jaoks\/#breadcrumb","itemListElement":[{"@type":"ListItem","position":1,"name":"Esileht","item":"https:\/\/fonolukk.eu\/et\/koduleht\/"},{"@type":"ListItem","position":2,"name":"Tooted","item":"https:\/\/fonolukk.eu\/et\/shop-2\/"},{"@type":"ListItem","position":3,"name":"Fonolukud","item":"https:\/\/fonolukk.eu\/et\/product-category\/fonolukud\/"},{"@type":"ListItem","position":4,"name":"DR-1 \u00fclevalt paigaldatav varikatus, vihmakate DD-5100 jaoks"}]},{"@type":"WebSite","@id":"https:\/\/fonolukk.eu\/et\/#website","url":"https:\/\/fonolukk.eu\/et\/","name":"Fonolukk eu","description":"Smart Security Systems","publisher":{"@id":"https:\/\/fonolukk.eu\/et\/#organization"},"potentialAction":[{"@type":"SearchAction","target":{"@type":"EntryPoint","urlTemplate":"https:\/\/fonolukk.eu\/et\/?s={search_term_string}"},"query-input":{"@type":"PropertyValueSpecification","valueRequired":true,"valueName":"search_term_string"}}],"inLanguage":"et"},{"@type":"Organization","@id":"https:\/\/fonolukk.eu\/et\/#organization","name":"Smart Security OU","url":"https:\/\/fonolukk.eu\/et\/","logo":{"@type":"ImageObject","inLanguage":"et","@id":"https:\/\/fonolukk.eu\/et\/#\/schema\/logo\/image\/","url":"https:\/\/fonolukk.eu\/wp-content\/uploads\/2023\/09\/fonolukk.png","contentUrl":"https:\/\/fonolukk.eu\/wp-content\/uploads\/2023\/09\/fonolukk.png","width":277,"height":274,"caption":"Smart Security OU"},"image":{"@id":"https:\/\/fonolukk.eu\/et\/#\/schema\/logo\/image\/"},"sameAs":["https:\/\/www.facebook.com\/fonolukk","https:\/\/www.instagram.com\/fonolukk\/?hl=ru"],"publishingPrinciples":"https:\/\/fonolukk.eu\/terms-and-conditions\/","ownershipFundingInfo":"https:\/\/fonolukk.eu\/about-us\/"}]},"product_brand":"Digitalas","product_price_amount":"0.00","product_price_currency":"EUR","og_availability":"instock","product_availability":"instock","product_retailer_item_id":"DR-1","product_condition":"new"},"_links":{"self":[{"href":"https:\/\/fonolukk.eu\/et\/wp-json\/wp\/v2\/product\/19069","targetHints":{"allow":["GET"]}}],"collection":[{"href":"https:\/\/fonolukk.eu\/et\/wp-json\/wp\/v2\/product"}],"about":[{"href":"https:\/\/fonolukk.eu\/et\/wp-json\/wp\/v2\/types\/product"}],"version-history":[{"count":2,"href":"https:\/\/fonolukk.eu\/et\/wp-json\/wp\/v2\/product\/19069\/revisions"}],"predecessor-version":[{"id":19548,"href":"https:\/\/fonolukk.eu\/et\/wp-json\/wp\/v2\/product\/19069\/revisions\/19548"}],"wp:featuredmedia":[{"embeddable":true,"href":"https:\/\/fonolukk.eu\/et\/wp-json\/wp\/v2\/media\/19088"}],"wp:attachment":[{"href":"https:\/\/fonolukk.eu\/et\/wp-json\/wp\/v2\/media?parent=19069"}],"wp:term":[{"taxonomy":"product_brand","embeddable":true,"href":"https:\/\/fonolukk.eu\/et\/wp-json\/wp\/v2\/product_brand?post=19069"},{"taxonomy":"product_cat","embeddable":true,"href":"https:\/\/fonolukk.eu\/et\/wp-json\/wp\/v2\/product_cat?post=19069"},{"taxonomy":"product_tag","embeddable":true,"href":"https:\/\/fonolukk.eu\/et\/wp-json\/wp\/v2\/product_tag?post=19069"}],"curies":[{"name":"wp","href":"https:\/\/api.w.org\/{rel}","templated":true}]}}