{"id":19347,"date":"2024-12-02T08:59:11","date_gmt":"2024-12-02T06:59:12","guid":{"rendered":"https:\/\/fonolukk.eu\/?post_type=product&#038;p=19347"},"modified":"2025-01-09T12:56:29","modified_gmt":"2025-01-09T10:56:29","slug":"spetsialiseeritud-ethernet-rs-485-konverter-x2","status":"publish","type":"product","link":"https:\/\/fonolukk.eu\/et\/tooted\/spetsialiseeritud-ethernet-rs-485-konverter-x2\/","title":{"rendered":"Spetsialiseeritud Ethernet\/RS-485 konverter x2"},"content":{"rendered":"<h2>Peamised omadused:<\/h2>\n<div>\n<ul>\n<li>T\u00f6\u00f6tage juurdep\u00e4\u00e4sukontrollis\u00fcsteemi kohaliku tarkvara ja pilveteenustega HTTP-protokolli kaudu<br \/>\n(ei vaja t\u00e4iendavat v\u00f5rgukonfiguratsiooni)<\/li>\n<li>Juurdep\u00e4\u00e4s RS-485 siini seadmetele Etherneti kaudu<\/li>\n<li>Kaks RS-485 porti (\u00fcks galvaaniliselt isoleeritud kuni 1000 volti)<\/li>\n<li>TCP\/IP-protokolli t\u00f6\u00f6<\/li>\n<li>\u00dchenduse seadistusre\u017eiimid: &#8220;klient&#8221; ja\/v\u00f5i &#8220;server&#8221;<\/li>\n<li>NVT (v\u00f5rgu virtuaalterminali) protokolli tugi<\/li>\n<li><b>Online Commander\u00a0<\/b>\u00a0\u2013 Z-397 konverteritega \u00fchendatud v\u00f5rgukontrollerite (mod. WEB) juhtimiseks veebibrauseris<\/li>\n<li>Draiverite saadavus enamiku operatsioonis\u00fcsteemide jaoks (virtuaalne COM-port)<\/li>\n<li>Seadistamine USB-pordi (Flash Disk) kaudu, samuti kaugjuhtimisega TELNET-protokolli kaudu<\/li>\n<li>P\u00fcsivara v\u00e4rskendus<\/li>\n<li>Mehaaniline lukk konfiguratsiooni muutmiseks ja p\u00fcsivara v\u00e4rskendamiseks<\/li>\n<li>RS-485 paketi terviklikkuse j\u00e4lgimine edastamise ajal<\/li>\n<li>T\u00f6\u00f6re\u017eiimide m\u00e4rge<\/li>\n<\/ul>\n<h2>Tehnilised andmed:<\/h2>\n<ul>\n<li><b>Ehternet:<\/b>\u00a0\u00a0Etherneti RJ45 liides (10\/100BASE-T, Ethernet II ja IEEE 802.3)<\/li>\n<li>Protokollid IPv4, ARP, TCP, TELNET, ICMP, UDP, DHCP, HTTP, NVT<\/li>\n<li>RS-485 liinide arv: 2<\/li>\n<li>Kiirus: kuni 115200 bps<\/li>\n<li>1 &#8211; 1 kV liini galvaaniline isolatsioon<\/li>\n<li>Liini 2 galvaaniline isolatsioon &#8211; ei<\/li>\n<li>Pistik: USB t\u00fc\u00fcp B<\/li>\n<li>Versioon: USB 2.0<\/li>\n<li>Toitepinge: 8-18V DC v\u00f5i 7-14V AC<\/li>\n<li>Voolutarve: mitte rohkem kui 100 mA (12 V alalisvoolu juures)<\/li>\n<li>T\u00f6\u00f6temperatuur: +5\u00b0\u0421 +40\u00b0\u0421<\/li>\n<li>Niiskus (mittekondenseeruv): 5%&#8230;95%<\/li>\n<li>Korpuse materjal: ABS plastik<\/li>\n<li>Kaal: 100 g<\/li>\n<li>\u00dcldm\u00f5\u00f5tmed (mm): 100x85x30<\/li>\n<\/ul>\n<\/div>\n","protected":false},"excerpt":{"rendered":"<div class=\"flex max-w-full flex-col flex-grow\">\n<div class=\"min-h-8 text-message flex w-full flex-col items-end gap-2 whitespace-normal break-words [.text-message+&amp;]:mt-5\" dir=\"auto\" data-message-author-role=\"assistant\" data-message-id=\"3acc7f87-2f1a-4633-bd29-0be7cc92a1ae\" data-message-model-slug=\"gpt-4o\">\n<div class=\"flex w-full flex-col gap-1 empty:hidden first:pt-[3px]\">\n<div class=\"markdown prose w-full break-words dark:prose-invert dark\">\n<p>Z-397 on usaldusv\u00e4\u00e4rne ja mitmek\u00fclgne Ethernet-RS-485 muundur, mis \u00fchendab h\u00f5lpsalt Etherneti v\u00f5rgud RS-485 seadmetega. See tagab kiire ja t\u00f5husa andmevahetuse ning sobib h\u00e4sti t\u00f6\u00f6stuss\u00fcsteemidesse. Z-397 on ideaalne lahendus automatiseerimise, j\u00e4lgimise ja juhtimise jaoks.<\/p>\n<\/div>\n<\/div>\n<\/div>\n<\/div>\n[wpdm_package id='19357']\n","protected":false},"featured_media":19350,"template":"","meta":[],"product_brand":[],"product_cat":[870,1480,866],"product_tag":[1672,1673],"class_list":{"0":"post-19347","1":"product","2":"type-product","3":"status-publish","4":"has-post-thumbnail","6":"product_cat-kontroller","7":"product_cat-network-kontroller","8":"product_cat-labipaasususteem","9":"product_tag-ironlogic-et","10":"product_tag-z-397-et","11":"pa_brand-ironlogic-et","13":"first","14":"instock","15":"taxable","16":"shipping-taxable","17":"product-type-simple"},"yoast_head":"<!-- This site is optimized with the Yoast SEO Premium plugin v27.3 (Yoast SEO v27.3) - https:\/\/yoast.com\/product\/yoast-seo-premium-wordpress\/ -->\n<title>Spetsialiseeritud Ethernet\/RS-485 konverter x2 - Fonolukk<\/title>\n<meta name=\"description\" content=\"Z-397 on v\u00e4ga usaldusv\u00e4\u00e4rne ja mitmek\u00fclgne Ethernet-RS-485 muundur, mis on loodud Ethernet-v\u00f5rkude vahelise t\u00f5rgeteta suhtluse h\u00f5lbustamiseks.\" \/>\n<meta name=\"robots\" content=\"index, follow, max-snippet:-1, max-image-preview:large, max-video-preview:-1\" \/>\n<link rel=\"canonical\" href=\"https:\/\/fonolukk.eu\/et\/tooted\/spetsialiseeritud-ethernet-rs-485-konverter-x2\/\" \/>\n<meta property=\"og:locale\" content=\"et_EE\" \/>\n<meta property=\"og:type\" content=\"article\" \/>\n<meta property=\"og:title\" content=\"Spetsialiseeritud Ethernet\/RS-485 konverter x2\" \/>\n<meta property=\"og:description\" content=\"Z-397 on usaldusv\u00e4\u00e4rne ja mitmek\u00fclgne Ethernet-RS-485 muundur, mis \u00fchendab h\u00f5lpsalt Etherneti v\u00f5rgud RS-485 seadmetega. See tagab kiire ja t\u00f5husa andmevahetuse ning sobib h\u00e4sti t\u00f6\u00f6stuss\u00fcsteemidesse. Z-397 on ideaalne lahendus automatiseerimise, j\u00e4lgimise ja juhtimise jaoks.\" \/>\n<meta property=\"og:url\" content=\"https:\/\/fonolukk.eu\/et\/tooted\/spetsialiseeritud-ethernet-rs-485-konverter-x2\/\" \/>\n<meta property=\"og:site_name\" content=\"Fonolukk\" \/>\n<meta property=\"article:publisher\" content=\"https:\/\/www.facebook.com\/fonolukk\" \/>\n<meta property=\"article:modified_time\" content=\"2025-01-09T10:56:29+00:00\" \/>\n<meta property=\"og:image\" content=\"https:\/\/fonolukk.eu\/wp-content\/uploads\/2024\/12\/z397web.webp\" \/>\n\t<meta property=\"og:image:width\" content=\"1200\" \/>\n\t<meta property=\"og:image:height\" content=\"1200\" \/>\n\t<meta property=\"og:image:type\" content=\"image\/webp\" \/>\n<meta name=\"twitter:card\" content=\"summary_large_image\" \/>\n<meta name=\"twitter:label1\" content=\"Hind\" \/>\n\t<meta name=\"twitter:data1\" content=\"\" \/>\n\t<meta name=\"twitter:label2\" content=\"Availability\" \/>\n\t<meta name=\"twitter:data2\" content=\"Laos\" \/>\n<script type=\"application\/ld+json\" class=\"yoast-schema-graph\">{\"@context\":\"https:\\\/\\\/schema.org\",\"@graph\":[{\"@type\":\"WebPage\",\"@id\":\"https:\\\/\\\/fonolukk.eu\\\/et\\\/tooted\\\/spetsialiseeritud-ethernet-rs-485-konverter-x2\\\/\",\"url\":\"https:\\\/\\\/fonolukk.eu\\\/et\\\/tooted\\\/spetsialiseeritud-ethernet-rs-485-konverter-x2\\\/\",\"name\":\"Spetsialiseeritud Ethernet\\\/RS-485 konverter x2 - Fonolukk\",\"isPartOf\":{\"@id\":\"https:\\\/\\\/fonolukk.eu\\\/et\\\/#website\"},\"primaryImageOfPage\":{\"@id\":\"https:\\\/\\\/fonolukk.eu\\\/et\\\/tooted\\\/spetsialiseeritud-ethernet-rs-485-konverter-x2\\\/#primaryimage\"},\"image\":{\"@id\":\"https:\\\/\\\/fonolukk.eu\\\/et\\\/tooted\\\/spetsialiseeritud-ethernet-rs-485-konverter-x2\\\/#primaryimage\"},\"thumbnailUrl\":\"https:\\\/\\\/fonolukk.eu\\\/wp-content\\\/uploads\\\/2024\\\/12\\\/z397web.webp\",\"datePublished\":\"2024-12-02T06:59:12+00:00\",\"dateModified\":\"2025-01-09T10:56:29+00:00\",\"description\":\"Z-397 on v\u00e4ga usaldusv\u00e4\u00e4rne ja mitmek\u00fclgne Ethernet-RS-485 muundur, mis on loodud Ethernet-v\u00f5rkude vahelise t\u00f5rgeteta suhtluse h\u00f5lbustamiseks.\",\"breadcrumb\":{\"@id\":\"https:\\\/\\\/fonolukk.eu\\\/et\\\/tooted\\\/spetsialiseeritud-ethernet-rs-485-konverter-x2\\\/#breadcrumb\"},\"inLanguage\":\"et\",\"potentialAction\":[{\"@type\":\"ReadAction\",\"target\":[\"https:\\\/\\\/fonolukk.eu\\\/et\\\/tooted\\\/spetsialiseeritud-ethernet-rs-485-konverter-x2\\\/\"]}]},{\"@type\":\"ImageObject\",\"inLanguage\":\"et\",\"@id\":\"https:\\\/\\\/fonolukk.eu\\\/et\\\/tooted\\\/spetsialiseeritud-ethernet-rs-485-konverter-x2\\\/#primaryimage\",\"url\":\"https:\\\/\\\/fonolukk.eu\\\/wp-content\\\/uploads\\\/2024\\\/12\\\/z397web.webp\",\"contentUrl\":\"https:\\\/\\\/fonolukk.eu\\\/wp-content\\\/uploads\\\/2024\\\/12\\\/z397web.webp\",\"width\":1200,\"height\":1200,\"caption\":\"Converter Z-397\"},{\"@type\":\"BreadcrumbList\",\"@id\":\"https:\\\/\\\/fonolukk.eu\\\/et\\\/tooted\\\/spetsialiseeritud-ethernet-rs-485-konverter-x2\\\/#breadcrumb\",\"itemListElement\":[{\"@type\":\"ListItem\",\"position\":1,\"name\":\"Esileht\",\"item\":\"https:\\\/\\\/fonolukk.eu\\\/et\\\/koduleht\\\/\"},{\"@type\":\"ListItem\",\"position\":2,\"name\":\"Tooted\",\"item\":\"https:\\\/\\\/fonolukk.eu\\\/et\\\/shop-2\\\/\"},{\"@type\":\"ListItem\",\"position\":3,\"name\":\"L\u00e4bip\u00e4\u00e4sus\u00fcsteem\",\"item\":\"https:\\\/\\\/fonolukk.eu\\\/et\\\/product-category\\\/labipaasususteem\\\/\"},{\"@type\":\"ListItem\",\"position\":4,\"name\":\"Spetsialiseeritud Ethernet\\\/RS-485 konverter x2\"}]},{\"@type\":\"WebSite\",\"@id\":\"https:\\\/\\\/fonolukk.eu\\\/et\\\/#website\",\"url\":\"https:\\\/\\\/fonolukk.eu\\\/et\\\/\",\"name\":\"Fonolukk eu\",\"description\":\"Smart Security Systems\",\"publisher\":{\"@id\":\"https:\\\/\\\/fonolukk.eu\\\/et\\\/#organization\"},\"potentialAction\":[{\"@type\":\"SearchAction\",\"target\":{\"@type\":\"EntryPoint\",\"urlTemplate\":\"https:\\\/\\\/fonolukk.eu\\\/et\\\/?s={search_term_string}\"},\"query-input\":{\"@type\":\"PropertyValueSpecification\",\"valueRequired\":true,\"valueName\":\"search_term_string\"}}],\"inLanguage\":\"et\"},{\"@type\":\"Organization\",\"@id\":\"https:\\\/\\\/fonolukk.eu\\\/et\\\/#organization\",\"name\":\"Smart Security OU\",\"url\":\"https:\\\/\\\/fonolukk.eu\\\/et\\\/\",\"logo\":{\"@type\":\"ImageObject\",\"inLanguage\":\"et\",\"@id\":\"https:\\\/\\\/fonolukk.eu\\\/et\\\/#\\\/schema\\\/logo\\\/image\\\/\",\"url\":\"https:\\\/\\\/fonolukk.eu\\\/wp-content\\\/uploads\\\/2023\\\/09\\\/fonolukk.png\",\"contentUrl\":\"https:\\\/\\\/fonolukk.eu\\\/wp-content\\\/uploads\\\/2023\\\/09\\\/fonolukk.png\",\"width\":277,\"height\":274,\"caption\":\"Smart Security OU\"},\"image\":{\"@id\":\"https:\\\/\\\/fonolukk.eu\\\/et\\\/#\\\/schema\\\/logo\\\/image\\\/\"},\"sameAs\":[\"https:\\\/\\\/www.facebook.com\\\/fonolukk\",\"https:\\\/\\\/www.instagram.com\\\/fonolukk\\\/?hl=ru\"],\"publishingPrinciples\":\"https:\\\/\\\/fonolukk.eu\\\/terms-and-conditions\\\/\",\"ownershipFundingInfo\":\"https:\\\/\\\/fonolukk.eu\\\/about-us\\\/\"}]}<\/script>\n<meta property=\"product:brand\" content=\"IronLogic\" \/>\n<meta property=\"product:price:amount\" content=\"0.00\" \/>\n<meta property=\"product:price:currency\" content=\"EUR\" \/>\n<meta property=\"og:availability\" content=\"instock\" \/>\n<meta property=\"product:availability\" content=\"instock\" \/>\n<meta property=\"product:retailer_item_id\" content=\"Z-397\" \/>\n<meta property=\"product:condition\" content=\"new\" \/>\n<!-- \/ Yoast SEO Premium plugin. -->","yoast_head_json":{"title":"Spetsialiseeritud Ethernet\/RS-485 konverter x2 - Fonolukk","description":"Z-397 on v\u00e4ga usaldusv\u00e4\u00e4rne ja mitmek\u00fclgne Ethernet-RS-485 muundur, mis on loodud Ethernet-v\u00f5rkude vahelise t\u00f5rgeteta suhtluse h\u00f5lbustamiseks.","robots":{"index":"index","follow":"follow","max-snippet":"max-snippet:-1","max-image-preview":"max-image-preview:large","max-video-preview":"max-video-preview:-1"},"canonical":"https:\/\/fonolukk.eu\/et\/tooted\/spetsialiseeritud-ethernet-rs-485-konverter-x2\/","og_locale":"et_EE","og_type":"article","og_title":"Spetsialiseeritud Ethernet\/RS-485 konverter x2","og_description":"Z-397 on usaldusv\u00e4\u00e4rne ja mitmek\u00fclgne Ethernet-RS-485 muundur, mis \u00fchendab h\u00f5lpsalt Etherneti v\u00f5rgud RS-485 seadmetega. See tagab kiire ja t\u00f5husa andmevahetuse ning sobib h\u00e4sti t\u00f6\u00f6stuss\u00fcsteemidesse. Z-397 on ideaalne lahendus automatiseerimise, j\u00e4lgimise ja juhtimise jaoks.","og_url":"https:\/\/fonolukk.eu\/et\/tooted\/spetsialiseeritud-ethernet-rs-485-konverter-x2\/","og_site_name":"Fonolukk","article_publisher":"https:\/\/www.facebook.com\/fonolukk","article_modified_time":"2025-01-09T10:56:29+00:00","og_image":[{"width":1200,"height":1200,"url":"https:\/\/fonolukk.eu\/wp-content\/uploads\/2024\/12\/z397web.webp","type":"image\/webp"}],"twitter_card":"summary_large_image","twitter_misc":{"Hind":"","Availability":"Laos"},"schema":{"@context":"https:\/\/schema.org","@graph":[{"@type":"WebPage","@id":"https:\/\/fonolukk.eu\/et\/tooted\/spetsialiseeritud-ethernet-rs-485-konverter-x2\/","url":"https:\/\/fonolukk.eu\/et\/tooted\/spetsialiseeritud-ethernet-rs-485-konverter-x2\/","name":"Spetsialiseeritud Ethernet\/RS-485 konverter x2 - Fonolukk","isPartOf":{"@id":"https:\/\/fonolukk.eu\/et\/#website"},"primaryImageOfPage":{"@id":"https:\/\/fonolukk.eu\/et\/tooted\/spetsialiseeritud-ethernet-rs-485-konverter-x2\/#primaryimage"},"image":{"@id":"https:\/\/fonolukk.eu\/et\/tooted\/spetsialiseeritud-ethernet-rs-485-konverter-x2\/#primaryimage"},"thumbnailUrl":"https:\/\/fonolukk.eu\/wp-content\/uploads\/2024\/12\/z397web.webp","datePublished":"2024-12-02T06:59:12+00:00","dateModified":"2025-01-09T10:56:29+00:00","description":"Z-397 on v\u00e4ga usaldusv\u00e4\u00e4rne ja mitmek\u00fclgne Ethernet-RS-485 muundur, mis on loodud Ethernet-v\u00f5rkude vahelise t\u00f5rgeteta suhtluse h\u00f5lbustamiseks.","breadcrumb":{"@id":"https:\/\/fonolukk.eu\/et\/tooted\/spetsialiseeritud-ethernet-rs-485-konverter-x2\/#breadcrumb"},"inLanguage":"et","potentialAction":[{"@type":"ReadAction","target":["https:\/\/fonolukk.eu\/et\/tooted\/spetsialiseeritud-ethernet-rs-485-konverter-x2\/"]}]},{"@type":"ImageObject","inLanguage":"et","@id":"https:\/\/fonolukk.eu\/et\/tooted\/spetsialiseeritud-ethernet-rs-485-konverter-x2\/#primaryimage","url":"https:\/\/fonolukk.eu\/wp-content\/uploads\/2024\/12\/z397web.webp","contentUrl":"https:\/\/fonolukk.eu\/wp-content\/uploads\/2024\/12\/z397web.webp","width":1200,"height":1200,"caption":"Converter Z-397"},{"@type":"BreadcrumbList","@id":"https:\/\/fonolukk.eu\/et\/tooted\/spetsialiseeritud-ethernet-rs-485-konverter-x2\/#breadcrumb","itemListElement":[{"@type":"ListItem","position":1,"name":"Esileht","item":"https:\/\/fonolukk.eu\/et\/koduleht\/"},{"@type":"ListItem","position":2,"name":"Tooted","item":"https:\/\/fonolukk.eu\/et\/shop-2\/"},{"@type":"ListItem","position":3,"name":"L\u00e4bip\u00e4\u00e4sus\u00fcsteem","item":"https:\/\/fonolukk.eu\/et\/product-category\/labipaasususteem\/"},{"@type":"ListItem","position":4,"name":"Spetsialiseeritud Ethernet\/RS-485 konverter x2"}]},{"@type":"WebSite","@id":"https:\/\/fonolukk.eu\/et\/#website","url":"https:\/\/fonolukk.eu\/et\/","name":"Fonolukk eu","description":"Smart Security Systems","publisher":{"@id":"https:\/\/fonolukk.eu\/et\/#organization"},"potentialAction":[{"@type":"SearchAction","target":{"@type":"EntryPoint","urlTemplate":"https:\/\/fonolukk.eu\/et\/?s={search_term_string}"},"query-input":{"@type":"PropertyValueSpecification","valueRequired":true,"valueName":"search_term_string"}}],"inLanguage":"et"},{"@type":"Organization","@id":"https:\/\/fonolukk.eu\/et\/#organization","name":"Smart Security OU","url":"https:\/\/fonolukk.eu\/et\/","logo":{"@type":"ImageObject","inLanguage":"et","@id":"https:\/\/fonolukk.eu\/et\/#\/schema\/logo\/image\/","url":"https:\/\/fonolukk.eu\/wp-content\/uploads\/2023\/09\/fonolukk.png","contentUrl":"https:\/\/fonolukk.eu\/wp-content\/uploads\/2023\/09\/fonolukk.png","width":277,"height":274,"caption":"Smart Security OU"},"image":{"@id":"https:\/\/fonolukk.eu\/et\/#\/schema\/logo\/image\/"},"sameAs":["https:\/\/www.facebook.com\/fonolukk","https:\/\/www.instagram.com\/fonolukk\/?hl=ru"],"publishingPrinciples":"https:\/\/fonolukk.eu\/terms-and-conditions\/","ownershipFundingInfo":"https:\/\/fonolukk.eu\/about-us\/"}]},"product_brand":"IronLogic","product_price_amount":"0.00","product_price_currency":"EUR","og_availability":"instock","product_availability":"instock","product_retailer_item_id":"Z-397","product_condition":"new"},"_links":{"self":[{"href":"https:\/\/fonolukk.eu\/et\/wp-json\/wp\/v2\/product\/19347","targetHints":{"allow":["GET"]}}],"collection":[{"href":"https:\/\/fonolukk.eu\/et\/wp-json\/wp\/v2\/product"}],"about":[{"href":"https:\/\/fonolukk.eu\/et\/wp-json\/wp\/v2\/types\/product"}],"version-history":[{"count":2,"href":"https:\/\/fonolukk.eu\/et\/wp-json\/wp\/v2\/product\/19347\/revisions"}],"predecessor-version":[{"id":19553,"href":"https:\/\/fonolukk.eu\/et\/wp-json\/wp\/v2\/product\/19347\/revisions\/19553"}],"wp:featuredmedia":[{"embeddable":true,"href":"https:\/\/fonolukk.eu\/et\/wp-json\/wp\/v2\/media\/19350"}],"wp:attachment":[{"href":"https:\/\/fonolukk.eu\/et\/wp-json\/wp\/v2\/media?parent=19347"}],"wp:term":[{"taxonomy":"product_brand","embeddable":true,"href":"https:\/\/fonolukk.eu\/et\/wp-json\/wp\/v2\/product_brand?post=19347"},{"taxonomy":"product_cat","embeddable":true,"href":"https:\/\/fonolukk.eu\/et\/wp-json\/wp\/v2\/product_cat?post=19347"},{"taxonomy":"product_tag","embeddable":true,"href":"https:\/\/fonolukk.eu\/et\/wp-json\/wp\/v2\/product_tag?post=19347"}],"curies":[{"name":"wp","href":"https:\/\/api.w.org\/{rel}","templated":true}]}}