{"id":19376,"date":"2024-12-02T11:50:23","date_gmt":"2024-12-02T09:50:24","guid":{"rendered":"https:\/\/fonolukk.eu\/?post_type=product&#038;p=19376"},"modified":"2025-01-09T12:58:03","modified_gmt":"2025-01-09T10:58:03","slug":"cyfral-pc-3000r","status":"publish","type":"product","link":"https:\/\/fonolukk.eu\/et\/tooted\/cyfral-pc-3000r\/","title":{"rendered":"CYFRAL PC-3000R"},"content":{"rendered":"<p>PC-3000R digitaalne paneel on roostevabast terasest paneel, millel on RFID-v\u00f5tmelugeja. See on saadaval pinnapealse ja s\u00fcvistatava versioonina.<br \/>\nSellel on taustvalgustusega mehaaniline klaviatuur, mis toimib koodlukuna.<\/p>\n<p>T\u00f6\u00f6tab Viziti sisetelefonidega.<\/p>\n<p>M\u00f5eldud paljude elanike ja \u00e4ripindadega madala- ja k\u00f5rgekorruseliste hoonete uuteks paigaldusteks ja moderniseerimiseks.<\/p>\n<p><strong>M\u00f5\u00f5dud:<\/strong><\/p>\n<p>K\u00f5rgus: 240mm\/225mm<br \/>\nLaius: 100mm\/82mm<br \/>\nS\u00fcgavus: 2mm\/35mm<\/p>\n","protected":false},"excerpt":{"rendered":"<p>Fonolukupaneel <strong>CYFRAL PC300R<\/strong> (\u00fchilduv VIZIT fonotelefonidega)<\/p>\n<ul>\n<li>Kahepoolse suhtluse v\u00f5imalus<\/li>\n<li>Taustavalgustusega klahvistik<\/li>\n<li>Sobib erinevat t\u00fc\u00fcpi lukkude juhtimiseks<\/li>\n<li>Sisseehitatud RFID-lugeja (125 kHz)<\/li>\n<li>Kasutamiseks koos juhtplokiga <strong>CC-1000U<\/strong><\/li>\n<li>Pinnapealse paigaldusega<\/li>\n<li>M\u00f5\u00f5tmed: 102 \u00d7 242 \u00d7 48 mm<\/li>\n<li>T\u00f6\u00f6temperatuur: -20\u00b0C kuni +45\u00b0C<\/li>\n<\/ul>\n","protected":false},"featured_media":19379,"template":"","meta":[],"product_brand":[],"product_cat":[606,910],"product_tag":[1679,1678],"class_list":{"0":"post-19376","1":"product","2":"type-product","3":"status-publish","4":"has-post-thumbnail","6":"product_cat-fonolukud","7":"product_cat-vizit-et-2","8":"product_tag-cyfral-et","9":"product_tag-fonolukk-et","11":"first","12":"instock","13":"taxable","14":"shipping-taxable","15":"product-type-simple"},"yoast_head":"<!-- This site is optimized with the Yoast SEO Premium plugin v27.3 (Yoast SEO v27.3) - https:\/\/yoast.com\/product\/yoast-seo-premium-wordpress\/ -->\n<title>CYFRAL PC-3000R - Fonolukk<\/title>\n<meta name=\"description\" content=\"CYFRAL PC-3000R | PC-3000R digitaalne paneel on roostevabast terasest paneel, millel on RFID-v\u00f5tmelugeja.\" \/>\n<meta name=\"robots\" content=\"index, follow, max-snippet:-1, max-image-preview:large, max-video-preview:-1\" \/>\n<link rel=\"canonical\" href=\"https:\/\/fonolukk.eu\/et\/tooted\/cyfral-pc-3000r\/\" \/>\n<meta property=\"og:locale\" content=\"et_EE\" \/>\n<meta property=\"og:type\" content=\"article\" \/>\n<meta property=\"og:title\" content=\"CYFRAL PC-3000R\" \/>\n<meta property=\"og:description\" content=\"Fonolukupaneel CYFRAL PC300R (\u00fchilduv VIZIT fonotelefonidega)   Kahepoolse suhtluse v\u00f5imalus  Taustavalgustusega klahvistik  Sobib erinevat t\u00fc\u00fcpi lukkude juhtimiseks  Sisseehitatud RFID-lugeja (125 kHz)  Kasutamiseks koos juhtplokiga CC-1000U  Pinnapealse paigaldusega  M\u00f5\u00f5tmed: 102 \u00d7 242 \u00d7 48 mm  T\u00f6\u00f6temperatuur: -20\u00b0C kuni +45\u00b0C\" \/>\n<meta property=\"og:url\" content=\"https:\/\/fonolukk.eu\/et\/tooted\/cyfral-pc-3000r\/\" \/>\n<meta property=\"og:site_name\" content=\"Fonolukk\" \/>\n<meta property=\"article:publisher\" content=\"https:\/\/www.facebook.com\/fonolukk\" \/>\n<meta property=\"article:modified_time\" content=\"2025-01-09T10:58:03+00:00\" \/>\n<meta property=\"og:image\" content=\"https:\/\/fonolukk.eu\/wp-content\/uploads\/2024\/12\/cyfral-pc-3000r.webp\" \/>\n\t<meta property=\"og:image:width\" content=\"803\" \/>\n\t<meta property=\"og:image:height\" content=\"837\" \/>\n\t<meta property=\"og:image:type\" content=\"image\/webp\" \/>\n<meta name=\"twitter:card\" content=\"summary_large_image\" \/>\n<meta name=\"twitter:label1\" content=\"Hind\" \/>\n\t<meta name=\"twitter:data1\" content=\"\" \/>\n\t<meta name=\"twitter:label2\" content=\"Availability\" \/>\n\t<meta name=\"twitter:data2\" content=\"Laos\" \/>\n<script type=\"application\/ld+json\" class=\"yoast-schema-graph\">{\"@context\":\"https:\\\/\\\/schema.org\",\"@graph\":[{\"@type\":\"WebPage\",\"@id\":\"https:\\\/\\\/fonolukk.eu\\\/et\\\/tooted\\\/cyfral-pc-3000r\\\/\",\"url\":\"https:\\\/\\\/fonolukk.eu\\\/et\\\/tooted\\\/cyfral-pc-3000r\\\/\",\"name\":\"CYFRAL PC-3000R - Fonolukk\",\"isPartOf\":{\"@id\":\"https:\\\/\\\/fonolukk.eu\\\/et\\\/#website\"},\"primaryImageOfPage\":{\"@id\":\"https:\\\/\\\/fonolukk.eu\\\/et\\\/tooted\\\/cyfral-pc-3000r\\\/#primaryimage\"},\"image\":{\"@id\":\"https:\\\/\\\/fonolukk.eu\\\/et\\\/tooted\\\/cyfral-pc-3000r\\\/#primaryimage\"},\"thumbnailUrl\":\"https:\\\/\\\/fonolukk.eu\\\/wp-content\\\/uploads\\\/2024\\\/12\\\/cyfral-pc-3000r.webp\",\"datePublished\":\"2024-12-02T09:50:24+00:00\",\"dateModified\":\"2025-01-09T10:58:03+00:00\",\"description\":\"CYFRAL PC-3000R | PC-3000R digitaalne paneel on roostevabast terasest paneel, millel on RFID-v\u00f5tmelugeja.\",\"breadcrumb\":{\"@id\":\"https:\\\/\\\/fonolukk.eu\\\/et\\\/tooted\\\/cyfral-pc-3000r\\\/#breadcrumb\"},\"inLanguage\":\"et\",\"potentialAction\":[{\"@type\":\"ReadAction\",\"target\":[\"https:\\\/\\\/fonolukk.eu\\\/et\\\/tooted\\\/cyfral-pc-3000r\\\/\"]}]},{\"@type\":\"ImageObject\",\"inLanguage\":\"et\",\"@id\":\"https:\\\/\\\/fonolukk.eu\\\/et\\\/tooted\\\/cyfral-pc-3000r\\\/#primaryimage\",\"url\":\"https:\\\/\\\/fonolukk.eu\\\/wp-content\\\/uploads\\\/2024\\\/12\\\/cyfral-pc-3000r.webp\",\"contentUrl\":\"https:\\\/\\\/fonolukk.eu\\\/wp-content\\\/uploads\\\/2024\\\/12\\\/cyfral-pc-3000r.webp\",\"width\":803,\"height\":837,\"caption\":\"Cyfral 3000R\"},{\"@type\":\"BreadcrumbList\",\"@id\":\"https:\\\/\\\/fonolukk.eu\\\/et\\\/tooted\\\/cyfral-pc-3000r\\\/#breadcrumb\",\"itemListElement\":[{\"@type\":\"ListItem\",\"position\":1,\"name\":\"Esileht\",\"item\":\"https:\\\/\\\/fonolukk.eu\\\/et\\\/koduleht\\\/\"},{\"@type\":\"ListItem\",\"position\":2,\"name\":\"Tooted\",\"item\":\"https:\\\/\\\/fonolukk.eu\\\/et\\\/shop-2\\\/\"},{\"@type\":\"ListItem\",\"position\":3,\"name\":\"Fonolukud\",\"item\":\"https:\\\/\\\/fonolukk.eu\\\/et\\\/product-category\\\/fonolukud\\\/\"},{\"@type\":\"ListItem\",\"position\":4,\"name\":\"CYFRAL PC-3000R\"}]},{\"@type\":\"WebSite\",\"@id\":\"https:\\\/\\\/fonolukk.eu\\\/et\\\/#website\",\"url\":\"https:\\\/\\\/fonolukk.eu\\\/et\\\/\",\"name\":\"Fonolukk eu\",\"description\":\"Smart Security Systems\",\"publisher\":{\"@id\":\"https:\\\/\\\/fonolukk.eu\\\/et\\\/#organization\"},\"potentialAction\":[{\"@type\":\"SearchAction\",\"target\":{\"@type\":\"EntryPoint\",\"urlTemplate\":\"https:\\\/\\\/fonolukk.eu\\\/et\\\/?s={search_term_string}\"},\"query-input\":{\"@type\":\"PropertyValueSpecification\",\"valueRequired\":true,\"valueName\":\"search_term_string\"}}],\"inLanguage\":\"et\"},{\"@type\":\"Organization\",\"@id\":\"https:\\\/\\\/fonolukk.eu\\\/et\\\/#organization\",\"name\":\"Smart Security OU\",\"url\":\"https:\\\/\\\/fonolukk.eu\\\/et\\\/\",\"logo\":{\"@type\":\"ImageObject\",\"inLanguage\":\"et\",\"@id\":\"https:\\\/\\\/fonolukk.eu\\\/et\\\/#\\\/schema\\\/logo\\\/image\\\/\",\"url\":\"https:\\\/\\\/fonolukk.eu\\\/wp-content\\\/uploads\\\/2023\\\/09\\\/fonolukk.png\",\"contentUrl\":\"https:\\\/\\\/fonolukk.eu\\\/wp-content\\\/uploads\\\/2023\\\/09\\\/fonolukk.png\",\"width\":277,\"height\":274,\"caption\":\"Smart Security OU\"},\"image\":{\"@id\":\"https:\\\/\\\/fonolukk.eu\\\/et\\\/#\\\/schema\\\/logo\\\/image\\\/\"},\"sameAs\":[\"https:\\\/\\\/www.facebook.com\\\/fonolukk\",\"https:\\\/\\\/www.instagram.com\\\/fonolukk\\\/?hl=ru\"],\"publishingPrinciples\":\"https:\\\/\\\/fonolukk.eu\\\/terms-and-conditions\\\/\",\"ownershipFundingInfo\":\"https:\\\/\\\/fonolukk.eu\\\/about-us\\\/\"}]}<\/script>\n<meta property=\"product:price:amount\" content=\"0.00\" \/>\n<meta property=\"product:price:currency\" content=\"EUR\" \/>\n<meta property=\"og:availability\" content=\"instock\" \/>\n<meta property=\"product:availability\" content=\"instock\" \/>\n<meta property=\"product:retailer_item_id\" content=\"PC-3000R\" \/>\n<meta property=\"product:condition\" content=\"new\" \/>\n<!-- \/ Yoast SEO Premium plugin. -->","yoast_head_json":{"title":"CYFRAL PC-3000R - Fonolukk","description":"CYFRAL PC-3000R | PC-3000R digitaalne paneel on roostevabast terasest paneel, millel on RFID-v\u00f5tmelugeja.","robots":{"index":"index","follow":"follow","max-snippet":"max-snippet:-1","max-image-preview":"max-image-preview:large","max-video-preview":"max-video-preview:-1"},"canonical":"https:\/\/fonolukk.eu\/et\/tooted\/cyfral-pc-3000r\/","og_locale":"et_EE","og_type":"article","og_title":"CYFRAL PC-3000R","og_description":"Fonolukupaneel CYFRAL PC300R (\u00fchilduv VIZIT fonotelefonidega)   Kahepoolse suhtluse v\u00f5imalus  Taustavalgustusega klahvistik  Sobib erinevat t\u00fc\u00fcpi lukkude juhtimiseks  Sisseehitatud RFID-lugeja (125 kHz)  Kasutamiseks koos juhtplokiga CC-1000U  Pinnapealse paigaldusega  M\u00f5\u00f5tmed: 102 \u00d7 242 \u00d7 48 mm  T\u00f6\u00f6temperatuur: -20\u00b0C kuni +45\u00b0C","og_url":"https:\/\/fonolukk.eu\/et\/tooted\/cyfral-pc-3000r\/","og_site_name":"Fonolukk","article_publisher":"https:\/\/www.facebook.com\/fonolukk","article_modified_time":"2025-01-09T10:58:03+00:00","og_image":[{"width":803,"height":837,"url":"https:\/\/fonolukk.eu\/wp-content\/uploads\/2024\/12\/cyfral-pc-3000r.webp","type":"image\/webp"}],"twitter_card":"summary_large_image","twitter_misc":{"Hind":"","Availability":"Laos"},"schema":{"@context":"https:\/\/schema.org","@graph":[{"@type":"WebPage","@id":"https:\/\/fonolukk.eu\/et\/tooted\/cyfral-pc-3000r\/","url":"https:\/\/fonolukk.eu\/et\/tooted\/cyfral-pc-3000r\/","name":"CYFRAL PC-3000R - Fonolukk","isPartOf":{"@id":"https:\/\/fonolukk.eu\/et\/#website"},"primaryImageOfPage":{"@id":"https:\/\/fonolukk.eu\/et\/tooted\/cyfral-pc-3000r\/#primaryimage"},"image":{"@id":"https:\/\/fonolukk.eu\/et\/tooted\/cyfral-pc-3000r\/#primaryimage"},"thumbnailUrl":"https:\/\/fonolukk.eu\/wp-content\/uploads\/2024\/12\/cyfral-pc-3000r.webp","datePublished":"2024-12-02T09:50:24+00:00","dateModified":"2025-01-09T10:58:03+00:00","description":"CYFRAL PC-3000R | PC-3000R digitaalne paneel on roostevabast terasest paneel, millel on RFID-v\u00f5tmelugeja.","breadcrumb":{"@id":"https:\/\/fonolukk.eu\/et\/tooted\/cyfral-pc-3000r\/#breadcrumb"},"inLanguage":"et","potentialAction":[{"@type":"ReadAction","target":["https:\/\/fonolukk.eu\/et\/tooted\/cyfral-pc-3000r\/"]}]},{"@type":"ImageObject","inLanguage":"et","@id":"https:\/\/fonolukk.eu\/et\/tooted\/cyfral-pc-3000r\/#primaryimage","url":"https:\/\/fonolukk.eu\/wp-content\/uploads\/2024\/12\/cyfral-pc-3000r.webp","contentUrl":"https:\/\/fonolukk.eu\/wp-content\/uploads\/2024\/12\/cyfral-pc-3000r.webp","width":803,"height":837,"caption":"Cyfral 3000R"},{"@type":"BreadcrumbList","@id":"https:\/\/fonolukk.eu\/et\/tooted\/cyfral-pc-3000r\/#breadcrumb","itemListElement":[{"@type":"ListItem","position":1,"name":"Esileht","item":"https:\/\/fonolukk.eu\/et\/koduleht\/"},{"@type":"ListItem","position":2,"name":"Tooted","item":"https:\/\/fonolukk.eu\/et\/shop-2\/"},{"@type":"ListItem","position":3,"name":"Fonolukud","item":"https:\/\/fonolukk.eu\/et\/product-category\/fonolukud\/"},{"@type":"ListItem","position":4,"name":"CYFRAL PC-3000R"}]},{"@type":"WebSite","@id":"https:\/\/fonolukk.eu\/et\/#website","url":"https:\/\/fonolukk.eu\/et\/","name":"Fonolukk eu","description":"Smart Security Systems","publisher":{"@id":"https:\/\/fonolukk.eu\/et\/#organization"},"potentialAction":[{"@type":"SearchAction","target":{"@type":"EntryPoint","urlTemplate":"https:\/\/fonolukk.eu\/et\/?s={search_term_string}"},"query-input":{"@type":"PropertyValueSpecification","valueRequired":true,"valueName":"search_term_string"}}],"inLanguage":"et"},{"@type":"Organization","@id":"https:\/\/fonolukk.eu\/et\/#organization","name":"Smart Security OU","url":"https:\/\/fonolukk.eu\/et\/","logo":{"@type":"ImageObject","inLanguage":"et","@id":"https:\/\/fonolukk.eu\/et\/#\/schema\/logo\/image\/","url":"https:\/\/fonolukk.eu\/wp-content\/uploads\/2023\/09\/fonolukk.png","contentUrl":"https:\/\/fonolukk.eu\/wp-content\/uploads\/2023\/09\/fonolukk.png","width":277,"height":274,"caption":"Smart Security OU"},"image":{"@id":"https:\/\/fonolukk.eu\/et\/#\/schema\/logo\/image\/"},"sameAs":["https:\/\/www.facebook.com\/fonolukk","https:\/\/www.instagram.com\/fonolukk\/?hl=ru"],"publishingPrinciples":"https:\/\/fonolukk.eu\/terms-and-conditions\/","ownershipFundingInfo":"https:\/\/fonolukk.eu\/about-us\/"}]},"product_price_amount":"0.00","product_price_currency":"EUR","og_availability":"instock","product_availability":"instock","product_retailer_item_id":"PC-3000R","product_condition":"new"},"_links":{"self":[{"href":"https:\/\/fonolukk.eu\/et\/wp-json\/wp\/v2\/product\/19376","targetHints":{"allow":["GET"]}}],"collection":[{"href":"https:\/\/fonolukk.eu\/et\/wp-json\/wp\/v2\/product"}],"about":[{"href":"https:\/\/fonolukk.eu\/et\/wp-json\/wp\/v2\/types\/product"}],"version-history":[{"count":2,"href":"https:\/\/fonolukk.eu\/et\/wp-json\/wp\/v2\/product\/19376\/revisions"}],"predecessor-version":[{"id":19556,"href":"https:\/\/fonolukk.eu\/et\/wp-json\/wp\/v2\/product\/19376\/revisions\/19556"}],"wp:featuredmedia":[{"embeddable":true,"href":"https:\/\/fonolukk.eu\/et\/wp-json\/wp\/v2\/media\/19379"}],"wp:attachment":[{"href":"https:\/\/fonolukk.eu\/et\/wp-json\/wp\/v2\/media?parent=19376"}],"wp:term":[{"taxonomy":"product_brand","embeddable":true,"href":"https:\/\/fonolukk.eu\/et\/wp-json\/wp\/v2\/product_brand?post=19376"},{"taxonomy":"product_cat","embeddable":true,"href":"https:\/\/fonolukk.eu\/et\/wp-json\/wp\/v2\/product_cat?post=19376"},{"taxonomy":"product_tag","embeddable":true,"href":"https:\/\/fonolukk.eu\/et\/wp-json\/wp\/v2\/product_tag?post=19376"}],"curies":[{"name":"wp","href":"https:\/\/api.w.org\/{rel}","templated":true}]}}