{"id":19387,"date":"2024-12-02T12:30:01","date_gmt":"2024-12-02T10:30:01","guid":{"rendered":"https:\/\/fonolukk.eu\/?post_type=product&#038;p=19387"},"modified":"2025-02-13T21:32:57","modified_gmt":"2025-02-13T19:32:57","slug":"exit-button-pbk-813led","status":"publish","type":"product","link":"https:\/\/fonolukk.eu\/et\/tooted\/exit-button-pbk-813led\/","title":{"rendered":"Exit Button PBK-813(LED)"},"content":{"rendered":"<h4><b><span>Omadused:<\/span><\/b><\/h4>\n<ul>\n<li><span>Elegantse stiiliga 304 roostevabast terasest paneel.<\/span><\/li>\n<li><span>100 000 ts\u00fckli testid.<\/span><\/li>\n<li><span>NO\/NC\/COM kontakti v\u00e4ljund, sobib igasuguste lukkude jaoks.<\/span><\/li>\n<\/ul>\n<h4><b><span>Tehnilised andmed:<\/span><\/b><\/h4>\n<ul>\n<li><span>Materjal: roostevaba teras<\/span><\/li>\n<li><span>Sisendpinge: 12~24VDC<\/span><\/li>\n<li><span>Vool: \u226450mA<\/span><\/li>\n<li><span>Kontakt: EI (roheline), NC (kollane), COM (valge)<\/span><\/li>\n<li><span>LED-i olek: kui NC ja COM on \u00fchendatud, n\u00e4itab LED rohelist; Kui NO ja COM on \u00fchendatud, n\u00e4itab LED punane<\/span><\/li>\n<li><span>T\u00f6\u00f6temperatuur: -20\u2103\uff5e+50\u2103<\/span><\/li>\n<li><span>T\u00f6\u00f6niiskus: 0-95% (suhteline \u00f5huniiskus)<\/span><\/li>\n<li><span>M\u00f5\u00f5dud: 140L x 40L x 27H (mm)<\/span><\/li>\n<\/ul>\n","protected":false},"excerpt":{"rendered":"<p>Omadused: Elegantse stiiliga 304 roostevabast terasest paneel. 100 000 ts\u00fckli testid. NO\/NC\/COM kontakti v\u00e4ljund, sobib igasuguste lukkude jaoks. Tehnilised andmed:<\/p>\n","protected":false},"featured_media":19390,"template":"","meta":[],"product_brand":[],"product_cat":[852],"product_tag":[1678,1679],"class_list":{"0":"post-19387","1":"product","2":"type-product","3":"status-publish","4":"has-post-thumbnail","6":"product_cat-ukseavamisnupud","7":"product_tag-fonolukk-et","8":"product_tag-cyfral-et","10":"first","11":"instock","12":"taxable","13":"shipping-taxable","14":"purchasable","15":"product-type-simple"},"yoast_head":"<!-- This site is optimized with the Yoast SEO Premium plugin v27.3 (Yoast SEO v27.3) - https:\/\/yoast.com\/product\/yoast-seo-premium-wordpress\/ -->\n<title>Exit Button PBK-813(LED) - Fonolukk<\/title>\n<meta name=\"description\" content=\"PBK-813 (LED) | Sisseehitatud v\u00e4ljumisnupp, mis on valmistatud roostevabast terasest. Seade koosneb tegelikust v\u00e4ljumisnupust.\" \/>\n<meta name=\"robots\" content=\"index, follow, max-snippet:-1, max-image-preview:large, max-video-preview:-1\" \/>\n<link rel=\"canonical\" href=\"https:\/\/fonolukk.eu\/et\/tooted\/exit-button-pbk-813led\/\" \/>\n<meta property=\"og:locale\" content=\"et_EE\" \/>\n<meta property=\"og:type\" content=\"article\" \/>\n<meta property=\"og:title\" content=\"Exit Button PBK-813(LED)\" \/>\n<meta property=\"og:description\" content=\"Omadused: Elegantse stiiliga 304 roostevabast terasest paneel. 100 000 ts\u00fckli testid. NO\/NC\/COM kontakti v\u00e4ljund, sobib igasuguste lukkude jaoks.\" \/>\n<meta property=\"og:url\" content=\"https:\/\/fonolukk.eu\/et\/tooted\/exit-button-pbk-813led\/\" \/>\n<meta property=\"og:site_name\" content=\"Fonolukk\" \/>\n<meta property=\"article:publisher\" content=\"https:\/\/www.facebook.com\/fonolukk\" \/>\n<meta property=\"article:modified_time\" content=\"2025-02-13T19:32:57+00:00\" \/>\n<meta property=\"og:image\" content=\"https:\/\/fonolukk.eu\/wp-content\/uploads\/2024\/12\/pbk-813_led_fonolukk-1.png\" \/>\n\t<meta property=\"og:image:width\" content=\"600\" \/>\n\t<meta property=\"og:image:height\" content=\"600\" \/>\n\t<meta property=\"og:image:type\" content=\"image\/png\" \/>\n<meta name=\"twitter:card\" content=\"summary_large_image\" \/>\n<meta name=\"twitter:label1\" content=\"Hind\" \/>\n\t<meta name=\"twitter:data1\" content=\"&euro;16.39 koos KM\" \/>\n\t<meta name=\"twitter:label2\" content=\"Availability\" \/>\n\t<meta name=\"twitter:data2\" content=\"Laos\" \/>\n<script type=\"application\/ld+json\" class=\"yoast-schema-graph\">{\"@context\":\"https:\\\/\\\/schema.org\",\"@graph\":[{\"@type\":\"WebPage\",\"@id\":\"https:\\\/\\\/fonolukk.eu\\\/et\\\/tooted\\\/exit-button-pbk-813led\\\/\",\"url\":\"https:\\\/\\\/fonolukk.eu\\\/et\\\/tooted\\\/exit-button-pbk-813led\\\/\",\"name\":\"Exit Button PBK-813(LED) - Fonolukk\",\"isPartOf\":{\"@id\":\"https:\\\/\\\/fonolukk.eu\\\/et\\\/#website\"},\"primaryImageOfPage\":{\"@id\":\"https:\\\/\\\/fonolukk.eu\\\/et\\\/tooted\\\/exit-button-pbk-813led\\\/#primaryimage\"},\"image\":{\"@id\":\"https:\\\/\\\/fonolukk.eu\\\/et\\\/tooted\\\/exit-button-pbk-813led\\\/#primaryimage\"},\"thumbnailUrl\":\"https:\\\/\\\/fonolukk.eu\\\/wp-content\\\/uploads\\\/2024\\\/12\\\/pbk-813_led_fonolukk-1.png\",\"datePublished\":\"2024-12-02T10:30:01+00:00\",\"dateModified\":\"2025-02-13T19:32:57+00:00\",\"description\":\"PBK-813 (LED) | Sisseehitatud v\u00e4ljumisnupp, mis on valmistatud roostevabast terasest. Seade koosneb tegelikust v\u00e4ljumisnupust.\",\"breadcrumb\":{\"@id\":\"https:\\\/\\\/fonolukk.eu\\\/et\\\/tooted\\\/exit-button-pbk-813led\\\/#breadcrumb\"},\"inLanguage\":\"et\",\"potentialAction\":[{\"@type\":\"ReadAction\",\"target\":[\"https:\\\/\\\/fonolukk.eu\\\/et\\\/tooted\\\/exit-button-pbk-813led\\\/\"]}]},{\"@type\":\"ImageObject\",\"inLanguage\":\"et\",\"@id\":\"https:\\\/\\\/fonolukk.eu\\\/et\\\/tooted\\\/exit-button-pbk-813led\\\/#primaryimage\",\"url\":\"https:\\\/\\\/fonolukk.eu\\\/wp-content\\\/uploads\\\/2024\\\/12\\\/pbk-813_led_fonolukk-1.png\",\"contentUrl\":\"https:\\\/\\\/fonolukk.eu\\\/wp-content\\\/uploads\\\/2024\\\/12\\\/pbk-813_led_fonolukk-1.png\",\"width\":600,\"height\":600,\"caption\":\"PBK-813(LED)\"},{\"@type\":\"BreadcrumbList\",\"@id\":\"https:\\\/\\\/fonolukk.eu\\\/et\\\/tooted\\\/exit-button-pbk-813led\\\/#breadcrumb\",\"itemListElement\":[{\"@type\":\"ListItem\",\"position\":1,\"name\":\"Esileht\",\"item\":\"https:\\\/\\\/fonolukk.eu\\\/et\\\/koduleht\\\/\"},{\"@type\":\"ListItem\",\"position\":2,\"name\":\"Tooted\",\"item\":\"https:\\\/\\\/fonolukk.eu\\\/et\\\/shop-2\\\/\"},{\"@type\":\"ListItem\",\"position\":3,\"name\":\"Ukseavamisnupud\",\"item\":\"https:\\\/\\\/fonolukk.eu\\\/et\\\/product-category\\\/ukseavamisnupud\\\/\"},{\"@type\":\"ListItem\",\"position\":4,\"name\":\"Exit Button PBK-813(LED)\"}]},{\"@type\":\"WebSite\",\"@id\":\"https:\\\/\\\/fonolukk.eu\\\/et\\\/#website\",\"url\":\"https:\\\/\\\/fonolukk.eu\\\/et\\\/\",\"name\":\"Fonolukk eu\",\"description\":\"Smart Security Systems\",\"publisher\":{\"@id\":\"https:\\\/\\\/fonolukk.eu\\\/et\\\/#organization\"},\"potentialAction\":[{\"@type\":\"SearchAction\",\"target\":{\"@type\":\"EntryPoint\",\"urlTemplate\":\"https:\\\/\\\/fonolukk.eu\\\/et\\\/?s={search_term_string}\"},\"query-input\":{\"@type\":\"PropertyValueSpecification\",\"valueRequired\":true,\"valueName\":\"search_term_string\"}}],\"inLanguage\":\"et\"},{\"@type\":\"Organization\",\"@id\":\"https:\\\/\\\/fonolukk.eu\\\/et\\\/#organization\",\"name\":\"Smart Security OU\",\"url\":\"https:\\\/\\\/fonolukk.eu\\\/et\\\/\",\"logo\":{\"@type\":\"ImageObject\",\"inLanguage\":\"et\",\"@id\":\"https:\\\/\\\/fonolukk.eu\\\/et\\\/#\\\/schema\\\/logo\\\/image\\\/\",\"url\":\"https:\\\/\\\/fonolukk.eu\\\/wp-content\\\/uploads\\\/2023\\\/09\\\/fonolukk.png\",\"contentUrl\":\"https:\\\/\\\/fonolukk.eu\\\/wp-content\\\/uploads\\\/2023\\\/09\\\/fonolukk.png\",\"width\":277,\"height\":274,\"caption\":\"Smart Security OU\"},\"image\":{\"@id\":\"https:\\\/\\\/fonolukk.eu\\\/et\\\/#\\\/schema\\\/logo\\\/image\\\/\"},\"sameAs\":[\"https:\\\/\\\/www.facebook.com\\\/fonolukk\",\"https:\\\/\\\/www.instagram.com\\\/fonolukk\\\/?hl=ru\"],\"publishingPrinciples\":\"https:\\\/\\\/fonolukk.eu\\\/terms-and-conditions\\\/\",\"ownershipFundingInfo\":\"https:\\\/\\\/fonolukk.eu\\\/about-us\\\/\"}]}<\/script>\n<meta property=\"product:price:amount\" content=\"16.39\" \/>\n<meta property=\"product:price:currency\" content=\"EUR\" \/>\n<meta property=\"og:availability\" content=\"instock\" \/>\n<meta property=\"product:availability\" content=\"instock\" \/>\n<meta property=\"product:retailer_item_id\" content=\"PBK-813\" \/>\n<meta property=\"product:condition\" content=\"new\" \/>\n<!-- \/ Yoast SEO Premium plugin. -->","yoast_head_json":{"title":"Exit Button PBK-813(LED) - Fonolukk","description":"PBK-813 (LED) | Sisseehitatud v\u00e4ljumisnupp, mis on valmistatud roostevabast terasest. Seade koosneb tegelikust v\u00e4ljumisnupust.","robots":{"index":"index","follow":"follow","max-snippet":"max-snippet:-1","max-image-preview":"max-image-preview:large","max-video-preview":"max-video-preview:-1"},"canonical":"https:\/\/fonolukk.eu\/et\/tooted\/exit-button-pbk-813led\/","og_locale":"et_EE","og_type":"article","og_title":"Exit Button PBK-813(LED)","og_description":"Omadused: Elegantse stiiliga 304 roostevabast terasest paneel. 100 000 ts\u00fckli testid. NO\/NC\/COM kontakti v\u00e4ljund, sobib igasuguste lukkude jaoks.","og_url":"https:\/\/fonolukk.eu\/et\/tooted\/exit-button-pbk-813led\/","og_site_name":"Fonolukk","article_publisher":"https:\/\/www.facebook.com\/fonolukk","article_modified_time":"2025-02-13T19:32:57+00:00","og_image":[{"width":600,"height":600,"url":"https:\/\/fonolukk.eu\/wp-content\/uploads\/2024\/12\/pbk-813_led_fonolukk-1.png","type":"image\/png"}],"twitter_card":"summary_large_image","twitter_misc":{"Hind":"&euro;16.39 koos KM","Availability":"Laos"},"schema":{"@context":"https:\/\/schema.org","@graph":[{"@type":"WebPage","@id":"https:\/\/fonolukk.eu\/et\/tooted\/exit-button-pbk-813led\/","url":"https:\/\/fonolukk.eu\/et\/tooted\/exit-button-pbk-813led\/","name":"Exit Button PBK-813(LED) - Fonolukk","isPartOf":{"@id":"https:\/\/fonolukk.eu\/et\/#website"},"primaryImageOfPage":{"@id":"https:\/\/fonolukk.eu\/et\/tooted\/exit-button-pbk-813led\/#primaryimage"},"image":{"@id":"https:\/\/fonolukk.eu\/et\/tooted\/exit-button-pbk-813led\/#primaryimage"},"thumbnailUrl":"https:\/\/fonolukk.eu\/wp-content\/uploads\/2024\/12\/pbk-813_led_fonolukk-1.png","datePublished":"2024-12-02T10:30:01+00:00","dateModified":"2025-02-13T19:32:57+00:00","description":"PBK-813 (LED) | Sisseehitatud v\u00e4ljumisnupp, mis on valmistatud roostevabast terasest. Seade koosneb tegelikust v\u00e4ljumisnupust.","breadcrumb":{"@id":"https:\/\/fonolukk.eu\/et\/tooted\/exit-button-pbk-813led\/#breadcrumb"},"inLanguage":"et","potentialAction":[{"@type":"ReadAction","target":["https:\/\/fonolukk.eu\/et\/tooted\/exit-button-pbk-813led\/"]}]},{"@type":"ImageObject","inLanguage":"et","@id":"https:\/\/fonolukk.eu\/et\/tooted\/exit-button-pbk-813led\/#primaryimage","url":"https:\/\/fonolukk.eu\/wp-content\/uploads\/2024\/12\/pbk-813_led_fonolukk-1.png","contentUrl":"https:\/\/fonolukk.eu\/wp-content\/uploads\/2024\/12\/pbk-813_led_fonolukk-1.png","width":600,"height":600,"caption":"PBK-813(LED)"},{"@type":"BreadcrumbList","@id":"https:\/\/fonolukk.eu\/et\/tooted\/exit-button-pbk-813led\/#breadcrumb","itemListElement":[{"@type":"ListItem","position":1,"name":"Esileht","item":"https:\/\/fonolukk.eu\/et\/koduleht\/"},{"@type":"ListItem","position":2,"name":"Tooted","item":"https:\/\/fonolukk.eu\/et\/shop-2\/"},{"@type":"ListItem","position":3,"name":"Ukseavamisnupud","item":"https:\/\/fonolukk.eu\/et\/product-category\/ukseavamisnupud\/"},{"@type":"ListItem","position":4,"name":"Exit Button PBK-813(LED)"}]},{"@type":"WebSite","@id":"https:\/\/fonolukk.eu\/et\/#website","url":"https:\/\/fonolukk.eu\/et\/","name":"Fonolukk eu","description":"Smart Security Systems","publisher":{"@id":"https:\/\/fonolukk.eu\/et\/#organization"},"potentialAction":[{"@type":"SearchAction","target":{"@type":"EntryPoint","urlTemplate":"https:\/\/fonolukk.eu\/et\/?s={search_term_string}"},"query-input":{"@type":"PropertyValueSpecification","valueRequired":true,"valueName":"search_term_string"}}],"inLanguage":"et"},{"@type":"Organization","@id":"https:\/\/fonolukk.eu\/et\/#organization","name":"Smart Security OU","url":"https:\/\/fonolukk.eu\/et\/","logo":{"@type":"ImageObject","inLanguage":"et","@id":"https:\/\/fonolukk.eu\/et\/#\/schema\/logo\/image\/","url":"https:\/\/fonolukk.eu\/wp-content\/uploads\/2023\/09\/fonolukk.png","contentUrl":"https:\/\/fonolukk.eu\/wp-content\/uploads\/2023\/09\/fonolukk.png","width":277,"height":274,"caption":"Smart Security OU"},"image":{"@id":"https:\/\/fonolukk.eu\/et\/#\/schema\/logo\/image\/"},"sameAs":["https:\/\/www.facebook.com\/fonolukk","https:\/\/www.instagram.com\/fonolukk\/?hl=ru"],"publishingPrinciples":"https:\/\/fonolukk.eu\/terms-and-conditions\/","ownershipFundingInfo":"https:\/\/fonolukk.eu\/about-us\/"}]},"product_price_amount":"16.39","product_price_currency":"EUR","og_availability":"instock","product_availability":"instock","product_retailer_item_id":"PBK-813","product_condition":"new"},"_links":{"self":[{"href":"https:\/\/fonolukk.eu\/et\/wp-json\/wp\/v2\/product\/19387","targetHints":{"allow":["GET"]}}],"collection":[{"href":"https:\/\/fonolukk.eu\/et\/wp-json\/wp\/v2\/product"}],"about":[{"href":"https:\/\/fonolukk.eu\/et\/wp-json\/wp\/v2\/types\/product"}],"version-history":[{"count":3,"href":"https:\/\/fonolukk.eu\/et\/wp-json\/wp\/v2\/product\/19387\/revisions"}],"predecessor-version":[{"id":19675,"href":"https:\/\/fonolukk.eu\/et\/wp-json\/wp\/v2\/product\/19387\/revisions\/19675"}],"wp:featuredmedia":[{"embeddable":true,"href":"https:\/\/fonolukk.eu\/et\/wp-json\/wp\/v2\/media\/19390"}],"wp:attachment":[{"href":"https:\/\/fonolukk.eu\/et\/wp-json\/wp\/v2\/media?parent=19387"}],"wp:term":[{"taxonomy":"product_brand","embeddable":true,"href":"https:\/\/fonolukk.eu\/et\/wp-json\/wp\/v2\/product_brand?post=19387"},{"taxonomy":"product_cat","embeddable":true,"href":"https:\/\/fonolukk.eu\/et\/wp-json\/wp\/v2\/product_cat?post=19387"},{"taxonomy":"product_tag","embeddable":true,"href":"https:\/\/fonolukk.eu\/et\/wp-json\/wp\/v2\/product_tag?post=19387"}],"curies":[{"name":"wp","href":"https:\/\/api.w.org\/{rel}","templated":true}]}}