{"id":19583,"date":"2025-01-22T11:46:22","date_gmt":"2025-01-22T09:46:22","guid":{"rendered":"https:\/\/fonolukk.eu\/?post_type=product&#038;p=19583"},"modified":"2025-01-22T12:45:29","modified_gmt":"2025-01-22T10:45:29","slug":"em-180b-elektromagnetlukk-180-kg-12v-ilma-ledita-siseruumides-kasutamiseks","status":"publish","type":"product","link":"https:\/\/fonolukk.eu\/et\/tooted\/em-180b-elektromagnetlukk-180-kg-12v-ilma-ledita-siseruumides-kasutamiseks\/","title":{"rendered":"EM-180B Elektromagnetlukk, 180 kg, 12V, ilma LEDita, siseruumides kasutamiseks"},"content":{"rendered":"<p><strong>EM-180B Elektromagnetlukk, 180 kg j\u00f5ud, 12V, ilma LED-ita, siseruumides kasutamiseks<\/strong><\/p>\n<p><strong>M\u00d5\u00d5TMED:<\/strong><br \/>\n180 mm x 41 mm (kinnitusalusega) x 21 mm<\/p>\n<p><strong>OMADUSED:<\/strong><\/p>\n<ol>\n<li>Toiteallikas: DC 12V.<\/li>\n<li>Hoidej\u00f5ud: 180 kg.<\/li>\n<li>T\u00f6\u00f6kindel konstruktsioon (lukustub voolu saamisel).<\/li>\n<li>Energiat\u00f5hus: madal energiatarve ja k\u00f5rge j\u00f5udlus.<\/li>\n<\/ol>\n<p><strong>SPETSIFIKATSIOONID:<\/strong><\/p>\n<ul>\n<li>Toiteallikas: DC 12V<\/li>\n<li>T\u00f6\u00f6vool: 380 mA @ 12VDC<\/li>\n<li>Hoidej\u00f5ud: 180 kg<\/li>\n<li>Kaal: 300 g<\/li>\n<\/ul>\n","protected":false},"excerpt":{"rendered":"<p>EM-180B Elektromagnetlukk, 180 kg j\u00f5ud, 12V, ilma LED-ita, siseruumides kasutamiseks M\u00d5\u00d5TMED: 180 mm x 41 mm (kinnitusalusega) x 21 mm<\/p>\n","protected":false},"featured_media":19598,"template":"","meta":[],"product_brand":[],"product_cat":[881,880],"product_tag":[1686],"class_list":{"0":"post-19583","1":"product","2":"type-product","3":"status-publish","4":"has-post-thumbnail","6":"product_cat-magnetlukud","7":"product_cat-elektrilukud","8":"product_tag-em-180b-et","10":"first","11":"instock","12":"taxable","13":"shipping-taxable","14":"purchasable","15":"product-type-simple"},"yoast_head":"<!-- This site is optimized with the Yoast SEO Premium plugin v27.3 (Yoast SEO v27.3) - https:\/\/yoast.com\/product\/yoast-seo-premium-wordpress\/ -->\n<title>EM-180B Elektromagnetlukk, 180 kg, 12V, ilma LEDita, siseruumides kasutamiseks - Fonolukk<\/title>\n<meta name=\"description\" content=\"EM-180B elektromagnetiline lukk, 180 kg j\u00f5ud, 12 V, ilma LEDita, siseruumides kasutamiseks. 180 mm x 41 mm (koos kinnitusplaadiga) x 21 mm.\" \/>\n<meta name=\"robots\" content=\"index, follow, max-snippet:-1, max-image-preview:large, max-video-preview:-1\" \/>\n<link rel=\"canonical\" href=\"https:\/\/fonolukk.eu\/et\/tooted\/em-180b-elektromagnetlukk-180-kg-12v-ilma-ledita-siseruumides-kasutamiseks\/\" \/>\n<meta property=\"og:locale\" content=\"et_EE\" \/>\n<meta property=\"og:type\" content=\"article\" \/>\n<meta property=\"og:title\" content=\"EM-180B Elektromagnetlukk, 180 kg, 12V, ilma LEDita, siseruumides kasutamiseks\" \/>\n<meta property=\"og:description\" content=\"EM-180B Elektromagnetlukk, 180 kg j\u00f5ud, 12V, ilma LED-ita, siseruumides kasutamiseks M\u00d5\u00d5TMED: 180 mm x 41 mm (kinnitusalusega) x 21 mm OMADUSED:\" \/>\n<meta property=\"og:url\" content=\"https:\/\/fonolukk.eu\/et\/tooted\/em-180b-elektromagnetlukk-180-kg-12v-ilma-ledita-siseruumides-kasutamiseks\/\" \/>\n<meta property=\"og:site_name\" content=\"Fonolukk\" \/>\n<meta property=\"article:publisher\" content=\"https:\/\/www.facebook.com\/fonolukk\" \/>\n<meta property=\"article:modified_time\" content=\"2025-01-22T10:45:29+00:00\" \/>\n<meta property=\"og:image\" content=\"https:\/\/fonolukk.eu\/wp-content\/uploads\/2025\/01\/em-180b-em-180b-electromagnetic-lock-180-kg.webp\" \/>\n\t<meta property=\"og:image:width\" content=\"1000\" \/>\n\t<meta property=\"og:image:height\" content=\"1000\" \/>\n\t<meta property=\"og:image:type\" content=\"image\/webp\" \/>\n<meta name=\"twitter:card\" content=\"summary_large_image\" \/>\n<meta name=\"twitter:label1\" content=\"Hind\" \/>\n\t<meta name=\"twitter:data1\" content=\"&euro;31.97 koos KM\" \/>\n\t<meta name=\"twitter:label2\" content=\"Availability\" \/>\n\t<meta name=\"twitter:data2\" content=\"Laos\" \/>\n<script type=\"application\/ld+json\" class=\"yoast-schema-graph\">{\"@context\":\"https:\\\/\\\/schema.org\",\"@graph\":[{\"@type\":\"WebPage\",\"@id\":\"https:\\\/\\\/fonolukk.eu\\\/et\\\/tooted\\\/em-180b-elektromagnetlukk-180-kg-12v-ilma-ledita-siseruumides-kasutamiseks\\\/\",\"url\":\"https:\\\/\\\/fonolukk.eu\\\/et\\\/tooted\\\/em-180b-elektromagnetlukk-180-kg-12v-ilma-ledita-siseruumides-kasutamiseks\\\/\",\"name\":\"EM-180B Elektromagnetlukk, 180 kg, 12V, ilma LEDita, siseruumides kasutamiseks - Fonolukk\",\"isPartOf\":{\"@id\":\"https:\\\/\\\/fonolukk.eu\\\/et\\\/#website\"},\"primaryImageOfPage\":{\"@id\":\"https:\\\/\\\/fonolukk.eu\\\/et\\\/tooted\\\/em-180b-elektromagnetlukk-180-kg-12v-ilma-ledita-siseruumides-kasutamiseks\\\/#primaryimage\"},\"image\":{\"@id\":\"https:\\\/\\\/fonolukk.eu\\\/et\\\/tooted\\\/em-180b-elektromagnetlukk-180-kg-12v-ilma-ledita-siseruumides-kasutamiseks\\\/#primaryimage\"},\"thumbnailUrl\":\"https:\\\/\\\/fonolukk.eu\\\/wp-content\\\/uploads\\\/2025\\\/01\\\/em-180b-em-180b-electromagnetic-lock-180-kg.webp\",\"datePublished\":\"2025-01-22T09:46:22+00:00\",\"dateModified\":\"2025-01-22T10:45:29+00:00\",\"description\":\"EM-180B elektromagnetiline lukk, 180 kg j\u00f5ud, 12 V, ilma LEDita, siseruumides kasutamiseks. 180 mm x 41 mm (koos kinnitusplaadiga) x 21 mm.\",\"breadcrumb\":{\"@id\":\"https:\\\/\\\/fonolukk.eu\\\/et\\\/tooted\\\/em-180b-elektromagnetlukk-180-kg-12v-ilma-ledita-siseruumides-kasutamiseks\\\/#breadcrumb\"},\"inLanguage\":\"et\",\"potentialAction\":[{\"@type\":\"ReadAction\",\"target\":[\"https:\\\/\\\/fonolukk.eu\\\/et\\\/tooted\\\/em-180b-elektromagnetlukk-180-kg-12v-ilma-ledita-siseruumides-kasutamiseks\\\/\"]}]},{\"@type\":\"ImageObject\",\"inLanguage\":\"et\",\"@id\":\"https:\\\/\\\/fonolukk.eu\\\/et\\\/tooted\\\/em-180b-elektromagnetlukk-180-kg-12v-ilma-ledita-siseruumides-kasutamiseks\\\/#primaryimage\",\"url\":\"https:\\\/\\\/fonolukk.eu\\\/wp-content\\\/uploads\\\/2025\\\/01\\\/em-180b-em-180b-electromagnetic-lock-180-kg.webp\",\"contentUrl\":\"https:\\\/\\\/fonolukk.eu\\\/wp-content\\\/uploads\\\/2025\\\/01\\\/em-180b-em-180b-electromagnetic-lock-180-kg.webp\",\"width\":1000,\"height\":1000,\"caption\":\"em 180b\"},{\"@type\":\"BreadcrumbList\",\"@id\":\"https:\\\/\\\/fonolukk.eu\\\/et\\\/tooted\\\/em-180b-elektromagnetlukk-180-kg-12v-ilma-ledita-siseruumides-kasutamiseks\\\/#breadcrumb\",\"itemListElement\":[{\"@type\":\"ListItem\",\"position\":1,\"name\":\"Esileht\",\"item\":\"https:\\\/\\\/fonolukk.eu\\\/et\\\/koduleht\\\/\"},{\"@type\":\"ListItem\",\"position\":2,\"name\":\"Tooted\",\"item\":\"https:\\\/\\\/fonolukk.eu\\\/et\\\/shop-2\\\/\"},{\"@type\":\"ListItem\",\"position\":3,\"name\":\"Elektrilukud\",\"item\":\"https:\\\/\\\/fonolukk.eu\\\/et\\\/product-category\\\/elektrilukud\\\/\"},{\"@type\":\"ListItem\",\"position\":4,\"name\":\"EM-180B Elektromagnetlukk, 180 kg, 12V, ilma LEDita, siseruumides kasutamiseks\"}]},{\"@type\":\"WebSite\",\"@id\":\"https:\\\/\\\/fonolukk.eu\\\/et\\\/#website\",\"url\":\"https:\\\/\\\/fonolukk.eu\\\/et\\\/\",\"name\":\"Fonolukk eu\",\"description\":\"Smart Security Systems\",\"publisher\":{\"@id\":\"https:\\\/\\\/fonolukk.eu\\\/et\\\/#organization\"},\"potentialAction\":[{\"@type\":\"SearchAction\",\"target\":{\"@type\":\"EntryPoint\",\"urlTemplate\":\"https:\\\/\\\/fonolukk.eu\\\/et\\\/?s={search_term_string}\"},\"query-input\":{\"@type\":\"PropertyValueSpecification\",\"valueRequired\":true,\"valueName\":\"search_term_string\"}}],\"inLanguage\":\"et\"},{\"@type\":\"Organization\",\"@id\":\"https:\\\/\\\/fonolukk.eu\\\/et\\\/#organization\",\"name\":\"Smart Security OU\",\"url\":\"https:\\\/\\\/fonolukk.eu\\\/et\\\/\",\"logo\":{\"@type\":\"ImageObject\",\"inLanguage\":\"et\",\"@id\":\"https:\\\/\\\/fonolukk.eu\\\/et\\\/#\\\/schema\\\/logo\\\/image\\\/\",\"url\":\"https:\\\/\\\/fonolukk.eu\\\/wp-content\\\/uploads\\\/2023\\\/09\\\/fonolukk.png\",\"contentUrl\":\"https:\\\/\\\/fonolukk.eu\\\/wp-content\\\/uploads\\\/2023\\\/09\\\/fonolukk.png\",\"width\":277,\"height\":274,\"caption\":\"Smart Security OU\"},\"image\":{\"@id\":\"https:\\\/\\\/fonolukk.eu\\\/et\\\/#\\\/schema\\\/logo\\\/image\\\/\"},\"sameAs\":[\"https:\\\/\\\/www.facebook.com\\\/fonolukk\",\"https:\\\/\\\/www.instagram.com\\\/fonolukk\\\/?hl=ru\"],\"publishingPrinciples\":\"https:\\\/\\\/fonolukk.eu\\\/terms-and-conditions\\\/\",\"ownershipFundingInfo\":\"https:\\\/\\\/fonolukk.eu\\\/about-us\\\/\"}]}<\/script>\n<meta property=\"product:price:amount\" content=\"31.97\" \/>\n<meta property=\"product:price:currency\" content=\"EUR\" \/>\n<meta property=\"og:availability\" content=\"instock\" \/>\n<meta property=\"product:availability\" content=\"instock\" \/>\n<meta property=\"product:retailer_item_id\" content=\"EM-180B\" \/>\n<meta property=\"product:condition\" content=\"new\" \/>\n<!-- \/ Yoast SEO Premium plugin. -->","yoast_head_json":{"title":"EM-180B Elektromagnetlukk, 180 kg, 12V, ilma LEDita, siseruumides kasutamiseks - Fonolukk","description":"EM-180B elektromagnetiline lukk, 180 kg j\u00f5ud, 12 V, ilma LEDita, siseruumides kasutamiseks. 180 mm x 41 mm (koos kinnitusplaadiga) x 21 mm.","robots":{"index":"index","follow":"follow","max-snippet":"max-snippet:-1","max-image-preview":"max-image-preview:large","max-video-preview":"max-video-preview:-1"},"canonical":"https:\/\/fonolukk.eu\/et\/tooted\/em-180b-elektromagnetlukk-180-kg-12v-ilma-ledita-siseruumides-kasutamiseks\/","og_locale":"et_EE","og_type":"article","og_title":"EM-180B Elektromagnetlukk, 180 kg, 12V, ilma LEDita, siseruumides kasutamiseks","og_description":"EM-180B Elektromagnetlukk, 180 kg j\u00f5ud, 12V, ilma LED-ita, siseruumides kasutamiseks M\u00d5\u00d5TMED: 180 mm x 41 mm (kinnitusalusega) x 21 mm OMADUSED:","og_url":"https:\/\/fonolukk.eu\/et\/tooted\/em-180b-elektromagnetlukk-180-kg-12v-ilma-ledita-siseruumides-kasutamiseks\/","og_site_name":"Fonolukk","article_publisher":"https:\/\/www.facebook.com\/fonolukk","article_modified_time":"2025-01-22T10:45:29+00:00","og_image":[{"width":1000,"height":1000,"url":"https:\/\/fonolukk.eu\/wp-content\/uploads\/2025\/01\/em-180b-em-180b-electromagnetic-lock-180-kg.webp","type":"image\/webp"}],"twitter_card":"summary_large_image","twitter_misc":{"Hind":"&euro;31.97 koos KM","Availability":"Laos"},"schema":{"@context":"https:\/\/schema.org","@graph":[{"@type":"WebPage","@id":"https:\/\/fonolukk.eu\/et\/tooted\/em-180b-elektromagnetlukk-180-kg-12v-ilma-ledita-siseruumides-kasutamiseks\/","url":"https:\/\/fonolukk.eu\/et\/tooted\/em-180b-elektromagnetlukk-180-kg-12v-ilma-ledita-siseruumides-kasutamiseks\/","name":"EM-180B Elektromagnetlukk, 180 kg, 12V, ilma LEDita, siseruumides kasutamiseks - Fonolukk","isPartOf":{"@id":"https:\/\/fonolukk.eu\/et\/#website"},"primaryImageOfPage":{"@id":"https:\/\/fonolukk.eu\/et\/tooted\/em-180b-elektromagnetlukk-180-kg-12v-ilma-ledita-siseruumides-kasutamiseks\/#primaryimage"},"image":{"@id":"https:\/\/fonolukk.eu\/et\/tooted\/em-180b-elektromagnetlukk-180-kg-12v-ilma-ledita-siseruumides-kasutamiseks\/#primaryimage"},"thumbnailUrl":"https:\/\/fonolukk.eu\/wp-content\/uploads\/2025\/01\/em-180b-em-180b-electromagnetic-lock-180-kg.webp","datePublished":"2025-01-22T09:46:22+00:00","dateModified":"2025-01-22T10:45:29+00:00","description":"EM-180B elektromagnetiline lukk, 180 kg j\u00f5ud, 12 V, ilma LEDita, siseruumides kasutamiseks. 180 mm x 41 mm (koos kinnitusplaadiga) x 21 mm.","breadcrumb":{"@id":"https:\/\/fonolukk.eu\/et\/tooted\/em-180b-elektromagnetlukk-180-kg-12v-ilma-ledita-siseruumides-kasutamiseks\/#breadcrumb"},"inLanguage":"et","potentialAction":[{"@type":"ReadAction","target":["https:\/\/fonolukk.eu\/et\/tooted\/em-180b-elektromagnetlukk-180-kg-12v-ilma-ledita-siseruumides-kasutamiseks\/"]}]},{"@type":"ImageObject","inLanguage":"et","@id":"https:\/\/fonolukk.eu\/et\/tooted\/em-180b-elektromagnetlukk-180-kg-12v-ilma-ledita-siseruumides-kasutamiseks\/#primaryimage","url":"https:\/\/fonolukk.eu\/wp-content\/uploads\/2025\/01\/em-180b-em-180b-electromagnetic-lock-180-kg.webp","contentUrl":"https:\/\/fonolukk.eu\/wp-content\/uploads\/2025\/01\/em-180b-em-180b-electromagnetic-lock-180-kg.webp","width":1000,"height":1000,"caption":"em 180b"},{"@type":"BreadcrumbList","@id":"https:\/\/fonolukk.eu\/et\/tooted\/em-180b-elektromagnetlukk-180-kg-12v-ilma-ledita-siseruumides-kasutamiseks\/#breadcrumb","itemListElement":[{"@type":"ListItem","position":1,"name":"Esileht","item":"https:\/\/fonolukk.eu\/et\/koduleht\/"},{"@type":"ListItem","position":2,"name":"Tooted","item":"https:\/\/fonolukk.eu\/et\/shop-2\/"},{"@type":"ListItem","position":3,"name":"Elektrilukud","item":"https:\/\/fonolukk.eu\/et\/product-category\/elektrilukud\/"},{"@type":"ListItem","position":4,"name":"EM-180B Elektromagnetlukk, 180 kg, 12V, ilma LEDita, siseruumides kasutamiseks"}]},{"@type":"WebSite","@id":"https:\/\/fonolukk.eu\/et\/#website","url":"https:\/\/fonolukk.eu\/et\/","name":"Fonolukk eu","description":"Smart Security Systems","publisher":{"@id":"https:\/\/fonolukk.eu\/et\/#organization"},"potentialAction":[{"@type":"SearchAction","target":{"@type":"EntryPoint","urlTemplate":"https:\/\/fonolukk.eu\/et\/?s={search_term_string}"},"query-input":{"@type":"PropertyValueSpecification","valueRequired":true,"valueName":"search_term_string"}}],"inLanguage":"et"},{"@type":"Organization","@id":"https:\/\/fonolukk.eu\/et\/#organization","name":"Smart Security OU","url":"https:\/\/fonolukk.eu\/et\/","logo":{"@type":"ImageObject","inLanguage":"et","@id":"https:\/\/fonolukk.eu\/et\/#\/schema\/logo\/image\/","url":"https:\/\/fonolukk.eu\/wp-content\/uploads\/2023\/09\/fonolukk.png","contentUrl":"https:\/\/fonolukk.eu\/wp-content\/uploads\/2023\/09\/fonolukk.png","width":277,"height":274,"caption":"Smart Security OU"},"image":{"@id":"https:\/\/fonolukk.eu\/et\/#\/schema\/logo\/image\/"},"sameAs":["https:\/\/www.facebook.com\/fonolukk","https:\/\/www.instagram.com\/fonolukk\/?hl=ru"],"publishingPrinciples":"https:\/\/fonolukk.eu\/terms-and-conditions\/","ownershipFundingInfo":"https:\/\/fonolukk.eu\/about-us\/"}]},"product_price_amount":"31.97","product_price_currency":"EUR","og_availability":"instock","product_availability":"instock","product_retailer_item_id":"EM-180B","product_condition":"new"},"_links":{"self":[{"href":"https:\/\/fonolukk.eu\/et\/wp-json\/wp\/v2\/product\/19583","targetHints":{"allow":["GET"]}}],"collection":[{"href":"https:\/\/fonolukk.eu\/et\/wp-json\/wp\/v2\/product"}],"about":[{"href":"https:\/\/fonolukk.eu\/et\/wp-json\/wp\/v2\/types\/product"}],"version-history":[{"count":1,"href":"https:\/\/fonolukk.eu\/et\/wp-json\/wp\/v2\/product\/19583\/revisions"}],"predecessor-version":[{"id":19601,"href":"https:\/\/fonolukk.eu\/et\/wp-json\/wp\/v2\/product\/19583\/revisions\/19601"}],"wp:featuredmedia":[{"embeddable":true,"href":"https:\/\/fonolukk.eu\/et\/wp-json\/wp\/v2\/media\/19598"}],"wp:attachment":[{"href":"https:\/\/fonolukk.eu\/et\/wp-json\/wp\/v2\/media?parent=19583"}],"wp:term":[{"taxonomy":"product_brand","embeddable":true,"href":"https:\/\/fonolukk.eu\/et\/wp-json\/wp\/v2\/product_brand?post=19583"},{"taxonomy":"product_cat","embeddable":true,"href":"https:\/\/fonolukk.eu\/et\/wp-json\/wp\/v2\/product_cat?post=19583"},{"taxonomy":"product_tag","embeddable":true,"href":"https:\/\/fonolukk.eu\/et\/wp-json\/wp\/v2\/product_tag?post=19583"}],"curies":[{"name":"wp","href":"https:\/\/api.w.org\/{rel}","templated":true}]}}