{"id":19789,"date":"2025-03-03T23:19:52","date_gmt":"2025-03-03T21:19:52","guid":{"rendered":"https:\/\/fonolukk.eu\/?post_type=product&#038;p=19789"},"modified":"2025-03-04T13:05:54","modified_gmt":"2025-03-04T11:05:54","slug":"pika-tuupi-elektriline-lukk","status":"publish","type":"product","link":"https:\/\/fonolukk.eu\/et\/tooted\/pika-tuupi-elektriline-lukk\/","title":{"rendered":"Pika t\u00fc\u00fcpi elektriline lukk"},"content":{"rendered":"<h3>Omaduste tabel<\/h3>\n<table>\n<thead>\n<tr>\n<th><strong>Tooteparameeter<\/strong><\/th>\n<th><strong>Parameetri kirjeldus<\/strong><\/th>\n<\/tr>\n<\/thead>\n<tbody>\n<tr>\n<td><strong>Luku suurus<\/strong><\/td>\n<td>250P x 25L x 31K (mm)<\/td>\n<\/tr>\n<tr>\n<td><strong>Keele materjal<\/strong><\/td>\n<td>Roostevaba teras<\/td>\n<\/tr>\n<tr>\n<td><strong>Staatiline tugevus<\/strong><\/td>\n<td>350 kg<\/td>\n<\/tr>\n<tr>\n<td><strong>Pinge<\/strong><\/td>\n<td>DC12V (vajadusel tellitav DC24V)<\/td>\n<\/tr>\n<tr>\n<td><strong>Voolutugevus<\/strong><\/td>\n<td>NO: 12V\/240mA (\u00b110%); 24V\/120mA (\u00b110%)NC: 12V\/200mA (\u00b110%); 24V\/100mA (\u00b110%)<\/td>\n<\/tr>\n<tr>\n<td><strong>Funktsioon<\/strong><\/td>\n<td>Turvaline lukustus (YS-132NO-S); Turvaline avamine (YS-132NC-S)<\/td>\n<\/tr>\n<tr>\n<td><strong>Signaali v\u00e4ljund<\/strong><\/td>\n<td>Luku oleku v\u00e4ljund NO\/NC\/COM<\/td>\n<\/tr>\n<tr>\n<td><strong>Sobib kasutamiseks<\/strong><\/td>\n<td>Puidust uksed, metalluksed, PVC-uksed<\/td>\n<\/tr>\n<tr>\n<td><strong>Pinna temperatuur<\/strong><\/td>\n<td>+20\u00b0C piires<\/td>\n<\/tr>\n<tr>\n<td><strong>T\u00f6\u00f6tamise temperatuur<\/strong><\/td>\n<td>-10~+55\u00b0C (14-131\u00b0F)<\/td>\n<\/tr>\n<tr>\n<td><strong>T\u00f6\u00f6tamise niiskus<\/strong><\/td>\n<td>0~95% (ilma kondenseerumiseta)<\/td>\n<\/tr>\n<tr>\n<td><strong>Esiplaadi korpus<\/strong><\/td>\n<td>V\u00e4rvitud teras<\/td>\n<\/tr>\n<tr>\n<td><strong>Funktsioonid<\/strong><\/td>\n<td>Sisseehitatud MOV<\/td>\n<\/tr>\n<tr>\n<td><strong>Lisatarvikud<\/strong><\/td>\n<td>YS-308<\/td>\n<\/tr>\n<tr>\n<td><strong>Kaal<\/strong><\/td>\n<td>0.4 kg<\/td>\n<\/tr>\n<tr>\n<td><strong>Sertifikaadid<\/strong><\/td>\n<td>MA CE-EMC CE-LVD FCC-VOC REACH WEEE<\/td>\n<\/tr>\n<\/tbody>\n<\/table>\n<p>&nbsp;<\/p>\n","protected":false},"excerpt":{"rendered":"<p data-start=\"470\" data-end=\"719\">Elektrilised lukud on erinevaid. YS-132NO\/NC-S on pika esipaneeliga ja signaali v\u00e4ljundiga elektrilukk. Sellel on kaks re\u017eiimi: avariivaba elektrilukk vajab voolu, et j\u00e4\u00e4da lukustatuks. Avariikindel elektrilukk j\u00e4\u00e4b lukustatuks isegi ilma vooluta.<\/p>\n<p data-start=\"721\" data-end=\"802\">[wpdm_package id='19808']<\/p>\n","protected":false},"featured_media":19820,"template":"","meta":[],"product_brand":[],"product_cat":[1066,1063],"product_tag":[1264],"class_list":{"0":"post-19789","1":"product","2":"type-product","3":"status-publish","4":"has-post-thumbnail","6":"product_cat-avatav-tuup","7":"product_cat-elektrivasturaud","8":"product_tag-elektrilised-vastused","10":"first","11":"instock","12":"taxable","13":"shipping-taxable","14":"product-type-simple"},"yoast_head":"<!-- This site is optimized with the Yoast SEO Premium plugin v27.3 (Yoast SEO v27.3) - https:\/\/yoast.com\/product\/yoast-seo-premium-wordpress\/ -->\n<title>Pika t\u00fc\u00fcpi elektriline lukk - Fonolukk<\/title>\n<meta name=\"description\" content=\"YS-132NO\/NC-S on elektriline lukk, millel on pikk esik\u00fclg ja signaaliv\u00e4ljund. Sellel on kaks re\u017eiimi: Elektril\u00f6\u00f6gi t\u00f5rgeteta toimimine vajab lukustatuse s\u00e4ilitamiseks voolu.\" \/>\n<meta name=\"robots\" content=\"index, follow, max-snippet:-1, max-image-preview:large, max-video-preview:-1\" \/>\n<link rel=\"canonical\" href=\"https:\/\/fonolukk.eu\/et\/tooted\/pika-tuupi-elektriline-lukk\/\" \/>\n<meta property=\"og:locale\" content=\"et_EE\" \/>\n<meta property=\"og:type\" content=\"article\" \/>\n<meta property=\"og:title\" content=\"Pika t\u00fc\u00fcpi elektriline lukk\" \/>\n<meta property=\"og:description\" content=\"Elektrilised lukud on erinevaid. YS-132NO\/NC-S on pika esipaneeliga ja signaali v\u00e4ljundiga elektrilukk. Sellel on kaks re\u017eiimi: avariivaba elektrilukk vajab voolu, et j\u00e4\u00e4da lukustatuks. Avariikindel elektrilukk j\u00e4\u00e4b lukustatuks isegi ilma vooluta.\" \/>\n<meta property=\"og:url\" content=\"https:\/\/fonolukk.eu\/et\/tooted\/pika-tuupi-elektriline-lukk\/\" \/>\n<meta property=\"og:site_name\" content=\"Fonolukk\" \/>\n<meta property=\"article:publisher\" content=\"https:\/\/www.facebook.com\/fonolukk\" \/>\n<meta property=\"article:modified_time\" content=\"2025-03-04T11:05:54+00:00\" \/>\n<meta property=\"og:image\" content=\"https:\/\/fonolukk.eu\/wp-content\/uploads\/2025\/03\/ys-132no-nc-s-fono.webp\" \/>\n\t<meta property=\"og:image:width\" content=\"877\" \/>\n\t<meta property=\"og:image:height\" content=\"876\" \/>\n\t<meta property=\"og:image:type\" content=\"image\/webp\" \/>\n<meta name=\"twitter:card\" content=\"summary_large_image\" \/>\n<meta name=\"twitter:label1\" content=\"Hind\" \/>\n\t<meta name=\"twitter:data1\" content=\"\" \/>\n\t<meta name=\"twitter:label2\" content=\"Availability\" \/>\n\t<meta name=\"twitter:data2\" content=\"Laos\" \/>\n<script type=\"application\/ld+json\" class=\"yoast-schema-graph\">{\"@context\":\"https:\\\/\\\/schema.org\",\"@graph\":[{\"@type\":\"WebPage\",\"@id\":\"https:\\\/\\\/fonolukk.eu\\\/et\\\/tooted\\\/pika-tuupi-elektriline-lukk\\\/\",\"url\":\"https:\\\/\\\/fonolukk.eu\\\/et\\\/tooted\\\/pika-tuupi-elektriline-lukk\\\/\",\"name\":\"Pika t\u00fc\u00fcpi elektriline lukk - Fonolukk\",\"isPartOf\":{\"@id\":\"https:\\\/\\\/fonolukk.eu\\\/et\\\/#website\"},\"primaryImageOfPage\":{\"@id\":\"https:\\\/\\\/fonolukk.eu\\\/et\\\/tooted\\\/pika-tuupi-elektriline-lukk\\\/#primaryimage\"},\"image\":{\"@id\":\"https:\\\/\\\/fonolukk.eu\\\/et\\\/tooted\\\/pika-tuupi-elektriline-lukk\\\/#primaryimage\"},\"thumbnailUrl\":\"https:\\\/\\\/fonolukk.eu\\\/wp-content\\\/uploads\\\/2025\\\/03\\\/ys-132no-nc-s-fono.webp\",\"datePublished\":\"2025-03-03T21:19:52+00:00\",\"dateModified\":\"2025-03-04T11:05:54+00:00\",\"description\":\"YS-132NO\\\/NC-S on elektriline lukk, millel on pikk esik\u00fclg ja signaaliv\u00e4ljund. Sellel on kaks re\u017eiimi: Elektril\u00f6\u00f6gi t\u00f5rgeteta toimimine vajab lukustatuse s\u00e4ilitamiseks voolu.\",\"breadcrumb\":{\"@id\":\"https:\\\/\\\/fonolukk.eu\\\/et\\\/tooted\\\/pika-tuupi-elektriline-lukk\\\/#breadcrumb\"},\"inLanguage\":\"et\",\"potentialAction\":[{\"@type\":\"ReadAction\",\"target\":[\"https:\\\/\\\/fonolukk.eu\\\/et\\\/tooted\\\/pika-tuupi-elektriline-lukk\\\/\"]}]},{\"@type\":\"ImageObject\",\"inLanguage\":\"et\",\"@id\":\"https:\\\/\\\/fonolukk.eu\\\/et\\\/tooted\\\/pika-tuupi-elektriline-lukk\\\/#primaryimage\",\"url\":\"https:\\\/\\\/fonolukk.eu\\\/wp-content\\\/uploads\\\/2025\\\/03\\\/ys-132no-nc-s-fono.webp\",\"contentUrl\":\"https:\\\/\\\/fonolukk.eu\\\/wp-content\\\/uploads\\\/2025\\\/03\\\/ys-132no-nc-s-fono.webp\",\"width\":877,\"height\":876,\"caption\":\"long type electric strike fonolukk\"},{\"@type\":\"BreadcrumbList\",\"@id\":\"https:\\\/\\\/fonolukk.eu\\\/et\\\/tooted\\\/pika-tuupi-elektriline-lukk\\\/#breadcrumb\",\"itemListElement\":[{\"@type\":\"ListItem\",\"position\":1,\"name\":\"Esileht\",\"item\":\"https:\\\/\\\/fonolukk.eu\\\/et\\\/koduleht\\\/\"},{\"@type\":\"ListItem\",\"position\":2,\"name\":\"Tooted\",\"item\":\"https:\\\/\\\/fonolukk.eu\\\/et\\\/shop-2\\\/\"},{\"@type\":\"ListItem\",\"position\":3,\"name\":\"Elektrivasturaud\",\"item\":\"https:\\\/\\\/fonolukk.eu\\\/et\\\/product-category\\\/elektrivasturaud\\\/\"},{\"@type\":\"ListItem\",\"position\":4,\"name\":\"Pika t\u00fc\u00fcpi elektriline lukk\"}]},{\"@type\":\"WebSite\",\"@id\":\"https:\\\/\\\/fonolukk.eu\\\/et\\\/#website\",\"url\":\"https:\\\/\\\/fonolukk.eu\\\/et\\\/\",\"name\":\"Fonolukk eu\",\"description\":\"Smart Security Systems\",\"publisher\":{\"@id\":\"https:\\\/\\\/fonolukk.eu\\\/et\\\/#organization\"},\"potentialAction\":[{\"@type\":\"SearchAction\",\"target\":{\"@type\":\"EntryPoint\",\"urlTemplate\":\"https:\\\/\\\/fonolukk.eu\\\/et\\\/?s={search_term_string}\"},\"query-input\":{\"@type\":\"PropertyValueSpecification\",\"valueRequired\":true,\"valueName\":\"search_term_string\"}}],\"inLanguage\":\"et\"},{\"@type\":\"Organization\",\"@id\":\"https:\\\/\\\/fonolukk.eu\\\/et\\\/#organization\",\"name\":\"Smart Security OU\",\"url\":\"https:\\\/\\\/fonolukk.eu\\\/et\\\/\",\"logo\":{\"@type\":\"ImageObject\",\"inLanguage\":\"et\",\"@id\":\"https:\\\/\\\/fonolukk.eu\\\/et\\\/#\\\/schema\\\/logo\\\/image\\\/\",\"url\":\"https:\\\/\\\/fonolukk.eu\\\/wp-content\\\/uploads\\\/2023\\\/09\\\/fonolukk.png\",\"contentUrl\":\"https:\\\/\\\/fonolukk.eu\\\/wp-content\\\/uploads\\\/2023\\\/09\\\/fonolukk.png\",\"width\":277,\"height\":274,\"caption\":\"Smart Security OU\"},\"image\":{\"@id\":\"https:\\\/\\\/fonolukk.eu\\\/et\\\/#\\\/schema\\\/logo\\\/image\\\/\"},\"sameAs\":[\"https:\\\/\\\/www.facebook.com\\\/fonolukk\",\"https:\\\/\\\/www.instagram.com\\\/fonolukk\\\/?hl=ru\"],\"publishingPrinciples\":\"https:\\\/\\\/fonolukk.eu\\\/terms-and-conditions\\\/\",\"ownershipFundingInfo\":\"https:\\\/\\\/fonolukk.eu\\\/about-us\\\/\"}]}<\/script>\n<meta property=\"product:price:amount\" content=\"0.00\" \/>\n<meta property=\"product:price:currency\" content=\"EUR\" \/>\n<meta property=\"og:availability\" content=\"instock\" \/>\n<meta property=\"product:availability\" content=\"instock\" \/>\n<meta property=\"product:retailer_item_id\" content=\"YS-132NO\/NC-S\" \/>\n<meta property=\"product:condition\" content=\"new\" \/>\n<!-- \/ Yoast SEO Premium plugin. -->","yoast_head_json":{"title":"Pika t\u00fc\u00fcpi elektriline lukk - Fonolukk","description":"YS-132NO\/NC-S on elektriline lukk, millel on pikk esik\u00fclg ja signaaliv\u00e4ljund. Sellel on kaks re\u017eiimi: Elektril\u00f6\u00f6gi t\u00f5rgeteta toimimine vajab lukustatuse s\u00e4ilitamiseks voolu.","robots":{"index":"index","follow":"follow","max-snippet":"max-snippet:-1","max-image-preview":"max-image-preview:large","max-video-preview":"max-video-preview:-1"},"canonical":"https:\/\/fonolukk.eu\/et\/tooted\/pika-tuupi-elektriline-lukk\/","og_locale":"et_EE","og_type":"article","og_title":"Pika t\u00fc\u00fcpi elektriline lukk","og_description":"Elektrilised lukud on erinevaid. YS-132NO\/NC-S on pika esipaneeliga ja signaali v\u00e4ljundiga elektrilukk. Sellel on kaks re\u017eiimi: avariivaba elektrilukk vajab voolu, et j\u00e4\u00e4da lukustatuks. Avariikindel elektrilukk j\u00e4\u00e4b lukustatuks isegi ilma vooluta.","og_url":"https:\/\/fonolukk.eu\/et\/tooted\/pika-tuupi-elektriline-lukk\/","og_site_name":"Fonolukk","article_publisher":"https:\/\/www.facebook.com\/fonolukk","article_modified_time":"2025-03-04T11:05:54+00:00","og_image":[{"width":877,"height":876,"url":"https:\/\/fonolukk.eu\/wp-content\/uploads\/2025\/03\/ys-132no-nc-s-fono.webp","type":"image\/webp"}],"twitter_card":"summary_large_image","twitter_misc":{"Hind":"","Availability":"Laos"},"schema":{"@context":"https:\/\/schema.org","@graph":[{"@type":"WebPage","@id":"https:\/\/fonolukk.eu\/et\/tooted\/pika-tuupi-elektriline-lukk\/","url":"https:\/\/fonolukk.eu\/et\/tooted\/pika-tuupi-elektriline-lukk\/","name":"Pika t\u00fc\u00fcpi elektriline lukk - Fonolukk","isPartOf":{"@id":"https:\/\/fonolukk.eu\/et\/#website"},"primaryImageOfPage":{"@id":"https:\/\/fonolukk.eu\/et\/tooted\/pika-tuupi-elektriline-lukk\/#primaryimage"},"image":{"@id":"https:\/\/fonolukk.eu\/et\/tooted\/pika-tuupi-elektriline-lukk\/#primaryimage"},"thumbnailUrl":"https:\/\/fonolukk.eu\/wp-content\/uploads\/2025\/03\/ys-132no-nc-s-fono.webp","datePublished":"2025-03-03T21:19:52+00:00","dateModified":"2025-03-04T11:05:54+00:00","description":"YS-132NO\/NC-S on elektriline lukk, millel on pikk esik\u00fclg ja signaaliv\u00e4ljund. Sellel on kaks re\u017eiimi: Elektril\u00f6\u00f6gi t\u00f5rgeteta toimimine vajab lukustatuse s\u00e4ilitamiseks voolu.","breadcrumb":{"@id":"https:\/\/fonolukk.eu\/et\/tooted\/pika-tuupi-elektriline-lukk\/#breadcrumb"},"inLanguage":"et","potentialAction":[{"@type":"ReadAction","target":["https:\/\/fonolukk.eu\/et\/tooted\/pika-tuupi-elektriline-lukk\/"]}]},{"@type":"ImageObject","inLanguage":"et","@id":"https:\/\/fonolukk.eu\/et\/tooted\/pika-tuupi-elektriline-lukk\/#primaryimage","url":"https:\/\/fonolukk.eu\/wp-content\/uploads\/2025\/03\/ys-132no-nc-s-fono.webp","contentUrl":"https:\/\/fonolukk.eu\/wp-content\/uploads\/2025\/03\/ys-132no-nc-s-fono.webp","width":877,"height":876,"caption":"long type electric strike fonolukk"},{"@type":"BreadcrumbList","@id":"https:\/\/fonolukk.eu\/et\/tooted\/pika-tuupi-elektriline-lukk\/#breadcrumb","itemListElement":[{"@type":"ListItem","position":1,"name":"Esileht","item":"https:\/\/fonolukk.eu\/et\/koduleht\/"},{"@type":"ListItem","position":2,"name":"Tooted","item":"https:\/\/fonolukk.eu\/et\/shop-2\/"},{"@type":"ListItem","position":3,"name":"Elektrivasturaud","item":"https:\/\/fonolukk.eu\/et\/product-category\/elektrivasturaud\/"},{"@type":"ListItem","position":4,"name":"Pika t\u00fc\u00fcpi elektriline lukk"}]},{"@type":"WebSite","@id":"https:\/\/fonolukk.eu\/et\/#website","url":"https:\/\/fonolukk.eu\/et\/","name":"Fonolukk eu","description":"Smart Security Systems","publisher":{"@id":"https:\/\/fonolukk.eu\/et\/#organization"},"potentialAction":[{"@type":"SearchAction","target":{"@type":"EntryPoint","urlTemplate":"https:\/\/fonolukk.eu\/et\/?s={search_term_string}"},"query-input":{"@type":"PropertyValueSpecification","valueRequired":true,"valueName":"search_term_string"}}],"inLanguage":"et"},{"@type":"Organization","@id":"https:\/\/fonolukk.eu\/et\/#organization","name":"Smart Security OU","url":"https:\/\/fonolukk.eu\/et\/","logo":{"@type":"ImageObject","inLanguage":"et","@id":"https:\/\/fonolukk.eu\/et\/#\/schema\/logo\/image\/","url":"https:\/\/fonolukk.eu\/wp-content\/uploads\/2023\/09\/fonolukk.png","contentUrl":"https:\/\/fonolukk.eu\/wp-content\/uploads\/2023\/09\/fonolukk.png","width":277,"height":274,"caption":"Smart Security OU"},"image":{"@id":"https:\/\/fonolukk.eu\/et\/#\/schema\/logo\/image\/"},"sameAs":["https:\/\/www.facebook.com\/fonolukk","https:\/\/www.instagram.com\/fonolukk\/?hl=ru"],"publishingPrinciples":"https:\/\/fonolukk.eu\/terms-and-conditions\/","ownershipFundingInfo":"https:\/\/fonolukk.eu\/about-us\/"}]},"product_price_amount":"0.00","product_price_currency":"EUR","og_availability":"instock","product_availability":"instock","product_retailer_item_id":"YS-132NO\/NC-S","product_condition":"new"},"_links":{"self":[{"href":"https:\/\/fonolukk.eu\/et\/wp-json\/wp\/v2\/product\/19789","targetHints":{"allow":["GET"]}}],"collection":[{"href":"https:\/\/fonolukk.eu\/et\/wp-json\/wp\/v2\/product"}],"about":[{"href":"https:\/\/fonolukk.eu\/et\/wp-json\/wp\/v2\/types\/product"}],"version-history":[{"count":1,"href":"https:\/\/fonolukk.eu\/et\/wp-json\/wp\/v2\/product\/19789\/revisions"}],"predecessor-version":[{"id":19822,"href":"https:\/\/fonolukk.eu\/et\/wp-json\/wp\/v2\/product\/19789\/revisions\/19822"}],"wp:featuredmedia":[{"embeddable":true,"href":"https:\/\/fonolukk.eu\/et\/wp-json\/wp\/v2\/media\/19820"}],"wp:attachment":[{"href":"https:\/\/fonolukk.eu\/et\/wp-json\/wp\/v2\/media?parent=19789"}],"wp:term":[{"taxonomy":"product_brand","embeddable":true,"href":"https:\/\/fonolukk.eu\/et\/wp-json\/wp\/v2\/product_brand?post=19789"},{"taxonomy":"product_cat","embeddable":true,"href":"https:\/\/fonolukk.eu\/et\/wp-json\/wp\/v2\/product_cat?post=19789"},{"taxonomy":"product_tag","embeddable":true,"href":"https:\/\/fonolukk.eu\/et\/wp-json\/wp\/v2\/product_tag?post=19789"}],"curies":[{"name":"wp","href":"https:\/\/api.w.org\/{rel}","templated":true}]}}