{"id":19987,"date":"2025-04-08T10:30:06","date_gmt":"2025-04-08T07:30:06","guid":{"rendered":"https:\/\/fonolukk.eu\/?post_type=product&#038;p=19987"},"modified":"2025-04-12T13:06:26","modified_gmt":"2025-04-12T10:06:26","slug":"mf-1-mini","status":"publish","type":"product","link":"https:\/\/fonolukk.eu\/et\/tooted\/mf-1-mini\/","title":{"rendered":"MF 1 mini"},"content":{"rendered":"<p class=\"\" data-start=\"823\" data-end=\"845\"><strong data-start=\"823\" data-end=\"845\">Tehnilised andmed:<\/strong><\/p>\n<ul data-start=\"847\" data-end=\"1430\">\n<li class=\"\" data-start=\"847\" data-end=\"876\">\n<p class=\"\" data-start=\"849\" data-end=\"876\"><strong data-start=\"849\" data-end=\"864\">T\u00f6\u00f6sagedus:<\/strong> 13,56 MHz<\/p>\n<\/li>\n<li class=\"\" data-start=\"877\" data-end=\"964\">\n<p class=\"\" data-start=\"879\" data-end=\"964\"><strong data-start=\"879\" data-end=\"897\">Toetatud ID-d:<\/strong> Mifare Ultralight, Mifare Standard (Classic) 1K ja 4K, Mifare ID<\/p>\n<\/li>\n<li class=\"\" data-start=\"965\" data-end=\"994\">\n<p class=\"\" data-start=\"967\" data-end=\"994\"><strong data-start=\"967\" data-end=\"985\">Lugemiskaugus:<\/strong> 1\u20134 cm<\/p>\n<\/li>\n<li class=\"\" data-start=\"995\" data-end=\"1027\">\n<p class=\"\" data-start=\"997\" data-end=\"1027\"><strong data-start=\"997\" data-end=\"1018\">Valgusindikaator:<\/strong> Olemas<\/p>\n<\/li>\n<li class=\"\" data-start=\"1028\" data-end=\"1084\">\n<p class=\"\" data-start=\"1030\" data-end=\"1084\"><strong data-start=\"1030\" data-end=\"1049\">Taustvalgustus:<\/strong> Pidev punane valgus (valikuline)<\/p>\n<\/li>\n<li class=\"\" data-start=\"1085\" data-end=\"1122\">\n<p class=\"\" data-start=\"1087\" data-end=\"1122\"><strong data-start=\"1087\" data-end=\"1102\">Toitepinge:<\/strong> 8\u201318 V alalisvool<\/p>\n<\/li>\n<li class=\"\" data-start=\"1123\" data-end=\"1157\">\n<p class=\"\" data-start=\"1125\" data-end=\"1157\"><strong data-start=\"1125\" data-end=\"1149\">Keskmine voolutarve:<\/strong> 45 mA<\/p>\n<\/li>\n<li class=\"\" data-start=\"1158\" data-end=\"1182\">\n<p class=\"\" data-start=\"1160\" data-end=\"1182\"><strong data-start=\"1160\" data-end=\"1173\">Tippvool:<\/strong> 200 mA<\/p>\n<\/li>\n<li class=\"\" data-start=\"1183\" data-end=\"1222\">\n<p class=\"\" data-start=\"1185\" data-end=\"1222\"><strong data-start=\"1185\" data-end=\"1206\">Korpuse materjal:<\/strong> Pol\u00fckarbonaat<\/p>\n<\/li>\n<li class=\"\" data-start=\"1223\" data-end=\"1249\">\n<p class=\"\" data-start=\"1225\" data-end=\"1249\"><strong data-start=\"1225\" data-end=\"1242\">Korpuse v\u00e4rv:<\/strong> Must<\/p>\n<\/li>\n<li class=\"\" data-start=\"1250\" data-end=\"1306\">\n<p class=\"\" data-start=\"1252\" data-end=\"1306\"><strong data-start=\"1252\" data-end=\"1272\">V\u00e4ljundliidesed:<\/strong> Dallas Touch Memory, Wiegand 26<\/p>\n<\/li>\n<li class=\"\" data-start=\"1307\" data-end=\"1430\">\n<p class=\"\" data-start=\"1309\" data-end=\"1369\"><strong data-start=\"1309\" data-end=\"1367\">Maksimaalne kaabli pikkus lugeja ja kontrolleri vahel:<\/strong><\/p>\n<ul data-start=\"1372\" data-end=\"1430\">\n<li class=\"\" data-start=\"1372\" data-end=\"1406\">\n<p class=\"\" data-start=\"1374\" data-end=\"1406\">Dallas Touch Memory: kuni 15 m<\/p>\n<\/li>\n<li class=\"\" data-start=\"1409\" data-end=\"1430\">\n<p class=\"\" data-start=\"1411\" data-end=\"1430\">Wiegand: kuni 100 m<\/p>\n<\/li>\n<\/ul>\n<\/li>\n<\/ul>\n","protected":false},"excerpt":{"rendered":"<p class=\"p1\">13.56 MHz MF1 IC Reader<\/p>\n<p class=\"p1\">\u00d826 \u00d7 22 mm<\/p>\n<p class=\"p1\">DC 8- 16V<\/p>\n","protected":false},"featured_media":19993,"template":"","meta":[],"product_brand":[],"product_cat":[867,866,1341],"product_tag":[1208],"class_list":{"0":"post-19987","1":"product","2":"type-product","3":"status-publish","4":"has-post-thumbnail","6":"product_cat-lugeja","7":"product_cat-labipaasususteem","8":"product_cat-mifare-lugeja","9":"product_tag-lugeja","11":"first","12":"instock","13":"taxable","14":"shipping-taxable","15":"purchasable","16":"product-type-simple"},"yoast_head":"<!-- This site is optimized with the Yoast SEO Premium plugin v27.3 (Yoast SEO v27.3) - https:\/\/yoast.com\/product\/yoast-seo-premium-wordpress\/ -->\n<title>MF 1 mini - Fonolukk<\/title>\n<meta name=\"description\" content=\"MF 1 mini \u2013 Maksimaalne kaabli pikkus lugeja ja kontrolleri vahel: Dallas Touch Memory \u2013 kuni 15 m, Wiegand \u2013 kuni 100 m. Fonolukk E-pood.\" \/>\n<meta name=\"robots\" content=\"index, follow, max-snippet:-1, max-image-preview:large, max-video-preview:-1\" \/>\n<link rel=\"canonical\" href=\"https:\/\/fonolukk.eu\/et\/tooted\/mf-1-mini\/\" \/>\n<meta property=\"og:locale\" content=\"et_EE\" \/>\n<meta property=\"og:type\" content=\"article\" \/>\n<meta property=\"og:title\" content=\"MF 1 mini\" \/>\n<meta property=\"og:description\" content=\"13.56 MHz MF1 IC Reader \u00d826 \u00d7 22 mm DC 8- 16V\" \/>\n<meta property=\"og:url\" content=\"https:\/\/fonolukk.eu\/et\/tooted\/mf-1-mini\/\" \/>\n<meta property=\"og:site_name\" content=\"Fonolukk\" \/>\n<meta property=\"article:publisher\" content=\"https:\/\/www.facebook.com\/fonolukk\" \/>\n<meta property=\"article:modified_time\" content=\"2025-04-12T10:06:26+00:00\" \/>\n<meta property=\"og:image\" content=\"https:\/\/fonolukk.eu\/wp-content\/uploads\/2025\/04\/mf-1-mini-2.webp\" \/>\n\t<meta property=\"og:image:width\" content=\"1198\" \/>\n\t<meta property=\"og:image:height\" content=\"986\" \/>\n\t<meta property=\"og:image:type\" content=\"image\/webp\" \/>\n<meta name=\"twitter:card\" content=\"summary_large_image\" \/>\n<meta name=\"twitter:label1\" content=\"Hind\" \/>\n\t<meta name=\"twitter:data1\" content=\"&euro;18.85 koos KM\" \/>\n\t<meta name=\"twitter:label2\" content=\"Availability\" \/>\n\t<meta name=\"twitter:data2\" content=\"Laos\" \/>\n<script type=\"application\/ld+json\" class=\"yoast-schema-graph\">{\"@context\":\"https:\\\/\\\/schema.org\",\"@graph\":[{\"@type\":\"WebPage\",\"@id\":\"https:\\\/\\\/fonolukk.eu\\\/et\\\/tooted\\\/mf-1-mini\\\/\",\"url\":\"https:\\\/\\\/fonolukk.eu\\\/et\\\/tooted\\\/mf-1-mini\\\/\",\"name\":\"MF 1 mini - Fonolukk\",\"isPartOf\":{\"@id\":\"https:\\\/\\\/fonolukk.eu\\\/et\\\/#website\"},\"primaryImageOfPage\":{\"@id\":\"https:\\\/\\\/fonolukk.eu\\\/et\\\/tooted\\\/mf-1-mini\\\/#primaryimage\"},\"image\":{\"@id\":\"https:\\\/\\\/fonolukk.eu\\\/et\\\/tooted\\\/mf-1-mini\\\/#primaryimage\"},\"thumbnailUrl\":\"https:\\\/\\\/fonolukk.eu\\\/wp-content\\\/uploads\\\/2025\\\/04\\\/mf-1-mini-2.webp\",\"datePublished\":\"2025-04-08T07:30:06+00:00\",\"dateModified\":\"2025-04-12T10:06:26+00:00\",\"description\":\"MF 1 mini \u2013 Maksimaalne kaabli pikkus lugeja ja kontrolleri vahel: Dallas Touch Memory \u2013 kuni 15 m, Wiegand \u2013 kuni 100 m. Fonolukk E-pood.\",\"breadcrumb\":{\"@id\":\"https:\\\/\\\/fonolukk.eu\\\/et\\\/tooted\\\/mf-1-mini\\\/#breadcrumb\"},\"inLanguage\":\"et\",\"potentialAction\":[{\"@type\":\"ReadAction\",\"target\":[\"https:\\\/\\\/fonolukk.eu\\\/et\\\/tooted\\\/mf-1-mini\\\/\"]}]},{\"@type\":\"ImageObject\",\"inLanguage\":\"et\",\"@id\":\"https:\\\/\\\/fonolukk.eu\\\/et\\\/tooted\\\/mf-1-mini\\\/#primaryimage\",\"url\":\"https:\\\/\\\/fonolukk.eu\\\/wp-content\\\/uploads\\\/2025\\\/04\\\/mf-1-mini-2.webp\",\"contentUrl\":\"https:\\\/\\\/fonolukk.eu\\\/wp-content\\\/uploads\\\/2025\\\/04\\\/mf-1-mini-2.webp\",\"width\":1198,\"height\":986,\"caption\":\"MF 1 mini\"},{\"@type\":\"BreadcrumbList\",\"@id\":\"https:\\\/\\\/fonolukk.eu\\\/et\\\/tooted\\\/mf-1-mini\\\/#breadcrumb\",\"itemListElement\":[{\"@type\":\"ListItem\",\"position\":1,\"name\":\"Esileht\",\"item\":\"https:\\\/\\\/fonolukk.eu\\\/et\\\/koduleht\\\/\"},{\"@type\":\"ListItem\",\"position\":2,\"name\":\"Tooted\",\"item\":\"https:\\\/\\\/fonolukk.eu\\\/et\\\/shop-2\\\/\"},{\"@type\":\"ListItem\",\"position\":3,\"name\":\"L\u00e4bip\u00e4\u00e4sus\u00fcsteem\",\"item\":\"https:\\\/\\\/fonolukk.eu\\\/et\\\/product-category\\\/labipaasususteem\\\/\"},{\"@type\":\"ListItem\",\"position\":4,\"name\":\"MF 1 mini\"}]},{\"@type\":\"WebSite\",\"@id\":\"https:\\\/\\\/fonolukk.eu\\\/et\\\/#website\",\"url\":\"https:\\\/\\\/fonolukk.eu\\\/et\\\/\",\"name\":\"Fonolukk eu\",\"description\":\"Smart Security Systems\",\"publisher\":{\"@id\":\"https:\\\/\\\/fonolukk.eu\\\/et\\\/#organization\"},\"potentialAction\":[{\"@type\":\"SearchAction\",\"target\":{\"@type\":\"EntryPoint\",\"urlTemplate\":\"https:\\\/\\\/fonolukk.eu\\\/et\\\/?s={search_term_string}\"},\"query-input\":{\"@type\":\"PropertyValueSpecification\",\"valueRequired\":true,\"valueName\":\"search_term_string\"}}],\"inLanguage\":\"et\"},{\"@type\":\"Organization\",\"@id\":\"https:\\\/\\\/fonolukk.eu\\\/et\\\/#organization\",\"name\":\"Smart Security OU\",\"url\":\"https:\\\/\\\/fonolukk.eu\\\/et\\\/\",\"logo\":{\"@type\":\"ImageObject\",\"inLanguage\":\"et\",\"@id\":\"https:\\\/\\\/fonolukk.eu\\\/et\\\/#\\\/schema\\\/logo\\\/image\\\/\",\"url\":\"https:\\\/\\\/fonolukk.eu\\\/wp-content\\\/uploads\\\/2023\\\/09\\\/fonolukk.png\",\"contentUrl\":\"https:\\\/\\\/fonolukk.eu\\\/wp-content\\\/uploads\\\/2023\\\/09\\\/fonolukk.png\",\"width\":277,\"height\":274,\"caption\":\"Smart Security OU\"},\"image\":{\"@id\":\"https:\\\/\\\/fonolukk.eu\\\/et\\\/#\\\/schema\\\/logo\\\/image\\\/\"},\"sameAs\":[\"https:\\\/\\\/www.facebook.com\\\/fonolukk\",\"https:\\\/\\\/www.instagram.com\\\/fonolukk\\\/?hl=ru\"],\"publishingPrinciples\":\"https:\\\/\\\/fonolukk.eu\\\/terms-and-conditions\\\/\",\"ownershipFundingInfo\":\"https:\\\/\\\/fonolukk.eu\\\/about-us\\\/\"}]}<\/script>\n<meta property=\"product:price:amount\" content=\"18.85\" \/>\n<meta property=\"product:price:currency\" content=\"EUR\" \/>\n<meta property=\"og:availability\" content=\"instock\" \/>\n<meta property=\"product:availability\" content=\"instock\" \/>\n<meta property=\"product:retailer_item_id\" content=\"mf-1-mini\" \/>\n<meta property=\"product:condition\" content=\"new\" \/>\n<!-- \/ Yoast SEO Premium plugin. -->","yoast_head_json":{"title":"MF 1 mini - Fonolukk","description":"MF 1 mini \u2013 Maksimaalne kaabli pikkus lugeja ja kontrolleri vahel: Dallas Touch Memory \u2013 kuni 15 m, Wiegand \u2013 kuni 100 m. Fonolukk E-pood.","robots":{"index":"index","follow":"follow","max-snippet":"max-snippet:-1","max-image-preview":"max-image-preview:large","max-video-preview":"max-video-preview:-1"},"canonical":"https:\/\/fonolukk.eu\/et\/tooted\/mf-1-mini\/","og_locale":"et_EE","og_type":"article","og_title":"MF 1 mini","og_description":"13.56 MHz MF1 IC Reader \u00d826 \u00d7 22 mm DC 8- 16V","og_url":"https:\/\/fonolukk.eu\/et\/tooted\/mf-1-mini\/","og_site_name":"Fonolukk","article_publisher":"https:\/\/www.facebook.com\/fonolukk","article_modified_time":"2025-04-12T10:06:26+00:00","og_image":[{"width":1198,"height":986,"url":"https:\/\/fonolukk.eu\/wp-content\/uploads\/2025\/04\/mf-1-mini-2.webp","type":"image\/webp"}],"twitter_card":"summary_large_image","twitter_misc":{"Hind":"&euro;18.85 koos KM","Availability":"Laos"},"schema":{"@context":"https:\/\/schema.org","@graph":[{"@type":"WebPage","@id":"https:\/\/fonolukk.eu\/et\/tooted\/mf-1-mini\/","url":"https:\/\/fonolukk.eu\/et\/tooted\/mf-1-mini\/","name":"MF 1 mini - Fonolukk","isPartOf":{"@id":"https:\/\/fonolukk.eu\/et\/#website"},"primaryImageOfPage":{"@id":"https:\/\/fonolukk.eu\/et\/tooted\/mf-1-mini\/#primaryimage"},"image":{"@id":"https:\/\/fonolukk.eu\/et\/tooted\/mf-1-mini\/#primaryimage"},"thumbnailUrl":"https:\/\/fonolukk.eu\/wp-content\/uploads\/2025\/04\/mf-1-mini-2.webp","datePublished":"2025-04-08T07:30:06+00:00","dateModified":"2025-04-12T10:06:26+00:00","description":"MF 1 mini \u2013 Maksimaalne kaabli pikkus lugeja ja kontrolleri vahel: Dallas Touch Memory \u2013 kuni 15 m, Wiegand \u2013 kuni 100 m. Fonolukk E-pood.","breadcrumb":{"@id":"https:\/\/fonolukk.eu\/et\/tooted\/mf-1-mini\/#breadcrumb"},"inLanguage":"et","potentialAction":[{"@type":"ReadAction","target":["https:\/\/fonolukk.eu\/et\/tooted\/mf-1-mini\/"]}]},{"@type":"ImageObject","inLanguage":"et","@id":"https:\/\/fonolukk.eu\/et\/tooted\/mf-1-mini\/#primaryimage","url":"https:\/\/fonolukk.eu\/wp-content\/uploads\/2025\/04\/mf-1-mini-2.webp","contentUrl":"https:\/\/fonolukk.eu\/wp-content\/uploads\/2025\/04\/mf-1-mini-2.webp","width":1198,"height":986,"caption":"MF 1 mini"},{"@type":"BreadcrumbList","@id":"https:\/\/fonolukk.eu\/et\/tooted\/mf-1-mini\/#breadcrumb","itemListElement":[{"@type":"ListItem","position":1,"name":"Esileht","item":"https:\/\/fonolukk.eu\/et\/koduleht\/"},{"@type":"ListItem","position":2,"name":"Tooted","item":"https:\/\/fonolukk.eu\/et\/shop-2\/"},{"@type":"ListItem","position":3,"name":"L\u00e4bip\u00e4\u00e4sus\u00fcsteem","item":"https:\/\/fonolukk.eu\/et\/product-category\/labipaasususteem\/"},{"@type":"ListItem","position":4,"name":"MF 1 mini"}]},{"@type":"WebSite","@id":"https:\/\/fonolukk.eu\/et\/#website","url":"https:\/\/fonolukk.eu\/et\/","name":"Fonolukk eu","description":"Smart Security Systems","publisher":{"@id":"https:\/\/fonolukk.eu\/et\/#organization"},"potentialAction":[{"@type":"SearchAction","target":{"@type":"EntryPoint","urlTemplate":"https:\/\/fonolukk.eu\/et\/?s={search_term_string}"},"query-input":{"@type":"PropertyValueSpecification","valueRequired":true,"valueName":"search_term_string"}}],"inLanguage":"et"},{"@type":"Organization","@id":"https:\/\/fonolukk.eu\/et\/#organization","name":"Smart Security OU","url":"https:\/\/fonolukk.eu\/et\/","logo":{"@type":"ImageObject","inLanguage":"et","@id":"https:\/\/fonolukk.eu\/et\/#\/schema\/logo\/image\/","url":"https:\/\/fonolukk.eu\/wp-content\/uploads\/2023\/09\/fonolukk.png","contentUrl":"https:\/\/fonolukk.eu\/wp-content\/uploads\/2023\/09\/fonolukk.png","width":277,"height":274,"caption":"Smart Security OU"},"image":{"@id":"https:\/\/fonolukk.eu\/et\/#\/schema\/logo\/image\/"},"sameAs":["https:\/\/www.facebook.com\/fonolukk","https:\/\/www.instagram.com\/fonolukk\/?hl=ru"],"publishingPrinciples":"https:\/\/fonolukk.eu\/terms-and-conditions\/","ownershipFundingInfo":"https:\/\/fonolukk.eu\/about-us\/"}]},"product_price_amount":"18.85","product_price_currency":"EUR","og_availability":"instock","product_availability":"instock","product_retailer_item_id":"mf-1-mini","product_condition":"new"},"_links":{"self":[{"href":"https:\/\/fonolukk.eu\/et\/wp-json\/wp\/v2\/product\/19987","targetHints":{"allow":["GET"]}}],"collection":[{"href":"https:\/\/fonolukk.eu\/et\/wp-json\/wp\/v2\/product"}],"about":[{"href":"https:\/\/fonolukk.eu\/et\/wp-json\/wp\/v2\/types\/product"}],"version-history":[{"count":1,"href":"https:\/\/fonolukk.eu\/et\/wp-json\/wp\/v2\/product\/19987\/revisions"}],"predecessor-version":[{"id":19998,"href":"https:\/\/fonolukk.eu\/et\/wp-json\/wp\/v2\/product\/19987\/revisions\/19998"}],"wp:featuredmedia":[{"embeddable":true,"href":"https:\/\/fonolukk.eu\/et\/wp-json\/wp\/v2\/media\/19993"}],"wp:attachment":[{"href":"https:\/\/fonolukk.eu\/et\/wp-json\/wp\/v2\/media?parent=19987"}],"wp:term":[{"taxonomy":"product_brand","embeddable":true,"href":"https:\/\/fonolukk.eu\/et\/wp-json\/wp\/v2\/product_brand?post=19987"},{"taxonomy":"product_cat","embeddable":true,"href":"https:\/\/fonolukk.eu\/et\/wp-json\/wp\/v2\/product_cat?post=19987"},{"taxonomy":"product_tag","embeddable":true,"href":"https:\/\/fonolukk.eu\/et\/wp-json\/wp\/v2\/product_tag?post=19987"}],"curies":[{"name":"wp","href":"https:\/\/api.w.org\/{rel}","templated":true}]}}