{"id":20131,"date":"2025-04-15T16:52:49","date_gmt":"2025-04-15T13:52:49","guid":{"rendered":"https:\/\/fonolukk.eu\/?post_type=product&#038;p=20131"},"modified":"2025-04-15T16:54:16","modified_gmt":"2025-04-15T13:54:16","slug":"fonosusteemi-luhise-otsing-eemaldamine","status":"publish","type":"product","link":"https:\/\/fonolukk.eu\/et\/tooted\/fonosusteemi-luhise-otsing-eemaldamine\/","title":{"rendered":"Fonos\u00fcsteemi l\u00fchise otsing, eemaldamine"},"content":{"rendered":"<h3><a href=\"https:\/\/fonolukk.eu\/et\/contact-us\/\">Lisateabe saamiseks kl\u00f5psake palun siia.<\/a><\/h3>\n","protected":false},"excerpt":{"rendered":"<p>Lisateabe saamiseks kl\u00f5psake palun siia.<\/p>\n","protected":false},"featured_media":19159,"template":"","meta":[],"product_brand":[],"product_cat":[1636,1666],"product_tag":[],"class_list":{"0":"post-20131","1":"product","2":"type-product","3":"status-publish","4":"has-post-thumbnail","6":"product_cat-teenused","7":"product_cat-fonoluku-teenused","9":"first","10":"instock","11":"taxable","12":"shipping-taxable","13":"product-type-simple"},"yoast_head":"<!-- This site is optimized with the Yoast SEO Premium plugin v27.3 (Yoast SEO v27.3) - https:\/\/yoast.com\/product\/yoast-seo-premium-wordpress\/ -->\n<title>Fonos\u00fcsteemi l\u00fchise otsing, eemaldamine - Fonolukk<\/title>\n<meta name=\"description\" content=\"Fonos\u00fcsteemi l\u00fchise otsing, eemaldamine - Fonolukk Fonos\u00fcsteemi l\u00fchise otsing, eemaldamine. Lisateabe saamiseks kl\u00f5psake palun siia.\" \/>\n<meta name=\"robots\" content=\"index, follow, max-snippet:-1, max-image-preview:large, max-video-preview:-1\" \/>\n<link rel=\"canonical\" href=\"https:\/\/fonolukk.eu\/et\/tooted\/fonosusteemi-luhise-otsing-eemaldamine\/\" \/>\n<meta property=\"og:locale\" content=\"et_EE\" \/>\n<meta property=\"og:type\" content=\"article\" \/>\n<meta property=\"og:title\" content=\"Fonos\u00fcsteemi l\u00fchise otsing, eemaldamine\" \/>\n<meta property=\"og:description\" content=\"Lisateabe saamiseks kl\u00f5psake palun siia.\" \/>\n<meta property=\"og:url\" content=\"https:\/\/fonolukk.eu\/et\/tooted\/fonosusteemi-luhise-otsing-eemaldamine\/\" \/>\n<meta property=\"og:site_name\" content=\"Fonolukk\" \/>\n<meta property=\"article:publisher\" content=\"https:\/\/www.facebook.com\/fonolukk\" \/>\n<meta property=\"article:modified_time\" content=\"2025-04-15T13:54:16+00:00\" \/>\n<meta property=\"og:image\" content=\"https:\/\/fonolukk.eu\/wp-content\/uploads\/2024\/09\/fonolukk-1.jpg\" \/>\n\t<meta property=\"og:image:width\" content=\"874\" \/>\n\t<meta property=\"og:image:height\" content=\"762\" \/>\n\t<meta property=\"og:image:type\" content=\"image\/jpeg\" \/>\n<meta name=\"twitter:card\" content=\"summary_large_image\" \/>\n<meta name=\"twitter:label1\" content=\"Hind\" \/>\n\t<meta name=\"twitter:data1\" content=\"\" \/>\n\t<meta name=\"twitter:label2\" content=\"Availability\" \/>\n\t<meta name=\"twitter:data2\" content=\"Laos\" \/>\n<script type=\"application\/ld+json\" class=\"yoast-schema-graph\">{\"@context\":\"https:\\\/\\\/schema.org\",\"@graph\":[{\"@type\":\"WebPage\",\"@id\":\"https:\\\/\\\/fonolukk.eu\\\/et\\\/tooted\\\/fonosusteemi-luhise-otsing-eemaldamine\\\/\",\"url\":\"https:\\\/\\\/fonolukk.eu\\\/et\\\/tooted\\\/fonosusteemi-luhise-otsing-eemaldamine\\\/\",\"name\":\"Fonos\u00fcsteemi l\u00fchise otsing, eemaldamine - Fonolukk\",\"isPartOf\":{\"@id\":\"https:\\\/\\\/fonolukk.eu\\\/et\\\/#website\"},\"primaryImageOfPage\":{\"@id\":\"https:\\\/\\\/fonolukk.eu\\\/et\\\/tooted\\\/fonosusteemi-luhise-otsing-eemaldamine\\\/#primaryimage\"},\"image\":{\"@id\":\"https:\\\/\\\/fonolukk.eu\\\/et\\\/tooted\\\/fonosusteemi-luhise-otsing-eemaldamine\\\/#primaryimage\"},\"thumbnailUrl\":\"https:\\\/\\\/fonolukk.eu\\\/wp-content\\\/uploads\\\/2024\\\/09\\\/fonolukk-1.jpg\",\"datePublished\":\"2025-04-15T13:52:49+00:00\",\"dateModified\":\"2025-04-15T13:54:16+00:00\",\"description\":\"Fonos\u00fcsteemi l\u00fchise otsing, eemaldamine - Fonolukk Fonos\u00fcsteemi l\u00fchise otsing, eemaldamine. Lisateabe saamiseks kl\u00f5psake palun siia.\",\"breadcrumb\":{\"@id\":\"https:\\\/\\\/fonolukk.eu\\\/et\\\/tooted\\\/fonosusteemi-luhise-otsing-eemaldamine\\\/#breadcrumb\"},\"inLanguage\":\"et\",\"potentialAction\":[{\"@type\":\"ReadAction\",\"target\":[\"https:\\\/\\\/fonolukk.eu\\\/et\\\/tooted\\\/fonosusteemi-luhise-otsing-eemaldamine\\\/\"]}]},{\"@type\":\"ImageObject\",\"inLanguage\":\"et\",\"@id\":\"https:\\\/\\\/fonolukk.eu\\\/et\\\/tooted\\\/fonosusteemi-luhise-otsing-eemaldamine\\\/#primaryimage\",\"url\":\"https:\\\/\\\/fonolukk.eu\\\/wp-content\\\/uploads\\\/2024\\\/09\\\/fonolukk-1.jpg\",\"contentUrl\":\"https:\\\/\\\/fonolukk.eu\\\/wp-content\\\/uploads\\\/2024\\\/09\\\/fonolukk-1.jpg\",\"width\":874,\"height\":762,\"caption\":\"fonolukk\"},{\"@type\":\"BreadcrumbList\",\"@id\":\"https:\\\/\\\/fonolukk.eu\\\/et\\\/tooted\\\/fonosusteemi-luhise-otsing-eemaldamine\\\/#breadcrumb\",\"itemListElement\":[{\"@type\":\"ListItem\",\"position\":1,\"name\":\"Esileht\",\"item\":\"https:\\\/\\\/fonolukk.eu\\\/et\\\/koduleht\\\/\"},{\"@type\":\"ListItem\",\"position\":2,\"name\":\"Tooted\",\"item\":\"https:\\\/\\\/fonolukk.eu\\\/et\\\/shop-2\\\/\"},{\"@type\":\"ListItem\",\"position\":3,\"name\":\"Teenused\",\"item\":\"https:\\\/\\\/fonolukk.eu\\\/et\\\/product-category\\\/teenused\\\/\"},{\"@type\":\"ListItem\",\"position\":4,\"name\":\"Fonos\u00fcsteemi l\u00fchise otsing, eemaldamine\"}]},{\"@type\":\"WebSite\",\"@id\":\"https:\\\/\\\/fonolukk.eu\\\/et\\\/#website\",\"url\":\"https:\\\/\\\/fonolukk.eu\\\/et\\\/\",\"name\":\"Fonolukk eu\",\"description\":\"Smart Security Systems\",\"publisher\":{\"@id\":\"https:\\\/\\\/fonolukk.eu\\\/et\\\/#organization\"},\"potentialAction\":[{\"@type\":\"SearchAction\",\"target\":{\"@type\":\"EntryPoint\",\"urlTemplate\":\"https:\\\/\\\/fonolukk.eu\\\/et\\\/?s={search_term_string}\"},\"query-input\":{\"@type\":\"PropertyValueSpecification\",\"valueRequired\":true,\"valueName\":\"search_term_string\"}}],\"inLanguage\":\"et\"},{\"@type\":\"Organization\",\"@id\":\"https:\\\/\\\/fonolukk.eu\\\/et\\\/#organization\",\"name\":\"Smart Security OU\",\"url\":\"https:\\\/\\\/fonolukk.eu\\\/et\\\/\",\"logo\":{\"@type\":\"ImageObject\",\"inLanguage\":\"et\",\"@id\":\"https:\\\/\\\/fonolukk.eu\\\/et\\\/#\\\/schema\\\/logo\\\/image\\\/\",\"url\":\"https:\\\/\\\/fonolukk.eu\\\/wp-content\\\/uploads\\\/2023\\\/09\\\/fonolukk.png\",\"contentUrl\":\"https:\\\/\\\/fonolukk.eu\\\/wp-content\\\/uploads\\\/2023\\\/09\\\/fonolukk.png\",\"width\":277,\"height\":274,\"caption\":\"Smart Security OU\"},\"image\":{\"@id\":\"https:\\\/\\\/fonolukk.eu\\\/et\\\/#\\\/schema\\\/logo\\\/image\\\/\"},\"sameAs\":[\"https:\\\/\\\/www.facebook.com\\\/fonolukk\",\"https:\\\/\\\/www.instagram.com\\\/fonolukk\\\/?hl=ru\"],\"publishingPrinciples\":\"https:\\\/\\\/fonolukk.eu\\\/terms-and-conditions\\\/\",\"ownershipFundingInfo\":\"https:\\\/\\\/fonolukk.eu\\\/about-us\\\/\"}]}<\/script>\n<meta property=\"product:price:amount\" content=\"0.00\" \/>\n<meta property=\"product:price:currency\" content=\"EUR\" \/>\n<meta property=\"og:availability\" content=\"instock\" \/>\n<meta property=\"product:availability\" content=\"instock\" \/>\n<meta property=\"product:condition\" content=\"new\" \/>\n<!-- \/ Yoast SEO Premium plugin. -->","yoast_head_json":{"title":"Fonos\u00fcsteemi l\u00fchise otsing, eemaldamine - Fonolukk","description":"Fonos\u00fcsteemi l\u00fchise otsing, eemaldamine - Fonolukk Fonos\u00fcsteemi l\u00fchise otsing, eemaldamine. Lisateabe saamiseks kl\u00f5psake palun siia.","robots":{"index":"index","follow":"follow","max-snippet":"max-snippet:-1","max-image-preview":"max-image-preview:large","max-video-preview":"max-video-preview:-1"},"canonical":"https:\/\/fonolukk.eu\/et\/tooted\/fonosusteemi-luhise-otsing-eemaldamine\/","og_locale":"et_EE","og_type":"article","og_title":"Fonos\u00fcsteemi l\u00fchise otsing, eemaldamine","og_description":"Lisateabe saamiseks kl\u00f5psake palun siia.","og_url":"https:\/\/fonolukk.eu\/et\/tooted\/fonosusteemi-luhise-otsing-eemaldamine\/","og_site_name":"Fonolukk","article_publisher":"https:\/\/www.facebook.com\/fonolukk","article_modified_time":"2025-04-15T13:54:16+00:00","og_image":[{"width":874,"height":762,"url":"https:\/\/fonolukk.eu\/wp-content\/uploads\/2024\/09\/fonolukk-1.jpg","type":"image\/jpeg"}],"twitter_card":"summary_large_image","twitter_misc":{"Hind":"","Availability":"Laos"},"schema":{"@context":"https:\/\/schema.org","@graph":[{"@type":"WebPage","@id":"https:\/\/fonolukk.eu\/et\/tooted\/fonosusteemi-luhise-otsing-eemaldamine\/","url":"https:\/\/fonolukk.eu\/et\/tooted\/fonosusteemi-luhise-otsing-eemaldamine\/","name":"Fonos\u00fcsteemi l\u00fchise otsing, eemaldamine - Fonolukk","isPartOf":{"@id":"https:\/\/fonolukk.eu\/et\/#website"},"primaryImageOfPage":{"@id":"https:\/\/fonolukk.eu\/et\/tooted\/fonosusteemi-luhise-otsing-eemaldamine\/#primaryimage"},"image":{"@id":"https:\/\/fonolukk.eu\/et\/tooted\/fonosusteemi-luhise-otsing-eemaldamine\/#primaryimage"},"thumbnailUrl":"https:\/\/fonolukk.eu\/wp-content\/uploads\/2024\/09\/fonolukk-1.jpg","datePublished":"2025-04-15T13:52:49+00:00","dateModified":"2025-04-15T13:54:16+00:00","description":"Fonos\u00fcsteemi l\u00fchise otsing, eemaldamine - Fonolukk Fonos\u00fcsteemi l\u00fchise otsing, eemaldamine. Lisateabe saamiseks kl\u00f5psake palun siia.","breadcrumb":{"@id":"https:\/\/fonolukk.eu\/et\/tooted\/fonosusteemi-luhise-otsing-eemaldamine\/#breadcrumb"},"inLanguage":"et","potentialAction":[{"@type":"ReadAction","target":["https:\/\/fonolukk.eu\/et\/tooted\/fonosusteemi-luhise-otsing-eemaldamine\/"]}]},{"@type":"ImageObject","inLanguage":"et","@id":"https:\/\/fonolukk.eu\/et\/tooted\/fonosusteemi-luhise-otsing-eemaldamine\/#primaryimage","url":"https:\/\/fonolukk.eu\/wp-content\/uploads\/2024\/09\/fonolukk-1.jpg","contentUrl":"https:\/\/fonolukk.eu\/wp-content\/uploads\/2024\/09\/fonolukk-1.jpg","width":874,"height":762,"caption":"fonolukk"},{"@type":"BreadcrumbList","@id":"https:\/\/fonolukk.eu\/et\/tooted\/fonosusteemi-luhise-otsing-eemaldamine\/#breadcrumb","itemListElement":[{"@type":"ListItem","position":1,"name":"Esileht","item":"https:\/\/fonolukk.eu\/et\/koduleht\/"},{"@type":"ListItem","position":2,"name":"Tooted","item":"https:\/\/fonolukk.eu\/et\/shop-2\/"},{"@type":"ListItem","position":3,"name":"Teenused","item":"https:\/\/fonolukk.eu\/et\/product-category\/teenused\/"},{"@type":"ListItem","position":4,"name":"Fonos\u00fcsteemi l\u00fchise otsing, eemaldamine"}]},{"@type":"WebSite","@id":"https:\/\/fonolukk.eu\/et\/#website","url":"https:\/\/fonolukk.eu\/et\/","name":"Fonolukk eu","description":"Smart Security Systems","publisher":{"@id":"https:\/\/fonolukk.eu\/et\/#organization"},"potentialAction":[{"@type":"SearchAction","target":{"@type":"EntryPoint","urlTemplate":"https:\/\/fonolukk.eu\/et\/?s={search_term_string}"},"query-input":{"@type":"PropertyValueSpecification","valueRequired":true,"valueName":"search_term_string"}}],"inLanguage":"et"},{"@type":"Organization","@id":"https:\/\/fonolukk.eu\/et\/#organization","name":"Smart Security OU","url":"https:\/\/fonolukk.eu\/et\/","logo":{"@type":"ImageObject","inLanguage":"et","@id":"https:\/\/fonolukk.eu\/et\/#\/schema\/logo\/image\/","url":"https:\/\/fonolukk.eu\/wp-content\/uploads\/2023\/09\/fonolukk.png","contentUrl":"https:\/\/fonolukk.eu\/wp-content\/uploads\/2023\/09\/fonolukk.png","width":277,"height":274,"caption":"Smart Security OU"},"image":{"@id":"https:\/\/fonolukk.eu\/et\/#\/schema\/logo\/image\/"},"sameAs":["https:\/\/www.facebook.com\/fonolukk","https:\/\/www.instagram.com\/fonolukk\/?hl=ru"],"publishingPrinciples":"https:\/\/fonolukk.eu\/terms-and-conditions\/","ownershipFundingInfo":"https:\/\/fonolukk.eu\/about-us\/"}]},"product_price_amount":"0.00","product_price_currency":"EUR","og_availability":"instock","product_availability":"instock","product_condition":"new"},"_links":{"self":[{"href":"https:\/\/fonolukk.eu\/et\/wp-json\/wp\/v2\/product\/20131","targetHints":{"allow":["GET"]}}],"collection":[{"href":"https:\/\/fonolukk.eu\/et\/wp-json\/wp\/v2\/product"}],"about":[{"href":"https:\/\/fonolukk.eu\/et\/wp-json\/wp\/v2\/types\/product"}],"version-history":[{"count":1,"href":"https:\/\/fonolukk.eu\/et\/wp-json\/wp\/v2\/product\/20131\/revisions"}],"predecessor-version":[{"id":20134,"href":"https:\/\/fonolukk.eu\/et\/wp-json\/wp\/v2\/product\/20131\/revisions\/20134"}],"wp:featuredmedia":[{"embeddable":true,"href":"https:\/\/fonolukk.eu\/et\/wp-json\/wp\/v2\/media\/19159"}],"wp:attachment":[{"href":"https:\/\/fonolukk.eu\/et\/wp-json\/wp\/v2\/media?parent=20131"}],"wp:term":[{"taxonomy":"product_brand","embeddable":true,"href":"https:\/\/fonolukk.eu\/et\/wp-json\/wp\/v2\/product_brand?post=20131"},{"taxonomy":"product_cat","embeddable":true,"href":"https:\/\/fonolukk.eu\/et\/wp-json\/wp\/v2\/product_cat?post=20131"},{"taxonomy":"product_tag","embeddable":true,"href":"https:\/\/fonolukk.eu\/et\/wp-json\/wp\/v2\/product_tag?post=20131"}],"curies":[{"name":"wp","href":"https:\/\/api.w.org\/{rel}","templated":true}]}}