{"id":20161,"date":"2025-04-15T18:46:51","date_gmt":"2025-04-15T15:46:52","guid":{"rendered":"https:\/\/fonolukk.eu\/?post_type=product&#038;p=20161"},"modified":"2025-04-15T19:28:05","modified_gmt":"2025-04-15T16:28:05","slug":"toiteplokk-15vdc-1-6a-24w","status":"publish","type":"product","link":"https:\/\/fonolukk.eu\/et\/tooted\/toiteplokk-15vdc-1-6a-24w\/","title":{"rendered":"Toiteplokk: 15VDC, 1.6A, 24W"},"content":{"rendered":"<table class=\"min-w-full\" data-start=\"1866\" data-end=\"3579\">\n<thead data-start=\"1866\" data-end=\"1943\">\n<tr data-start=\"1866\" data-end=\"1943\">\n<th data-start=\"1866\" data-end=\"1899\"><strong data-start=\"1868\" data-end=\"1882\">Parameeter<\/strong><\/th>\n<th data-start=\"1899\" data-end=\"1943\"><strong data-start=\"1901\" data-end=\"1912\">V\u00e4\u00e4rtus<\/strong><\/th>\n<\/tr>\n<\/thead>\n<tbody data-start=\"2021\" data-end=\"3579\">\n<tr data-start=\"2021\" data-end=\"2098\">\n<td class=\"max-w-[calc(var(--thread-content-max-width)*2\/3)]\" data-start=\"2021\" data-end=\"2054\"><strong data-start=\"2023\" data-end=\"2034\">M\u00f5\u00f5tmed<\/strong><\/td>\n<td class=\"max-w-[calc(var(--thread-content-max-width)*2\/3)]\" data-start=\"2054\" data-end=\"2098\">69.4 \u00d7 30 \u00d7 64.1 mm<\/td>\n<\/tr>\n<tr data-start=\"2099\" data-end=\"2176\">\n<td class=\"max-w-[calc(var(--thread-content-max-width)*2\/3)]\" data-start=\"2099\" data-end=\"2132\"><strong data-start=\"2101\" data-end=\"2111\">V\u00e4rvus<\/strong><\/td>\n<td class=\"max-w-[calc(var(--thread-content-max-width)*2\/3)]\" data-start=\"2132\" data-end=\"2176\">Must<\/td>\n<\/tr>\n<tr data-start=\"2177\" data-end=\"2253\">\n<td class=\"max-w-[calc(var(--thread-content-max-width)*2\/3)]\" data-start=\"2177\" data-end=\"2210\"><strong data-start=\"2179\" data-end=\"2203\">Standardile vastavus<\/strong><\/td>\n<td class=\"max-w-[calc(var(--thread-content-max-width)*2\/3)]\" data-start=\"2210\" data-end=\"2253\">Energiat\u00f5hususe tase VI<\/td>\n<\/tr>\n<tr data-start=\"2254\" data-end=\"2331\">\n<td class=\"max-w-[calc(var(--thread-content-max-width)*2\/3)]\" data-start=\"2254\" data-end=\"2287\"><strong data-start=\"2256\" data-end=\"2272\">Pistiku t\u00fc\u00fcp<\/strong><\/td>\n<td class=\"max-w-[calc(var(--thread-content-max-width)*2\/3)]\" data-start=\"2287\" data-end=\"2331\">Otse<\/td>\n<\/tr>\n<tr data-start=\"2332\" data-end=\"2410\">\n<td class=\"max-w-[calc(var(--thread-content-max-width)*2\/3)]\" data-start=\"2332\" data-end=\"2367\"><strong data-start=\"2334\" data-end=\"2366\">Riigispetsiifilised pistikud<\/strong><\/td>\n<td class=\"max-w-[calc(var(--thread-content-max-width)*2\/3)]\" data-start=\"2367\" data-end=\"2410\">Euroopa<\/td>\n<\/tr>\n<tr data-start=\"2411\" data-end=\"2488\">\n<td class=\"max-w-[calc(var(--thread-content-max-width)*2\/3)]\" data-start=\"2411\" data-end=\"2444\"><strong data-start=\"2413\" data-end=\"2424\">T\u00f5husus<\/strong><\/td>\n<td class=\"max-w-[calc(var(--thread-content-max-width)*2\/3)]\" data-start=\"2444\" data-end=\"2488\">86.19%<\/td>\n<\/tr>\n<tr data-start=\"2489\" data-end=\"2566\">\n<td class=\"max-w-[calc(var(--thread-content-max-width)*2\/3)]\" data-start=\"2489\" data-end=\"2522\"><strong data-start=\"2491\" data-end=\"2514\">V\u00e4ljundpistiku t\u00fc\u00fcp<\/strong><\/td>\n<td class=\"max-w-[calc(var(--thread-content-max-width)*2\/3)]\" data-start=\"2522\" data-end=\"2566\">5.5 \/ 2.1 mm<\/td>\n<\/tr>\n<tr data-start=\"2567\" data-end=\"2644\">\n<td class=\"max-w-[calc(var(--thread-content-max-width)*2\/3)]\" data-start=\"2567\" data-end=\"2600\"><strong data-start=\"2569\" data-end=\"2589\">Toiteallika t\u00fc\u00fcp<\/strong><\/td>\n<td class=\"max-w-[calc(var(--thread-content-max-width)*2\/3)]\" data-start=\"2600\" data-end=\"2644\">Pistikalus (plug-in)<\/td>\n<\/tr>\n<tr data-start=\"2645\" data-end=\"2722\">\n<td class=\"max-w-[calc(var(--thread-content-max-width)*2\/3)]\" data-start=\"2645\" data-end=\"2678\"><strong data-start=\"2647\" data-end=\"2671\">V\u00e4ljundkaabli pikkus<\/strong><\/td>\n<td class=\"max-w-[calc(var(--thread-content-max-width)*2\/3)]\" data-start=\"2678\" data-end=\"2722\">1.5 m<\/td>\n<\/tr>\n<tr data-start=\"2723\" data-end=\"2800\">\n<td class=\"max-w-[calc(var(--thread-content-max-width)*2\/3)]\" data-start=\"2723\" data-end=\"2756\"><strong data-start=\"2725\" data-end=\"2735\">Tootja<\/strong><\/td>\n<td class=\"max-w-[calc(var(--thread-content-max-width)*2\/3)]\" data-start=\"2756\" data-end=\"2800\">POS<\/td>\n<\/tr>\n<tr data-start=\"2801\" data-end=\"2878\">\n<td class=\"max-w-[calc(var(--thread-content-max-width)*2\/3)]\" data-start=\"2801\" data-end=\"2834\"><strong data-start=\"2803\" data-end=\"2818\">Tooteseeria<\/strong><\/td>\n<td class=\"max-w-[calc(var(--thread-content-max-width)*2\/3)]\" data-start=\"2834\" data-end=\"2878\">POSC<\/td>\n<\/tr>\n<tr data-start=\"2879\" data-end=\"2956\">\n<td class=\"max-w-[calc(var(--thread-content-max-width)*2\/3)]\" data-start=\"2879\" data-end=\"2912\"><strong data-start=\"2881\" data-end=\"2908\">Maksimaalne v\u00e4ljundvool<\/strong><\/td>\n<td class=\"max-w-[calc(var(--thread-content-max-width)*2\/3)]\" data-start=\"2912\" data-end=\"2956\">1.6 A<\/td>\n<\/tr>\n<tr data-start=\"2957\" data-end=\"3034\">\n<td class=\"max-w-[calc(var(--thread-content-max-width)*2\/3)]\" data-start=\"2957\" data-end=\"2990\"><strong data-start=\"2959\" data-end=\"2974\">T\u00f6\u00f6re\u017eiimid<\/strong><\/td>\n<td class=\"max-w-[calc(var(--thread-content-max-width)*2\/3)]\" data-start=\"2990\" data-end=\"3034\">P\u00fcsipinge<\/td>\n<\/tr>\n<tr data-start=\"3035\" data-end=\"3111\">\n<td class=\"max-w-[calc(var(--thread-content-max-width)*2\/3)]\" data-start=\"3035\" data-end=\"3068\"><strong data-start=\"3037\" data-end=\"3055\">T\u00f6\u00f6temperatuur<\/strong><\/td>\n<td class=\"max-w-[calc(var(--thread-content-max-width)*2\/3)]\" data-start=\"3068\" data-end=\"3111\">-5 kuni +40\u202f\u00b0C<\/td>\n<\/tr>\n<tr data-start=\"3112\" data-end=\"3189\">\n<td class=\"max-w-[calc(var(--thread-content-max-width)*2\/3)]\" data-start=\"3112\" data-end=\"3145\"><strong data-start=\"3114\" data-end=\"3130\">V\u00e4ljundpinge<\/strong><\/td>\n<td class=\"max-w-[calc(var(--thread-content-max-width)*2\/3)]\" data-start=\"3145\" data-end=\"3189\">15 V DC<\/td>\n<\/tr>\n<tr data-start=\"3190\" data-end=\"3267\">\n<td class=\"max-w-[calc(var(--thread-content-max-width)*2\/3)]\" data-start=\"3190\" data-end=\"3223\"><strong data-start=\"3192\" data-end=\"3210\">Polarisatsioon<\/strong><\/td>\n<td class=\"max-w-[calc(var(--thread-content-max-width)*2\/3)]\" data-start=\"3223\" data-end=\"3267\">Positiivne sisemine kontakt<\/td>\n<\/tr>\n<tr data-start=\"3268\" data-end=\"3345\">\n<td class=\"max-w-[calc(var(--thread-content-max-width)*2\/3)]\" data-start=\"3268\" data-end=\"3301\"><strong data-start=\"3270\" data-end=\"3281\">V\u00f5imsus<\/strong><\/td>\n<td class=\"max-w-[calc(var(--thread-content-max-width)*2\/3)]\" data-start=\"3301\" data-end=\"3345\">24 W<\/td>\n<\/tr>\n<tr data-start=\"3346\" data-end=\"3423\">\n<td class=\"max-w-[calc(var(--thread-content-max-width)*2\/3)]\" data-start=\"3346\" data-end=\"3379\"><strong data-start=\"3348\" data-end=\"3358\">Kaitse<\/strong><\/td>\n<td class=\"max-w-[calc(var(--thread-content-max-width)*2\/3)]\" data-start=\"3379\" data-end=\"3423\">L\u00fchisekaitse (SCP)<\/td>\n<\/tr>\n<tr data-start=\"3424\" data-end=\"3501\">\n<td class=\"max-w-[calc(var(--thread-content-max-width)*2\/3)]\" data-start=\"3424\" data-end=\"3457\"><strong data-start=\"3426\" data-end=\"3449\">Sisendpinge vahemik<\/strong><\/td>\n<td class=\"max-w-[calc(var(--thread-content-max-width)*2\/3)]\" data-start=\"3457\" data-end=\"3501\">90\u2013264 V AC<\/td>\n<\/tr>\n<tr data-start=\"3502\" data-end=\"3579\">\n<td class=\"max-w-[calc(var(--thread-content-max-width)*2\/3)]\" data-start=\"3502\" data-end=\"3535\"><strong data-start=\"3504\" data-end=\"3530\">Toiteploki tehnoloogia<\/strong><\/td>\n<td class=\"max-w-[calc(var(--thread-content-max-width)*2\/3)]\" data-start=\"3535\" data-end=\"3579\">L\u00fclitustoiteplokk (switching)<\/td>\n<\/tr>\n<\/tbody>\n<\/table>\n","protected":false},"excerpt":{"rendered":"<p>Parameeter V\u00e4\u00e4rtus M\u00f5\u00f5tmed 69.4 \u00d7 30 \u00d7 64.1 mm V\u00e4rvus Must Standardile vastavus Energiat\u00f5hususe tase VI Pistiku t\u00fc\u00fcp Otse Riigispetsiifilised<\/p>\n","protected":false},"featured_media":20164,"template":"","meta":[],"product_brand":[],"product_cat":[606,957,1403,908,1131],"product_tag":[1243],"class_list":{"0":"post-20161","1":"product","2":"type-product","3":"status-publish","4":"has-post-thumbnail","6":"product_cat-fonolukud","7":"product_cat-toiteblokid-aksessuaarid-et-3","8":"product_cat-toiteallikas-et","9":"product_cat-rainmann-laskomex-et-2","10":"product_cat-toiteallikas","11":"product_tag-toiteallikas","13":"first","14":"instock","15":"taxable","16":"shipping-taxable","17":"purchasable","18":"product-type-simple"},"yoast_head":"<!-- This site is optimized with the Yoast SEO Premium plugin v27.3 (Yoast SEO v27.3) - https:\/\/yoast.com\/product\/yoast-seo-premium-wordpress\/ -->\n<title>Toiteplokk: 15VDC, 1.6A, 24W - Fonolukk<\/title>\n<meta name=\"description\" content=\"Toiteplokk: 15VDC, 1.6A, 24W - Fonolukk Toiteplokk: 15VDC, 1.6A, 24W.\" \/>\n<meta name=\"robots\" content=\"index, follow, max-snippet:-1, max-image-preview:large, max-video-preview:-1\" \/>\n<link rel=\"canonical\" href=\"https:\/\/fonolukk.eu\/et\/tooted\/toiteplokk-15vdc-1-6a-24w\/\" \/>\n<meta property=\"og:locale\" content=\"et_EE\" \/>\n<meta property=\"og:type\" content=\"article\" \/>\n<meta property=\"og:title\" content=\"Toiteplokk: 15VDC, 1.6A, 24W\" \/>\n<meta property=\"og:description\" content=\"Parameeter V\u00e4\u00e4rtus M\u00f5\u00f5tmed 69.4 \u00d7 30 \u00d7 64.1 mm V\u00e4rvus Must Standardile vastavus Energiat\u00f5hususe tase VI Pistiku t\u00fc\u00fcp Otse Riigispetsiifilised pistikud\" \/>\n<meta property=\"og:url\" content=\"https:\/\/fonolukk.eu\/et\/tooted\/toiteplokk-15vdc-1-6a-24w\/\" \/>\n<meta property=\"og:site_name\" content=\"Fonolukk\" \/>\n<meta property=\"article:publisher\" content=\"https:\/\/www.facebook.com\/fonolukk\" \/>\n<meta property=\"article:modified_time\" content=\"2025-04-15T16:28:05+00:00\" \/>\n<meta property=\"og:image\" content=\"https:\/\/fonolukk.eu\/wp-content\/uploads\/2025\/04\/power-supply-switching-mainsplug-in.jpg\" \/>\n\t<meta property=\"og:image:width\" content=\"1472\" \/>\n\t<meta property=\"og:image:height\" content=\"1202\" \/>\n\t<meta property=\"og:image:type\" content=\"image\/jpeg\" \/>\n<meta name=\"twitter:card\" content=\"summary_large_image\" \/>\n<meta name=\"twitter:label1\" content=\"Hind\" \/>\n\t<meta name=\"twitter:data1\" content=\"&euro;12.50 koos KM\" \/>\n\t<meta name=\"twitter:label2\" content=\"Availability\" \/>\n\t<meta name=\"twitter:data2\" content=\"Laos\" \/>\n<script type=\"application\/ld+json\" class=\"yoast-schema-graph\">{\"@context\":\"https:\\\/\\\/schema.org\",\"@graph\":[{\"@type\":\"WebPage\",\"@id\":\"https:\\\/\\\/fonolukk.eu\\\/et\\\/tooted\\\/toiteplokk-15vdc-1-6a-24w\\\/\",\"url\":\"https:\\\/\\\/fonolukk.eu\\\/et\\\/tooted\\\/toiteplokk-15vdc-1-6a-24w\\\/\",\"name\":\"Toiteplokk: 15VDC, 1.6A, 24W - Fonolukk\",\"isPartOf\":{\"@id\":\"https:\\\/\\\/fonolukk.eu\\\/et\\\/#website\"},\"primaryImageOfPage\":{\"@id\":\"https:\\\/\\\/fonolukk.eu\\\/et\\\/tooted\\\/toiteplokk-15vdc-1-6a-24w\\\/#primaryimage\"},\"image\":{\"@id\":\"https:\\\/\\\/fonolukk.eu\\\/et\\\/tooted\\\/toiteplokk-15vdc-1-6a-24w\\\/#primaryimage\"},\"thumbnailUrl\":\"https:\\\/\\\/fonolukk.eu\\\/wp-content\\\/uploads\\\/2025\\\/04\\\/power-supply-switching-mainsplug-in.jpg\",\"datePublished\":\"2025-04-15T15:46:52+00:00\",\"dateModified\":\"2025-04-15T16:28:05+00:00\",\"description\":\"Toiteplokk: 15VDC, 1.6A, 24W - Fonolukk Toiteplokk: 15VDC, 1.6A, 24W.\",\"breadcrumb\":{\"@id\":\"https:\\\/\\\/fonolukk.eu\\\/et\\\/tooted\\\/toiteplokk-15vdc-1-6a-24w\\\/#breadcrumb\"},\"inLanguage\":\"et\",\"potentialAction\":[{\"@type\":\"ReadAction\",\"target\":[\"https:\\\/\\\/fonolukk.eu\\\/et\\\/tooted\\\/toiteplokk-15vdc-1-6a-24w\\\/\"]}]},{\"@type\":\"ImageObject\",\"inLanguage\":\"et\",\"@id\":\"https:\\\/\\\/fonolukk.eu\\\/et\\\/tooted\\\/toiteplokk-15vdc-1-6a-24w\\\/#primaryimage\",\"url\":\"https:\\\/\\\/fonolukk.eu\\\/wp-content\\\/uploads\\\/2025\\\/04\\\/power-supply-switching-mainsplug-in.jpg\",\"contentUrl\":\"https:\\\/\\\/fonolukk.eu\\\/wp-content\\\/uploads\\\/2025\\\/04\\\/power-supply-switching-mainsplug-in.jpg\",\"width\":1472,\"height\":1202,\"caption\":\"Power supply\"},{\"@type\":\"BreadcrumbList\",\"@id\":\"https:\\\/\\\/fonolukk.eu\\\/et\\\/tooted\\\/toiteplokk-15vdc-1-6a-24w\\\/#breadcrumb\",\"itemListElement\":[{\"@type\":\"ListItem\",\"position\":1,\"name\":\"Esileht\",\"item\":\"https:\\\/\\\/fonolukk.eu\\\/et\\\/koduleht\\\/\"},{\"@type\":\"ListItem\",\"position\":2,\"name\":\"Tooted\",\"item\":\"https:\\\/\\\/fonolukk.eu\\\/et\\\/shop-2\\\/\"},{\"@type\":\"ListItem\",\"position\":3,\"name\":\"Toiteallikas\",\"item\":\"https:\\\/\\\/fonolukk.eu\\\/et\\\/product-category\\\/toiteallikas\\\/\"},{\"@type\":\"ListItem\",\"position\":4,\"name\":\"Toiteplokk: 15VDC, 1.6A, 24W\"}]},{\"@type\":\"WebSite\",\"@id\":\"https:\\\/\\\/fonolukk.eu\\\/et\\\/#website\",\"url\":\"https:\\\/\\\/fonolukk.eu\\\/et\\\/\",\"name\":\"Fonolukk eu\",\"description\":\"Smart Security Systems\",\"publisher\":{\"@id\":\"https:\\\/\\\/fonolukk.eu\\\/et\\\/#organization\"},\"potentialAction\":[{\"@type\":\"SearchAction\",\"target\":{\"@type\":\"EntryPoint\",\"urlTemplate\":\"https:\\\/\\\/fonolukk.eu\\\/et\\\/?s={search_term_string}\"},\"query-input\":{\"@type\":\"PropertyValueSpecification\",\"valueRequired\":true,\"valueName\":\"search_term_string\"}}],\"inLanguage\":\"et\"},{\"@type\":\"Organization\",\"@id\":\"https:\\\/\\\/fonolukk.eu\\\/et\\\/#organization\",\"name\":\"Smart Security OU\",\"url\":\"https:\\\/\\\/fonolukk.eu\\\/et\\\/\",\"logo\":{\"@type\":\"ImageObject\",\"inLanguage\":\"et\",\"@id\":\"https:\\\/\\\/fonolukk.eu\\\/et\\\/#\\\/schema\\\/logo\\\/image\\\/\",\"url\":\"https:\\\/\\\/fonolukk.eu\\\/wp-content\\\/uploads\\\/2023\\\/09\\\/fonolukk.png\",\"contentUrl\":\"https:\\\/\\\/fonolukk.eu\\\/wp-content\\\/uploads\\\/2023\\\/09\\\/fonolukk.png\",\"width\":277,\"height\":274,\"caption\":\"Smart Security OU\"},\"image\":{\"@id\":\"https:\\\/\\\/fonolukk.eu\\\/et\\\/#\\\/schema\\\/logo\\\/image\\\/\"},\"sameAs\":[\"https:\\\/\\\/www.facebook.com\\\/fonolukk\",\"https:\\\/\\\/www.instagram.com\\\/fonolukk\\\/?hl=ru\"],\"publishingPrinciples\":\"https:\\\/\\\/fonolukk.eu\\\/terms-and-conditions\\\/\",\"ownershipFundingInfo\":\"https:\\\/\\\/fonolukk.eu\\\/about-us\\\/\"}]}<\/script>\n<meta property=\"product:price:amount\" content=\"12.50\" \/>\n<meta property=\"product:price:currency\" content=\"EUR\" \/>\n<meta property=\"og:availability\" content=\"instock\" \/>\n<meta property=\"product:availability\" content=\"instock\" \/>\n<meta property=\"product:retailer_item_id\" content=\"Power-supply-15160A\" \/>\n<meta property=\"product:condition\" content=\"new\" \/>\n<!-- \/ Yoast SEO Premium plugin. -->","yoast_head_json":{"title":"Toiteplokk: 15VDC, 1.6A, 24W - Fonolukk","description":"Toiteplokk: 15VDC, 1.6A, 24W - Fonolukk Toiteplokk: 15VDC, 1.6A, 24W.","robots":{"index":"index","follow":"follow","max-snippet":"max-snippet:-1","max-image-preview":"max-image-preview:large","max-video-preview":"max-video-preview:-1"},"canonical":"https:\/\/fonolukk.eu\/et\/tooted\/toiteplokk-15vdc-1-6a-24w\/","og_locale":"et_EE","og_type":"article","og_title":"Toiteplokk: 15VDC, 1.6A, 24W","og_description":"Parameeter V\u00e4\u00e4rtus M\u00f5\u00f5tmed 69.4 \u00d7 30 \u00d7 64.1 mm V\u00e4rvus Must Standardile vastavus Energiat\u00f5hususe tase VI Pistiku t\u00fc\u00fcp Otse Riigispetsiifilised pistikud","og_url":"https:\/\/fonolukk.eu\/et\/tooted\/toiteplokk-15vdc-1-6a-24w\/","og_site_name":"Fonolukk","article_publisher":"https:\/\/www.facebook.com\/fonolukk","article_modified_time":"2025-04-15T16:28:05+00:00","og_image":[{"width":1472,"height":1202,"url":"https:\/\/fonolukk.eu\/wp-content\/uploads\/2025\/04\/power-supply-switching-mainsplug-in.jpg","type":"image\/jpeg"}],"twitter_card":"summary_large_image","twitter_misc":{"Hind":"&euro;12.50 koos KM","Availability":"Laos"},"schema":{"@context":"https:\/\/schema.org","@graph":[{"@type":"WebPage","@id":"https:\/\/fonolukk.eu\/et\/tooted\/toiteplokk-15vdc-1-6a-24w\/","url":"https:\/\/fonolukk.eu\/et\/tooted\/toiteplokk-15vdc-1-6a-24w\/","name":"Toiteplokk: 15VDC, 1.6A, 24W - Fonolukk","isPartOf":{"@id":"https:\/\/fonolukk.eu\/et\/#website"},"primaryImageOfPage":{"@id":"https:\/\/fonolukk.eu\/et\/tooted\/toiteplokk-15vdc-1-6a-24w\/#primaryimage"},"image":{"@id":"https:\/\/fonolukk.eu\/et\/tooted\/toiteplokk-15vdc-1-6a-24w\/#primaryimage"},"thumbnailUrl":"https:\/\/fonolukk.eu\/wp-content\/uploads\/2025\/04\/power-supply-switching-mainsplug-in.jpg","datePublished":"2025-04-15T15:46:52+00:00","dateModified":"2025-04-15T16:28:05+00:00","description":"Toiteplokk: 15VDC, 1.6A, 24W - Fonolukk Toiteplokk: 15VDC, 1.6A, 24W.","breadcrumb":{"@id":"https:\/\/fonolukk.eu\/et\/tooted\/toiteplokk-15vdc-1-6a-24w\/#breadcrumb"},"inLanguage":"et","potentialAction":[{"@type":"ReadAction","target":["https:\/\/fonolukk.eu\/et\/tooted\/toiteplokk-15vdc-1-6a-24w\/"]}]},{"@type":"ImageObject","inLanguage":"et","@id":"https:\/\/fonolukk.eu\/et\/tooted\/toiteplokk-15vdc-1-6a-24w\/#primaryimage","url":"https:\/\/fonolukk.eu\/wp-content\/uploads\/2025\/04\/power-supply-switching-mainsplug-in.jpg","contentUrl":"https:\/\/fonolukk.eu\/wp-content\/uploads\/2025\/04\/power-supply-switching-mainsplug-in.jpg","width":1472,"height":1202,"caption":"Power supply"},{"@type":"BreadcrumbList","@id":"https:\/\/fonolukk.eu\/et\/tooted\/toiteplokk-15vdc-1-6a-24w\/#breadcrumb","itemListElement":[{"@type":"ListItem","position":1,"name":"Esileht","item":"https:\/\/fonolukk.eu\/et\/koduleht\/"},{"@type":"ListItem","position":2,"name":"Tooted","item":"https:\/\/fonolukk.eu\/et\/shop-2\/"},{"@type":"ListItem","position":3,"name":"Toiteallikas","item":"https:\/\/fonolukk.eu\/et\/product-category\/toiteallikas\/"},{"@type":"ListItem","position":4,"name":"Toiteplokk: 15VDC, 1.6A, 24W"}]},{"@type":"WebSite","@id":"https:\/\/fonolukk.eu\/et\/#website","url":"https:\/\/fonolukk.eu\/et\/","name":"Fonolukk eu","description":"Smart Security Systems","publisher":{"@id":"https:\/\/fonolukk.eu\/et\/#organization"},"potentialAction":[{"@type":"SearchAction","target":{"@type":"EntryPoint","urlTemplate":"https:\/\/fonolukk.eu\/et\/?s={search_term_string}"},"query-input":{"@type":"PropertyValueSpecification","valueRequired":true,"valueName":"search_term_string"}}],"inLanguage":"et"},{"@type":"Organization","@id":"https:\/\/fonolukk.eu\/et\/#organization","name":"Smart Security OU","url":"https:\/\/fonolukk.eu\/et\/","logo":{"@type":"ImageObject","inLanguage":"et","@id":"https:\/\/fonolukk.eu\/et\/#\/schema\/logo\/image\/","url":"https:\/\/fonolukk.eu\/wp-content\/uploads\/2023\/09\/fonolukk.png","contentUrl":"https:\/\/fonolukk.eu\/wp-content\/uploads\/2023\/09\/fonolukk.png","width":277,"height":274,"caption":"Smart Security OU"},"image":{"@id":"https:\/\/fonolukk.eu\/et\/#\/schema\/logo\/image\/"},"sameAs":["https:\/\/www.facebook.com\/fonolukk","https:\/\/www.instagram.com\/fonolukk\/?hl=ru"],"publishingPrinciples":"https:\/\/fonolukk.eu\/terms-and-conditions\/","ownershipFundingInfo":"https:\/\/fonolukk.eu\/about-us\/"}]},"product_price_amount":"12.50","product_price_currency":"EUR","og_availability":"instock","product_availability":"instock","product_retailer_item_id":"Power-supply-15160A","product_condition":"new"},"_links":{"self":[{"href":"https:\/\/fonolukk.eu\/et\/wp-json\/wp\/v2\/product\/20161","targetHints":{"allow":["GET"]}}],"collection":[{"href":"https:\/\/fonolukk.eu\/et\/wp-json\/wp\/v2\/product"}],"about":[{"href":"https:\/\/fonolukk.eu\/et\/wp-json\/wp\/v2\/types\/product"}],"version-history":[{"count":1,"href":"https:\/\/fonolukk.eu\/et\/wp-json\/wp\/v2\/product\/20161\/revisions"}],"predecessor-version":[{"id":20167,"href":"https:\/\/fonolukk.eu\/et\/wp-json\/wp\/v2\/product\/20161\/revisions\/20167"}],"wp:featuredmedia":[{"embeddable":true,"href":"https:\/\/fonolukk.eu\/et\/wp-json\/wp\/v2\/media\/20164"}],"wp:attachment":[{"href":"https:\/\/fonolukk.eu\/et\/wp-json\/wp\/v2\/media?parent=20161"}],"wp:term":[{"taxonomy":"product_brand","embeddable":true,"href":"https:\/\/fonolukk.eu\/et\/wp-json\/wp\/v2\/product_brand?post=20161"},{"taxonomy":"product_cat","embeddable":true,"href":"https:\/\/fonolukk.eu\/et\/wp-json\/wp\/v2\/product_cat?post=20161"},{"taxonomy":"product_tag","embeddable":true,"href":"https:\/\/fonolukk.eu\/et\/wp-json\/wp\/v2\/product_tag?post=20161"}],"curies":[{"name":"wp","href":"https:\/\/api.w.org\/{rel}","templated":true}]}}