{"id":20206,"date":"2025-04-16T14:13:17","date_gmt":"2025-04-16T11:13:17","guid":{"rendered":"https:\/\/fonolukk.eu\/?post_type=product&#038;p=20206"},"modified":"2025-04-16T14:35:01","modified_gmt":"2025-04-16T11:35:01","slug":"siseruumidesse-moeldud-puuteekraaniga-monitor-4-3-tis-15","status":"publish","type":"product","link":"https:\/\/fonolukk.eu\/et\/tooted\/siseruumidesse-moeldud-puuteekraaniga-monitor-4-3-tis-15\/","title":{"rendered":"Siseruumidesse m\u00f5eldud puuteekraaniga monitor, 4.3&#8243; TIS 15"},"content":{"rendered":"<ul>\n<li class=\"\" data-start=\"394\" data-end=\"419\">\n<p class=\"\" data-start=\"396\" data-end=\"419\">LCD-ekraan: 4.3 tolli<\/p>\n<\/li>\n<li class=\"\" data-start=\"420\" data-end=\"445\">\n<p class=\"\" data-start=\"422\" data-end=\"445\">Resolutsioon: 480\u00d7272<\/p>\n<\/li>\n<li class=\"\" data-start=\"446\" data-end=\"472\">\n<p class=\"\" data-start=\"448\" data-end=\"472\">T\u00f6\u00f6pinge: DC 24 ~ 32 V<\/p>\n<\/li>\n<li class=\"\" data-start=\"473\" data-end=\"512\">\n<p class=\"\" data-start=\"475\" data-end=\"512\">Ootere\u017eiimi vool: \u2264 10 mA (DC 30 V)<\/p>\n<\/li>\n<li class=\"\" data-start=\"513\" data-end=\"544\">\n<p class=\"\" data-start=\"515\" data-end=\"544\">T\u00f6\u00f6vool: \u2264 170 mA (DC 30 V)<\/p>\n<\/li>\n<li class=\"\" data-start=\"545\" data-end=\"579\">\n<p class=\"\" data-start=\"547\" data-end=\"579\">T\u00f6\u00f6temperatuur: -10\u2103 kuni +55\u2103<\/p>\n<\/li>\n<li class=\"\" data-start=\"580\" data-end=\"619\">\n<p class=\"\" data-start=\"582\" data-end=\"619\">Hoiustamistemperatuur: -25\u2103 kuni +70\u2103<\/p>\n<\/li>\n<\/ul>\n","protected":false},"excerpt":{"rendered":"<p class=\"\" data-start=\"379\" data-end=\"612\">Kahejuhtmeline siseruumi monitor puutev\u00f5tmetega, toetab videofooni ja j\u00e4lgimisfunktsiooni, kahe luku juhtimist, helina valjuse reguleerimist, LED-indikaatorit ning on \u00fcli\u00f5hukese disainiga. \u00dchte s\u00fcsteemi saab \u00fchendada kuni 128 seadet.<\/p>\n<p data-start=\"348\" data-end=\"584\">[wpdm_package id='20213']<\/p>\n","protected":false},"featured_media":20209,"template":"","meta":[],"product_brand":[],"product_cat":[1690,606,912],"product_tag":[],"class_list":{"0":"post-20206","1":"product","2":"type-product","3":"status-publish","4":"has-post-thumbnail","6":"product_cat-xvoice-2-juhtmeline-susteem","7":"product_cat-fonolukk","8":"product_cat-xvoice-et","10":"first","11":"instock","12":"taxable","13":"shipping-taxable","14":"product-type-simple"},"yoast_head":"<!-- This site is optimized with the Yoast SEO Premium plugin v27.5 (Yoast SEO v27.5) - https:\/\/yoast.com\/product\/yoast-seo-premium-wordpress\/ -->\n<title>Siseruumidesse m\u00f5eldud puuteekraaniga monitor, 4.3&quot; TIS 15 - Fonolukk<\/title>\n<meta name=\"description\" content=\"Siseruumidesse m\u00f5eldud puuteekraaniga monitor, 4.3&quot; TIS 15 - Fonolukk Kahejuhtmeline siseruumi monitor puutev\u00f5tmetega, toetab videofooni ja j\u00e4lgimisfunktsiooni, kahe luku juhtimist.\" \/>\n<meta name=\"robots\" content=\"index, follow, max-snippet:-1, max-image-preview:large, max-video-preview:-1\" \/>\n<link rel=\"canonical\" href=\"https:\/\/fonolukk.eu\/et\/tooted\/siseruumidesse-moeldud-puuteekraaniga-monitor-4-3-tis-15\/\" \/>\n<meta property=\"og:locale\" content=\"et_EE\" \/>\n<meta property=\"og:type\" content=\"article\" \/>\n<meta property=\"og:title\" content=\"Siseruumidesse m\u00f5eldud puuteekraaniga monitor, 4.3&quot; TIS 15\" \/>\n<meta property=\"og:description\" content=\"Kahejuhtmeline siseruumi monitor puutev\u00f5tmetega, toetab videofooni ja j\u00e4lgimisfunktsiooni, kahe luku juhtimist, helina valjuse reguleerimist, LED-indikaatorit ning on \u00fcli\u00f5hukese disainiga. \u00dchte s\u00fcsteemi saab \u00fchendada kuni 128 seadet.\" \/>\n<meta property=\"og:url\" content=\"https:\/\/fonolukk.eu\/et\/tooted\/siseruumidesse-moeldud-puuteekraaniga-monitor-4-3-tis-15\/\" \/>\n<meta property=\"og:site_name\" content=\"Fonolukk\" \/>\n<meta property=\"article:publisher\" content=\"https:\/\/www.facebook.com\/fonolukk\" \/>\n<meta property=\"article:modified_time\" content=\"2025-04-16T11:35:01+00:00\" \/>\n<meta property=\"og:image\" content=\"https:\/\/fonolukk.eu\/wp-content\/uploads\/2025\/04\/indoor-touch-monitor-display-tis-15-fonolukk.png\" \/>\n\t<meta property=\"og:image:width\" content=\"1080\" \/>\n\t<meta property=\"og:image:height\" content=\"1080\" \/>\n\t<meta property=\"og:image:type\" content=\"image\/png\" \/>\n<meta name=\"twitter:card\" content=\"summary_large_image\" \/>\n<meta name=\"twitter:label1\" content=\"Hind\" \/>\n\t<meta name=\"twitter:data1\" content=\"\" \/>\n\t<meta name=\"twitter:label2\" content=\"Availability\" \/>\n\t<meta name=\"twitter:data2\" content=\"Laos\" \/>\n<script type=\"application\/ld+json\" class=\"yoast-schema-graph\">{\"@context\":\"https:\\\/\\\/schema.org\",\"@graph\":[{\"@type\":\"WebPage\",\"@id\":\"https:\\\/\\\/fonolukk.eu\\\/et\\\/tooted\\\/siseruumidesse-moeldud-puuteekraaniga-monitor-4-3-tis-15\\\/\",\"url\":\"https:\\\/\\\/fonolukk.eu\\\/et\\\/tooted\\\/siseruumidesse-moeldud-puuteekraaniga-monitor-4-3-tis-15\\\/\",\"name\":\"Siseruumidesse m\u00f5eldud puuteekraaniga monitor, 4.3\\\" TIS 15 - Fonolukk\",\"isPartOf\":{\"@id\":\"https:\\\/\\\/fonolukk.eu\\\/et\\\/#website\"},\"primaryImageOfPage\":{\"@id\":\"https:\\\/\\\/fonolukk.eu\\\/et\\\/tooted\\\/siseruumidesse-moeldud-puuteekraaniga-monitor-4-3-tis-15\\\/#primaryimage\"},\"image\":{\"@id\":\"https:\\\/\\\/fonolukk.eu\\\/et\\\/tooted\\\/siseruumidesse-moeldud-puuteekraaniga-monitor-4-3-tis-15\\\/#primaryimage\"},\"thumbnailUrl\":\"https:\\\/\\\/fonolukk.eu\\\/wp-content\\\/uploads\\\/2025\\\/04\\\/indoor-touch-monitor-display-tis-15-fonolukk.png\",\"datePublished\":\"2025-04-16T11:13:17+00:00\",\"dateModified\":\"2025-04-16T11:35:01+00:00\",\"description\":\"Siseruumidesse m\u00f5eldud puuteekraaniga monitor, 4.3\\\" TIS 15 - Fonolukk Kahejuhtmeline siseruumi monitor puutev\u00f5tmetega, toetab videofooni ja j\u00e4lgimisfunktsiooni, kahe luku juhtimist.\",\"breadcrumb\":{\"@id\":\"https:\\\/\\\/fonolukk.eu\\\/et\\\/tooted\\\/siseruumidesse-moeldud-puuteekraaniga-monitor-4-3-tis-15\\\/#breadcrumb\"},\"inLanguage\":\"et\",\"potentialAction\":[{\"@type\":\"ReadAction\",\"target\":[\"https:\\\/\\\/fonolukk.eu\\\/et\\\/tooted\\\/siseruumidesse-moeldud-puuteekraaniga-monitor-4-3-tis-15\\\/\"]}]},{\"@type\":\"ImageObject\",\"inLanguage\":\"et\",\"@id\":\"https:\\\/\\\/fonolukk.eu\\\/et\\\/tooted\\\/siseruumidesse-moeldud-puuteekraaniga-monitor-4-3-tis-15\\\/#primaryimage\",\"url\":\"https:\\\/\\\/fonolukk.eu\\\/wp-content\\\/uploads\\\/2025\\\/04\\\/indoor-touch-monitor-display-tis-15-fonolukk.png\",\"contentUrl\":\"https:\\\/\\\/fonolukk.eu\\\/wp-content\\\/uploads\\\/2025\\\/04\\\/indoor-touch-monitor-display-tis-15-fonolukk.png\",\"width\":1080,\"height\":1080,\"caption\":\"Indoor Touch Monitor TIS 15\"},{\"@type\":\"BreadcrumbList\",\"@id\":\"https:\\\/\\\/fonolukk.eu\\\/et\\\/tooted\\\/siseruumidesse-moeldud-puuteekraaniga-monitor-4-3-tis-15\\\/#breadcrumb\",\"itemListElement\":[{\"@type\":\"ListItem\",\"position\":1,\"name\":\"Esileht\",\"item\":\"https:\\\/\\\/fonolukk.eu\\\/et\\\/koduleht\\\/\"},{\"@type\":\"ListItem\",\"position\":2,\"name\":\"Tooted\",\"item\":\"https:\\\/\\\/fonolukk.eu\\\/et\\\/shop-2\\\/\"},{\"@type\":\"ListItem\",\"position\":3,\"name\":\"Fonolukud\",\"item\":\"https:\\\/\\\/fonolukk.eu\\\/et\\\/product-category\\\/fonolukk\\\/\"},{\"@type\":\"ListItem\",\"position\":4,\"name\":\"Siseruumidesse m\u00f5eldud puuteekraaniga monitor, 4.3&#8243; TIS 15\"}]},{\"@type\":\"WebSite\",\"@id\":\"https:\\\/\\\/fonolukk.eu\\\/et\\\/#website\",\"url\":\"https:\\\/\\\/fonolukk.eu\\\/et\\\/\",\"name\":\"Fonolukk eu\",\"description\":\"Smart Security Systems\",\"publisher\":{\"@id\":\"https:\\\/\\\/fonolukk.eu\\\/et\\\/#organization\"},\"potentialAction\":[{\"@type\":\"SearchAction\",\"target\":{\"@type\":\"EntryPoint\",\"urlTemplate\":\"https:\\\/\\\/fonolukk.eu\\\/et\\\/?s={search_term_string}\"},\"query-input\":{\"@type\":\"PropertyValueSpecification\",\"valueRequired\":true,\"valueName\":\"search_term_string\"}}],\"inLanguage\":\"et\"},{\"@type\":\"Organization\",\"@id\":\"https:\\\/\\\/fonolukk.eu\\\/et\\\/#organization\",\"name\":\"Smart Security OU\",\"url\":\"https:\\\/\\\/fonolukk.eu\\\/et\\\/\",\"logo\":{\"@type\":\"ImageObject\",\"inLanguage\":\"et\",\"@id\":\"https:\\\/\\\/fonolukk.eu\\\/et\\\/#\\\/schema\\\/logo\\\/image\\\/\",\"url\":\"https:\\\/\\\/fonolukk.eu\\\/wp-content\\\/uploads\\\/2023\\\/09\\\/fonolukk.png\",\"contentUrl\":\"https:\\\/\\\/fonolukk.eu\\\/wp-content\\\/uploads\\\/2023\\\/09\\\/fonolukk.png\",\"width\":277,\"height\":274,\"caption\":\"Smart Security OU\"},\"image\":{\"@id\":\"https:\\\/\\\/fonolukk.eu\\\/et\\\/#\\\/schema\\\/logo\\\/image\\\/\"},\"sameAs\":[\"https:\\\/\\\/www.facebook.com\\\/fonolukk\",\"https:\\\/\\\/www.instagram.com\\\/fonolukk\\\/?hl=ru\"],\"publishingPrinciples\":\"https:\\\/\\\/fonolukk.eu\\\/terms-and-conditions\\\/\",\"ownershipFundingInfo\":\"https:\\\/\\\/fonolukk.eu\\\/about-us\\\/\"}]}<\/script>\n<meta property=\"product:price:amount\" content=\"0.00\" \/>\n<meta property=\"product:price:currency\" content=\"EUR\" \/>\n<meta property=\"og:availability\" content=\"instock\" \/>\n<meta property=\"product:availability\" content=\"instock\" \/>\n<meta property=\"product:retailer_item_id\" content=\"Indoor-Touch-Monitor-TIS-15\" \/>\n<meta property=\"product:condition\" content=\"new\" \/>\n<!-- \/ Yoast SEO Premium plugin. -->","yoast_head_json":{"title":"Siseruumidesse m\u00f5eldud puuteekraaniga monitor, 4.3\" TIS 15 - Fonolukk","description":"Siseruumidesse m\u00f5eldud puuteekraaniga monitor, 4.3\" TIS 15 - Fonolukk Kahejuhtmeline siseruumi monitor puutev\u00f5tmetega, toetab videofooni ja j\u00e4lgimisfunktsiooni, kahe luku juhtimist.","robots":{"index":"index","follow":"follow","max-snippet":"max-snippet:-1","max-image-preview":"max-image-preview:large","max-video-preview":"max-video-preview:-1"},"canonical":"https:\/\/fonolukk.eu\/et\/tooted\/siseruumidesse-moeldud-puuteekraaniga-monitor-4-3-tis-15\/","og_locale":"et_EE","og_type":"article","og_title":"Siseruumidesse m\u00f5eldud puuteekraaniga monitor, 4.3\" TIS 15","og_description":"Kahejuhtmeline siseruumi monitor puutev\u00f5tmetega, toetab videofooni ja j\u00e4lgimisfunktsiooni, kahe luku juhtimist, helina valjuse reguleerimist, LED-indikaatorit ning on \u00fcli\u00f5hukese disainiga. \u00dchte s\u00fcsteemi saab \u00fchendada kuni 128 seadet.","og_url":"https:\/\/fonolukk.eu\/et\/tooted\/siseruumidesse-moeldud-puuteekraaniga-monitor-4-3-tis-15\/","og_site_name":"Fonolukk","article_publisher":"https:\/\/www.facebook.com\/fonolukk","article_modified_time":"2025-04-16T11:35:01+00:00","og_image":[{"width":1080,"height":1080,"url":"https:\/\/fonolukk.eu\/wp-content\/uploads\/2025\/04\/indoor-touch-monitor-display-tis-15-fonolukk.png","type":"image\/png"}],"twitter_card":"summary_large_image","twitter_misc":{"Hind":"","Availability":"Laos"},"schema":{"@context":"https:\/\/schema.org","@graph":[{"@type":"WebPage","@id":"https:\/\/fonolukk.eu\/et\/tooted\/siseruumidesse-moeldud-puuteekraaniga-monitor-4-3-tis-15\/","url":"https:\/\/fonolukk.eu\/et\/tooted\/siseruumidesse-moeldud-puuteekraaniga-monitor-4-3-tis-15\/","name":"Siseruumidesse m\u00f5eldud puuteekraaniga monitor, 4.3\" TIS 15 - Fonolukk","isPartOf":{"@id":"https:\/\/fonolukk.eu\/et\/#website"},"primaryImageOfPage":{"@id":"https:\/\/fonolukk.eu\/et\/tooted\/siseruumidesse-moeldud-puuteekraaniga-monitor-4-3-tis-15\/#primaryimage"},"image":{"@id":"https:\/\/fonolukk.eu\/et\/tooted\/siseruumidesse-moeldud-puuteekraaniga-monitor-4-3-tis-15\/#primaryimage"},"thumbnailUrl":"https:\/\/fonolukk.eu\/wp-content\/uploads\/2025\/04\/indoor-touch-monitor-display-tis-15-fonolukk.png","datePublished":"2025-04-16T11:13:17+00:00","dateModified":"2025-04-16T11:35:01+00:00","description":"Siseruumidesse m\u00f5eldud puuteekraaniga monitor, 4.3\" TIS 15 - Fonolukk Kahejuhtmeline siseruumi monitor puutev\u00f5tmetega, toetab videofooni ja j\u00e4lgimisfunktsiooni, kahe luku juhtimist.","breadcrumb":{"@id":"https:\/\/fonolukk.eu\/et\/tooted\/siseruumidesse-moeldud-puuteekraaniga-monitor-4-3-tis-15\/#breadcrumb"},"inLanguage":"et","potentialAction":[{"@type":"ReadAction","target":["https:\/\/fonolukk.eu\/et\/tooted\/siseruumidesse-moeldud-puuteekraaniga-monitor-4-3-tis-15\/"]}]},{"@type":"ImageObject","inLanguage":"et","@id":"https:\/\/fonolukk.eu\/et\/tooted\/siseruumidesse-moeldud-puuteekraaniga-monitor-4-3-tis-15\/#primaryimage","url":"https:\/\/fonolukk.eu\/wp-content\/uploads\/2025\/04\/indoor-touch-monitor-display-tis-15-fonolukk.png","contentUrl":"https:\/\/fonolukk.eu\/wp-content\/uploads\/2025\/04\/indoor-touch-monitor-display-tis-15-fonolukk.png","width":1080,"height":1080,"caption":"Indoor Touch Monitor TIS 15"},{"@type":"BreadcrumbList","@id":"https:\/\/fonolukk.eu\/et\/tooted\/siseruumidesse-moeldud-puuteekraaniga-monitor-4-3-tis-15\/#breadcrumb","itemListElement":[{"@type":"ListItem","position":1,"name":"Esileht","item":"https:\/\/fonolukk.eu\/et\/koduleht\/"},{"@type":"ListItem","position":2,"name":"Tooted","item":"https:\/\/fonolukk.eu\/et\/shop-2\/"},{"@type":"ListItem","position":3,"name":"Fonolukud","item":"https:\/\/fonolukk.eu\/et\/product-category\/fonolukk\/"},{"@type":"ListItem","position":4,"name":"Siseruumidesse m\u00f5eldud puuteekraaniga monitor, 4.3&#8243; TIS 15"}]},{"@type":"WebSite","@id":"https:\/\/fonolukk.eu\/et\/#website","url":"https:\/\/fonolukk.eu\/et\/","name":"Fonolukk eu","description":"Smart Security Systems","publisher":{"@id":"https:\/\/fonolukk.eu\/et\/#organization"},"potentialAction":[{"@type":"SearchAction","target":{"@type":"EntryPoint","urlTemplate":"https:\/\/fonolukk.eu\/et\/?s={search_term_string}"},"query-input":{"@type":"PropertyValueSpecification","valueRequired":true,"valueName":"search_term_string"}}],"inLanguage":"et"},{"@type":"Organization","@id":"https:\/\/fonolukk.eu\/et\/#organization","name":"Smart Security OU","url":"https:\/\/fonolukk.eu\/et\/","logo":{"@type":"ImageObject","inLanguage":"et","@id":"https:\/\/fonolukk.eu\/et\/#\/schema\/logo\/image\/","url":"https:\/\/fonolukk.eu\/wp-content\/uploads\/2023\/09\/fonolukk.png","contentUrl":"https:\/\/fonolukk.eu\/wp-content\/uploads\/2023\/09\/fonolukk.png","width":277,"height":274,"caption":"Smart Security OU"},"image":{"@id":"https:\/\/fonolukk.eu\/et\/#\/schema\/logo\/image\/"},"sameAs":["https:\/\/www.facebook.com\/fonolukk","https:\/\/www.instagram.com\/fonolukk\/?hl=ru"],"publishingPrinciples":"https:\/\/fonolukk.eu\/terms-and-conditions\/","ownershipFundingInfo":"https:\/\/fonolukk.eu\/about-us\/"}]},"product_price_amount":"0.00","product_price_currency":"EUR","og_availability":"instock","product_availability":"instock","product_retailer_item_id":"Indoor-Touch-Monitor-TIS-15","product_condition":"new"},"_links":{"self":[{"href":"https:\/\/fonolukk.eu\/et\/wp-json\/wp\/v2\/product\/20206","targetHints":{"allow":["GET"]}}],"collection":[{"href":"https:\/\/fonolukk.eu\/et\/wp-json\/wp\/v2\/product"}],"about":[{"href":"https:\/\/fonolukk.eu\/et\/wp-json\/wp\/v2\/types\/product"}],"version-history":[{"count":2,"href":"https:\/\/fonolukk.eu\/et\/wp-json\/wp\/v2\/product\/20206\/revisions"}],"predecessor-version":[{"id":20217,"href":"https:\/\/fonolukk.eu\/et\/wp-json\/wp\/v2\/product\/20206\/revisions\/20217"}],"wp:featuredmedia":[{"embeddable":true,"href":"https:\/\/fonolukk.eu\/et\/wp-json\/wp\/v2\/media\/20209"}],"wp:attachment":[{"href":"https:\/\/fonolukk.eu\/et\/wp-json\/wp\/v2\/media?parent=20206"}],"wp:term":[{"taxonomy":"product_brand","embeddable":true,"href":"https:\/\/fonolukk.eu\/et\/wp-json\/wp\/v2\/product_brand?post=20206"},{"taxonomy":"product_cat","embeddable":true,"href":"https:\/\/fonolukk.eu\/et\/wp-json\/wp\/v2\/product_cat?post=20206"},{"taxonomy":"product_tag","embeddable":true,"href":"https:\/\/fonolukk.eu\/et\/wp-json\/wp\/v2\/product_tag?post=20206"}],"curies":[{"name":"wp","href":"https:\/\/api.w.org\/{rel}","templated":true}]}}