{"id":20220,"date":"2025-04-16T14:44:26","date_gmt":"2025-04-16T11:44:27","guid":{"rendered":"https:\/\/fonolukk.eu\/?post_type=product&#038;p=20220"},"modified":"2025-04-17T11:00:36","modified_gmt":"2025-04-17T08:00:36","slug":"nutikas-videofooni-monitor-tis-16-5","status":"publish","type":"product","link":"https:\/\/fonolukk.eu\/et\/tooted\/nutikas-videofooni-monitor-tis-16-5\/","title":{"rendered":"Nutikas videofooni monitor xV-16, 5&#8243;"},"content":{"rendered":"<ul>\n<li class=\"\" data-start=\"400\" data-end=\"426\">\n<p class=\"\" data-start=\"402\" data-end=\"426\">T\u00f6\u00f6pinge: DC 12 ~ 30 V<\/p>\n<\/li>\n<li class=\"\" data-start=\"427\" data-end=\"466\">\n<p class=\"\" data-start=\"429\" data-end=\"466\">Ootere\u017eiimi vool: \u2264 90 mA (DC 30 V)<\/p>\n<\/li>\n<li class=\"\" data-start=\"467\" data-end=\"498\">\n<p class=\"\" data-start=\"469\" data-end=\"498\">T\u00f6\u00f6vool: \u2264 250 mA (DC 30 V)<\/p>\n<\/li>\n<li class=\"\" data-start=\"499\" data-end=\"522\">\n<p class=\"\" data-start=\"501\" data-end=\"522\">LCD-ekraan: 5 tolli<\/p>\n<\/li>\n<li class=\"\" data-start=\"523\" data-end=\"548\">\n<p class=\"\" data-start=\"525\" data-end=\"548\">Resolutsioon: 800\u00d7480<\/p>\n<\/li>\n<li class=\"\" data-start=\"549\" data-end=\"583\">\n<p class=\"\" data-start=\"551\" data-end=\"583\">T\u00f6\u00f6temperatuur: -10\u2103 kuni +55\u2103<\/p>\n<\/li>\n<li class=\"\" data-start=\"584\" data-end=\"623\">\n<p class=\"\" data-start=\"586\" data-end=\"623\">Hoiustamistemperatuur: -30\u2103 kuni +70\u2103<\/p>\n<\/li>\n<\/ul>\n","protected":false},"excerpt":{"rendered":"<p class=\"\" data-start=\"605\" data-end=\"784\">See toode on osa 2-juhtmelisest analoogse videofooni s\u00fcsteemist. S\u00fcsteem koosneb toiteallikast, v\u00e4lijaamast ja sisejaamast \u2013 k\u00f5ik komponendid on \u00fchendatud kahejuhtmelise kaabliga.<\/p>\n[wpdm_package id='20228']\n","protected":false},"featured_media":20225,"template":"","meta":[],"product_brand":[],"product_cat":[1690,606,912],"product_tag":[],"class_list":{"0":"post-20220","1":"product","2":"type-product","3":"status-publish","4":"has-post-thumbnail","6":"product_cat-xvoice-2-juhtmeline-susteem","7":"product_cat-fonolukud","8":"product_cat-xvoice-et","10":"first","11":"instock","12":"taxable","13":"shipping-taxable","14":"purchasable","15":"product-type-simple"},"yoast_head":"<!-- This site is optimized with the Yoast SEO Premium plugin v27.3 (Yoast SEO v27.3) - https:\/\/yoast.com\/product\/yoast-seo-premium-wordpress\/ -->\n<title>Nutikas videofooni monitor xV-16, 5&quot; - Fonolukk<\/title>\n<meta name=\"description\" content=\"Nutikas videofooni monitor xV-16, 5&quot; - Fonolukk See toode on osa 2-juhtmelisest analoogse videofooni s\u00fcsteemist. S\u00fcsteem koosneb toiteallikast, v\u00e4lijaamast ja sisejaamast.\" \/>\n<meta name=\"robots\" content=\"index, follow, max-snippet:-1, max-image-preview:large, max-video-preview:-1\" \/>\n<link rel=\"canonical\" href=\"https:\/\/fonolukk.eu\/et\/tooted\/nutikas-videofooni-monitor-tis-16-5\/\" \/>\n<meta property=\"og:locale\" content=\"et_EE\" \/>\n<meta property=\"og:type\" content=\"article\" \/>\n<meta property=\"og:title\" content=\"Nutikas videofooni monitor xV-16, 5&quot;\" \/>\n<meta property=\"og:description\" content=\"See toode on osa 2-juhtmelisest analoogse videofooni s\u00fcsteemist. S\u00fcsteem koosneb toiteallikast, v\u00e4lijaamast ja sisejaamast \u2013 k\u00f5ik komponendid on \u00fchendatud kahejuhtmelise kaabliga.\" \/>\n<meta property=\"og:url\" content=\"https:\/\/fonolukk.eu\/et\/tooted\/nutikas-videofooni-monitor-tis-16-5\/\" \/>\n<meta property=\"og:site_name\" content=\"Fonolukk\" \/>\n<meta property=\"article:publisher\" content=\"https:\/\/www.facebook.com\/fonolukk\" \/>\n<meta property=\"article:modified_time\" content=\"2025-04-17T08:00:36+00:00\" \/>\n<meta property=\"og:image\" content=\"https:\/\/fonolukk.eu\/wp-content\/uploads\/2025\/04\/smart-video-intercom-monitor-tis-16-fonolukk.jpg\" \/>\n\t<meta property=\"og:image:width\" content=\"1280\" \/>\n\t<meta property=\"og:image:height\" content=\"1280\" \/>\n\t<meta property=\"og:image:type\" content=\"image\/jpeg\" \/>\n<meta name=\"twitter:card\" content=\"summary_large_image\" \/>\n<meta name=\"twitter:label1\" content=\"Hind\" \/>\n\t<meta name=\"twitter:data1\" content=\"&euro;120.00 koos KM\" \/>\n\t<meta name=\"twitter:label2\" content=\"Availability\" \/>\n\t<meta name=\"twitter:data2\" content=\"Laos\" \/>\n<script type=\"application\/ld+json\" class=\"yoast-schema-graph\">{\"@context\":\"https:\\\/\\\/schema.org\",\"@graph\":[{\"@type\":\"WebPage\",\"@id\":\"https:\\\/\\\/fonolukk.eu\\\/et\\\/tooted\\\/nutikas-videofooni-monitor-tis-16-5\\\/\",\"url\":\"https:\\\/\\\/fonolukk.eu\\\/et\\\/tooted\\\/nutikas-videofooni-monitor-tis-16-5\\\/\",\"name\":\"Nutikas videofooni monitor xV-16, 5\\\" - Fonolukk\",\"isPartOf\":{\"@id\":\"https:\\\/\\\/fonolukk.eu\\\/et\\\/#website\"},\"primaryImageOfPage\":{\"@id\":\"https:\\\/\\\/fonolukk.eu\\\/et\\\/tooted\\\/nutikas-videofooni-monitor-tis-16-5\\\/#primaryimage\"},\"image\":{\"@id\":\"https:\\\/\\\/fonolukk.eu\\\/et\\\/tooted\\\/nutikas-videofooni-monitor-tis-16-5\\\/#primaryimage\"},\"thumbnailUrl\":\"https:\\\/\\\/fonolukk.eu\\\/wp-content\\\/uploads\\\/2025\\\/04\\\/smart-video-intercom-monitor-tis-16-fonolukk.jpg\",\"datePublished\":\"2025-04-16T11:44:27+00:00\",\"dateModified\":\"2025-04-17T08:00:36+00:00\",\"description\":\"Nutikas videofooni monitor xV-16, 5\\\" - Fonolukk See toode on osa 2-juhtmelisest analoogse videofooni s\u00fcsteemist. S\u00fcsteem koosneb toiteallikast, v\u00e4lijaamast ja sisejaamast.\",\"breadcrumb\":{\"@id\":\"https:\\\/\\\/fonolukk.eu\\\/et\\\/tooted\\\/nutikas-videofooni-monitor-tis-16-5\\\/#breadcrumb\"},\"inLanguage\":\"et\",\"potentialAction\":[{\"@type\":\"ReadAction\",\"target\":[\"https:\\\/\\\/fonolukk.eu\\\/et\\\/tooted\\\/nutikas-videofooni-monitor-tis-16-5\\\/\"]}]},{\"@type\":\"ImageObject\",\"inLanguage\":\"et\",\"@id\":\"https:\\\/\\\/fonolukk.eu\\\/et\\\/tooted\\\/nutikas-videofooni-monitor-tis-16-5\\\/#primaryimage\",\"url\":\"https:\\\/\\\/fonolukk.eu\\\/wp-content\\\/uploads\\\/2025\\\/04\\\/smart-video-intercom-monitor-tis-16-fonolukk.jpg\",\"contentUrl\":\"https:\\\/\\\/fonolukk.eu\\\/wp-content\\\/uploads\\\/2025\\\/04\\\/smart-video-intercom-monitor-tis-16-fonolukk.jpg\",\"width\":1280,\"height\":1280,\"caption\":\"Smart Video Intercom Monitor TIS-16\"},{\"@type\":\"BreadcrumbList\",\"@id\":\"https:\\\/\\\/fonolukk.eu\\\/et\\\/tooted\\\/nutikas-videofooni-monitor-tis-16-5\\\/#breadcrumb\",\"itemListElement\":[{\"@type\":\"ListItem\",\"position\":1,\"name\":\"Esileht\",\"item\":\"https:\\\/\\\/fonolukk.eu\\\/et\\\/koduleht\\\/\"},{\"@type\":\"ListItem\",\"position\":2,\"name\":\"Tooted\",\"item\":\"https:\\\/\\\/fonolukk.eu\\\/et\\\/shop-2\\\/\"},{\"@type\":\"ListItem\",\"position\":3,\"name\":\"Fonolukud\",\"item\":\"https:\\\/\\\/fonolukk.eu\\\/et\\\/product-category\\\/fonolukud\\\/\"},{\"@type\":\"ListItem\",\"position\":4,\"name\":\"Nutikas videofooni monitor xV-16, 5&#8243;\"}]},{\"@type\":\"WebSite\",\"@id\":\"https:\\\/\\\/fonolukk.eu\\\/et\\\/#website\",\"url\":\"https:\\\/\\\/fonolukk.eu\\\/et\\\/\",\"name\":\"Fonolukk eu\",\"description\":\"Smart Security Systems\",\"publisher\":{\"@id\":\"https:\\\/\\\/fonolukk.eu\\\/et\\\/#organization\"},\"potentialAction\":[{\"@type\":\"SearchAction\",\"target\":{\"@type\":\"EntryPoint\",\"urlTemplate\":\"https:\\\/\\\/fonolukk.eu\\\/et\\\/?s={search_term_string}\"},\"query-input\":{\"@type\":\"PropertyValueSpecification\",\"valueRequired\":true,\"valueName\":\"search_term_string\"}}],\"inLanguage\":\"et\"},{\"@type\":\"Organization\",\"@id\":\"https:\\\/\\\/fonolukk.eu\\\/et\\\/#organization\",\"name\":\"Smart Security OU\",\"url\":\"https:\\\/\\\/fonolukk.eu\\\/et\\\/\",\"logo\":{\"@type\":\"ImageObject\",\"inLanguage\":\"et\",\"@id\":\"https:\\\/\\\/fonolukk.eu\\\/et\\\/#\\\/schema\\\/logo\\\/image\\\/\",\"url\":\"https:\\\/\\\/fonolukk.eu\\\/wp-content\\\/uploads\\\/2023\\\/09\\\/fonolukk.png\",\"contentUrl\":\"https:\\\/\\\/fonolukk.eu\\\/wp-content\\\/uploads\\\/2023\\\/09\\\/fonolukk.png\",\"width\":277,\"height\":274,\"caption\":\"Smart Security OU\"},\"image\":{\"@id\":\"https:\\\/\\\/fonolukk.eu\\\/et\\\/#\\\/schema\\\/logo\\\/image\\\/\"},\"sameAs\":[\"https:\\\/\\\/www.facebook.com\\\/fonolukk\",\"https:\\\/\\\/www.instagram.com\\\/fonolukk\\\/?hl=ru\"],\"publishingPrinciples\":\"https:\\\/\\\/fonolukk.eu\\\/terms-and-conditions\\\/\",\"ownershipFundingInfo\":\"https:\\\/\\\/fonolukk.eu\\\/about-us\\\/\"}]}<\/script>\n<meta property=\"product:price:amount\" content=\"120.00\" \/>\n<meta property=\"product:price:currency\" content=\"EUR\" \/>\n<meta property=\"og:availability\" content=\"instock\" \/>\n<meta property=\"product:availability\" content=\"instock\" \/>\n<meta property=\"product:retailer_item_id\" content=\"Smart Video Intercom Monitor TIS-16\" \/>\n<meta property=\"product:condition\" content=\"new\" \/>\n<!-- \/ Yoast SEO Premium plugin. -->","yoast_head_json":{"title":"Nutikas videofooni monitor xV-16, 5\" - Fonolukk","description":"Nutikas videofooni monitor xV-16, 5\" - Fonolukk See toode on osa 2-juhtmelisest analoogse videofooni s\u00fcsteemist. S\u00fcsteem koosneb toiteallikast, v\u00e4lijaamast ja sisejaamast.","robots":{"index":"index","follow":"follow","max-snippet":"max-snippet:-1","max-image-preview":"max-image-preview:large","max-video-preview":"max-video-preview:-1"},"canonical":"https:\/\/fonolukk.eu\/et\/tooted\/nutikas-videofooni-monitor-tis-16-5\/","og_locale":"et_EE","og_type":"article","og_title":"Nutikas videofooni monitor xV-16, 5\"","og_description":"See toode on osa 2-juhtmelisest analoogse videofooni s\u00fcsteemist. S\u00fcsteem koosneb toiteallikast, v\u00e4lijaamast ja sisejaamast \u2013 k\u00f5ik komponendid on \u00fchendatud kahejuhtmelise kaabliga.","og_url":"https:\/\/fonolukk.eu\/et\/tooted\/nutikas-videofooni-monitor-tis-16-5\/","og_site_name":"Fonolukk","article_publisher":"https:\/\/www.facebook.com\/fonolukk","article_modified_time":"2025-04-17T08:00:36+00:00","og_image":[{"width":1280,"height":1280,"url":"https:\/\/fonolukk.eu\/wp-content\/uploads\/2025\/04\/smart-video-intercom-monitor-tis-16-fonolukk.jpg","type":"image\/jpeg"}],"twitter_card":"summary_large_image","twitter_misc":{"Hind":"&euro;120.00 koos KM","Availability":"Laos"},"schema":{"@context":"https:\/\/schema.org","@graph":[{"@type":"WebPage","@id":"https:\/\/fonolukk.eu\/et\/tooted\/nutikas-videofooni-monitor-tis-16-5\/","url":"https:\/\/fonolukk.eu\/et\/tooted\/nutikas-videofooni-monitor-tis-16-5\/","name":"Nutikas videofooni monitor xV-16, 5\" - Fonolukk","isPartOf":{"@id":"https:\/\/fonolukk.eu\/et\/#website"},"primaryImageOfPage":{"@id":"https:\/\/fonolukk.eu\/et\/tooted\/nutikas-videofooni-monitor-tis-16-5\/#primaryimage"},"image":{"@id":"https:\/\/fonolukk.eu\/et\/tooted\/nutikas-videofooni-monitor-tis-16-5\/#primaryimage"},"thumbnailUrl":"https:\/\/fonolukk.eu\/wp-content\/uploads\/2025\/04\/smart-video-intercom-monitor-tis-16-fonolukk.jpg","datePublished":"2025-04-16T11:44:27+00:00","dateModified":"2025-04-17T08:00:36+00:00","description":"Nutikas videofooni monitor xV-16, 5\" - Fonolukk See toode on osa 2-juhtmelisest analoogse videofooni s\u00fcsteemist. S\u00fcsteem koosneb toiteallikast, v\u00e4lijaamast ja sisejaamast.","breadcrumb":{"@id":"https:\/\/fonolukk.eu\/et\/tooted\/nutikas-videofooni-monitor-tis-16-5\/#breadcrumb"},"inLanguage":"et","potentialAction":[{"@type":"ReadAction","target":["https:\/\/fonolukk.eu\/et\/tooted\/nutikas-videofooni-monitor-tis-16-5\/"]}]},{"@type":"ImageObject","inLanguage":"et","@id":"https:\/\/fonolukk.eu\/et\/tooted\/nutikas-videofooni-monitor-tis-16-5\/#primaryimage","url":"https:\/\/fonolukk.eu\/wp-content\/uploads\/2025\/04\/smart-video-intercom-monitor-tis-16-fonolukk.jpg","contentUrl":"https:\/\/fonolukk.eu\/wp-content\/uploads\/2025\/04\/smart-video-intercom-monitor-tis-16-fonolukk.jpg","width":1280,"height":1280,"caption":"Smart Video Intercom Monitor TIS-16"},{"@type":"BreadcrumbList","@id":"https:\/\/fonolukk.eu\/et\/tooted\/nutikas-videofooni-monitor-tis-16-5\/#breadcrumb","itemListElement":[{"@type":"ListItem","position":1,"name":"Esileht","item":"https:\/\/fonolukk.eu\/et\/koduleht\/"},{"@type":"ListItem","position":2,"name":"Tooted","item":"https:\/\/fonolukk.eu\/et\/shop-2\/"},{"@type":"ListItem","position":3,"name":"Fonolukud","item":"https:\/\/fonolukk.eu\/et\/product-category\/fonolukud\/"},{"@type":"ListItem","position":4,"name":"Nutikas videofooni monitor xV-16, 5&#8243;"}]},{"@type":"WebSite","@id":"https:\/\/fonolukk.eu\/et\/#website","url":"https:\/\/fonolukk.eu\/et\/","name":"Fonolukk eu","description":"Smart Security Systems","publisher":{"@id":"https:\/\/fonolukk.eu\/et\/#organization"},"potentialAction":[{"@type":"SearchAction","target":{"@type":"EntryPoint","urlTemplate":"https:\/\/fonolukk.eu\/et\/?s={search_term_string}"},"query-input":{"@type":"PropertyValueSpecification","valueRequired":true,"valueName":"search_term_string"}}],"inLanguage":"et"},{"@type":"Organization","@id":"https:\/\/fonolukk.eu\/et\/#organization","name":"Smart Security OU","url":"https:\/\/fonolukk.eu\/et\/","logo":{"@type":"ImageObject","inLanguage":"et","@id":"https:\/\/fonolukk.eu\/et\/#\/schema\/logo\/image\/","url":"https:\/\/fonolukk.eu\/wp-content\/uploads\/2023\/09\/fonolukk.png","contentUrl":"https:\/\/fonolukk.eu\/wp-content\/uploads\/2023\/09\/fonolukk.png","width":277,"height":274,"caption":"Smart Security OU"},"image":{"@id":"https:\/\/fonolukk.eu\/et\/#\/schema\/logo\/image\/"},"sameAs":["https:\/\/www.facebook.com\/fonolukk","https:\/\/www.instagram.com\/fonolukk\/?hl=ru"],"publishingPrinciples":"https:\/\/fonolukk.eu\/terms-and-conditions\/","ownershipFundingInfo":"https:\/\/fonolukk.eu\/about-us\/"}]},"product_price_amount":"120.00","product_price_currency":"EUR","og_availability":"instock","product_availability":"instock","product_retailer_item_id":"Smart Video Intercom Monitor TIS-16","product_condition":"new"},"_links":{"self":[{"href":"https:\/\/fonolukk.eu\/et\/wp-json\/wp\/v2\/product\/20220","targetHints":{"allow":["GET"]}}],"collection":[{"href":"https:\/\/fonolukk.eu\/et\/wp-json\/wp\/v2\/product"}],"about":[{"href":"https:\/\/fonolukk.eu\/et\/wp-json\/wp\/v2\/types\/product"}],"version-history":[{"count":2,"href":"https:\/\/fonolukk.eu\/et\/wp-json\/wp\/v2\/product\/20220\/revisions"}],"predecessor-version":[{"id":20254,"href":"https:\/\/fonolukk.eu\/et\/wp-json\/wp\/v2\/product\/20220\/revisions\/20254"}],"wp:featuredmedia":[{"embeddable":true,"href":"https:\/\/fonolukk.eu\/et\/wp-json\/wp\/v2\/media\/20225"}],"wp:attachment":[{"href":"https:\/\/fonolukk.eu\/et\/wp-json\/wp\/v2\/media?parent=20220"}],"wp:term":[{"taxonomy":"product_brand","embeddable":true,"href":"https:\/\/fonolukk.eu\/et\/wp-json\/wp\/v2\/product_brand?post=20220"},{"taxonomy":"product_cat","embeddable":true,"href":"https:\/\/fonolukk.eu\/et\/wp-json\/wp\/v2\/product_cat?post=20220"},{"taxonomy":"product_tag","embeddable":true,"href":"https:\/\/fonolukk.eu\/et\/wp-json\/wp\/v2\/product_tag?post=20220"}],"curies":[{"name":"wp","href":"https:\/\/api.w.org\/{rel}","templated":true}]}}