{"id":20239,"date":"2025-04-16T20:18:41","date_gmt":"2025-04-16T17:18:41","guid":{"rendered":"https:\/\/fonolukk.eu\/?post_type=product&#038;p=20239"},"modified":"2025-04-16T20:38:45","modified_gmt":"2025-04-16T17:38:45","slug":"main-slim-valistingimustes-jaotur-tos-14e-7","status":"publish","type":"product","link":"https:\/\/fonolukk.eu\/et\/tooted\/main-slim-valistingimustes-jaotur-tos-14e-7\/","title":{"rendered":"Main Slim v\u00e4listingimustes jaotur TOS-14E 7&#8243;"},"content":{"rendered":"<ul>\n<li class=\"\" data-start=\"30\" data-end=\"52\">\n<p class=\"\" data-start=\"32\" data-end=\"52\">T\u00f6\u00f6pinget: DC 24~30V<\/p>\n<\/li>\n<li class=\"\" data-start=\"53\" data-end=\"86\">\n<p class=\"\" data-start=\"55\" data-end=\"86\">Statiivne vool: \u2264 90mA (DC 30V)<\/p>\n<\/li>\n<li class=\"\" data-start=\"87\" data-end=\"114\">\n<p class=\"\" data-start=\"89\" data-end=\"114\">T\u00f6\u00f6vool: \u2264 400mA (DC 30V)<\/p>\n<\/li>\n<li class=\"\" data-start=\"115\" data-end=\"149\">\n<p class=\"\" data-start=\"117\" data-end=\"149\">S\u00e4ilitustemperatuur: -40\u2103 \uff5e +70\u2103<\/p>\n<\/li>\n<li class=\"\" data-start=\"150\" data-end=\"179\">\n<p class=\"\" data-start=\"152\" data-end=\"179\">T\u00f6\u00f6temperatuur: -25\u2103 \uff5e +55\u2103<\/p>\n<\/li>\n<li class=\"\" data-start=\"180\" data-end=\"200\">\n<p class=\"\" data-start=\"182\" data-end=\"200\">Kaamera t\u00fc\u00fcp: CMOS<\/p>\n<\/li>\n<li class=\"\" data-start=\"201\" data-end=\"232\">\n<p class=\"\" data-start=\"203\" data-end=\"232\">Vaate nurk: Diagonaal 70\u00b0\u00d750\u00b0<\/p>\n<\/li>\n<li class=\"\" data-start=\"233\" data-end=\"254\">\n<p class=\"\" data-start=\"235\" data-end=\"254\">Fookuskaugus: 2.5mm<\/p>\n<\/li>\n<li class=\"\" data-start=\"255\" data-end=\"274\">\n<p class=\"\" data-start=\"257\" data-end=\"274\">Eraldusv\u00f5ime: 30W<\/p>\n<\/li>\n<\/ul>\n","protected":false},"excerpt":{"rendered":"<p class=\"\" data-start=\"14\" data-end=\"238\">See toode on v\u00e4listingimustes asuv jaotur kahejuhtmelise analoogvideodoorfoni s\u00fcsteemis. See \u00fchendub s\u00fcsteemi siseruumides asuvate jaoturitega kahe juhtmega. Lisaks toetab see juurdep\u00e4\u00e4sukontrolli IC-kaardiga.<\/p>\n<p class=\"\" data-start=\"240\" data-end=\"479\">[wpdm_package id='20248']<\/p>\n","protected":false},"featured_media":20242,"template":"","meta":[],"product_brand":[],"product_cat":[1690,606,912],"product_tag":[],"class_list":{"0":"post-20239","1":"product","2":"type-product","3":"status-publish","4":"has-post-thumbnail","6":"product_cat-xvoice-2-juhtmeline-susteem","7":"product_cat-fonolukud","8":"product_cat-xvoice-et","10":"first","11":"instock","12":"taxable","13":"shipping-taxable","14":"product-type-simple"},"yoast_head":"<!-- This site is optimized with the Yoast SEO Premium plugin v27.3 (Yoast SEO v27.3) - https:\/\/yoast.com\/product\/yoast-seo-premium-wordpress\/ -->\n<title>Main Slim v\u00e4listingimustes jaotur TOS-14E 7&quot; - Fonolukk<\/title>\n<meta name=\"description\" content=\"Main Slim v\u00e4listingimustes jaotur TOS-14E 7&quot; - Fonolukk See toode on v\u00e4listingimustes asuv jaotur kahejuhtmelise analoogvideodoorfoni s\u00fcsteemis.\" \/>\n<meta name=\"robots\" content=\"index, follow, max-snippet:-1, max-image-preview:large, max-video-preview:-1\" \/>\n<link rel=\"canonical\" href=\"https:\/\/fonolukk.eu\/et\/tooted\/main-slim-valistingimustes-jaotur-tos-14e-7\/\" \/>\n<meta property=\"og:locale\" content=\"et_EE\" \/>\n<meta property=\"og:type\" content=\"article\" \/>\n<meta property=\"og:title\" content=\"Main Slim v\u00e4listingimustes jaotur TOS-14E 7&quot;\" \/>\n<meta property=\"og:description\" content=\"See toode on v\u00e4listingimustes asuv jaotur kahejuhtmelise analoogvideodoorfoni s\u00fcsteemis. See \u00fchendub s\u00fcsteemi siseruumides asuvate jaoturitega kahe juhtmega. Lisaks toetab see juurdep\u00e4\u00e4sukontrolli IC-kaardiga.\" \/>\n<meta property=\"og:url\" content=\"https:\/\/fonolukk.eu\/et\/tooted\/main-slim-valistingimustes-jaotur-tos-14e-7\/\" \/>\n<meta property=\"og:site_name\" content=\"Fonolukk\" \/>\n<meta property=\"article:publisher\" content=\"https:\/\/www.facebook.com\/fonolukk\" \/>\n<meta property=\"article:modified_time\" content=\"2025-04-16T17:38:45+00:00\" \/>\n<meta property=\"og:image\" content=\"https:\/\/fonolukk.eu\/wp-content\/uploads\/2025\/04\/main-slim-outdoor-station-tos-14e.png\" \/>\n\t<meta property=\"og:image:width\" content=\"1053\" \/>\n\t<meta property=\"og:image:height\" content=\"1053\" \/>\n\t<meta property=\"og:image:type\" content=\"image\/png\" \/>\n<meta name=\"twitter:card\" content=\"summary_large_image\" \/>\n<meta name=\"twitter:label1\" content=\"Hind\" \/>\n\t<meta name=\"twitter:data1\" content=\"\" \/>\n\t<meta name=\"twitter:label2\" content=\"Availability\" \/>\n\t<meta name=\"twitter:data2\" content=\"Laos\" \/>\n<script type=\"application\/ld+json\" class=\"yoast-schema-graph\">{\"@context\":\"https:\\\/\\\/schema.org\",\"@graph\":[{\"@type\":\"WebPage\",\"@id\":\"https:\\\/\\\/fonolukk.eu\\\/et\\\/tooted\\\/main-slim-valistingimustes-jaotur-tos-14e-7\\\/\",\"url\":\"https:\\\/\\\/fonolukk.eu\\\/et\\\/tooted\\\/main-slim-valistingimustes-jaotur-tos-14e-7\\\/\",\"name\":\"Main Slim v\u00e4listingimustes jaotur TOS-14E 7\\\" - Fonolukk\",\"isPartOf\":{\"@id\":\"https:\\\/\\\/fonolukk.eu\\\/et\\\/#website\"},\"primaryImageOfPage\":{\"@id\":\"https:\\\/\\\/fonolukk.eu\\\/et\\\/tooted\\\/main-slim-valistingimustes-jaotur-tos-14e-7\\\/#primaryimage\"},\"image\":{\"@id\":\"https:\\\/\\\/fonolukk.eu\\\/et\\\/tooted\\\/main-slim-valistingimustes-jaotur-tos-14e-7\\\/#primaryimage\"},\"thumbnailUrl\":\"https:\\\/\\\/fonolukk.eu\\\/wp-content\\\/uploads\\\/2025\\\/04\\\/main-slim-outdoor-station-tos-14e.png\",\"datePublished\":\"2025-04-16T17:18:41+00:00\",\"dateModified\":\"2025-04-16T17:38:45+00:00\",\"description\":\"Main Slim v\u00e4listingimustes jaotur TOS-14E 7\\\" - Fonolukk See toode on v\u00e4listingimustes asuv jaotur kahejuhtmelise analoogvideodoorfoni s\u00fcsteemis.\",\"breadcrumb\":{\"@id\":\"https:\\\/\\\/fonolukk.eu\\\/et\\\/tooted\\\/main-slim-valistingimustes-jaotur-tos-14e-7\\\/#breadcrumb\"},\"inLanguage\":\"et\",\"potentialAction\":[{\"@type\":\"ReadAction\",\"target\":[\"https:\\\/\\\/fonolukk.eu\\\/et\\\/tooted\\\/main-slim-valistingimustes-jaotur-tos-14e-7\\\/\"]}]},{\"@type\":\"ImageObject\",\"inLanguage\":\"et\",\"@id\":\"https:\\\/\\\/fonolukk.eu\\\/et\\\/tooted\\\/main-slim-valistingimustes-jaotur-tos-14e-7\\\/#primaryimage\",\"url\":\"https:\\\/\\\/fonolukk.eu\\\/wp-content\\\/uploads\\\/2025\\\/04\\\/main-slim-outdoor-station-tos-14e.png\",\"contentUrl\":\"https:\\\/\\\/fonolukk.eu\\\/wp-content\\\/uploads\\\/2025\\\/04\\\/main-slim-outdoor-station-tos-14e.png\",\"width\":1053,\"height\":1053,\"caption\":\"Main Slim Outdoor Station TOS-14E\"},{\"@type\":\"BreadcrumbList\",\"@id\":\"https:\\\/\\\/fonolukk.eu\\\/et\\\/tooted\\\/main-slim-valistingimustes-jaotur-tos-14e-7\\\/#breadcrumb\",\"itemListElement\":[{\"@type\":\"ListItem\",\"position\":1,\"name\":\"Esileht\",\"item\":\"https:\\\/\\\/fonolukk.eu\\\/et\\\/koduleht\\\/\"},{\"@type\":\"ListItem\",\"position\":2,\"name\":\"Tooted\",\"item\":\"https:\\\/\\\/fonolukk.eu\\\/et\\\/shop-2\\\/\"},{\"@type\":\"ListItem\",\"position\":3,\"name\":\"Fonolukud\",\"item\":\"https:\\\/\\\/fonolukk.eu\\\/et\\\/product-category\\\/fonolukud\\\/\"},{\"@type\":\"ListItem\",\"position\":4,\"name\":\"Main Slim v\u00e4listingimustes jaotur TOS-14E 7&#8243;\"}]},{\"@type\":\"WebSite\",\"@id\":\"https:\\\/\\\/fonolukk.eu\\\/et\\\/#website\",\"url\":\"https:\\\/\\\/fonolukk.eu\\\/et\\\/\",\"name\":\"Fonolukk eu\",\"description\":\"Smart Security Systems\",\"publisher\":{\"@id\":\"https:\\\/\\\/fonolukk.eu\\\/et\\\/#organization\"},\"potentialAction\":[{\"@type\":\"SearchAction\",\"target\":{\"@type\":\"EntryPoint\",\"urlTemplate\":\"https:\\\/\\\/fonolukk.eu\\\/et\\\/?s={search_term_string}\"},\"query-input\":{\"@type\":\"PropertyValueSpecification\",\"valueRequired\":true,\"valueName\":\"search_term_string\"}}],\"inLanguage\":\"et\"},{\"@type\":\"Organization\",\"@id\":\"https:\\\/\\\/fonolukk.eu\\\/et\\\/#organization\",\"name\":\"Smart Security OU\",\"url\":\"https:\\\/\\\/fonolukk.eu\\\/et\\\/\",\"logo\":{\"@type\":\"ImageObject\",\"inLanguage\":\"et\",\"@id\":\"https:\\\/\\\/fonolukk.eu\\\/et\\\/#\\\/schema\\\/logo\\\/image\\\/\",\"url\":\"https:\\\/\\\/fonolukk.eu\\\/wp-content\\\/uploads\\\/2023\\\/09\\\/fonolukk.png\",\"contentUrl\":\"https:\\\/\\\/fonolukk.eu\\\/wp-content\\\/uploads\\\/2023\\\/09\\\/fonolukk.png\",\"width\":277,\"height\":274,\"caption\":\"Smart Security OU\"},\"image\":{\"@id\":\"https:\\\/\\\/fonolukk.eu\\\/et\\\/#\\\/schema\\\/logo\\\/image\\\/\"},\"sameAs\":[\"https:\\\/\\\/www.facebook.com\\\/fonolukk\",\"https:\\\/\\\/www.instagram.com\\\/fonolukk\\\/?hl=ru\"],\"publishingPrinciples\":\"https:\\\/\\\/fonolukk.eu\\\/terms-and-conditions\\\/\",\"ownershipFundingInfo\":\"https:\\\/\\\/fonolukk.eu\\\/about-us\\\/\"}]}<\/script>\n<meta property=\"product:price:amount\" content=\"0.00\" \/>\n<meta property=\"product:price:currency\" content=\"EUR\" \/>\n<meta property=\"og:availability\" content=\"instock\" \/>\n<meta property=\"product:availability\" content=\"instock\" \/>\n<meta property=\"product:retailer_item_id\" content=\"Main Slim Outdoor Station TOS-14E\" \/>\n<meta property=\"product:condition\" content=\"new\" \/>\n<!-- \/ Yoast SEO Premium plugin. -->","yoast_head_json":{"title":"Main Slim v\u00e4listingimustes jaotur TOS-14E 7\" - Fonolukk","description":"Main Slim v\u00e4listingimustes jaotur TOS-14E 7\" - Fonolukk See toode on v\u00e4listingimustes asuv jaotur kahejuhtmelise analoogvideodoorfoni s\u00fcsteemis.","robots":{"index":"index","follow":"follow","max-snippet":"max-snippet:-1","max-image-preview":"max-image-preview:large","max-video-preview":"max-video-preview:-1"},"canonical":"https:\/\/fonolukk.eu\/et\/tooted\/main-slim-valistingimustes-jaotur-tos-14e-7\/","og_locale":"et_EE","og_type":"article","og_title":"Main Slim v\u00e4listingimustes jaotur TOS-14E 7\"","og_description":"See toode on v\u00e4listingimustes asuv jaotur kahejuhtmelise analoogvideodoorfoni s\u00fcsteemis. See \u00fchendub s\u00fcsteemi siseruumides asuvate jaoturitega kahe juhtmega. Lisaks toetab see juurdep\u00e4\u00e4sukontrolli IC-kaardiga.","og_url":"https:\/\/fonolukk.eu\/et\/tooted\/main-slim-valistingimustes-jaotur-tos-14e-7\/","og_site_name":"Fonolukk","article_publisher":"https:\/\/www.facebook.com\/fonolukk","article_modified_time":"2025-04-16T17:38:45+00:00","og_image":[{"width":1053,"height":1053,"url":"https:\/\/fonolukk.eu\/wp-content\/uploads\/2025\/04\/main-slim-outdoor-station-tos-14e.png","type":"image\/png"}],"twitter_card":"summary_large_image","twitter_misc":{"Hind":"","Availability":"Laos"},"schema":{"@context":"https:\/\/schema.org","@graph":[{"@type":"WebPage","@id":"https:\/\/fonolukk.eu\/et\/tooted\/main-slim-valistingimustes-jaotur-tos-14e-7\/","url":"https:\/\/fonolukk.eu\/et\/tooted\/main-slim-valistingimustes-jaotur-tos-14e-7\/","name":"Main Slim v\u00e4listingimustes jaotur TOS-14E 7\" - Fonolukk","isPartOf":{"@id":"https:\/\/fonolukk.eu\/et\/#website"},"primaryImageOfPage":{"@id":"https:\/\/fonolukk.eu\/et\/tooted\/main-slim-valistingimustes-jaotur-tos-14e-7\/#primaryimage"},"image":{"@id":"https:\/\/fonolukk.eu\/et\/tooted\/main-slim-valistingimustes-jaotur-tos-14e-7\/#primaryimage"},"thumbnailUrl":"https:\/\/fonolukk.eu\/wp-content\/uploads\/2025\/04\/main-slim-outdoor-station-tos-14e.png","datePublished":"2025-04-16T17:18:41+00:00","dateModified":"2025-04-16T17:38:45+00:00","description":"Main Slim v\u00e4listingimustes jaotur TOS-14E 7\" - Fonolukk See toode on v\u00e4listingimustes asuv jaotur kahejuhtmelise analoogvideodoorfoni s\u00fcsteemis.","breadcrumb":{"@id":"https:\/\/fonolukk.eu\/et\/tooted\/main-slim-valistingimustes-jaotur-tos-14e-7\/#breadcrumb"},"inLanguage":"et","potentialAction":[{"@type":"ReadAction","target":["https:\/\/fonolukk.eu\/et\/tooted\/main-slim-valistingimustes-jaotur-tos-14e-7\/"]}]},{"@type":"ImageObject","inLanguage":"et","@id":"https:\/\/fonolukk.eu\/et\/tooted\/main-slim-valistingimustes-jaotur-tos-14e-7\/#primaryimage","url":"https:\/\/fonolukk.eu\/wp-content\/uploads\/2025\/04\/main-slim-outdoor-station-tos-14e.png","contentUrl":"https:\/\/fonolukk.eu\/wp-content\/uploads\/2025\/04\/main-slim-outdoor-station-tos-14e.png","width":1053,"height":1053,"caption":"Main Slim Outdoor Station TOS-14E"},{"@type":"BreadcrumbList","@id":"https:\/\/fonolukk.eu\/et\/tooted\/main-slim-valistingimustes-jaotur-tos-14e-7\/#breadcrumb","itemListElement":[{"@type":"ListItem","position":1,"name":"Esileht","item":"https:\/\/fonolukk.eu\/et\/koduleht\/"},{"@type":"ListItem","position":2,"name":"Tooted","item":"https:\/\/fonolukk.eu\/et\/shop-2\/"},{"@type":"ListItem","position":3,"name":"Fonolukud","item":"https:\/\/fonolukk.eu\/et\/product-category\/fonolukud\/"},{"@type":"ListItem","position":4,"name":"Main Slim v\u00e4listingimustes jaotur TOS-14E 7&#8243;"}]},{"@type":"WebSite","@id":"https:\/\/fonolukk.eu\/et\/#website","url":"https:\/\/fonolukk.eu\/et\/","name":"Fonolukk eu","description":"Smart Security Systems","publisher":{"@id":"https:\/\/fonolukk.eu\/et\/#organization"},"potentialAction":[{"@type":"SearchAction","target":{"@type":"EntryPoint","urlTemplate":"https:\/\/fonolukk.eu\/et\/?s={search_term_string}"},"query-input":{"@type":"PropertyValueSpecification","valueRequired":true,"valueName":"search_term_string"}}],"inLanguage":"et"},{"@type":"Organization","@id":"https:\/\/fonolukk.eu\/et\/#organization","name":"Smart Security OU","url":"https:\/\/fonolukk.eu\/et\/","logo":{"@type":"ImageObject","inLanguage":"et","@id":"https:\/\/fonolukk.eu\/et\/#\/schema\/logo\/image\/","url":"https:\/\/fonolukk.eu\/wp-content\/uploads\/2023\/09\/fonolukk.png","contentUrl":"https:\/\/fonolukk.eu\/wp-content\/uploads\/2023\/09\/fonolukk.png","width":277,"height":274,"caption":"Smart Security OU"},"image":{"@id":"https:\/\/fonolukk.eu\/et\/#\/schema\/logo\/image\/"},"sameAs":["https:\/\/www.facebook.com\/fonolukk","https:\/\/www.instagram.com\/fonolukk\/?hl=ru"],"publishingPrinciples":"https:\/\/fonolukk.eu\/terms-and-conditions\/","ownershipFundingInfo":"https:\/\/fonolukk.eu\/about-us\/"}]},"product_price_amount":"0.00","product_price_currency":"EUR","og_availability":"instock","product_availability":"instock","product_retailer_item_id":"Main Slim Outdoor Station TOS-14E","product_condition":"new"},"_links":{"self":[{"href":"https:\/\/fonolukk.eu\/et\/wp-json\/wp\/v2\/product\/20239","targetHints":{"allow":["GET"]}}],"collection":[{"href":"https:\/\/fonolukk.eu\/et\/wp-json\/wp\/v2\/product"}],"about":[{"href":"https:\/\/fonolukk.eu\/et\/wp-json\/wp\/v2\/types\/product"}],"version-history":[{"count":1,"href":"https:\/\/fonolukk.eu\/et\/wp-json\/wp\/v2\/product\/20239\/revisions"}],"predecessor-version":[{"id":20250,"href":"https:\/\/fonolukk.eu\/et\/wp-json\/wp\/v2\/product\/20239\/revisions\/20250"}],"wp:featuredmedia":[{"embeddable":true,"href":"https:\/\/fonolukk.eu\/et\/wp-json\/wp\/v2\/media\/20242"}],"wp:attachment":[{"href":"https:\/\/fonolukk.eu\/et\/wp-json\/wp\/v2\/media?parent=20239"}],"wp:term":[{"taxonomy":"product_brand","embeddable":true,"href":"https:\/\/fonolukk.eu\/et\/wp-json\/wp\/v2\/product_brand?post=20239"},{"taxonomy":"product_cat","embeddable":true,"href":"https:\/\/fonolukk.eu\/et\/wp-json\/wp\/v2\/product_cat?post=20239"},{"taxonomy":"product_tag","embeddable":true,"href":"https:\/\/fonolukk.eu\/et\/wp-json\/wp\/v2\/product_tag?post=20239"}],"curies":[{"name":"wp","href":"https:\/\/api.w.org\/{rel}","templated":true}]}}