{"id":20275,"date":"2025-04-25T00:06:27","date_gmt":"2025-04-24T21:06:27","guid":{"rendered":"https:\/\/fonolukk.eu\/?post_type=product&#038;p=20275"},"modified":"2026-03-23T09:44:53","modified_gmt":"2026-03-23T07:44:53","slug":"ve-9-led-koordinaat-fonoluku-telefon-vizit-ja-eltis-jaoks","status":"publish","type":"product","link":"https:\/\/fonolukk.eu\/et\/tooted\/ve-9-led-koordinaat-fonoluku-telefon-vizit-ja-eltis-jaoks\/","title":{"rendered":"VE-9 LED &#8211; Koordinaat-fonoluku telefon Vizit ja Eltis jaoks"},"content":{"rendered":"<p><strong>VE-9 LED &#8211; <span class=\"s15\">Koordinaat-fonoluku<\/span> <span class=\"s15\">telefon<\/span> Vizit ja Eltis jaoks<\/strong><\/p>\n<p data-start=\"97\" data-end=\"121\"><strong data-start=\"97\" data-end=\"119\">Tehnilised andmed:<\/strong><\/p>\n<ul data-start=\"123\" data-end=\"309\">\n<li data-start=\"123\" data-end=\"188\">Toote m\u00f5\u00f5tmed: 199 \u00d7 82 \u00d7 32 mm (ei sisalda toru ja juhtmeid)<\/li>\n<li data-start=\"189\" data-end=\"226\">T\u00f6\u00f6tamistemperatuur: +5\u00b0C ~ +45\u00b0C<\/li>\n<li data-start=\"227\" data-end=\"245\">Niiskus: \u2264 93%<\/li>\n<li data-start=\"246\" data-end=\"260\">V\u00e4rv: Valge<\/li>\n<li data-start=\"261\" data-end=\"309\">Ukse avamise nupp \u2013 vajutage ukse avamiseks.<\/li>\n<\/ul>\n<p data-start=\"311\" data-end=\"374\"><strong data-start=\"311\" data-end=\"372\">Helitugevuse reguleerimine ja vaigistusl\u00fcliti (korpusel):<\/strong><\/p>\n<ul data-start=\"375\" data-end=\"425\" data-is-last-node=\"\">\n<li data-start=\"375\" data-end=\"396\">Madal helitugevus<\/li>\n<li data-start=\"397\" data-end=\"425\" data-is-last-node=\"\">Keskmine<\/li>\n<li data-start=\"397\" data-end=\"425\" data-is-last-node=\"\">V\u00e4lja l\u00fclitatud<\/li>\n<\/ul>\n","protected":false},"excerpt":{"rendered":"<p>VE-9 LED &#8211; Koordinaat-fonoluku telefon Vizit ja Eltis jaoks Tehnilised andmed: Toote m\u00f5\u00f5tmed: 199 \u00d7 82 \u00d7 32 mm (ei<\/p>\n","protected":false},"featured_media":20278,"template":"","meta":[],"product_brand":[],"product_cat":[385,832,800],"product_tag":[],"class_list":{"0":"post-20275","1":"product","2":"type-product","3":"status-publish","4":"has-post-thumbnail","6":"product_cat-intercom-torud","7":"product_cat-vizit-et","8":"product_cat-eltis-et","9":"pa_brand-eltis-et","10":"pa_brand-vizit","12":"first","13":"instock","14":"taxable","15":"shipping-taxable","16":"purchasable","17":"product-type-simple"},"yoast_head":"<!-- This site is optimized with the Yoast SEO Premium plugin v27.3 (Yoast SEO v27.3) - https:\/\/yoast.com\/product\/yoast-seo-premium-wordpress\/ -->\n<title>VE-9 LED - Koordinaat-fonoluku telefon Vizit ja Eltis jaoks - Fonolukk<\/title>\n<meta name=\"description\" content=\"BL LED - telefon, mis \u00fchildub selliste fonolukku-s\u00fcsteemidega nagu Vizit, Eltis. Ukselukustuse avamise nupp - ukse avamiseks vajutage. Fonolukk EU\" \/>\n<meta name=\"robots\" content=\"index, follow, max-snippet:-1, max-image-preview:large, max-video-preview:-1\" \/>\n<link rel=\"canonical\" href=\"https:\/\/fonolukk.eu\/et\/tooted\/ve-9-led-koordinaat-fonoluku-telefon-vizit-ja-eltis-jaoks\/\" \/>\n<meta property=\"og:locale\" content=\"et_EE\" \/>\n<meta property=\"og:type\" content=\"article\" \/>\n<meta property=\"og:title\" content=\"VE-9 LED - Koordinaat-fonoluku telefon Vizit ja Eltis jaoks\" \/>\n<meta property=\"og:description\" content=\"VE-9 LED - Koordinaat-fonoluku telefon Vizit ja Eltis jaoks Tehnilised andmed: Toote m\u00f5\u00f5tmed: 199 \u00d7 82 \u00d7 32 mm (ei sisalda toru ja juhtmeid)\" \/>\n<meta property=\"og:url\" content=\"https:\/\/fonolukk.eu\/et\/tooted\/ve-9-led-koordinaat-fonoluku-telefon-vizit-ja-eltis-jaoks\/\" \/>\n<meta property=\"og:site_name\" content=\"Fonolukk\" \/>\n<meta property=\"article:publisher\" content=\"https:\/\/www.facebook.com\/fonolukk\" \/>\n<meta property=\"article:modified_time\" content=\"2026-03-23T07:44:53+00:00\" \/>\n<meta property=\"og:image\" content=\"https:\/\/fonolukk.eu\/wp-content\/uploads\/2025\/04\/fonolukk-ve9.png\" \/>\n\t<meta property=\"og:image:width\" content=\"761\" \/>\n\t<meta property=\"og:image:height\" content=\"768\" \/>\n\t<meta property=\"og:image:type\" content=\"image\/png\" \/>\n<meta name=\"twitter:card\" content=\"summary_large_image\" \/>\n<meta name=\"twitter:label1\" content=\"Hind\" \/>\n\t<meta name=\"twitter:data1\" content=\"&euro;18.55 koos KM\" \/>\n\t<meta name=\"twitter:label2\" content=\"Availability\" \/>\n\t<meta name=\"twitter:data2\" content=\"Laos\" \/>\n<script type=\"application\/ld+json\" class=\"yoast-schema-graph\">{\"@context\":\"https:\\\/\\\/schema.org\",\"@graph\":[{\"@type\":\"WebPage\",\"@id\":\"https:\\\/\\\/fonolukk.eu\\\/et\\\/tooted\\\/ve-9-led-koordinaat-fonoluku-telefon-vizit-ja-eltis-jaoks\\\/\",\"url\":\"https:\\\/\\\/fonolukk.eu\\\/et\\\/tooted\\\/ve-9-led-koordinaat-fonoluku-telefon-vizit-ja-eltis-jaoks\\\/\",\"name\":\"VE-9 LED - Koordinaat-fonoluku telefon Vizit ja Eltis jaoks - Fonolukk\",\"isPartOf\":{\"@id\":\"https:\\\/\\\/fonolukk.eu\\\/et\\\/#website\"},\"primaryImageOfPage\":{\"@id\":\"https:\\\/\\\/fonolukk.eu\\\/et\\\/tooted\\\/ve-9-led-koordinaat-fonoluku-telefon-vizit-ja-eltis-jaoks\\\/#primaryimage\"},\"image\":{\"@id\":\"https:\\\/\\\/fonolukk.eu\\\/et\\\/tooted\\\/ve-9-led-koordinaat-fonoluku-telefon-vizit-ja-eltis-jaoks\\\/#primaryimage\"},\"thumbnailUrl\":\"https:\\\/\\\/fonolukk.eu\\\/wp-content\\\/uploads\\\/2025\\\/04\\\/fonolukk-ve9.png\",\"datePublished\":\"2025-04-24T21:06:27+00:00\",\"dateModified\":\"2026-03-23T07:44:53+00:00\",\"description\":\"BL LED - telefon, mis \u00fchildub selliste fonolukku-s\u00fcsteemidega nagu Vizit, Eltis. Ukselukustuse avamise nupp - ukse avamiseks vajutage. Fonolukk EU\",\"breadcrumb\":{\"@id\":\"https:\\\/\\\/fonolukk.eu\\\/et\\\/tooted\\\/ve-9-led-koordinaat-fonoluku-telefon-vizit-ja-eltis-jaoks\\\/#breadcrumb\"},\"inLanguage\":\"et\",\"potentialAction\":[{\"@type\":\"ReadAction\",\"target\":[\"https:\\\/\\\/fonolukk.eu\\\/et\\\/tooted\\\/ve-9-led-koordinaat-fonoluku-telefon-vizit-ja-eltis-jaoks\\\/\"]}]},{\"@type\":\"ImageObject\",\"inLanguage\":\"et\",\"@id\":\"https:\\\/\\\/fonolukk.eu\\\/et\\\/tooted\\\/ve-9-led-koordinaat-fonoluku-telefon-vizit-ja-eltis-jaoks\\\/#primaryimage\",\"url\":\"https:\\\/\\\/fonolukk.eu\\\/wp-content\\\/uploads\\\/2025\\\/04\\\/fonolukk-ve9.png\",\"contentUrl\":\"https:\\\/\\\/fonolukk.eu\\\/wp-content\\\/uploads\\\/2025\\\/04\\\/fonolukk-ve9.png\",\"width\":761,\"height\":768,\"caption\":\"VE 9\"},{\"@type\":\"BreadcrumbList\",\"@id\":\"https:\\\/\\\/fonolukk.eu\\\/et\\\/tooted\\\/ve-9-led-koordinaat-fonoluku-telefon-vizit-ja-eltis-jaoks\\\/#breadcrumb\",\"itemListElement\":[{\"@type\":\"ListItem\",\"position\":1,\"name\":\"Esileht\",\"item\":\"https:\\\/\\\/fonolukk.eu\\\/et\\\/koduleht\\\/\"},{\"@type\":\"ListItem\",\"position\":2,\"name\":\"Tooted\",\"item\":\"https:\\\/\\\/fonolukk.eu\\\/et\\\/shop-2\\\/\"},{\"@type\":\"ListItem\",\"position\":3,\"name\":\"Uksetelefonid\",\"item\":\"https:\\\/\\\/fonolukk.eu\\\/et\\\/product-category\\\/intercom-torud\\\/\"},{\"@type\":\"ListItem\",\"position\":4,\"name\":\"VE-9 LED &#8211; Koordinaat-fonoluku telefon Vizit ja Eltis jaoks\"}]},{\"@type\":\"WebSite\",\"@id\":\"https:\\\/\\\/fonolukk.eu\\\/et\\\/#website\",\"url\":\"https:\\\/\\\/fonolukk.eu\\\/et\\\/\",\"name\":\"Fonolukk eu\",\"description\":\"Smart Security Systems\",\"publisher\":{\"@id\":\"https:\\\/\\\/fonolukk.eu\\\/et\\\/#organization\"},\"potentialAction\":[{\"@type\":\"SearchAction\",\"target\":{\"@type\":\"EntryPoint\",\"urlTemplate\":\"https:\\\/\\\/fonolukk.eu\\\/et\\\/?s={search_term_string}\"},\"query-input\":{\"@type\":\"PropertyValueSpecification\",\"valueRequired\":true,\"valueName\":\"search_term_string\"}}],\"inLanguage\":\"et\"},{\"@type\":\"Organization\",\"@id\":\"https:\\\/\\\/fonolukk.eu\\\/et\\\/#organization\",\"name\":\"Smart Security OU\",\"url\":\"https:\\\/\\\/fonolukk.eu\\\/et\\\/\",\"logo\":{\"@type\":\"ImageObject\",\"inLanguage\":\"et\",\"@id\":\"https:\\\/\\\/fonolukk.eu\\\/et\\\/#\\\/schema\\\/logo\\\/image\\\/\",\"url\":\"https:\\\/\\\/fonolukk.eu\\\/wp-content\\\/uploads\\\/2023\\\/09\\\/fonolukk.png\",\"contentUrl\":\"https:\\\/\\\/fonolukk.eu\\\/wp-content\\\/uploads\\\/2023\\\/09\\\/fonolukk.png\",\"width\":277,\"height\":274,\"caption\":\"Smart Security OU\"},\"image\":{\"@id\":\"https:\\\/\\\/fonolukk.eu\\\/et\\\/#\\\/schema\\\/logo\\\/image\\\/\"},\"sameAs\":[\"https:\\\/\\\/www.facebook.com\\\/fonolukk\",\"https:\\\/\\\/www.instagram.com\\\/fonolukk\\\/?hl=ru\"],\"publishingPrinciples\":\"https:\\\/\\\/fonolukk.eu\\\/terms-and-conditions\\\/\",\"ownershipFundingInfo\":\"https:\\\/\\\/fonolukk.eu\\\/about-us\\\/\"}]}<\/script>\n<meta property=\"product:brand\" content=\"Eltis\" \/>\n<meta property=\"product:price:amount\" content=\"18.55\" \/>\n<meta property=\"product:price:currency\" content=\"EUR\" \/>\n<meta property=\"og:availability\" content=\"instock\" \/>\n<meta property=\"product:availability\" content=\"instock\" \/>\n<meta property=\"product:retailer_item_id\" content=\"VE-9 LED WHITE\" \/>\n<meta property=\"product:condition\" content=\"new\" \/>\n<!-- \/ Yoast SEO Premium plugin. -->","yoast_head_json":{"title":"VE-9 LED - Koordinaat-fonoluku telefon Vizit ja Eltis jaoks - Fonolukk","description":"BL LED - telefon, mis \u00fchildub selliste fonolukku-s\u00fcsteemidega nagu Vizit, Eltis. Ukselukustuse avamise nupp - ukse avamiseks vajutage. Fonolukk EU","robots":{"index":"index","follow":"follow","max-snippet":"max-snippet:-1","max-image-preview":"max-image-preview:large","max-video-preview":"max-video-preview:-1"},"canonical":"https:\/\/fonolukk.eu\/et\/tooted\/ve-9-led-koordinaat-fonoluku-telefon-vizit-ja-eltis-jaoks\/","og_locale":"et_EE","og_type":"article","og_title":"VE-9 LED - Koordinaat-fonoluku telefon Vizit ja Eltis jaoks","og_description":"VE-9 LED - Koordinaat-fonoluku telefon Vizit ja Eltis jaoks Tehnilised andmed: Toote m\u00f5\u00f5tmed: 199 \u00d7 82 \u00d7 32 mm (ei sisalda toru ja juhtmeid)","og_url":"https:\/\/fonolukk.eu\/et\/tooted\/ve-9-led-koordinaat-fonoluku-telefon-vizit-ja-eltis-jaoks\/","og_site_name":"Fonolukk","article_publisher":"https:\/\/www.facebook.com\/fonolukk","article_modified_time":"2026-03-23T07:44:53+00:00","og_image":[{"width":761,"height":768,"url":"https:\/\/fonolukk.eu\/wp-content\/uploads\/2025\/04\/fonolukk-ve9.png","type":"image\/png"}],"twitter_card":"summary_large_image","twitter_misc":{"Hind":"&euro;18.55 koos KM","Availability":"Laos"},"schema":{"@context":"https:\/\/schema.org","@graph":[{"@type":"WebPage","@id":"https:\/\/fonolukk.eu\/et\/tooted\/ve-9-led-koordinaat-fonoluku-telefon-vizit-ja-eltis-jaoks\/","url":"https:\/\/fonolukk.eu\/et\/tooted\/ve-9-led-koordinaat-fonoluku-telefon-vizit-ja-eltis-jaoks\/","name":"VE-9 LED - Koordinaat-fonoluku telefon Vizit ja Eltis jaoks - Fonolukk","isPartOf":{"@id":"https:\/\/fonolukk.eu\/et\/#website"},"primaryImageOfPage":{"@id":"https:\/\/fonolukk.eu\/et\/tooted\/ve-9-led-koordinaat-fonoluku-telefon-vizit-ja-eltis-jaoks\/#primaryimage"},"image":{"@id":"https:\/\/fonolukk.eu\/et\/tooted\/ve-9-led-koordinaat-fonoluku-telefon-vizit-ja-eltis-jaoks\/#primaryimage"},"thumbnailUrl":"https:\/\/fonolukk.eu\/wp-content\/uploads\/2025\/04\/fonolukk-ve9.png","datePublished":"2025-04-24T21:06:27+00:00","dateModified":"2026-03-23T07:44:53+00:00","description":"BL LED - telefon, mis \u00fchildub selliste fonolukku-s\u00fcsteemidega nagu Vizit, Eltis. Ukselukustuse avamise nupp - ukse avamiseks vajutage. Fonolukk EU","breadcrumb":{"@id":"https:\/\/fonolukk.eu\/et\/tooted\/ve-9-led-koordinaat-fonoluku-telefon-vizit-ja-eltis-jaoks\/#breadcrumb"},"inLanguage":"et","potentialAction":[{"@type":"ReadAction","target":["https:\/\/fonolukk.eu\/et\/tooted\/ve-9-led-koordinaat-fonoluku-telefon-vizit-ja-eltis-jaoks\/"]}]},{"@type":"ImageObject","inLanguage":"et","@id":"https:\/\/fonolukk.eu\/et\/tooted\/ve-9-led-koordinaat-fonoluku-telefon-vizit-ja-eltis-jaoks\/#primaryimage","url":"https:\/\/fonolukk.eu\/wp-content\/uploads\/2025\/04\/fonolukk-ve9.png","contentUrl":"https:\/\/fonolukk.eu\/wp-content\/uploads\/2025\/04\/fonolukk-ve9.png","width":761,"height":768,"caption":"VE 9"},{"@type":"BreadcrumbList","@id":"https:\/\/fonolukk.eu\/et\/tooted\/ve-9-led-koordinaat-fonoluku-telefon-vizit-ja-eltis-jaoks\/#breadcrumb","itemListElement":[{"@type":"ListItem","position":1,"name":"Esileht","item":"https:\/\/fonolukk.eu\/et\/koduleht\/"},{"@type":"ListItem","position":2,"name":"Tooted","item":"https:\/\/fonolukk.eu\/et\/shop-2\/"},{"@type":"ListItem","position":3,"name":"Uksetelefonid","item":"https:\/\/fonolukk.eu\/et\/product-category\/intercom-torud\/"},{"@type":"ListItem","position":4,"name":"VE-9 LED &#8211; Koordinaat-fonoluku telefon Vizit ja Eltis jaoks"}]},{"@type":"WebSite","@id":"https:\/\/fonolukk.eu\/et\/#website","url":"https:\/\/fonolukk.eu\/et\/","name":"Fonolukk eu","description":"Smart Security Systems","publisher":{"@id":"https:\/\/fonolukk.eu\/et\/#organization"},"potentialAction":[{"@type":"SearchAction","target":{"@type":"EntryPoint","urlTemplate":"https:\/\/fonolukk.eu\/et\/?s={search_term_string}"},"query-input":{"@type":"PropertyValueSpecification","valueRequired":true,"valueName":"search_term_string"}}],"inLanguage":"et"},{"@type":"Organization","@id":"https:\/\/fonolukk.eu\/et\/#organization","name":"Smart Security OU","url":"https:\/\/fonolukk.eu\/et\/","logo":{"@type":"ImageObject","inLanguage":"et","@id":"https:\/\/fonolukk.eu\/et\/#\/schema\/logo\/image\/","url":"https:\/\/fonolukk.eu\/wp-content\/uploads\/2023\/09\/fonolukk.png","contentUrl":"https:\/\/fonolukk.eu\/wp-content\/uploads\/2023\/09\/fonolukk.png","width":277,"height":274,"caption":"Smart Security OU"},"image":{"@id":"https:\/\/fonolukk.eu\/et\/#\/schema\/logo\/image\/"},"sameAs":["https:\/\/www.facebook.com\/fonolukk","https:\/\/www.instagram.com\/fonolukk\/?hl=ru"],"publishingPrinciples":"https:\/\/fonolukk.eu\/terms-and-conditions\/","ownershipFundingInfo":"https:\/\/fonolukk.eu\/about-us\/"}]},"product_brand":"Eltis","product_price_amount":"18.55","product_price_currency":"EUR","og_availability":"instock","product_availability":"instock","product_retailer_item_id":"VE-9 LED WHITE","product_condition":"new"},"_links":{"self":[{"href":"https:\/\/fonolukk.eu\/et\/wp-json\/wp\/v2\/product\/20275","targetHints":{"allow":["GET"]}}],"collection":[{"href":"https:\/\/fonolukk.eu\/et\/wp-json\/wp\/v2\/product"}],"about":[{"href":"https:\/\/fonolukk.eu\/et\/wp-json\/wp\/v2\/types\/product"}],"version-history":[{"count":6,"href":"https:\/\/fonolukk.eu\/et\/wp-json\/wp\/v2\/product\/20275\/revisions"}],"predecessor-version":[{"id":22360,"href":"https:\/\/fonolukk.eu\/et\/wp-json\/wp\/v2\/product\/20275\/revisions\/22360"}],"wp:featuredmedia":[{"embeddable":true,"href":"https:\/\/fonolukk.eu\/et\/wp-json\/wp\/v2\/media\/20278"}],"wp:attachment":[{"href":"https:\/\/fonolukk.eu\/et\/wp-json\/wp\/v2\/media?parent=20275"}],"wp:term":[{"taxonomy":"product_brand","embeddable":true,"href":"https:\/\/fonolukk.eu\/et\/wp-json\/wp\/v2\/product_brand?post=20275"},{"taxonomy":"product_cat","embeddable":true,"href":"https:\/\/fonolukk.eu\/et\/wp-json\/wp\/v2\/product_cat?post=20275"},{"taxonomy":"product_tag","embeddable":true,"href":"https:\/\/fonolukk.eu\/et\/wp-json\/wp\/v2\/product_tag?post=20275"}],"curies":[{"name":"wp","href":"https:\/\/api.w.org\/{rel}","templated":true}]}}