{"id":20706,"date":"2025-06-17T22:58:20","date_gmt":"2025-06-17T19:58:21","guid":{"rendered":"https:\/\/fonolukk.eu\/?post_type=product&#038;p=20706"},"modified":"2025-06-17T23:44:28","modified_gmt":"2025-06-17T20:44:28","slug":"digitaalne-fonolukk-up940","status":"publish","type":"product","link":"https:\/\/fonolukk.eu\/et\/tooted\/digitaalne-fonolukk-up940\/","title":{"rendered":"Digitaalne fonolukk UP940"},"content":{"rendered":"<p data-start=\"44\" data-end=\"62\"><strong data-start=\"44\" data-end=\"54\">Indeks<\/strong><br data-start=\"54\" data-end=\"57\" \/>UP940<\/p>\n<p data-start=\"64\" data-end=\"129\"><strong data-start=\"64\" data-end=\"77\">Kirjeldus<\/strong><br data-start=\"77\" data-end=\"80\" \/>Digitaalne siseinterkom magnetilise toruhoidikuga<\/p>\n<p data-start=\"131\" data-end=\"155\"><strong data-start=\"131\" data-end=\"141\">Korpus<\/strong><br data-start=\"141\" data-end=\"144\" \/>ABS-plastik<\/p>\n<p data-start=\"157\" data-end=\"187\"><strong data-start=\"157\" data-end=\"179\">Saadaolevad v\u00e4rvid<\/strong><br data-start=\"179\" data-end=\"182\" \/>Valge<\/p>\n<p data-start=\"189\" data-end=\"219\"><strong data-start=\"189\" data-end=\"205\">Torule panek<\/strong><br data-start=\"205\" data-end=\"208\" \/>Magnetiline<\/p>\n<p data-start=\"221\" data-end=\"264\"><strong data-start=\"221\" data-end=\"240\">Paigaldusmeetod<\/strong><br data-start=\"240\" data-end=\"243\" \/>Pinnapealne paigaldus<\/p>\n<p data-start=\"266\" data-end=\"298\"><strong data-start=\"266\" data-end=\"282\">M\u00f5\u00f5tmed (mm)<\/strong><br data-start=\"282\" data-end=\"285\" \/>201 \u00d7 80 \u00d7 45<\/p>\n<p data-start=\"300\" data-end=\"350\"><strong data-start=\"300\" data-end=\"317\">Paigaldust\u00fc\u00fcp<\/strong><br data-start=\"317\" data-end=\"320\" \/>Digitaalne \u2013 2-juhtmeline buss<\/p>\n<p data-start=\"352\" data-end=\"366\"><strong data-start=\"352\" data-end=\"364\">Sisendid<\/strong><\/p>\n<ul data-start=\"367\" data-end=\"424\">\n<li data-start=\"367\" data-end=\"384\">\n<p data-start=\"369\" data-end=\"384\">1 \u00d7 RJ45 pesa<\/p>\n<\/li>\n<li data-start=\"385\" data-end=\"424\">\n<p data-start=\"387\" data-end=\"424\">Isekinnituvad klemmid: Line +, Line \u2013<\/p>\n<\/li>\n<\/ul>\n<p data-start=\"426\" data-end=\"462\"><strong data-start=\"426\" data-end=\"460\">V\u00e4ljundid (3 funktsiooninuppu)<\/strong><\/p>\n<ul data-start=\"463\" data-end=\"551\">\n<li data-start=\"463\" data-end=\"490\">\n<p data-start=\"465\" data-end=\"490\">1 \u00d7 s\u00fcsteemibussi kaudu<\/p>\n<\/li>\n<li data-start=\"491\" data-end=\"551\">\n<p data-start=\"493\" data-end=\"551\">2 \u00d7 potentsiaalivabad (NO) kontaktid, s\u00fcsteemist eraldatud<\/p>\n<\/li>\n<\/ul>\n<p data-start=\"553\" data-end=\"567\"><strong data-start=\"553\" data-end=\"565\">Omadused<\/strong><\/p>\n<ul data-start=\"568\" data-end=\"854\" data-is-last-node=\"\" data-is-only-node=\"\">\n<li data-start=\"568\" data-end=\"594\">\n<p data-start=\"570\" data-end=\"594\">Magnetiline toruhoidik<\/p>\n<\/li>\n<li data-start=\"595\" data-end=\"619\">\n<p data-start=\"597\" data-end=\"619\">1 nupp: ukse avamine<\/p>\n<\/li>\n<li data-start=\"620\" data-end=\"662\">\n<p data-start=\"622\" data-end=\"662\">Kuni 3 nuppu v\u00e4lisseadmete juhtimiseks<\/p>\n<\/li>\n<li data-start=\"663\" data-end=\"708\">\n<p data-start=\"665\" data-end=\"708\">3-astmeline helina tugevuse reguleerimine<\/p>\n<\/li>\n<li data-start=\"709\" data-end=\"775\">\n<p data-start=\"711\" data-end=\"775\">Hold-funktsioon \u2013 v\u00f5imaldab toru panna ilma k\u00f5net katkestamata<\/p>\n<\/li>\n<li data-start=\"776\" data-end=\"854\" data-is-last-node=\"\">\n<p data-start=\"778\" data-end=\"854\" data-is-last-node=\"\">\u00dchildub k\u00f5ikide CDNP, Inspiro ja Familio P\/PV seeria digitaalsete seadmetega.<\/p>\n<\/li>\n<\/ul>\n","protected":false},"excerpt":{"rendered":"<p><span>K\u00e4sipult magnetilise riputusnupuga, \u00fche avamisnupu ja kolme funktsiooninupuga.<\/span><br \/>\n<span>ACO vastuv\u00f5tjad on kvaliteetsetest materjalidest valmistatud tugevad seadmed, funktsionaalsed ja h\u00f5lpsasti kasutatavad. Minimalistlik vorm v\u00f5imaldab seadmeid mitmek\u00fclgselt kasutada erinevat t\u00fc\u00fcpi investeeringutes.<\/span><\/p>\n","protected":false},"featured_media":20715,"template":"","meta":[],"product_brand":[],"product_cat":[385,780],"product_tag":[1253],"class_list":{"0":"post-20706","1":"product","2":"type-product","3":"status-publish","4":"has-post-thumbnail","6":"product_cat-intercom-torud","7":"product_cat-aco-et","8":"product_tag-intercom-et","10":"first","11":"instock","12":"taxable","13":"shipping-taxable","14":"product-type-simple"},"yoast_head":"<!-- This site is optimized with the Yoast SEO Premium plugin v27.3 (Yoast SEO v27.3) - https:\/\/yoast.com\/product\/yoast-seo-premium-wordpress\/ -->\n<title>Digitaalne fonolukk UP940 - Fonolukk<\/title>\n<meta name=\"description\" content=\"UP940 - magnetilise k\u00e4epidemega telefonitoru, \u00fcks avamisnupp ja kolm funktsiooninuppu.\" \/>\n<meta name=\"robots\" content=\"index, follow, max-snippet:-1, max-image-preview:large, max-video-preview:-1\" \/>\n<link rel=\"canonical\" href=\"https:\/\/fonolukk.eu\/et\/tooted\/digitaalne-fonolukk-up940\/\" \/>\n<meta property=\"og:locale\" content=\"et_EE\" \/>\n<meta property=\"og:type\" content=\"article\" \/>\n<meta property=\"og:title\" content=\"Digitaalne fonolukk UP940\" \/>\n<meta property=\"og:description\" content=\"K\u00e4sipult magnetilise riputusnupuga, \u00fche avamisnupu ja kolme funktsiooninupuga. ACO vastuv\u00f5tjad on kvaliteetsetest materjalidest valmistatud tugevad seadmed, funktsionaalsed ja h\u00f5lpsasti kasutatavad. Minimalistlik vorm v\u00f5imaldab seadmeid mitmek\u00fclgselt kasutada erinevat t\u00fc\u00fcpi investeeringutes.\" \/>\n<meta property=\"og:url\" content=\"https:\/\/fonolukk.eu\/et\/tooted\/digitaalne-fonolukk-up940\/\" \/>\n<meta property=\"og:site_name\" content=\"Fonolukk\" \/>\n<meta property=\"article:publisher\" content=\"https:\/\/www.facebook.com\/fonolukk\" \/>\n<meta property=\"article:modified_time\" content=\"2025-06-17T20:44:28+00:00\" \/>\n<meta property=\"og:image\" content=\"https:\/\/fonolukk.eu\/wp-content\/uploads\/2025\/06\/up940-fonolukk.webp\" \/>\n\t<meta property=\"og:image:width\" content=\"1000\" \/>\n\t<meta property=\"og:image:height\" content=\"1000\" \/>\n\t<meta property=\"og:image:type\" content=\"image\/webp\" \/>\n<meta name=\"twitter:card\" content=\"summary_large_image\" \/>\n<meta name=\"twitter:label1\" content=\"Hind\" \/>\n\t<meta name=\"twitter:data1\" content=\"\" \/>\n\t<meta name=\"twitter:label2\" content=\"Availability\" \/>\n\t<meta name=\"twitter:data2\" content=\"Laos\" \/>\n<script type=\"application\/ld+json\" class=\"yoast-schema-graph\">{\"@context\":\"https:\\\/\\\/schema.org\",\"@graph\":[{\"@type\":\"WebPage\",\"@id\":\"https:\\\/\\\/fonolukk.eu\\\/et\\\/tooted\\\/digitaalne-fonolukk-up940\\\/\",\"url\":\"https:\\\/\\\/fonolukk.eu\\\/et\\\/tooted\\\/digitaalne-fonolukk-up940\\\/\",\"name\":\"Digitaalne fonolukk UP940 - Fonolukk\",\"isPartOf\":{\"@id\":\"https:\\\/\\\/fonolukk.eu\\\/et\\\/#website\"},\"primaryImageOfPage\":{\"@id\":\"https:\\\/\\\/fonolukk.eu\\\/et\\\/tooted\\\/digitaalne-fonolukk-up940\\\/#primaryimage\"},\"image\":{\"@id\":\"https:\\\/\\\/fonolukk.eu\\\/et\\\/tooted\\\/digitaalne-fonolukk-up940\\\/#primaryimage\"},\"thumbnailUrl\":\"https:\\\/\\\/fonolukk.eu\\\/wp-content\\\/uploads\\\/2025\\\/06\\\/up940-fonolukk.webp\",\"datePublished\":\"2025-06-17T19:58:21+00:00\",\"dateModified\":\"2025-06-17T20:44:28+00:00\",\"description\":\"UP940 - magnetilise k\u00e4epidemega telefonitoru, \u00fcks avamisnupp ja kolm funktsiooninuppu.\",\"breadcrumb\":{\"@id\":\"https:\\\/\\\/fonolukk.eu\\\/et\\\/tooted\\\/digitaalne-fonolukk-up940\\\/#breadcrumb\"},\"inLanguage\":\"et\",\"potentialAction\":[{\"@type\":\"ReadAction\",\"target\":[\"https:\\\/\\\/fonolukk.eu\\\/et\\\/tooted\\\/digitaalne-fonolukk-up940\\\/\"]}]},{\"@type\":\"ImageObject\",\"inLanguage\":\"et\",\"@id\":\"https:\\\/\\\/fonolukk.eu\\\/et\\\/tooted\\\/digitaalne-fonolukk-up940\\\/#primaryimage\",\"url\":\"https:\\\/\\\/fonolukk.eu\\\/wp-content\\\/uploads\\\/2025\\\/06\\\/up940-fonolukk.webp\",\"contentUrl\":\"https:\\\/\\\/fonolukk.eu\\\/wp-content\\\/uploads\\\/2025\\\/06\\\/up940-fonolukk.webp\",\"width\":1000,\"height\":1000,\"caption\":\"UP940\"},{\"@type\":\"BreadcrumbList\",\"@id\":\"https:\\\/\\\/fonolukk.eu\\\/et\\\/tooted\\\/digitaalne-fonolukk-up940\\\/#breadcrumb\",\"itemListElement\":[{\"@type\":\"ListItem\",\"position\":1,\"name\":\"Esileht\",\"item\":\"https:\\\/\\\/fonolukk.eu\\\/et\\\/koduleht\\\/\"},{\"@type\":\"ListItem\",\"position\":2,\"name\":\"Tooted\",\"item\":\"https:\\\/\\\/fonolukk.eu\\\/et\\\/shop-2\\\/\"},{\"@type\":\"ListItem\",\"position\":3,\"name\":\"Uksetelefonid\",\"item\":\"https:\\\/\\\/fonolukk.eu\\\/et\\\/product-category\\\/intercom-torud\\\/\"},{\"@type\":\"ListItem\",\"position\":4,\"name\":\"Digitaalne fonolukk UP940\"}]},{\"@type\":\"WebSite\",\"@id\":\"https:\\\/\\\/fonolukk.eu\\\/et\\\/#website\",\"url\":\"https:\\\/\\\/fonolukk.eu\\\/et\\\/\",\"name\":\"Fonolukk eu\",\"description\":\"Smart Security Systems\",\"publisher\":{\"@id\":\"https:\\\/\\\/fonolukk.eu\\\/et\\\/#organization\"},\"potentialAction\":[{\"@type\":\"SearchAction\",\"target\":{\"@type\":\"EntryPoint\",\"urlTemplate\":\"https:\\\/\\\/fonolukk.eu\\\/et\\\/?s={search_term_string}\"},\"query-input\":{\"@type\":\"PropertyValueSpecification\",\"valueRequired\":true,\"valueName\":\"search_term_string\"}}],\"inLanguage\":\"et\"},{\"@type\":\"Organization\",\"@id\":\"https:\\\/\\\/fonolukk.eu\\\/et\\\/#organization\",\"name\":\"Smart Security OU\",\"url\":\"https:\\\/\\\/fonolukk.eu\\\/et\\\/\",\"logo\":{\"@type\":\"ImageObject\",\"inLanguage\":\"et\",\"@id\":\"https:\\\/\\\/fonolukk.eu\\\/et\\\/#\\\/schema\\\/logo\\\/image\\\/\",\"url\":\"https:\\\/\\\/fonolukk.eu\\\/wp-content\\\/uploads\\\/2023\\\/09\\\/fonolukk.png\",\"contentUrl\":\"https:\\\/\\\/fonolukk.eu\\\/wp-content\\\/uploads\\\/2023\\\/09\\\/fonolukk.png\",\"width\":277,\"height\":274,\"caption\":\"Smart Security OU\"},\"image\":{\"@id\":\"https:\\\/\\\/fonolukk.eu\\\/et\\\/#\\\/schema\\\/logo\\\/image\\\/\"},\"sameAs\":[\"https:\\\/\\\/www.facebook.com\\\/fonolukk\",\"https:\\\/\\\/www.instagram.com\\\/fonolukk\\\/?hl=ru\"],\"publishingPrinciples\":\"https:\\\/\\\/fonolukk.eu\\\/terms-and-conditions\\\/\",\"ownershipFundingInfo\":\"https:\\\/\\\/fonolukk.eu\\\/about-us\\\/\"}]}<\/script>\n<meta property=\"product:price:amount\" content=\"0.00\" \/>\n<meta property=\"product:price:currency\" content=\"EUR\" \/>\n<meta property=\"og:availability\" content=\"instock\" \/>\n<meta property=\"product:availability\" content=\"instock\" \/>\n<meta property=\"product:retailer_item_id\" content=\"UP940\" \/>\n<meta property=\"product:condition\" content=\"new\" \/>\n<!-- \/ Yoast SEO Premium plugin. -->","yoast_head_json":{"title":"Digitaalne fonolukk UP940 - Fonolukk","description":"UP940 - magnetilise k\u00e4epidemega telefonitoru, \u00fcks avamisnupp ja kolm funktsiooninuppu.","robots":{"index":"index","follow":"follow","max-snippet":"max-snippet:-1","max-image-preview":"max-image-preview:large","max-video-preview":"max-video-preview:-1"},"canonical":"https:\/\/fonolukk.eu\/et\/tooted\/digitaalne-fonolukk-up940\/","og_locale":"et_EE","og_type":"article","og_title":"Digitaalne fonolukk UP940","og_description":"K\u00e4sipult magnetilise riputusnupuga, \u00fche avamisnupu ja kolme funktsiooninupuga. ACO vastuv\u00f5tjad on kvaliteetsetest materjalidest valmistatud tugevad seadmed, funktsionaalsed ja h\u00f5lpsasti kasutatavad. Minimalistlik vorm v\u00f5imaldab seadmeid mitmek\u00fclgselt kasutada erinevat t\u00fc\u00fcpi investeeringutes.","og_url":"https:\/\/fonolukk.eu\/et\/tooted\/digitaalne-fonolukk-up940\/","og_site_name":"Fonolukk","article_publisher":"https:\/\/www.facebook.com\/fonolukk","article_modified_time":"2025-06-17T20:44:28+00:00","og_image":[{"width":1000,"height":1000,"url":"https:\/\/fonolukk.eu\/wp-content\/uploads\/2025\/06\/up940-fonolukk.webp","type":"image\/webp"}],"twitter_card":"summary_large_image","twitter_misc":{"Hind":"","Availability":"Laos"},"schema":{"@context":"https:\/\/schema.org","@graph":[{"@type":"WebPage","@id":"https:\/\/fonolukk.eu\/et\/tooted\/digitaalne-fonolukk-up940\/","url":"https:\/\/fonolukk.eu\/et\/tooted\/digitaalne-fonolukk-up940\/","name":"Digitaalne fonolukk UP940 - Fonolukk","isPartOf":{"@id":"https:\/\/fonolukk.eu\/et\/#website"},"primaryImageOfPage":{"@id":"https:\/\/fonolukk.eu\/et\/tooted\/digitaalne-fonolukk-up940\/#primaryimage"},"image":{"@id":"https:\/\/fonolukk.eu\/et\/tooted\/digitaalne-fonolukk-up940\/#primaryimage"},"thumbnailUrl":"https:\/\/fonolukk.eu\/wp-content\/uploads\/2025\/06\/up940-fonolukk.webp","datePublished":"2025-06-17T19:58:21+00:00","dateModified":"2025-06-17T20:44:28+00:00","description":"UP940 - magnetilise k\u00e4epidemega telefonitoru, \u00fcks avamisnupp ja kolm funktsiooninuppu.","breadcrumb":{"@id":"https:\/\/fonolukk.eu\/et\/tooted\/digitaalne-fonolukk-up940\/#breadcrumb"},"inLanguage":"et","potentialAction":[{"@type":"ReadAction","target":["https:\/\/fonolukk.eu\/et\/tooted\/digitaalne-fonolukk-up940\/"]}]},{"@type":"ImageObject","inLanguage":"et","@id":"https:\/\/fonolukk.eu\/et\/tooted\/digitaalne-fonolukk-up940\/#primaryimage","url":"https:\/\/fonolukk.eu\/wp-content\/uploads\/2025\/06\/up940-fonolukk.webp","contentUrl":"https:\/\/fonolukk.eu\/wp-content\/uploads\/2025\/06\/up940-fonolukk.webp","width":1000,"height":1000,"caption":"UP940"},{"@type":"BreadcrumbList","@id":"https:\/\/fonolukk.eu\/et\/tooted\/digitaalne-fonolukk-up940\/#breadcrumb","itemListElement":[{"@type":"ListItem","position":1,"name":"Esileht","item":"https:\/\/fonolukk.eu\/et\/koduleht\/"},{"@type":"ListItem","position":2,"name":"Tooted","item":"https:\/\/fonolukk.eu\/et\/shop-2\/"},{"@type":"ListItem","position":3,"name":"Uksetelefonid","item":"https:\/\/fonolukk.eu\/et\/product-category\/intercom-torud\/"},{"@type":"ListItem","position":4,"name":"Digitaalne fonolukk UP940"}]},{"@type":"WebSite","@id":"https:\/\/fonolukk.eu\/et\/#website","url":"https:\/\/fonolukk.eu\/et\/","name":"Fonolukk eu","description":"Smart Security Systems","publisher":{"@id":"https:\/\/fonolukk.eu\/et\/#organization"},"potentialAction":[{"@type":"SearchAction","target":{"@type":"EntryPoint","urlTemplate":"https:\/\/fonolukk.eu\/et\/?s={search_term_string}"},"query-input":{"@type":"PropertyValueSpecification","valueRequired":true,"valueName":"search_term_string"}}],"inLanguage":"et"},{"@type":"Organization","@id":"https:\/\/fonolukk.eu\/et\/#organization","name":"Smart Security OU","url":"https:\/\/fonolukk.eu\/et\/","logo":{"@type":"ImageObject","inLanguage":"et","@id":"https:\/\/fonolukk.eu\/et\/#\/schema\/logo\/image\/","url":"https:\/\/fonolukk.eu\/wp-content\/uploads\/2023\/09\/fonolukk.png","contentUrl":"https:\/\/fonolukk.eu\/wp-content\/uploads\/2023\/09\/fonolukk.png","width":277,"height":274,"caption":"Smart Security OU"},"image":{"@id":"https:\/\/fonolukk.eu\/et\/#\/schema\/logo\/image\/"},"sameAs":["https:\/\/www.facebook.com\/fonolukk","https:\/\/www.instagram.com\/fonolukk\/?hl=ru"],"publishingPrinciples":"https:\/\/fonolukk.eu\/terms-and-conditions\/","ownershipFundingInfo":"https:\/\/fonolukk.eu\/about-us\/"}]},"product_price_amount":"0.00","product_price_currency":"EUR","og_availability":"instock","product_availability":"instock","product_retailer_item_id":"UP940","product_condition":"new"},"_links":{"self":[{"href":"https:\/\/fonolukk.eu\/et\/wp-json\/wp\/v2\/product\/20706","targetHints":{"allow":["GET"]}}],"collection":[{"href":"https:\/\/fonolukk.eu\/et\/wp-json\/wp\/v2\/product"}],"about":[{"href":"https:\/\/fonolukk.eu\/et\/wp-json\/wp\/v2\/types\/product"}],"version-history":[{"count":1,"href":"https:\/\/fonolukk.eu\/et\/wp-json\/wp\/v2\/product\/20706\/revisions"}],"predecessor-version":[{"id":20718,"href":"https:\/\/fonolukk.eu\/et\/wp-json\/wp\/v2\/product\/20706\/revisions\/20718"}],"wp:featuredmedia":[{"embeddable":true,"href":"https:\/\/fonolukk.eu\/et\/wp-json\/wp\/v2\/media\/20715"}],"wp:attachment":[{"href":"https:\/\/fonolukk.eu\/et\/wp-json\/wp\/v2\/media?parent=20706"}],"wp:term":[{"taxonomy":"product_brand","embeddable":true,"href":"https:\/\/fonolukk.eu\/et\/wp-json\/wp\/v2\/product_brand?post=20706"},{"taxonomy":"product_cat","embeddable":true,"href":"https:\/\/fonolukk.eu\/et\/wp-json\/wp\/v2\/product_cat?post=20706"},{"taxonomy":"product_tag","embeddable":true,"href":"https:\/\/fonolukk.eu\/et\/wp-json\/wp\/v2\/product_tag?post=20706"}],"curies":[{"name":"wp","href":"https:\/\/api.w.org\/{rel}","templated":true}]}}