{"id":20721,"date":"2025-06-18T00:21:07","date_gmt":"2025-06-17T21:21:07","guid":{"rendered":"https:\/\/fonolukk.eu\/?post_type=product&#038;p=20721"},"modified":"2025-06-26T10:02:44","modified_gmt":"2025-06-26T07:02:44","slug":"digitaalne-fonolukk-up910","status":"publish","type":"product","link":"https:\/\/fonolukk.eu\/et\/tooted\/digitaalne-fonolukk-up910\/","title":{"rendered":"Digitaalne fonolukk UP910"},"content":{"rendered":"<p data-start=\"37\" data-end=\"55\"><strong data-start=\"37\" data-end=\"47\">Indeks<\/strong><br data-start=\"47\" data-end=\"50\" \/>UP910<\/p>\n<p data-start=\"57\" data-end=\"130\"><strong data-start=\"57\" data-end=\"70\">Kirjeldus<\/strong><br data-start=\"70\" data-end=\"73\" \/>Digitaalne intercom magnetilise telefonitoru riputamisega<\/p>\n<p data-start=\"132\" data-end=\"166\"><strong data-start=\"132\" data-end=\"144\">T\u00e4itmine<\/strong><br data-start=\"144\" data-end=\"147\" \/>ABS-plastist korpus<\/p>\n<p data-start=\"168\" data-end=\"202\"><strong data-start=\"168\" data-end=\"194\">Saadaval olevad v\u00e4rvid<\/strong><br data-start=\"194\" data-end=\"197\" \/>Valge<\/p>\n<p data-start=\"204\" data-end=\"243\"><strong data-start=\"204\" data-end=\"229\">Telefoni \u00e4ra panemine<\/strong><br data-start=\"229\" data-end=\"232\" \/>Magnetiline<\/p>\n<p data-start=\"245\" data-end=\"286\"><strong data-start=\"245\" data-end=\"264\">Paigaldusmeetod<\/strong><br data-start=\"264\" data-end=\"267\" \/>Pinnale paigaldatav<\/p>\n<p data-start=\"288\" data-end=\"320\"><strong data-start=\"288\" data-end=\"304\">M\u00f5\u00f5tmed (mm)<\/strong><br data-start=\"304\" data-end=\"307\" \/>201 \u00d7 80 \u00d7 45<\/p>\n<p data-start=\"322\" data-end=\"363\"><strong data-start=\"322\" data-end=\"341\">Paigalduse t\u00fc\u00fcp<\/strong><br data-start=\"341\" data-end=\"344\" \/>Digitaalne: 2 juhet<\/p>\n<p data-start=\"365\" data-end=\"382\"><strong data-start=\"365\" data-end=\"380\">Sissep\u00e4\u00e4sud<\/strong><\/p>\n<ul data-start=\"383\" data-end=\"441\">\n<li data-start=\"383\" data-end=\"400\">\n<p data-start=\"385\" data-end=\"400\">1 \u00d7 RJ45 pesa<\/p>\n<\/li>\n<li data-start=\"401\" data-end=\"441\">\n<p data-start=\"403\" data-end=\"441\">Isekinnituvad pistikud: Liin +, Liin \u2013<\/p>\n<\/li>\n<\/ul>\n<p data-start=\"443\" data-end=\"462\"><strong data-start=\"443\" data-end=\"458\">V\u00e4ljap\u00e4\u00e4sud<\/strong><br data-start=\"458\" data-end=\"461\" \/>\u2013<\/p>\n<p data-start=\"464\" data-end=\"478\"><strong data-start=\"464\" data-end=\"476\">Omadused<\/strong><\/p>\n<ul data-start=\"479\" data-end=\"771\" data-is-last-node=\"\" data-is-only-node=\"\">\n<li data-start=\"479\" data-end=\"528\">\n<p data-start=\"481\" data-end=\"528\">Magnetiline telefonitoru riputamise mehhanism<\/p>\n<\/li>\n<li data-start=\"529\" data-end=\"553\">\n<p data-start=\"531\" data-end=\"553\">1 nupp: ukse avamine<\/p>\n<\/li>\n<li data-start=\"554\" data-end=\"599\">\n<p data-start=\"556\" data-end=\"599\">3-astmeline helina tugevuse reguleerimine<\/p>\n<\/li>\n<li data-start=\"600\" data-end=\"681\">\n<p data-start=\"602\" data-end=\"681\">Ootele panemise funktsioon \u2013 v\u00f5imaldab toru \u00e4ra panna ilma k\u00f5net katkestamata<\/p>\n<\/li>\n<li data-start=\"682\" data-end=\"771\" data-is-last-node=\"\">\n<p data-start=\"684\" data-end=\"771\" data-is-last-node=\"\">\u00dchildub k\u00f5igi j\u00e4rgmiste gruppide digitaalsete seadmetega: CDNP, Inspiro ja Familio P\/PV<\/p>\n<\/li>\n<\/ul>\n","protected":false},"excerpt":{"rendered":"<p>K\u00e4eshoitav telefons\u00fcsteem magnetilise toru ja \u00fche nupuga.<br \/>\nACO vastuv\u00f5tjad on vastupidavad seadmed, mis on valmistatud kvaliteetsetest materjalidest, funktsionaalsed ja lihtsad kasutada. Nende minimalistlik disain v\u00f5imaldab mitmek\u00fclgset kasutamist erinevat t\u00fc\u00fcpi investeeringutes.<\/p>\n","protected":false},"featured_media":20715,"template":"","meta":[],"product_brand":[],"product_cat":[1693,385,780],"product_tag":[1253],"class_list":{"0":"post-20721","1":"product","2":"type-product","3":"status-publish","4":"has-post-thumbnail","6":"product_cat-aco-et-2","7":"product_cat-intercom-torud","8":"product_cat-aco-et","9":"product_tag-intercom-et","11":"first","12":"instock","13":"taxable","14":"shipping-taxable","15":"purchasable","16":"product-type-simple"},"yoast_head":"<!-- This site is optimized with the Yoast SEO Premium plugin v27.3 (Yoast SEO v27.3) - https:\/\/yoast.com\/product\/yoast-seo-premium-wordpress\/ -->\n<title>Digitaalne fonolukk UP910 - Fonolukk<\/title>\n<meta name=\"description\" content=\"UP910 \u2013 magnetilise toru riputamisega telefonitoru, \u00fche avamisnupuga ja kolme funktsiooninupuga.\" \/>\n<meta name=\"robots\" content=\"index, follow, max-snippet:-1, max-image-preview:large, max-video-preview:-1\" \/>\n<link rel=\"canonical\" href=\"https:\/\/fonolukk.eu\/et\/tooted\/digitaalne-fonolukk-up910\/\" \/>\n<meta property=\"og:locale\" content=\"et_EE\" \/>\n<meta property=\"og:type\" content=\"article\" \/>\n<meta property=\"og:title\" content=\"Digitaalne fonolukk UP910\" \/>\n<meta property=\"og:description\" content=\"K\u00e4eshoitav telefons\u00fcsteem magnetilise toru ja \u00fche nupuga. ACO vastuv\u00f5tjad on vastupidavad seadmed, mis on valmistatud kvaliteetsetest materjalidest, funktsionaalsed ja lihtsad kasutada. Nende minimalistlik disain v\u00f5imaldab mitmek\u00fclgset kasutamist erinevat t\u00fc\u00fcpi investeeringutes.\" \/>\n<meta property=\"og:url\" content=\"https:\/\/fonolukk.eu\/et\/tooted\/digitaalne-fonolukk-up910\/\" \/>\n<meta property=\"og:site_name\" content=\"Fonolukk\" \/>\n<meta property=\"article:publisher\" content=\"https:\/\/www.facebook.com\/fonolukk\" \/>\n<meta property=\"article:modified_time\" content=\"2025-06-26T07:02:44+00:00\" \/>\n<meta property=\"og:image\" content=\"https:\/\/fonolukk.eu\/wp-content\/uploads\/2025\/06\/up940-fonolukk.webp\" \/>\n\t<meta property=\"og:image:width\" content=\"1000\" \/>\n\t<meta property=\"og:image:height\" content=\"1000\" \/>\n\t<meta property=\"og:image:type\" content=\"image\/webp\" \/>\n<meta name=\"twitter:card\" content=\"summary_large_image\" \/>\n<meta name=\"twitter:label1\" content=\"Hind\" \/>\n\t<meta name=\"twitter:data1\" content=\"&euro;23.77 koos KM\" \/>\n\t<meta name=\"twitter:label2\" content=\"Availability\" \/>\n\t<meta name=\"twitter:data2\" content=\"Laos\" \/>\n<script type=\"application\/ld+json\" class=\"yoast-schema-graph\">{\"@context\":\"https:\\\/\\\/schema.org\",\"@graph\":[{\"@type\":\"WebPage\",\"@id\":\"https:\\\/\\\/fonolukk.eu\\\/et\\\/tooted\\\/digitaalne-fonolukk-up910\\\/\",\"url\":\"https:\\\/\\\/fonolukk.eu\\\/et\\\/tooted\\\/digitaalne-fonolukk-up910\\\/\",\"name\":\"Digitaalne fonolukk UP910 - Fonolukk\",\"isPartOf\":{\"@id\":\"https:\\\/\\\/fonolukk.eu\\\/et\\\/#website\"},\"primaryImageOfPage\":{\"@id\":\"https:\\\/\\\/fonolukk.eu\\\/et\\\/tooted\\\/digitaalne-fonolukk-up910\\\/#primaryimage\"},\"image\":{\"@id\":\"https:\\\/\\\/fonolukk.eu\\\/et\\\/tooted\\\/digitaalne-fonolukk-up910\\\/#primaryimage\"},\"thumbnailUrl\":\"https:\\\/\\\/fonolukk.eu\\\/wp-content\\\/uploads\\\/2025\\\/06\\\/up940-fonolukk.webp\",\"datePublished\":\"2025-06-17T21:21:07+00:00\",\"dateModified\":\"2025-06-26T07:02:44+00:00\",\"description\":\"UP910 \u2013 magnetilise toru riputamisega telefonitoru, \u00fche avamisnupuga ja kolme funktsiooninupuga.\",\"breadcrumb\":{\"@id\":\"https:\\\/\\\/fonolukk.eu\\\/et\\\/tooted\\\/digitaalne-fonolukk-up910\\\/#breadcrumb\"},\"inLanguage\":\"et\",\"potentialAction\":[{\"@type\":\"ReadAction\",\"target\":[\"https:\\\/\\\/fonolukk.eu\\\/et\\\/tooted\\\/digitaalne-fonolukk-up910\\\/\"]}]},{\"@type\":\"ImageObject\",\"inLanguage\":\"et\",\"@id\":\"https:\\\/\\\/fonolukk.eu\\\/et\\\/tooted\\\/digitaalne-fonolukk-up910\\\/#primaryimage\",\"url\":\"https:\\\/\\\/fonolukk.eu\\\/wp-content\\\/uploads\\\/2025\\\/06\\\/up940-fonolukk.webp\",\"contentUrl\":\"https:\\\/\\\/fonolukk.eu\\\/wp-content\\\/uploads\\\/2025\\\/06\\\/up940-fonolukk.webp\",\"width\":1000,\"height\":1000,\"caption\":\"UP940\"},{\"@type\":\"BreadcrumbList\",\"@id\":\"https:\\\/\\\/fonolukk.eu\\\/et\\\/tooted\\\/digitaalne-fonolukk-up910\\\/#breadcrumb\",\"itemListElement\":[{\"@type\":\"ListItem\",\"position\":1,\"name\":\"Esileht\",\"item\":\"https:\\\/\\\/fonolukk.eu\\\/et\\\/koduleht\\\/\"},{\"@type\":\"ListItem\",\"position\":2,\"name\":\"Tooted\",\"item\":\"https:\\\/\\\/fonolukk.eu\\\/et\\\/shop-2\\\/\"},{\"@type\":\"ListItem\",\"position\":3,\"name\":\"Uksetelefonid\",\"item\":\"https:\\\/\\\/fonolukk.eu\\\/et\\\/product-category\\\/intercom-torud\\\/\"},{\"@type\":\"ListItem\",\"position\":4,\"name\":\"ACO\",\"item\":\"https:\\\/\\\/fonolukk.eu\\\/et\\\/product-category\\\/intercom-torud\\\/aco-et\\\/\"},{\"@type\":\"ListItem\",\"position\":5,\"name\":\"Digitaalne fonolukk UP910\"}]},{\"@type\":\"WebSite\",\"@id\":\"https:\\\/\\\/fonolukk.eu\\\/et\\\/#website\",\"url\":\"https:\\\/\\\/fonolukk.eu\\\/et\\\/\",\"name\":\"Fonolukk eu\",\"description\":\"Smart Security Systems\",\"publisher\":{\"@id\":\"https:\\\/\\\/fonolukk.eu\\\/et\\\/#organization\"},\"potentialAction\":[{\"@type\":\"SearchAction\",\"target\":{\"@type\":\"EntryPoint\",\"urlTemplate\":\"https:\\\/\\\/fonolukk.eu\\\/et\\\/?s={search_term_string}\"},\"query-input\":{\"@type\":\"PropertyValueSpecification\",\"valueRequired\":true,\"valueName\":\"search_term_string\"}}],\"inLanguage\":\"et\"},{\"@type\":\"Organization\",\"@id\":\"https:\\\/\\\/fonolukk.eu\\\/et\\\/#organization\",\"name\":\"Smart Security OU\",\"url\":\"https:\\\/\\\/fonolukk.eu\\\/et\\\/\",\"logo\":{\"@type\":\"ImageObject\",\"inLanguage\":\"et\",\"@id\":\"https:\\\/\\\/fonolukk.eu\\\/et\\\/#\\\/schema\\\/logo\\\/image\\\/\",\"url\":\"https:\\\/\\\/fonolukk.eu\\\/wp-content\\\/uploads\\\/2023\\\/09\\\/fonolukk.png\",\"contentUrl\":\"https:\\\/\\\/fonolukk.eu\\\/wp-content\\\/uploads\\\/2023\\\/09\\\/fonolukk.png\",\"width\":277,\"height\":274,\"caption\":\"Smart Security OU\"},\"image\":{\"@id\":\"https:\\\/\\\/fonolukk.eu\\\/et\\\/#\\\/schema\\\/logo\\\/image\\\/\"},\"sameAs\":[\"https:\\\/\\\/www.facebook.com\\\/fonolukk\",\"https:\\\/\\\/www.instagram.com\\\/fonolukk\\\/?hl=ru\"],\"publishingPrinciples\":\"https:\\\/\\\/fonolukk.eu\\\/terms-and-conditions\\\/\",\"ownershipFundingInfo\":\"https:\\\/\\\/fonolukk.eu\\\/about-us\\\/\"}]}<\/script>\n<meta property=\"product:price:amount\" content=\"23.77\" \/>\n<meta property=\"product:price:currency\" content=\"EUR\" \/>\n<meta property=\"og:availability\" content=\"instock\" \/>\n<meta property=\"product:availability\" content=\"instock\" \/>\n<meta property=\"product:retailer_item_id\" content=\"UP910\" \/>\n<meta property=\"product:condition\" content=\"new\" \/>\n<!-- \/ Yoast SEO Premium plugin. -->","yoast_head_json":{"title":"Digitaalne fonolukk UP910 - Fonolukk","description":"UP910 \u2013 magnetilise toru riputamisega telefonitoru, \u00fche avamisnupuga ja kolme funktsiooninupuga.","robots":{"index":"index","follow":"follow","max-snippet":"max-snippet:-1","max-image-preview":"max-image-preview:large","max-video-preview":"max-video-preview:-1"},"canonical":"https:\/\/fonolukk.eu\/et\/tooted\/digitaalne-fonolukk-up910\/","og_locale":"et_EE","og_type":"article","og_title":"Digitaalne fonolukk UP910","og_description":"K\u00e4eshoitav telefons\u00fcsteem magnetilise toru ja \u00fche nupuga. ACO vastuv\u00f5tjad on vastupidavad seadmed, mis on valmistatud kvaliteetsetest materjalidest, funktsionaalsed ja lihtsad kasutada. Nende minimalistlik disain v\u00f5imaldab mitmek\u00fclgset kasutamist erinevat t\u00fc\u00fcpi investeeringutes.","og_url":"https:\/\/fonolukk.eu\/et\/tooted\/digitaalne-fonolukk-up910\/","og_site_name":"Fonolukk","article_publisher":"https:\/\/www.facebook.com\/fonolukk","article_modified_time":"2025-06-26T07:02:44+00:00","og_image":[{"width":1000,"height":1000,"url":"https:\/\/fonolukk.eu\/wp-content\/uploads\/2025\/06\/up940-fonolukk.webp","type":"image\/webp"}],"twitter_card":"summary_large_image","twitter_misc":{"Hind":"&euro;23.77 koos KM","Availability":"Laos"},"schema":{"@context":"https:\/\/schema.org","@graph":[{"@type":"WebPage","@id":"https:\/\/fonolukk.eu\/et\/tooted\/digitaalne-fonolukk-up910\/","url":"https:\/\/fonolukk.eu\/et\/tooted\/digitaalne-fonolukk-up910\/","name":"Digitaalne fonolukk UP910 - Fonolukk","isPartOf":{"@id":"https:\/\/fonolukk.eu\/et\/#website"},"primaryImageOfPage":{"@id":"https:\/\/fonolukk.eu\/et\/tooted\/digitaalne-fonolukk-up910\/#primaryimage"},"image":{"@id":"https:\/\/fonolukk.eu\/et\/tooted\/digitaalne-fonolukk-up910\/#primaryimage"},"thumbnailUrl":"https:\/\/fonolukk.eu\/wp-content\/uploads\/2025\/06\/up940-fonolukk.webp","datePublished":"2025-06-17T21:21:07+00:00","dateModified":"2025-06-26T07:02:44+00:00","description":"UP910 \u2013 magnetilise toru riputamisega telefonitoru, \u00fche avamisnupuga ja kolme funktsiooninupuga.","breadcrumb":{"@id":"https:\/\/fonolukk.eu\/et\/tooted\/digitaalne-fonolukk-up910\/#breadcrumb"},"inLanguage":"et","potentialAction":[{"@type":"ReadAction","target":["https:\/\/fonolukk.eu\/et\/tooted\/digitaalne-fonolukk-up910\/"]}]},{"@type":"ImageObject","inLanguage":"et","@id":"https:\/\/fonolukk.eu\/et\/tooted\/digitaalne-fonolukk-up910\/#primaryimage","url":"https:\/\/fonolukk.eu\/wp-content\/uploads\/2025\/06\/up940-fonolukk.webp","contentUrl":"https:\/\/fonolukk.eu\/wp-content\/uploads\/2025\/06\/up940-fonolukk.webp","width":1000,"height":1000,"caption":"UP940"},{"@type":"BreadcrumbList","@id":"https:\/\/fonolukk.eu\/et\/tooted\/digitaalne-fonolukk-up910\/#breadcrumb","itemListElement":[{"@type":"ListItem","position":1,"name":"Esileht","item":"https:\/\/fonolukk.eu\/et\/koduleht\/"},{"@type":"ListItem","position":2,"name":"Tooted","item":"https:\/\/fonolukk.eu\/et\/shop-2\/"},{"@type":"ListItem","position":3,"name":"Uksetelefonid","item":"https:\/\/fonolukk.eu\/et\/product-category\/intercom-torud\/"},{"@type":"ListItem","position":4,"name":"ACO","item":"https:\/\/fonolukk.eu\/et\/product-category\/intercom-torud\/aco-et\/"},{"@type":"ListItem","position":5,"name":"Digitaalne fonolukk UP910"}]},{"@type":"WebSite","@id":"https:\/\/fonolukk.eu\/et\/#website","url":"https:\/\/fonolukk.eu\/et\/","name":"Fonolukk eu","description":"Smart Security Systems","publisher":{"@id":"https:\/\/fonolukk.eu\/et\/#organization"},"potentialAction":[{"@type":"SearchAction","target":{"@type":"EntryPoint","urlTemplate":"https:\/\/fonolukk.eu\/et\/?s={search_term_string}"},"query-input":{"@type":"PropertyValueSpecification","valueRequired":true,"valueName":"search_term_string"}}],"inLanguage":"et"},{"@type":"Organization","@id":"https:\/\/fonolukk.eu\/et\/#organization","name":"Smart Security OU","url":"https:\/\/fonolukk.eu\/et\/","logo":{"@type":"ImageObject","inLanguage":"et","@id":"https:\/\/fonolukk.eu\/et\/#\/schema\/logo\/image\/","url":"https:\/\/fonolukk.eu\/wp-content\/uploads\/2023\/09\/fonolukk.png","contentUrl":"https:\/\/fonolukk.eu\/wp-content\/uploads\/2023\/09\/fonolukk.png","width":277,"height":274,"caption":"Smart Security OU"},"image":{"@id":"https:\/\/fonolukk.eu\/et\/#\/schema\/logo\/image\/"},"sameAs":["https:\/\/www.facebook.com\/fonolukk","https:\/\/www.instagram.com\/fonolukk\/?hl=ru"],"publishingPrinciples":"https:\/\/fonolukk.eu\/terms-and-conditions\/","ownershipFundingInfo":"https:\/\/fonolukk.eu\/about-us\/"}]},"product_price_amount":"23.77","product_price_currency":"EUR","og_availability":"instock","product_availability":"instock","product_retailer_item_id":"UP910","product_condition":"new"},"_links":{"self":[{"href":"https:\/\/fonolukk.eu\/et\/wp-json\/wp\/v2\/product\/20721","targetHints":{"allow":["GET"]}}],"collection":[{"href":"https:\/\/fonolukk.eu\/et\/wp-json\/wp\/v2\/product"}],"about":[{"href":"https:\/\/fonolukk.eu\/et\/wp-json\/wp\/v2\/types\/product"}],"version-history":[{"count":1,"href":"https:\/\/fonolukk.eu\/et\/wp-json\/wp\/v2\/product\/20721\/revisions"}],"predecessor-version":[{"id":20730,"href":"https:\/\/fonolukk.eu\/et\/wp-json\/wp\/v2\/product\/20721\/revisions\/20730"}],"wp:featuredmedia":[{"embeddable":true,"href":"https:\/\/fonolukk.eu\/et\/wp-json\/wp\/v2\/media\/20715"}],"wp:attachment":[{"href":"https:\/\/fonolukk.eu\/et\/wp-json\/wp\/v2\/media?parent=20721"}],"wp:term":[{"taxonomy":"product_brand","embeddable":true,"href":"https:\/\/fonolukk.eu\/et\/wp-json\/wp\/v2\/product_brand?post=20721"},{"taxonomy":"product_cat","embeddable":true,"href":"https:\/\/fonolukk.eu\/et\/wp-json\/wp\/v2\/product_cat?post=20721"},{"taxonomy":"product_tag","embeddable":true,"href":"https:\/\/fonolukk.eu\/et\/wp-json\/wp\/v2\/product_tag?post=20721"}],"curies":[{"name":"wp","href":"https:\/\/api.w.org\/{rel}","templated":true}]}}