{"id":20734,"date":"2025-06-18T09:44:27","date_gmt":"2025-06-18T06:44:27","guid":{"rendered":"https:\/\/fonolukk.eu\/?post_type=product&#038;p=20734"},"modified":"2025-06-18T09:51:57","modified_gmt":"2025-06-18T06:51:57","slug":"digitaalne-fonolukk-ins-up720mr","status":"publish","type":"product","link":"https:\/\/fonolukk.eu\/et\/tooted\/digitaalne-fonolukk-ins-up720mr\/","title":{"rendered":"Digitaalne fonolukk INS-UP720MR"},"content":{"rendered":"<p data-start=\"37\" data-end=\"61\"><strong data-start=\"37\" data-end=\"47\">Indeks<\/strong><br data-start=\"47\" data-end=\"50\" \/>INS-UP720MR<\/p>\n<p data-start=\"63\" data-end=\"161\"><strong data-start=\"63\" data-end=\"76\">Kirjeldus<\/strong><br data-start=\"76\" data-end=\"79\" \/>Digitaalne intercom magnetilise telefonitoru riputamise ja uksekella funktsiooniga<\/p>\n<p data-start=\"163\" data-end=\"197\"><strong data-start=\"163\" data-end=\"175\">T\u00e4itmine<\/strong><br data-start=\"175\" data-end=\"178\" \/>ABS-plastist korpus<\/p>\n<p data-start=\"199\" data-end=\"233\"><strong data-start=\"199\" data-end=\"225\">Saadaval olevad v\u00e4rvid<\/strong><br data-start=\"225\" data-end=\"228\" \/>Valge<\/p>\n<p data-start=\"235\" data-end=\"274\"><strong data-start=\"235\" data-end=\"260\">Telefoni \u00e4ra panemine<\/strong><br data-start=\"260\" data-end=\"263\" \/>Magnetiline<\/p>\n<p data-start=\"276\" data-end=\"317\"><strong data-start=\"276\" data-end=\"295\">Paigaldusmeetod<\/strong><br data-start=\"295\" data-end=\"298\" \/>Pinnale paigaldatav<\/p>\n<p data-start=\"319\" data-end=\"351\"><strong data-start=\"319\" data-end=\"335\">M\u00f5\u00f5tmed (mm)<\/strong><br data-start=\"335\" data-end=\"338\" \/>201 \u00d7 80 \u00d7 45<\/p>\n<p data-start=\"353\" data-end=\"409\"><strong data-start=\"353\" data-end=\"372\">Paigalduse t\u00fc\u00fcp<\/strong><br data-start=\"372\" data-end=\"375\" \/>Digitaalne: 2 juhet + toiteallikas<\/p>\n<p data-start=\"411\" data-end=\"473\"><strong data-start=\"411\" data-end=\"427\">Toiteallikas<\/strong><br data-start=\"427\" data-end=\"430\" \/>15 V alalisvool (min 12 V; max 18 V), 50 mA<\/p>\n<p data-start=\"475\" data-end=\"513\"><strong data-start=\"475\" data-end=\"504\">Energiatarve ootere\u017eiimis<\/strong><br data-start=\"504\" data-end=\"507\" \/>~0,1 W<\/p>\n<p data-start=\"515\" data-end=\"532\"><strong data-start=\"515\" data-end=\"530\">Sissep\u00e4\u00e4sud<\/strong><\/p>\n<ul data-start=\"533\" data-end=\"602\">\n<li data-start=\"533\" data-end=\"550\">\n<p data-start=\"535\" data-end=\"550\">1 \u00d7 RJ45 pesa<\/p>\n<\/li>\n<li data-start=\"551\" data-end=\"573\">\n<p data-start=\"553\" data-end=\"573\">Kruviklemmid (ARK)<\/p>\n<\/li>\n<li data-start=\"574\" data-end=\"602\">\n<p data-start=\"576\" data-end=\"602\">1 \u00d7 uksekella kontakt (NO)<\/p>\n<\/li>\n<\/ul>\n<p data-start=\"604\" data-end=\"632\"><strong data-start=\"604\" data-end=\"619\">V\u00e4ljap\u00e4\u00e4sud<\/strong><br data-start=\"619\" data-end=\"622\" \/>F2 nupp:<\/p>\n<ul data-start=\"633\" data-end=\"714\">\n<li data-start=\"633\" data-end=\"682\">\n<p data-start=\"635\" data-end=\"682\">1 \u00d7 s\u00fcsteemist eraldatud sulgemiskontakt (NO)<\/p>\n<\/li>\n<li data-start=\"683\" data-end=\"714\">\n<p data-start=\"685\" data-end=\"714\">S\u00fcsteemisiini kaudu (CDN-I\/O)<\/p>\n<\/li>\n<\/ul>\n<p data-start=\"716\" data-end=\"730\"><strong data-start=\"716\" data-end=\"728\">Omadused<\/strong><\/p>\n<ul data-start=\"731\" data-end=\"1453\" data-is-last-node=\"\" data-is-only-node=\"\">\n<li data-start=\"731\" data-end=\"780\">\n<p data-start=\"733\" data-end=\"780\">Magnetiline telefonitoru riputamise mehhanism<\/p>\n<\/li>\n<li data-start=\"781\" data-end=\"905\">\n<p data-start=\"783\" data-end=\"905\">2 nuppu: ukse avamine, v\u00e4lise seadme juhtimine (m\u00f5ne paneeli v\u00f5i mudeli puhul on vajalik valikuline CDN-I\/O releemoodul)<\/p>\n<\/li>\n<li data-start=\"906\" data-end=\"972\">\n<p data-start=\"908\" data-end=\"972\">Koduautomaatika avamine v\u00f5i juhtimine ilma aktiivse \u00fchenduseta<\/p>\n<\/li>\n<li data-start=\"973\" data-end=\"997\">\n<p data-start=\"975\" data-end=\"997\">Uksekella funktsioon<\/p>\n<\/li>\n<li data-start=\"998\" data-end=\"1055\">\n<p data-start=\"1000\" data-end=\"1055\">Telefonitoru individuaalne helitugevuse reguleerimine<\/p>\n<\/li>\n<li data-start=\"1056\" data-end=\"1111\">\n<p data-start=\"1058\" data-end=\"1111\">V\u00f5imalus juhtida mitut vastuv\u00f5tjat \u00fche aadressi all<\/p>\n<\/li>\n<li data-start=\"1112\" data-end=\"1154\">\n<p data-start=\"1114\" data-end=\"1154\">3-astmeline helitugevuse reguleerimine<\/p>\n<\/li>\n<li data-start=\"1155\" data-end=\"1236\">\n<p data-start=\"1157\" data-end=\"1236\">Ootele panemise funktsioon \u2013 v\u00f5imaldab toru \u00e4ra panna ilma k\u00f5net katkestamata<\/p>\n<\/li>\n<li data-start=\"1237\" data-end=\"1325\">\n<p data-start=\"1239\" data-end=\"1325\">Koduautomaatika \u2013 v\u00f5imaldab juhtida seadmeid nagu v\u00e4rav, t\u00f5kkepuu, valgustus, rulood<\/p>\n<\/li>\n<li data-start=\"1326\" data-end=\"1404\">\n<p data-start=\"1328\" data-end=\"1404\">\u00dchildub k\u00f5igi CDNP, Inspiro ja Familio P\/PV seeria digitaalsete seadmetega<\/p>\n<\/li>\n<li data-start=\"1405\" data-end=\"1453\" data-is-last-node=\"\">\n<p data-start=\"1407\" data-end=\"1453\" data-is-last-node=\"\">Vaigistatud telefonitoru optiline signaalimine<\/p>\n<\/li>\n<\/ul>\n","protected":false},"excerpt":{"rendered":"<p>K\u00e4eshoitav konsool magnetkinnitusega ja kahe nupuga.<br \/>\nACO vastuv\u00f5tjad on vastupidavad seadmed, mis on valmistatud kvaliteetsetest materjalidest, funktsionaalsed ja lihtsad kasutada. Nende minimalistlik disain<br \/>\nv\u00f5imaldab seadmeid kasutada mitmel viisil erinevate investeeringute jaoks.<\/p>\n","protected":false},"featured_media":20743,"template":"","meta":[],"product_brand":[],"product_cat":[385,780],"product_tag":[1253],"class_list":{"0":"post-20734","1":"product","2":"type-product","3":"status-publish","4":"has-post-thumbnail","6":"product_cat-intercom-torud","7":"product_cat-aco-et","8":"product_tag-intercom-et","10":"first","11":"instock","12":"taxable","13":"shipping-taxable","14":"product-type-simple"},"yoast_head":"<!-- This site is optimized with the Yoast SEO Premium plugin v27.3 (Yoast SEO v27.3) - https:\/\/yoast.com\/product\/yoast-seo-premium-wordpress\/ -->\n<title>Digitaalne fonolukk INS-UP720MR - Fonolukk<\/title>\n<meta name=\"description\" content=\"INS-UP720MR - ACO vastuv\u00f5tjad on vastupidavad seadmed, mis on valmistatud kvaliteetsetest materjalidest, funktsionaalsed ja lihtsad kasutada.\" \/>\n<meta name=\"robots\" content=\"index, follow, max-snippet:-1, max-image-preview:large, max-video-preview:-1\" \/>\n<link rel=\"canonical\" href=\"https:\/\/fonolukk.eu\/et\/tooted\/digitaalne-fonolukk-ins-up720mr\/\" \/>\n<meta property=\"og:locale\" content=\"et_EE\" \/>\n<meta property=\"og:type\" content=\"article\" \/>\n<meta property=\"og:title\" content=\"Digitaalne fonolukk INS-UP720MR\" \/>\n<meta property=\"og:description\" content=\"K\u00e4eshoitav konsool magnetkinnitusega ja kahe nupuga. ACO vastuv\u00f5tjad on vastupidavad seadmed, mis on valmistatud kvaliteetsetest materjalidest, funktsionaalsed ja lihtsad kasutada. Nende minimalistlik disain v\u00f5imaldab seadmeid kasutada mitmel viisil erinevate investeeringute jaoks.\" \/>\n<meta property=\"og:url\" content=\"https:\/\/fonolukk.eu\/et\/tooted\/digitaalne-fonolukk-ins-up720mr\/\" \/>\n<meta property=\"og:site_name\" content=\"Fonolukk\" \/>\n<meta property=\"article:publisher\" content=\"https:\/\/www.facebook.com\/fonolukk\" \/>\n<meta property=\"article:modified_time\" content=\"2025-06-18T06:51:57+00:00\" \/>\n<meta property=\"og:image\" content=\"https:\/\/fonolukk.eu\/wp-content\/uploads\/2025\/06\/ins-up720mr-fonolukk.webp\" \/>\n\t<meta property=\"og:image:width\" content=\"1000\" \/>\n\t<meta property=\"og:image:height\" content=\"1000\" \/>\n\t<meta property=\"og:image:type\" content=\"image\/webp\" \/>\n<meta name=\"twitter:card\" content=\"summary_large_image\" \/>\n<meta name=\"twitter:label1\" content=\"Hind\" \/>\n\t<meta name=\"twitter:data1\" content=\"\" \/>\n\t<meta name=\"twitter:label2\" content=\"Availability\" \/>\n\t<meta name=\"twitter:data2\" content=\"Laos\" \/>\n<script type=\"application\/ld+json\" class=\"yoast-schema-graph\">{\"@context\":\"https:\\\/\\\/schema.org\",\"@graph\":[{\"@type\":\"WebPage\",\"@id\":\"https:\\\/\\\/fonolukk.eu\\\/et\\\/tooted\\\/digitaalne-fonolukk-ins-up720mr\\\/\",\"url\":\"https:\\\/\\\/fonolukk.eu\\\/et\\\/tooted\\\/digitaalne-fonolukk-ins-up720mr\\\/\",\"name\":\"Digitaalne fonolukk INS-UP720MR - Fonolukk\",\"isPartOf\":{\"@id\":\"https:\\\/\\\/fonolukk.eu\\\/et\\\/#website\"},\"primaryImageOfPage\":{\"@id\":\"https:\\\/\\\/fonolukk.eu\\\/et\\\/tooted\\\/digitaalne-fonolukk-ins-up720mr\\\/#primaryimage\"},\"image\":{\"@id\":\"https:\\\/\\\/fonolukk.eu\\\/et\\\/tooted\\\/digitaalne-fonolukk-ins-up720mr\\\/#primaryimage\"},\"thumbnailUrl\":\"https:\\\/\\\/fonolukk.eu\\\/wp-content\\\/uploads\\\/2025\\\/06\\\/ins-up720mr-fonolukk.webp\",\"datePublished\":\"2025-06-18T06:44:27+00:00\",\"dateModified\":\"2025-06-18T06:51:57+00:00\",\"description\":\"INS-UP720MR - ACO vastuv\u00f5tjad on vastupidavad seadmed, mis on valmistatud kvaliteetsetest materjalidest, funktsionaalsed ja lihtsad kasutada.\",\"breadcrumb\":{\"@id\":\"https:\\\/\\\/fonolukk.eu\\\/et\\\/tooted\\\/digitaalne-fonolukk-ins-up720mr\\\/#breadcrumb\"},\"inLanguage\":\"et\",\"potentialAction\":[{\"@type\":\"ReadAction\",\"target\":[\"https:\\\/\\\/fonolukk.eu\\\/et\\\/tooted\\\/digitaalne-fonolukk-ins-up720mr\\\/\"]}]},{\"@type\":\"ImageObject\",\"inLanguage\":\"et\",\"@id\":\"https:\\\/\\\/fonolukk.eu\\\/et\\\/tooted\\\/digitaalne-fonolukk-ins-up720mr\\\/#primaryimage\",\"url\":\"https:\\\/\\\/fonolukk.eu\\\/wp-content\\\/uploads\\\/2025\\\/06\\\/ins-up720mr-fonolukk.webp\",\"contentUrl\":\"https:\\\/\\\/fonolukk.eu\\\/wp-content\\\/uploads\\\/2025\\\/06\\\/ins-up720mr-fonolukk.webp\",\"width\":1000,\"height\":1000,\"caption\":\"INS-UP720MR\"},{\"@type\":\"BreadcrumbList\",\"@id\":\"https:\\\/\\\/fonolukk.eu\\\/et\\\/tooted\\\/digitaalne-fonolukk-ins-up720mr\\\/#breadcrumb\",\"itemListElement\":[{\"@type\":\"ListItem\",\"position\":1,\"name\":\"Esileht\",\"item\":\"https:\\\/\\\/fonolukk.eu\\\/et\\\/koduleht\\\/\"},{\"@type\":\"ListItem\",\"position\":2,\"name\":\"Tooted\",\"item\":\"https:\\\/\\\/fonolukk.eu\\\/et\\\/shop-2\\\/\"},{\"@type\":\"ListItem\",\"position\":3,\"name\":\"Uksetelefonid\",\"item\":\"https:\\\/\\\/fonolukk.eu\\\/et\\\/product-category\\\/intercom-torud\\\/\"},{\"@type\":\"ListItem\",\"position\":4,\"name\":\"Digitaalne fonolukk INS-UP720MR\"}]},{\"@type\":\"WebSite\",\"@id\":\"https:\\\/\\\/fonolukk.eu\\\/et\\\/#website\",\"url\":\"https:\\\/\\\/fonolukk.eu\\\/et\\\/\",\"name\":\"Fonolukk eu\",\"description\":\"Smart Security Systems\",\"publisher\":{\"@id\":\"https:\\\/\\\/fonolukk.eu\\\/et\\\/#organization\"},\"potentialAction\":[{\"@type\":\"SearchAction\",\"target\":{\"@type\":\"EntryPoint\",\"urlTemplate\":\"https:\\\/\\\/fonolukk.eu\\\/et\\\/?s={search_term_string}\"},\"query-input\":{\"@type\":\"PropertyValueSpecification\",\"valueRequired\":true,\"valueName\":\"search_term_string\"}}],\"inLanguage\":\"et\"},{\"@type\":\"Organization\",\"@id\":\"https:\\\/\\\/fonolukk.eu\\\/et\\\/#organization\",\"name\":\"Smart Security OU\",\"url\":\"https:\\\/\\\/fonolukk.eu\\\/et\\\/\",\"logo\":{\"@type\":\"ImageObject\",\"inLanguage\":\"et\",\"@id\":\"https:\\\/\\\/fonolukk.eu\\\/et\\\/#\\\/schema\\\/logo\\\/image\\\/\",\"url\":\"https:\\\/\\\/fonolukk.eu\\\/wp-content\\\/uploads\\\/2023\\\/09\\\/fonolukk.png\",\"contentUrl\":\"https:\\\/\\\/fonolukk.eu\\\/wp-content\\\/uploads\\\/2023\\\/09\\\/fonolukk.png\",\"width\":277,\"height\":274,\"caption\":\"Smart Security OU\"},\"image\":{\"@id\":\"https:\\\/\\\/fonolukk.eu\\\/et\\\/#\\\/schema\\\/logo\\\/image\\\/\"},\"sameAs\":[\"https:\\\/\\\/www.facebook.com\\\/fonolukk\",\"https:\\\/\\\/www.instagram.com\\\/fonolukk\\\/?hl=ru\"],\"publishingPrinciples\":\"https:\\\/\\\/fonolukk.eu\\\/terms-and-conditions\\\/\",\"ownershipFundingInfo\":\"https:\\\/\\\/fonolukk.eu\\\/about-us\\\/\"}]}<\/script>\n<meta property=\"product:price:amount\" content=\"0.00\" \/>\n<meta property=\"product:price:currency\" content=\"EUR\" \/>\n<meta property=\"og:availability\" content=\"instock\" \/>\n<meta property=\"product:availability\" content=\"instock\" \/>\n<meta property=\"product:retailer_item_id\" content=\"INS-UP720MR\" \/>\n<meta property=\"product:condition\" content=\"new\" \/>\n<!-- \/ Yoast SEO Premium plugin. -->","yoast_head_json":{"title":"Digitaalne fonolukk INS-UP720MR - Fonolukk","description":"INS-UP720MR - ACO vastuv\u00f5tjad on vastupidavad seadmed, mis on valmistatud kvaliteetsetest materjalidest, funktsionaalsed ja lihtsad kasutada.","robots":{"index":"index","follow":"follow","max-snippet":"max-snippet:-1","max-image-preview":"max-image-preview:large","max-video-preview":"max-video-preview:-1"},"canonical":"https:\/\/fonolukk.eu\/et\/tooted\/digitaalne-fonolukk-ins-up720mr\/","og_locale":"et_EE","og_type":"article","og_title":"Digitaalne fonolukk INS-UP720MR","og_description":"K\u00e4eshoitav konsool magnetkinnitusega ja kahe nupuga. ACO vastuv\u00f5tjad on vastupidavad seadmed, mis on valmistatud kvaliteetsetest materjalidest, funktsionaalsed ja lihtsad kasutada. Nende minimalistlik disain v\u00f5imaldab seadmeid kasutada mitmel viisil erinevate investeeringute jaoks.","og_url":"https:\/\/fonolukk.eu\/et\/tooted\/digitaalne-fonolukk-ins-up720mr\/","og_site_name":"Fonolukk","article_publisher":"https:\/\/www.facebook.com\/fonolukk","article_modified_time":"2025-06-18T06:51:57+00:00","og_image":[{"width":1000,"height":1000,"url":"https:\/\/fonolukk.eu\/wp-content\/uploads\/2025\/06\/ins-up720mr-fonolukk.webp","type":"image\/webp"}],"twitter_card":"summary_large_image","twitter_misc":{"Hind":"","Availability":"Laos"},"schema":{"@context":"https:\/\/schema.org","@graph":[{"@type":"WebPage","@id":"https:\/\/fonolukk.eu\/et\/tooted\/digitaalne-fonolukk-ins-up720mr\/","url":"https:\/\/fonolukk.eu\/et\/tooted\/digitaalne-fonolukk-ins-up720mr\/","name":"Digitaalne fonolukk INS-UP720MR - Fonolukk","isPartOf":{"@id":"https:\/\/fonolukk.eu\/et\/#website"},"primaryImageOfPage":{"@id":"https:\/\/fonolukk.eu\/et\/tooted\/digitaalne-fonolukk-ins-up720mr\/#primaryimage"},"image":{"@id":"https:\/\/fonolukk.eu\/et\/tooted\/digitaalne-fonolukk-ins-up720mr\/#primaryimage"},"thumbnailUrl":"https:\/\/fonolukk.eu\/wp-content\/uploads\/2025\/06\/ins-up720mr-fonolukk.webp","datePublished":"2025-06-18T06:44:27+00:00","dateModified":"2025-06-18T06:51:57+00:00","description":"INS-UP720MR - ACO vastuv\u00f5tjad on vastupidavad seadmed, mis on valmistatud kvaliteetsetest materjalidest, funktsionaalsed ja lihtsad kasutada.","breadcrumb":{"@id":"https:\/\/fonolukk.eu\/et\/tooted\/digitaalne-fonolukk-ins-up720mr\/#breadcrumb"},"inLanguage":"et","potentialAction":[{"@type":"ReadAction","target":["https:\/\/fonolukk.eu\/et\/tooted\/digitaalne-fonolukk-ins-up720mr\/"]}]},{"@type":"ImageObject","inLanguage":"et","@id":"https:\/\/fonolukk.eu\/et\/tooted\/digitaalne-fonolukk-ins-up720mr\/#primaryimage","url":"https:\/\/fonolukk.eu\/wp-content\/uploads\/2025\/06\/ins-up720mr-fonolukk.webp","contentUrl":"https:\/\/fonolukk.eu\/wp-content\/uploads\/2025\/06\/ins-up720mr-fonolukk.webp","width":1000,"height":1000,"caption":"INS-UP720MR"},{"@type":"BreadcrumbList","@id":"https:\/\/fonolukk.eu\/et\/tooted\/digitaalne-fonolukk-ins-up720mr\/#breadcrumb","itemListElement":[{"@type":"ListItem","position":1,"name":"Esileht","item":"https:\/\/fonolukk.eu\/et\/koduleht\/"},{"@type":"ListItem","position":2,"name":"Tooted","item":"https:\/\/fonolukk.eu\/et\/shop-2\/"},{"@type":"ListItem","position":3,"name":"Uksetelefonid","item":"https:\/\/fonolukk.eu\/et\/product-category\/intercom-torud\/"},{"@type":"ListItem","position":4,"name":"Digitaalne fonolukk INS-UP720MR"}]},{"@type":"WebSite","@id":"https:\/\/fonolukk.eu\/et\/#website","url":"https:\/\/fonolukk.eu\/et\/","name":"Fonolukk eu","description":"Smart Security Systems","publisher":{"@id":"https:\/\/fonolukk.eu\/et\/#organization"},"potentialAction":[{"@type":"SearchAction","target":{"@type":"EntryPoint","urlTemplate":"https:\/\/fonolukk.eu\/et\/?s={search_term_string}"},"query-input":{"@type":"PropertyValueSpecification","valueRequired":true,"valueName":"search_term_string"}}],"inLanguage":"et"},{"@type":"Organization","@id":"https:\/\/fonolukk.eu\/et\/#organization","name":"Smart Security OU","url":"https:\/\/fonolukk.eu\/et\/","logo":{"@type":"ImageObject","inLanguage":"et","@id":"https:\/\/fonolukk.eu\/et\/#\/schema\/logo\/image\/","url":"https:\/\/fonolukk.eu\/wp-content\/uploads\/2023\/09\/fonolukk.png","contentUrl":"https:\/\/fonolukk.eu\/wp-content\/uploads\/2023\/09\/fonolukk.png","width":277,"height":274,"caption":"Smart Security OU"},"image":{"@id":"https:\/\/fonolukk.eu\/et\/#\/schema\/logo\/image\/"},"sameAs":["https:\/\/www.facebook.com\/fonolukk","https:\/\/www.instagram.com\/fonolukk\/?hl=ru"],"publishingPrinciples":"https:\/\/fonolukk.eu\/terms-and-conditions\/","ownershipFundingInfo":"https:\/\/fonolukk.eu\/about-us\/"}]},"product_price_amount":"0.00","product_price_currency":"EUR","og_availability":"instock","product_availability":"instock","product_retailer_item_id":"INS-UP720MR","product_condition":"new"},"_links":{"self":[{"href":"https:\/\/fonolukk.eu\/et\/wp-json\/wp\/v2\/product\/20734","targetHints":{"allow":["GET"]}}],"collection":[{"href":"https:\/\/fonolukk.eu\/et\/wp-json\/wp\/v2\/product"}],"about":[{"href":"https:\/\/fonolukk.eu\/et\/wp-json\/wp\/v2\/types\/product"}],"version-history":[{"count":1,"href":"https:\/\/fonolukk.eu\/et\/wp-json\/wp\/v2\/product\/20734\/revisions"}],"predecessor-version":[{"id":20746,"href":"https:\/\/fonolukk.eu\/et\/wp-json\/wp\/v2\/product\/20734\/revisions\/20746"}],"wp:featuredmedia":[{"embeddable":true,"href":"https:\/\/fonolukk.eu\/et\/wp-json\/wp\/v2\/media\/20743"}],"wp:attachment":[{"href":"https:\/\/fonolukk.eu\/et\/wp-json\/wp\/v2\/media?parent=20734"}],"wp:term":[{"taxonomy":"product_brand","embeddable":true,"href":"https:\/\/fonolukk.eu\/et\/wp-json\/wp\/v2\/product_brand?post=20734"},{"taxonomy":"product_cat","embeddable":true,"href":"https:\/\/fonolukk.eu\/et\/wp-json\/wp\/v2\/product_cat?post=20734"},{"taxonomy":"product_tag","embeddable":true,"href":"https:\/\/fonolukk.eu\/et\/wp-json\/wp\/v2\/product_tag?post=20734"}],"curies":[{"name":"wp","href":"https:\/\/api.w.org\/{rel}","templated":true}]}}