{"id":20758,"date":"2025-06-18T10:26:36","date_gmt":"2025-06-18T07:26:36","guid":{"rendered":"https:\/\/fonolukk.eu\/?post_type=product&#038;p=20758"},"modified":"2025-06-18T10:38:58","modified_gmt":"2025-06-18T07:38:58","slug":"digitaalne-uksetelefon-inspiro-1","status":"publish","type":"product","link":"https:\/\/fonolukk.eu\/et\/tooted\/digitaalne-uksetelefon-inspiro-1\/","title":{"rendered":"Digitaalne uksetelefon INSPIRO 1+"},"content":{"rendered":"<p data-start=\"83\" data-end=\"180\"><strong data-start=\"83\" data-end=\"93\">Indeks<\/strong><br data-start=\"93\" data-end=\"96\" \/>INSPIRO 1+ (G2) (Pea-\/Alluvseade)<br data-start=\"129\" data-end=\"132\" \/>INSPIRO 1+ (Peaseade)<br data-start=\"153\" data-end=\"156\" \/>INSPIRO 1S+ (Alluvseade)<\/p>\n<p data-start=\"182\" data-end=\"231\"><strong data-start=\"182\" data-end=\"195\">Kirjeldus<\/strong><br data-start=\"195\" data-end=\"198\" \/>Digitaalne uksetelefon koodlukuga<\/p>\n<p data-start=\"233\" data-end=\"326\"><strong data-start=\"233\" data-end=\"245\">T\u00e4itmine<\/strong><br data-start=\"245\" data-end=\"248\" \/>2 mm lame esipaneel taustvalgustusega harjatud roostevabast terasest nuppudega<\/p>\n<p data-start=\"328\" data-end=\"361\"><strong data-start=\"328\" data-end=\"359\">Saadaolevad keeleversioonid<\/strong><\/p>\n<ul data-start=\"362\" data-end=\"407\">\n<li data-start=\"362\" data-end=\"377\">\n<p data-start=\"364\" data-end=\"377\">PL-EN-DE-FR<\/p>\n<\/li>\n<li data-start=\"378\" data-end=\"393\">\n<p data-start=\"380\" data-end=\"393\">PL-EN-DE-SV<\/p>\n<\/li>\n<li data-start=\"394\" data-end=\"407\">\n<p data-start=\"396\" data-end=\"407\">EN-LT-IT-HU<\/p>\n<\/li>\n<\/ul>\n<p data-start=\"409\" data-end=\"497\"><strong data-start=\"409\" data-end=\"421\">Moodulid<\/strong><br data-start=\"421\" data-end=\"424\" \/><strong data-start=\"424\" data-end=\"438\">Numbrilukk<\/strong> \u2013 Iga korteri jaoks individuaalne neljakohaline avamiskood<\/p>\n<p data-start=\"499\" data-end=\"528\"><strong data-start=\"499\" data-end=\"509\">Ekraan<\/strong><br data-start=\"509\" data-end=\"512\" \/>Soojendusega LCD<\/p>\n<p data-start=\"530\" data-end=\"577\"><strong data-start=\"530\" data-end=\"559\">Maksimaalne tellijate arv<\/strong><br data-start=\"559\" data-end=\"562\" \/>Kuni 1020 ruumi<\/p>\n<p data-start=\"579\" data-end=\"654\"><strong data-start=\"579\" data-end=\"598\">Paigaldusmeetod<\/strong><br data-start=\"598\" data-end=\"601\" \/>Sisseehitatav<br data-start=\"614\" data-end=\"617\" \/>(valikuline paigalduskarp: INS-PS NT)<\/p>\n<p data-start=\"656\" data-end=\"674\"><strong data-start=\"656\" data-end=\"672\">M\u00f5\u00f5tmed (mm)<\/strong><\/p>\n<ul data-start=\"675\" data-end=\"731\">\n<li data-start=\"675\" data-end=\"696\">\n<p data-start=\"677\" data-end=\"696\">Paneel: 111 \u00d7 229<\/p>\n<\/li>\n<li data-start=\"697\" data-end=\"731\">\n<p data-start=\"699\" data-end=\"731\">S\u00fcvistatav karp: 92 \u00d7 210 \u00d7 31,5<\/p>\n<\/li>\n<\/ul>\n<p data-start=\"733\" data-end=\"774\"><strong data-start=\"733\" data-end=\"752\">Paigalduse t\u00fc\u00fcp<\/strong><br data-start=\"752\" data-end=\"755\" \/>Digitaalne: 2 juhet<\/p>\n<p data-start=\"776\" data-end=\"816\"><strong data-start=\"776\" data-end=\"793\">Juhtme pikkus<\/strong><br data-start=\"793\" data-end=\"796\" \/>Maksimaalselt 1000 m<\/p>\n<p data-start=\"818\" data-end=\"891\"><strong data-start=\"818\" data-end=\"834\">Toiteallikas<\/strong><br data-start=\"834\" data-end=\"837\" \/>15 V alalisvool \/ 172 mA v\u00f5i 12 V \u00b1 0,5 V vahelduvvool<\/p>\n<p data-start=\"893\" data-end=\"931\"><strong data-start=\"893\" data-end=\"921\">Ootere\u017eiimi energiatarve<\/strong><br data-start=\"921\" data-end=\"924\" \/>~0,66 W<\/p>\n<p data-start=\"933\" data-end=\"948\"><strong data-start=\"933\" data-end=\"946\">V\u00e4ljundid<\/strong><\/p>\n<ul data-start=\"949\" data-end=\"1257\">\n<li data-start=\"949\" data-end=\"1089\">\n<p data-start=\"951\" data-end=\"1089\">2 \u00d7 kruviklemmid &#8220;ELOCK&#8221;: \u00fchendus traditsioonilise elektriluku (max 1 A), tagurpidi luku (max 0,5 A) v\u00f5i CDN-PK releemooduliga (max 5 A)<\/p>\n<\/li>\n<li data-start=\"1090\" data-end=\"1157\">\n<p data-start=\"1092\" data-end=\"1157\">2 \u00d7 kruviklemmid: helisignaali jaoks \u2013 &#8220;LINE+&#8221; ja &#8220;LINE\u2013 (GND)&#8221;<\/p>\n<\/li>\n<li data-start=\"1158\" data-end=\"1257\">\n<p data-start=\"1160\" data-end=\"1257\">2 \u00d7 kruviklemmid: teise releev\u00e4ljundi jaoks \u2013 \u201cN\u201d ja \u201cNO\u201d (max 2 A, 30 VDC) \u2013 <em data-start=\"1238\" data-end=\"1257\">ainult peaseadmel<\/em><\/p>\n<\/li>\n<\/ul>\n<p data-start=\"1259\" data-end=\"1273\"><strong data-start=\"1259\" data-end=\"1271\">Sisendid<\/strong><\/p>\n<ul data-start=\"1274\" data-end=\"1601\">\n<li data-start=\"1274\" data-end=\"1325\">\n<p data-start=\"1276\" data-end=\"1325\">4 \u00d7 kruviklemmid: toite\u00fchendus \u2013 \u201c+DC\u201d ja \u201cGND\u201d<\/p>\n<\/li>\n<li data-start=\"1326\" data-end=\"1455\">\n<p data-start=\"1328\" data-end=\"1455\">1 \u00d7 kruviklemm \u201cINPUT\u201d: tavaliselt avatud nupp (NO) \u2013 aktiveeritakse s\u00fcsteemi GND-ga l\u00fchistamisel (nt v\u00e4line ukse avamisnupp)<\/p>\n<\/li>\n<li data-start=\"1456\" data-end=\"1553\">\n<p data-start=\"1458\" data-end=\"1553\">1 \u00d7 kruviklemm: helisignaal eelmisest paneelist (Master Line) \u2013 \u201cML+\u201d (<em data-start=\"1529\" data-end=\"1550\">ainult alluvseadmel<\/em>)<\/p>\n<\/li>\n<li data-start=\"1554\" data-end=\"1601\">\n<p data-start=\"1556\" data-end=\"1601\">2 \u00d7 \u201cEXTMOD\u201d pesa valikuliste moodulite jaoks<\/p>\n<\/li>\n<\/ul>\n<p data-start=\"1603\" data-end=\"1641\"><strong data-start=\"1603\" data-end=\"1639\">Puuetega inimeste ligip\u00e4\u00e4setavus<\/strong><\/p>\n<ul data-start=\"1642\" data-end=\"1927\">\n<li data-start=\"1642\" data-end=\"1706\">\n<p data-start=\"1644\" data-end=\"1706\">Taustvalgustusega nupud, valikuliselt \u00fchilduvad punktkirjaga<\/p>\n<\/li>\n<li data-start=\"1707\" data-end=\"1765\">\n<p data-start=\"1709\" data-end=\"1765\">Paneeli funktsioonide akustiline ja optiline m\u00e4rguanne<\/p>\n<\/li>\n<li data-start=\"1766\" data-end=\"1843\">\n<p data-start=\"1768\" data-end=\"1843\">Ukse automaatne v\u00f5i kaugjuhitav avamine (nupu abil) ilma k\u00f5nele vastamata<\/p>\n<\/li>\n<li data-start=\"1844\" data-end=\"1927\">\n<p data-start=\"1846\" data-end=\"1927\">V\u00f5imalus \u00fchendada t\u00e4iendav akustiline v\u00f5i optiline m\u00e4rgutuli siseruumides (CDN-U)<\/p>\n<\/li>\n<\/ul>\n<p data-start=\"1929\" data-end=\"1943\"><strong data-start=\"1929\" data-end=\"1941\">Omadused<\/strong><\/p>\n<ul data-start=\"1944\" data-end=\"4111\">\n<li data-start=\"1944\" data-end=\"1978\">\n<p data-start=\"1946\" data-end=\"1978\">Ilmastiku- ja vandalismikindel<\/p>\n<\/li>\n<li data-start=\"1979\" data-end=\"2027\">\n<p data-start=\"1981\" data-end=\"2027\">Konfigureeritavad 6-kohalised korterinumbrid<\/p>\n<\/li>\n<li data-start=\"2028\" data-end=\"2057\">\n<p data-start=\"2030\" data-end=\"2057\">4 s\u00f5ltumatut kooditabelit<\/p>\n<\/li>\n<li data-start=\"2058\" data-end=\"2205\">\n<p data-start=\"2060\" data-end=\"2078\">Toetatud koodid:<\/p>\n<ul data-start=\"2081\" data-end=\"2205\">\n<li data-start=\"2081\" data-end=\"2117\">\n<p data-start=\"2083\" data-end=\"2117\">1020 kasutajakoodi (4-kohalised)<\/p>\n<\/li>\n<li data-start=\"2120\" data-end=\"2168\">\n<p data-start=\"2122\" data-end=\"2168\">5 administraatori koodi (4- v\u00f5i 6-kohalised)<\/p>\n<\/li>\n<li data-start=\"2171\" data-end=\"2205\">\n<p data-start=\"2173\" data-end=\"2205\">1 paigaldaja kood (8-kohaline)<\/p>\n<\/li>\n<\/ul>\n<\/li>\n<li data-start=\"2206\" data-end=\"2264\">\n<p data-start=\"2208\" data-end=\"2264\">Programmeeritav p\u00f5his\u00f5num ekraanil (kuni 30 t\u00e4hem\u00e4rki)<\/p>\n<\/li>\n<li data-start=\"2265\" data-end=\"2312\">\n<p data-start=\"2267\" data-end=\"2312\">Tugi kuni 6144 l\u00e4heduskaardi\/elemendi jaoks<\/p>\n<\/li>\n<li data-start=\"2313\" data-end=\"2370\">\n<p data-start=\"2315\" data-end=\"2370\">Iga ruumile v\u00f5ib m\u00e4\u00e4rata piiramatu arvu l\u00e4heduskaarte<\/p>\n<\/li>\n<li data-start=\"2371\" data-end=\"2440\">\n<p data-start=\"2373\" data-end=\"2440\">Piiramatu arv l\u00e4heduskaarte administraatoritele ja paigaldajatele<\/p>\n<\/li>\n<li data-start=\"2441\" data-end=\"2495\">\n<p data-start=\"2443\" data-end=\"2495\">Reguleeritav maksimaalne k\u00f5neaeg (40\u2013120 sekundit)<\/p>\n<\/li>\n<li data-start=\"2496\" data-end=\"2556\">\n<p data-start=\"2498\" data-end=\"2556\">Lai valik laiendusmooduleid funktsioonide suurendamiseks<\/p>\n<\/li>\n<li data-start=\"2557\" data-end=\"2607\">\n<p data-start=\"2559\" data-end=\"2607\">Tugi Master \/ Slave \/ Multimaster s\u00fcsteemidele<\/p>\n<\/li>\n<li data-start=\"2608\" data-end=\"2669\">\n<p data-start=\"2610\" data-end=\"2669\">1020 ruumi toetamiseks vajalik valikuline SW4S-DIN moodul<\/p>\n<\/li>\n<li data-start=\"2670\" data-end=\"2744\">\n<p data-start=\"2672\" data-end=\"2744\">Elektriluku v\u00f5i lisarelee avamine ilma aktiivse k\u00f5neta (CDN-I\/O kaudu)<\/p>\n<\/li>\n<li data-start=\"2745\" data-end=\"3074\">\n<p data-start=\"2747\" data-end=\"2894\">Koduautomaatika juhtimine: v\u00e4ravad, t\u00f5kkepuud, valgustus, rulood \u2013 klaviatuuri, v\u00f5tmehoidja v\u00f5i vastuv\u00f5tja abil. Samuti ilma aktiivse \u00fchenduseta:<\/p>\n<ul data-start=\"2897\" data-end=\"3074\">\n<li data-start=\"2897\" data-end=\"2943\">\n<p data-start=\"2899\" data-end=\"2943\">V\u00e4rava avamine \u2013 kolmekordne klahvivajutus<\/p>\n<\/li>\n<li data-start=\"2946\" data-end=\"3012\">\n<p data-start=\"2948\" data-end=\"3012\">Seadmete juhtimine (CDN-I\/O kaudu) \u2013 kolmekordne klahvivajutus<\/p>\n<\/li>\n<li data-start=\"3015\" data-end=\"3074\">\n<p data-start=\"3017\" data-end=\"3074\">Juhtimis\u00f5iguste m\u00e4\u00e4ramine v\u00e4lisseadmetele ruumip\u00f5hiselt<\/p>\n<\/li>\n<\/ul>\n<\/li>\n<li data-start=\"3075\" data-end=\"3155\">\n<p data-start=\"3077\" data-end=\"3155\">V\u00f5imalus m\u00e4\u00e4rata sama number mitmele vastuv\u00f5tjale aktiivsete seadmete korral<\/p>\n<\/li>\n<li data-start=\"3156\" data-end=\"3215\">\n<p data-start=\"3158\" data-end=\"3215\">Laiad individuaalsed seadistusv\u00f5imalused ruumide l\u00f5ikes<\/p>\n<\/li>\n<li data-start=\"3216\" data-end=\"3278\">\n<p data-start=\"3218\" data-end=\"3278\">Intuitiivne ja kasutajas\u00f5bralik seadistamine ja kasutamine<\/p>\n<\/li>\n<li data-start=\"3279\" data-end=\"3330\">\n<p data-start=\"3281\" data-end=\"3330\">V\u00f5imalus muuta k\u00f5nenumbrite vahemikke ja gruppe<\/p>\n<\/li>\n<li data-start=\"3331\" data-end=\"3403\">\n<p data-start=\"3333\" data-end=\"3403\">Kuni 8 eelseadistatud numbrit, millele saab helistada ilma r\u00e4\u00e4kimata<\/p>\n<\/li>\n<li data-start=\"3404\" data-end=\"3458\">\n<p data-start=\"3406\" data-end=\"3458\">Automaatne ukse avamise funktsioon iga ruumi jaoks<\/p>\n<\/li>\n<li data-start=\"3459\" data-end=\"3490\">\n<p data-start=\"3461\" data-end=\"3490\">Koridori avamise funktsioon<\/p>\n<\/li>\n<li data-start=\"3491\" data-end=\"3516\">\n<p data-start=\"3493\" data-end=\"3516\">Uksehoidja funktsioon<\/p>\n<\/li>\n<li data-start=\"3517\" data-end=\"3610\">\n<p data-start=\"3519\" data-end=\"3610\">V\u00f5imalus kuvada kuni 6 t\u00e4hem\u00e4rgiline kohandatud tekst ekraanile uksehoidja suunamise ajal<\/p>\n<\/li>\n<li data-start=\"3611\" data-end=\"3666\">\n<p data-start=\"3613\" data-end=\"3666\">Vestluse ajal ukse avamiste arvu seadistamine (1\u20133)<\/p>\n<\/li>\n<li data-start=\"3667\" data-end=\"3739\">\n<p data-start=\"3669\" data-end=\"3739\">Toetus erinevatele elektrilistele ja elektromagnetilistele lukkudele<\/p>\n<\/li>\n<li data-start=\"3740\" data-end=\"3807\">\n<p data-start=\"3742\" data-end=\"3807\">8 prioriteetset lisaaadressi individuaalsete k\u00f5neparameetritega<\/p>\n<\/li>\n<li data-start=\"3808\" data-end=\"3843\">\n<p data-start=\"3810\" data-end=\"3843\">K\u00f5ne suunamine lisaaadressidele<\/p>\n<\/li>\n<li data-start=\"3844\" data-end=\"3898\">\n<p data-start=\"3846\" data-end=\"3898\">Programmeeritav arvutist ilma v\u00e4lise toiteallikata<\/p>\n<\/li>\n<li data-start=\"3899\" data-end=\"3962\">\n<p data-start=\"3901\" data-end=\"3962\">Programmeerimine juhtpaneelilt v\u00f5i arvutist USB-kaabli abil<\/p>\n<\/li>\n<li data-start=\"3963\" data-end=\"4031\">\n<p data-start=\"3965\" data-end=\"4031\">Tasuta konfigureerimistarkvara saadaval jaotises \u201eAllalaadimine\u201c<\/p>\n<\/li>\n<li data-start=\"4032\" data-end=\"4111\">\n<p data-start=\"4034\" data-end=\"4111\">\u00dchildub k\u00f5igi j\u00e4rgmiste digiseadmete gruppidega: CDN, Inspiro ja Familio P\/PV<\/p>\n<\/li>\n<\/ul>\n","protected":false},"excerpt":{"rendered":"<p>IndeksINSPIRO 1+ (G2) (Pea-\/Alluvseade)INSPIRO 1+ (Peaseade)INSPIRO 1S+ (Alluvseade) KirjeldusDigitaalne uksetelefon koodlukuga T\u00e4itmine2 mm lame esipaneel taustvalgustusega harjatud roostevabast terasest nuppudega<\/p>\n","protected":false},"featured_media":20761,"template":"","meta":[],"product_brand":[],"product_cat":[1693,606],"product_tag":[],"class_list":{"0":"post-20758","1":"product","2":"type-product","3":"status-publish","4":"has-post-thumbnail","6":"product_cat-aco-et-2","7":"product_cat-fonolukud","9":"first","10":"instock","11":"taxable","12":"shipping-taxable","13":"product-type-simple"},"yoast_head":"<!-- This site is optimized with the Yoast SEO Premium plugin v27.3 (Yoast SEO v27.3) - https:\/\/yoast.com\/product\/yoast-seo-premium-wordpress\/ -->\n<title>Digitaalne uksetelefon INSPIRO 1+ - Fonolukk<\/title>\n<meta name=\"description\" content=\"Digitaalne uksetelefon INSPIRO 1+ - Fonolukk\" \/>\n<meta name=\"robots\" content=\"index, follow, max-snippet:-1, max-image-preview:large, max-video-preview:-1\" \/>\n<link rel=\"canonical\" href=\"https:\/\/fonolukk.eu\/et\/tooted\/digitaalne-uksetelefon-inspiro-1\/\" \/>\n<meta property=\"og:locale\" content=\"et_EE\" \/>\n<meta property=\"og:type\" content=\"article\" \/>\n<meta property=\"og:title\" content=\"Digitaalne uksetelefon INSPIRO 1+\" \/>\n<meta property=\"og:description\" content=\"IndeksINSPIRO 1+ (G2) (Pea-\/Alluvseade)INSPIRO 1+ (Peaseade)INSPIRO 1S+ (Alluvseade) KirjeldusDigitaalne uksetelefon koodlukuga T\u00e4itmine2 mm lame\" \/>\n<meta property=\"og:url\" content=\"https:\/\/fonolukk.eu\/et\/tooted\/digitaalne-uksetelefon-inspiro-1\/\" \/>\n<meta property=\"og:site_name\" content=\"Fonolukk\" \/>\n<meta property=\"article:publisher\" content=\"https:\/\/www.facebook.com\/fonolukk\" \/>\n<meta property=\"article:modified_time\" content=\"2025-06-18T07:38:58+00:00\" \/>\n<meta property=\"og:image\" content=\"https:\/\/fonolukk.eu\/wp-content\/uploads\/2025\/06\/inspiro-1.webp\" \/>\n\t<meta property=\"og:image:width\" content=\"1000\" \/>\n\t<meta property=\"og:image:height\" content=\"1000\" \/>\n\t<meta property=\"og:image:type\" content=\"image\/webp\" \/>\n<meta name=\"twitter:card\" content=\"summary_large_image\" \/>\n<meta name=\"twitter:label1\" content=\"Hind\" \/>\n\t<meta name=\"twitter:data1\" content=\"\" \/>\n\t<meta name=\"twitter:label2\" content=\"Availability\" \/>\n\t<meta name=\"twitter:data2\" content=\"Laos\" \/>\n<script type=\"application\/ld+json\" class=\"yoast-schema-graph\">{\"@context\":\"https:\\\/\\\/schema.org\",\"@graph\":[{\"@type\":\"WebPage\",\"@id\":\"https:\\\/\\\/fonolukk.eu\\\/et\\\/tooted\\\/digitaalne-uksetelefon-inspiro-1\\\/\",\"url\":\"https:\\\/\\\/fonolukk.eu\\\/et\\\/tooted\\\/digitaalne-uksetelefon-inspiro-1\\\/\",\"name\":\"Digitaalne uksetelefon INSPIRO 1+ - Fonolukk\",\"isPartOf\":{\"@id\":\"https:\\\/\\\/fonolukk.eu\\\/et\\\/#website\"},\"primaryImageOfPage\":{\"@id\":\"https:\\\/\\\/fonolukk.eu\\\/et\\\/tooted\\\/digitaalne-uksetelefon-inspiro-1\\\/#primaryimage\"},\"image\":{\"@id\":\"https:\\\/\\\/fonolukk.eu\\\/et\\\/tooted\\\/digitaalne-uksetelefon-inspiro-1\\\/#primaryimage\"},\"thumbnailUrl\":\"https:\\\/\\\/fonolukk.eu\\\/wp-content\\\/uploads\\\/2025\\\/06\\\/inspiro-1.webp\",\"datePublished\":\"2025-06-18T07:26:36+00:00\",\"dateModified\":\"2025-06-18T07:38:58+00:00\",\"description\":\"Digitaalne uksetelefon INSPIRO 1+ - Fonolukk\",\"breadcrumb\":{\"@id\":\"https:\\\/\\\/fonolukk.eu\\\/et\\\/tooted\\\/digitaalne-uksetelefon-inspiro-1\\\/#breadcrumb\"},\"inLanguage\":\"et\",\"potentialAction\":[{\"@type\":\"ReadAction\",\"target\":[\"https:\\\/\\\/fonolukk.eu\\\/et\\\/tooted\\\/digitaalne-uksetelefon-inspiro-1\\\/\"]}]},{\"@type\":\"ImageObject\",\"inLanguage\":\"et\",\"@id\":\"https:\\\/\\\/fonolukk.eu\\\/et\\\/tooted\\\/digitaalne-uksetelefon-inspiro-1\\\/#primaryimage\",\"url\":\"https:\\\/\\\/fonolukk.eu\\\/wp-content\\\/uploads\\\/2025\\\/06\\\/inspiro-1.webp\",\"contentUrl\":\"https:\\\/\\\/fonolukk.eu\\\/wp-content\\\/uploads\\\/2025\\\/06\\\/inspiro-1.webp\",\"width\":1000,\"height\":1000,\"caption\":\"INSPIRO 1+\"},{\"@type\":\"BreadcrumbList\",\"@id\":\"https:\\\/\\\/fonolukk.eu\\\/et\\\/tooted\\\/digitaalne-uksetelefon-inspiro-1\\\/#breadcrumb\",\"itemListElement\":[{\"@type\":\"ListItem\",\"position\":1,\"name\":\"Esileht\",\"item\":\"https:\\\/\\\/fonolukk.eu\\\/et\\\/koduleht\\\/\"},{\"@type\":\"ListItem\",\"position\":2,\"name\":\"Tooted\",\"item\":\"https:\\\/\\\/fonolukk.eu\\\/et\\\/shop-2\\\/\"},{\"@type\":\"ListItem\",\"position\":3,\"name\":\"Fonolukud\",\"item\":\"https:\\\/\\\/fonolukk.eu\\\/et\\\/product-category\\\/fonolukud\\\/\"},{\"@type\":\"ListItem\",\"position\":4,\"name\":\"Digitaalne uksetelefon INSPIRO 1+\"}]},{\"@type\":\"WebSite\",\"@id\":\"https:\\\/\\\/fonolukk.eu\\\/et\\\/#website\",\"url\":\"https:\\\/\\\/fonolukk.eu\\\/et\\\/\",\"name\":\"Fonolukk eu\",\"description\":\"Smart Security Systems\",\"publisher\":{\"@id\":\"https:\\\/\\\/fonolukk.eu\\\/et\\\/#organization\"},\"potentialAction\":[{\"@type\":\"SearchAction\",\"target\":{\"@type\":\"EntryPoint\",\"urlTemplate\":\"https:\\\/\\\/fonolukk.eu\\\/et\\\/?s={search_term_string}\"},\"query-input\":{\"@type\":\"PropertyValueSpecification\",\"valueRequired\":true,\"valueName\":\"search_term_string\"}}],\"inLanguage\":\"et\"},{\"@type\":\"Organization\",\"@id\":\"https:\\\/\\\/fonolukk.eu\\\/et\\\/#organization\",\"name\":\"Smart Security OU\",\"url\":\"https:\\\/\\\/fonolukk.eu\\\/et\\\/\",\"logo\":{\"@type\":\"ImageObject\",\"inLanguage\":\"et\",\"@id\":\"https:\\\/\\\/fonolukk.eu\\\/et\\\/#\\\/schema\\\/logo\\\/image\\\/\",\"url\":\"https:\\\/\\\/fonolukk.eu\\\/wp-content\\\/uploads\\\/2023\\\/09\\\/fonolukk.png\",\"contentUrl\":\"https:\\\/\\\/fonolukk.eu\\\/wp-content\\\/uploads\\\/2023\\\/09\\\/fonolukk.png\",\"width\":277,\"height\":274,\"caption\":\"Smart Security OU\"},\"image\":{\"@id\":\"https:\\\/\\\/fonolukk.eu\\\/et\\\/#\\\/schema\\\/logo\\\/image\\\/\"},\"sameAs\":[\"https:\\\/\\\/www.facebook.com\\\/fonolukk\",\"https:\\\/\\\/www.instagram.com\\\/fonolukk\\\/?hl=ru\"],\"publishingPrinciples\":\"https:\\\/\\\/fonolukk.eu\\\/terms-and-conditions\\\/\",\"ownershipFundingInfo\":\"https:\\\/\\\/fonolukk.eu\\\/about-us\\\/\"}]}<\/script>\n<meta property=\"product:price:amount\" content=\"0.00\" \/>\n<meta property=\"product:price:currency\" content=\"EUR\" \/>\n<meta property=\"og:availability\" content=\"instock\" \/>\n<meta property=\"product:availability\" content=\"instock\" \/>\n<meta property=\"product:retailer_item_id\" content=\"INSPIRO 1+\" \/>\n<meta property=\"product:condition\" content=\"new\" \/>\n<!-- \/ Yoast SEO Premium plugin. -->","yoast_head_json":{"title":"Digitaalne uksetelefon INSPIRO 1+ - Fonolukk","description":"Digitaalne uksetelefon INSPIRO 1+ - Fonolukk","robots":{"index":"index","follow":"follow","max-snippet":"max-snippet:-1","max-image-preview":"max-image-preview:large","max-video-preview":"max-video-preview:-1"},"canonical":"https:\/\/fonolukk.eu\/et\/tooted\/digitaalne-uksetelefon-inspiro-1\/","og_locale":"et_EE","og_type":"article","og_title":"Digitaalne uksetelefon INSPIRO 1+","og_description":"IndeksINSPIRO 1+ (G2) (Pea-\/Alluvseade)INSPIRO 1+ (Peaseade)INSPIRO 1S+ (Alluvseade) KirjeldusDigitaalne uksetelefon koodlukuga T\u00e4itmine2 mm lame","og_url":"https:\/\/fonolukk.eu\/et\/tooted\/digitaalne-uksetelefon-inspiro-1\/","og_site_name":"Fonolukk","article_publisher":"https:\/\/www.facebook.com\/fonolukk","article_modified_time":"2025-06-18T07:38:58+00:00","og_image":[{"width":1000,"height":1000,"url":"https:\/\/fonolukk.eu\/wp-content\/uploads\/2025\/06\/inspiro-1.webp","type":"image\/webp"}],"twitter_card":"summary_large_image","twitter_misc":{"Hind":"","Availability":"Laos"},"schema":{"@context":"https:\/\/schema.org","@graph":[{"@type":"WebPage","@id":"https:\/\/fonolukk.eu\/et\/tooted\/digitaalne-uksetelefon-inspiro-1\/","url":"https:\/\/fonolukk.eu\/et\/tooted\/digitaalne-uksetelefon-inspiro-1\/","name":"Digitaalne uksetelefon INSPIRO 1+ - Fonolukk","isPartOf":{"@id":"https:\/\/fonolukk.eu\/et\/#website"},"primaryImageOfPage":{"@id":"https:\/\/fonolukk.eu\/et\/tooted\/digitaalne-uksetelefon-inspiro-1\/#primaryimage"},"image":{"@id":"https:\/\/fonolukk.eu\/et\/tooted\/digitaalne-uksetelefon-inspiro-1\/#primaryimage"},"thumbnailUrl":"https:\/\/fonolukk.eu\/wp-content\/uploads\/2025\/06\/inspiro-1.webp","datePublished":"2025-06-18T07:26:36+00:00","dateModified":"2025-06-18T07:38:58+00:00","description":"Digitaalne uksetelefon INSPIRO 1+ - Fonolukk","breadcrumb":{"@id":"https:\/\/fonolukk.eu\/et\/tooted\/digitaalne-uksetelefon-inspiro-1\/#breadcrumb"},"inLanguage":"et","potentialAction":[{"@type":"ReadAction","target":["https:\/\/fonolukk.eu\/et\/tooted\/digitaalne-uksetelefon-inspiro-1\/"]}]},{"@type":"ImageObject","inLanguage":"et","@id":"https:\/\/fonolukk.eu\/et\/tooted\/digitaalne-uksetelefon-inspiro-1\/#primaryimage","url":"https:\/\/fonolukk.eu\/wp-content\/uploads\/2025\/06\/inspiro-1.webp","contentUrl":"https:\/\/fonolukk.eu\/wp-content\/uploads\/2025\/06\/inspiro-1.webp","width":1000,"height":1000,"caption":"INSPIRO 1+"},{"@type":"BreadcrumbList","@id":"https:\/\/fonolukk.eu\/et\/tooted\/digitaalne-uksetelefon-inspiro-1\/#breadcrumb","itemListElement":[{"@type":"ListItem","position":1,"name":"Esileht","item":"https:\/\/fonolukk.eu\/et\/koduleht\/"},{"@type":"ListItem","position":2,"name":"Tooted","item":"https:\/\/fonolukk.eu\/et\/shop-2\/"},{"@type":"ListItem","position":3,"name":"Fonolukud","item":"https:\/\/fonolukk.eu\/et\/product-category\/fonolukud\/"},{"@type":"ListItem","position":4,"name":"Digitaalne uksetelefon INSPIRO 1+"}]},{"@type":"WebSite","@id":"https:\/\/fonolukk.eu\/et\/#website","url":"https:\/\/fonolukk.eu\/et\/","name":"Fonolukk eu","description":"Smart Security Systems","publisher":{"@id":"https:\/\/fonolukk.eu\/et\/#organization"},"potentialAction":[{"@type":"SearchAction","target":{"@type":"EntryPoint","urlTemplate":"https:\/\/fonolukk.eu\/et\/?s={search_term_string}"},"query-input":{"@type":"PropertyValueSpecification","valueRequired":true,"valueName":"search_term_string"}}],"inLanguage":"et"},{"@type":"Organization","@id":"https:\/\/fonolukk.eu\/et\/#organization","name":"Smart Security OU","url":"https:\/\/fonolukk.eu\/et\/","logo":{"@type":"ImageObject","inLanguage":"et","@id":"https:\/\/fonolukk.eu\/et\/#\/schema\/logo\/image\/","url":"https:\/\/fonolukk.eu\/wp-content\/uploads\/2023\/09\/fonolukk.png","contentUrl":"https:\/\/fonolukk.eu\/wp-content\/uploads\/2023\/09\/fonolukk.png","width":277,"height":274,"caption":"Smart Security OU"},"image":{"@id":"https:\/\/fonolukk.eu\/et\/#\/schema\/logo\/image\/"},"sameAs":["https:\/\/www.facebook.com\/fonolukk","https:\/\/www.instagram.com\/fonolukk\/?hl=ru"],"publishingPrinciples":"https:\/\/fonolukk.eu\/terms-and-conditions\/","ownershipFundingInfo":"https:\/\/fonolukk.eu\/about-us\/"}]},"product_price_amount":"0.00","product_price_currency":"EUR","og_availability":"instock","product_availability":"instock","product_retailer_item_id":"INSPIRO 1+","product_condition":"new"},"_links":{"self":[{"href":"https:\/\/fonolukk.eu\/et\/wp-json\/wp\/v2\/product\/20758","targetHints":{"allow":["GET"]}}],"collection":[{"href":"https:\/\/fonolukk.eu\/et\/wp-json\/wp\/v2\/product"}],"about":[{"href":"https:\/\/fonolukk.eu\/et\/wp-json\/wp\/v2\/types\/product"}],"version-history":[{"count":1,"href":"https:\/\/fonolukk.eu\/et\/wp-json\/wp\/v2\/product\/20758\/revisions"}],"predecessor-version":[{"id":20764,"href":"https:\/\/fonolukk.eu\/et\/wp-json\/wp\/v2\/product\/20758\/revisions\/20764"}],"wp:featuredmedia":[{"embeddable":true,"href":"https:\/\/fonolukk.eu\/et\/wp-json\/wp\/v2\/media\/20761"}],"wp:attachment":[{"href":"https:\/\/fonolukk.eu\/et\/wp-json\/wp\/v2\/media?parent=20758"}],"wp:term":[{"taxonomy":"product_brand","embeddable":true,"href":"https:\/\/fonolukk.eu\/et\/wp-json\/wp\/v2\/product_brand?post=20758"},{"taxonomy":"product_cat","embeddable":true,"href":"https:\/\/fonolukk.eu\/et\/wp-json\/wp\/v2\/product_cat?post=20758"},{"taxonomy":"product_tag","embeddable":true,"href":"https:\/\/fonolukk.eu\/et\/wp-json\/wp\/v2\/product_tag?post=20758"}],"curies":[{"name":"wp","href":"https:\/\/api.w.org\/{rel}","templated":true}]}}