{"id":20768,"date":"2025-06-18T10:46:31","date_gmt":"2025-06-18T07:46:31","guid":{"rendered":"https:\/\/fonolukk.eu\/?post_type=product&#038;p=20768"},"modified":"2025-07-03T10:40:19","modified_gmt":"2025-07-03T07:40:19","slug":"digitaalne-fonolukk-inspiro-9","status":"publish","type":"product","link":"https:\/\/fonolukk.eu\/et\/tooted\/digitaalne-fonolukk-inspiro-9\/","title":{"rendered":"Digitaalne fonolukk INSPIRO 9+"},"content":{"rendered":"<p data-start=\"87\" data-end=\"184\"><strong data-start=\"87\" data-end=\"97\">Indeks<\/strong><br data-start=\"97\" data-end=\"100\" \/>INSPIRO 9+ (G2) (Pea-\/Alluvseade)<br data-start=\"133\" data-end=\"136\" \/>INSPIRO 9+ (Peaseade)<br data-start=\"157\" data-end=\"160\" \/>INSPIRO 9S+ (Alluvseade)<\/p>\n<p data-start=\"186\" data-end=\"264\"><strong data-start=\"186\" data-end=\"199\">Kirjeldus<\/strong><br data-start=\"199\" data-end=\"202\" \/>Digitaalne fonolukk koodlukuga ja v\u00e4ikese kirjeldusloendiga<\/p>\n<p data-start=\"266\" data-end=\"359\"><strong data-start=\"266\" data-end=\"278\">T\u00e4itmine<\/strong><br data-start=\"278\" data-end=\"281\" \/>2 mm lame esipaneel taustvalgustusega harjatud roostevabast terasest nuppudega<\/p>\n<p data-start=\"361\" data-end=\"394\"><strong data-start=\"361\" data-end=\"392\">Saadaolevad keeleversioonid<\/strong><\/p>\n<ul data-start=\"395\" data-end=\"440\">\n<li data-start=\"395\" data-end=\"410\">\n<p data-start=\"397\" data-end=\"410\">PL-EN-DE-FR<\/p>\n<\/li>\n<li data-start=\"411\" data-end=\"426\">\n<p data-start=\"413\" data-end=\"426\">PL-EN-DE-SV<\/p>\n<\/li>\n<li data-start=\"427\" data-end=\"440\">\n<p data-start=\"429\" data-end=\"440\">EN-LT-IT-HU<\/p>\n<\/li>\n<\/ul>\n<p data-start=\"442\" data-end=\"456\"><strong data-start=\"442\" data-end=\"454\">Moodulid<\/strong><\/p>\n<ul data-start=\"457\" data-end=\"582\">\n<li data-start=\"457\" data-end=\"512\">\n<p data-start=\"459\" data-end=\"512\"><strong data-start=\"459\" data-end=\"465\">5N<\/strong> \u2013 v\u00e4ike moodul valgustatud kirjeldusloendiga<\/p>\n<\/li>\n<li data-start=\"513\" data-end=\"582\">\n<p data-start=\"515\" data-end=\"582\"><strong data-start=\"515\" data-end=\"527\">Koodlukk<\/strong> \u2013 igale ruumile individuaalne neljakohaline avamiskood<\/p>\n<\/li>\n<\/ul>\n<p data-start=\"584\" data-end=\"613\"><strong data-start=\"584\" data-end=\"594\">Ekraan<\/strong><br data-start=\"594\" data-end=\"597\" \/>Soojendusega LCD<\/p>\n<p data-start=\"615\" data-end=\"662\"><strong data-start=\"615\" data-end=\"644\">Maksimaalne tellijate arv<\/strong><br data-start=\"644\" data-end=\"647\" \/>Kuni 1020 ruumi<\/p>\n<p data-start=\"664\" data-end=\"739\"><strong data-start=\"664\" data-end=\"683\">Paigaldusmeetod<\/strong><br data-start=\"683\" data-end=\"686\" \/>Sisseehitatav<br data-start=\"699\" data-end=\"702\" \/>(valikuline paigalduskarp: INS-PM NT)<\/p>\n<p data-start=\"741\" data-end=\"759\"><strong data-start=\"741\" data-end=\"757\">M\u00f5\u00f5tmed (mm)<\/strong><\/p>\n<ul data-start=\"760\" data-end=\"858\">\n<li data-start=\"760\" data-end=\"781\">\n<p data-start=\"762\" data-end=\"781\">Paneel: 111 \u00d7 290<\/p>\n<\/li>\n<li data-start=\"782\" data-end=\"814\">\n<p data-start=\"784\" data-end=\"814\">Kirjeldusv\u00e4lja m\u00f5\u00f5t: 73 \u00d7 39<\/p>\n<\/li>\n<li data-start=\"815\" data-end=\"858\">\n<p data-start=\"817\" data-end=\"858\">S\u00fcvistatav paigalduskarp: 92 \u00d7 271 \u00d7 31,5<\/p>\n<\/li>\n<\/ul>\n<p data-start=\"860\" data-end=\"901\"><strong data-start=\"860\" data-end=\"879\">Paigalduse t\u00fc\u00fcp<\/strong><br data-start=\"879\" data-end=\"882\" \/>Digitaalne: 2 juhet<\/p>\n<p data-start=\"903\" data-end=\"943\"><strong data-start=\"903\" data-end=\"920\">Juhtme pikkus<\/strong><br data-start=\"920\" data-end=\"923\" \/>Maksimaalselt 1000 m<\/p>\n<p data-start=\"945\" data-end=\"1018\"><strong data-start=\"945\" data-end=\"961\">Toiteallikas<\/strong><br data-start=\"961\" data-end=\"964\" \/>15 V alalisvool \/ 174 mA v\u00f5i 12 V \u00b1 0,5 V vahelduvvool<\/p>\n<p data-start=\"1020\" data-end=\"1057\"><strong data-start=\"1020\" data-end=\"1048\">Ootere\u017eiimi energiatarve<\/strong><br data-start=\"1048\" data-end=\"1051\" \/>~0,7 W<\/p>\n<p data-start=\"1059\" data-end=\"1074\"><strong data-start=\"1059\" data-end=\"1072\">V\u00e4ljundid<\/strong><\/p>\n<ul data-start=\"1075\" data-end=\"1387\">\n<li data-start=\"1075\" data-end=\"1215\">\n<p data-start=\"1077\" data-end=\"1215\">2 \u00d7 kruviklemmid &#8220;ELOCK&#8221;: \u00fchendus traditsioonilise elektriluku (max 1 A), tagurpidi luku (max 0,5 A) v\u00f5i CDN-PK releemooduliga (max 5 A)<\/p>\n<\/li>\n<li data-start=\"1216\" data-end=\"1285\">\n<p data-start=\"1218\" data-end=\"1285\">2 \u00d7 kruviklemmid: helisignaali \u00fchendus \u2013 &#8220;LINE+&#8221; ja &#8220;LINE\u2013 (GND)&#8221;<\/p>\n<\/li>\n<li data-start=\"1286\" data-end=\"1387\">\n<p data-start=\"1288\" data-end=\"1387\">2 \u00d7 kruviklemmid: teise releev\u00e4ljundi \u00fchendus \u2013 &#8220;N&#8221; ja &#8220;NO&#8221; (max 2 A, 30 VDC) \u2013 <em data-start=\"1368\" data-end=\"1387\">ainult peaseadmel<\/em><\/p>\n<\/li>\n<\/ul>\n<p data-start=\"1389\" data-end=\"1403\"><strong data-start=\"1389\" data-end=\"1401\">Sisendid<\/strong><\/p>\n<ul data-start=\"1404\" data-end=\"1729\">\n<li data-start=\"1404\" data-end=\"1455\">\n<p data-start=\"1406\" data-end=\"1455\">4 \u00d7 kruviklemmid: toite\u00fchendus \u2013 &#8220;+DC&#8221; ja &#8220;GND&#8221;<\/p>\n<\/li>\n<li data-start=\"1456\" data-end=\"1571\">\n<p data-start=\"1458\" data-end=\"1571\">1 \u00d7 kruviklemm \u201cINPUT\u201d: tavaliselt avatud nupp (NO), aktiveerub l\u00fchistades GND-ga (nt v\u00e4line ukse avamise nupp)<\/p>\n<\/li>\n<li data-start=\"1572\" data-end=\"1674\">\n<p data-start=\"1574\" data-end=\"1674\">1 \u00d7 kruviklemm: eelneva paneeli helisignaali \u00fchendus (Master Line) \u2013 \u201cML+\u201d (<em data-start=\"1650\" data-end=\"1671\">ainult alluvseadmel<\/em>)<\/p>\n<\/li>\n<li data-start=\"1675\" data-end=\"1729\">\n<p data-start=\"1677\" data-end=\"1729\">2 \u00d7 &#8220;EXTMOD&#8221; pesa valikuliste moodulite \u00fchendamiseks<\/p>\n<\/li>\n<\/ul>\n<p data-start=\"1731\" data-end=\"1769\"><strong data-start=\"1731\" data-end=\"1767\">Puuetega inimeste ligip\u00e4\u00e4setavus<\/strong><\/p>\n<ul data-start=\"1770\" data-end=\"2061\">\n<li data-start=\"1770\" data-end=\"1835\">\n<p data-start=\"1772\" data-end=\"1835\">Taustvalgustusega klaviatuurinupud, valikuliselt punktkirjaga<\/p>\n<\/li>\n<li data-start=\"1836\" data-end=\"1894\">\n<p data-start=\"1838\" data-end=\"1894\">Paneeli funktsioonide akustiline ja optiline m\u00e4rguanne<\/p>\n<\/li>\n<li data-start=\"1895\" data-end=\"1972\">\n<p data-start=\"1897\" data-end=\"1972\">Ukse automaatne v\u00f5i kaugjuhitav avamine (nupu abil) ilma k\u00f5nele vastamata<\/p>\n<\/li>\n<li data-start=\"1973\" data-end=\"2061\">\n<p data-start=\"1975\" data-end=\"2061\">V\u00f5imalus \u00fchendada siseruumidesse t\u00e4iendav akustiline v\u00f5i optiline signaalseade (CDN-U)<\/p>\n<\/li>\n<\/ul>\n<p data-start=\"2063\" data-end=\"2077\"><strong data-start=\"2063\" data-end=\"2075\">Omadused<\/strong><\/p>\n<ul data-start=\"2078\" data-end=\"4126\">\n<li data-start=\"2078\" data-end=\"2112\">\n<p data-start=\"2080\" data-end=\"2112\">Ilmastiku- ja vandalismikindel<\/p>\n<\/li>\n<li data-start=\"2113\" data-end=\"2161\">\n<p data-start=\"2115\" data-end=\"2161\">Konfigureeritavad 6-kohalised korterinumbrid<\/p>\n<\/li>\n<li data-start=\"2162\" data-end=\"2187\">\n<p data-start=\"2164\" data-end=\"2187\">4 eraldi kooditabelit<\/p>\n<\/li>\n<li data-start=\"2188\" data-end=\"2337\">\n<p data-start=\"2190\" data-end=\"2211\">Saadaolevad koodid:<\/p>\n<ul data-start=\"2214\" data-end=\"2337\">\n<li data-start=\"2214\" data-end=\"2249\">\n<p data-start=\"2216\" data-end=\"2249\">1020 \u00fc\u00fcrnikukoodi (4-kohalised)<\/p>\n<\/li>\n<li data-start=\"2252\" data-end=\"2300\">\n<p data-start=\"2254\" data-end=\"2300\">5 administraatori koodi (4- v\u00f5i 6-kohalised)<\/p>\n<\/li>\n<li data-start=\"2303\" data-end=\"2337\">\n<p data-start=\"2305\" data-end=\"2337\">1 paigaldaja kood (8-kohaline)<\/p>\n<\/li>\n<\/ul>\n<\/li>\n<li data-start=\"2338\" data-end=\"2396\">\n<p data-start=\"2340\" data-end=\"2396\">Programmeeritav tekst p\u00f5hiekraanil (kuni 30 t\u00e4hem\u00e4rki)<\/p>\n<\/li>\n<li data-start=\"2397\" data-end=\"2451\">\n<p data-start=\"2399\" data-end=\"2451\">Reguleeritav maksimaalne k\u00f5neaeg (40\u2013120 sekundit)<\/p>\n<\/li>\n<li data-start=\"2452\" data-end=\"2531\">\n<p data-start=\"2454\" data-end=\"2531\">Tugi paljudele laiendusmoodulitele s\u00fcsteemi funktsionaalsuse suurendamiseks<\/p>\n<\/li>\n<li data-start=\"2532\" data-end=\"2578\">\n<p data-start=\"2534\" data-end=\"2578\">Tugi Master\/Slave\/Multimaster s\u00fcsteemidele<\/p>\n<\/li>\n<li data-start=\"2579\" data-end=\"2643\">\n<p data-start=\"2581\" data-end=\"2643\">Valikuline SW4S-DIN moodul on vajalik 1020 ruumi toetamiseks<\/p>\n<\/li>\n<li data-start=\"2644\" data-end=\"2728\">\n<p data-start=\"2646\" data-end=\"2728\">Elektrilise vasturaua v\u00f5i lisarelee avamine ilma aktiivse k\u00f5neta (CDN-I\/O kaudu)<\/p>\n<\/li>\n<li data-start=\"2729\" data-end=\"3067\">\n<p data-start=\"2731\" data-end=\"2888\">Koduautomaatika: v\u00e4ravate, t\u00f5kkepuude, valgustuse ja ruloode juhtimine klaviatuuri, v\u00f5tmehoidja v\u00f5i vastuv\u00f5tja kaudu. V\u00f5imalik ka ilma aktiivse \u00fchenduseta:<\/p>\n<ul data-start=\"2891\" data-end=\"3067\">\n<li data-start=\"2891\" data-end=\"2937\">\n<p data-start=\"2893\" data-end=\"2937\">V\u00e4rava avamine \u2013 kolmekordne klahvivajutus<\/p>\n<\/li>\n<li data-start=\"2940\" data-end=\"3019\">\n<p data-start=\"2942\" data-end=\"3019\">V\u00e4lisseadmete juhtimine (CDN-I\/O mooduli kaudu) \u2013 kolmekordne klahvivajutus<\/p>\n<\/li>\n<li data-start=\"3022\" data-end=\"3067\">\n<p data-start=\"3024\" data-end=\"3067\">Juhtimis\u00f5iguste m\u00e4\u00e4ramine iga ruumi kaupa<\/p>\n<\/li>\n<\/ul>\n<\/li>\n<li data-start=\"3068\" data-end=\"3147\">\n<p data-start=\"3070\" data-end=\"3147\">V\u00f5imalus m\u00e4\u00e4rata sama number mitmele vastuv\u00f5tjale aktiivsete seadmete puhul<\/p>\n<\/li>\n<li data-start=\"3148\" data-end=\"3208\">\n<p data-start=\"3150\" data-end=\"3208\">Laiad individuaalsed seadistusv\u00f5imalused iga ruumi jaoks<\/p>\n<\/li>\n<li data-start=\"3209\" data-end=\"3264\">\n<p data-start=\"3211\" data-end=\"3264\">Intuitiivne ja mugav kasutamine ja konfigureerimine<\/p>\n<\/li>\n<li data-start=\"3265\" data-end=\"3296\">\n<p data-start=\"3267\" data-end=\"3296\">Koridori avamise funktsioon<\/p>\n<\/li>\n<li data-start=\"3297\" data-end=\"3352\">\n<p data-start=\"3299\" data-end=\"3352\">K\u00f5nenumbrite vahemike ja gruppide muutmise v\u00f5imalus<\/p>\n<\/li>\n<li data-start=\"3353\" data-end=\"3425\">\n<p data-start=\"3355\" data-end=\"3425\">Kuni 8 eelseadistatud numbrit, millele saab helistada ilma r\u00e4\u00e4kimata<\/p>\n<\/li>\n<li data-start=\"3426\" data-end=\"3478\">\n<p data-start=\"3428\" data-end=\"3478\">Automaatne ukse avamise funktsioon igale ruumile<\/p>\n<\/li>\n<li data-start=\"3479\" data-end=\"3504\">\n<p data-start=\"3481\" data-end=\"3504\">Uksehoidja funktsioon<\/p>\n<\/li>\n<li data-start=\"3505\" data-end=\"3597\">\n<p data-start=\"3507\" data-end=\"3597\">V\u00f5imalus kuvada kohandatud s\u00f5num (kuni 6 t\u00e4hem\u00e4rki) ekraanil uksehoidjale suunamise ajal<\/p>\n<\/li>\n<li data-start=\"3598\" data-end=\"3653\">\n<p data-start=\"3600\" data-end=\"3653\">Vestluse ajal ukse avamiste arvu seadistamine (1\u20133)<\/p>\n<\/li>\n<li data-start=\"3654\" data-end=\"3726\">\n<p data-start=\"3656\" data-end=\"3726\">Toetus erinevatele elektrilistele ja elektromagnetilistele lukkudele<\/p>\n<\/li>\n<li data-start=\"3727\" data-end=\"3794\">\n<p data-start=\"3729\" data-end=\"3794\">8 prioriteetset lisaaadressi individuaalsete k\u00f5neparameetritega<\/p>\n<\/li>\n<li data-start=\"3795\" data-end=\"3830\">\n<p data-start=\"3797\" data-end=\"3830\">K\u00f5ne suunamine lisaaadressidele<\/p>\n<\/li>\n<li data-start=\"3831\" data-end=\"3896\">\n<p data-start=\"3833\" data-end=\"3896\">Programmeerimine arvutist ilma v\u00e4list toiteallikat kasutamata<\/p>\n<\/li>\n<li data-start=\"3897\" data-end=\"3961\">\n<p data-start=\"3899\" data-end=\"3961\">Programmeerimine juhtpaneelilt v\u00f5i USB-kaabli kaudu arvutist<\/p>\n<\/li>\n<li data-start=\"3962\" data-end=\"4030\">\n<p data-start=\"3964\" data-end=\"4030\">Tasuta seadistustarkvara on saadaval vahekaardil &#8220;Allalaadimine&#8221;<\/p>\n<\/li>\n<li data-start=\"4031\" data-end=\"4126\">\n<p data-start=\"4033\" data-end=\"4126\">\u00dchildub k\u00f5igi j\u00e4rgmiste digitaalseadmete gruppidega: <strong data-start=\"4086\" data-end=\"4093\">CDN<\/strong>, <strong data-start=\"4095\" data-end=\"4106\">Inspiro<\/strong> ja <strong data-start=\"4110\" data-end=\"4126\">Familio P\/PV<\/strong><\/p>\n<\/li>\n<\/ul>\n","protected":false},"excerpt":{"rendered":"<p>IndeksINSPIRO 9+ (G2) (Pea-\/Alluvseade)INSPIRO 9+ (Peaseade)INSPIRO 9S+ (Alluvseade) KirjeldusDigitaalne fonolukk koodlukuga ja v\u00e4ikese kirjeldusloendiga T\u00e4itmine2 mm lame esipaneel taustvalgustusega harjatud<\/p>\n","protected":false},"featured_media":20771,"template":"","meta":[],"product_brand":[],"product_cat":[1693,606],"product_tag":[],"class_list":{"0":"post-20768","1":"product","2":"type-product","3":"status-publish","4":"has-post-thumbnail","6":"product_cat-aco-et-2","7":"product_cat-fonolukud","9":"first","10":"instock","11":"taxable","12":"shipping-taxable","13":"product-type-simple"},"yoast_head":"<!-- This site is optimized with the Yoast SEO Premium plugin v27.3 (Yoast SEO v27.3) - https:\/\/yoast.com\/product\/yoast-seo-premium-wordpress\/ -->\n<title>Digitaalne fonolukk INSPIRO 9+ - Fonolukk<\/title>\n<meta name=\"description\" content=\"Digitaalne fonolukk INSPIRO 9+ - Fonolukk\" \/>\n<meta name=\"robots\" content=\"index, follow, max-snippet:-1, max-image-preview:large, max-video-preview:-1\" \/>\n<link rel=\"canonical\" href=\"https:\/\/fonolukk.eu\/et\/tooted\/digitaalne-fonolukk-inspiro-9\/\" \/>\n<meta property=\"og:locale\" content=\"et_EE\" \/>\n<meta property=\"og:type\" content=\"article\" \/>\n<meta property=\"og:title\" content=\"Digitaalne fonolukk INSPIRO 9+\" \/>\n<meta property=\"og:description\" content=\"IndeksINSPIRO 9+ (G2) (Pea-\/Alluvseade)INSPIRO 9+ (Peaseade)INSPIRO 9S+ (Alluvseade) KirjeldusDigitaalne fonolukk koodlukuga ja v\u00e4ikese kirjeldusloendiga\" \/>\n<meta property=\"og:url\" content=\"https:\/\/fonolukk.eu\/et\/tooted\/digitaalne-fonolukk-inspiro-9\/\" \/>\n<meta property=\"og:site_name\" content=\"Fonolukk\" \/>\n<meta property=\"article:publisher\" content=\"https:\/\/www.facebook.com\/fonolukk\" \/>\n<meta property=\"article:modified_time\" content=\"2025-07-03T07:40:19+00:00\" \/>\n<meta property=\"og:image\" content=\"https:\/\/fonolukk.eu\/wp-content\/uploads\/2025\/06\/inspiro-9.webp\" \/>\n\t<meta property=\"og:image:width\" content=\"1000\" \/>\n\t<meta property=\"og:image:height\" content=\"1000\" \/>\n\t<meta property=\"og:image:type\" content=\"image\/webp\" \/>\n<meta name=\"twitter:card\" content=\"summary_large_image\" \/>\n<meta name=\"twitter:label1\" content=\"Hind\" \/>\n\t<meta name=\"twitter:data1\" content=\"\" \/>\n\t<meta name=\"twitter:label2\" content=\"Availability\" \/>\n\t<meta name=\"twitter:data2\" content=\"Laos\" \/>\n<script type=\"application\/ld+json\" class=\"yoast-schema-graph\">{\"@context\":\"https:\\\/\\\/schema.org\",\"@graph\":[{\"@type\":\"WebPage\",\"@id\":\"https:\\\/\\\/fonolukk.eu\\\/et\\\/tooted\\\/digitaalne-fonolukk-inspiro-9\\\/\",\"url\":\"https:\\\/\\\/fonolukk.eu\\\/et\\\/tooted\\\/digitaalne-fonolukk-inspiro-9\\\/\",\"name\":\"Digitaalne fonolukk INSPIRO 9+ - Fonolukk\",\"isPartOf\":{\"@id\":\"https:\\\/\\\/fonolukk.eu\\\/et\\\/#website\"},\"primaryImageOfPage\":{\"@id\":\"https:\\\/\\\/fonolukk.eu\\\/et\\\/tooted\\\/digitaalne-fonolukk-inspiro-9\\\/#primaryimage\"},\"image\":{\"@id\":\"https:\\\/\\\/fonolukk.eu\\\/et\\\/tooted\\\/digitaalne-fonolukk-inspiro-9\\\/#primaryimage\"},\"thumbnailUrl\":\"https:\\\/\\\/fonolukk.eu\\\/wp-content\\\/uploads\\\/2025\\\/06\\\/inspiro-9.webp\",\"datePublished\":\"2025-06-18T07:46:31+00:00\",\"dateModified\":\"2025-07-03T07:40:19+00:00\",\"description\":\"Digitaalne fonolukk INSPIRO 9+ - Fonolukk\",\"breadcrumb\":{\"@id\":\"https:\\\/\\\/fonolukk.eu\\\/et\\\/tooted\\\/digitaalne-fonolukk-inspiro-9\\\/#breadcrumb\"},\"inLanguage\":\"et\",\"potentialAction\":[{\"@type\":\"ReadAction\",\"target\":[\"https:\\\/\\\/fonolukk.eu\\\/et\\\/tooted\\\/digitaalne-fonolukk-inspiro-9\\\/\"]}]},{\"@type\":\"ImageObject\",\"inLanguage\":\"et\",\"@id\":\"https:\\\/\\\/fonolukk.eu\\\/et\\\/tooted\\\/digitaalne-fonolukk-inspiro-9\\\/#primaryimage\",\"url\":\"https:\\\/\\\/fonolukk.eu\\\/wp-content\\\/uploads\\\/2025\\\/06\\\/inspiro-9.webp\",\"contentUrl\":\"https:\\\/\\\/fonolukk.eu\\\/wp-content\\\/uploads\\\/2025\\\/06\\\/inspiro-9.webp\",\"width\":1000,\"height\":1000,\"caption\":\"INSPIRO 9+\"},{\"@type\":\"BreadcrumbList\",\"@id\":\"https:\\\/\\\/fonolukk.eu\\\/et\\\/tooted\\\/digitaalne-fonolukk-inspiro-9\\\/#breadcrumb\",\"itemListElement\":[{\"@type\":\"ListItem\",\"position\":1,\"name\":\"Esileht\",\"item\":\"https:\\\/\\\/fonolukk.eu\\\/et\\\/koduleht\\\/\"},{\"@type\":\"ListItem\",\"position\":2,\"name\":\"Tooted\",\"item\":\"https:\\\/\\\/fonolukk.eu\\\/et\\\/shop-2\\\/\"},{\"@type\":\"ListItem\",\"position\":3,\"name\":\"Fonolukud\",\"item\":\"https:\\\/\\\/fonolukk.eu\\\/et\\\/product-category\\\/fonolukud\\\/\"},{\"@type\":\"ListItem\",\"position\":4,\"name\":\"Digitaalne fonolukk INSPIRO 9+\"}]},{\"@type\":\"WebSite\",\"@id\":\"https:\\\/\\\/fonolukk.eu\\\/et\\\/#website\",\"url\":\"https:\\\/\\\/fonolukk.eu\\\/et\\\/\",\"name\":\"Fonolukk eu\",\"description\":\"Smart Security Systems\",\"publisher\":{\"@id\":\"https:\\\/\\\/fonolukk.eu\\\/et\\\/#organization\"},\"potentialAction\":[{\"@type\":\"SearchAction\",\"target\":{\"@type\":\"EntryPoint\",\"urlTemplate\":\"https:\\\/\\\/fonolukk.eu\\\/et\\\/?s={search_term_string}\"},\"query-input\":{\"@type\":\"PropertyValueSpecification\",\"valueRequired\":true,\"valueName\":\"search_term_string\"}}],\"inLanguage\":\"et\"},{\"@type\":\"Organization\",\"@id\":\"https:\\\/\\\/fonolukk.eu\\\/et\\\/#organization\",\"name\":\"Smart Security OU\",\"url\":\"https:\\\/\\\/fonolukk.eu\\\/et\\\/\",\"logo\":{\"@type\":\"ImageObject\",\"inLanguage\":\"et\",\"@id\":\"https:\\\/\\\/fonolukk.eu\\\/et\\\/#\\\/schema\\\/logo\\\/image\\\/\",\"url\":\"https:\\\/\\\/fonolukk.eu\\\/wp-content\\\/uploads\\\/2023\\\/09\\\/fonolukk.png\",\"contentUrl\":\"https:\\\/\\\/fonolukk.eu\\\/wp-content\\\/uploads\\\/2023\\\/09\\\/fonolukk.png\",\"width\":277,\"height\":274,\"caption\":\"Smart Security OU\"},\"image\":{\"@id\":\"https:\\\/\\\/fonolukk.eu\\\/et\\\/#\\\/schema\\\/logo\\\/image\\\/\"},\"sameAs\":[\"https:\\\/\\\/www.facebook.com\\\/fonolukk\",\"https:\\\/\\\/www.instagram.com\\\/fonolukk\\\/?hl=ru\"],\"publishingPrinciples\":\"https:\\\/\\\/fonolukk.eu\\\/terms-and-conditions\\\/\",\"ownershipFundingInfo\":\"https:\\\/\\\/fonolukk.eu\\\/about-us\\\/\"}]}<\/script>\n<meta property=\"product:price:amount\" content=\"0.00\" \/>\n<meta property=\"product:price:currency\" content=\"EUR\" \/>\n<meta property=\"og:availability\" content=\"instock\" \/>\n<meta property=\"product:availability\" content=\"instock\" \/>\n<meta property=\"product:retailer_item_id\" content=\"INSPIRO 9+\" \/>\n<meta property=\"product:condition\" content=\"new\" \/>\n<!-- \/ Yoast SEO Premium plugin. -->","yoast_head_json":{"title":"Digitaalne fonolukk INSPIRO 9+ - Fonolukk","description":"Digitaalne fonolukk INSPIRO 9+ - Fonolukk","robots":{"index":"index","follow":"follow","max-snippet":"max-snippet:-1","max-image-preview":"max-image-preview:large","max-video-preview":"max-video-preview:-1"},"canonical":"https:\/\/fonolukk.eu\/et\/tooted\/digitaalne-fonolukk-inspiro-9\/","og_locale":"et_EE","og_type":"article","og_title":"Digitaalne fonolukk INSPIRO 9+","og_description":"IndeksINSPIRO 9+ (G2) (Pea-\/Alluvseade)INSPIRO 9+ (Peaseade)INSPIRO 9S+ (Alluvseade) KirjeldusDigitaalne fonolukk koodlukuga ja v\u00e4ikese kirjeldusloendiga","og_url":"https:\/\/fonolukk.eu\/et\/tooted\/digitaalne-fonolukk-inspiro-9\/","og_site_name":"Fonolukk","article_publisher":"https:\/\/www.facebook.com\/fonolukk","article_modified_time":"2025-07-03T07:40:19+00:00","og_image":[{"width":1000,"height":1000,"url":"https:\/\/fonolukk.eu\/wp-content\/uploads\/2025\/06\/inspiro-9.webp","type":"image\/webp"}],"twitter_card":"summary_large_image","twitter_misc":{"Hind":"","Availability":"Laos"},"schema":{"@context":"https:\/\/schema.org","@graph":[{"@type":"WebPage","@id":"https:\/\/fonolukk.eu\/et\/tooted\/digitaalne-fonolukk-inspiro-9\/","url":"https:\/\/fonolukk.eu\/et\/tooted\/digitaalne-fonolukk-inspiro-9\/","name":"Digitaalne fonolukk INSPIRO 9+ - Fonolukk","isPartOf":{"@id":"https:\/\/fonolukk.eu\/et\/#website"},"primaryImageOfPage":{"@id":"https:\/\/fonolukk.eu\/et\/tooted\/digitaalne-fonolukk-inspiro-9\/#primaryimage"},"image":{"@id":"https:\/\/fonolukk.eu\/et\/tooted\/digitaalne-fonolukk-inspiro-9\/#primaryimage"},"thumbnailUrl":"https:\/\/fonolukk.eu\/wp-content\/uploads\/2025\/06\/inspiro-9.webp","datePublished":"2025-06-18T07:46:31+00:00","dateModified":"2025-07-03T07:40:19+00:00","description":"Digitaalne fonolukk INSPIRO 9+ - Fonolukk","breadcrumb":{"@id":"https:\/\/fonolukk.eu\/et\/tooted\/digitaalne-fonolukk-inspiro-9\/#breadcrumb"},"inLanguage":"et","potentialAction":[{"@type":"ReadAction","target":["https:\/\/fonolukk.eu\/et\/tooted\/digitaalne-fonolukk-inspiro-9\/"]}]},{"@type":"ImageObject","inLanguage":"et","@id":"https:\/\/fonolukk.eu\/et\/tooted\/digitaalne-fonolukk-inspiro-9\/#primaryimage","url":"https:\/\/fonolukk.eu\/wp-content\/uploads\/2025\/06\/inspiro-9.webp","contentUrl":"https:\/\/fonolukk.eu\/wp-content\/uploads\/2025\/06\/inspiro-9.webp","width":1000,"height":1000,"caption":"INSPIRO 9+"},{"@type":"BreadcrumbList","@id":"https:\/\/fonolukk.eu\/et\/tooted\/digitaalne-fonolukk-inspiro-9\/#breadcrumb","itemListElement":[{"@type":"ListItem","position":1,"name":"Esileht","item":"https:\/\/fonolukk.eu\/et\/koduleht\/"},{"@type":"ListItem","position":2,"name":"Tooted","item":"https:\/\/fonolukk.eu\/et\/shop-2\/"},{"@type":"ListItem","position":3,"name":"Fonolukud","item":"https:\/\/fonolukk.eu\/et\/product-category\/fonolukud\/"},{"@type":"ListItem","position":4,"name":"Digitaalne fonolukk INSPIRO 9+"}]},{"@type":"WebSite","@id":"https:\/\/fonolukk.eu\/et\/#website","url":"https:\/\/fonolukk.eu\/et\/","name":"Fonolukk eu","description":"Smart Security Systems","publisher":{"@id":"https:\/\/fonolukk.eu\/et\/#organization"},"potentialAction":[{"@type":"SearchAction","target":{"@type":"EntryPoint","urlTemplate":"https:\/\/fonolukk.eu\/et\/?s={search_term_string}"},"query-input":{"@type":"PropertyValueSpecification","valueRequired":true,"valueName":"search_term_string"}}],"inLanguage":"et"},{"@type":"Organization","@id":"https:\/\/fonolukk.eu\/et\/#organization","name":"Smart Security OU","url":"https:\/\/fonolukk.eu\/et\/","logo":{"@type":"ImageObject","inLanguage":"et","@id":"https:\/\/fonolukk.eu\/et\/#\/schema\/logo\/image\/","url":"https:\/\/fonolukk.eu\/wp-content\/uploads\/2023\/09\/fonolukk.png","contentUrl":"https:\/\/fonolukk.eu\/wp-content\/uploads\/2023\/09\/fonolukk.png","width":277,"height":274,"caption":"Smart Security OU"},"image":{"@id":"https:\/\/fonolukk.eu\/et\/#\/schema\/logo\/image\/"},"sameAs":["https:\/\/www.facebook.com\/fonolukk","https:\/\/www.instagram.com\/fonolukk\/?hl=ru"],"publishingPrinciples":"https:\/\/fonolukk.eu\/terms-and-conditions\/","ownershipFundingInfo":"https:\/\/fonolukk.eu\/about-us\/"}]},"product_price_amount":"0.00","product_price_currency":"EUR","og_availability":"instock","product_availability":"instock","product_retailer_item_id":"INSPIRO 9+","product_condition":"new"},"_links":{"self":[{"href":"https:\/\/fonolukk.eu\/et\/wp-json\/wp\/v2\/product\/20768","targetHints":{"allow":["GET"]}}],"collection":[{"href":"https:\/\/fonolukk.eu\/et\/wp-json\/wp\/v2\/product"}],"about":[{"href":"https:\/\/fonolukk.eu\/et\/wp-json\/wp\/v2\/types\/product"}],"version-history":[{"count":3,"href":"https:\/\/fonolukk.eu\/et\/wp-json\/wp\/v2\/product\/20768\/revisions"}],"predecessor-version":[{"id":20891,"href":"https:\/\/fonolukk.eu\/et\/wp-json\/wp\/v2\/product\/20768\/revisions\/20891"}],"wp:featuredmedia":[{"embeddable":true,"href":"https:\/\/fonolukk.eu\/et\/wp-json\/wp\/v2\/media\/20771"}],"wp:attachment":[{"href":"https:\/\/fonolukk.eu\/et\/wp-json\/wp\/v2\/media?parent=20768"}],"wp:term":[{"taxonomy":"product_brand","embeddable":true,"href":"https:\/\/fonolukk.eu\/et\/wp-json\/wp\/v2\/product_brand?post=20768"},{"taxonomy":"product_cat","embeddable":true,"href":"https:\/\/fonolukk.eu\/et\/wp-json\/wp\/v2\/product_cat?post=20768"},{"taxonomy":"product_tag","embeddable":true,"href":"https:\/\/fonolukk.eu\/et\/wp-json\/wp\/v2\/product_tag?post=20768"}],"curies":[{"name":"wp","href":"https:\/\/api.w.org\/{rel}","templated":true}]}}