{"id":20784,"date":"2025-06-27T20:28:59","date_gmt":"2025-06-27T17:29:00","guid":{"rendered":"https:\/\/fonolukk.eu\/?post_type=product&#038;p=20784"},"modified":"2025-06-27T20:50:32","modified_gmt":"2025-06-27T17:50:32","slug":"como-pro-post-v1-digitaalne-video-fonoluku-susteem","status":"publish","type":"product","link":"https:\/\/fonolukk.eu\/et\/tooted\/como-pro-post-v1-digitaalne-video-fonoluku-susteem\/","title":{"rendered":"COMO-PRO POST-V1 Digitaalne video fonoluku s\u00fcsteem"},"content":{"rendered":"<p data-start=\"225\" data-end=\"663\"><strong data-start=\"225\" data-end=\"237\">COMO-PRO<\/strong> seeria on tuntud <strong data-start=\"255\" data-end=\"270\">FAMILIO-PRO<\/strong> paneelide edasiarendus ja samal ajal j\u00e4rgmise p\u00f5lvkonna lahendus. Tegemist ei ole pelgalt nimevahetusega, vaid t\u00e4ielikult uue interkomi juhtplokiga, mis tagab veelgi suurema t\u00f6\u00f6kindluse ja funktsionaalsuse. Kolmanda p\u00f5lvkonna paneelid toetavad pikemaid \u00fchendusi, rohkem kasutajaid, kaugjuhtimist kogu s\u00fcsteemist, tarkvarauuendusi ning v\u00f5tmehoidjate haldust \u201cmaster\u201d ja \u201csuper master\u201d v\u00f5tmega.<\/p>\n<p data-start=\"665\" data-end=\"909\">Paneel on varustatud reguleeritava v\u00e4rvikaameraga, taustavalgustusega helistamisnupu ja kirjav\u00e4ljaga, ning sisseehitatud RFID-lugejaga kontaktivabade v\u00f5tmehoidjate jaoks. Uuendused on saadaval ka varasematele ostjatele t\u00e4nu tarkvarauuendustele.<\/p>\n<table>\n<thead>\n<tr>\n<th>Parameeter<\/th>\n<th>Kirjeldus<\/th>\n<\/tr>\n<\/thead>\n<tbody>\n<tr>\n<td><strong>Indeks<\/strong><\/td>\n<td>COMO-PRO-V1<\/td>\n<\/tr>\n<tr>\n<td><strong>Kirjeldus<\/strong><\/td>\n<td>Digitaalne videoga uksekellas\u00fcsteem PRO s\u00fcsteemi jaoks, RFID v\u00f5tmehoidja lugeja ja 1 valgustatud nupuga<\/td>\n<\/tr>\n<tr>\n<td><strong>Materjal<\/strong><\/td>\n<td>2 mm lame esipaneel ja harjatud roostevabast terasest nupud<\/td>\n<\/tr>\n<tr>\n<td><strong>Moodulid<\/strong><\/td>\n<td>\n<ul>\n<li>V\u00e4rvikaamera (min. 600 rida), 2.8 mm lainurkobjektiiv<\/li>\n<li>IR-LED, vaatenurga reguleerimine \u00b120\u00b0<\/li>\n<li>Valgustatud helistamisnupp ja kirjav\u00e4li<\/li>\n<li>125 kHz ACC RFID lugeja<\/li>\n<\/ul>\n<\/td>\n<\/tr>\n<tr>\n<td><strong>Maks. telefonide arv<\/strong><\/td>\n<td>1<\/td>\n<\/tr>\n<tr>\n<td><strong>Paigaldus<\/strong><\/td>\n<td>\n<ul>\n<li>Seinasisene<\/li>\n<li>Pinnapealne (vajalik PNT2-FAM-PV\/PRO NT karp)<\/li>\n<li>Lisavalik: MONT-PPT-FAM postkinnitus<\/li>\n<\/ul>\n<\/td>\n<\/tr>\n<tr>\n<td><strong>M\u00f5\u00f5dud (mm)<\/strong><\/td>\n<td>Paneel: 286\u00d790, Seinakarp: 268\u00d773\u00d732<\/td>\n<\/tr>\n<tr>\n<td><strong>\u00dchendus<\/strong><\/td>\n<td>Digitaalne PRO s\u00fcsteem (cat. 5e v\u00f5i 6)<\/td>\n<\/tr>\n<tr>\n<td><strong>Liini pikkus<\/strong><\/td>\n<td>Kuni 1000 m<\/td>\n<\/tr>\n<tr>\n<td><strong>Toide<\/strong><\/td>\n<td>15V DC \/ 400mA<\/td>\n<\/tr>\n<tr>\n<td><strong>T\u00fchik\u00e4igu tarbimine<\/strong><\/td>\n<td>~ 2.5W<\/td>\n<\/tr>\n<tr>\n<td><strong>V\u00e4ljundid<\/strong><\/td>\n<td>\n<ul>\n<li>2x klemmid: ukseluku v\u00f5i relee jaoks<\/li>\n<li>5x klemmid: PRO-buss (LINE, +DC, -DC, V+, V-)<\/li>\n<li>1x RJ45: PRO-buss \u00fchendus<\/li>\n<\/ul>\n<\/td>\n<\/tr>\n<tr>\n<td><strong>Sisendid<\/strong><\/td>\n<td>\n<ul>\n<li>2x klemmid: nupusisend (NO)<\/li>\n<li>2x klemmid: eraldi toide lukule<\/li>\n<\/ul>\n<\/td>\n<\/tr>\n<tr>\n<td><strong>Puuetega inimeste tugi<\/strong><\/td>\n<td>\n<ul>\n<li>Akustilised ja visuaalsed m\u00e4rguanded<\/li>\n<li>Autoavanemine<\/li>\n<li>Vaikne avamine puldi v\u00f5i nupuga<\/li>\n<\/ul>\n<\/td>\n<\/tr>\n<tr>\n<td><strong>Omadused<\/strong><\/td>\n<td>\n<ul>\n<li>Ilmastiku- ja vandaalikindel<\/li>\n<li>Valgustatud nupud ja kirjav\u00e4ljad<\/li>\n<li>Toetus kuni 70 v\u00f5tmehoidjale<\/li>\n<li>Kuni 10240 RFID silti tarkvaraga<\/li>\n<li>Automaatika (v\u00e4rav, valgustus jne)<\/li>\n<li>Mitme vastuv\u00f5tja tugi<\/li>\n<li>CDN-USB programmeerimine<\/li>\n<li>PRO- ja COMO-s\u00fcsteemidega \u00fchilduv<\/li>\n<\/ul>\n<\/td>\n<\/tr>\n<tr>\n<td><strong>3. p\u00f5lvkonna uuendused<\/strong><\/td>\n<td>\n<ul>\n<li>Kaks paneeli \u00fches s\u00fcsteemis (master + slave)<\/li>\n<li>Master\/super master v\u00f5tmega haldus<\/li>\n<li>PRO-USB kaudu tarkvarahaldus<\/li>\n<li>Seadmete ID ja haldus tarkvaraga<\/li>\n<\/ul>\n<\/td>\n<\/tr>\n<\/tbody>\n<\/table>\n","protected":false},"excerpt":{"rendered":"<p>COMO paneelid on m\u00f5eldud \u00fche- ja mitmepereelamutele. Kaasaegse tehnoloogia ja harjatud roostevabast terasest kombinatsioon loob ajatuid lahendusi, mis on suunatud disaini ja funktsionaalsust hindavatele eraklientidele.<\/p>\n[wpdm_package id='20790']\n","protected":false},"featured_media":20787,"template":"","meta":[],"product_brand":[],"product_cat":[1693,606],"product_tag":[1253],"class_list":{"0":"post-20784","1":"product","2":"type-product","3":"status-publish","4":"has-post-thumbnail","6":"product_cat-aco-et-2","7":"product_cat-fonolukud","8":"product_tag-intercom-et","10":"first","11":"instock","12":"taxable","13":"shipping-taxable","14":"product-type-simple"},"yoast_head":"<!-- This site is optimized with the Yoast SEO Premium plugin v27.3 (Yoast SEO v27.3) - https:\/\/yoast.com\/product\/yoast-seo-premium-wordpress\/ -->\n<title>COMO-PRO POST-V1 Digitaalne video fonoluku s\u00fcsteem - Fonolukk<\/title>\n<meta name=\"description\" content=\"COMO-PRO POST-V1 Digitaalne video fonoluku s\u00fcsteem - Fonolukk\" \/>\n<meta name=\"robots\" content=\"index, follow, max-snippet:-1, max-image-preview:large, max-video-preview:-1\" \/>\n<link rel=\"canonical\" href=\"https:\/\/fonolukk.eu\/et\/tooted\/como-pro-post-v1-digitaalne-video-fonoluku-susteem\/\" \/>\n<meta property=\"og:locale\" content=\"et_EE\" \/>\n<meta property=\"og:type\" content=\"article\" \/>\n<meta property=\"og:title\" content=\"COMO-PRO POST-V1 Digitaalne video fonoluku s\u00fcsteem\" \/>\n<meta property=\"og:description\" content=\"COMO paneelid on m\u00f5eldud \u00fche- ja mitmepereelamutele. Kaasaegse tehnoloogia ja harjatud roostevabast terasest kombinatsioon loob ajatuid lahendusi, mis on suunatud disaini ja funktsionaalsust hindavatele eraklientidele.\" \/>\n<meta property=\"og:url\" content=\"https:\/\/fonolukk.eu\/et\/tooted\/como-pro-post-v1-digitaalne-video-fonoluku-susteem\/\" \/>\n<meta property=\"og:site_name\" content=\"Fonolukk\" \/>\n<meta property=\"article:publisher\" content=\"https:\/\/www.facebook.com\/fonolukk\" \/>\n<meta property=\"article:modified_time\" content=\"2025-06-27T17:50:32+00:00\" \/>\n<meta property=\"og:image\" content=\"https:\/\/fonolukk.eu\/wp-content\/uploads\/2025\/06\/como-pro-post-v1-fonolukk.webp\" \/>\n\t<meta property=\"og:image:width\" content=\"1003\" \/>\n\t<meta property=\"og:image:height\" content=\"1003\" \/>\n\t<meta property=\"og:image:type\" content=\"image\/webp\" \/>\n<meta name=\"twitter:card\" content=\"summary_large_image\" \/>\n<meta name=\"twitter:label1\" content=\"Hind\" \/>\n\t<meta name=\"twitter:data1\" content=\"\" \/>\n\t<meta name=\"twitter:label2\" content=\"Availability\" \/>\n\t<meta name=\"twitter:data2\" content=\"Laos\" \/>\n<script type=\"application\/ld+json\" class=\"yoast-schema-graph\">{\"@context\":\"https:\\\/\\\/schema.org\",\"@graph\":[{\"@type\":\"WebPage\",\"@id\":\"https:\\\/\\\/fonolukk.eu\\\/et\\\/tooted\\\/como-pro-post-v1-digitaalne-video-fonoluku-susteem\\\/\",\"url\":\"https:\\\/\\\/fonolukk.eu\\\/et\\\/tooted\\\/como-pro-post-v1-digitaalne-video-fonoluku-susteem\\\/\",\"name\":\"COMO-PRO POST-V1 Digitaalne video fonoluku s\u00fcsteem - Fonolukk\",\"isPartOf\":{\"@id\":\"https:\\\/\\\/fonolukk.eu\\\/et\\\/#website\"},\"primaryImageOfPage\":{\"@id\":\"https:\\\/\\\/fonolukk.eu\\\/et\\\/tooted\\\/como-pro-post-v1-digitaalne-video-fonoluku-susteem\\\/#primaryimage\"},\"image\":{\"@id\":\"https:\\\/\\\/fonolukk.eu\\\/et\\\/tooted\\\/como-pro-post-v1-digitaalne-video-fonoluku-susteem\\\/#primaryimage\"},\"thumbnailUrl\":\"https:\\\/\\\/fonolukk.eu\\\/wp-content\\\/uploads\\\/2025\\\/06\\\/como-pro-post-v1-fonolukk.webp\",\"datePublished\":\"2025-06-27T17:29:00+00:00\",\"dateModified\":\"2025-06-27T17:50:32+00:00\",\"description\":\"COMO-PRO POST-V1 Digitaalne video fonoluku s\u00fcsteem - Fonolukk\",\"breadcrumb\":{\"@id\":\"https:\\\/\\\/fonolukk.eu\\\/et\\\/tooted\\\/como-pro-post-v1-digitaalne-video-fonoluku-susteem\\\/#breadcrumb\"},\"inLanguage\":\"et\",\"potentialAction\":[{\"@type\":\"ReadAction\",\"target\":[\"https:\\\/\\\/fonolukk.eu\\\/et\\\/tooted\\\/como-pro-post-v1-digitaalne-video-fonoluku-susteem\\\/\"]}]},{\"@type\":\"ImageObject\",\"inLanguage\":\"et\",\"@id\":\"https:\\\/\\\/fonolukk.eu\\\/et\\\/tooted\\\/como-pro-post-v1-digitaalne-video-fonoluku-susteem\\\/#primaryimage\",\"url\":\"https:\\\/\\\/fonolukk.eu\\\/wp-content\\\/uploads\\\/2025\\\/06\\\/como-pro-post-v1-fonolukk.webp\",\"contentUrl\":\"https:\\\/\\\/fonolukk.eu\\\/wp-content\\\/uploads\\\/2025\\\/06\\\/como-pro-post-v1-fonolukk.webp\",\"width\":1003,\"height\":1003,\"caption\":\"como-pro-post-v1\"},{\"@type\":\"BreadcrumbList\",\"@id\":\"https:\\\/\\\/fonolukk.eu\\\/et\\\/tooted\\\/como-pro-post-v1-digitaalne-video-fonoluku-susteem\\\/#breadcrumb\",\"itemListElement\":[{\"@type\":\"ListItem\",\"position\":1,\"name\":\"Esileht\",\"item\":\"https:\\\/\\\/fonolukk.eu\\\/et\\\/koduleht\\\/\"},{\"@type\":\"ListItem\",\"position\":2,\"name\":\"Tooted\",\"item\":\"https:\\\/\\\/fonolukk.eu\\\/et\\\/shop-2\\\/\"},{\"@type\":\"ListItem\",\"position\":3,\"name\":\"Fonolukud\",\"item\":\"https:\\\/\\\/fonolukk.eu\\\/et\\\/product-category\\\/fonolukud\\\/\"},{\"@type\":\"ListItem\",\"position\":4,\"name\":\"COMO-PRO POST-V1 Digitaalne video fonoluku s\u00fcsteem\"}]},{\"@type\":\"WebSite\",\"@id\":\"https:\\\/\\\/fonolukk.eu\\\/et\\\/#website\",\"url\":\"https:\\\/\\\/fonolukk.eu\\\/et\\\/\",\"name\":\"Fonolukk eu\",\"description\":\"Smart Security Systems\",\"publisher\":{\"@id\":\"https:\\\/\\\/fonolukk.eu\\\/et\\\/#organization\"},\"potentialAction\":[{\"@type\":\"SearchAction\",\"target\":{\"@type\":\"EntryPoint\",\"urlTemplate\":\"https:\\\/\\\/fonolukk.eu\\\/et\\\/?s={search_term_string}\"},\"query-input\":{\"@type\":\"PropertyValueSpecification\",\"valueRequired\":true,\"valueName\":\"search_term_string\"}}],\"inLanguage\":\"et\"},{\"@type\":\"Organization\",\"@id\":\"https:\\\/\\\/fonolukk.eu\\\/et\\\/#organization\",\"name\":\"Smart Security OU\",\"url\":\"https:\\\/\\\/fonolukk.eu\\\/et\\\/\",\"logo\":{\"@type\":\"ImageObject\",\"inLanguage\":\"et\",\"@id\":\"https:\\\/\\\/fonolukk.eu\\\/et\\\/#\\\/schema\\\/logo\\\/image\\\/\",\"url\":\"https:\\\/\\\/fonolukk.eu\\\/wp-content\\\/uploads\\\/2023\\\/09\\\/fonolukk.png\",\"contentUrl\":\"https:\\\/\\\/fonolukk.eu\\\/wp-content\\\/uploads\\\/2023\\\/09\\\/fonolukk.png\",\"width\":277,\"height\":274,\"caption\":\"Smart Security OU\"},\"image\":{\"@id\":\"https:\\\/\\\/fonolukk.eu\\\/et\\\/#\\\/schema\\\/logo\\\/image\\\/\"},\"sameAs\":[\"https:\\\/\\\/www.facebook.com\\\/fonolukk\",\"https:\\\/\\\/www.instagram.com\\\/fonolukk\\\/?hl=ru\"],\"publishingPrinciples\":\"https:\\\/\\\/fonolukk.eu\\\/terms-and-conditions\\\/\",\"ownershipFundingInfo\":\"https:\\\/\\\/fonolukk.eu\\\/about-us\\\/\"}]}<\/script>\n<meta property=\"product:price:amount\" content=\"0.00\" \/>\n<meta property=\"product:price:currency\" content=\"EUR\" \/>\n<meta property=\"og:availability\" content=\"instock\" \/>\n<meta property=\"product:availability\" content=\"instock\" \/>\n<meta property=\"product:retailer_item_id\" content=\"COMO-PRO POST-V1\" \/>\n<meta property=\"product:condition\" content=\"new\" \/>\n<!-- \/ Yoast SEO Premium plugin. -->","yoast_head_json":{"title":"COMO-PRO POST-V1 Digitaalne video fonoluku s\u00fcsteem - Fonolukk","description":"COMO-PRO POST-V1 Digitaalne video fonoluku s\u00fcsteem - Fonolukk","robots":{"index":"index","follow":"follow","max-snippet":"max-snippet:-1","max-image-preview":"max-image-preview:large","max-video-preview":"max-video-preview:-1"},"canonical":"https:\/\/fonolukk.eu\/et\/tooted\/como-pro-post-v1-digitaalne-video-fonoluku-susteem\/","og_locale":"et_EE","og_type":"article","og_title":"COMO-PRO POST-V1 Digitaalne video fonoluku s\u00fcsteem","og_description":"COMO paneelid on m\u00f5eldud \u00fche- ja mitmepereelamutele. Kaasaegse tehnoloogia ja harjatud roostevabast terasest kombinatsioon loob ajatuid lahendusi, mis on suunatud disaini ja funktsionaalsust hindavatele eraklientidele.","og_url":"https:\/\/fonolukk.eu\/et\/tooted\/como-pro-post-v1-digitaalne-video-fonoluku-susteem\/","og_site_name":"Fonolukk","article_publisher":"https:\/\/www.facebook.com\/fonolukk","article_modified_time":"2025-06-27T17:50:32+00:00","og_image":[{"width":1003,"height":1003,"url":"https:\/\/fonolukk.eu\/wp-content\/uploads\/2025\/06\/como-pro-post-v1-fonolukk.webp","type":"image\/webp"}],"twitter_card":"summary_large_image","twitter_misc":{"Hind":"","Availability":"Laos"},"schema":{"@context":"https:\/\/schema.org","@graph":[{"@type":"WebPage","@id":"https:\/\/fonolukk.eu\/et\/tooted\/como-pro-post-v1-digitaalne-video-fonoluku-susteem\/","url":"https:\/\/fonolukk.eu\/et\/tooted\/como-pro-post-v1-digitaalne-video-fonoluku-susteem\/","name":"COMO-PRO POST-V1 Digitaalne video fonoluku s\u00fcsteem - Fonolukk","isPartOf":{"@id":"https:\/\/fonolukk.eu\/et\/#website"},"primaryImageOfPage":{"@id":"https:\/\/fonolukk.eu\/et\/tooted\/como-pro-post-v1-digitaalne-video-fonoluku-susteem\/#primaryimage"},"image":{"@id":"https:\/\/fonolukk.eu\/et\/tooted\/como-pro-post-v1-digitaalne-video-fonoluku-susteem\/#primaryimage"},"thumbnailUrl":"https:\/\/fonolukk.eu\/wp-content\/uploads\/2025\/06\/como-pro-post-v1-fonolukk.webp","datePublished":"2025-06-27T17:29:00+00:00","dateModified":"2025-06-27T17:50:32+00:00","description":"COMO-PRO POST-V1 Digitaalne video fonoluku s\u00fcsteem - Fonolukk","breadcrumb":{"@id":"https:\/\/fonolukk.eu\/et\/tooted\/como-pro-post-v1-digitaalne-video-fonoluku-susteem\/#breadcrumb"},"inLanguage":"et","potentialAction":[{"@type":"ReadAction","target":["https:\/\/fonolukk.eu\/et\/tooted\/como-pro-post-v1-digitaalne-video-fonoluku-susteem\/"]}]},{"@type":"ImageObject","inLanguage":"et","@id":"https:\/\/fonolukk.eu\/et\/tooted\/como-pro-post-v1-digitaalne-video-fonoluku-susteem\/#primaryimage","url":"https:\/\/fonolukk.eu\/wp-content\/uploads\/2025\/06\/como-pro-post-v1-fonolukk.webp","contentUrl":"https:\/\/fonolukk.eu\/wp-content\/uploads\/2025\/06\/como-pro-post-v1-fonolukk.webp","width":1003,"height":1003,"caption":"como-pro-post-v1"},{"@type":"BreadcrumbList","@id":"https:\/\/fonolukk.eu\/et\/tooted\/como-pro-post-v1-digitaalne-video-fonoluku-susteem\/#breadcrumb","itemListElement":[{"@type":"ListItem","position":1,"name":"Esileht","item":"https:\/\/fonolukk.eu\/et\/koduleht\/"},{"@type":"ListItem","position":2,"name":"Tooted","item":"https:\/\/fonolukk.eu\/et\/shop-2\/"},{"@type":"ListItem","position":3,"name":"Fonolukud","item":"https:\/\/fonolukk.eu\/et\/product-category\/fonolukud\/"},{"@type":"ListItem","position":4,"name":"COMO-PRO POST-V1 Digitaalne video fonoluku s\u00fcsteem"}]},{"@type":"WebSite","@id":"https:\/\/fonolukk.eu\/et\/#website","url":"https:\/\/fonolukk.eu\/et\/","name":"Fonolukk eu","description":"Smart Security Systems","publisher":{"@id":"https:\/\/fonolukk.eu\/et\/#organization"},"potentialAction":[{"@type":"SearchAction","target":{"@type":"EntryPoint","urlTemplate":"https:\/\/fonolukk.eu\/et\/?s={search_term_string}"},"query-input":{"@type":"PropertyValueSpecification","valueRequired":true,"valueName":"search_term_string"}}],"inLanguage":"et"},{"@type":"Organization","@id":"https:\/\/fonolukk.eu\/et\/#organization","name":"Smart Security OU","url":"https:\/\/fonolukk.eu\/et\/","logo":{"@type":"ImageObject","inLanguage":"et","@id":"https:\/\/fonolukk.eu\/et\/#\/schema\/logo\/image\/","url":"https:\/\/fonolukk.eu\/wp-content\/uploads\/2023\/09\/fonolukk.png","contentUrl":"https:\/\/fonolukk.eu\/wp-content\/uploads\/2023\/09\/fonolukk.png","width":277,"height":274,"caption":"Smart Security OU"},"image":{"@id":"https:\/\/fonolukk.eu\/et\/#\/schema\/logo\/image\/"},"sameAs":["https:\/\/www.facebook.com\/fonolukk","https:\/\/www.instagram.com\/fonolukk\/?hl=ru"],"publishingPrinciples":"https:\/\/fonolukk.eu\/terms-and-conditions\/","ownershipFundingInfo":"https:\/\/fonolukk.eu\/about-us\/"}]},"product_price_amount":"0.00","product_price_currency":"EUR","og_availability":"instock","product_availability":"instock","product_retailer_item_id":"COMO-PRO POST-V1","product_condition":"new"},"_links":{"self":[{"href":"https:\/\/fonolukk.eu\/et\/wp-json\/wp\/v2\/product\/20784","targetHints":{"allow":["GET"]}}],"collection":[{"href":"https:\/\/fonolukk.eu\/et\/wp-json\/wp\/v2\/product"}],"about":[{"href":"https:\/\/fonolukk.eu\/et\/wp-json\/wp\/v2\/types\/product"}],"version-history":[{"count":2,"href":"https:\/\/fonolukk.eu\/et\/wp-json\/wp\/v2\/product\/20784\/revisions"}],"predecessor-version":[{"id":20801,"href":"https:\/\/fonolukk.eu\/et\/wp-json\/wp\/v2\/product\/20784\/revisions\/20801"}],"wp:featuredmedia":[{"embeddable":true,"href":"https:\/\/fonolukk.eu\/et\/wp-json\/wp\/v2\/media\/20787"}],"wp:attachment":[{"href":"https:\/\/fonolukk.eu\/et\/wp-json\/wp\/v2\/media?parent=20784"}],"wp:term":[{"taxonomy":"product_brand","embeddable":true,"href":"https:\/\/fonolukk.eu\/et\/wp-json\/wp\/v2\/product_brand?post=20784"},{"taxonomy":"product_cat","embeddable":true,"href":"https:\/\/fonolukk.eu\/et\/wp-json\/wp\/v2\/product_cat?post=20784"},{"taxonomy":"product_tag","embeddable":true,"href":"https:\/\/fonolukk.eu\/et\/wp-json\/wp\/v2\/product_tag?post=20784"}],"curies":[{"name":"wp","href":"https:\/\/api.w.org\/{rel}","templated":true}]}}