{"id":20804,"date":"2025-06-27T20:52:34","date_gmt":"2025-06-27T17:52:34","guid":{"rendered":"https:\/\/fonolukk.eu\/?post_type=product&#038;p=20804"},"modified":"2025-06-27T21:14:15","modified_gmt":"2025-06-27T18:14:15","slug":"cdnp8acc-digitaalne-valiseade","status":"publish","type":"product","link":"https:\/\/fonolukk.eu\/et\/tooted\/cdnp8acc-digitaalne-valiseade\/","title":{"rendered":"CDNP8ACC Digitaalne v\u00e4liseade"},"content":{"rendered":"<p data-start=\"225\" data-end=\"663\">CDNP8ACC \u2013 sisaldab:<br \/>\n\u2013 universaalne Master ja Slave disain (digitaalne ukseavaja v\u00f5ib t\u00f6\u00f6tada nii Master kui ka Slave re\u017eiimis)<br \/>\n\u2013 valge taustavalgustusega klaviatuur<br \/>\n\u2013 must ekraan valge taustavalgustusega.<\/p>\n<table>\n<thead>\n<tr>\n<th>Parameeter<\/th>\n<th>Kirjeldus<\/th>\n<\/tr>\n<\/thead>\n<tbody>\n<tr>\n<td><strong>Indeks<\/strong><\/td>\n<td>CDNP8ACC ST \/ CDNP8ACC ST (Braille)<\/td>\n<\/tr>\n<tr>\n<td><strong>Kirjeldus<\/strong><\/td>\n<td>Digitaalne v\u00e4lispaneel koodlukuga ja RFID-lugejaga<\/td>\n<\/tr>\n<tr>\n<td><strong>Materjal<\/strong><\/td>\n<td>Alumiiniumkorpus (pulberv\u00e4rvitud), roostevabast terasest klaviatuur<\/td>\n<\/tr>\n<tr>\n<td><strong>Saadaolevad keeled<\/strong><\/td>\n<td>PL-EN, CZ-EN, DE-EN, LT-EN, SV-EN<\/td>\n<\/tr>\n<tr>\n<td><strong>V\u00e4rv<\/strong><\/td>\n<td>Teras (ST)<\/td>\n<\/tr>\n<tr>\n<td><strong>Moodulid<\/strong><\/td>\n<td>4-kohaline kood korteri kohta, RFID-lugeja Unique 125 kHz (ACC)<\/td>\n<\/tr>\n<tr>\n<td><strong>Maks. kasutajad<\/strong><\/td>\n<td>Kuni 255 korterit<\/td>\n<\/tr>\n<tr>\n<td><strong>Ekraan<\/strong><\/td>\n<td>Soojendusega LCD<\/td>\n<\/tr>\n<tr>\n<td><strong>Paigaldus<\/strong><\/td>\n<td>S\u00fcvistatav v\u00f5i pinnapealne raamiga<\/td>\n<\/tr>\n<tr>\n<td><strong>M\u00f5\u00f5dud<\/strong><\/td>\n<td>206\u00d788 mm<\/td>\n<\/tr>\n<tr>\n<td><strong>Paigaldust\u00fc\u00fcp<\/strong><\/td>\n<td>Digitaalne, 2-juhtmeline<\/td>\n<\/tr>\n<tr>\n<td><strong>Kaabli pikkus<\/strong><\/td>\n<td>Kuni 1000 m<\/td>\n<\/tr>\n<tr>\n<td><strong>Toide<\/strong><\/td>\n<td>12V \u00b1 0,5V vahelduvvool<\/td>\n<\/tr>\n<tr>\n<td><strong>Ootere\u017eiimi tarbimine<\/strong><\/td>\n<td>~ 1,1W<\/td>\n<\/tr>\n<tr>\n<td><strong>V\u00e4ljundid<\/strong><\/td>\n<td>2 x ELOCK, 2 x LINE (heli), 2 x OUTPUT (relee)<\/td>\n<\/tr>\n<tr>\n<td><strong>Sisendid<\/strong><\/td>\n<td>Toide, NO sisend, ML+ (ainult Slave), EXTMOD moodulid<\/td>\n<\/tr>\n<tr>\n<td><strong>Puuetega inimeste tugi<\/strong><\/td>\n<td>Valgustusega klaviatuur Braille&#8217;ga, heli\/valgus signaalid, kaugjuhtimine<\/td>\n<\/tr>\n<tr>\n<td><strong>Omadused<\/strong><\/td>\n<td>Vandaalikindel ja ilmastikukindel, automaatika, hotelli\/portjee re\u017eiim, USB seadistus, CDN\/FAMILIO tugi<\/td>\n<\/tr>\n<\/tbody>\n<\/table>\n","protected":false},"excerpt":{"rendered":"<p>Seade on varustatud koodlukuga, individuaalselt valgustatud nuppude ja RFID-v\u00f5tmehoidja lugejaga.<\/p>\n<p>CDN-seeria on m\u00f5eldud mitmepereelamutele.<br \/>\nJuba aastaid hindavad meie paigaldajad selle k\u00f5rget kvaliteeti, usaldusv\u00e4\u00e4rsust ja tugevat viimistlust.<br \/>\nCDN-seadmetel on mitmesugused konfiguratsiooniv\u00f5imalused, mist\u00f5ttu saame luua s\u00fcsteeme iga investeeringu vajadustele vastavalt.<\/p>\n<p>Usaldusv\u00e4\u00e4rsus, vastupidavus ja innovatsioon on ACO br\u00e4ndi kaubam\u00e4rgid.<\/p>\n[wpdm_package id='20817']\n","protected":false},"featured_media":20813,"template":"","meta":[],"product_brand":[],"product_cat":[1693,606],"product_tag":[1253],"class_list":{"0":"post-20804","1":"product","2":"type-product","3":"status-publish","4":"has-post-thumbnail","6":"product_cat-aco-et-2","7":"product_cat-fonolukud","8":"product_tag-intercom-et","10":"first","11":"instock","12":"taxable","13":"shipping-taxable","14":"product-type-simple"},"yoast_head":"<!-- This site is optimized with the Yoast SEO Premium plugin v27.3 (Yoast SEO v27.3) - https:\/\/yoast.com\/product\/yoast-seo-premium-wordpress\/ -->\n<title>CDNP8ACC Digitaalne v\u00e4liseade - Fonolukk<\/title>\n<meta name=\"description\" content=\"CDNP8ACC Digitaalne v\u00e4liseade - Seade on varustatud koodlukuga, individuaalselt valgustatud nuppude ja RFID-v\u00f5tmehoidja lugejaga.\" \/>\n<meta name=\"robots\" content=\"index, follow, max-snippet:-1, max-image-preview:large, max-video-preview:-1\" \/>\n<link rel=\"canonical\" href=\"https:\/\/fonolukk.eu\/et\/tooted\/cdnp8acc-digitaalne-valiseade\/\" \/>\n<meta property=\"og:locale\" content=\"et_EE\" \/>\n<meta property=\"og:type\" content=\"article\" \/>\n<meta property=\"og:title\" content=\"CDNP8ACC Digitaalne v\u00e4liseade\" \/>\n<meta property=\"og:description\" content=\"Seade on varustatud koodlukuga, individuaalselt valgustatud nuppude ja RFID-v\u00f5tmehoidja lugejaga.  CDN-seeria on m\u00f5eldud mitmepereelamutele. Juba aastaid hindavad meie paigaldajad selle k\u00f5rget kvaliteeti, usaldusv\u00e4\u00e4rsust ja tugevat viimistlust. CDN-seadmetel on mitmesugused konfiguratsiooniv\u00f5imalused, mist\u00f5ttu saame luua s\u00fcsteeme iga investeeringu vajadustele vastavalt.  Usaldusv\u00e4\u00e4rsus, vastupidavus ja innovatsioon on ACO br\u00e4ndi kaubam\u00e4rgid.\" \/>\n<meta property=\"og:url\" content=\"https:\/\/fonolukk.eu\/et\/tooted\/cdnp8acc-digitaalne-valiseade\/\" \/>\n<meta property=\"og:site_name\" content=\"Fonolukk\" \/>\n<meta property=\"article:publisher\" content=\"https:\/\/www.facebook.com\/fonolukk\" \/>\n<meta property=\"article:modified_time\" content=\"2025-06-27T18:14:15+00:00\" \/>\n<meta property=\"og:image\" content=\"https:\/\/fonolukk.eu\/wp-content\/uploads\/2025\/06\/cdnp8-fonolukk.webp\" \/>\n\t<meta property=\"og:image:width\" content=\"1001\" \/>\n\t<meta property=\"og:image:height\" content=\"1001\" \/>\n\t<meta property=\"og:image:type\" content=\"image\/webp\" \/>\n<meta name=\"twitter:card\" content=\"summary_large_image\" \/>\n<meta name=\"twitter:label1\" content=\"Hind\" \/>\n\t<meta name=\"twitter:data1\" content=\"\" \/>\n\t<meta name=\"twitter:label2\" content=\"Availability\" \/>\n\t<meta name=\"twitter:data2\" content=\"Laos\" \/>\n<script type=\"application\/ld+json\" class=\"yoast-schema-graph\">{\"@context\":\"https:\\\/\\\/schema.org\",\"@graph\":[{\"@type\":\"WebPage\",\"@id\":\"https:\\\/\\\/fonolukk.eu\\\/et\\\/tooted\\\/cdnp8acc-digitaalne-valiseade\\\/\",\"url\":\"https:\\\/\\\/fonolukk.eu\\\/et\\\/tooted\\\/cdnp8acc-digitaalne-valiseade\\\/\",\"name\":\"CDNP8ACC Digitaalne v\u00e4liseade - Fonolukk\",\"isPartOf\":{\"@id\":\"https:\\\/\\\/fonolukk.eu\\\/et\\\/#website\"},\"primaryImageOfPage\":{\"@id\":\"https:\\\/\\\/fonolukk.eu\\\/et\\\/tooted\\\/cdnp8acc-digitaalne-valiseade\\\/#primaryimage\"},\"image\":{\"@id\":\"https:\\\/\\\/fonolukk.eu\\\/et\\\/tooted\\\/cdnp8acc-digitaalne-valiseade\\\/#primaryimage\"},\"thumbnailUrl\":\"https:\\\/\\\/fonolukk.eu\\\/wp-content\\\/uploads\\\/2025\\\/06\\\/cdnp8-fonolukk.webp\",\"datePublished\":\"2025-06-27T17:52:34+00:00\",\"dateModified\":\"2025-06-27T18:14:15+00:00\",\"description\":\"CDNP8ACC Digitaalne v\u00e4liseade - Seade on varustatud koodlukuga, individuaalselt valgustatud nuppude ja RFID-v\u00f5tmehoidja lugejaga.\",\"breadcrumb\":{\"@id\":\"https:\\\/\\\/fonolukk.eu\\\/et\\\/tooted\\\/cdnp8acc-digitaalne-valiseade\\\/#breadcrumb\"},\"inLanguage\":\"et\",\"potentialAction\":[{\"@type\":\"ReadAction\",\"target\":[\"https:\\\/\\\/fonolukk.eu\\\/et\\\/tooted\\\/cdnp8acc-digitaalne-valiseade\\\/\"]}]},{\"@type\":\"ImageObject\",\"inLanguage\":\"et\",\"@id\":\"https:\\\/\\\/fonolukk.eu\\\/et\\\/tooted\\\/cdnp8acc-digitaalne-valiseade\\\/#primaryimage\",\"url\":\"https:\\\/\\\/fonolukk.eu\\\/wp-content\\\/uploads\\\/2025\\\/06\\\/cdnp8-fonolukk.webp\",\"contentUrl\":\"https:\\\/\\\/fonolukk.eu\\\/wp-content\\\/uploads\\\/2025\\\/06\\\/cdnp8-fonolukk.webp\",\"width\":1001,\"height\":1001,\"caption\":\"cdnp8 fonolukk\"},{\"@type\":\"BreadcrumbList\",\"@id\":\"https:\\\/\\\/fonolukk.eu\\\/et\\\/tooted\\\/cdnp8acc-digitaalne-valiseade\\\/#breadcrumb\",\"itemListElement\":[{\"@type\":\"ListItem\",\"position\":1,\"name\":\"Esileht\",\"item\":\"https:\\\/\\\/fonolukk.eu\\\/et\\\/koduleht\\\/\"},{\"@type\":\"ListItem\",\"position\":2,\"name\":\"Tooted\",\"item\":\"https:\\\/\\\/fonolukk.eu\\\/et\\\/shop-2\\\/\"},{\"@type\":\"ListItem\",\"position\":3,\"name\":\"Fonolukud\",\"item\":\"https:\\\/\\\/fonolukk.eu\\\/et\\\/product-category\\\/fonolukud\\\/\"},{\"@type\":\"ListItem\",\"position\":4,\"name\":\"CDNP8ACC Digitaalne v\u00e4liseade\"}]},{\"@type\":\"WebSite\",\"@id\":\"https:\\\/\\\/fonolukk.eu\\\/et\\\/#website\",\"url\":\"https:\\\/\\\/fonolukk.eu\\\/et\\\/\",\"name\":\"Fonolukk eu\",\"description\":\"Smart Security Systems\",\"publisher\":{\"@id\":\"https:\\\/\\\/fonolukk.eu\\\/et\\\/#organization\"},\"potentialAction\":[{\"@type\":\"SearchAction\",\"target\":{\"@type\":\"EntryPoint\",\"urlTemplate\":\"https:\\\/\\\/fonolukk.eu\\\/et\\\/?s={search_term_string}\"},\"query-input\":{\"@type\":\"PropertyValueSpecification\",\"valueRequired\":true,\"valueName\":\"search_term_string\"}}],\"inLanguage\":\"et\"},{\"@type\":\"Organization\",\"@id\":\"https:\\\/\\\/fonolukk.eu\\\/et\\\/#organization\",\"name\":\"Smart Security OU\",\"url\":\"https:\\\/\\\/fonolukk.eu\\\/et\\\/\",\"logo\":{\"@type\":\"ImageObject\",\"inLanguage\":\"et\",\"@id\":\"https:\\\/\\\/fonolukk.eu\\\/et\\\/#\\\/schema\\\/logo\\\/image\\\/\",\"url\":\"https:\\\/\\\/fonolukk.eu\\\/wp-content\\\/uploads\\\/2023\\\/09\\\/fonolukk.png\",\"contentUrl\":\"https:\\\/\\\/fonolukk.eu\\\/wp-content\\\/uploads\\\/2023\\\/09\\\/fonolukk.png\",\"width\":277,\"height\":274,\"caption\":\"Smart Security OU\"},\"image\":{\"@id\":\"https:\\\/\\\/fonolukk.eu\\\/et\\\/#\\\/schema\\\/logo\\\/image\\\/\"},\"sameAs\":[\"https:\\\/\\\/www.facebook.com\\\/fonolukk\",\"https:\\\/\\\/www.instagram.com\\\/fonolukk\\\/?hl=ru\"],\"publishingPrinciples\":\"https:\\\/\\\/fonolukk.eu\\\/terms-and-conditions\\\/\",\"ownershipFundingInfo\":\"https:\\\/\\\/fonolukk.eu\\\/about-us\\\/\"}]}<\/script>\n<meta property=\"product:price:amount\" content=\"0.00\" \/>\n<meta property=\"product:price:currency\" content=\"EUR\" \/>\n<meta property=\"og:availability\" content=\"instock\" \/>\n<meta property=\"product:availability\" content=\"instock\" \/>\n<meta property=\"product:retailer_item_id\" content=\"CDNP8ACC\" \/>\n<meta property=\"product:condition\" content=\"new\" \/>\n<!-- \/ Yoast SEO Premium plugin. -->","yoast_head_json":{"title":"CDNP8ACC Digitaalne v\u00e4liseade - Fonolukk","description":"CDNP8ACC Digitaalne v\u00e4liseade - Seade on varustatud koodlukuga, individuaalselt valgustatud nuppude ja RFID-v\u00f5tmehoidja lugejaga.","robots":{"index":"index","follow":"follow","max-snippet":"max-snippet:-1","max-image-preview":"max-image-preview:large","max-video-preview":"max-video-preview:-1"},"canonical":"https:\/\/fonolukk.eu\/et\/tooted\/cdnp8acc-digitaalne-valiseade\/","og_locale":"et_EE","og_type":"article","og_title":"CDNP8ACC Digitaalne v\u00e4liseade","og_description":"Seade on varustatud koodlukuga, individuaalselt valgustatud nuppude ja RFID-v\u00f5tmehoidja lugejaga.  CDN-seeria on m\u00f5eldud mitmepereelamutele. Juba aastaid hindavad meie paigaldajad selle k\u00f5rget kvaliteeti, usaldusv\u00e4\u00e4rsust ja tugevat viimistlust. CDN-seadmetel on mitmesugused konfiguratsiooniv\u00f5imalused, mist\u00f5ttu saame luua s\u00fcsteeme iga investeeringu vajadustele vastavalt.  Usaldusv\u00e4\u00e4rsus, vastupidavus ja innovatsioon on ACO br\u00e4ndi kaubam\u00e4rgid.","og_url":"https:\/\/fonolukk.eu\/et\/tooted\/cdnp8acc-digitaalne-valiseade\/","og_site_name":"Fonolukk","article_publisher":"https:\/\/www.facebook.com\/fonolukk","article_modified_time":"2025-06-27T18:14:15+00:00","og_image":[{"width":1001,"height":1001,"url":"https:\/\/fonolukk.eu\/wp-content\/uploads\/2025\/06\/cdnp8-fonolukk.webp","type":"image\/webp"}],"twitter_card":"summary_large_image","twitter_misc":{"Hind":"","Availability":"Laos"},"schema":{"@context":"https:\/\/schema.org","@graph":[{"@type":"WebPage","@id":"https:\/\/fonolukk.eu\/et\/tooted\/cdnp8acc-digitaalne-valiseade\/","url":"https:\/\/fonolukk.eu\/et\/tooted\/cdnp8acc-digitaalne-valiseade\/","name":"CDNP8ACC Digitaalne v\u00e4liseade - Fonolukk","isPartOf":{"@id":"https:\/\/fonolukk.eu\/et\/#website"},"primaryImageOfPage":{"@id":"https:\/\/fonolukk.eu\/et\/tooted\/cdnp8acc-digitaalne-valiseade\/#primaryimage"},"image":{"@id":"https:\/\/fonolukk.eu\/et\/tooted\/cdnp8acc-digitaalne-valiseade\/#primaryimage"},"thumbnailUrl":"https:\/\/fonolukk.eu\/wp-content\/uploads\/2025\/06\/cdnp8-fonolukk.webp","datePublished":"2025-06-27T17:52:34+00:00","dateModified":"2025-06-27T18:14:15+00:00","description":"CDNP8ACC Digitaalne v\u00e4liseade - Seade on varustatud koodlukuga, individuaalselt valgustatud nuppude ja RFID-v\u00f5tmehoidja lugejaga.","breadcrumb":{"@id":"https:\/\/fonolukk.eu\/et\/tooted\/cdnp8acc-digitaalne-valiseade\/#breadcrumb"},"inLanguage":"et","potentialAction":[{"@type":"ReadAction","target":["https:\/\/fonolukk.eu\/et\/tooted\/cdnp8acc-digitaalne-valiseade\/"]}]},{"@type":"ImageObject","inLanguage":"et","@id":"https:\/\/fonolukk.eu\/et\/tooted\/cdnp8acc-digitaalne-valiseade\/#primaryimage","url":"https:\/\/fonolukk.eu\/wp-content\/uploads\/2025\/06\/cdnp8-fonolukk.webp","contentUrl":"https:\/\/fonolukk.eu\/wp-content\/uploads\/2025\/06\/cdnp8-fonolukk.webp","width":1001,"height":1001,"caption":"cdnp8 fonolukk"},{"@type":"BreadcrumbList","@id":"https:\/\/fonolukk.eu\/et\/tooted\/cdnp8acc-digitaalne-valiseade\/#breadcrumb","itemListElement":[{"@type":"ListItem","position":1,"name":"Esileht","item":"https:\/\/fonolukk.eu\/et\/koduleht\/"},{"@type":"ListItem","position":2,"name":"Tooted","item":"https:\/\/fonolukk.eu\/et\/shop-2\/"},{"@type":"ListItem","position":3,"name":"Fonolukud","item":"https:\/\/fonolukk.eu\/et\/product-category\/fonolukud\/"},{"@type":"ListItem","position":4,"name":"CDNP8ACC Digitaalne v\u00e4liseade"}]},{"@type":"WebSite","@id":"https:\/\/fonolukk.eu\/et\/#website","url":"https:\/\/fonolukk.eu\/et\/","name":"Fonolukk eu","description":"Smart Security Systems","publisher":{"@id":"https:\/\/fonolukk.eu\/et\/#organization"},"potentialAction":[{"@type":"SearchAction","target":{"@type":"EntryPoint","urlTemplate":"https:\/\/fonolukk.eu\/et\/?s={search_term_string}"},"query-input":{"@type":"PropertyValueSpecification","valueRequired":true,"valueName":"search_term_string"}}],"inLanguage":"et"},{"@type":"Organization","@id":"https:\/\/fonolukk.eu\/et\/#organization","name":"Smart Security OU","url":"https:\/\/fonolukk.eu\/et\/","logo":{"@type":"ImageObject","inLanguage":"et","@id":"https:\/\/fonolukk.eu\/et\/#\/schema\/logo\/image\/","url":"https:\/\/fonolukk.eu\/wp-content\/uploads\/2023\/09\/fonolukk.png","contentUrl":"https:\/\/fonolukk.eu\/wp-content\/uploads\/2023\/09\/fonolukk.png","width":277,"height":274,"caption":"Smart Security OU"},"image":{"@id":"https:\/\/fonolukk.eu\/et\/#\/schema\/logo\/image\/"},"sameAs":["https:\/\/www.facebook.com\/fonolukk","https:\/\/www.instagram.com\/fonolukk\/?hl=ru"],"publishingPrinciples":"https:\/\/fonolukk.eu\/terms-and-conditions\/","ownershipFundingInfo":"https:\/\/fonolukk.eu\/about-us\/"}]},"product_price_amount":"0.00","product_price_currency":"EUR","og_availability":"instock","product_availability":"instock","product_retailer_item_id":"CDNP8ACC","product_condition":"new"},"_links":{"self":[{"href":"https:\/\/fonolukk.eu\/et\/wp-json\/wp\/v2\/product\/20804","targetHints":{"allow":["GET"]}}],"collection":[{"href":"https:\/\/fonolukk.eu\/et\/wp-json\/wp\/v2\/product"}],"about":[{"href":"https:\/\/fonolukk.eu\/et\/wp-json\/wp\/v2\/types\/product"}],"version-history":[{"count":2,"href":"https:\/\/fonolukk.eu\/et\/wp-json\/wp\/v2\/product\/20804\/revisions"}],"predecessor-version":[{"id":20820,"href":"https:\/\/fonolukk.eu\/et\/wp-json\/wp\/v2\/product\/20804\/revisions\/20820"}],"wp:featuredmedia":[{"embeddable":true,"href":"https:\/\/fonolukk.eu\/et\/wp-json\/wp\/v2\/media\/20813"}],"wp:attachment":[{"href":"https:\/\/fonolukk.eu\/et\/wp-json\/wp\/v2\/media?parent=20804"}],"wp:term":[{"taxonomy":"product_brand","embeddable":true,"href":"https:\/\/fonolukk.eu\/et\/wp-json\/wp\/v2\/product_brand?post=20804"},{"taxonomy":"product_cat","embeddable":true,"href":"https:\/\/fonolukk.eu\/et\/wp-json\/wp\/v2\/product_cat?post=20804"},{"taxonomy":"product_tag","embeddable":true,"href":"https:\/\/fonolukk.eu\/et\/wp-json\/wp\/v2\/product_tag?post=20804"}],"curies":[{"name":"wp","href":"https:\/\/api.w.org\/{rel}","templated":true}]}}