{"id":20823,"date":"2025-06-28T12:27:17","date_gmt":"2025-06-28T09:27:17","guid":{"rendered":"https:\/\/fonolukk.eu\/?post_type=product&#038;p=20823"},"modified":"2025-06-28T12:45:40","modified_gmt":"2025-06-28T09:45:40","slug":"cdnp7acc-g2-digitaalne-ukseavamisusteem","status":"publish","type":"product","link":"https:\/\/fonolukk.eu\/et\/tooted\/cdnp7acc-g2-digitaalne-ukseavamisusteem\/","title":{"rendered":"CDNP7ACC (G2) Digitaalne ukseavamis\u00fcsteem"},"content":{"rendered":"<p>\u200bFonoluku s\u00fcsteemid \u2013 igap\u00e4evase kasutamise mugavus ja turvalisus<br \/> See s\u00fcsteem sobib h\u00e4sti korterelamutesse, korrusmajadesse v\u00f5i muudesse hoonetesse, kuhu peaks olema ligip\u00e4\u00e4s ainult valitud inimestel ja samal ajal piiratud volitamata isikutel. See on mugav ja turvaline lahendus \u2013 v\u00e4lisukse v\u00f5tme kaasaskandmine pole vajalik, sest ukse saab avada igale korterile genereeritud koodiga v\u00f5i konkreetse korteri valimiseks sobiva numbrikombinatsiooni sisestamisega. Veelgi enam, trepikojalukud n\u00e4evad esteetiliselt meeldivad v\u00e4lja ja sobivad ideaalselt kaasaegse ehitusega. V\u00e4\u00e4rib m\u00e4rkimist, et seade suudab teenindada kuni 255 korterit.<\/p>\n<p>\u200bInnovatiivne fonolukk kiibilugejaga \u2013 omadused<br \/> Pakume paneele, mis on varustatud paljude t\u00e4iustatud funktsioonidega. Need pole ainult kohandatud erivajadustega inimeste vajadustele, n\u00e4iteks automaatse v\u00f5i kaugjuhtimise v\u00f5imalus, vaid pakuvad ka individuaalset seadistamist, seadme kohandamist ruumide erip\u00e4rale, n\u00e4iteks hotellidele ja kiipide haldamisele. Aco toodete puhul on fonolukkude m\u00f5\u00f5tmed 206 mm x 88 mm. Nende paigaldus, s\u00f5ltuvalt raami valikust, v\u00f5ib olla s\u00fcvistatud v\u00f5i pinnapealne. T\u00e4nu kvaliteetsete materjalide ja kaasaegse tehnoloogia kasutamisele t\u00f6\u00f6tab seade aastaid t\u00f5husalt, pakkudes elanikele igap\u00e4evaelu mugavust. See on lahendus, mille on juba valinud paljud elamute, kontorite ja majutusasutuste projekteerimise eest vastutavad isikud.<br \/> Kutsume teid ostma kiibilugejaga fonolukke!<\/p>\n<table>\n<tr>\n<th>Indeks<\/th>\n<td>CDNP7ACC (G2) ST<\/td>\n<\/tr>\n<tr>\n<th>Kirjeldus<\/th>\n<td>Digitaalne fonolukk koodlukuga ja l\u00e4heduskaardi lugejaga<\/td>\n<\/tr>\n<tr>\n<th>Teostus<\/th>\n<td>Pulberv\u00e4rvitud alumiiniumisulamist korpus<br \/>Tasane esipaneel koos paigaldusraamiga<br \/>Tagumine plastkorpus elektroonika katmiseks<br \/>Must ekraan, valge klaviatuuri taustvalgustus<\/td>\n<\/tr>\n<tr>\n<th>Saadaval keeleversioonid<\/th>\n<td>PL-EN-DE-FR<br \/>PL-EN-DE-SV<br \/>EN-LT-IT-HU<br \/>UA-EN-DE-PL<\/td>\n<\/tr>\n<tr>\n<th>Saadaval v\u00e4rvid<\/th>\n<td>Teras (ST)<\/td>\n<\/tr>\n<tr>\n<th>Moodulid<\/th>\n<td>Koodlukk &#8211; individuaalne neljakohaline kood iga korteri jaoks<br \/>ACC &#8211; Unikaalne 125kHz l\u00e4heduskiibi lugeja<\/td>\n<\/tr>\n<tr>\n<th>Maks. abonentide arv<\/th>\n<td>255 korterit<\/td>\n<\/tr>\n<tr>\n<th>Ekraan<\/th>\n<td>LCD (soojendusega)<\/td>\n<\/tr>\n<tr>\n<th>Paigaldusmeetod<\/th>\n<td>S\u00f5ltuvalt raami valikust:<br \/>\u2013 s\u00fcvistatav<br \/>\u2013 pinnapealne<\/td>\n<\/tr>\n<tr>\n<th>M\u00f5\u00f5tmed (mm)<\/th>\n<td>206x88x29.3<\/td>\n<\/tr>\n<tr>\n<th>Paigaldust\u00fc\u00fcp<\/th>\n<td>Digitaalne: 2-juhtmeline P-s\u00fcsteem v\u00f5i UTP cat. 5e\/6 keerdpaar &#8211; PV s\u00fcsteem<\/td>\n<\/tr>\n<tr>\n<th>Liini pikkus<\/th>\n<td>Maks 1000m<\/td>\n<\/tr>\n<tr>\n<th>Toide<\/th>\n<td>15V DC \/ 200mA v\u00f5i 12V \u00b1 0,5V AC<\/td>\n<\/tr>\n<tr>\n<th>V\u00f5imsustarve ootere\u017eiimis<\/th>\n<td>~1W<\/td>\n<\/tr>\n<tr>\n<th>V\u00e4ljundid<\/th>\n<td>2 x kruviklemmid &#8220;ELOCK&#8221;: traditsioonilise elektrilise luku \u00fchendus (max 1A) v\u00f5i \u00fcmberp\u00f6\u00f6ratav (max 0.5A) v\u00f5i CDN-PK releemoodul (max 5A)<br \/>2 x kruviklemmid: helisignaali \u00fchendus: &#8220;LINE+&#8221; ja &#8220;LINE- (GND)&#8221;<br \/>2 x kruviklemmid: teise releev\u00e4ljundi \u00fchendus (OUTPUT): &#8220;N&#8221; ja &#8220;NO&#8221; (max 2A,30VDC)<\/td>\n<\/tr>\n<tr>\n<th>Sisendid<\/th>\n<td>4 x kruviklemmid: toite\u00fchendus: p\u00fcsiv \u201c+DC\u201d ja \u201cGND\u201d v\u00f5i vahelduv \u201cAC\u201d ja \u201cAC\u201d<br \/>1 x \u201cINPUT\u201d kruviklemm: tavaliselt avatud nupu \u00fchendus (NO)<br \/>1 x kruviklemm: helisignaali \u00fchendus eelmisest juhtpaneelist (\u201cML+\u201d)<br \/>2 x \u201cEXTMOD\u201d pesa lisamoodulite \u00fchendamiseks<\/td>\n<\/tr>\n<tr>\n<th>Puudega inimeste mugavused<\/th>\n<td>Valgustatud klahvid (valikuliselt Braille\u2019ga)<br \/>Heli- ja valgussignalisatsioon<br \/>Automaatne v\u00f5i kaugjuhtimisega ukse avamine<br \/>T\u00e4iendavate heli-\/valgushelina seadmete \u00fchendamine<\/td>\n<\/tr>\n<tr>\n<th>Omadused<\/th>\n<td>Vandalismi- ja ilmastikukindel (-20 kuni 50\u00b0C, IK07, IP42)<br \/>Lihtne paigaldus<br \/>Toetab Master\/Slave s\u00fcsteeme<br \/>Universaalne Master ja Slave disain<br \/>Koodid: 255 elanikku, 5 administraatorit, 1 paigaldaja<br \/>Toetab kuni 6144 kiipi<br \/>Reguleeritav vestluse kestus (40-120 sek)<br \/>Toetab elektrilukke ja elektromagnetlukke<br \/>Kodune automaatika funktsioonid<br \/>Juhtpaneelilt ja arvutist programmeeritav<br \/>Tasuta tarkvara saadaval<\/td>\n<\/tr>\n<\/table>\n","protected":false},"excerpt":{"rendered":"<p>Ukselefonis\u00fcsteem on varustatud koodlukuga, millel on individuaalselt taustvalgustatud nupud, ja kiibilugejaga.<br \/> CDN seadmed on m\u00f5eldud mitmepereelamutele.<br \/> Paigaldajad on juba aastaid hinnanud nende k\u00f5rget kvaliteeti, t\u00f6\u00f6kindlust ja vastupidavat disaini.<\/p>\n<p>CDN v\u00e4lisseadmed on v\u00e4ga kohandatavad, v\u00f5imaldades luua s\u00fcsteeme, mis on kohandatud iga investeerimisprojekti vajadustele.<\/p>\n[wpdm_package id='20838']\n","protected":false},"featured_media":20829,"template":"","meta":[],"product_brand":[],"product_cat":[1693,606],"product_tag":[1253],"class_list":{"0":"post-20823","1":"product","2":"type-product","3":"status-publish","4":"has-post-thumbnail","6":"product_cat-aco-et-2","7":"product_cat-fonolukud","8":"product_tag-intercom-et","10":"first","11":"instock","12":"taxable","13":"shipping-taxable","14":"product-type-simple"},"yoast_head":"<!-- This site is optimized with the Yoast SEO Premium plugin v27.3 (Yoast SEO v27.3) - https:\/\/yoast.com\/product\/yoast-seo-premium-wordpress\/ -->\n<title>CDNP7ACC (G2) Digitaalne ukseavamis\u00fcsteem - Fonolukk<\/title>\n<meta name=\"description\" content=\"CDNP7ACC (G2) Digitaalne ukseavamis\u00fcsteem - Ukselefonis\u00fcsteem on varustatud koodlukuga, millel on individuaalselt taustvalgustatud nupud, ja kiibilugejaga.\" \/>\n<meta name=\"robots\" content=\"index, follow, max-snippet:-1, max-image-preview:large, max-video-preview:-1\" \/>\n<link rel=\"canonical\" href=\"https:\/\/fonolukk.eu\/et\/tooted\/cdnp7acc-g2-digitaalne-ukseavamisusteem\/\" \/>\n<meta property=\"og:locale\" content=\"et_EE\" \/>\n<meta property=\"og:type\" content=\"article\" \/>\n<meta property=\"og:title\" content=\"CDNP7ACC (G2) Digitaalne ukseavamis\u00fcsteem\" \/>\n<meta property=\"og:description\" content=\"Ukselefonis\u00fcsteem on varustatud koodlukuga, millel on individuaalselt taustvalgustatud nupud, ja kiibilugejaga. CDN seadmed on m\u00f5eldud mitmepereelamutele. Paigaldajad on juba aastaid hinnanud nende k\u00f5rget kvaliteeti, t\u00f6\u00f6kindlust ja vastupidavat disaini. CDN v\u00e4lisseadmed on v\u00e4ga kohandatavad, v\u00f5imaldades luua s\u00fcsteeme, mis on kohandatud iga investeerimisprojekti vajadustele.\" \/>\n<meta property=\"og:url\" content=\"https:\/\/fonolukk.eu\/et\/tooted\/cdnp7acc-g2-digitaalne-ukseavamisusteem\/\" \/>\n<meta property=\"og:site_name\" content=\"Fonolukk\" \/>\n<meta property=\"article:publisher\" content=\"https:\/\/www.facebook.com\/fonolukk\" \/>\n<meta property=\"article:modified_time\" content=\"2025-06-28T09:45:40+00:00\" \/>\n<meta property=\"og:image\" content=\"https:\/\/fonolukk.eu\/wp-content\/uploads\/2025\/06\/cdnp7acc-g2.webp\" \/>\n\t<meta property=\"og:image:width\" content=\"1001\" \/>\n\t<meta property=\"og:image:height\" content=\"1001\" \/>\n\t<meta property=\"og:image:type\" content=\"image\/webp\" \/>\n<meta name=\"twitter:card\" content=\"summary_large_image\" \/>\n<meta name=\"twitter:label1\" content=\"Hind\" \/>\n\t<meta name=\"twitter:data1\" content=\"\" \/>\n\t<meta name=\"twitter:label2\" content=\"Availability\" \/>\n\t<meta name=\"twitter:data2\" content=\"Laos\" \/>\n<script type=\"application\/ld+json\" class=\"yoast-schema-graph\">{\"@context\":\"https:\\\/\\\/schema.org\",\"@graph\":[{\"@type\":\"WebPage\",\"@id\":\"https:\\\/\\\/fonolukk.eu\\\/et\\\/tooted\\\/cdnp7acc-g2-digitaalne-ukseavamisusteem\\\/\",\"url\":\"https:\\\/\\\/fonolukk.eu\\\/et\\\/tooted\\\/cdnp7acc-g2-digitaalne-ukseavamisusteem\\\/\",\"name\":\"CDNP7ACC (G2) Digitaalne ukseavamis\u00fcsteem - Fonolukk\",\"isPartOf\":{\"@id\":\"https:\\\/\\\/fonolukk.eu\\\/et\\\/#website\"},\"primaryImageOfPage\":{\"@id\":\"https:\\\/\\\/fonolukk.eu\\\/et\\\/tooted\\\/cdnp7acc-g2-digitaalne-ukseavamisusteem\\\/#primaryimage\"},\"image\":{\"@id\":\"https:\\\/\\\/fonolukk.eu\\\/et\\\/tooted\\\/cdnp7acc-g2-digitaalne-ukseavamisusteem\\\/#primaryimage\"},\"thumbnailUrl\":\"https:\\\/\\\/fonolukk.eu\\\/wp-content\\\/uploads\\\/2025\\\/06\\\/cdnp7acc-g2.webp\",\"datePublished\":\"2025-06-28T09:27:17+00:00\",\"dateModified\":\"2025-06-28T09:45:40+00:00\",\"description\":\"CDNP7ACC (G2) Digitaalne ukseavamis\u00fcsteem - Ukselefonis\u00fcsteem on varustatud koodlukuga, millel on individuaalselt taustvalgustatud nupud, ja kiibilugejaga.\",\"breadcrumb\":{\"@id\":\"https:\\\/\\\/fonolukk.eu\\\/et\\\/tooted\\\/cdnp7acc-g2-digitaalne-ukseavamisusteem\\\/#breadcrumb\"},\"inLanguage\":\"et\",\"potentialAction\":[{\"@type\":\"ReadAction\",\"target\":[\"https:\\\/\\\/fonolukk.eu\\\/et\\\/tooted\\\/cdnp7acc-g2-digitaalne-ukseavamisusteem\\\/\"]}]},{\"@type\":\"ImageObject\",\"inLanguage\":\"et\",\"@id\":\"https:\\\/\\\/fonolukk.eu\\\/et\\\/tooted\\\/cdnp7acc-g2-digitaalne-ukseavamisusteem\\\/#primaryimage\",\"url\":\"https:\\\/\\\/fonolukk.eu\\\/wp-content\\\/uploads\\\/2025\\\/06\\\/cdnp7acc-g2.webp\",\"contentUrl\":\"https:\\\/\\\/fonolukk.eu\\\/wp-content\\\/uploads\\\/2025\\\/06\\\/cdnp7acc-g2.webp\",\"width\":1001,\"height\":1001,\"caption\":\"CDNP7ACC\"},{\"@type\":\"BreadcrumbList\",\"@id\":\"https:\\\/\\\/fonolukk.eu\\\/et\\\/tooted\\\/cdnp7acc-g2-digitaalne-ukseavamisusteem\\\/#breadcrumb\",\"itemListElement\":[{\"@type\":\"ListItem\",\"position\":1,\"name\":\"Esileht\",\"item\":\"https:\\\/\\\/fonolukk.eu\\\/et\\\/koduleht\\\/\"},{\"@type\":\"ListItem\",\"position\":2,\"name\":\"Tooted\",\"item\":\"https:\\\/\\\/fonolukk.eu\\\/et\\\/shop-2\\\/\"},{\"@type\":\"ListItem\",\"position\":3,\"name\":\"Fonolukud\",\"item\":\"https:\\\/\\\/fonolukk.eu\\\/et\\\/product-category\\\/fonolukud\\\/\"},{\"@type\":\"ListItem\",\"position\":4,\"name\":\"CDNP7ACC (G2) Digitaalne ukseavamis\u00fcsteem\"}]},{\"@type\":\"WebSite\",\"@id\":\"https:\\\/\\\/fonolukk.eu\\\/et\\\/#website\",\"url\":\"https:\\\/\\\/fonolukk.eu\\\/et\\\/\",\"name\":\"Fonolukk eu\",\"description\":\"Smart Security Systems\",\"publisher\":{\"@id\":\"https:\\\/\\\/fonolukk.eu\\\/et\\\/#organization\"},\"potentialAction\":[{\"@type\":\"SearchAction\",\"target\":{\"@type\":\"EntryPoint\",\"urlTemplate\":\"https:\\\/\\\/fonolukk.eu\\\/et\\\/?s={search_term_string}\"},\"query-input\":{\"@type\":\"PropertyValueSpecification\",\"valueRequired\":true,\"valueName\":\"search_term_string\"}}],\"inLanguage\":\"et\"},{\"@type\":\"Organization\",\"@id\":\"https:\\\/\\\/fonolukk.eu\\\/et\\\/#organization\",\"name\":\"Smart Security OU\",\"url\":\"https:\\\/\\\/fonolukk.eu\\\/et\\\/\",\"logo\":{\"@type\":\"ImageObject\",\"inLanguage\":\"et\",\"@id\":\"https:\\\/\\\/fonolukk.eu\\\/et\\\/#\\\/schema\\\/logo\\\/image\\\/\",\"url\":\"https:\\\/\\\/fonolukk.eu\\\/wp-content\\\/uploads\\\/2023\\\/09\\\/fonolukk.png\",\"contentUrl\":\"https:\\\/\\\/fonolukk.eu\\\/wp-content\\\/uploads\\\/2023\\\/09\\\/fonolukk.png\",\"width\":277,\"height\":274,\"caption\":\"Smart Security OU\"},\"image\":{\"@id\":\"https:\\\/\\\/fonolukk.eu\\\/et\\\/#\\\/schema\\\/logo\\\/image\\\/\"},\"sameAs\":[\"https:\\\/\\\/www.facebook.com\\\/fonolukk\",\"https:\\\/\\\/www.instagram.com\\\/fonolukk\\\/?hl=ru\"],\"publishingPrinciples\":\"https:\\\/\\\/fonolukk.eu\\\/terms-and-conditions\\\/\",\"ownershipFundingInfo\":\"https:\\\/\\\/fonolukk.eu\\\/about-us\\\/\"}]}<\/script>\n<meta property=\"product:price:amount\" content=\"0.00\" \/>\n<meta property=\"product:price:currency\" content=\"EUR\" \/>\n<meta property=\"og:availability\" content=\"instock\" \/>\n<meta property=\"product:availability\" content=\"instock\" \/>\n<meta property=\"product:retailer_item_id\" content=\"CDNP7ACC\" \/>\n<meta property=\"product:condition\" content=\"new\" \/>\n<!-- \/ Yoast SEO Premium plugin. -->","yoast_head_json":{"title":"CDNP7ACC (G2) Digitaalne ukseavamis\u00fcsteem - Fonolukk","description":"CDNP7ACC (G2) Digitaalne ukseavamis\u00fcsteem - Ukselefonis\u00fcsteem on varustatud koodlukuga, millel on individuaalselt taustvalgustatud nupud, ja kiibilugejaga.","robots":{"index":"index","follow":"follow","max-snippet":"max-snippet:-1","max-image-preview":"max-image-preview:large","max-video-preview":"max-video-preview:-1"},"canonical":"https:\/\/fonolukk.eu\/et\/tooted\/cdnp7acc-g2-digitaalne-ukseavamisusteem\/","og_locale":"et_EE","og_type":"article","og_title":"CDNP7ACC (G2) Digitaalne ukseavamis\u00fcsteem","og_description":"Ukselefonis\u00fcsteem on varustatud koodlukuga, millel on individuaalselt taustvalgustatud nupud, ja kiibilugejaga. CDN seadmed on m\u00f5eldud mitmepereelamutele. Paigaldajad on juba aastaid hinnanud nende k\u00f5rget kvaliteeti, t\u00f6\u00f6kindlust ja vastupidavat disaini. CDN v\u00e4lisseadmed on v\u00e4ga kohandatavad, v\u00f5imaldades luua s\u00fcsteeme, mis on kohandatud iga investeerimisprojekti vajadustele.","og_url":"https:\/\/fonolukk.eu\/et\/tooted\/cdnp7acc-g2-digitaalne-ukseavamisusteem\/","og_site_name":"Fonolukk","article_publisher":"https:\/\/www.facebook.com\/fonolukk","article_modified_time":"2025-06-28T09:45:40+00:00","og_image":[{"width":1001,"height":1001,"url":"https:\/\/fonolukk.eu\/wp-content\/uploads\/2025\/06\/cdnp7acc-g2.webp","type":"image\/webp"}],"twitter_card":"summary_large_image","twitter_misc":{"Hind":"","Availability":"Laos"},"schema":{"@context":"https:\/\/schema.org","@graph":[{"@type":"WebPage","@id":"https:\/\/fonolukk.eu\/et\/tooted\/cdnp7acc-g2-digitaalne-ukseavamisusteem\/","url":"https:\/\/fonolukk.eu\/et\/tooted\/cdnp7acc-g2-digitaalne-ukseavamisusteem\/","name":"CDNP7ACC (G2) Digitaalne ukseavamis\u00fcsteem - Fonolukk","isPartOf":{"@id":"https:\/\/fonolukk.eu\/et\/#website"},"primaryImageOfPage":{"@id":"https:\/\/fonolukk.eu\/et\/tooted\/cdnp7acc-g2-digitaalne-ukseavamisusteem\/#primaryimage"},"image":{"@id":"https:\/\/fonolukk.eu\/et\/tooted\/cdnp7acc-g2-digitaalne-ukseavamisusteem\/#primaryimage"},"thumbnailUrl":"https:\/\/fonolukk.eu\/wp-content\/uploads\/2025\/06\/cdnp7acc-g2.webp","datePublished":"2025-06-28T09:27:17+00:00","dateModified":"2025-06-28T09:45:40+00:00","description":"CDNP7ACC (G2) Digitaalne ukseavamis\u00fcsteem - Ukselefonis\u00fcsteem on varustatud koodlukuga, millel on individuaalselt taustvalgustatud nupud, ja kiibilugejaga.","breadcrumb":{"@id":"https:\/\/fonolukk.eu\/et\/tooted\/cdnp7acc-g2-digitaalne-ukseavamisusteem\/#breadcrumb"},"inLanguage":"et","potentialAction":[{"@type":"ReadAction","target":["https:\/\/fonolukk.eu\/et\/tooted\/cdnp7acc-g2-digitaalne-ukseavamisusteem\/"]}]},{"@type":"ImageObject","inLanguage":"et","@id":"https:\/\/fonolukk.eu\/et\/tooted\/cdnp7acc-g2-digitaalne-ukseavamisusteem\/#primaryimage","url":"https:\/\/fonolukk.eu\/wp-content\/uploads\/2025\/06\/cdnp7acc-g2.webp","contentUrl":"https:\/\/fonolukk.eu\/wp-content\/uploads\/2025\/06\/cdnp7acc-g2.webp","width":1001,"height":1001,"caption":"CDNP7ACC"},{"@type":"BreadcrumbList","@id":"https:\/\/fonolukk.eu\/et\/tooted\/cdnp7acc-g2-digitaalne-ukseavamisusteem\/#breadcrumb","itemListElement":[{"@type":"ListItem","position":1,"name":"Esileht","item":"https:\/\/fonolukk.eu\/et\/koduleht\/"},{"@type":"ListItem","position":2,"name":"Tooted","item":"https:\/\/fonolukk.eu\/et\/shop-2\/"},{"@type":"ListItem","position":3,"name":"Fonolukud","item":"https:\/\/fonolukk.eu\/et\/product-category\/fonolukud\/"},{"@type":"ListItem","position":4,"name":"CDNP7ACC (G2) Digitaalne ukseavamis\u00fcsteem"}]},{"@type":"WebSite","@id":"https:\/\/fonolukk.eu\/et\/#website","url":"https:\/\/fonolukk.eu\/et\/","name":"Fonolukk eu","description":"Smart Security Systems","publisher":{"@id":"https:\/\/fonolukk.eu\/et\/#organization"},"potentialAction":[{"@type":"SearchAction","target":{"@type":"EntryPoint","urlTemplate":"https:\/\/fonolukk.eu\/et\/?s={search_term_string}"},"query-input":{"@type":"PropertyValueSpecification","valueRequired":true,"valueName":"search_term_string"}}],"inLanguage":"et"},{"@type":"Organization","@id":"https:\/\/fonolukk.eu\/et\/#organization","name":"Smart Security OU","url":"https:\/\/fonolukk.eu\/et\/","logo":{"@type":"ImageObject","inLanguage":"et","@id":"https:\/\/fonolukk.eu\/et\/#\/schema\/logo\/image\/","url":"https:\/\/fonolukk.eu\/wp-content\/uploads\/2023\/09\/fonolukk.png","contentUrl":"https:\/\/fonolukk.eu\/wp-content\/uploads\/2023\/09\/fonolukk.png","width":277,"height":274,"caption":"Smart Security OU"},"image":{"@id":"https:\/\/fonolukk.eu\/et\/#\/schema\/logo\/image\/"},"sameAs":["https:\/\/www.facebook.com\/fonolukk","https:\/\/www.instagram.com\/fonolukk\/?hl=ru"],"publishingPrinciples":"https:\/\/fonolukk.eu\/terms-and-conditions\/","ownershipFundingInfo":"https:\/\/fonolukk.eu\/about-us\/"}]},"product_price_amount":"0.00","product_price_currency":"EUR","og_availability":"instock","product_availability":"instock","product_retailer_item_id":"CDNP7ACC","product_condition":"new"},"_links":{"self":[{"href":"https:\/\/fonolukk.eu\/et\/wp-json\/wp\/v2\/product\/20823","targetHints":{"allow":["GET"]}}],"collection":[{"href":"https:\/\/fonolukk.eu\/et\/wp-json\/wp\/v2\/product"}],"about":[{"href":"https:\/\/fonolukk.eu\/et\/wp-json\/wp\/v2\/types\/product"}],"version-history":[{"count":1,"href":"https:\/\/fonolukk.eu\/et\/wp-json\/wp\/v2\/product\/20823\/revisions"}],"predecessor-version":[{"id":20841,"href":"https:\/\/fonolukk.eu\/et\/wp-json\/wp\/v2\/product\/20823\/revisions\/20841"}],"wp:featuredmedia":[{"embeddable":true,"href":"https:\/\/fonolukk.eu\/et\/wp-json\/wp\/v2\/media\/20829"}],"wp:attachment":[{"href":"https:\/\/fonolukk.eu\/et\/wp-json\/wp\/v2\/media?parent=20823"}],"wp:term":[{"taxonomy":"product_brand","embeddable":true,"href":"https:\/\/fonolukk.eu\/et\/wp-json\/wp\/v2\/product_brand?post=20823"},{"taxonomy":"product_cat","embeddable":true,"href":"https:\/\/fonolukk.eu\/et\/wp-json\/wp\/v2\/product_cat?post=20823"},{"taxonomy":"product_tag","embeddable":true,"href":"https:\/\/fonolukk.eu\/et\/wp-json\/wp\/v2\/product_tag?post=20823"}],"curies":[{"name":"wp","href":"https:\/\/api.w.org\/{rel}","templated":true}]}}