{"id":20856,"date":"2025-06-29T13:06:29","date_gmt":"2025-06-29T10:06:29","guid":{"rendered":"https:\/\/fonolukk.eu\/?post_type=product&#038;p=20856"},"modified":"2025-06-29T13:25:23","modified_gmt":"2025-06-29T10:25:23","slug":"vsc-ipt6lr-videokaamera-6mp-ip-7-22-mm-objektiiv-100-m-ir-valgustus-objektide-klassifitseerimine-tehisintellekti-pohine-tuvastus","status":"publish","type":"product","link":"https:\/\/fonolukk.eu\/et\/tooted\/vsc-ipt6lr-videokaamera-6mp-ip-7-22-mm-objektiiv-100-m-ir-valgustus-objektide-klassifitseerimine-tehisintellekti-pohine-tuvastus\/","title":{"rendered":"VSC IPT6LR videokaamera \u2013 6MP IP, 7-22 mm objektiiv, 100 m IR-valgustus, objektide klassifitseerimine, tehisintellekti p\u00f5hine tuvastus"},"content":{"rendered":"","protected":false},"excerpt":{"rendered":"<ul>\n<li>H.265+\/H.265\/H.264+\/H.264\/MJPEG kodeerimine<\/li>\n<li>Maksimaalne eraldusv\u00f5ime: 3296 \u00d7 1856<\/li>\n<li>ICR automaatne l\u00fclitus, t\u00f5eline p\u00e4ev\/\u00f6\u00f6 n\u00e4gemine<\/li>\n<li>70~100 m IR \u00f6ine vaatekaugus<\/li>\n<li>3D DNR, t\u00f5eline WDR, HLC, BLC, udueemaldus, nutikas IR ja ROI kodeerimine<\/li>\n<li>Toetab pildi moonutuste korrigeerimist<\/li>\n<li>Sisseehitatud micro SD kaardi pesa, kuni 256 GB<\/li>\n<li>Toide: DC12V\/PoE<\/li>\n<li>IP67 kaitseklass<\/li>\n<li>Toetab kolme voogu<\/li>\n<li>Toetab kaugj\u00e4lgimist nutitelefonide ja tahvelarvutitega iOS ja Android OS-iga<\/li>\n<li>Tark anal\u00fc\u00fctika<\/li>\n<\/ul>\n[wpdm_package id='20862']\n","protected":false},"featured_media":20859,"template":"","meta":[],"product_brand":[],"product_cat":[1116],"product_tag":[1444],"class_list":{"0":"post-20856","1":"product","2":"type-product","3":"status-publish","4":"has-post-thumbnail","6":"product_cat-videokaamerad-et","7":"product_tag-video-kaamera","9":"first","10":"instock","11":"taxable","12":"shipping-taxable","13":"purchasable","14":"product-type-simple"},"yoast_head":"<!-- This site is optimized with the Yoast SEO Premium plugin v27.3 (Yoast SEO v27.3) - https:\/\/yoast.com\/product\/yoast-seo-premium-wordpress\/ -->\n<title>VSC IPT6LR videokaamera \u2013 6MP IP, 7-22 mm objektiiv, 100 m IR-valgustus, objektide klassifitseerimine, tehisintellekti p\u00f5hine tuvastus - Fonolukk<\/title>\n<meta name=\"description\" content=\"VSC IPT6LR videokaamera \u2013 6MP IP, 7-22 mm objektiiv, 100 m IR-valgustus, objektide klassifitseerimine, tehisintellekti p\u00f5hine tuvastus - Toide DC12V\/PoE-ga.\" \/>\n<meta name=\"robots\" content=\"index, follow, max-snippet:-1, max-image-preview:large, max-video-preview:-1\" \/>\n<link rel=\"canonical\" href=\"https:\/\/fonolukk.eu\/et\/tooted\/vsc-ipt6lr-videokaamera-6mp-ip-7-22-mm-objektiiv-100-m-ir-valgustus-objektide-klassifitseerimine-tehisintellekti-pohine-tuvastus\/\" \/>\n<meta property=\"og:locale\" content=\"et_EE\" \/>\n<meta property=\"og:type\" content=\"article\" \/>\n<meta property=\"og:title\" content=\"VSC IPT6LR videokaamera \u2013 6MP IP, 7-22 mm objektiiv, 100 m IR-valgustus, objektide klassifitseerimine, tehisintellekti p\u00f5hine tuvastus\" \/>\n<meta property=\"og:description\" content=\"H.265+\/H.265\/H.264+\/H.264\/MJPEG kodeerimine  Maksimaalne eraldusv\u00f5ime: 3296 \u00d7 1856  ICR automaatne l\u00fclitus, t\u00f5eline p\u00e4ev\/\u00f6\u00f6 n\u00e4gemine  70~100 m IR \u00f6ine vaatekaugus  3D DNR, t\u00f5eline WDR, HLC, BLC, udueemaldus, nutikas IR ja ROI kodeerimine  Toetab pildi moonutuste korrigeerimist  Sisseehitatud micro SD kaardi pesa, kuni 256 GB  Toide: DC12V\/PoE  IP67 kaitseklass  Toetab kolme voogu  Toetab kaugj\u00e4lgimist nutitelefonide ja tahvelarvutitega iOS ja Android OS-iga  Tark anal\u00fc\u00fctika\" \/>\n<meta property=\"og:url\" content=\"https:\/\/fonolukk.eu\/et\/tooted\/vsc-ipt6lr-videokaamera-6mp-ip-7-22-mm-objektiiv-100-m-ir-valgustus-objektide-klassifitseerimine-tehisintellekti-pohine-tuvastus\/\" \/>\n<meta property=\"og:site_name\" content=\"Fonolukk\" \/>\n<meta property=\"article:publisher\" content=\"https:\/\/www.facebook.com\/fonolukk\" \/>\n<meta property=\"article:modified_time\" content=\"2025-06-29T10:25:23+00:00\" \/>\n<meta property=\"og:image\" content=\"https:\/\/fonolukk.eu\/wp-content\/uploads\/2025\/06\/vsc-ipt6lr-ip-video-camera.jpg\" \/>\n\t<meta property=\"og:image:width\" content=\"500\" \/>\n\t<meta property=\"og:image:height\" content=\"500\" \/>\n\t<meta property=\"og:image:type\" content=\"image\/jpeg\" \/>\n<meta name=\"twitter:card\" content=\"summary_large_image\" \/>\n<meta name=\"twitter:label1\" content=\"Hind\" \/>\n\t<meta name=\"twitter:data1\" content=\"&euro;292.00 koos KM\" \/>\n\t<meta name=\"twitter:label2\" content=\"Availability\" \/>\n\t<meta name=\"twitter:data2\" content=\"Laos\" \/>\n<script type=\"application\/ld+json\" class=\"yoast-schema-graph\">{\"@context\":\"https:\\\/\\\/schema.org\",\"@graph\":[{\"@type\":\"WebPage\",\"@id\":\"https:\\\/\\\/fonolukk.eu\\\/et\\\/tooted\\\/vsc-ipt6lr-videokaamera-6mp-ip-7-22-mm-objektiiv-100-m-ir-valgustus-objektide-klassifitseerimine-tehisintellekti-pohine-tuvastus\\\/\",\"url\":\"https:\\\/\\\/fonolukk.eu\\\/et\\\/tooted\\\/vsc-ipt6lr-videokaamera-6mp-ip-7-22-mm-objektiiv-100-m-ir-valgustus-objektide-klassifitseerimine-tehisintellekti-pohine-tuvastus\\\/\",\"name\":\"VSC IPT6LR videokaamera \u2013 6MP IP, 7-22 mm objektiiv, 100 m IR-valgustus, objektide klassifitseerimine, tehisintellekti p\u00f5hine tuvastus - Fonolukk\",\"isPartOf\":{\"@id\":\"https:\\\/\\\/fonolukk.eu\\\/et\\\/#website\"},\"primaryImageOfPage\":{\"@id\":\"https:\\\/\\\/fonolukk.eu\\\/et\\\/tooted\\\/vsc-ipt6lr-videokaamera-6mp-ip-7-22-mm-objektiiv-100-m-ir-valgustus-objektide-klassifitseerimine-tehisintellekti-pohine-tuvastus\\\/#primaryimage\"},\"image\":{\"@id\":\"https:\\\/\\\/fonolukk.eu\\\/et\\\/tooted\\\/vsc-ipt6lr-videokaamera-6mp-ip-7-22-mm-objektiiv-100-m-ir-valgustus-objektide-klassifitseerimine-tehisintellekti-pohine-tuvastus\\\/#primaryimage\"},\"thumbnailUrl\":\"https:\\\/\\\/fonolukk.eu\\\/wp-content\\\/uploads\\\/2025\\\/06\\\/vsc-ipt6lr-ip-video-camera.jpg\",\"datePublished\":\"2025-06-29T10:06:29+00:00\",\"dateModified\":\"2025-06-29T10:25:23+00:00\",\"description\":\"VSC IPT6LR videokaamera \u2013 6MP IP, 7-22 mm objektiiv, 100 m IR-valgustus, objektide klassifitseerimine, tehisintellekti p\u00f5hine tuvastus - Toide DC12V\\\/PoE-ga.\",\"breadcrumb\":{\"@id\":\"https:\\\/\\\/fonolukk.eu\\\/et\\\/tooted\\\/vsc-ipt6lr-videokaamera-6mp-ip-7-22-mm-objektiiv-100-m-ir-valgustus-objektide-klassifitseerimine-tehisintellekti-pohine-tuvastus\\\/#breadcrumb\"},\"inLanguage\":\"et\",\"potentialAction\":[{\"@type\":\"ReadAction\",\"target\":[\"https:\\\/\\\/fonolukk.eu\\\/et\\\/tooted\\\/vsc-ipt6lr-videokaamera-6mp-ip-7-22-mm-objektiiv-100-m-ir-valgustus-objektide-klassifitseerimine-tehisintellekti-pohine-tuvastus\\\/\"]}]},{\"@type\":\"ImageObject\",\"inLanguage\":\"et\",\"@id\":\"https:\\\/\\\/fonolukk.eu\\\/et\\\/tooted\\\/vsc-ipt6lr-videokaamera-6mp-ip-7-22-mm-objektiiv-100-m-ir-valgustus-objektide-klassifitseerimine-tehisintellekti-pohine-tuvastus\\\/#primaryimage\",\"url\":\"https:\\\/\\\/fonolukk.eu\\\/wp-content\\\/uploads\\\/2025\\\/06\\\/vsc-ipt6lr-ip-video-camera.jpg\",\"contentUrl\":\"https:\\\/\\\/fonolukk.eu\\\/wp-content\\\/uploads\\\/2025\\\/06\\\/vsc-ipt6lr-ip-video-camera.jpg\",\"width\":500,\"height\":500,\"caption\":\"vsc-ipt6lr-ip-video-camera\"},{\"@type\":\"BreadcrumbList\",\"@id\":\"https:\\\/\\\/fonolukk.eu\\\/et\\\/tooted\\\/vsc-ipt6lr-videokaamera-6mp-ip-7-22-mm-objektiiv-100-m-ir-valgustus-objektide-klassifitseerimine-tehisintellekti-pohine-tuvastus\\\/#breadcrumb\",\"itemListElement\":[{\"@type\":\"ListItem\",\"position\":1,\"name\":\"Esileht\",\"item\":\"https:\\\/\\\/fonolukk.eu\\\/et\\\/koduleht\\\/\"},{\"@type\":\"ListItem\",\"position\":2,\"name\":\"Tooted\",\"item\":\"https:\\\/\\\/fonolukk.eu\\\/et\\\/shop-2\\\/\"},{\"@type\":\"ListItem\",\"position\":3,\"name\":\"Videokaamerad\",\"item\":\"https:\\\/\\\/fonolukk.eu\\\/et\\\/product-category\\\/videokaamerad-et\\\/\"},{\"@type\":\"ListItem\",\"position\":4,\"name\":\"VSC IPT6LR videokaamera \u2013 6MP IP, 7-22 mm objektiiv, 100 m IR-valgustus, objektide klassifitseerimine, tehisintellekti p\u00f5hine tuvastus\"}]},{\"@type\":\"WebSite\",\"@id\":\"https:\\\/\\\/fonolukk.eu\\\/et\\\/#website\",\"url\":\"https:\\\/\\\/fonolukk.eu\\\/et\\\/\",\"name\":\"Fonolukk eu\",\"description\":\"Smart Security Systems\",\"publisher\":{\"@id\":\"https:\\\/\\\/fonolukk.eu\\\/et\\\/#organization\"},\"potentialAction\":[{\"@type\":\"SearchAction\",\"target\":{\"@type\":\"EntryPoint\",\"urlTemplate\":\"https:\\\/\\\/fonolukk.eu\\\/et\\\/?s={search_term_string}\"},\"query-input\":{\"@type\":\"PropertyValueSpecification\",\"valueRequired\":true,\"valueName\":\"search_term_string\"}}],\"inLanguage\":\"et\"},{\"@type\":\"Organization\",\"@id\":\"https:\\\/\\\/fonolukk.eu\\\/et\\\/#organization\",\"name\":\"Smart Security OU\",\"url\":\"https:\\\/\\\/fonolukk.eu\\\/et\\\/\",\"logo\":{\"@type\":\"ImageObject\",\"inLanguage\":\"et\",\"@id\":\"https:\\\/\\\/fonolukk.eu\\\/et\\\/#\\\/schema\\\/logo\\\/image\\\/\",\"url\":\"https:\\\/\\\/fonolukk.eu\\\/wp-content\\\/uploads\\\/2023\\\/09\\\/fonolukk.png\",\"contentUrl\":\"https:\\\/\\\/fonolukk.eu\\\/wp-content\\\/uploads\\\/2023\\\/09\\\/fonolukk.png\",\"width\":277,\"height\":274,\"caption\":\"Smart Security OU\"},\"image\":{\"@id\":\"https:\\\/\\\/fonolukk.eu\\\/et\\\/#\\\/schema\\\/logo\\\/image\\\/\"},\"sameAs\":[\"https:\\\/\\\/www.facebook.com\\\/fonolukk\",\"https:\\\/\\\/www.instagram.com\\\/fonolukk\\\/?hl=ru\"],\"publishingPrinciples\":\"https:\\\/\\\/fonolukk.eu\\\/terms-and-conditions\\\/\",\"ownershipFundingInfo\":\"https:\\\/\\\/fonolukk.eu\\\/about-us\\\/\"}]}<\/script>\n<meta property=\"product:price:amount\" content=\"292.00\" \/>\n<meta property=\"product:price:currency\" content=\"EUR\" \/>\n<meta property=\"og:availability\" content=\"instock\" \/>\n<meta property=\"product:availability\" content=\"instock\" \/>\n<meta property=\"product:retailer_item_id\" content=\"VSC IPT6LR\" \/>\n<meta property=\"product:condition\" content=\"new\" \/>\n<!-- \/ Yoast SEO Premium plugin. -->","yoast_head_json":{"title":"VSC IPT6LR videokaamera \u2013 6MP IP, 7-22 mm objektiiv, 100 m IR-valgustus, objektide klassifitseerimine, tehisintellekti p\u00f5hine tuvastus - Fonolukk","description":"VSC IPT6LR videokaamera \u2013 6MP IP, 7-22 mm objektiiv, 100 m IR-valgustus, objektide klassifitseerimine, tehisintellekti p\u00f5hine tuvastus - Toide DC12V\/PoE-ga.","robots":{"index":"index","follow":"follow","max-snippet":"max-snippet:-1","max-image-preview":"max-image-preview:large","max-video-preview":"max-video-preview:-1"},"canonical":"https:\/\/fonolukk.eu\/et\/tooted\/vsc-ipt6lr-videokaamera-6mp-ip-7-22-mm-objektiiv-100-m-ir-valgustus-objektide-klassifitseerimine-tehisintellekti-pohine-tuvastus\/","og_locale":"et_EE","og_type":"article","og_title":"VSC IPT6LR videokaamera \u2013 6MP IP, 7-22 mm objektiiv, 100 m IR-valgustus, objektide klassifitseerimine, tehisintellekti p\u00f5hine tuvastus","og_description":"H.265+\/H.265\/H.264+\/H.264\/MJPEG kodeerimine  Maksimaalne eraldusv\u00f5ime: 3296 \u00d7 1856  ICR automaatne l\u00fclitus, t\u00f5eline p\u00e4ev\/\u00f6\u00f6 n\u00e4gemine  70~100 m IR \u00f6ine vaatekaugus  3D DNR, t\u00f5eline WDR, HLC, BLC, udueemaldus, nutikas IR ja ROI kodeerimine  Toetab pildi moonutuste korrigeerimist  Sisseehitatud micro SD kaardi pesa, kuni 256 GB  Toide: DC12V\/PoE  IP67 kaitseklass  Toetab kolme voogu  Toetab kaugj\u00e4lgimist nutitelefonide ja tahvelarvutitega iOS ja Android OS-iga  Tark anal\u00fc\u00fctika","og_url":"https:\/\/fonolukk.eu\/et\/tooted\/vsc-ipt6lr-videokaamera-6mp-ip-7-22-mm-objektiiv-100-m-ir-valgustus-objektide-klassifitseerimine-tehisintellekti-pohine-tuvastus\/","og_site_name":"Fonolukk","article_publisher":"https:\/\/www.facebook.com\/fonolukk","article_modified_time":"2025-06-29T10:25:23+00:00","og_image":[{"width":500,"height":500,"url":"https:\/\/fonolukk.eu\/wp-content\/uploads\/2025\/06\/vsc-ipt6lr-ip-video-camera.jpg","type":"image\/jpeg"}],"twitter_card":"summary_large_image","twitter_misc":{"Hind":"&euro;292.00 koos KM","Availability":"Laos"},"schema":{"@context":"https:\/\/schema.org","@graph":[{"@type":"WebPage","@id":"https:\/\/fonolukk.eu\/et\/tooted\/vsc-ipt6lr-videokaamera-6mp-ip-7-22-mm-objektiiv-100-m-ir-valgustus-objektide-klassifitseerimine-tehisintellekti-pohine-tuvastus\/","url":"https:\/\/fonolukk.eu\/et\/tooted\/vsc-ipt6lr-videokaamera-6mp-ip-7-22-mm-objektiiv-100-m-ir-valgustus-objektide-klassifitseerimine-tehisintellekti-pohine-tuvastus\/","name":"VSC IPT6LR videokaamera \u2013 6MP IP, 7-22 mm objektiiv, 100 m IR-valgustus, objektide klassifitseerimine, tehisintellekti p\u00f5hine tuvastus - Fonolukk","isPartOf":{"@id":"https:\/\/fonolukk.eu\/et\/#website"},"primaryImageOfPage":{"@id":"https:\/\/fonolukk.eu\/et\/tooted\/vsc-ipt6lr-videokaamera-6mp-ip-7-22-mm-objektiiv-100-m-ir-valgustus-objektide-klassifitseerimine-tehisintellekti-pohine-tuvastus\/#primaryimage"},"image":{"@id":"https:\/\/fonolukk.eu\/et\/tooted\/vsc-ipt6lr-videokaamera-6mp-ip-7-22-mm-objektiiv-100-m-ir-valgustus-objektide-klassifitseerimine-tehisintellekti-pohine-tuvastus\/#primaryimage"},"thumbnailUrl":"https:\/\/fonolukk.eu\/wp-content\/uploads\/2025\/06\/vsc-ipt6lr-ip-video-camera.jpg","datePublished":"2025-06-29T10:06:29+00:00","dateModified":"2025-06-29T10:25:23+00:00","description":"VSC IPT6LR videokaamera \u2013 6MP IP, 7-22 mm objektiiv, 100 m IR-valgustus, objektide klassifitseerimine, tehisintellekti p\u00f5hine tuvastus - Toide DC12V\/PoE-ga.","breadcrumb":{"@id":"https:\/\/fonolukk.eu\/et\/tooted\/vsc-ipt6lr-videokaamera-6mp-ip-7-22-mm-objektiiv-100-m-ir-valgustus-objektide-klassifitseerimine-tehisintellekti-pohine-tuvastus\/#breadcrumb"},"inLanguage":"et","potentialAction":[{"@type":"ReadAction","target":["https:\/\/fonolukk.eu\/et\/tooted\/vsc-ipt6lr-videokaamera-6mp-ip-7-22-mm-objektiiv-100-m-ir-valgustus-objektide-klassifitseerimine-tehisintellekti-pohine-tuvastus\/"]}]},{"@type":"ImageObject","inLanguage":"et","@id":"https:\/\/fonolukk.eu\/et\/tooted\/vsc-ipt6lr-videokaamera-6mp-ip-7-22-mm-objektiiv-100-m-ir-valgustus-objektide-klassifitseerimine-tehisintellekti-pohine-tuvastus\/#primaryimage","url":"https:\/\/fonolukk.eu\/wp-content\/uploads\/2025\/06\/vsc-ipt6lr-ip-video-camera.jpg","contentUrl":"https:\/\/fonolukk.eu\/wp-content\/uploads\/2025\/06\/vsc-ipt6lr-ip-video-camera.jpg","width":500,"height":500,"caption":"vsc-ipt6lr-ip-video-camera"},{"@type":"BreadcrumbList","@id":"https:\/\/fonolukk.eu\/et\/tooted\/vsc-ipt6lr-videokaamera-6mp-ip-7-22-mm-objektiiv-100-m-ir-valgustus-objektide-klassifitseerimine-tehisintellekti-pohine-tuvastus\/#breadcrumb","itemListElement":[{"@type":"ListItem","position":1,"name":"Esileht","item":"https:\/\/fonolukk.eu\/et\/koduleht\/"},{"@type":"ListItem","position":2,"name":"Tooted","item":"https:\/\/fonolukk.eu\/et\/shop-2\/"},{"@type":"ListItem","position":3,"name":"Videokaamerad","item":"https:\/\/fonolukk.eu\/et\/product-category\/videokaamerad-et\/"},{"@type":"ListItem","position":4,"name":"VSC IPT6LR videokaamera \u2013 6MP IP, 7-22 mm objektiiv, 100 m IR-valgustus, objektide klassifitseerimine, tehisintellekti p\u00f5hine tuvastus"}]},{"@type":"WebSite","@id":"https:\/\/fonolukk.eu\/et\/#website","url":"https:\/\/fonolukk.eu\/et\/","name":"Fonolukk eu","description":"Smart Security Systems","publisher":{"@id":"https:\/\/fonolukk.eu\/et\/#organization"},"potentialAction":[{"@type":"SearchAction","target":{"@type":"EntryPoint","urlTemplate":"https:\/\/fonolukk.eu\/et\/?s={search_term_string}"},"query-input":{"@type":"PropertyValueSpecification","valueRequired":true,"valueName":"search_term_string"}}],"inLanguage":"et"},{"@type":"Organization","@id":"https:\/\/fonolukk.eu\/et\/#organization","name":"Smart Security OU","url":"https:\/\/fonolukk.eu\/et\/","logo":{"@type":"ImageObject","inLanguage":"et","@id":"https:\/\/fonolukk.eu\/et\/#\/schema\/logo\/image\/","url":"https:\/\/fonolukk.eu\/wp-content\/uploads\/2023\/09\/fonolukk.png","contentUrl":"https:\/\/fonolukk.eu\/wp-content\/uploads\/2023\/09\/fonolukk.png","width":277,"height":274,"caption":"Smart Security OU"},"image":{"@id":"https:\/\/fonolukk.eu\/et\/#\/schema\/logo\/image\/"},"sameAs":["https:\/\/www.facebook.com\/fonolukk","https:\/\/www.instagram.com\/fonolukk\/?hl=ru"],"publishingPrinciples":"https:\/\/fonolukk.eu\/terms-and-conditions\/","ownershipFundingInfo":"https:\/\/fonolukk.eu\/about-us\/"}]},"product_price_amount":"292.00","product_price_currency":"EUR","og_availability":"instock","product_availability":"instock","product_retailer_item_id":"VSC IPT6LR","product_condition":"new"},"_links":{"self":[{"href":"https:\/\/fonolukk.eu\/et\/wp-json\/wp\/v2\/product\/20856","targetHints":{"allow":["GET"]}}],"collection":[{"href":"https:\/\/fonolukk.eu\/et\/wp-json\/wp\/v2\/product"}],"about":[{"href":"https:\/\/fonolukk.eu\/et\/wp-json\/wp\/v2\/types\/product"}],"version-history":[{"count":1,"href":"https:\/\/fonolukk.eu\/et\/wp-json\/wp\/v2\/product\/20856\/revisions"}],"predecessor-version":[{"id":20865,"href":"https:\/\/fonolukk.eu\/et\/wp-json\/wp\/v2\/product\/20856\/revisions\/20865"}],"wp:featuredmedia":[{"embeddable":true,"href":"https:\/\/fonolukk.eu\/et\/wp-json\/wp\/v2\/media\/20859"}],"wp:attachment":[{"href":"https:\/\/fonolukk.eu\/et\/wp-json\/wp\/v2\/media?parent=20856"}],"wp:term":[{"taxonomy":"product_brand","embeddable":true,"href":"https:\/\/fonolukk.eu\/et\/wp-json\/wp\/v2\/product_brand?post=20856"},{"taxonomy":"product_cat","embeddable":true,"href":"https:\/\/fonolukk.eu\/et\/wp-json\/wp\/v2\/product_cat?post=20856"},{"taxonomy":"product_tag","embeddable":true,"href":"https:\/\/fonolukk.eu\/et\/wp-json\/wp\/v2\/product_tag?post=20856"}],"curies":[{"name":"wp","href":"https:\/\/api.w.org\/{rel}","templated":true}]}}