{"id":20868,"date":"2025-06-29T23:29:06","date_gmt":"2025-06-29T20:29:07","guid":{"rendered":"https:\/\/fonolukk.eu\/?post_type=product&#038;p=20868"},"modified":"2025-07-07T10:12:37","modified_gmt":"2025-07-07T07:12:37","slug":"vsc-ip-kaamera-4mp-2-8-mm-topeltvalgustus-kuni-50-m","status":"publish","type":"product","link":"https:\/\/fonolukk.eu\/et\/tooted\/vsc-ip-kaamera-4mp-2-8-mm-topeltvalgustus-kuni-50-m\/","title":{"rendered":"VSC IP-kaamera 4MP, 2.8 mm, topeltvalgustus kuni 50 m"},"content":{"rendered":"<table class=\"spec\">\n<tbody>\n<tr>\n<td colspan=\"2\"><strong>Kaamera<\/strong><\/td>\n<\/tr>\n<tr>\n<td>Pildisensor<\/td>\n<td>1\/3&#8243; CMOS<\/td>\n<\/tr>\n<tr>\n<td>Pildi suurus<\/td>\n<td>2560 \u00d7 1440<\/td>\n<\/tr>\n<tr>\n<td>Elektrooniline katik<\/td>\n<td>1\/1s ~ 1\/100000s<\/td>\n<\/tr>\n<tr>\n<td>Iirise t\u00fc\u00fcp<\/td>\n<td>Fikseeritud iiris<\/td>\n<\/tr>\n<tr>\n<td>Min. valgustundlikkus<\/td>\n<td>0.005 lux @F1.6, AGC SEES; 0 lux valgustusega<\/td>\n<\/tr>\n<tr>\n<td>P\u00e4ev\/\u00d6\u00f6<\/td>\n<td>ICR automaatne l\u00fclitus<\/td>\n<\/tr>\n<tr>\n<td>S\/N suhe<\/td>\n<td>\u226550 dB<\/td>\n<\/tr>\n<tr>\n<td>Lai d\u00fcnaamiline vahemik<\/td>\n<td>120 dB<\/td>\n<\/tr>\n<tr>\n<td>BLC \/ HLC<\/td>\n<td>Jah \/ Jah<\/td>\n<\/tr>\n<tr>\n<td>Digitaalne m\u00fcrav\u00e4hendus<\/td>\n<td>3D DNR<\/td>\n<\/tr>\n<tr>\n<td>Objektiivi kinnitus<\/td>\n<td>M12<\/td>\n<\/tr>\n<tr>\n<td>Fookus<\/td>\n<td>Fikseeritud<\/td>\n<\/tr>\n<tr>\n<td>Nurga reguleerimine<\/td>\n<td>P\u00f6\u00f6re: 0\u00b0~360\u00b0, Kallutus: 0\u00b0~80\u00b0, P\u00f6\u00f6ramine: 0\u00b0~360\u00b0<\/td>\n<\/tr>\n<tr>\n<td colspan=\"2\"><strong>Objektiiv<\/strong><\/td>\n<\/tr>\n<tr>\n<td>Fookuskaugus<\/td>\n<td>2.8mm @F1.6<\/td>\n<\/tr>\n<tr>\n<td>Vaatev\u00e4li<\/td>\n<td>Horisontaalne: 94\u00b0, Diagonaalne: 115\u00b0<\/td>\n<\/tr>\n<tr>\n<td colspan=\"2\"><strong>Pilt<\/strong><\/td>\n<\/tr>\n<tr>\n<td>Pildiseaded<\/td>\n<td>ROI, k\u00fcllastus, heledus, toon, kontrastsus, teravus, peegeldus, p\u00f6\u00f6ramine, m\u00fcrav\u00e4hendus jne.<\/td>\n<\/tr>\n<tr>\n<td>ROI<\/td>\n<td>Iga ROI seadistatakse eraldi<\/td>\n<\/tr>\n<tr>\n<td colspan=\"2\"><strong>Video<\/strong><\/td>\n<\/tr>\n<tr>\n<td>Pakkimine<\/td>\n<td>H.265+ \/ H.265 \/ H.264+ \/ H.264 \/ MJPEG<\/td>\n<\/tr>\n<tr>\n<td>H.265 pakkimisstandard<\/td>\n<td>Main Profile@Level 4.1 High Tier<\/td>\n<\/tr>\n<tr>\n<td>Resolutsioon<\/td>\n<td>4MP, 3MP, 1080P, 720P, D1, VGA, CIF, 480\u00d7240<\/td>\n<\/tr>\n<tr>\n<td>P\u00f5hivoo<\/td>\n<td>4MP\/3MP\/1080P\/720P (60Hz: 1~30fps; 50Hz: 1~25fps)<\/td>\n<\/tr>\n<tr>\n<td>Alamvoog<\/td>\n<td>720P\/D1\/VGA\/CIF (60Hz: 1~30fps; 50Hz: 1~25fps)<\/td>\n<\/tr>\n<tr>\n<td>Kolmas voog<\/td>\n<td>D1\/CIF\/480\u00d7240 (60Hz: 1~30fps; 50Hz: 1~25fps)<\/td>\n<\/tr>\n<tr>\n<td>Bitikiirus<\/td>\n<td>64 Kbps ~ 6 Mbps<\/td>\n<\/tr>\n<tr>\n<td>Bitikiiruse t\u00fc\u00fcp<\/td>\n<td>VBR \/ CBR<\/td>\n<\/tr>\n<tr>\n<td colspan=\"2\"><strong>Heli<\/strong><\/td>\n<\/tr>\n<tr>\n<td>Heli liides<\/td>\n<td>1-kanaliline helisisend; 1 sisseehitatud mikrofon<\/td>\n<\/tr>\n<tr>\n<td>Heli pakkimine<\/td>\n<td>G711A\/U<\/td>\n<\/tr>\n<tr>\n<td colspan=\"2\"><strong>V\u00f5rk<\/strong><\/td>\n<\/tr>\n<tr>\n<td>Liides<\/td>\n<td>RJ45<\/td>\n<\/tr>\n<tr>\n<td>V\u00f5rguprotokollid<\/td>\n<td>UDP, DHCP, NTP, RTSP, RTP, RTCP, RTMP, PPPoE, DDNS, IPv4, IPv6, SMTP, FTP, 802.1x, SNMP, UPnP, HTTPS, HTTP POST, P2P, QoS<\/td>\n<\/tr>\n<tr>\n<td>Kaugj\u00e4lgimine<\/td>\n<td>Veebibrauser, NVR, NVMS2.X, mobiilirakendus<\/td>\n<\/tr>\n<tr>\n<td>Samaaegsed kasutajad<\/td>\n<td>Kuni 6 kasutajat<\/td>\n<\/tr>\n<tr>\n<td colspan=\"2\"><strong>Salvestus<\/strong><\/td>\n<\/tr>\n<tr>\n<td>Kohalik salvestus<\/td>\n<td>Micro SD kaardi pesa, kuni 256GB<\/td>\n<\/tr>\n<tr>\n<td>V\u00f5rgusalvestus<\/td>\n<td>Toetatud<\/td>\n<\/tr>\n<tr>\n<td colspan=\"2\"><strong>Targad funktsioonid<\/strong><\/td>\n<\/tr>\n<tr>\n<td>Nutikad s\u00fcndmused<\/td>\n<td>Joone \u00fcletamine, piirkonda tungimine (inimene\/s\u00f5iduk), h\u00fcljatud\/puuduv objekt<\/td>\n<\/tr>\n<tr>\n<td>H\u00e4ired<\/td>\n<td>Liikumistuvastus, SMD, SD viga\/t\u00e4is, IP konflikt, v\u00f5rgu katkestus, video viga<\/td>\n<\/tr>\n<tr>\n<td colspan=\"2\"><strong>Turvalisus<\/strong><\/td>\n<\/tr>\n<tr>\n<td>Turvafunktsioonid<\/td>\n<td>Kr\u00fcpteerimine (video, p\u00fcsivara, seadistused), HTTPS, sisselogimise lukk, IP filtreerimine, 802.1x, HTTP autentimine<\/td>\n<\/tr>\n<tr>\n<td colspan=\"2\"><strong>T\u00e4iendav valgustus<\/strong><\/td>\n<\/tr>\n<tr>\n<td>Nutikas valgustus<\/td>\n<td>Jah<\/td>\n<\/tr>\n<tr>\n<td>Vahemik<\/td>\n<td>Valge valgus: 40m, IR: 50m<\/td>\n<\/tr>\n<tr>\n<td colspan=\"2\"><strong>\u00dcldine<\/strong><\/td>\n<\/tr>\n<tr>\n<td>PoE<\/td>\n<td>Jah (IEEE802.3af)<\/td>\n<\/tr>\n<tr>\n<td>Kaitseklass<\/td>\n<td>IP67<\/td>\n<\/tr>\n<tr>\n<td>Toiteallikas<\/td>\n<td>DC12V \/ PoE<\/td>\n<\/tr>\n<tr>\n<td>V\u00f5imsustarve<\/td>\n<td>&lt; 6W<\/td>\n<\/tr>\n<tr>\n<td>M\u00f5\u00f5tmed<\/td>\n<td>167.6 \u00d7 75 \u00d7 74.6 mm<\/td>\n<\/tr>\n<tr>\n<td>Kaal<\/td>\n<td>Umbes 0.45 kg<\/td>\n<\/tr>\n<tr>\n<td>Paigaldus<\/td>\n<td>Lae- v\u00f5i seinakinnitus<\/td>\n<\/tr>\n<tr>\n<td>Brauseri tugi<\/td>\n<td>Chrome 89+, Edge 89+, Firefox 87+, Safari 14+<\/td>\n<\/tr>\n<tr>\n<td>T\u00f6\u00f6tingimused<\/td>\n<td>-30\u00b0C ~ 60\u00b0C, &lt;95% RH (mitte-kondenseeruv)<\/td>\n<\/tr>\n<tr>\n<td>Hoidmistingimused<\/td>\n<td>-30\u00b0C ~ 65\u00b0C, &lt;95% RH (mitte-kondenseeruv)<\/td>\n<\/tr>\n<tr>\n<td>Sertifikaadid<\/td>\n<td>CE, FCC, RoHS, WEEE, REACH<\/td>\n<\/tr>\n<tr>\n<td colspan=\"2\"><strong>DORI kaugus (2.8mm objektiiv)<\/strong><\/td>\n<\/tr>\n<tr>\n<td>Tuvastamine<\/td>\n<td>62m (203ft)<\/td>\n<\/tr>\n<tr>\n<td>J\u00e4lgimine<\/td>\n<td>25m (81ft)<\/td>\n<\/tr>\n<tr>\n<td>Tuvastamine (n\u00e4o)<\/td>\n<td>12m (40ft)<\/td>\n<\/tr>\n<tr>\n<td>Identifitseerimine<\/td>\n<td>6m (20ft)<\/td>\n<\/tr>\n<\/tbody>\n<\/table>\n","protected":false},"excerpt":{"rendered":"[wpdm_package id='20874']\n","protected":false},"featured_media":20871,"template":"","meta":[],"product_brand":[],"product_cat":[1116],"product_tag":[1444],"class_list":{"0":"post-20868","1":"product","2":"type-product","3":"status-publish","4":"has-post-thumbnail","6":"product_cat-videokaamerad-et","7":"product_tag-video-kaamera","9":"first","10":"instock","11":"taxable","12":"shipping-taxable","13":"purchasable","14":"product-type-simple"},"yoast_head":"<!-- This site is optimized with the Yoast SEO Premium plugin v27.3 (Yoast SEO v27.3) - https:\/\/yoast.com\/product\/yoast-seo-premium-wordpress\/ -->\n<title>VSC IP-kaamera 4MP, 2.8 mm, topeltvalgustus kuni 50 m - Fonolukk<\/title>\n<meta name=\"description\" content=\"VSC IP-kaamera 4MP, 2.8 mm, topeltvalgustus kuni 50 m - Max. resolution: 4MP ( 2560 \u00d7 1440). Auto day\/night switch.\" \/>\n<meta name=\"robots\" content=\"index, follow, max-snippet:-1, max-image-preview:large, max-video-preview:-1\" \/>\n<link rel=\"canonical\" href=\"https:\/\/fonolukk.eu\/et\/tooted\/vsc-ip-kaamera-4mp-2-8-mm-topeltvalgustus-kuni-50-m\/\" \/>\n<meta property=\"og:locale\" content=\"et_EE\" \/>\n<meta property=\"og:type\" content=\"article\" \/>\n<meta property=\"og:title\" content=\"VSC IP-kaamera 4MP, 2.8 mm, topeltvalgustus kuni 50 m\" \/>\n<meta property=\"og:description\" content=\"Kaamera Pildisensor 1\/3&quot; CMOS Pildi suurus 2560 \u00d7 1440 Elektrooniline katik 1\/1s ~ 1\/100000s Iirise t\u00fc\u00fcp Fikseeritud iiris Min. valgustundlikkus 0.005 lux\" \/>\n<meta property=\"og:url\" content=\"https:\/\/fonolukk.eu\/et\/tooted\/vsc-ip-kaamera-4mp-2-8-mm-topeltvalgustus-kuni-50-m\/\" \/>\n<meta property=\"og:site_name\" content=\"Fonolukk\" \/>\n<meta property=\"article:publisher\" content=\"https:\/\/www.facebook.com\/fonolukk\" \/>\n<meta property=\"article:modified_time\" content=\"2025-07-07T07:12:37+00:00\" \/>\n<meta property=\"og:image\" content=\"https:\/\/fonolukk.eu\/wp-content\/uploads\/2025\/06\/vsc-ip-camera-fonolukk.png\" \/>\n\t<meta property=\"og:image:width\" content=\"500\" \/>\n\t<meta property=\"og:image:height\" content=\"500\" \/>\n\t<meta property=\"og:image:type\" content=\"image\/png\" \/>\n<meta name=\"twitter:card\" content=\"summary_large_image\" \/>\n<meta name=\"twitter:label1\" content=\"Hind\" \/>\n\t<meta name=\"twitter:data1\" content=\"&euro;98.00 koos KM\" \/>\n\t<meta name=\"twitter:label2\" content=\"Availability\" \/>\n\t<meta name=\"twitter:data2\" content=\"Laos\" \/>\n<script type=\"application\/ld+json\" class=\"yoast-schema-graph\">{\"@context\":\"https:\\\/\\\/schema.org\",\"@graph\":[{\"@type\":\"WebPage\",\"@id\":\"https:\\\/\\\/fonolukk.eu\\\/et\\\/tooted\\\/vsc-ip-kaamera-4mp-2-8-mm-topeltvalgustus-kuni-50-m\\\/\",\"url\":\"https:\\\/\\\/fonolukk.eu\\\/et\\\/tooted\\\/vsc-ip-kaamera-4mp-2-8-mm-topeltvalgustus-kuni-50-m\\\/\",\"name\":\"VSC IP-kaamera 4MP, 2.8 mm, topeltvalgustus kuni 50 m - Fonolukk\",\"isPartOf\":{\"@id\":\"https:\\\/\\\/fonolukk.eu\\\/et\\\/#website\"},\"primaryImageOfPage\":{\"@id\":\"https:\\\/\\\/fonolukk.eu\\\/et\\\/tooted\\\/vsc-ip-kaamera-4mp-2-8-mm-topeltvalgustus-kuni-50-m\\\/#primaryimage\"},\"image\":{\"@id\":\"https:\\\/\\\/fonolukk.eu\\\/et\\\/tooted\\\/vsc-ip-kaamera-4mp-2-8-mm-topeltvalgustus-kuni-50-m\\\/#primaryimage\"},\"thumbnailUrl\":\"https:\\\/\\\/fonolukk.eu\\\/wp-content\\\/uploads\\\/2025\\\/06\\\/vsc-ip-camera-fonolukk.png\",\"datePublished\":\"2025-06-29T20:29:07+00:00\",\"dateModified\":\"2025-07-07T07:12:37+00:00\",\"description\":\"VSC IP-kaamera 4MP, 2.8 mm, topeltvalgustus kuni 50 m - Max. resolution: 4MP ( 2560 \u00d7 1440). Auto day\\\/night switch.\",\"breadcrumb\":{\"@id\":\"https:\\\/\\\/fonolukk.eu\\\/et\\\/tooted\\\/vsc-ip-kaamera-4mp-2-8-mm-topeltvalgustus-kuni-50-m\\\/#breadcrumb\"},\"inLanguage\":\"et\",\"potentialAction\":[{\"@type\":\"ReadAction\",\"target\":[\"https:\\\/\\\/fonolukk.eu\\\/et\\\/tooted\\\/vsc-ip-kaamera-4mp-2-8-mm-topeltvalgustus-kuni-50-m\\\/\"]}]},{\"@type\":\"ImageObject\",\"inLanguage\":\"et\",\"@id\":\"https:\\\/\\\/fonolukk.eu\\\/et\\\/tooted\\\/vsc-ip-kaamera-4mp-2-8-mm-topeltvalgustus-kuni-50-m\\\/#primaryimage\",\"url\":\"https:\\\/\\\/fonolukk.eu\\\/wp-content\\\/uploads\\\/2025\\\/06\\\/vsc-ip-camera-fonolukk.png\",\"contentUrl\":\"https:\\\/\\\/fonolukk.eu\\\/wp-content\\\/uploads\\\/2025\\\/06\\\/vsc-ip-camera-fonolukk.png\",\"width\":500,\"height\":500,\"caption\":\"VSC IPT4BLs4cF28 IP camera\"},{\"@type\":\"BreadcrumbList\",\"@id\":\"https:\\\/\\\/fonolukk.eu\\\/et\\\/tooted\\\/vsc-ip-kaamera-4mp-2-8-mm-topeltvalgustus-kuni-50-m\\\/#breadcrumb\",\"itemListElement\":[{\"@type\":\"ListItem\",\"position\":1,\"name\":\"Esileht\",\"item\":\"https:\\\/\\\/fonolukk.eu\\\/et\\\/koduleht\\\/\"},{\"@type\":\"ListItem\",\"position\":2,\"name\":\"Tooted\",\"item\":\"https:\\\/\\\/fonolukk.eu\\\/et\\\/shop-2\\\/\"},{\"@type\":\"ListItem\",\"position\":3,\"name\":\"Videokaamerad\",\"item\":\"https:\\\/\\\/fonolukk.eu\\\/et\\\/product-category\\\/videokaamerad-et\\\/\"},{\"@type\":\"ListItem\",\"position\":4,\"name\":\"VSC IP-kaamera 4MP, 2.8 mm, topeltvalgustus kuni 50 m\"}]},{\"@type\":\"WebSite\",\"@id\":\"https:\\\/\\\/fonolukk.eu\\\/et\\\/#website\",\"url\":\"https:\\\/\\\/fonolukk.eu\\\/et\\\/\",\"name\":\"Fonolukk eu\",\"description\":\"Smart Security Systems\",\"publisher\":{\"@id\":\"https:\\\/\\\/fonolukk.eu\\\/et\\\/#organization\"},\"potentialAction\":[{\"@type\":\"SearchAction\",\"target\":{\"@type\":\"EntryPoint\",\"urlTemplate\":\"https:\\\/\\\/fonolukk.eu\\\/et\\\/?s={search_term_string}\"},\"query-input\":{\"@type\":\"PropertyValueSpecification\",\"valueRequired\":true,\"valueName\":\"search_term_string\"}}],\"inLanguage\":\"et\"},{\"@type\":\"Organization\",\"@id\":\"https:\\\/\\\/fonolukk.eu\\\/et\\\/#organization\",\"name\":\"Smart Security OU\",\"url\":\"https:\\\/\\\/fonolukk.eu\\\/et\\\/\",\"logo\":{\"@type\":\"ImageObject\",\"inLanguage\":\"et\",\"@id\":\"https:\\\/\\\/fonolukk.eu\\\/et\\\/#\\\/schema\\\/logo\\\/image\\\/\",\"url\":\"https:\\\/\\\/fonolukk.eu\\\/wp-content\\\/uploads\\\/2023\\\/09\\\/fonolukk.png\",\"contentUrl\":\"https:\\\/\\\/fonolukk.eu\\\/wp-content\\\/uploads\\\/2023\\\/09\\\/fonolukk.png\",\"width\":277,\"height\":274,\"caption\":\"Smart Security OU\"},\"image\":{\"@id\":\"https:\\\/\\\/fonolukk.eu\\\/et\\\/#\\\/schema\\\/logo\\\/image\\\/\"},\"sameAs\":[\"https:\\\/\\\/www.facebook.com\\\/fonolukk\",\"https:\\\/\\\/www.instagram.com\\\/fonolukk\\\/?hl=ru\"],\"publishingPrinciples\":\"https:\\\/\\\/fonolukk.eu\\\/terms-and-conditions\\\/\",\"ownershipFundingInfo\":\"https:\\\/\\\/fonolukk.eu\\\/about-us\\\/\"}]}<\/script>\n<meta property=\"product:price:amount\" content=\"98.00\" \/>\n<meta property=\"product:price:currency\" content=\"EUR\" \/>\n<meta property=\"og:availability\" content=\"instock\" \/>\n<meta property=\"product:availability\" content=\"instock\" \/>\n<meta property=\"product:retailer_item_id\" content=\"VSC IPT4BLs4cF28\" \/>\n<meta property=\"product:condition\" content=\"new\" \/>\n<!-- \/ Yoast SEO Premium plugin. -->","yoast_head_json":{"title":"VSC IP-kaamera 4MP, 2.8 mm, topeltvalgustus kuni 50 m - Fonolukk","description":"VSC IP-kaamera 4MP, 2.8 mm, topeltvalgustus kuni 50 m - Max. resolution: 4MP ( 2560 \u00d7 1440). Auto day\/night switch.","robots":{"index":"index","follow":"follow","max-snippet":"max-snippet:-1","max-image-preview":"max-image-preview:large","max-video-preview":"max-video-preview:-1"},"canonical":"https:\/\/fonolukk.eu\/et\/tooted\/vsc-ip-kaamera-4mp-2-8-mm-topeltvalgustus-kuni-50-m\/","og_locale":"et_EE","og_type":"article","og_title":"VSC IP-kaamera 4MP, 2.8 mm, topeltvalgustus kuni 50 m","og_description":"Kaamera Pildisensor 1\/3\" CMOS Pildi suurus 2560 \u00d7 1440 Elektrooniline katik 1\/1s ~ 1\/100000s Iirise t\u00fc\u00fcp Fikseeritud iiris Min. valgustundlikkus 0.005 lux","og_url":"https:\/\/fonolukk.eu\/et\/tooted\/vsc-ip-kaamera-4mp-2-8-mm-topeltvalgustus-kuni-50-m\/","og_site_name":"Fonolukk","article_publisher":"https:\/\/www.facebook.com\/fonolukk","article_modified_time":"2025-07-07T07:12:37+00:00","og_image":[{"width":500,"height":500,"url":"https:\/\/fonolukk.eu\/wp-content\/uploads\/2025\/06\/vsc-ip-camera-fonolukk.png","type":"image\/png"}],"twitter_card":"summary_large_image","twitter_misc":{"Hind":"&euro;98.00 koos KM","Availability":"Laos"},"schema":{"@context":"https:\/\/schema.org","@graph":[{"@type":"WebPage","@id":"https:\/\/fonolukk.eu\/et\/tooted\/vsc-ip-kaamera-4mp-2-8-mm-topeltvalgustus-kuni-50-m\/","url":"https:\/\/fonolukk.eu\/et\/tooted\/vsc-ip-kaamera-4mp-2-8-mm-topeltvalgustus-kuni-50-m\/","name":"VSC IP-kaamera 4MP, 2.8 mm, topeltvalgustus kuni 50 m - Fonolukk","isPartOf":{"@id":"https:\/\/fonolukk.eu\/et\/#website"},"primaryImageOfPage":{"@id":"https:\/\/fonolukk.eu\/et\/tooted\/vsc-ip-kaamera-4mp-2-8-mm-topeltvalgustus-kuni-50-m\/#primaryimage"},"image":{"@id":"https:\/\/fonolukk.eu\/et\/tooted\/vsc-ip-kaamera-4mp-2-8-mm-topeltvalgustus-kuni-50-m\/#primaryimage"},"thumbnailUrl":"https:\/\/fonolukk.eu\/wp-content\/uploads\/2025\/06\/vsc-ip-camera-fonolukk.png","datePublished":"2025-06-29T20:29:07+00:00","dateModified":"2025-07-07T07:12:37+00:00","description":"VSC IP-kaamera 4MP, 2.8 mm, topeltvalgustus kuni 50 m - Max. resolution: 4MP ( 2560 \u00d7 1440). Auto day\/night switch.","breadcrumb":{"@id":"https:\/\/fonolukk.eu\/et\/tooted\/vsc-ip-kaamera-4mp-2-8-mm-topeltvalgustus-kuni-50-m\/#breadcrumb"},"inLanguage":"et","potentialAction":[{"@type":"ReadAction","target":["https:\/\/fonolukk.eu\/et\/tooted\/vsc-ip-kaamera-4mp-2-8-mm-topeltvalgustus-kuni-50-m\/"]}]},{"@type":"ImageObject","inLanguage":"et","@id":"https:\/\/fonolukk.eu\/et\/tooted\/vsc-ip-kaamera-4mp-2-8-mm-topeltvalgustus-kuni-50-m\/#primaryimage","url":"https:\/\/fonolukk.eu\/wp-content\/uploads\/2025\/06\/vsc-ip-camera-fonolukk.png","contentUrl":"https:\/\/fonolukk.eu\/wp-content\/uploads\/2025\/06\/vsc-ip-camera-fonolukk.png","width":500,"height":500,"caption":"VSC IPT4BLs4cF28 IP camera"},{"@type":"BreadcrumbList","@id":"https:\/\/fonolukk.eu\/et\/tooted\/vsc-ip-kaamera-4mp-2-8-mm-topeltvalgustus-kuni-50-m\/#breadcrumb","itemListElement":[{"@type":"ListItem","position":1,"name":"Esileht","item":"https:\/\/fonolukk.eu\/et\/koduleht\/"},{"@type":"ListItem","position":2,"name":"Tooted","item":"https:\/\/fonolukk.eu\/et\/shop-2\/"},{"@type":"ListItem","position":3,"name":"Videokaamerad","item":"https:\/\/fonolukk.eu\/et\/product-category\/videokaamerad-et\/"},{"@type":"ListItem","position":4,"name":"VSC IP-kaamera 4MP, 2.8 mm, topeltvalgustus kuni 50 m"}]},{"@type":"WebSite","@id":"https:\/\/fonolukk.eu\/et\/#website","url":"https:\/\/fonolukk.eu\/et\/","name":"Fonolukk eu","description":"Smart Security Systems","publisher":{"@id":"https:\/\/fonolukk.eu\/et\/#organization"},"potentialAction":[{"@type":"SearchAction","target":{"@type":"EntryPoint","urlTemplate":"https:\/\/fonolukk.eu\/et\/?s={search_term_string}"},"query-input":{"@type":"PropertyValueSpecification","valueRequired":true,"valueName":"search_term_string"}}],"inLanguage":"et"},{"@type":"Organization","@id":"https:\/\/fonolukk.eu\/et\/#organization","name":"Smart Security OU","url":"https:\/\/fonolukk.eu\/et\/","logo":{"@type":"ImageObject","inLanguage":"et","@id":"https:\/\/fonolukk.eu\/et\/#\/schema\/logo\/image\/","url":"https:\/\/fonolukk.eu\/wp-content\/uploads\/2023\/09\/fonolukk.png","contentUrl":"https:\/\/fonolukk.eu\/wp-content\/uploads\/2023\/09\/fonolukk.png","width":277,"height":274,"caption":"Smart Security OU"},"image":{"@id":"https:\/\/fonolukk.eu\/et\/#\/schema\/logo\/image\/"},"sameAs":["https:\/\/www.facebook.com\/fonolukk","https:\/\/www.instagram.com\/fonolukk\/?hl=ru"],"publishingPrinciples":"https:\/\/fonolukk.eu\/terms-and-conditions\/","ownershipFundingInfo":"https:\/\/fonolukk.eu\/about-us\/"}]},"product_price_amount":"98.00","product_price_currency":"EUR","og_availability":"instock","product_availability":"instock","product_retailer_item_id":"VSC IPT4BLs4cF28","product_condition":"new"},"_links":{"self":[{"href":"https:\/\/fonolukk.eu\/et\/wp-json\/wp\/v2\/product\/20868","targetHints":{"allow":["GET"]}}],"collection":[{"href":"https:\/\/fonolukk.eu\/et\/wp-json\/wp\/v2\/product"}],"about":[{"href":"https:\/\/fonolukk.eu\/et\/wp-json\/wp\/v2\/types\/product"}],"version-history":[{"count":2,"href":"https:\/\/fonolukk.eu\/et\/wp-json\/wp\/v2\/product\/20868\/revisions"}],"predecessor-version":[{"id":20899,"href":"https:\/\/fonolukk.eu\/et\/wp-json\/wp\/v2\/product\/20868\/revisions\/20899"}],"wp:featuredmedia":[{"embeddable":true,"href":"https:\/\/fonolukk.eu\/et\/wp-json\/wp\/v2\/media\/20871"}],"wp:attachment":[{"href":"https:\/\/fonolukk.eu\/et\/wp-json\/wp\/v2\/media?parent=20868"}],"wp:term":[{"taxonomy":"product_brand","embeddable":true,"href":"https:\/\/fonolukk.eu\/et\/wp-json\/wp\/v2\/product_brand?post=20868"},{"taxonomy":"product_cat","embeddable":true,"href":"https:\/\/fonolukk.eu\/et\/wp-json\/wp\/v2\/product_cat?post=20868"},{"taxonomy":"product_tag","embeddable":true,"href":"https:\/\/fonolukk.eu\/et\/wp-json\/wp\/v2\/product_tag?post=20868"}],"curies":[{"name":"wp","href":"https:\/\/api.w.org\/{rel}","templated":true}]}}