{"id":20908,"date":"2025-07-07T10:20:38","date_gmt":"2025-07-07T07:20:38","guid":{"rendered":"https:\/\/fonolukk.eu\/?post_type=product&#038;p=20908"},"modified":"2025-07-07T10:33:01","modified_gmt":"2025-07-07T07:33:01","slug":"vsc-ip-kaamera-4mp-2-8mm-topeltvalgustus-kuni-30m-objektide-tuvastamine-p2p","status":"publish","type":"product","link":"https:\/\/fonolukk.eu\/et\/tooted\/vsc-ip-kaamera-4mp-2-8mm-topeltvalgustus-kuni-30m-objektide-tuvastamine-p2p\/","title":{"rendered":"VSC IP-kaamera 4MP, 2.8mm, topeltvalgustus kuni 30m, objektide tuvastamine, P2P"},"content":{"rendered":"","protected":false},"excerpt":{"rendered":"<ul>\n<li data-start=\"41\" data-end=\"670\">H.265+ \/ H.265 \/ H.264+ \/ H.264 \/ MJPEG kodeering<\/li>\n<li data-start=\"41\" data-end=\"670\">Maksimaalne eraldusv\u00f5ime: 4MP (2560 \u00d7 1440)<\/li>\n<li data-start=\"41\" data-end=\"670\">Automaatne p\u00e4ev\/\u00f6\u00f6 re\u017eiimi l\u00fclitus<\/li>\n<li data-start=\"41\" data-end=\"670\">3D DNR, HWDR, HLC, BLC jne<\/li>\n<li data-start=\"41\" data-end=\"670\">ROI kodeering<\/li>\n<li data-start=\"41\" data-end=\"670\">Tark lisavalgustus toetatud<\/li>\n<li data-start=\"41\" data-end=\"670\">Valge valguse vaatekaugus: 30 m; IR valguse vaatekaugus: 30 m<\/li>\n<li data-start=\"41\" data-end=\"670\">Toide: DC12V \/ PoE<\/li>\n<li data-start=\"41\" data-end=\"670\">Kaitseklass: IP67<\/li>\n<li data-start=\"41\" data-end=\"670\">Toetab kolme videovoogu<\/li>\n<li data-start=\"41\" data-end=\"670\">Toetab kaugj\u00e4lgimist nutitelefonide ja tahvelarvutitega (iOS ja Android OS)<\/li>\n<li data-start=\"41\" data-end=\"670\">Toetab P2P-funktsiooni<\/li>\n<li data-start=\"41\" data-end=\"670\">Toetab SMD-tehnoloogiat<\/li>\n<li data-start=\"41\" data-end=\"670\">Toetab joone\u00fcletuse tuvastust, piirkonda sissetungi tuvastust, mahaj\u00e4etud\/puuduva objekti tuvastust, videoerindite tuvastust<\/li>\n<li data-start=\"41\" data-end=\"670\">Objektide klassifitseerimine<\/li>\n<\/ul>\n<p data-start=\"672\" data-end=\"697\">[wpdm_package id='20910']<\/p>\n","protected":false},"featured_media":20913,"template":"","meta":[],"product_brand":[],"product_cat":[1116],"product_tag":[1444],"class_list":{"0":"post-20908","1":"product","2":"type-product","3":"status-publish","4":"has-post-thumbnail","6":"product_cat-videokaamerad-et","7":"product_tag-video-kaamera","9":"first","10":"instock","11":"taxable","12":"shipping-taxable","13":"purchasable","14":"product-type-simple"},"yoast_head":"<!-- This site is optimized with the Yoast SEO Premium plugin v27.3 (Yoast SEO v27.3) - https:\/\/yoast.com\/product\/yoast-seo-premium-wordpress\/ -->\n<title>VSC IP-kaamera 4MP, 2.8mm, topeltvalgustus kuni 30 m \u2013 Fonolukk<\/title>\n<meta name=\"description\" content=\"VSC IP-kaamera 4MP, 2.8mm, topeltvalgustus kuni 30m, objektide tuvastamine, P2P - Toetab kaugj\u00e4lgimist nutitelefonidega. IP67 kaitseklass.\" \/>\n<meta name=\"robots\" content=\"index, follow, max-snippet:-1, max-image-preview:large, max-video-preview:-1\" \/>\n<link rel=\"canonical\" href=\"https:\/\/fonolukk.eu\/et\/tooted\/vsc-ip-kaamera-4mp-2-8mm-topeltvalgustus-kuni-30m-objektide-tuvastamine-p2p\/\" \/>\n<meta property=\"og:locale\" content=\"et_EE\" \/>\n<meta property=\"og:type\" content=\"article\" \/>\n<meta property=\"og:title\" content=\"VSC IP-kaamera 4MP, 2.8mm, topeltvalgustus kuni 30m, objektide tuvastamine, P2P\" \/>\n<meta property=\"og:description\" content=\"H.265+ \/ H.265 \/ H.264+ \/ H.264 \/ MJPEG kodeering  Maksimaalne eraldusv\u00f5ime: 4MP (2560 \u00d7 1440)  Automaatne p\u00e4ev\/\u00f6\u00f6 re\u017eiimi l\u00fclitus  3D DNR, HWDR, HLC, BLC jne  ROI kodeering  Tark lisavalgustus toetatud  Valge valguse vaatekaugus: 30 m; IR valguse vaatekaugus: 30 m  Toide: DC12V \/ PoE  Kaitseklass: IP67  Toetab kolme videovoogu  Toetab kaugj\u00e4lgimist nutitelefonide ja tahvelarvutitega (iOS ja Android OS)  Toetab P2P-funktsiooni  Toetab SMD-tehnoloogiat  Toetab joone\u00fcletuse tuvastust, piirkonda sissetungi tuvastust, mahaj\u00e4etud\/puuduva objekti tuvastust, videoerindite tuvastust  Objektide klassifitseerimine\" \/>\n<meta property=\"og:url\" content=\"https:\/\/fonolukk.eu\/et\/tooted\/vsc-ip-kaamera-4mp-2-8mm-topeltvalgustus-kuni-30m-objektide-tuvastamine-p2p\/\" \/>\n<meta property=\"og:site_name\" content=\"Fonolukk\" \/>\n<meta property=\"article:publisher\" content=\"https:\/\/www.facebook.com\/fonolukk\" \/>\n<meta property=\"article:modified_time\" content=\"2025-07-07T07:33:01+00:00\" \/>\n<meta property=\"og:image\" content=\"https:\/\/fonolukk.eu\/wp-content\/uploads\/2025\/07\/vsc-ipt4vds4cf28-fonolukk.jpg\" \/>\n\t<meta property=\"og:image:width\" content=\"500\" \/>\n\t<meta property=\"og:image:height\" content=\"500\" \/>\n\t<meta property=\"og:image:type\" content=\"image\/jpeg\" \/>\n<meta name=\"twitter:card\" content=\"summary_large_image\" \/>\n<meta name=\"twitter:label1\" content=\"Hind\" \/>\n\t<meta name=\"twitter:data1\" content=\"&euro;98.00 koos KM\" \/>\n\t<meta name=\"twitter:label2\" content=\"Availability\" \/>\n\t<meta name=\"twitter:data2\" content=\"Laos\" \/>\n<script type=\"application\/ld+json\" class=\"yoast-schema-graph\">{\"@context\":\"https:\\\/\\\/schema.org\",\"@graph\":[{\"@type\":\"WebPage\",\"@id\":\"https:\\\/\\\/fonolukk.eu\\\/et\\\/tooted\\\/vsc-ip-kaamera-4mp-2-8mm-topeltvalgustus-kuni-30m-objektide-tuvastamine-p2p\\\/\",\"url\":\"https:\\\/\\\/fonolukk.eu\\\/et\\\/tooted\\\/vsc-ip-kaamera-4mp-2-8mm-topeltvalgustus-kuni-30m-objektide-tuvastamine-p2p\\\/\",\"name\":\"VSC IP-kaamera 4MP, 2.8mm, topeltvalgustus kuni 30 m \u2013 Fonolukk\",\"isPartOf\":{\"@id\":\"https:\\\/\\\/fonolukk.eu\\\/et\\\/#website\"},\"primaryImageOfPage\":{\"@id\":\"https:\\\/\\\/fonolukk.eu\\\/et\\\/tooted\\\/vsc-ip-kaamera-4mp-2-8mm-topeltvalgustus-kuni-30m-objektide-tuvastamine-p2p\\\/#primaryimage\"},\"image\":{\"@id\":\"https:\\\/\\\/fonolukk.eu\\\/et\\\/tooted\\\/vsc-ip-kaamera-4mp-2-8mm-topeltvalgustus-kuni-30m-objektide-tuvastamine-p2p\\\/#primaryimage\"},\"thumbnailUrl\":\"https:\\\/\\\/fonolukk.eu\\\/wp-content\\\/uploads\\\/2025\\\/07\\\/vsc-ipt4vds4cf28-fonolukk.jpg\",\"datePublished\":\"2025-07-07T07:20:38+00:00\",\"dateModified\":\"2025-07-07T07:33:01+00:00\",\"description\":\"VSC IP-kaamera 4MP, 2.8mm, topeltvalgustus kuni 30m, objektide tuvastamine, P2P - Toetab kaugj\u00e4lgimist nutitelefonidega. IP67 kaitseklass.\",\"breadcrumb\":{\"@id\":\"https:\\\/\\\/fonolukk.eu\\\/et\\\/tooted\\\/vsc-ip-kaamera-4mp-2-8mm-topeltvalgustus-kuni-30m-objektide-tuvastamine-p2p\\\/#breadcrumb\"},\"inLanguage\":\"et\",\"potentialAction\":[{\"@type\":\"ReadAction\",\"target\":[\"https:\\\/\\\/fonolukk.eu\\\/et\\\/tooted\\\/vsc-ip-kaamera-4mp-2-8mm-topeltvalgustus-kuni-30m-objektide-tuvastamine-p2p\\\/\"]}]},{\"@type\":\"ImageObject\",\"inLanguage\":\"et\",\"@id\":\"https:\\\/\\\/fonolukk.eu\\\/et\\\/tooted\\\/vsc-ip-kaamera-4mp-2-8mm-topeltvalgustus-kuni-30m-objektide-tuvastamine-p2p\\\/#primaryimage\",\"url\":\"https:\\\/\\\/fonolukk.eu\\\/wp-content\\\/uploads\\\/2025\\\/07\\\/vsc-ipt4vds4cf28-fonolukk.jpg\",\"contentUrl\":\"https:\\\/\\\/fonolukk.eu\\\/wp-content\\\/uploads\\\/2025\\\/07\\\/vsc-ipt4vds4cf28-fonolukk.jpg\",\"width\":500,\"height\":500,\"caption\":\"IP camera 4MP fonolukk\"},{\"@type\":\"BreadcrumbList\",\"@id\":\"https:\\\/\\\/fonolukk.eu\\\/et\\\/tooted\\\/vsc-ip-kaamera-4mp-2-8mm-topeltvalgustus-kuni-30m-objektide-tuvastamine-p2p\\\/#breadcrumb\",\"itemListElement\":[{\"@type\":\"ListItem\",\"position\":1,\"name\":\"Esileht\",\"item\":\"https:\\\/\\\/fonolukk.eu\\\/et\\\/koduleht\\\/\"},{\"@type\":\"ListItem\",\"position\":2,\"name\":\"Tooted\",\"item\":\"https:\\\/\\\/fonolukk.eu\\\/et\\\/shop-2\\\/\"},{\"@type\":\"ListItem\",\"position\":3,\"name\":\"Videokaamerad\",\"item\":\"https:\\\/\\\/fonolukk.eu\\\/et\\\/product-category\\\/videokaamerad-et\\\/\"},{\"@type\":\"ListItem\",\"position\":4,\"name\":\"VSC IP-kaamera 4MP, 2.8mm, topeltvalgustus kuni 30m, objektide tuvastamine, P2P\"}]},{\"@type\":\"WebSite\",\"@id\":\"https:\\\/\\\/fonolukk.eu\\\/et\\\/#website\",\"url\":\"https:\\\/\\\/fonolukk.eu\\\/et\\\/\",\"name\":\"Fonolukk eu\",\"description\":\"Smart Security Systems\",\"publisher\":{\"@id\":\"https:\\\/\\\/fonolukk.eu\\\/et\\\/#organization\"},\"potentialAction\":[{\"@type\":\"SearchAction\",\"target\":{\"@type\":\"EntryPoint\",\"urlTemplate\":\"https:\\\/\\\/fonolukk.eu\\\/et\\\/?s={search_term_string}\"},\"query-input\":{\"@type\":\"PropertyValueSpecification\",\"valueRequired\":true,\"valueName\":\"search_term_string\"}}],\"inLanguage\":\"et\"},{\"@type\":\"Organization\",\"@id\":\"https:\\\/\\\/fonolukk.eu\\\/et\\\/#organization\",\"name\":\"Smart Security OU\",\"url\":\"https:\\\/\\\/fonolukk.eu\\\/et\\\/\",\"logo\":{\"@type\":\"ImageObject\",\"inLanguage\":\"et\",\"@id\":\"https:\\\/\\\/fonolukk.eu\\\/et\\\/#\\\/schema\\\/logo\\\/image\\\/\",\"url\":\"https:\\\/\\\/fonolukk.eu\\\/wp-content\\\/uploads\\\/2023\\\/09\\\/fonolukk.png\",\"contentUrl\":\"https:\\\/\\\/fonolukk.eu\\\/wp-content\\\/uploads\\\/2023\\\/09\\\/fonolukk.png\",\"width\":277,\"height\":274,\"caption\":\"Smart Security OU\"},\"image\":{\"@id\":\"https:\\\/\\\/fonolukk.eu\\\/et\\\/#\\\/schema\\\/logo\\\/image\\\/\"},\"sameAs\":[\"https:\\\/\\\/www.facebook.com\\\/fonolukk\",\"https:\\\/\\\/www.instagram.com\\\/fonolukk\\\/?hl=ru\"],\"publishingPrinciples\":\"https:\\\/\\\/fonolukk.eu\\\/terms-and-conditions\\\/\",\"ownershipFundingInfo\":\"https:\\\/\\\/fonolukk.eu\\\/about-us\\\/\"}]}<\/script>\n<meta property=\"product:price:amount\" content=\"98.00\" \/>\n<meta property=\"product:price:currency\" content=\"EUR\" \/>\n<meta property=\"og:availability\" content=\"instock\" \/>\n<meta property=\"product:availability\" content=\"instock\" \/>\n<meta property=\"product:retailer_item_id\" content=\"VSC IP camera IPT4VD\" \/>\n<meta property=\"product:condition\" content=\"new\" \/>\n<!-- \/ Yoast SEO Premium plugin. -->","yoast_head_json":{"title":"VSC IP-kaamera 4MP, 2.8mm, topeltvalgustus kuni 30 m \u2013 Fonolukk","description":"VSC IP-kaamera 4MP, 2.8mm, topeltvalgustus kuni 30m, objektide tuvastamine, P2P - Toetab kaugj\u00e4lgimist nutitelefonidega. IP67 kaitseklass.","robots":{"index":"index","follow":"follow","max-snippet":"max-snippet:-1","max-image-preview":"max-image-preview:large","max-video-preview":"max-video-preview:-1"},"canonical":"https:\/\/fonolukk.eu\/et\/tooted\/vsc-ip-kaamera-4mp-2-8mm-topeltvalgustus-kuni-30m-objektide-tuvastamine-p2p\/","og_locale":"et_EE","og_type":"article","og_title":"VSC IP-kaamera 4MP, 2.8mm, topeltvalgustus kuni 30m, objektide tuvastamine, P2P","og_description":"H.265+ \/ H.265 \/ H.264+ \/ H.264 \/ MJPEG kodeering  Maksimaalne eraldusv\u00f5ime: 4MP (2560 \u00d7 1440)  Automaatne p\u00e4ev\/\u00f6\u00f6 re\u017eiimi l\u00fclitus  3D DNR, HWDR, HLC, BLC jne  ROI kodeering  Tark lisavalgustus toetatud  Valge valguse vaatekaugus: 30 m; IR valguse vaatekaugus: 30 m  Toide: DC12V \/ PoE  Kaitseklass: IP67  Toetab kolme videovoogu  Toetab kaugj\u00e4lgimist nutitelefonide ja tahvelarvutitega (iOS ja Android OS)  Toetab P2P-funktsiooni  Toetab SMD-tehnoloogiat  Toetab joone\u00fcletuse tuvastust, piirkonda sissetungi tuvastust, mahaj\u00e4etud\/puuduva objekti tuvastust, videoerindite tuvastust  Objektide klassifitseerimine","og_url":"https:\/\/fonolukk.eu\/et\/tooted\/vsc-ip-kaamera-4mp-2-8mm-topeltvalgustus-kuni-30m-objektide-tuvastamine-p2p\/","og_site_name":"Fonolukk","article_publisher":"https:\/\/www.facebook.com\/fonolukk","article_modified_time":"2025-07-07T07:33:01+00:00","og_image":[{"width":500,"height":500,"url":"https:\/\/fonolukk.eu\/wp-content\/uploads\/2025\/07\/vsc-ipt4vds4cf28-fonolukk.jpg","type":"image\/jpeg"}],"twitter_card":"summary_large_image","twitter_misc":{"Hind":"&euro;98.00 koos KM","Availability":"Laos"},"schema":{"@context":"https:\/\/schema.org","@graph":[{"@type":"WebPage","@id":"https:\/\/fonolukk.eu\/et\/tooted\/vsc-ip-kaamera-4mp-2-8mm-topeltvalgustus-kuni-30m-objektide-tuvastamine-p2p\/","url":"https:\/\/fonolukk.eu\/et\/tooted\/vsc-ip-kaamera-4mp-2-8mm-topeltvalgustus-kuni-30m-objektide-tuvastamine-p2p\/","name":"VSC IP-kaamera 4MP, 2.8mm, topeltvalgustus kuni 30 m \u2013 Fonolukk","isPartOf":{"@id":"https:\/\/fonolukk.eu\/et\/#website"},"primaryImageOfPage":{"@id":"https:\/\/fonolukk.eu\/et\/tooted\/vsc-ip-kaamera-4mp-2-8mm-topeltvalgustus-kuni-30m-objektide-tuvastamine-p2p\/#primaryimage"},"image":{"@id":"https:\/\/fonolukk.eu\/et\/tooted\/vsc-ip-kaamera-4mp-2-8mm-topeltvalgustus-kuni-30m-objektide-tuvastamine-p2p\/#primaryimage"},"thumbnailUrl":"https:\/\/fonolukk.eu\/wp-content\/uploads\/2025\/07\/vsc-ipt4vds4cf28-fonolukk.jpg","datePublished":"2025-07-07T07:20:38+00:00","dateModified":"2025-07-07T07:33:01+00:00","description":"VSC IP-kaamera 4MP, 2.8mm, topeltvalgustus kuni 30m, objektide tuvastamine, P2P - Toetab kaugj\u00e4lgimist nutitelefonidega. IP67 kaitseklass.","breadcrumb":{"@id":"https:\/\/fonolukk.eu\/et\/tooted\/vsc-ip-kaamera-4mp-2-8mm-topeltvalgustus-kuni-30m-objektide-tuvastamine-p2p\/#breadcrumb"},"inLanguage":"et","potentialAction":[{"@type":"ReadAction","target":["https:\/\/fonolukk.eu\/et\/tooted\/vsc-ip-kaamera-4mp-2-8mm-topeltvalgustus-kuni-30m-objektide-tuvastamine-p2p\/"]}]},{"@type":"ImageObject","inLanguage":"et","@id":"https:\/\/fonolukk.eu\/et\/tooted\/vsc-ip-kaamera-4mp-2-8mm-topeltvalgustus-kuni-30m-objektide-tuvastamine-p2p\/#primaryimage","url":"https:\/\/fonolukk.eu\/wp-content\/uploads\/2025\/07\/vsc-ipt4vds4cf28-fonolukk.jpg","contentUrl":"https:\/\/fonolukk.eu\/wp-content\/uploads\/2025\/07\/vsc-ipt4vds4cf28-fonolukk.jpg","width":500,"height":500,"caption":"IP camera 4MP fonolukk"},{"@type":"BreadcrumbList","@id":"https:\/\/fonolukk.eu\/et\/tooted\/vsc-ip-kaamera-4mp-2-8mm-topeltvalgustus-kuni-30m-objektide-tuvastamine-p2p\/#breadcrumb","itemListElement":[{"@type":"ListItem","position":1,"name":"Esileht","item":"https:\/\/fonolukk.eu\/et\/koduleht\/"},{"@type":"ListItem","position":2,"name":"Tooted","item":"https:\/\/fonolukk.eu\/et\/shop-2\/"},{"@type":"ListItem","position":3,"name":"Videokaamerad","item":"https:\/\/fonolukk.eu\/et\/product-category\/videokaamerad-et\/"},{"@type":"ListItem","position":4,"name":"VSC IP-kaamera 4MP, 2.8mm, topeltvalgustus kuni 30m, objektide tuvastamine, P2P"}]},{"@type":"WebSite","@id":"https:\/\/fonolukk.eu\/et\/#website","url":"https:\/\/fonolukk.eu\/et\/","name":"Fonolukk eu","description":"Smart Security Systems","publisher":{"@id":"https:\/\/fonolukk.eu\/et\/#organization"},"potentialAction":[{"@type":"SearchAction","target":{"@type":"EntryPoint","urlTemplate":"https:\/\/fonolukk.eu\/et\/?s={search_term_string}"},"query-input":{"@type":"PropertyValueSpecification","valueRequired":true,"valueName":"search_term_string"}}],"inLanguage":"et"},{"@type":"Organization","@id":"https:\/\/fonolukk.eu\/et\/#organization","name":"Smart Security OU","url":"https:\/\/fonolukk.eu\/et\/","logo":{"@type":"ImageObject","inLanguage":"et","@id":"https:\/\/fonolukk.eu\/et\/#\/schema\/logo\/image\/","url":"https:\/\/fonolukk.eu\/wp-content\/uploads\/2023\/09\/fonolukk.png","contentUrl":"https:\/\/fonolukk.eu\/wp-content\/uploads\/2023\/09\/fonolukk.png","width":277,"height":274,"caption":"Smart Security OU"},"image":{"@id":"https:\/\/fonolukk.eu\/et\/#\/schema\/logo\/image\/"},"sameAs":["https:\/\/www.facebook.com\/fonolukk","https:\/\/www.instagram.com\/fonolukk\/?hl=ru"],"publishingPrinciples":"https:\/\/fonolukk.eu\/terms-and-conditions\/","ownershipFundingInfo":"https:\/\/fonolukk.eu\/about-us\/"}]},"product_price_amount":"98.00","product_price_currency":"EUR","og_availability":"instock","product_availability":"instock","product_retailer_item_id":"VSC IP camera IPT4VD","product_condition":"new"},"_links":{"self":[{"href":"https:\/\/fonolukk.eu\/et\/wp-json\/wp\/v2\/product\/20908","targetHints":{"allow":["GET"]}}],"collection":[{"href":"https:\/\/fonolukk.eu\/et\/wp-json\/wp\/v2\/product"}],"about":[{"href":"https:\/\/fonolukk.eu\/et\/wp-json\/wp\/v2\/types\/product"}],"version-history":[{"count":1,"href":"https:\/\/fonolukk.eu\/et\/wp-json\/wp\/v2\/product\/20908\/revisions"}],"predecessor-version":[{"id":20917,"href":"https:\/\/fonolukk.eu\/et\/wp-json\/wp\/v2\/product\/20908\/revisions\/20917"}],"wp:featuredmedia":[{"embeddable":true,"href":"https:\/\/fonolukk.eu\/et\/wp-json\/wp\/v2\/media\/20913"}],"wp:attachment":[{"href":"https:\/\/fonolukk.eu\/et\/wp-json\/wp\/v2\/media?parent=20908"}],"wp:term":[{"taxonomy":"product_brand","embeddable":true,"href":"https:\/\/fonolukk.eu\/et\/wp-json\/wp\/v2\/product_brand?post=20908"},{"taxonomy":"product_cat","embeddable":true,"href":"https:\/\/fonolukk.eu\/et\/wp-json\/wp\/v2\/product_cat?post=20908"},{"taxonomy":"product_tag","embeddable":true,"href":"https:\/\/fonolukk.eu\/et\/wp-json\/wp\/v2\/product_tag?post=20908"}],"curies":[{"name":"wp","href":"https:\/\/api.w.org\/{rel}","templated":true}]}}