{"id":20957,"date":"2025-07-07T13:20:29","date_gmt":"2025-07-07T10:20:30","guid":{"rendered":"https:\/\/fonolukk.eu\/?post_type=product&#038;p=20957"},"modified":"2025-07-07T14:24:55","modified_gmt":"2025-07-07T11:24:55","slug":"vsc-6mp-ip-kaamera-mootoriga-suumiga-ja-topeltvalgustusega-kuni-50-m","status":"publish","type":"product","link":"https:\/\/fonolukk.eu\/et\/tooted\/vsc-6mp-ip-kaamera-mootoriga-suumiga-ja-topeltvalgustusega-kuni-50-m\/","title":{"rendered":"VSC 6MP IP-kaamera mootoriga suumiga ja topeltvalgustusega kuni 50 m"},"content":{"rendered":"","protected":false},"excerpt":{"rendered":"<ul>\n<li data-start=\"48\" data-end=\"654\">H.265+ \/ H.265 \/ H.264+ \/ H.264 \/ MJPEG kodeering<\/li>\n<li data-start=\"48\" data-end=\"654\">Maksimaalne eraldusv\u00f5ime: 6MP (3200 \u00d7 1800)<\/li>\n<li data-start=\"48\" data-end=\"654\">Automaatne p\u00e4ev\/\u00f6\u00f6 re\u017eiimi l\u00fclitus<\/li>\n<li data-start=\"48\" data-end=\"654\">3D DNR, HWDR, HLC, BLC jne<\/li>\n<li data-start=\"48\" data-end=\"654\">ROI kodeering<\/li>\n<li data-start=\"48\" data-end=\"654\">Toetab nutikat lisavalgustust<\/li>\n<li data-start=\"48\" data-end=\"654\">Valge valguse vaatekaugus: 30<del data-start=\"293\" data-end=\"327\">40 m; IR-valguse vaatekaugus: 30<\/del>50 m<\/li>\n<li data-start=\"48\" data-end=\"654\">Toide: DC12V \/ PoE<\/li>\n<li data-start=\"48\" data-end=\"654\">Kaitseklass: IP67<\/li>\n<li data-start=\"48\" data-end=\"654\">Toetab kolme videovoogu<\/li>\n<li data-start=\"48\" data-end=\"654\">Toetab kaugj\u00e4lgimist nutitelefonide ja tahvelarvutitega (iOS ja Android OS)<\/li>\n<li data-start=\"48\" data-end=\"654\">Toetab P2P-funktsiooni<\/li>\n<li data-start=\"48\" data-end=\"654\">Toetab SMD-tehnoloogiat<\/li>\n<li data-start=\"48\" data-end=\"654\">Toetab joone\u00fcletuse tuvastust, piirkonda sissetungi tuvastust, mahaj\u00e4etud\/puuduva objekti tuvastust, videoerindite tuvastust<\/li>\n<\/ul>\n<p data-start=\"656\" data-end=\"681\">[wpdm_package id='20959']<\/p>\n","protected":false},"featured_media":20962,"template":"","meta":[],"product_brand":[],"product_cat":[1116],"product_tag":[1444],"class_list":{"0":"post-20957","1":"product","2":"type-product","3":"status-publish","4":"has-post-thumbnail","6":"product_cat-videokaamerad-et","7":"product_tag-video-kaamera","9":"first","10":"instock","11":"taxable","12":"shipping-taxable","13":"purchasable","14":"product-type-simple"},"yoast_head":"<!-- This site is optimized with the Yoast SEO Premium plugin v27.3 (Yoast SEO v27.3) - https:\/\/yoast.com\/product\/yoast-seo-premium-wordpress\/ -->\n<title>VSC IP-kaamera 4MP, 2.8mm, topeltvalgustus kuni 50 m, must \u2013 Fonolukk<\/title>\n<meta name=\"description\" content=\"VSC 6MP IP-kaamera mootoriga suumiga ja topeltvalgustusega kuni 50 m - Maksimaalne eraldusv\u00f5ime: 3296 \u00d7 1856. IP67 kaitseklass. Toetab kolme voogu.\" \/>\n<meta name=\"robots\" content=\"index, follow, max-snippet:-1, max-image-preview:large, max-video-preview:-1\" \/>\n<link rel=\"canonical\" href=\"https:\/\/fonolukk.eu\/et\/tooted\/vsc-6mp-ip-kaamera-mootoriga-suumiga-ja-topeltvalgustusega-kuni-50-m\/\" \/>\n<meta property=\"og:locale\" content=\"et_EE\" \/>\n<meta property=\"og:type\" content=\"article\" \/>\n<meta property=\"og:title\" content=\"VSC 6MP IP-kaamera mootoriga suumiga ja topeltvalgustusega kuni 50 m\" \/>\n<meta property=\"og:description\" content=\"H.265+ \/ H.265 \/ H.264+ \/ H.264 \/ MJPEG kodeering  Maksimaalne eraldusv\u00f5ime: 6MP (3200 \u00d7 1800)  Automaatne p\u00e4ev\/\u00f6\u00f6 re\u017eiimi l\u00fclitus  3D DNR, HWDR, HLC, BLC jne  ROI kodeering  Toetab nutikat lisavalgustust  Valge valguse vaatekaugus: 3040 m; IR-valguse vaatekaugus: 3050 m  Toide: DC12V \/ PoE  Kaitseklass: IP67  Toetab kolme videovoogu  Toetab kaugj\u00e4lgimist nutitelefonide ja tahvelarvutitega (iOS ja Android OS)  Toetab P2P-funktsiooni  Toetab SMD-tehnoloogiat  Toetab joone\u00fcletuse tuvastust, piirkonda sissetungi tuvastust, mahaj\u00e4etud\/puuduva objekti tuvastust, videoerindite tuvastust\" \/>\n<meta property=\"og:url\" content=\"https:\/\/fonolukk.eu\/et\/tooted\/vsc-6mp-ip-kaamera-mootoriga-suumiga-ja-topeltvalgustusega-kuni-50-m\/\" \/>\n<meta property=\"og:site_name\" content=\"Fonolukk\" \/>\n<meta property=\"article:publisher\" content=\"https:\/\/www.facebook.com\/fonolukk\" \/>\n<meta property=\"article:modified_time\" content=\"2025-07-07T11:24:55+00:00\" \/>\n<meta property=\"og:image\" content=\"https:\/\/fonolukk.eu\/wp-content\/uploads\/2025\/07\/vsc-ipt6vds4cmz.png\" \/>\n\t<meta property=\"og:image:width\" content=\"500\" \/>\n\t<meta property=\"og:image:height\" content=\"500\" \/>\n\t<meta property=\"og:image:type\" content=\"image\/png\" \/>\n<meta name=\"twitter:card\" content=\"summary_large_image\" \/>\n<meta name=\"twitter:label1\" content=\"Hind\" \/>\n\t<meta name=\"twitter:data1\" content=\"&euro;176.00 koos KM\" \/>\n\t<meta name=\"twitter:label2\" content=\"Availability\" \/>\n\t<meta name=\"twitter:data2\" content=\"Laos\" \/>\n<script type=\"application\/ld+json\" class=\"yoast-schema-graph\">{\"@context\":\"https:\\\/\\\/schema.org\",\"@graph\":[{\"@type\":\"WebPage\",\"@id\":\"https:\\\/\\\/fonolukk.eu\\\/et\\\/tooted\\\/vsc-6mp-ip-kaamera-mootoriga-suumiga-ja-topeltvalgustusega-kuni-50-m\\\/\",\"url\":\"https:\\\/\\\/fonolukk.eu\\\/et\\\/tooted\\\/vsc-6mp-ip-kaamera-mootoriga-suumiga-ja-topeltvalgustusega-kuni-50-m\\\/\",\"name\":\"VSC IP-kaamera 4MP, 2.8mm, topeltvalgustus kuni 50 m, must \u2013 Fonolukk\",\"isPartOf\":{\"@id\":\"https:\\\/\\\/fonolukk.eu\\\/et\\\/#website\"},\"primaryImageOfPage\":{\"@id\":\"https:\\\/\\\/fonolukk.eu\\\/et\\\/tooted\\\/vsc-6mp-ip-kaamera-mootoriga-suumiga-ja-topeltvalgustusega-kuni-50-m\\\/#primaryimage\"},\"image\":{\"@id\":\"https:\\\/\\\/fonolukk.eu\\\/et\\\/tooted\\\/vsc-6mp-ip-kaamera-mootoriga-suumiga-ja-topeltvalgustusega-kuni-50-m\\\/#primaryimage\"},\"thumbnailUrl\":\"https:\\\/\\\/fonolukk.eu\\\/wp-content\\\/uploads\\\/2025\\\/07\\\/vsc-ipt6vds4cmz.png\",\"datePublished\":\"2025-07-07T10:20:30+00:00\",\"dateModified\":\"2025-07-07T11:24:55+00:00\",\"description\":\"VSC 6MP IP-kaamera mootoriga suumiga ja topeltvalgustusega kuni 50 m - Maksimaalne eraldusv\u00f5ime: 3296 \u00d7 1856. IP67 kaitseklass. Toetab kolme voogu.\",\"breadcrumb\":{\"@id\":\"https:\\\/\\\/fonolukk.eu\\\/et\\\/tooted\\\/vsc-6mp-ip-kaamera-mootoriga-suumiga-ja-topeltvalgustusega-kuni-50-m\\\/#breadcrumb\"},\"inLanguage\":\"et\",\"potentialAction\":[{\"@type\":\"ReadAction\",\"target\":[\"https:\\\/\\\/fonolukk.eu\\\/et\\\/tooted\\\/vsc-6mp-ip-kaamera-mootoriga-suumiga-ja-topeltvalgustusega-kuni-50-m\\\/\"]}]},{\"@type\":\"ImageObject\",\"inLanguage\":\"et\",\"@id\":\"https:\\\/\\\/fonolukk.eu\\\/et\\\/tooted\\\/vsc-6mp-ip-kaamera-mootoriga-suumiga-ja-topeltvalgustusega-kuni-50-m\\\/#primaryimage\",\"url\":\"https:\\\/\\\/fonolukk.eu\\\/wp-content\\\/uploads\\\/2025\\\/07\\\/vsc-ipt6vds4cmz.png\",\"contentUrl\":\"https:\\\/\\\/fonolukk.eu\\\/wp-content\\\/uploads\\\/2025\\\/07\\\/vsc-ipt6vds4cmz.png\",\"width\":500,\"height\":500,\"caption\":\"VSC IPT6VDs4cMZ IP Video Camera\"},{\"@type\":\"BreadcrumbList\",\"@id\":\"https:\\\/\\\/fonolukk.eu\\\/et\\\/tooted\\\/vsc-6mp-ip-kaamera-mootoriga-suumiga-ja-topeltvalgustusega-kuni-50-m\\\/#breadcrumb\",\"itemListElement\":[{\"@type\":\"ListItem\",\"position\":1,\"name\":\"Esileht\",\"item\":\"https:\\\/\\\/fonolukk.eu\\\/et\\\/koduleht\\\/\"},{\"@type\":\"ListItem\",\"position\":2,\"name\":\"Tooted\",\"item\":\"https:\\\/\\\/fonolukk.eu\\\/et\\\/shop-2\\\/\"},{\"@type\":\"ListItem\",\"position\":3,\"name\":\"Videokaamerad\",\"item\":\"https:\\\/\\\/fonolukk.eu\\\/et\\\/product-category\\\/videokaamerad-et\\\/\"},{\"@type\":\"ListItem\",\"position\":4,\"name\":\"VSC 6MP IP-kaamera mootoriga suumiga ja topeltvalgustusega kuni 50 m\"}]},{\"@type\":\"WebSite\",\"@id\":\"https:\\\/\\\/fonolukk.eu\\\/et\\\/#website\",\"url\":\"https:\\\/\\\/fonolukk.eu\\\/et\\\/\",\"name\":\"Fonolukk eu\",\"description\":\"Smart Security Systems\",\"publisher\":{\"@id\":\"https:\\\/\\\/fonolukk.eu\\\/et\\\/#organization\"},\"potentialAction\":[{\"@type\":\"SearchAction\",\"target\":{\"@type\":\"EntryPoint\",\"urlTemplate\":\"https:\\\/\\\/fonolukk.eu\\\/et\\\/?s={search_term_string}\"},\"query-input\":{\"@type\":\"PropertyValueSpecification\",\"valueRequired\":true,\"valueName\":\"search_term_string\"}}],\"inLanguage\":\"et\"},{\"@type\":\"Organization\",\"@id\":\"https:\\\/\\\/fonolukk.eu\\\/et\\\/#organization\",\"name\":\"Smart Security OU\",\"url\":\"https:\\\/\\\/fonolukk.eu\\\/et\\\/\",\"logo\":{\"@type\":\"ImageObject\",\"inLanguage\":\"et\",\"@id\":\"https:\\\/\\\/fonolukk.eu\\\/et\\\/#\\\/schema\\\/logo\\\/image\\\/\",\"url\":\"https:\\\/\\\/fonolukk.eu\\\/wp-content\\\/uploads\\\/2023\\\/09\\\/fonolukk.png\",\"contentUrl\":\"https:\\\/\\\/fonolukk.eu\\\/wp-content\\\/uploads\\\/2023\\\/09\\\/fonolukk.png\",\"width\":277,\"height\":274,\"caption\":\"Smart Security OU\"},\"image\":{\"@id\":\"https:\\\/\\\/fonolukk.eu\\\/et\\\/#\\\/schema\\\/logo\\\/image\\\/\"},\"sameAs\":[\"https:\\\/\\\/www.facebook.com\\\/fonolukk\",\"https:\\\/\\\/www.instagram.com\\\/fonolukk\\\/?hl=ru\"],\"publishingPrinciples\":\"https:\\\/\\\/fonolukk.eu\\\/terms-and-conditions\\\/\",\"ownershipFundingInfo\":\"https:\\\/\\\/fonolukk.eu\\\/about-us\\\/\"}]}<\/script>\n<meta property=\"product:price:amount\" content=\"176.00\" \/>\n<meta property=\"product:price:currency\" content=\"EUR\" \/>\n<meta property=\"og:availability\" content=\"instock\" \/>\n<meta property=\"product:availability\" content=\"instock\" \/>\n<meta property=\"product:retailer_item_id\" content=\"VSC 6MP IP Camera\" \/>\n<meta property=\"product:condition\" content=\"new\" \/>\n<!-- \/ Yoast SEO Premium plugin. -->","yoast_head_json":{"title":"VSC IP-kaamera 4MP, 2.8mm, topeltvalgustus kuni 50 m, must \u2013 Fonolukk","description":"VSC 6MP IP-kaamera mootoriga suumiga ja topeltvalgustusega kuni 50 m - Maksimaalne eraldusv\u00f5ime: 3296 \u00d7 1856. IP67 kaitseklass. Toetab kolme voogu.","robots":{"index":"index","follow":"follow","max-snippet":"max-snippet:-1","max-image-preview":"max-image-preview:large","max-video-preview":"max-video-preview:-1"},"canonical":"https:\/\/fonolukk.eu\/et\/tooted\/vsc-6mp-ip-kaamera-mootoriga-suumiga-ja-topeltvalgustusega-kuni-50-m\/","og_locale":"et_EE","og_type":"article","og_title":"VSC 6MP IP-kaamera mootoriga suumiga ja topeltvalgustusega kuni 50 m","og_description":"H.265+ \/ H.265 \/ H.264+ \/ H.264 \/ MJPEG kodeering  Maksimaalne eraldusv\u00f5ime: 6MP (3200 \u00d7 1800)  Automaatne p\u00e4ev\/\u00f6\u00f6 re\u017eiimi l\u00fclitus  3D DNR, HWDR, HLC, BLC jne  ROI kodeering  Toetab nutikat lisavalgustust  Valge valguse vaatekaugus: 3040 m; IR-valguse vaatekaugus: 3050 m  Toide: DC12V \/ PoE  Kaitseklass: IP67  Toetab kolme videovoogu  Toetab kaugj\u00e4lgimist nutitelefonide ja tahvelarvutitega (iOS ja Android OS)  Toetab P2P-funktsiooni  Toetab SMD-tehnoloogiat  Toetab joone\u00fcletuse tuvastust, piirkonda sissetungi tuvastust, mahaj\u00e4etud\/puuduva objekti tuvastust, videoerindite tuvastust","og_url":"https:\/\/fonolukk.eu\/et\/tooted\/vsc-6mp-ip-kaamera-mootoriga-suumiga-ja-topeltvalgustusega-kuni-50-m\/","og_site_name":"Fonolukk","article_publisher":"https:\/\/www.facebook.com\/fonolukk","article_modified_time":"2025-07-07T11:24:55+00:00","og_image":[{"width":500,"height":500,"url":"https:\/\/fonolukk.eu\/wp-content\/uploads\/2025\/07\/vsc-ipt6vds4cmz.png","type":"image\/png"}],"twitter_card":"summary_large_image","twitter_misc":{"Hind":"&euro;176.00 koos KM","Availability":"Laos"},"schema":{"@context":"https:\/\/schema.org","@graph":[{"@type":"WebPage","@id":"https:\/\/fonolukk.eu\/et\/tooted\/vsc-6mp-ip-kaamera-mootoriga-suumiga-ja-topeltvalgustusega-kuni-50-m\/","url":"https:\/\/fonolukk.eu\/et\/tooted\/vsc-6mp-ip-kaamera-mootoriga-suumiga-ja-topeltvalgustusega-kuni-50-m\/","name":"VSC IP-kaamera 4MP, 2.8mm, topeltvalgustus kuni 50 m, must \u2013 Fonolukk","isPartOf":{"@id":"https:\/\/fonolukk.eu\/et\/#website"},"primaryImageOfPage":{"@id":"https:\/\/fonolukk.eu\/et\/tooted\/vsc-6mp-ip-kaamera-mootoriga-suumiga-ja-topeltvalgustusega-kuni-50-m\/#primaryimage"},"image":{"@id":"https:\/\/fonolukk.eu\/et\/tooted\/vsc-6mp-ip-kaamera-mootoriga-suumiga-ja-topeltvalgustusega-kuni-50-m\/#primaryimage"},"thumbnailUrl":"https:\/\/fonolukk.eu\/wp-content\/uploads\/2025\/07\/vsc-ipt6vds4cmz.png","datePublished":"2025-07-07T10:20:30+00:00","dateModified":"2025-07-07T11:24:55+00:00","description":"VSC 6MP IP-kaamera mootoriga suumiga ja topeltvalgustusega kuni 50 m - Maksimaalne eraldusv\u00f5ime: 3296 \u00d7 1856. IP67 kaitseklass. Toetab kolme voogu.","breadcrumb":{"@id":"https:\/\/fonolukk.eu\/et\/tooted\/vsc-6mp-ip-kaamera-mootoriga-suumiga-ja-topeltvalgustusega-kuni-50-m\/#breadcrumb"},"inLanguage":"et","potentialAction":[{"@type":"ReadAction","target":["https:\/\/fonolukk.eu\/et\/tooted\/vsc-6mp-ip-kaamera-mootoriga-suumiga-ja-topeltvalgustusega-kuni-50-m\/"]}]},{"@type":"ImageObject","inLanguage":"et","@id":"https:\/\/fonolukk.eu\/et\/tooted\/vsc-6mp-ip-kaamera-mootoriga-suumiga-ja-topeltvalgustusega-kuni-50-m\/#primaryimage","url":"https:\/\/fonolukk.eu\/wp-content\/uploads\/2025\/07\/vsc-ipt6vds4cmz.png","contentUrl":"https:\/\/fonolukk.eu\/wp-content\/uploads\/2025\/07\/vsc-ipt6vds4cmz.png","width":500,"height":500,"caption":"VSC IPT6VDs4cMZ IP Video Camera"},{"@type":"BreadcrumbList","@id":"https:\/\/fonolukk.eu\/et\/tooted\/vsc-6mp-ip-kaamera-mootoriga-suumiga-ja-topeltvalgustusega-kuni-50-m\/#breadcrumb","itemListElement":[{"@type":"ListItem","position":1,"name":"Esileht","item":"https:\/\/fonolukk.eu\/et\/koduleht\/"},{"@type":"ListItem","position":2,"name":"Tooted","item":"https:\/\/fonolukk.eu\/et\/shop-2\/"},{"@type":"ListItem","position":3,"name":"Videokaamerad","item":"https:\/\/fonolukk.eu\/et\/product-category\/videokaamerad-et\/"},{"@type":"ListItem","position":4,"name":"VSC 6MP IP-kaamera mootoriga suumiga ja topeltvalgustusega kuni 50 m"}]},{"@type":"WebSite","@id":"https:\/\/fonolukk.eu\/et\/#website","url":"https:\/\/fonolukk.eu\/et\/","name":"Fonolukk eu","description":"Smart Security Systems","publisher":{"@id":"https:\/\/fonolukk.eu\/et\/#organization"},"potentialAction":[{"@type":"SearchAction","target":{"@type":"EntryPoint","urlTemplate":"https:\/\/fonolukk.eu\/et\/?s={search_term_string}"},"query-input":{"@type":"PropertyValueSpecification","valueRequired":true,"valueName":"search_term_string"}}],"inLanguage":"et"},{"@type":"Organization","@id":"https:\/\/fonolukk.eu\/et\/#organization","name":"Smart Security OU","url":"https:\/\/fonolukk.eu\/et\/","logo":{"@type":"ImageObject","inLanguage":"et","@id":"https:\/\/fonolukk.eu\/et\/#\/schema\/logo\/image\/","url":"https:\/\/fonolukk.eu\/wp-content\/uploads\/2023\/09\/fonolukk.png","contentUrl":"https:\/\/fonolukk.eu\/wp-content\/uploads\/2023\/09\/fonolukk.png","width":277,"height":274,"caption":"Smart Security OU"},"image":{"@id":"https:\/\/fonolukk.eu\/et\/#\/schema\/logo\/image\/"},"sameAs":["https:\/\/www.facebook.com\/fonolukk","https:\/\/www.instagram.com\/fonolukk\/?hl=ru"],"publishingPrinciples":"https:\/\/fonolukk.eu\/terms-and-conditions\/","ownershipFundingInfo":"https:\/\/fonolukk.eu\/about-us\/"}]},"product_price_amount":"176.00","product_price_currency":"EUR","og_availability":"instock","product_availability":"instock","product_retailer_item_id":"VSC 6MP IP Camera","product_condition":"new"},"_links":{"self":[{"href":"https:\/\/fonolukk.eu\/et\/wp-json\/wp\/v2\/product\/20957","targetHints":{"allow":["GET"]}}],"collection":[{"href":"https:\/\/fonolukk.eu\/et\/wp-json\/wp\/v2\/product"}],"about":[{"href":"https:\/\/fonolukk.eu\/et\/wp-json\/wp\/v2\/types\/product"}],"version-history":[{"count":1,"href":"https:\/\/fonolukk.eu\/et\/wp-json\/wp\/v2\/product\/20957\/revisions"}],"predecessor-version":[{"id":20965,"href":"https:\/\/fonolukk.eu\/et\/wp-json\/wp\/v2\/product\/20957\/revisions\/20965"}],"wp:featuredmedia":[{"embeddable":true,"href":"https:\/\/fonolukk.eu\/et\/wp-json\/wp\/v2\/media\/20962"}],"wp:attachment":[{"href":"https:\/\/fonolukk.eu\/et\/wp-json\/wp\/v2\/media?parent=20957"}],"wp:term":[{"taxonomy":"product_brand","embeddable":true,"href":"https:\/\/fonolukk.eu\/et\/wp-json\/wp\/v2\/product_brand?post=20957"},{"taxonomy":"product_cat","embeddable":true,"href":"https:\/\/fonolukk.eu\/et\/wp-json\/wp\/v2\/product_cat?post=20957"},{"taxonomy":"product_tag","embeddable":true,"href":"https:\/\/fonolukk.eu\/et\/wp-json\/wp\/v2\/product_tag?post=20957"}],"curies":[{"name":"wp","href":"https:\/\/api.w.org\/{rel}","templated":true}]}}