{"id":21002,"date":"2025-07-07T16:56:15","date_gmt":"2025-07-07T13:56:16","guid":{"rendered":"https:\/\/fonolukk.eu\/?post_type=product&#038;p=21002"},"modified":"2025-07-07T17:02:05","modified_gmt":"2025-07-07T14:02:05","slug":"vsc-ipt4vd-ip-kaamera-2-8mm-topeltvalgustus-30-m-objektide-tuvastamine-valgus-ja-helihaired-p2p-must","status":"publish","type":"product","link":"https:\/\/fonolukk.eu\/et\/tooted\/vsc-ipt4vd-ip-kaamera-2-8mm-topeltvalgustus-30-m-objektide-tuvastamine-valgus-ja-helihaired-p2p-must\/","title":{"rendered":"VSC IPT4VD IP-kaamera, 2.8mm, topeltvalgustus 30 m, objektide tuvastamine, valgus- ja helih\u00e4ired, P2P \u2013 must"},"content":{"rendered":"","protected":false},"excerpt":{"rendered":"<ul>\n<li data-start=\"48\" data-end=\"758\">H.265+ \/ H.265 \/ H.264+ \/ H.264 \/ MJPEG kodeering<\/li>\n<li data-start=\"48\" data-end=\"758\">Maksimaalne eraldusv\u00f5ime: 4MP (2560 \u00d7 1440)<\/li>\n<li data-start=\"48\" data-end=\"758\">Automaatne p\u00e4ev\/\u00f6\u00f6 re\u017eiimi l\u00fclitus<\/li>\n<li data-start=\"48\" data-end=\"758\">3D DNR, HWDR, HLC, BLC jne<\/li>\n<li data-start=\"48\" data-end=\"758\">ROI kodeering<\/li>\n<li data-start=\"48\" data-end=\"758\">Toetab nutikat lisavalgustust<\/li>\n<li data-start=\"48\" data-end=\"758\">Valge valguse ja IR-valguse vaatekaugus: 30~40 m<\/li>\n<li data-start=\"48\" data-end=\"758\">Toide: DC12V \/ PoE<\/li>\n<li data-start=\"48\" data-end=\"758\">Kaitseklass: IP66<\/li>\n<li data-start=\"48\" data-end=\"758\">Toetab kolme videovoogu<\/li>\n<li data-start=\"48\" data-end=\"758\">Toetab kaugj\u00e4lgimist nutitelefonide ja tahvelarvutitega (iOS ja Android OS)<\/li>\n<li data-start=\"48\" data-end=\"758\">Toetab P2P-funktsiooni<\/li>\n<li data-start=\"48\" data-end=\"758\">Toetab SMD-tehnoloogiat<\/li>\n<li data-start=\"48\" data-end=\"758\">Toetab j\u00e4rgmisi tuvastusi:<br data-start=\"537\" data-end=\"540\" \/>\u2022 joone\u00fcletus<br data-start=\"553\" data-end=\"556\" \/>\u2022 piirkonda sissetung<br data-start=\"577\" data-end=\"580\" \/>\u2022 mahaj\u00e4etud\/puuduva objekti tuvastus<br data-start=\"617\" data-end=\"620\" \/>\u2022 videoerindi tuvastus<\/li>\n<li data-start=\"48\" data-end=\"758\">Sinise ja punase valguse hoiatus (vaheldumisi vilkuv)<\/li>\n<li data-start=\"48\" data-end=\"758\">Toetab kasutaja m\u00e4\u00e4ratud hoiatuse helifaili \u00fcleslaadimist<\/li>\n<\/ul>\n<p data-start=\"760\" data-end=\"785\">[wpdm_package id='20993']<\/p>\n","protected":false},"featured_media":21005,"template":"","meta":[],"product_brand":[],"product_cat":[1116],"product_tag":[1444],"class_list":{"0":"post-21002","1":"product","2":"type-product","3":"status-publish","4":"has-post-thumbnail","6":"product_cat-videokaamerad-et","7":"product_tag-video-kaamera","9":"first","10":"instock","11":"taxable","12":"shipping-taxable","13":"purchasable","14":"product-type-simple"},"yoast_head":"<!-- This site is optimized with the Yoast SEO Premium plugin v27.3 (Yoast SEO v27.3) - https:\/\/yoast.com\/product\/yoast-seo-premium-wordpress\/ -->\n<title>VSC IPT4VD-4MP IP-kaamera, 2.8mm \u2013 Fonolukk<\/title>\n<meta name=\"description\" content=\"VSC IPT4VD IP-kaamera, 2.8mm, topeltvalgustus 30 m, objektide tuvastamine, valgus- ja helih\u00e4ired, P2P \u2013 must - Maksimaalne eraldusv\u00f5ime: 4MP (2560 \u00d7 1440).\" \/>\n<meta name=\"robots\" content=\"index, follow, max-snippet:-1, max-image-preview:large, max-video-preview:-1\" \/>\n<link rel=\"canonical\" href=\"https:\/\/fonolukk.eu\/et\/tooted\/vsc-ipt4vd-ip-kaamera-2-8mm-topeltvalgustus-30-m-objektide-tuvastamine-valgus-ja-helihaired-p2p-must\/\" \/>\n<meta property=\"og:locale\" content=\"et_EE\" \/>\n<meta property=\"og:type\" content=\"article\" \/>\n<meta property=\"og:title\" content=\"VSC IPT4VD IP-kaamera, 2.8mm, topeltvalgustus 30 m, objektide tuvastamine, valgus- ja helih\u00e4ired, P2P \u2013 must\" \/>\n<meta property=\"og:description\" content=\"H.265+ \/ H.265 \/ H.264+ \/ H.264 \/ MJPEG kodeering  Maksimaalne eraldusv\u00f5ime: 4MP (2560 \u00d7 1440)  Automaatne p\u00e4ev\/\u00f6\u00f6 re\u017eiimi l\u00fclitus  3D DNR, HWDR, HLC, BLC jne  ROI kodeering  Toetab nutikat lisavalgustust  Valge valguse ja IR-valguse vaatekaugus: 30~40 m  Toide: DC12V \/ PoE  Kaitseklass: IP66  Toetab kolme videovoogu  Toetab kaugj\u00e4lgimist nutitelefonide ja tahvelarvutitega (iOS ja Android OS)  Toetab P2P-funktsiooni  Toetab SMD-tehnoloogiat  Toetab j\u00e4rgmisi tuvastusi:\u2022 joone\u00fcletus\u2022 piirkonda sissetung\u2022 mahaj\u00e4etud\/puuduva objekti tuvastus\u2022 videoerindi tuvastus  Sinise ja punase valguse hoiatus (vaheldumisi vilkuv)  Toetab kasutaja m\u00e4\u00e4ratud hoiatuse helifaili \u00fcleslaadimist\" \/>\n<meta property=\"og:url\" content=\"https:\/\/fonolukk.eu\/et\/tooted\/vsc-ipt4vd-ip-kaamera-2-8mm-topeltvalgustus-30-m-objektide-tuvastamine-valgus-ja-helihaired-p2p-must\/\" \/>\n<meta property=\"og:site_name\" content=\"Fonolukk\" \/>\n<meta property=\"article:publisher\" content=\"https:\/\/www.facebook.com\/fonolukk\" \/>\n<meta property=\"article:modified_time\" content=\"2025-07-07T14:02:05+00:00\" \/>\n<meta property=\"og:image\" content=\"https:\/\/fonolukk.eu\/wp-content\/uploads\/2025\/07\/vsc-ipt4vd-fonolukk-black.png\" \/>\n\t<meta property=\"og:image:width\" content=\"500\" \/>\n\t<meta property=\"og:image:height\" content=\"500\" \/>\n\t<meta property=\"og:image:type\" content=\"image\/png\" \/>\n<meta name=\"twitter:card\" content=\"summary_large_image\" \/>\n<meta name=\"twitter:label1\" content=\"Hind\" \/>\n\t<meta name=\"twitter:data1\" content=\"&euro;178.00 koos KM\" \/>\n\t<meta name=\"twitter:label2\" content=\"Availability\" \/>\n\t<meta name=\"twitter:data2\" content=\"Laos\" \/>\n<script type=\"application\/ld+json\" class=\"yoast-schema-graph\">{\"@context\":\"https:\\\/\\\/schema.org\",\"@graph\":[{\"@type\":\"WebPage\",\"@id\":\"https:\\\/\\\/fonolukk.eu\\\/et\\\/tooted\\\/vsc-ipt4vd-ip-kaamera-2-8mm-topeltvalgustus-30-m-objektide-tuvastamine-valgus-ja-helihaired-p2p-must\\\/\",\"url\":\"https:\\\/\\\/fonolukk.eu\\\/et\\\/tooted\\\/vsc-ipt4vd-ip-kaamera-2-8mm-topeltvalgustus-30-m-objektide-tuvastamine-valgus-ja-helihaired-p2p-must\\\/\",\"name\":\"VSC IPT4VD-4MP IP-kaamera, 2.8mm \u2013 Fonolukk\",\"isPartOf\":{\"@id\":\"https:\\\/\\\/fonolukk.eu\\\/et\\\/#website\"},\"primaryImageOfPage\":{\"@id\":\"https:\\\/\\\/fonolukk.eu\\\/et\\\/tooted\\\/vsc-ipt4vd-ip-kaamera-2-8mm-topeltvalgustus-30-m-objektide-tuvastamine-valgus-ja-helihaired-p2p-must\\\/#primaryimage\"},\"image\":{\"@id\":\"https:\\\/\\\/fonolukk.eu\\\/et\\\/tooted\\\/vsc-ipt4vd-ip-kaamera-2-8mm-topeltvalgustus-30-m-objektide-tuvastamine-valgus-ja-helihaired-p2p-must\\\/#primaryimage\"},\"thumbnailUrl\":\"https:\\\/\\\/fonolukk.eu\\\/wp-content\\\/uploads\\\/2025\\\/07\\\/vsc-ipt4vd-fonolukk-black.png\",\"datePublished\":\"2025-07-07T13:56:16+00:00\",\"dateModified\":\"2025-07-07T14:02:05+00:00\",\"description\":\"VSC IPT4VD IP-kaamera, 2.8mm, topeltvalgustus 30 m, objektide tuvastamine, valgus- ja helih\u00e4ired, P2P \u2013 must - Maksimaalne eraldusv\u00f5ime: 4MP (2560 \u00d7 1440).\",\"breadcrumb\":{\"@id\":\"https:\\\/\\\/fonolukk.eu\\\/et\\\/tooted\\\/vsc-ipt4vd-ip-kaamera-2-8mm-topeltvalgustus-30-m-objektide-tuvastamine-valgus-ja-helihaired-p2p-must\\\/#breadcrumb\"},\"inLanguage\":\"et\",\"potentialAction\":[{\"@type\":\"ReadAction\",\"target\":[\"https:\\\/\\\/fonolukk.eu\\\/et\\\/tooted\\\/vsc-ipt4vd-ip-kaamera-2-8mm-topeltvalgustus-30-m-objektide-tuvastamine-valgus-ja-helihaired-p2p-must\\\/\"]}]},{\"@type\":\"ImageObject\",\"inLanguage\":\"et\",\"@id\":\"https:\\\/\\\/fonolukk.eu\\\/et\\\/tooted\\\/vsc-ipt4vd-ip-kaamera-2-8mm-topeltvalgustus-30-m-objektide-tuvastamine-valgus-ja-helihaired-p2p-must\\\/#primaryimage\",\"url\":\"https:\\\/\\\/fonolukk.eu\\\/wp-content\\\/uploads\\\/2025\\\/07\\\/vsc-ipt4vd-fonolukk-black.png\",\"contentUrl\":\"https:\\\/\\\/fonolukk.eu\\\/wp-content\\\/uploads\\\/2025\\\/07\\\/vsc-ipt4vd-fonolukk-black.png\",\"width\":500,\"height\":500,\"caption\":\"vsc ipt4vd black fonolukk\"},{\"@type\":\"BreadcrumbList\",\"@id\":\"https:\\\/\\\/fonolukk.eu\\\/et\\\/tooted\\\/vsc-ipt4vd-ip-kaamera-2-8mm-topeltvalgustus-30-m-objektide-tuvastamine-valgus-ja-helihaired-p2p-must\\\/#breadcrumb\",\"itemListElement\":[{\"@type\":\"ListItem\",\"position\":1,\"name\":\"Esileht\",\"item\":\"https:\\\/\\\/fonolukk.eu\\\/et\\\/koduleht\\\/\"},{\"@type\":\"ListItem\",\"position\":2,\"name\":\"Tooted\",\"item\":\"https:\\\/\\\/fonolukk.eu\\\/et\\\/shop-2\\\/\"},{\"@type\":\"ListItem\",\"position\":3,\"name\":\"Videokaamerad\",\"item\":\"https:\\\/\\\/fonolukk.eu\\\/et\\\/product-category\\\/videokaamerad-et\\\/\"},{\"@type\":\"ListItem\",\"position\":4,\"name\":\"VSC IPT4VD IP-kaamera, 2.8mm, topeltvalgustus 30 m, objektide tuvastamine, valgus- ja helih\u00e4ired, P2P \u2013 must\"}]},{\"@type\":\"WebSite\",\"@id\":\"https:\\\/\\\/fonolukk.eu\\\/et\\\/#website\",\"url\":\"https:\\\/\\\/fonolukk.eu\\\/et\\\/\",\"name\":\"Fonolukk eu\",\"description\":\"Smart Security Systems\",\"publisher\":{\"@id\":\"https:\\\/\\\/fonolukk.eu\\\/et\\\/#organization\"},\"potentialAction\":[{\"@type\":\"SearchAction\",\"target\":{\"@type\":\"EntryPoint\",\"urlTemplate\":\"https:\\\/\\\/fonolukk.eu\\\/et\\\/?s={search_term_string}\"},\"query-input\":{\"@type\":\"PropertyValueSpecification\",\"valueRequired\":true,\"valueName\":\"search_term_string\"}}],\"inLanguage\":\"et\"},{\"@type\":\"Organization\",\"@id\":\"https:\\\/\\\/fonolukk.eu\\\/et\\\/#organization\",\"name\":\"Smart Security OU\",\"url\":\"https:\\\/\\\/fonolukk.eu\\\/et\\\/\",\"logo\":{\"@type\":\"ImageObject\",\"inLanguage\":\"et\",\"@id\":\"https:\\\/\\\/fonolukk.eu\\\/et\\\/#\\\/schema\\\/logo\\\/image\\\/\",\"url\":\"https:\\\/\\\/fonolukk.eu\\\/wp-content\\\/uploads\\\/2023\\\/09\\\/fonolukk.png\",\"contentUrl\":\"https:\\\/\\\/fonolukk.eu\\\/wp-content\\\/uploads\\\/2023\\\/09\\\/fonolukk.png\",\"width\":277,\"height\":274,\"caption\":\"Smart Security OU\"},\"image\":{\"@id\":\"https:\\\/\\\/fonolukk.eu\\\/et\\\/#\\\/schema\\\/logo\\\/image\\\/\"},\"sameAs\":[\"https:\\\/\\\/www.facebook.com\\\/fonolukk\",\"https:\\\/\\\/www.instagram.com\\\/fonolukk\\\/?hl=ru\"],\"publishingPrinciples\":\"https:\\\/\\\/fonolukk.eu\\\/terms-and-conditions\\\/\",\"ownershipFundingInfo\":\"https:\\\/\\\/fonolukk.eu\\\/about-us\\\/\"}]}<\/script>\n<meta property=\"product:price:amount\" content=\"178.00\" \/>\n<meta property=\"product:price:currency\" content=\"EUR\" \/>\n<meta property=\"og:availability\" content=\"instock\" \/>\n<meta property=\"product:availability\" content=\"instock\" \/>\n<meta property=\"product:retailer_item_id\" content=\"VSC IPT4VD-1\" \/>\n<meta property=\"product:condition\" content=\"new\" \/>\n<!-- \/ Yoast SEO Premium plugin. -->","yoast_head_json":{"title":"VSC IPT4VD-4MP IP-kaamera, 2.8mm \u2013 Fonolukk","description":"VSC IPT4VD IP-kaamera, 2.8mm, topeltvalgustus 30 m, objektide tuvastamine, valgus- ja helih\u00e4ired, P2P \u2013 must - Maksimaalne eraldusv\u00f5ime: 4MP (2560 \u00d7 1440).","robots":{"index":"index","follow":"follow","max-snippet":"max-snippet:-1","max-image-preview":"max-image-preview:large","max-video-preview":"max-video-preview:-1"},"canonical":"https:\/\/fonolukk.eu\/et\/tooted\/vsc-ipt4vd-ip-kaamera-2-8mm-topeltvalgustus-30-m-objektide-tuvastamine-valgus-ja-helihaired-p2p-must\/","og_locale":"et_EE","og_type":"article","og_title":"VSC IPT4VD IP-kaamera, 2.8mm, topeltvalgustus 30 m, objektide tuvastamine, valgus- ja helih\u00e4ired, P2P \u2013 must","og_description":"H.265+ \/ H.265 \/ H.264+ \/ H.264 \/ MJPEG kodeering  Maksimaalne eraldusv\u00f5ime: 4MP (2560 \u00d7 1440)  Automaatne p\u00e4ev\/\u00f6\u00f6 re\u017eiimi l\u00fclitus  3D DNR, HWDR, HLC, BLC jne  ROI kodeering  Toetab nutikat lisavalgustust  Valge valguse ja IR-valguse vaatekaugus: 30~40 m  Toide: DC12V \/ PoE  Kaitseklass: IP66  Toetab kolme videovoogu  Toetab kaugj\u00e4lgimist nutitelefonide ja tahvelarvutitega (iOS ja Android OS)  Toetab P2P-funktsiooni  Toetab SMD-tehnoloogiat  Toetab j\u00e4rgmisi tuvastusi:\u2022 joone\u00fcletus\u2022 piirkonda sissetung\u2022 mahaj\u00e4etud\/puuduva objekti tuvastus\u2022 videoerindi tuvastus  Sinise ja punase valguse hoiatus (vaheldumisi vilkuv)  Toetab kasutaja m\u00e4\u00e4ratud hoiatuse helifaili \u00fcleslaadimist","og_url":"https:\/\/fonolukk.eu\/et\/tooted\/vsc-ipt4vd-ip-kaamera-2-8mm-topeltvalgustus-30-m-objektide-tuvastamine-valgus-ja-helihaired-p2p-must\/","og_site_name":"Fonolukk","article_publisher":"https:\/\/www.facebook.com\/fonolukk","article_modified_time":"2025-07-07T14:02:05+00:00","og_image":[{"width":500,"height":500,"url":"https:\/\/fonolukk.eu\/wp-content\/uploads\/2025\/07\/vsc-ipt4vd-fonolukk-black.png","type":"image\/png"}],"twitter_card":"summary_large_image","twitter_misc":{"Hind":"&euro;178.00 koos KM","Availability":"Laos"},"schema":{"@context":"https:\/\/schema.org","@graph":[{"@type":"WebPage","@id":"https:\/\/fonolukk.eu\/et\/tooted\/vsc-ipt4vd-ip-kaamera-2-8mm-topeltvalgustus-30-m-objektide-tuvastamine-valgus-ja-helihaired-p2p-must\/","url":"https:\/\/fonolukk.eu\/et\/tooted\/vsc-ipt4vd-ip-kaamera-2-8mm-topeltvalgustus-30-m-objektide-tuvastamine-valgus-ja-helihaired-p2p-must\/","name":"VSC IPT4VD-4MP IP-kaamera, 2.8mm \u2013 Fonolukk","isPartOf":{"@id":"https:\/\/fonolukk.eu\/et\/#website"},"primaryImageOfPage":{"@id":"https:\/\/fonolukk.eu\/et\/tooted\/vsc-ipt4vd-ip-kaamera-2-8mm-topeltvalgustus-30-m-objektide-tuvastamine-valgus-ja-helihaired-p2p-must\/#primaryimage"},"image":{"@id":"https:\/\/fonolukk.eu\/et\/tooted\/vsc-ipt4vd-ip-kaamera-2-8mm-topeltvalgustus-30-m-objektide-tuvastamine-valgus-ja-helihaired-p2p-must\/#primaryimage"},"thumbnailUrl":"https:\/\/fonolukk.eu\/wp-content\/uploads\/2025\/07\/vsc-ipt4vd-fonolukk-black.png","datePublished":"2025-07-07T13:56:16+00:00","dateModified":"2025-07-07T14:02:05+00:00","description":"VSC IPT4VD IP-kaamera, 2.8mm, topeltvalgustus 30 m, objektide tuvastamine, valgus- ja helih\u00e4ired, P2P \u2013 must - Maksimaalne eraldusv\u00f5ime: 4MP (2560 \u00d7 1440).","breadcrumb":{"@id":"https:\/\/fonolukk.eu\/et\/tooted\/vsc-ipt4vd-ip-kaamera-2-8mm-topeltvalgustus-30-m-objektide-tuvastamine-valgus-ja-helihaired-p2p-must\/#breadcrumb"},"inLanguage":"et","potentialAction":[{"@type":"ReadAction","target":["https:\/\/fonolukk.eu\/et\/tooted\/vsc-ipt4vd-ip-kaamera-2-8mm-topeltvalgustus-30-m-objektide-tuvastamine-valgus-ja-helihaired-p2p-must\/"]}]},{"@type":"ImageObject","inLanguage":"et","@id":"https:\/\/fonolukk.eu\/et\/tooted\/vsc-ipt4vd-ip-kaamera-2-8mm-topeltvalgustus-30-m-objektide-tuvastamine-valgus-ja-helihaired-p2p-must\/#primaryimage","url":"https:\/\/fonolukk.eu\/wp-content\/uploads\/2025\/07\/vsc-ipt4vd-fonolukk-black.png","contentUrl":"https:\/\/fonolukk.eu\/wp-content\/uploads\/2025\/07\/vsc-ipt4vd-fonolukk-black.png","width":500,"height":500,"caption":"vsc ipt4vd black fonolukk"},{"@type":"BreadcrumbList","@id":"https:\/\/fonolukk.eu\/et\/tooted\/vsc-ipt4vd-ip-kaamera-2-8mm-topeltvalgustus-30-m-objektide-tuvastamine-valgus-ja-helihaired-p2p-must\/#breadcrumb","itemListElement":[{"@type":"ListItem","position":1,"name":"Esileht","item":"https:\/\/fonolukk.eu\/et\/koduleht\/"},{"@type":"ListItem","position":2,"name":"Tooted","item":"https:\/\/fonolukk.eu\/et\/shop-2\/"},{"@type":"ListItem","position":3,"name":"Videokaamerad","item":"https:\/\/fonolukk.eu\/et\/product-category\/videokaamerad-et\/"},{"@type":"ListItem","position":4,"name":"VSC IPT4VD IP-kaamera, 2.8mm, topeltvalgustus 30 m, objektide tuvastamine, valgus- ja helih\u00e4ired, P2P \u2013 must"}]},{"@type":"WebSite","@id":"https:\/\/fonolukk.eu\/et\/#website","url":"https:\/\/fonolukk.eu\/et\/","name":"Fonolukk eu","description":"Smart Security Systems","publisher":{"@id":"https:\/\/fonolukk.eu\/et\/#organization"},"potentialAction":[{"@type":"SearchAction","target":{"@type":"EntryPoint","urlTemplate":"https:\/\/fonolukk.eu\/et\/?s={search_term_string}"},"query-input":{"@type":"PropertyValueSpecification","valueRequired":true,"valueName":"search_term_string"}}],"inLanguage":"et"},{"@type":"Organization","@id":"https:\/\/fonolukk.eu\/et\/#organization","name":"Smart Security OU","url":"https:\/\/fonolukk.eu\/et\/","logo":{"@type":"ImageObject","inLanguage":"et","@id":"https:\/\/fonolukk.eu\/et\/#\/schema\/logo\/image\/","url":"https:\/\/fonolukk.eu\/wp-content\/uploads\/2023\/09\/fonolukk.png","contentUrl":"https:\/\/fonolukk.eu\/wp-content\/uploads\/2023\/09\/fonolukk.png","width":277,"height":274,"caption":"Smart Security OU"},"image":{"@id":"https:\/\/fonolukk.eu\/et\/#\/schema\/logo\/image\/"},"sameAs":["https:\/\/www.facebook.com\/fonolukk","https:\/\/www.instagram.com\/fonolukk\/?hl=ru"],"publishingPrinciples":"https:\/\/fonolukk.eu\/terms-and-conditions\/","ownershipFundingInfo":"https:\/\/fonolukk.eu\/about-us\/"}]},"product_price_amount":"178.00","product_price_currency":"EUR","og_availability":"instock","product_availability":"instock","product_retailer_item_id":"VSC IPT4VD-1","product_condition":"new"},"_links":{"self":[{"href":"https:\/\/fonolukk.eu\/et\/wp-json\/wp\/v2\/product\/21002","targetHints":{"allow":["GET"]}}],"collection":[{"href":"https:\/\/fonolukk.eu\/et\/wp-json\/wp\/v2\/product"}],"about":[{"href":"https:\/\/fonolukk.eu\/et\/wp-json\/wp\/v2\/types\/product"}],"version-history":[{"count":1,"href":"https:\/\/fonolukk.eu\/et\/wp-json\/wp\/v2\/product\/21002\/revisions"}],"predecessor-version":[{"id":21008,"href":"https:\/\/fonolukk.eu\/et\/wp-json\/wp\/v2\/product\/21002\/revisions\/21008"}],"wp:featuredmedia":[{"embeddable":true,"href":"https:\/\/fonolukk.eu\/et\/wp-json\/wp\/v2\/media\/21005"}],"wp:attachment":[{"href":"https:\/\/fonolukk.eu\/et\/wp-json\/wp\/v2\/media?parent=21002"}],"wp:term":[{"taxonomy":"product_brand","embeddable":true,"href":"https:\/\/fonolukk.eu\/et\/wp-json\/wp\/v2\/product_brand?post=21002"},{"taxonomy":"product_cat","embeddable":true,"href":"https:\/\/fonolukk.eu\/et\/wp-json\/wp\/v2\/product_cat?post=21002"},{"taxonomy":"product_tag","embeddable":true,"href":"https:\/\/fonolukk.eu\/et\/wp-json\/wp\/v2\/product_tag?post=21002"}],"curies":[{"name":"wp","href":"https:\/\/api.w.org\/{rel}","templated":true}]}}