{"id":21034,"date":"2025-07-07T22:50:46","date_gmt":"2025-07-07T19:50:47","guid":{"rendered":"https:\/\/fonolukk.eu\/?post_type=product&#038;p=21034"},"modified":"2025-07-07T23:20:37","modified_gmt":"2025-07-07T20:20:37","slug":"vsc-6mp-ip-kaamera-mootoriga-suum-topeltvalgustus-40-m-haired-p2p","status":"publish","type":"product","link":"https:\/\/fonolukk.eu\/et\/tooted\/vsc-6mp-ip-kaamera-mootoriga-suum-topeltvalgustus-40-m-haired-p2p\/","title":{"rendered":"VSC 6MP IP-kaamera, mootoriga suum, topeltvalgustus 40 m, h\u00e4ired, P2P"},"content":{"rendered":"<table class=\"spec\">\n<tbody>\n<tr>\n<td colspan=\"2\"><strong>Kaamera<\/strong><\/td>\n<\/tr>\n<tr>\n<td>Pildisensor<\/td>\n<td>1 \/ 2.39&#8243; CMOS<\/td>\n<\/tr>\n<tr>\n<td>Pildisuurus<\/td>\n<td>3200\u00d71800<\/td>\n<\/tr>\n<tr>\n<td>Elektrooniline katik<\/td>\n<td>1\/3s ~ 1 \/ 100000s<\/td>\n<\/tr>\n<tr>\n<td>Avat\u00f5\u00fcp<\/td>\n<td>Fikseeritud ava<\/td>\n<\/tr>\n<tr>\n<td>Min. valgustundlikkus<\/td>\n<td>V\u00e4rv: 0.02 lux @F1.6, AGC SEES; M\/V: 0 lux valgustusega<\/td>\n<\/tr>\n<tr>\n<td>Objektiivi kinnitus<\/td>\n<td>Motoriseeritud<\/td>\n<\/tr>\n<tr>\n<td>P\u00e4ev\/\u00f6\u00f6<\/td>\n<td>Automaatne, P\u00e4ev, \u00d6\u00f6, Ajastatud<\/td>\n<\/tr>\n<tr>\n<td>Lai d\u00fcnaamiline ulatus (WDR)<\/td>\n<td>120dB<\/td>\n<\/tr>\n<tr>\n<td>BLC \/ HLC<\/td>\n<td>Jah<\/td>\n<\/tr>\n<tr>\n<td>Nurga reguleerimine<\/td>\n<td>P\u00f6\u00f6re: 0\u00b0~360\u00b0; Kallutus: 0\u00b0~80\u00b0; P\u00f6\u00f6ramine: 0\u00b0~360\u00b0<\/td>\n<\/tr>\n<tr>\n<td colspan=\"2\"><strong>Objektiiv<\/strong><\/td>\n<\/tr>\n<tr>\n<td>Fookuskaugus<\/td>\n<td>2.8~12mm@F1.6<\/td>\n<\/tr>\n<tr>\n<td>Vaatev\u00e4li<\/td>\n<td>H: 108\u00b0~36\u00b0, V: 57\u00b0~20\u00b0, D: 129\u00b0~42\u00b0<\/td>\n<\/tr>\n<tr>\n<td colspan=\"2\"><strong>Pilt<\/strong><\/td>\n<\/tr>\n<tr>\n<td>Digitaalne m\u00fcraredu<\/td>\n<td>Jah<\/td>\n<\/tr>\n<tr>\n<td>Pildiseaded<\/td>\n<td>ROI, Heledus, Kontrast, Teravus, P\u00f6\u00f6ramine, Peegeldus, WDR, NR jne.<\/td>\n<\/tr>\n<tr>\n<td>ROI<\/td>\n<td>Iga ROI seadistatav eraldi<\/td>\n<\/tr>\n<tr>\n<td colspan=\"2\"><strong>Video<\/strong><\/td>\n<\/tr>\n<tr>\n<td>Tihendus<\/td>\n<td>P\u00f5hivoo: H.265+\/H.265\/H.264+\/H.264; Alam\/kolmas: +MJPEG<\/td>\n<\/tr>\n<tr>\n<td>Lahutusv\u00f5ime<\/td>\n<td>6MP, 4MP, 2K, 1080P, 720P, D1, VGA, 640\u00d7360, CIF, 480\u00d7240<\/td>\n<\/tr>\n<tr>\n<td>P\u00f5hivoo<\/td>\n<td>60Hz: kuni 6MP@30fps; 50Hz: kuni 6MP@25fps<\/td>\n<\/tr>\n<tr>\n<td>Alamvoog<\/td>\n<td>720P~CIF @ 30fps (60Hz) \/ 25fps (50Hz)<\/td>\n<\/tr>\n<tr>\n<td>Kolmas voog<\/td>\n<td>D1\/480\u00d7240\/CIF @ 30fps (60Hz) \/ 25fps (50Hz)<\/td>\n<\/tr>\n<tr>\n<td>Bitikiirus<\/td>\n<td>64 Kbps ~ 8 Mbps<\/td>\n<\/tr>\n<tr>\n<td>Bitikiiruse t\u00fc\u00fcp<\/td>\n<td>VBR \/ CBR<\/td>\n<\/tr>\n<tr>\n<td colspan=\"2\"><strong>Heli<\/strong><\/td>\n<\/tr>\n<tr>\n<td>Heliliides<\/td>\n<td>1 kanal sisse, 1 kanal sisseehitatud mikrofon, 1 kanal v\u00e4ljund, 1 kanal sisseehitatud k\u00f5lar<\/td>\n<\/tr>\n<tr>\n<td>Helitihendus<\/td>\n<td>G711A\/U<\/td>\n<\/tr>\n<tr>\n<td colspan=\"2\"><strong>V\u00f5rk<\/strong><\/td>\n<\/tr>\n<tr>\n<td>Liides<\/td>\n<td>RJ45<\/td>\n<\/tr>\n<tr>\n<td>Kaugj\u00e4lgimine<\/td>\n<td>Veeb \/ NVR \/ NVMS2.X \/ Mobiilirakendus<\/td>\n<\/tr>\n<tr>\n<td>Samaaegsed kasutajad<\/td>\n<td>Kuni 6<\/td>\n<\/tr>\n<tr>\n<td>Protokollid<\/td>\n<td>UDP, DHCP, NTP, RTSP, RTP, RTMP, IPv4\/6, HTTP, FTP, SNMP, 802.1x jne.<\/td>\n<\/tr>\n<tr>\n<td colspan=\"2\"><strong>Salvestus<\/strong><\/td>\n<\/tr>\n<tr>\n<td>Kohalik salvestus<\/td>\n<td>Micro SD kaardi pesa, kuni 256GB<\/td>\n<\/tr>\n<tr>\n<td>V\u00f5rgusalvestus<\/td>\n<td>Kaugv\u00f5rgu salvestus<\/td>\n<\/tr>\n<tr>\n<td colspan=\"2\"><strong>Nutikad funktsioonid<\/strong><\/td>\n<\/tr>\n<tr>\n<td>Nutikad s\u00fcndmused<\/td>\n<td>Joonte \u00fcleminek, piirkonda tungimine (objekti klassifitseerimine), h\u00fclgatud\/puuduv objekt<\/td>\n<\/tr>\n<tr>\n<td>H\u00e4ired<\/td>\n<td>Liikumise tuvastus, SMD, SD vead\/t\u00e4is, IP konflikt, videoerind, helih\u00e4ire, valgush\u00e4ire<\/td>\n<\/tr>\n<tr>\n<td colspan=\"2\"><strong>Turvalisus<\/strong><\/td>\n<\/tr>\n<tr>\n<td>Funktsioonid<\/td>\n<td>Kr\u00fcptimine (video, p\u00e4randvara, seadistus), IP-filtreerimine, sisselogimise lukustus, 802.1x, HTTP-autentimine<\/td>\n<\/tr>\n<tr>\n<td colspan=\"2\"><strong>T\u00e4iendav valgustus<\/strong><\/td>\n<\/tr>\n<tr>\n<td>IR vahemik<\/td>\n<td>30~40m<\/td>\n<\/tr>\n<tr>\n<td>Valge valguse vahemik<\/td>\n<td>30~40m<\/td>\n<\/tr>\n<tr>\n<td colspan=\"2\"><strong>\u00dcldine<\/strong><\/td>\n<\/tr>\n<tr>\n<td>PoE<\/td>\n<td>Jah (IEEE802.3af)<\/td>\n<\/tr>\n<tr>\n<td>Kaitseklass<\/td>\n<td>IP66<\/td>\n<\/tr>\n<tr>\n<td>Toiteallikas<\/td>\n<td>DC12V \/ PoE<\/td>\n<\/tr>\n<tr>\n<td>Energiatarve<\/td>\n<td>&lt; 11W<\/td>\n<\/tr>\n<tr>\n<td>M\u00f5\u00f5tmed<\/td>\n<td>\u00d8111.5 \u00d7 99.6 mm<\/td>\n<\/tr>\n<tr>\n<td>Kaal<\/td>\n<td>Umbes 0.604KG ~ 0.62KG<\/td>\n<\/tr>\n<tr>\n<td>Paigaldus<\/td>\n<td>Lakke v\u00f5i seinale<\/td>\n<\/tr>\n<tr>\n<td>Brauseri tugi<\/td>\n<td>IE11 (plug-in), Chrome 89+, Edge 89+, Firefox 87+, Safari 14+<\/td>\n<\/tr>\n<tr>\n<td>T\u00f6\u00f6tingimused<\/td>\n<td>-30\u00b0C ~ 60\u00b0C, &lt; 95% RH<\/td>\n<\/tr>\n<tr>\n<td>Hoidmistingimused<\/td>\n<td>-30\u00b0C ~ 65\u00b0C, &lt; 95% RH<\/td>\n<\/tr>\n<tr>\n<td>Sertifikaadid<\/td>\n<td>CE, FCC, RoHS, WEEE, REACH<\/td>\n<\/tr>\n<tr>\n<td colspan=\"2\"><strong>DORI kaugus<\/strong><\/td>\n<\/tr>\n<tr>\n<td>Avastamine<\/td>\n<td>66m (L) \/ 204m (T)<\/td>\n<\/tr>\n<tr>\n<td>J\u00e4lgimine<\/td>\n<td>27m (L) \/ 82m (T)<\/td>\n<\/tr>\n<tr>\n<td>Tuvastamine<\/td>\n<td>13m (L) \/ 41m (T)<\/td>\n<\/tr>\n<tr>\n<td>Isikustamine<\/td>\n<td>7m (L) \/ 20m (T)<\/td>\n<\/tr>\n<\/tbody>\n<\/table>\n","protected":false},"excerpt":{"rendered":"[wpdm_package id='21040']\n","protected":false},"featured_media":21037,"template":"","meta":[],"product_brand":[],"product_cat":[1116],"product_tag":[1444],"class_list":{"0":"post-21034","1":"product","2":"type-product","3":"status-publish","4":"has-post-thumbnail","6":"product_cat-videokaamerad-et","7":"product_tag-video-kaamera","9":"first","10":"instock","11":"taxable","12":"shipping-taxable","13":"purchasable","14":"product-type-simple"},"yoast_head":"<!-- This site is optimized with the Yoast SEO Premium plugin v27.3 (Yoast SEO v27.3) - https:\/\/yoast.com\/product\/yoast-seo-premium-wordpress\/ -->\n<title>VSC 6MP IP-kaamera, 2.8 mm objektiiv \u2013 Fonolukk<\/title>\n<meta name=\"description\" content=\"VSC 6MP IP-kaamera, mootoriga suum, topeltvalgustus 40 m, h\u00e4ired, P2P - 20\u201330 m valge valguse vaatekaugus; 20\u201330 m IR-vaatekaugus. IP67 kaitseklass.\" \/>\n<meta name=\"robots\" content=\"index, follow, max-snippet:-1, max-image-preview:large, max-video-preview:-1\" \/>\n<link rel=\"canonical\" href=\"https:\/\/fonolukk.eu\/et\/tooted\/vsc-6mp-ip-kaamera-mootoriga-suum-topeltvalgustus-40-m-haired-p2p\/\" \/>\n<meta property=\"og:locale\" content=\"et_EE\" \/>\n<meta property=\"og:type\" content=\"article\" \/>\n<meta property=\"og:title\" content=\"VSC 6MP IP-kaamera, mootoriga suum, topeltvalgustus 40 m, h\u00e4ired, P2P\" \/>\n<meta property=\"og:description\" content=\"Kaamera Pildisensor 1 \/ 2.39&quot; CMOS Pildisuurus 3200\u00d71800 Elektrooniline katik 1\/3s ~ 1 \/ 100000s Avat\u00f5\u00fcp Fikseeritud ava Min. valgustundlikkus V\u00e4rv: 0.02\" \/>\n<meta property=\"og:url\" content=\"https:\/\/fonolukk.eu\/et\/tooted\/vsc-6mp-ip-kaamera-mootoriga-suum-topeltvalgustus-40-m-haired-p2p\/\" \/>\n<meta property=\"og:site_name\" content=\"Fonolukk\" \/>\n<meta property=\"article:publisher\" content=\"https:\/\/www.facebook.com\/fonolukk\" \/>\n<meta property=\"article:modified_time\" content=\"2025-07-07T20:20:37+00:00\" \/>\n<meta property=\"og:image\" content=\"https:\/\/fonolukk.eu\/wp-content\/uploads\/2025\/07\/vsc-6mp-ip-camera-fonolukk.png\" \/>\n\t<meta property=\"og:image:width\" content=\"500\" \/>\n\t<meta property=\"og:image:height\" content=\"500\" \/>\n\t<meta property=\"og:image:type\" content=\"image\/png\" \/>\n<meta name=\"twitter:card\" content=\"summary_large_image\" \/>\n<meta name=\"twitter:label1\" content=\"Hind\" \/>\n\t<meta name=\"twitter:data1\" content=\"&euro;194.00 koos KM\" \/>\n\t<meta name=\"twitter:label2\" content=\"Availability\" \/>\n\t<meta name=\"twitter:data2\" content=\"Laos\" \/>\n<script type=\"application\/ld+json\" class=\"yoast-schema-graph\">{\"@context\":\"https:\\\/\\\/schema.org\",\"@graph\":[{\"@type\":\"WebPage\",\"@id\":\"https:\\\/\\\/fonolukk.eu\\\/et\\\/tooted\\\/vsc-6mp-ip-kaamera-mootoriga-suum-topeltvalgustus-40-m-haired-p2p\\\/\",\"url\":\"https:\\\/\\\/fonolukk.eu\\\/et\\\/tooted\\\/vsc-6mp-ip-kaamera-mootoriga-suum-topeltvalgustus-40-m-haired-p2p\\\/\",\"name\":\"VSC 6MP IP-kaamera, 2.8 mm objektiiv \u2013 Fonolukk\",\"isPartOf\":{\"@id\":\"https:\\\/\\\/fonolukk.eu\\\/et\\\/#website\"},\"primaryImageOfPage\":{\"@id\":\"https:\\\/\\\/fonolukk.eu\\\/et\\\/tooted\\\/vsc-6mp-ip-kaamera-mootoriga-suum-topeltvalgustus-40-m-haired-p2p\\\/#primaryimage\"},\"image\":{\"@id\":\"https:\\\/\\\/fonolukk.eu\\\/et\\\/tooted\\\/vsc-6mp-ip-kaamera-mootoriga-suum-topeltvalgustus-40-m-haired-p2p\\\/#primaryimage\"},\"thumbnailUrl\":\"https:\\\/\\\/fonolukk.eu\\\/wp-content\\\/uploads\\\/2025\\\/07\\\/vsc-6mp-ip-camera-fonolukk.png\",\"datePublished\":\"2025-07-07T19:50:47+00:00\",\"dateModified\":\"2025-07-07T20:20:37+00:00\",\"description\":\"VSC 6MP IP-kaamera, mootoriga suum, topeltvalgustus 40 m, h\u00e4ired, P2P - 20\u201330 m valge valguse vaatekaugus; 20\u201330 m IR-vaatekaugus. IP67 kaitseklass.\",\"breadcrumb\":{\"@id\":\"https:\\\/\\\/fonolukk.eu\\\/et\\\/tooted\\\/vsc-6mp-ip-kaamera-mootoriga-suum-topeltvalgustus-40-m-haired-p2p\\\/#breadcrumb\"},\"inLanguage\":\"et\",\"potentialAction\":[{\"@type\":\"ReadAction\",\"target\":[\"https:\\\/\\\/fonolukk.eu\\\/et\\\/tooted\\\/vsc-6mp-ip-kaamera-mootoriga-suum-topeltvalgustus-40-m-haired-p2p\\\/\"]}]},{\"@type\":\"ImageObject\",\"inLanguage\":\"et\",\"@id\":\"https:\\\/\\\/fonolukk.eu\\\/et\\\/tooted\\\/vsc-6mp-ip-kaamera-mootoriga-suum-topeltvalgustus-40-m-haired-p2p\\\/#primaryimage\",\"url\":\"https:\\\/\\\/fonolukk.eu\\\/wp-content\\\/uploads\\\/2025\\\/07\\\/vsc-6mp-ip-camera-fonolukk.png\",\"contentUrl\":\"https:\\\/\\\/fonolukk.eu\\\/wp-content\\\/uploads\\\/2025\\\/07\\\/vsc-6mp-ip-camera-fonolukk.png\",\"width\":500,\"height\":500,\"caption\":\"VSC IPT6BL-ALMZ IP Video Camera 6MP\"},{\"@type\":\"BreadcrumbList\",\"@id\":\"https:\\\/\\\/fonolukk.eu\\\/et\\\/tooted\\\/vsc-6mp-ip-kaamera-mootoriga-suum-topeltvalgustus-40-m-haired-p2p\\\/#breadcrumb\",\"itemListElement\":[{\"@type\":\"ListItem\",\"position\":1,\"name\":\"Esileht\",\"item\":\"https:\\\/\\\/fonolukk.eu\\\/et\\\/koduleht\\\/\"},{\"@type\":\"ListItem\",\"position\":2,\"name\":\"Tooted\",\"item\":\"https:\\\/\\\/fonolukk.eu\\\/et\\\/shop-2\\\/\"},{\"@type\":\"ListItem\",\"position\":3,\"name\":\"Videokaamerad\",\"item\":\"https:\\\/\\\/fonolukk.eu\\\/et\\\/product-category\\\/videokaamerad-et\\\/\"},{\"@type\":\"ListItem\",\"position\":4,\"name\":\"VSC 6MP IP-kaamera, mootoriga suum, topeltvalgustus 40 m, h\u00e4ired, P2P\"}]},{\"@type\":\"WebSite\",\"@id\":\"https:\\\/\\\/fonolukk.eu\\\/et\\\/#website\",\"url\":\"https:\\\/\\\/fonolukk.eu\\\/et\\\/\",\"name\":\"Fonolukk eu\",\"description\":\"Smart Security Systems\",\"publisher\":{\"@id\":\"https:\\\/\\\/fonolukk.eu\\\/et\\\/#organization\"},\"potentialAction\":[{\"@type\":\"SearchAction\",\"target\":{\"@type\":\"EntryPoint\",\"urlTemplate\":\"https:\\\/\\\/fonolukk.eu\\\/et\\\/?s={search_term_string}\"},\"query-input\":{\"@type\":\"PropertyValueSpecification\",\"valueRequired\":true,\"valueName\":\"search_term_string\"}}],\"inLanguage\":\"et\"},{\"@type\":\"Organization\",\"@id\":\"https:\\\/\\\/fonolukk.eu\\\/et\\\/#organization\",\"name\":\"Smart Security OU\",\"url\":\"https:\\\/\\\/fonolukk.eu\\\/et\\\/\",\"logo\":{\"@type\":\"ImageObject\",\"inLanguage\":\"et\",\"@id\":\"https:\\\/\\\/fonolukk.eu\\\/et\\\/#\\\/schema\\\/logo\\\/image\\\/\",\"url\":\"https:\\\/\\\/fonolukk.eu\\\/wp-content\\\/uploads\\\/2023\\\/09\\\/fonolukk.png\",\"contentUrl\":\"https:\\\/\\\/fonolukk.eu\\\/wp-content\\\/uploads\\\/2023\\\/09\\\/fonolukk.png\",\"width\":277,\"height\":274,\"caption\":\"Smart Security OU\"},\"image\":{\"@id\":\"https:\\\/\\\/fonolukk.eu\\\/et\\\/#\\\/schema\\\/logo\\\/image\\\/\"},\"sameAs\":[\"https:\\\/\\\/www.facebook.com\\\/fonolukk\",\"https:\\\/\\\/www.instagram.com\\\/fonolukk\\\/?hl=ru\"],\"publishingPrinciples\":\"https:\\\/\\\/fonolukk.eu\\\/terms-and-conditions\\\/\",\"ownershipFundingInfo\":\"https:\\\/\\\/fonolukk.eu\\\/about-us\\\/\"}]}<\/script>\n<meta property=\"product:price:amount\" content=\"194.00\" \/>\n<meta property=\"product:price:currency\" content=\"EUR\" \/>\n<meta property=\"og:availability\" content=\"instock\" \/>\n<meta property=\"product:availability\" content=\"instock\" \/>\n<meta property=\"product:retailer_item_id\" content=\"VSC-white-1\" \/>\n<meta property=\"product:condition\" content=\"new\" \/>\n<!-- \/ Yoast SEO Premium plugin. -->","yoast_head_json":{"title":"VSC 6MP IP-kaamera, 2.8 mm objektiiv \u2013 Fonolukk","description":"VSC 6MP IP-kaamera, mootoriga suum, topeltvalgustus 40 m, h\u00e4ired, P2P - 20\u201330 m valge valguse vaatekaugus; 20\u201330 m IR-vaatekaugus. IP67 kaitseklass.","robots":{"index":"index","follow":"follow","max-snippet":"max-snippet:-1","max-image-preview":"max-image-preview:large","max-video-preview":"max-video-preview:-1"},"canonical":"https:\/\/fonolukk.eu\/et\/tooted\/vsc-6mp-ip-kaamera-mootoriga-suum-topeltvalgustus-40-m-haired-p2p\/","og_locale":"et_EE","og_type":"article","og_title":"VSC 6MP IP-kaamera, mootoriga suum, topeltvalgustus 40 m, h\u00e4ired, P2P","og_description":"Kaamera Pildisensor 1 \/ 2.39\" CMOS Pildisuurus 3200\u00d71800 Elektrooniline katik 1\/3s ~ 1 \/ 100000s Avat\u00f5\u00fcp Fikseeritud ava Min. valgustundlikkus V\u00e4rv: 0.02","og_url":"https:\/\/fonolukk.eu\/et\/tooted\/vsc-6mp-ip-kaamera-mootoriga-suum-topeltvalgustus-40-m-haired-p2p\/","og_site_name":"Fonolukk","article_publisher":"https:\/\/www.facebook.com\/fonolukk","article_modified_time":"2025-07-07T20:20:37+00:00","og_image":[{"width":500,"height":500,"url":"https:\/\/fonolukk.eu\/wp-content\/uploads\/2025\/07\/vsc-6mp-ip-camera-fonolukk.png","type":"image\/png"}],"twitter_card":"summary_large_image","twitter_misc":{"Hind":"&euro;194.00 koos KM","Availability":"Laos"},"schema":{"@context":"https:\/\/schema.org","@graph":[{"@type":"WebPage","@id":"https:\/\/fonolukk.eu\/et\/tooted\/vsc-6mp-ip-kaamera-mootoriga-suum-topeltvalgustus-40-m-haired-p2p\/","url":"https:\/\/fonolukk.eu\/et\/tooted\/vsc-6mp-ip-kaamera-mootoriga-suum-topeltvalgustus-40-m-haired-p2p\/","name":"VSC 6MP IP-kaamera, 2.8 mm objektiiv \u2013 Fonolukk","isPartOf":{"@id":"https:\/\/fonolukk.eu\/et\/#website"},"primaryImageOfPage":{"@id":"https:\/\/fonolukk.eu\/et\/tooted\/vsc-6mp-ip-kaamera-mootoriga-suum-topeltvalgustus-40-m-haired-p2p\/#primaryimage"},"image":{"@id":"https:\/\/fonolukk.eu\/et\/tooted\/vsc-6mp-ip-kaamera-mootoriga-suum-topeltvalgustus-40-m-haired-p2p\/#primaryimage"},"thumbnailUrl":"https:\/\/fonolukk.eu\/wp-content\/uploads\/2025\/07\/vsc-6mp-ip-camera-fonolukk.png","datePublished":"2025-07-07T19:50:47+00:00","dateModified":"2025-07-07T20:20:37+00:00","description":"VSC 6MP IP-kaamera, mootoriga suum, topeltvalgustus 40 m, h\u00e4ired, P2P - 20\u201330 m valge valguse vaatekaugus; 20\u201330 m IR-vaatekaugus. IP67 kaitseklass.","breadcrumb":{"@id":"https:\/\/fonolukk.eu\/et\/tooted\/vsc-6mp-ip-kaamera-mootoriga-suum-topeltvalgustus-40-m-haired-p2p\/#breadcrumb"},"inLanguage":"et","potentialAction":[{"@type":"ReadAction","target":["https:\/\/fonolukk.eu\/et\/tooted\/vsc-6mp-ip-kaamera-mootoriga-suum-topeltvalgustus-40-m-haired-p2p\/"]}]},{"@type":"ImageObject","inLanguage":"et","@id":"https:\/\/fonolukk.eu\/et\/tooted\/vsc-6mp-ip-kaamera-mootoriga-suum-topeltvalgustus-40-m-haired-p2p\/#primaryimage","url":"https:\/\/fonolukk.eu\/wp-content\/uploads\/2025\/07\/vsc-6mp-ip-camera-fonolukk.png","contentUrl":"https:\/\/fonolukk.eu\/wp-content\/uploads\/2025\/07\/vsc-6mp-ip-camera-fonolukk.png","width":500,"height":500,"caption":"VSC IPT6BL-ALMZ IP Video Camera 6MP"},{"@type":"BreadcrumbList","@id":"https:\/\/fonolukk.eu\/et\/tooted\/vsc-6mp-ip-kaamera-mootoriga-suum-topeltvalgustus-40-m-haired-p2p\/#breadcrumb","itemListElement":[{"@type":"ListItem","position":1,"name":"Esileht","item":"https:\/\/fonolukk.eu\/et\/koduleht\/"},{"@type":"ListItem","position":2,"name":"Tooted","item":"https:\/\/fonolukk.eu\/et\/shop-2\/"},{"@type":"ListItem","position":3,"name":"Videokaamerad","item":"https:\/\/fonolukk.eu\/et\/product-category\/videokaamerad-et\/"},{"@type":"ListItem","position":4,"name":"VSC 6MP IP-kaamera, mootoriga suum, topeltvalgustus 40 m, h\u00e4ired, P2P"}]},{"@type":"WebSite","@id":"https:\/\/fonolukk.eu\/et\/#website","url":"https:\/\/fonolukk.eu\/et\/","name":"Fonolukk eu","description":"Smart Security Systems","publisher":{"@id":"https:\/\/fonolukk.eu\/et\/#organization"},"potentialAction":[{"@type":"SearchAction","target":{"@type":"EntryPoint","urlTemplate":"https:\/\/fonolukk.eu\/et\/?s={search_term_string}"},"query-input":{"@type":"PropertyValueSpecification","valueRequired":true,"valueName":"search_term_string"}}],"inLanguage":"et"},{"@type":"Organization","@id":"https:\/\/fonolukk.eu\/et\/#organization","name":"Smart Security OU","url":"https:\/\/fonolukk.eu\/et\/","logo":{"@type":"ImageObject","inLanguage":"et","@id":"https:\/\/fonolukk.eu\/et\/#\/schema\/logo\/image\/","url":"https:\/\/fonolukk.eu\/wp-content\/uploads\/2023\/09\/fonolukk.png","contentUrl":"https:\/\/fonolukk.eu\/wp-content\/uploads\/2023\/09\/fonolukk.png","width":277,"height":274,"caption":"Smart Security OU"},"image":{"@id":"https:\/\/fonolukk.eu\/et\/#\/schema\/logo\/image\/"},"sameAs":["https:\/\/www.facebook.com\/fonolukk","https:\/\/www.instagram.com\/fonolukk\/?hl=ru"],"publishingPrinciples":"https:\/\/fonolukk.eu\/terms-and-conditions\/","ownershipFundingInfo":"https:\/\/fonolukk.eu\/about-us\/"}]},"product_price_amount":"194.00","product_price_currency":"EUR","og_availability":"instock","product_availability":"instock","product_retailer_item_id":"VSC-white-1","product_condition":"new"},"_links":{"self":[{"href":"https:\/\/fonolukk.eu\/et\/wp-json\/wp\/v2\/product\/21034","targetHints":{"allow":["GET"]}}],"collection":[{"href":"https:\/\/fonolukk.eu\/et\/wp-json\/wp\/v2\/product"}],"about":[{"href":"https:\/\/fonolukk.eu\/et\/wp-json\/wp\/v2\/types\/product"}],"version-history":[{"count":1,"href":"https:\/\/fonolukk.eu\/et\/wp-json\/wp\/v2\/product\/21034\/revisions"}],"predecessor-version":[{"id":21043,"href":"https:\/\/fonolukk.eu\/et\/wp-json\/wp\/v2\/product\/21034\/revisions\/21043"}],"wp:featuredmedia":[{"embeddable":true,"href":"https:\/\/fonolukk.eu\/et\/wp-json\/wp\/v2\/media\/21037"}],"wp:attachment":[{"href":"https:\/\/fonolukk.eu\/et\/wp-json\/wp\/v2\/media?parent=21034"}],"wp:term":[{"taxonomy":"product_brand","embeddable":true,"href":"https:\/\/fonolukk.eu\/et\/wp-json\/wp\/v2\/product_brand?post=21034"},{"taxonomy":"product_cat","embeddable":true,"href":"https:\/\/fonolukk.eu\/et\/wp-json\/wp\/v2\/product_cat?post=21034"},{"taxonomy":"product_tag","embeddable":true,"href":"https:\/\/fonolukk.eu\/et\/wp-json\/wp\/v2\/product_tag?post=21034"}],"curies":[{"name":"wp","href":"https:\/\/api.w.org\/{rel}","templated":true}]}}