{"id":21077,"date":"2025-07-08T08:39:29","date_gmt":"2025-07-08T05:39:30","guid":{"rendered":"https:\/\/fonolukk.eu\/?post_type=product&#038;p=21077"},"modified":"2025-07-08T08:46:39","modified_gmt":"2025-07-08T05:46:39","slug":"vsc-8mp-ip-kaamera-2-8mm-fikseeritud-objektiiv","status":"publish","type":"product","link":"https:\/\/fonolukk.eu\/et\/tooted\/vsc-8mp-ip-kaamera-2-8mm-fikseeritud-objektiiv\/","title":{"rendered":"VSC 8MP IP-kaamera, 2.8mm fikseeritud objektiiv"},"content":{"rendered":"<ul>\n<li>H.265+\/H.265\/H.264+\/H.264\/MJPEG kodeering<\/li>\n<li>Maksimaalne eraldusv\u00f5ime: 8MP (3840 \u00d7 2160)<\/li>\n<li>ICR automaatne l\u00fclitus, t\u00f5eline p\u00e4ev\/\u00f6\u00f6 re\u017eiim<\/li>\n<li>3D DNR, t\u00f5eline WDR, HLC, BLC, nutikas IR ja ROI kodeering<\/li>\n<li>30~50m IR-\u00f6\u00f6vaatluse kaugus<\/li>\n<li>1 helisisend<\/li>\n<li>Sisseehitatud microSD-kaardi pesa, kuni 256 GB<\/li>\n<li>Toide: DC12V \/ PoE<\/li>\n<li>Toetab kolme voogu<\/li>\n<li>IP67 kaitseklass<\/li>\n<li>Toetab mobiilset j\u00e4lgimist iOS- ja Android-telefonide kaudu<\/li>\n<li>Tark anal\u00fc\u00fctika (objektide klassifitseerimine)<\/li>\n<\/ul>\n","protected":false},"excerpt":{"rendered":"[wpdm_package id='21079']\n","protected":false},"featured_media":21082,"template":"","meta":[],"product_brand":[],"product_cat":[1116],"product_tag":[1444],"class_list":{"0":"post-21077","1":"product","2":"type-product","3":"status-publish","4":"has-post-thumbnail","6":"product_cat-videokaamerad-et","7":"product_tag-video-kaamera","9":"first","10":"instock","11":"taxable","12":"shipping-taxable","13":"purchasable","14":"product-type-simple"},"yoast_head":"<!-- This site is optimized with the Yoast SEO Premium plugin v27.3 (Yoast SEO v27.3) - https:\/\/yoast.com\/product\/yoast-seo-premium-wordpress\/ -->\n<title>VSC 8MP IP-kaamera, 2.8mm fikseeritud objektiiv \u2013 Fonolukk<\/title>\n<meta name=\"description\" content=\"VSC 8MP IP-kaamera, 2.8mm fikseeritud objektiiv - Toetab mobiilset j\u00e4relevalvet iOS ja Android nutitelefonidega. Maksimaalne eraldusv\u00f5ime: 8MP.\" \/>\n<meta name=\"robots\" content=\"index, follow, max-snippet:-1, max-image-preview:large, max-video-preview:-1\" \/>\n<link rel=\"canonical\" href=\"https:\/\/fonolukk.eu\/et\/tooted\/vsc-8mp-ip-kaamera-2-8mm-fikseeritud-objektiiv\/\" \/>\n<meta property=\"og:locale\" content=\"et_EE\" \/>\n<meta property=\"og:type\" content=\"article\" \/>\n<meta property=\"og:title\" content=\"VSC 8MP IP-kaamera, 2.8mm fikseeritud objektiiv\" \/>\n<meta property=\"og:description\" content=\"H.265+\/H.265\/H.264+\/H.264\/MJPEG kodeering Maksimaalne eraldusv\u00f5ime: 8MP (3840 \u00d7 2160) ICR automaatne l\u00fclitus, t\u00f5eline p\u00e4ev\/\u00f6\u00f6 re\u017eiim 3D DNR, t\u00f5eline WDR,\" \/>\n<meta property=\"og:url\" content=\"https:\/\/fonolukk.eu\/et\/tooted\/vsc-8mp-ip-kaamera-2-8mm-fikseeritud-objektiiv\/\" \/>\n<meta property=\"og:site_name\" content=\"Fonolukk\" \/>\n<meta property=\"article:publisher\" content=\"https:\/\/www.facebook.com\/fonolukk\" \/>\n<meta property=\"article:modified_time\" content=\"2025-07-08T05:46:39+00:00\" \/>\n<meta property=\"og:image\" content=\"https:\/\/fonolukk.eu\/wp-content\/uploads\/2025\/07\/video-camera-ipt8bls3bf28-fonolukk.png\" \/>\n\t<meta property=\"og:image:width\" content=\"500\" \/>\n\t<meta property=\"og:image:height\" content=\"500\" \/>\n\t<meta property=\"og:image:type\" content=\"image\/png\" \/>\n<meta name=\"twitter:card\" content=\"summary_large_image\" \/>\n<meta name=\"twitter:label1\" content=\"Hind\" \/>\n\t<meta name=\"twitter:data1\" content=\"&euro;218.00 koos KM\" \/>\n\t<meta name=\"twitter:label2\" content=\"Availability\" \/>\n\t<meta name=\"twitter:data2\" content=\"Laos\" \/>\n<script type=\"application\/ld+json\" class=\"yoast-schema-graph\">{\"@context\":\"https:\\\/\\\/schema.org\",\"@graph\":[{\"@type\":\"WebPage\",\"@id\":\"https:\\\/\\\/fonolukk.eu\\\/et\\\/tooted\\\/vsc-8mp-ip-kaamera-2-8mm-fikseeritud-objektiiv\\\/\",\"url\":\"https:\\\/\\\/fonolukk.eu\\\/et\\\/tooted\\\/vsc-8mp-ip-kaamera-2-8mm-fikseeritud-objektiiv\\\/\",\"name\":\"VSC 8MP IP-kaamera, 2.8mm fikseeritud objektiiv \u2013 Fonolukk\",\"isPartOf\":{\"@id\":\"https:\\\/\\\/fonolukk.eu\\\/et\\\/#website\"},\"primaryImageOfPage\":{\"@id\":\"https:\\\/\\\/fonolukk.eu\\\/et\\\/tooted\\\/vsc-8mp-ip-kaamera-2-8mm-fikseeritud-objektiiv\\\/#primaryimage\"},\"image\":{\"@id\":\"https:\\\/\\\/fonolukk.eu\\\/et\\\/tooted\\\/vsc-8mp-ip-kaamera-2-8mm-fikseeritud-objektiiv\\\/#primaryimage\"},\"thumbnailUrl\":\"https:\\\/\\\/fonolukk.eu\\\/wp-content\\\/uploads\\\/2025\\\/07\\\/video-camera-ipt8bls3bf28-fonolukk.png\",\"datePublished\":\"2025-07-08T05:39:30+00:00\",\"dateModified\":\"2025-07-08T05:46:39+00:00\",\"description\":\"VSC 8MP IP-kaamera, 2.8mm fikseeritud objektiiv - Toetab mobiilset j\u00e4relevalvet iOS ja Android nutitelefonidega. Maksimaalne eraldusv\u00f5ime: 8MP.\",\"breadcrumb\":{\"@id\":\"https:\\\/\\\/fonolukk.eu\\\/et\\\/tooted\\\/vsc-8mp-ip-kaamera-2-8mm-fikseeritud-objektiiv\\\/#breadcrumb\"},\"inLanguage\":\"et\",\"potentialAction\":[{\"@type\":\"ReadAction\",\"target\":[\"https:\\\/\\\/fonolukk.eu\\\/et\\\/tooted\\\/vsc-8mp-ip-kaamera-2-8mm-fikseeritud-objektiiv\\\/\"]}]},{\"@type\":\"ImageObject\",\"inLanguage\":\"et\",\"@id\":\"https:\\\/\\\/fonolukk.eu\\\/et\\\/tooted\\\/vsc-8mp-ip-kaamera-2-8mm-fikseeritud-objektiiv\\\/#primaryimage\",\"url\":\"https:\\\/\\\/fonolukk.eu\\\/wp-content\\\/uploads\\\/2025\\\/07\\\/video-camera-ipt8bls3bf28-fonolukk.png\",\"contentUrl\":\"https:\\\/\\\/fonolukk.eu\\\/wp-content\\\/uploads\\\/2025\\\/07\\\/video-camera-ipt8bls3bf28-fonolukk.png\",\"width\":500,\"height\":500,\"caption\":\"video-camera-ipt8bls3bf28 fonolukk\"},{\"@type\":\"BreadcrumbList\",\"@id\":\"https:\\\/\\\/fonolukk.eu\\\/et\\\/tooted\\\/vsc-8mp-ip-kaamera-2-8mm-fikseeritud-objektiiv\\\/#breadcrumb\",\"itemListElement\":[{\"@type\":\"ListItem\",\"position\":1,\"name\":\"Esileht\",\"item\":\"https:\\\/\\\/fonolukk.eu\\\/et\\\/koduleht\\\/\"},{\"@type\":\"ListItem\",\"position\":2,\"name\":\"Tooted\",\"item\":\"https:\\\/\\\/fonolukk.eu\\\/et\\\/shop-2\\\/\"},{\"@type\":\"ListItem\",\"position\":3,\"name\":\"Videokaamerad\",\"item\":\"https:\\\/\\\/fonolukk.eu\\\/et\\\/product-category\\\/videokaamerad-et\\\/\"},{\"@type\":\"ListItem\",\"position\":4,\"name\":\"VSC 8MP IP-kaamera, 2.8mm fikseeritud objektiiv\"}]},{\"@type\":\"WebSite\",\"@id\":\"https:\\\/\\\/fonolukk.eu\\\/et\\\/#website\",\"url\":\"https:\\\/\\\/fonolukk.eu\\\/et\\\/\",\"name\":\"Fonolukk eu\",\"description\":\"Smart Security Systems\",\"publisher\":{\"@id\":\"https:\\\/\\\/fonolukk.eu\\\/et\\\/#organization\"},\"potentialAction\":[{\"@type\":\"SearchAction\",\"target\":{\"@type\":\"EntryPoint\",\"urlTemplate\":\"https:\\\/\\\/fonolukk.eu\\\/et\\\/?s={search_term_string}\"},\"query-input\":{\"@type\":\"PropertyValueSpecification\",\"valueRequired\":true,\"valueName\":\"search_term_string\"}}],\"inLanguage\":\"et\"},{\"@type\":\"Organization\",\"@id\":\"https:\\\/\\\/fonolukk.eu\\\/et\\\/#organization\",\"name\":\"Smart Security OU\",\"url\":\"https:\\\/\\\/fonolukk.eu\\\/et\\\/\",\"logo\":{\"@type\":\"ImageObject\",\"inLanguage\":\"et\",\"@id\":\"https:\\\/\\\/fonolukk.eu\\\/et\\\/#\\\/schema\\\/logo\\\/image\\\/\",\"url\":\"https:\\\/\\\/fonolukk.eu\\\/wp-content\\\/uploads\\\/2023\\\/09\\\/fonolukk.png\",\"contentUrl\":\"https:\\\/\\\/fonolukk.eu\\\/wp-content\\\/uploads\\\/2023\\\/09\\\/fonolukk.png\",\"width\":277,\"height\":274,\"caption\":\"Smart Security OU\"},\"image\":{\"@id\":\"https:\\\/\\\/fonolukk.eu\\\/et\\\/#\\\/schema\\\/logo\\\/image\\\/\"},\"sameAs\":[\"https:\\\/\\\/www.facebook.com\\\/fonolukk\",\"https:\\\/\\\/www.instagram.com\\\/fonolukk\\\/?hl=ru\"],\"publishingPrinciples\":\"https:\\\/\\\/fonolukk.eu\\\/terms-and-conditions\\\/\",\"ownershipFundingInfo\":\"https:\\\/\\\/fonolukk.eu\\\/about-us\\\/\"}]}<\/script>\n<meta property=\"product:price:amount\" content=\"218.00\" \/>\n<meta property=\"product:price:currency\" content=\"EUR\" \/>\n<meta property=\"og:availability\" content=\"instock\" \/>\n<meta property=\"product:availability\" content=\"instock\" \/>\n<meta property=\"product:retailer_item_id\" content=\"IPT8BLs3bF28\" \/>\n<meta property=\"product:condition\" content=\"new\" \/>\n<!-- \/ Yoast SEO Premium plugin. -->","yoast_head_json":{"title":"VSC 8MP IP-kaamera, 2.8mm fikseeritud objektiiv \u2013 Fonolukk","description":"VSC 8MP IP-kaamera, 2.8mm fikseeritud objektiiv - Toetab mobiilset j\u00e4relevalvet iOS ja Android nutitelefonidega. Maksimaalne eraldusv\u00f5ime: 8MP.","robots":{"index":"index","follow":"follow","max-snippet":"max-snippet:-1","max-image-preview":"max-image-preview:large","max-video-preview":"max-video-preview:-1"},"canonical":"https:\/\/fonolukk.eu\/et\/tooted\/vsc-8mp-ip-kaamera-2-8mm-fikseeritud-objektiiv\/","og_locale":"et_EE","og_type":"article","og_title":"VSC 8MP IP-kaamera, 2.8mm fikseeritud objektiiv","og_description":"H.265+\/H.265\/H.264+\/H.264\/MJPEG kodeering Maksimaalne eraldusv\u00f5ime: 8MP (3840 \u00d7 2160) ICR automaatne l\u00fclitus, t\u00f5eline p\u00e4ev\/\u00f6\u00f6 re\u017eiim 3D DNR, t\u00f5eline WDR,","og_url":"https:\/\/fonolukk.eu\/et\/tooted\/vsc-8mp-ip-kaamera-2-8mm-fikseeritud-objektiiv\/","og_site_name":"Fonolukk","article_publisher":"https:\/\/www.facebook.com\/fonolukk","article_modified_time":"2025-07-08T05:46:39+00:00","og_image":[{"width":500,"height":500,"url":"https:\/\/fonolukk.eu\/wp-content\/uploads\/2025\/07\/video-camera-ipt8bls3bf28-fonolukk.png","type":"image\/png"}],"twitter_card":"summary_large_image","twitter_misc":{"Hind":"&euro;218.00 koos KM","Availability":"Laos"},"schema":{"@context":"https:\/\/schema.org","@graph":[{"@type":"WebPage","@id":"https:\/\/fonolukk.eu\/et\/tooted\/vsc-8mp-ip-kaamera-2-8mm-fikseeritud-objektiiv\/","url":"https:\/\/fonolukk.eu\/et\/tooted\/vsc-8mp-ip-kaamera-2-8mm-fikseeritud-objektiiv\/","name":"VSC 8MP IP-kaamera, 2.8mm fikseeritud objektiiv \u2013 Fonolukk","isPartOf":{"@id":"https:\/\/fonolukk.eu\/et\/#website"},"primaryImageOfPage":{"@id":"https:\/\/fonolukk.eu\/et\/tooted\/vsc-8mp-ip-kaamera-2-8mm-fikseeritud-objektiiv\/#primaryimage"},"image":{"@id":"https:\/\/fonolukk.eu\/et\/tooted\/vsc-8mp-ip-kaamera-2-8mm-fikseeritud-objektiiv\/#primaryimage"},"thumbnailUrl":"https:\/\/fonolukk.eu\/wp-content\/uploads\/2025\/07\/video-camera-ipt8bls3bf28-fonolukk.png","datePublished":"2025-07-08T05:39:30+00:00","dateModified":"2025-07-08T05:46:39+00:00","description":"VSC 8MP IP-kaamera, 2.8mm fikseeritud objektiiv - Toetab mobiilset j\u00e4relevalvet iOS ja Android nutitelefonidega. Maksimaalne eraldusv\u00f5ime: 8MP.","breadcrumb":{"@id":"https:\/\/fonolukk.eu\/et\/tooted\/vsc-8mp-ip-kaamera-2-8mm-fikseeritud-objektiiv\/#breadcrumb"},"inLanguage":"et","potentialAction":[{"@type":"ReadAction","target":["https:\/\/fonolukk.eu\/et\/tooted\/vsc-8mp-ip-kaamera-2-8mm-fikseeritud-objektiiv\/"]}]},{"@type":"ImageObject","inLanguage":"et","@id":"https:\/\/fonolukk.eu\/et\/tooted\/vsc-8mp-ip-kaamera-2-8mm-fikseeritud-objektiiv\/#primaryimage","url":"https:\/\/fonolukk.eu\/wp-content\/uploads\/2025\/07\/video-camera-ipt8bls3bf28-fonolukk.png","contentUrl":"https:\/\/fonolukk.eu\/wp-content\/uploads\/2025\/07\/video-camera-ipt8bls3bf28-fonolukk.png","width":500,"height":500,"caption":"video-camera-ipt8bls3bf28 fonolukk"},{"@type":"BreadcrumbList","@id":"https:\/\/fonolukk.eu\/et\/tooted\/vsc-8mp-ip-kaamera-2-8mm-fikseeritud-objektiiv\/#breadcrumb","itemListElement":[{"@type":"ListItem","position":1,"name":"Esileht","item":"https:\/\/fonolukk.eu\/et\/koduleht\/"},{"@type":"ListItem","position":2,"name":"Tooted","item":"https:\/\/fonolukk.eu\/et\/shop-2\/"},{"@type":"ListItem","position":3,"name":"Videokaamerad","item":"https:\/\/fonolukk.eu\/et\/product-category\/videokaamerad-et\/"},{"@type":"ListItem","position":4,"name":"VSC 8MP IP-kaamera, 2.8mm fikseeritud objektiiv"}]},{"@type":"WebSite","@id":"https:\/\/fonolukk.eu\/et\/#website","url":"https:\/\/fonolukk.eu\/et\/","name":"Fonolukk eu","description":"Smart Security Systems","publisher":{"@id":"https:\/\/fonolukk.eu\/et\/#organization"},"potentialAction":[{"@type":"SearchAction","target":{"@type":"EntryPoint","urlTemplate":"https:\/\/fonolukk.eu\/et\/?s={search_term_string}"},"query-input":{"@type":"PropertyValueSpecification","valueRequired":true,"valueName":"search_term_string"}}],"inLanguage":"et"},{"@type":"Organization","@id":"https:\/\/fonolukk.eu\/et\/#organization","name":"Smart Security OU","url":"https:\/\/fonolukk.eu\/et\/","logo":{"@type":"ImageObject","inLanguage":"et","@id":"https:\/\/fonolukk.eu\/et\/#\/schema\/logo\/image\/","url":"https:\/\/fonolukk.eu\/wp-content\/uploads\/2023\/09\/fonolukk.png","contentUrl":"https:\/\/fonolukk.eu\/wp-content\/uploads\/2023\/09\/fonolukk.png","width":277,"height":274,"caption":"Smart Security OU"},"image":{"@id":"https:\/\/fonolukk.eu\/et\/#\/schema\/logo\/image\/"},"sameAs":["https:\/\/www.facebook.com\/fonolukk","https:\/\/www.instagram.com\/fonolukk\/?hl=ru"],"publishingPrinciples":"https:\/\/fonolukk.eu\/terms-and-conditions\/","ownershipFundingInfo":"https:\/\/fonolukk.eu\/about-us\/"}]},"product_price_amount":"218.00","product_price_currency":"EUR","og_availability":"instock","product_availability":"instock","product_retailer_item_id":"IPT8BLs3bF28","product_condition":"new"},"_links":{"self":[{"href":"https:\/\/fonolukk.eu\/et\/wp-json\/wp\/v2\/product\/21077","targetHints":{"allow":["GET"]}}],"collection":[{"href":"https:\/\/fonolukk.eu\/et\/wp-json\/wp\/v2\/product"}],"about":[{"href":"https:\/\/fonolukk.eu\/et\/wp-json\/wp\/v2\/types\/product"}],"version-history":[{"count":1,"href":"https:\/\/fonolukk.eu\/et\/wp-json\/wp\/v2\/product\/21077\/revisions"}],"predecessor-version":[{"id":21085,"href":"https:\/\/fonolukk.eu\/et\/wp-json\/wp\/v2\/product\/21077\/revisions\/21085"}],"wp:featuredmedia":[{"embeddable":true,"href":"https:\/\/fonolukk.eu\/et\/wp-json\/wp\/v2\/media\/21082"}],"wp:attachment":[{"href":"https:\/\/fonolukk.eu\/et\/wp-json\/wp\/v2\/media?parent=21077"}],"wp:term":[{"taxonomy":"product_brand","embeddable":true,"href":"https:\/\/fonolukk.eu\/et\/wp-json\/wp\/v2\/product_brand?post=21077"},{"taxonomy":"product_cat","embeddable":true,"href":"https:\/\/fonolukk.eu\/et\/wp-json\/wp\/v2\/product_cat?post=21077"},{"taxonomy":"product_tag","embeddable":true,"href":"https:\/\/fonolukk.eu\/et\/wp-json\/wp\/v2\/product_tag?post=21077"}],"curies":[{"name":"wp","href":"https:\/\/api.w.org\/{rel}","templated":true}]}}