{"id":21118,"date":"2025-07-09T00:21:27","date_gmt":"2025-07-08T21:21:27","guid":{"rendered":"https:\/\/fonolukk.eu\/?post_type=product&#038;p=21118"},"modified":"2025-07-09T01:00:39","modified_gmt":"2025-07-08T22:00:39","slug":"vsc-6mp-ip-kaamera-mootorzoom-topeltvalgustus-50m-tehisintellekt-p2p","status":"publish","type":"product","link":"https:\/\/fonolukk.eu\/et\/tooted\/vsc-6mp-ip-kaamera-mootorzoom-topeltvalgustus-50m-tehisintellekt-p2p\/","title":{"rendered":"VSC 6MP IP-kaamera, mootorzoom, topeltvalgustus 50m, tehisintellekt, P2P"},"content":{"rendered":"<p>H.265+ \/ H.265 \/ H.264+ \/ H.264 \/ MJPEG kodeering<br data-start=\"121\" data-end=\"124\" \/>Maksimaalne eraldusv\u00f5ime: 6MP (3200 \u00d7 1800)<br data-start=\"171\" data-end=\"174\" \/>Automaatne p\u00e4ev\/\u00f6\u00f6 re\u017eiimi l\u00fclitus<br data-start=\"212\" data-end=\"215\" \/>3D DNR, HWDR, HLC, BLC jm funktsioonid<br data-start=\"257\" data-end=\"260\" \/>ROI kodeerimine<br data-start=\"279\" data-end=\"282\" \/>Toetab nutikat lisavalgustust<br data-start=\"315\" data-end=\"318\" \/>Valge valguse vaatekaugus: 30<del data-start=\"349\" data-end=\"387\">40 m; Infrapuna (IR) vaatekaugus: 30<\/del>50 m<br data-start=\"393\" data-end=\"396\" \/>Toide: DC12V \/ PoE<br data-start=\"418\" data-end=\"421\" \/>IP67 kaitseklass (niiskus ja tolmukindel)<br data-start=\"466\" data-end=\"469\" \/>Toetab kolme voogu (stream)<br data-start=\"500\" data-end=\"503\" \/>Toetab kaugj\u00e4lgimist nutitelefonide ja tahvelarvutitega (iOS ja Android)<br data-start=\"579\" data-end=\"582\" \/>Toetab P2P funktsiooni<br data-start=\"608\" data-end=\"611\" \/>Toetab SMD-d (tehisintellekti liikumistuvastus)<br data-start=\"662\" data-end=\"665\" \/>Toetab liini\u00fcletuse, piirkonda sissetungi, mahaj\u00e4etud\/puuduva objekti ja videoerandi tuvastust<\/p>\n","protected":false},"excerpt":{"rendered":"[wpdm_package id='21120']\n","protected":false},"featured_media":21123,"template":"","meta":[],"product_brand":[],"product_cat":[1116],"product_tag":[1444],"class_list":{"0":"post-21118","1":"product","2":"type-product","3":"status-publish","4":"has-post-thumbnail","6":"product_cat-videokaamerad-et","7":"product_tag-video-kaamera","9":"first","10":"instock","11":"taxable","12":"shipping-taxable","13":"purchasable","14":"product-type-simple"},"yoast_head":"<!-- This site is optimized with the Yoast SEO Premium plugin v27.3 (Yoast SEO v27.3) - https:\/\/yoast.com\/product\/yoast-seo-premium-wordpress\/ -->\n<title>VSC 8MP IP-kaamera, 2.8mm fikseeritud objektiiv \u2013 Fonolukk<\/title>\n<meta name=\"description\" content=\"VSC 6MP IP-kaamera, mootorzoom, topeltvalgustus 50m, tehisintellekt, P2P - Toetab kaugj\u00e4lgimist iOS ja Android OS-iga nutitelefonide ja tahvelarvutitega.\" \/>\n<meta name=\"robots\" content=\"index, follow, max-snippet:-1, max-image-preview:large, max-video-preview:-1\" \/>\n<link rel=\"canonical\" href=\"https:\/\/fonolukk.eu\/et\/tooted\/vsc-6mp-ip-kaamera-mootorzoom-topeltvalgustus-50m-tehisintellekt-p2p\/\" \/>\n<meta property=\"og:locale\" content=\"et_EE\" \/>\n<meta property=\"og:type\" content=\"article\" \/>\n<meta property=\"og:title\" content=\"VSC 6MP IP-kaamera, mootorzoom, topeltvalgustus 50m, tehisintellekt, P2P\" \/>\n<meta property=\"og:description\" content=\"H.265+ \/ H.265 \/ H.264+ \/ H.264 \/ MJPEG kodeeringMaksimaalne eraldusv\u00f5ime: 6MP (3200 \u00d7 1800)Automaatne p\u00e4ev\/\u00f6\u00f6 re\u017eiimi l\u00fclitus3D DNR, HWDR, HLC, BLC jm\" \/>\n<meta property=\"og:url\" content=\"https:\/\/fonolukk.eu\/et\/tooted\/vsc-6mp-ip-kaamera-mootorzoom-topeltvalgustus-50m-tehisintellekt-p2p\/\" \/>\n<meta property=\"og:site_name\" content=\"Fonolukk\" \/>\n<meta property=\"article:publisher\" content=\"https:\/\/www.facebook.com\/fonolukk\" \/>\n<meta property=\"article:modified_time\" content=\"2025-07-08T22:00:39+00:00\" \/>\n<meta property=\"og:image\" content=\"https:\/\/fonolukk.eu\/wp-content\/uploads\/2025\/07\/ipt6bls4cmz-video-camera.jpg\" \/>\n\t<meta property=\"og:image:width\" content=\"500\" \/>\n\t<meta property=\"og:image:height\" content=\"500\" \/>\n\t<meta property=\"og:image:type\" content=\"image\/jpeg\" \/>\n<meta name=\"twitter:card\" content=\"summary_large_image\" \/>\n<meta name=\"twitter:label1\" content=\"Hind\" \/>\n\t<meta name=\"twitter:data1\" content=\"&euro;239.00 koos KM\" \/>\n\t<meta name=\"twitter:label2\" content=\"Availability\" \/>\n\t<meta name=\"twitter:data2\" content=\"Laos\" \/>\n<script type=\"application\/ld+json\" class=\"yoast-schema-graph\">{\"@context\":\"https:\\\/\\\/schema.org\",\"@graph\":[{\"@type\":\"WebPage\",\"@id\":\"https:\\\/\\\/fonolukk.eu\\\/et\\\/tooted\\\/vsc-6mp-ip-kaamera-mootorzoom-topeltvalgustus-50m-tehisintellekt-p2p\\\/\",\"url\":\"https:\\\/\\\/fonolukk.eu\\\/et\\\/tooted\\\/vsc-6mp-ip-kaamera-mootorzoom-topeltvalgustus-50m-tehisintellekt-p2p\\\/\",\"name\":\"VSC 8MP IP-kaamera, 2.8mm fikseeritud objektiiv \u2013 Fonolukk\",\"isPartOf\":{\"@id\":\"https:\\\/\\\/fonolukk.eu\\\/et\\\/#website\"},\"primaryImageOfPage\":{\"@id\":\"https:\\\/\\\/fonolukk.eu\\\/et\\\/tooted\\\/vsc-6mp-ip-kaamera-mootorzoom-topeltvalgustus-50m-tehisintellekt-p2p\\\/#primaryimage\"},\"image\":{\"@id\":\"https:\\\/\\\/fonolukk.eu\\\/et\\\/tooted\\\/vsc-6mp-ip-kaamera-mootorzoom-topeltvalgustus-50m-tehisintellekt-p2p\\\/#primaryimage\"},\"thumbnailUrl\":\"https:\\\/\\\/fonolukk.eu\\\/wp-content\\\/uploads\\\/2025\\\/07\\\/ipt6bls4cmz-video-camera.jpg\",\"datePublished\":\"2025-07-08T21:21:27+00:00\",\"dateModified\":\"2025-07-08T22:00:39+00:00\",\"description\":\"VSC 6MP IP-kaamera, mootorzoom, topeltvalgustus 50m, tehisintellekt, P2P - Toetab kaugj\u00e4lgimist iOS ja Android OS-iga nutitelefonide ja tahvelarvutitega.\",\"breadcrumb\":{\"@id\":\"https:\\\/\\\/fonolukk.eu\\\/et\\\/tooted\\\/vsc-6mp-ip-kaamera-mootorzoom-topeltvalgustus-50m-tehisintellekt-p2p\\\/#breadcrumb\"},\"inLanguage\":\"et\",\"potentialAction\":[{\"@type\":\"ReadAction\",\"target\":[\"https:\\\/\\\/fonolukk.eu\\\/et\\\/tooted\\\/vsc-6mp-ip-kaamera-mootorzoom-topeltvalgustus-50m-tehisintellekt-p2p\\\/\"]}]},{\"@type\":\"ImageObject\",\"inLanguage\":\"et\",\"@id\":\"https:\\\/\\\/fonolukk.eu\\\/et\\\/tooted\\\/vsc-6mp-ip-kaamera-mootorzoom-topeltvalgustus-50m-tehisintellekt-p2p\\\/#primaryimage\",\"url\":\"https:\\\/\\\/fonolukk.eu\\\/wp-content\\\/uploads\\\/2025\\\/07\\\/ipt6bls4cmz-video-camera.jpg\",\"contentUrl\":\"https:\\\/\\\/fonolukk.eu\\\/wp-content\\\/uploads\\\/2025\\\/07\\\/ipt6bls4cmz-video-camera.jpg\",\"width\":500,\"height\":500,\"caption\":\"Support remote monitoring by smart phones& tablet PCs with iOS and Android OS\"},{\"@type\":\"BreadcrumbList\",\"@id\":\"https:\\\/\\\/fonolukk.eu\\\/et\\\/tooted\\\/vsc-6mp-ip-kaamera-mootorzoom-topeltvalgustus-50m-tehisintellekt-p2p\\\/#breadcrumb\",\"itemListElement\":[{\"@type\":\"ListItem\",\"position\":1,\"name\":\"Esileht\",\"item\":\"https:\\\/\\\/fonolukk.eu\\\/et\\\/koduleht\\\/\"},{\"@type\":\"ListItem\",\"position\":2,\"name\":\"Tooted\",\"item\":\"https:\\\/\\\/fonolukk.eu\\\/et\\\/shop-2\\\/\"},{\"@type\":\"ListItem\",\"position\":3,\"name\":\"Videokaamerad\",\"item\":\"https:\\\/\\\/fonolukk.eu\\\/et\\\/product-category\\\/videokaamerad-et\\\/\"},{\"@type\":\"ListItem\",\"position\":4,\"name\":\"VSC 6MP IP-kaamera, mootorzoom, topeltvalgustus 50m, tehisintellekt, P2P\"}]},{\"@type\":\"WebSite\",\"@id\":\"https:\\\/\\\/fonolukk.eu\\\/et\\\/#website\",\"url\":\"https:\\\/\\\/fonolukk.eu\\\/et\\\/\",\"name\":\"Fonolukk eu\",\"description\":\"Smart Security Systems\",\"publisher\":{\"@id\":\"https:\\\/\\\/fonolukk.eu\\\/et\\\/#organization\"},\"potentialAction\":[{\"@type\":\"SearchAction\",\"target\":{\"@type\":\"EntryPoint\",\"urlTemplate\":\"https:\\\/\\\/fonolukk.eu\\\/et\\\/?s={search_term_string}\"},\"query-input\":{\"@type\":\"PropertyValueSpecification\",\"valueRequired\":true,\"valueName\":\"search_term_string\"}}],\"inLanguage\":\"et\"},{\"@type\":\"Organization\",\"@id\":\"https:\\\/\\\/fonolukk.eu\\\/et\\\/#organization\",\"name\":\"Smart Security OU\",\"url\":\"https:\\\/\\\/fonolukk.eu\\\/et\\\/\",\"logo\":{\"@type\":\"ImageObject\",\"inLanguage\":\"et\",\"@id\":\"https:\\\/\\\/fonolukk.eu\\\/et\\\/#\\\/schema\\\/logo\\\/image\\\/\",\"url\":\"https:\\\/\\\/fonolukk.eu\\\/wp-content\\\/uploads\\\/2023\\\/09\\\/fonolukk.png\",\"contentUrl\":\"https:\\\/\\\/fonolukk.eu\\\/wp-content\\\/uploads\\\/2023\\\/09\\\/fonolukk.png\",\"width\":277,\"height\":274,\"caption\":\"Smart Security OU\"},\"image\":{\"@id\":\"https:\\\/\\\/fonolukk.eu\\\/et\\\/#\\\/schema\\\/logo\\\/image\\\/\"},\"sameAs\":[\"https:\\\/\\\/www.facebook.com\\\/fonolukk\",\"https:\\\/\\\/www.instagram.com\\\/fonolukk\\\/?hl=ru\"],\"publishingPrinciples\":\"https:\\\/\\\/fonolukk.eu\\\/terms-and-conditions\\\/\",\"ownershipFundingInfo\":\"https:\\\/\\\/fonolukk.eu\\\/about-us\\\/\"}]}<\/script>\n<meta property=\"product:price:amount\" content=\"239.00\" \/>\n<meta property=\"product:price:currency\" content=\"EUR\" \/>\n<meta property=\"og:availability\" content=\"instock\" \/>\n<meta property=\"product:availability\" content=\"instock\" \/>\n<meta property=\"product:retailer_item_id\" content=\"VSC IPT6BLs4cMZ\" \/>\n<meta property=\"product:condition\" content=\"new\" \/>\n<!-- \/ Yoast SEO Premium plugin. -->","yoast_head_json":{"title":"VSC 8MP IP-kaamera, 2.8mm fikseeritud objektiiv \u2013 Fonolukk","description":"VSC 6MP IP-kaamera, mootorzoom, topeltvalgustus 50m, tehisintellekt, P2P - Toetab kaugj\u00e4lgimist iOS ja Android OS-iga nutitelefonide ja tahvelarvutitega.","robots":{"index":"index","follow":"follow","max-snippet":"max-snippet:-1","max-image-preview":"max-image-preview:large","max-video-preview":"max-video-preview:-1"},"canonical":"https:\/\/fonolukk.eu\/et\/tooted\/vsc-6mp-ip-kaamera-mootorzoom-topeltvalgustus-50m-tehisintellekt-p2p\/","og_locale":"et_EE","og_type":"article","og_title":"VSC 6MP IP-kaamera, mootorzoom, topeltvalgustus 50m, tehisintellekt, P2P","og_description":"H.265+ \/ H.265 \/ H.264+ \/ H.264 \/ MJPEG kodeeringMaksimaalne eraldusv\u00f5ime: 6MP (3200 \u00d7 1800)Automaatne p\u00e4ev\/\u00f6\u00f6 re\u017eiimi l\u00fclitus3D DNR, HWDR, HLC, BLC jm","og_url":"https:\/\/fonolukk.eu\/et\/tooted\/vsc-6mp-ip-kaamera-mootorzoom-topeltvalgustus-50m-tehisintellekt-p2p\/","og_site_name":"Fonolukk","article_publisher":"https:\/\/www.facebook.com\/fonolukk","article_modified_time":"2025-07-08T22:00:39+00:00","og_image":[{"width":500,"height":500,"url":"https:\/\/fonolukk.eu\/wp-content\/uploads\/2025\/07\/ipt6bls4cmz-video-camera.jpg","type":"image\/jpeg"}],"twitter_card":"summary_large_image","twitter_misc":{"Hind":"&euro;239.00 koos KM","Availability":"Laos"},"schema":{"@context":"https:\/\/schema.org","@graph":[{"@type":"WebPage","@id":"https:\/\/fonolukk.eu\/et\/tooted\/vsc-6mp-ip-kaamera-mootorzoom-topeltvalgustus-50m-tehisintellekt-p2p\/","url":"https:\/\/fonolukk.eu\/et\/tooted\/vsc-6mp-ip-kaamera-mootorzoom-topeltvalgustus-50m-tehisintellekt-p2p\/","name":"VSC 8MP IP-kaamera, 2.8mm fikseeritud objektiiv \u2013 Fonolukk","isPartOf":{"@id":"https:\/\/fonolukk.eu\/et\/#website"},"primaryImageOfPage":{"@id":"https:\/\/fonolukk.eu\/et\/tooted\/vsc-6mp-ip-kaamera-mootorzoom-topeltvalgustus-50m-tehisintellekt-p2p\/#primaryimage"},"image":{"@id":"https:\/\/fonolukk.eu\/et\/tooted\/vsc-6mp-ip-kaamera-mootorzoom-topeltvalgustus-50m-tehisintellekt-p2p\/#primaryimage"},"thumbnailUrl":"https:\/\/fonolukk.eu\/wp-content\/uploads\/2025\/07\/ipt6bls4cmz-video-camera.jpg","datePublished":"2025-07-08T21:21:27+00:00","dateModified":"2025-07-08T22:00:39+00:00","description":"VSC 6MP IP-kaamera, mootorzoom, topeltvalgustus 50m, tehisintellekt, P2P - Toetab kaugj\u00e4lgimist iOS ja Android OS-iga nutitelefonide ja tahvelarvutitega.","breadcrumb":{"@id":"https:\/\/fonolukk.eu\/et\/tooted\/vsc-6mp-ip-kaamera-mootorzoom-topeltvalgustus-50m-tehisintellekt-p2p\/#breadcrumb"},"inLanguage":"et","potentialAction":[{"@type":"ReadAction","target":["https:\/\/fonolukk.eu\/et\/tooted\/vsc-6mp-ip-kaamera-mootorzoom-topeltvalgustus-50m-tehisintellekt-p2p\/"]}]},{"@type":"ImageObject","inLanguage":"et","@id":"https:\/\/fonolukk.eu\/et\/tooted\/vsc-6mp-ip-kaamera-mootorzoom-topeltvalgustus-50m-tehisintellekt-p2p\/#primaryimage","url":"https:\/\/fonolukk.eu\/wp-content\/uploads\/2025\/07\/ipt6bls4cmz-video-camera.jpg","contentUrl":"https:\/\/fonolukk.eu\/wp-content\/uploads\/2025\/07\/ipt6bls4cmz-video-camera.jpg","width":500,"height":500,"caption":"Support remote monitoring by smart phones& tablet PCs with iOS and Android OS"},{"@type":"BreadcrumbList","@id":"https:\/\/fonolukk.eu\/et\/tooted\/vsc-6mp-ip-kaamera-mootorzoom-topeltvalgustus-50m-tehisintellekt-p2p\/#breadcrumb","itemListElement":[{"@type":"ListItem","position":1,"name":"Esileht","item":"https:\/\/fonolukk.eu\/et\/koduleht\/"},{"@type":"ListItem","position":2,"name":"Tooted","item":"https:\/\/fonolukk.eu\/et\/shop-2\/"},{"@type":"ListItem","position":3,"name":"Videokaamerad","item":"https:\/\/fonolukk.eu\/et\/product-category\/videokaamerad-et\/"},{"@type":"ListItem","position":4,"name":"VSC 6MP IP-kaamera, mootorzoom, topeltvalgustus 50m, tehisintellekt, P2P"}]},{"@type":"WebSite","@id":"https:\/\/fonolukk.eu\/et\/#website","url":"https:\/\/fonolukk.eu\/et\/","name":"Fonolukk eu","description":"Smart Security Systems","publisher":{"@id":"https:\/\/fonolukk.eu\/et\/#organization"},"potentialAction":[{"@type":"SearchAction","target":{"@type":"EntryPoint","urlTemplate":"https:\/\/fonolukk.eu\/et\/?s={search_term_string}"},"query-input":{"@type":"PropertyValueSpecification","valueRequired":true,"valueName":"search_term_string"}}],"inLanguage":"et"},{"@type":"Organization","@id":"https:\/\/fonolukk.eu\/et\/#organization","name":"Smart Security OU","url":"https:\/\/fonolukk.eu\/et\/","logo":{"@type":"ImageObject","inLanguage":"et","@id":"https:\/\/fonolukk.eu\/et\/#\/schema\/logo\/image\/","url":"https:\/\/fonolukk.eu\/wp-content\/uploads\/2023\/09\/fonolukk.png","contentUrl":"https:\/\/fonolukk.eu\/wp-content\/uploads\/2023\/09\/fonolukk.png","width":277,"height":274,"caption":"Smart Security OU"},"image":{"@id":"https:\/\/fonolukk.eu\/et\/#\/schema\/logo\/image\/"},"sameAs":["https:\/\/www.facebook.com\/fonolukk","https:\/\/www.instagram.com\/fonolukk\/?hl=ru"],"publishingPrinciples":"https:\/\/fonolukk.eu\/terms-and-conditions\/","ownershipFundingInfo":"https:\/\/fonolukk.eu\/about-us\/"}]},"product_price_amount":"239.00","product_price_currency":"EUR","og_availability":"instock","product_availability":"instock","product_retailer_item_id":"VSC IPT6BLs4cMZ","product_condition":"new"},"_links":{"self":[{"href":"https:\/\/fonolukk.eu\/et\/wp-json\/wp\/v2\/product\/21118","targetHints":{"allow":["GET"]}}],"collection":[{"href":"https:\/\/fonolukk.eu\/et\/wp-json\/wp\/v2\/product"}],"about":[{"href":"https:\/\/fonolukk.eu\/et\/wp-json\/wp\/v2\/types\/product"}],"version-history":[{"count":1,"href":"https:\/\/fonolukk.eu\/et\/wp-json\/wp\/v2\/product\/21118\/revisions"}],"predecessor-version":[{"id":21126,"href":"https:\/\/fonolukk.eu\/et\/wp-json\/wp\/v2\/product\/21118\/revisions\/21126"}],"wp:featuredmedia":[{"embeddable":true,"href":"https:\/\/fonolukk.eu\/et\/wp-json\/wp\/v2\/media\/21123"}],"wp:attachment":[{"href":"https:\/\/fonolukk.eu\/et\/wp-json\/wp\/v2\/media?parent=21118"}],"wp:term":[{"taxonomy":"product_brand","embeddable":true,"href":"https:\/\/fonolukk.eu\/et\/wp-json\/wp\/v2\/product_brand?post=21118"},{"taxonomy":"product_cat","embeddable":true,"href":"https:\/\/fonolukk.eu\/et\/wp-json\/wp\/v2\/product_cat?post=21118"},{"taxonomy":"product_tag","embeddable":true,"href":"https:\/\/fonolukk.eu\/et\/wp-json\/wp\/v2\/product_tag?post=21118"}],"curies":[{"name":"wp","href":"https:\/\/api.w.org\/{rel}","templated":true}]}}