{"id":21140,"date":"2025-07-09T16:04:30","date_gmt":"2025-07-09T13:04:31","guid":{"rendered":"https:\/\/fonolukk.eu\/?post_type=product&#038;p=21140"},"modified":"2025-07-09T16:38:13","modified_gmt":"2025-07-09T13:38:13","slug":"vsc-6mp-ip-kaamera-ir-100-m-tehisintellekti-tuvastus","status":"publish","type":"product","link":"https:\/\/fonolukk.eu\/et\/tooted\/vsc-6mp-ip-kaamera-ir-100-m-tehisintellekti-tuvastus\/","title":{"rendered":"VSC 6MP IP-kaamera, IR 100 m, tehisintellekti tuvastus"},"content":{"rendered":"<table class=\"spec\">\n<tbody>\n<tr>\n<td colspan=\"2\"><strong>Kaamera<\/strong><\/td>\n<\/tr>\n<tr>\n<td>Pildiandur<\/td>\n<td>1 \/ 2.5&#8243; CMOS<\/td>\n<\/tr>\n<tr>\n<td>Pildi suurus<\/td>\n<td>3296 \u00d7 1856<\/td>\n<\/tr>\n<tr>\n<td>Elektrooniline katik<\/td>\n<td>1\/4 s ~ 1\/100000 s<\/td>\n<\/tr>\n<tr>\n<td>Avat\u00fc\u00fcp<\/td>\n<td>DC Iris<\/td>\n<\/tr>\n<tr>\n<td>Min. valgustatus<\/td>\n<td>0.008 lux @F1.6, AGC ON; 0 lux IR-iga<\/td>\n<\/tr>\n<tr>\n<td>Objektiivi kinnitus<\/td>\n<td>\u03a614 motoriseeritud<\/td>\n<\/tr>\n<tr>\n<td>P\u00e4ev\/\u00d6\u00f6 re\u017eiim<\/td>\n<td>ICR automaatne l\u00fclitus<\/td>\n<\/tr>\n<tr>\n<td>Lai d\u00fcnaamiline ulatus<\/td>\n<td>120dB<\/td>\n<\/tr>\n<tr>\n<td>BLC \/ HLC \/ Udu eemaldus<\/td>\n<td>Jah<\/td>\n<\/tr>\n<tr>\n<td>Nurga reguleerimine<\/td>\n<td>P\u00f6\u00f6re: 0\u00b0~360\u00b0; Kalle: 0\u00b0~90\u00b0; P\u00f6\u00f6ramine: 0\u00b0~360\u00b0<\/td>\n<\/tr>\n<tr>\n<td colspan=\"2\"><strong>Objektiiv<\/strong><\/td>\n<\/tr>\n<tr>\n<td>Fookuskaugus<\/td>\n<td>7~22mm@F1.6<\/td>\n<\/tr>\n<tr>\n<td>Vaatev\u00e4li<\/td>\n<td>H: 51\u00b0~21\u00b0, V: 27.5\u00b0~13.5\u00b0, D: 57.5\u00b0~24\u00b0<\/td>\n<\/tr>\n<tr>\n<td colspan=\"2\"><strong>Pilt<\/strong><\/td>\n<\/tr>\n<tr>\n<td>Digitaalne m\u00fcra v\u00e4hendus<\/td>\n<td>3D DNR<\/td>\n<\/tr>\n<tr>\n<td>Pildiseaded<\/td>\n<td>ROI, V\u00e4rvik\u00fcllastus, Heledus, Toon, Kontrast, Teravus, Peegeldus, P\u00f6\u00f6ramine, M\u00fcra v\u00e4hendus jne.<\/td>\n<\/tr>\n<tr>\n<td>ROI<\/td>\n<td>Iga ROI eraldi seadistatav<\/td>\n<\/tr>\n<tr>\n<td colspan=\"2\"><strong>Video<\/strong><\/td>\n<\/tr>\n<tr>\n<td>Tihendus<\/td>\n<td>P\u00f5hi\/Alam\/Kolmas: H.265+\/H.265\/H.264+\/H.264; Alam\/Kolmas toetab ka MJPEG<\/td>\n<\/tr>\n<tr>\n<td>Lahutusv\u00f5ime<\/td>\n<td>6MP, 5MP, 4MP, 1080P, 720P, D1, VGA, CIF, 480\u00d7240<\/td>\n<\/tr>\n<tr>\n<td>P\u00f5hi voog<\/td>\n<td>60Hz: kuni 6MP@30fps; 50Hz: kuni 6MP@25fps<\/td>\n<\/tr>\n<tr>\n<td>Alam voog<\/td>\n<td>720P~CIF @ 30fps (60Hz) \/ 25fps (50Hz)<\/td>\n<\/tr>\n<tr>\n<td>Kolmas voog<\/td>\n<td>D1\/CIF\/480\u00d7240 @ 30fps (60Hz) \/ 25fps (50Hz)<\/td>\n<\/tr>\n<tr>\n<td>Bitikiirus<\/td>\n<td>64 Kbps ~ 10 Mbps<\/td>\n<\/tr>\n<tr>\n<td>Bitikiiruse t\u00fc\u00fcp<\/td>\n<td>VBR \/ CBR<\/td>\n<\/tr>\n<tr>\n<td colspan=\"2\"><strong>Audio<\/strong><\/td>\n<\/tr>\n<tr>\n<td>Audio liides<\/td>\n<td>1CH sisend, 1CH v\u00e4ljund, 1CH sisseehitatud mikrofon<\/td>\n<\/tr>\n<tr>\n<td>Audio tihendus<\/td>\n<td>G711A \/ U<\/td>\n<\/tr>\n<tr>\n<td colspan=\"2\"><strong>V\u00f5rk<\/strong><\/td>\n<\/tr>\n<tr>\n<td>Liides<\/td>\n<td>RJ45, 10M\/100M isekohanduv Ethernet port<\/td>\n<\/tr>\n<tr>\n<td>Kaugj\u00e4lgimine<\/td>\n<td>Veebibrauser, NVMS2.0, NVR, Mobiilirakendus<\/td>\n<\/tr>\n<tr>\n<td>Samaaegsed kasutajad<\/td>\n<td>Kuni 10<\/td>\n<\/tr>\n<tr>\n<td>Protokollid<\/td>\n<td>UDP, IPv4, IPv6, DHCP, NTP, RTSP, RTP, RTMP, FTP, HTTP(S), SNMP, 802.1x jne.<\/td>\n<\/tr>\n<tr>\n<td colspan=\"2\"><strong>Salvestus<\/strong><\/td>\n<\/tr>\n<tr>\n<td>Kohalik salvestus<\/td>\n<td>Micro SD kaardi pesa, kuni 256GB<\/td>\n<\/tr>\n<tr>\n<td>V\u00f5rgusalvestus<\/td>\n<td>Kaugv\u00f5rgu salvestus<\/td>\n<\/tr>\n<tr>\n<td colspan=\"2\"><strong>Targad funktsioonid<\/strong><\/td>\n<\/tr>\n<tr>\n<td>Targad s\u00fcndmused<\/td>\n<td>Joonte \u00fcletamine, piirkonda sisenemine\/v\u00e4ljumine, viibimine, keelatud parkimine, h\u00fcljatud\/puuduva objekti tuvastamine<\/td>\n<\/tr>\n<tr>\n<td>H\u00e4ired<\/td>\n<td>Liikumise tuvastus, SMD, SD viga\/t\u00e4is, IP konflikt, videoh\u00e4gu\/v\u00e4rvianomaalia, helih\u00e4ire<\/td>\n<\/tr>\n<tr>\n<td colspan=\"2\"><strong>Turvalisus<\/strong><\/td>\n<\/tr>\n<tr>\n<td>Funktsioonid<\/td>\n<td>Kr\u00fcpteerimine (video, p\u00fcsivara, seaded), HTTPS, sisselogimise lukk, IP filtreerimine, 802.1x, HTTP autentimine<\/td>\n<\/tr>\n<tr>\n<td colspan=\"2\"><strong>Lisavalgustus<\/strong><\/td>\n<\/tr>\n<tr>\n<td>IR ulatus<\/td>\n<td>70 ~ 100m<\/td>\n<\/tr>\n<tr>\n<td colspan=\"2\"><strong>\u00dcldine<\/strong><\/td>\n<\/tr>\n<tr>\n<td>PoE<\/td>\n<td>Jah (IEEE802.3af)<\/td>\n<\/tr>\n<tr>\n<td>Kaitseklass<\/td>\n<td>IP67<\/td>\n<\/tr>\n<tr>\n<td>Toiteallikas<\/td>\n<td>DC12V \/ PoE<\/td>\n<\/tr>\n<tr>\n<td>V\u00f5imsustarve<\/td>\n<td>&lt; 11.5W<\/td>\n<\/tr>\n<tr>\n<td>M\u00f5\u00f5tmed<\/td>\n<td>278.3 \u00d7 100.2 \u00d7 88.7 mm<\/td>\n<\/tr>\n<tr>\n<td>Kaal<\/td>\n<td>Umbes 1.04KG<\/td>\n<\/tr>\n<tr>\n<td>Paigaldus<\/td>\n<td>Lakke v\u00f5i seinale<\/td>\n<\/tr>\n<tr>\n<td>Brauseri tugi<\/td>\n<td>Chrome 89+, Edge 89+, Firefox 87+, Safari 14+<\/td>\n<\/tr>\n<tr>\n<td>T\u00f6\u00f6tamistingimused<\/td>\n<td>-30\u00b0C ~ 60\u00b0C, &lt; 95% RH (kondenseerumata)<\/td>\n<\/tr>\n<tr>\n<td>Hoidmistingimused<\/td>\n<td>-30\u00b0C ~ 65\u00b0C, &lt; 95% RH (kondenseerumata)<\/td>\n<\/tr>\n<tr>\n<td>Sertifikaadid<\/td>\n<td>CE, FCC, RoHS, WEEE, REACH<\/td>\n<\/tr>\n<tr>\n<td colspan=\"2\"><strong>DORI kaugus<\/strong><\/td>\n<\/tr>\n<tr>\n<td>Avastamine<\/td>\n<td>147m (lai) \/ 304m (tele)<\/td>\n<\/tr>\n<tr>\n<td>J\u00e4lgimine<\/td>\n<td>58m (lai) \/ 121m (tele)<\/td>\n<\/tr>\n<tr>\n<td>Tuvastamine<\/td>\n<td>29m (lai) \/ 60m (tele)<\/td>\n<\/tr>\n<tr>\n<td>Identifitseerimine<\/td>\n<td>14m (lai) \/ 30m (tele)<\/td>\n<\/tr>\n<\/tbody>\n<\/table>\n","protected":false},"excerpt":{"rendered":"[wpdm_package id='21142']\n","protected":false},"featured_media":21145,"template":"","meta":[],"product_brand":[],"product_cat":[1116],"product_tag":[1444],"class_list":{"0":"post-21140","1":"product","2":"type-product","3":"status-publish","4":"has-post-thumbnail","6":"product_cat-videokaamerad-et","7":"product_tag-video-kaamera","9":"first","10":"instock","11":"taxable","12":"shipping-taxable","13":"purchasable","14":"product-type-simple"},"yoast_head":"<!-- This site is optimized with the Yoast SEO Premium plugin v27.3 (Yoast SEO v27.3) - https:\/\/yoast.com\/product\/yoast-seo-premium-wordpress\/ -->\n<title>VSC 8MP IP-kaamera, 2.8mm fikseeritud objektiiv \u2013 Fonolukk<\/title>\n<meta name=\"description\" content=\"VSC 6MP IP-kaamera, IR 100 m, tehisintellekti tuvastus - Joone \u00fcletamine, piirkonda sisenemine\/v\u00e4ljumine, hulkumine, ebaseaduslik parkimine, h\u00fcljatud\/puuduv objekt.\" \/>\n<meta name=\"robots\" content=\"index, follow, max-snippet:-1, max-image-preview:large, max-video-preview:-1\" \/>\n<link rel=\"canonical\" href=\"https:\/\/fonolukk.eu\/et\/tooted\/vsc-6mp-ip-kaamera-ir-100-m-tehisintellekti-tuvastus\/\" \/>\n<meta property=\"og:locale\" content=\"et_EE\" \/>\n<meta property=\"og:type\" content=\"article\" \/>\n<meta property=\"og:title\" content=\"VSC 6MP IP-kaamera, IR 100 m, tehisintellekti tuvastus\" \/>\n<meta property=\"og:description\" content=\"Kaamera Pildiandur 1 \/ 2.5&quot; CMOS Pildi suurus 3296 \u00d7 1856 Elektrooniline katik 1\/4 s ~ 1\/100000 s Avat\u00fc\u00fcp DC Iris Min. valgustatus 0.008 lux @F1.6, AGC\" \/>\n<meta property=\"og:url\" content=\"https:\/\/fonolukk.eu\/et\/tooted\/vsc-6mp-ip-kaamera-ir-100-m-tehisintellekti-tuvastus\/\" \/>\n<meta property=\"og:site_name\" content=\"Fonolukk\" \/>\n<meta property=\"article:publisher\" content=\"https:\/\/www.facebook.com\/fonolukk\" \/>\n<meta property=\"article:modified_time\" content=\"2025-07-09T13:38:13+00:00\" \/>\n<meta property=\"og:image\" content=\"https:\/\/fonolukk.eu\/wp-content\/uploads\/2025\/07\/vsc-6mp-ip-camera-fonolukk.jpg\" \/>\n\t<meta property=\"og:image:width\" content=\"500\" \/>\n\t<meta property=\"og:image:height\" content=\"500\" \/>\n\t<meta property=\"og:image:type\" content=\"image\/jpeg\" \/>\n<meta name=\"twitter:card\" content=\"summary_large_image\" \/>\n<meta name=\"twitter:label1\" content=\"Hind\" \/>\n\t<meta name=\"twitter:data1\" content=\"&euro;292.00 koos KM\" \/>\n\t<meta name=\"twitter:label2\" content=\"Availability\" \/>\n\t<meta name=\"twitter:data2\" content=\"Laos\" \/>\n<script type=\"application\/ld+json\" class=\"yoast-schema-graph\">{\"@context\":\"https:\\\/\\\/schema.org\",\"@graph\":[{\"@type\":\"WebPage\",\"@id\":\"https:\\\/\\\/fonolukk.eu\\\/et\\\/tooted\\\/vsc-6mp-ip-kaamera-ir-100-m-tehisintellekti-tuvastus\\\/\",\"url\":\"https:\\\/\\\/fonolukk.eu\\\/et\\\/tooted\\\/vsc-6mp-ip-kaamera-ir-100-m-tehisintellekti-tuvastus\\\/\",\"name\":\"VSC 8MP IP-kaamera, 2.8mm fikseeritud objektiiv \u2013 Fonolukk\",\"isPartOf\":{\"@id\":\"https:\\\/\\\/fonolukk.eu\\\/et\\\/#website\"},\"primaryImageOfPage\":{\"@id\":\"https:\\\/\\\/fonolukk.eu\\\/et\\\/tooted\\\/vsc-6mp-ip-kaamera-ir-100-m-tehisintellekti-tuvastus\\\/#primaryimage\"},\"image\":{\"@id\":\"https:\\\/\\\/fonolukk.eu\\\/et\\\/tooted\\\/vsc-6mp-ip-kaamera-ir-100-m-tehisintellekti-tuvastus\\\/#primaryimage\"},\"thumbnailUrl\":\"https:\\\/\\\/fonolukk.eu\\\/wp-content\\\/uploads\\\/2025\\\/07\\\/vsc-6mp-ip-camera-fonolukk.jpg\",\"datePublished\":\"2025-07-09T13:04:31+00:00\",\"dateModified\":\"2025-07-09T13:38:13+00:00\",\"description\":\"VSC 6MP IP-kaamera, IR 100 m, tehisintellekti tuvastus - Joone \u00fcletamine, piirkonda sisenemine\\\/v\u00e4ljumine, hulkumine, ebaseaduslik parkimine, h\u00fcljatud\\\/puuduv objekt.\",\"breadcrumb\":{\"@id\":\"https:\\\/\\\/fonolukk.eu\\\/et\\\/tooted\\\/vsc-6mp-ip-kaamera-ir-100-m-tehisintellekti-tuvastus\\\/#breadcrumb\"},\"inLanguage\":\"et\",\"potentialAction\":[{\"@type\":\"ReadAction\",\"target\":[\"https:\\\/\\\/fonolukk.eu\\\/et\\\/tooted\\\/vsc-6mp-ip-kaamera-ir-100-m-tehisintellekti-tuvastus\\\/\"]}]},{\"@type\":\"ImageObject\",\"inLanguage\":\"et\",\"@id\":\"https:\\\/\\\/fonolukk.eu\\\/et\\\/tooted\\\/vsc-6mp-ip-kaamera-ir-100-m-tehisintellekti-tuvastus\\\/#primaryimage\",\"url\":\"https:\\\/\\\/fonolukk.eu\\\/wp-content\\\/uploads\\\/2025\\\/07\\\/vsc-6mp-ip-camera-fonolukk.jpg\",\"contentUrl\":\"https:\\\/\\\/fonolukk.eu\\\/wp-content\\\/uploads\\\/2025\\\/07\\\/vsc-6mp-ip-camera-fonolukk.jpg\",\"width\":500,\"height\":500,\"caption\":\"VSC IPT6LR\"},{\"@type\":\"BreadcrumbList\",\"@id\":\"https:\\\/\\\/fonolukk.eu\\\/et\\\/tooted\\\/vsc-6mp-ip-kaamera-ir-100-m-tehisintellekti-tuvastus\\\/#breadcrumb\",\"itemListElement\":[{\"@type\":\"ListItem\",\"position\":1,\"name\":\"Esileht\",\"item\":\"https:\\\/\\\/fonolukk.eu\\\/et\\\/koduleht\\\/\"},{\"@type\":\"ListItem\",\"position\":2,\"name\":\"Tooted\",\"item\":\"https:\\\/\\\/fonolukk.eu\\\/et\\\/shop-2\\\/\"},{\"@type\":\"ListItem\",\"position\":3,\"name\":\"Videokaamerad\",\"item\":\"https:\\\/\\\/fonolukk.eu\\\/et\\\/product-category\\\/videokaamerad-et\\\/\"},{\"@type\":\"ListItem\",\"position\":4,\"name\":\"VSC 6MP IP-kaamera, IR 100 m, tehisintellekti tuvastus\"}]},{\"@type\":\"WebSite\",\"@id\":\"https:\\\/\\\/fonolukk.eu\\\/et\\\/#website\",\"url\":\"https:\\\/\\\/fonolukk.eu\\\/et\\\/\",\"name\":\"Fonolukk eu\",\"description\":\"Smart Security Systems\",\"publisher\":{\"@id\":\"https:\\\/\\\/fonolukk.eu\\\/et\\\/#organization\"},\"potentialAction\":[{\"@type\":\"SearchAction\",\"target\":{\"@type\":\"EntryPoint\",\"urlTemplate\":\"https:\\\/\\\/fonolukk.eu\\\/et\\\/?s={search_term_string}\"},\"query-input\":{\"@type\":\"PropertyValueSpecification\",\"valueRequired\":true,\"valueName\":\"search_term_string\"}}],\"inLanguage\":\"et\"},{\"@type\":\"Organization\",\"@id\":\"https:\\\/\\\/fonolukk.eu\\\/et\\\/#organization\",\"name\":\"Smart Security OU\",\"url\":\"https:\\\/\\\/fonolukk.eu\\\/et\\\/\",\"logo\":{\"@type\":\"ImageObject\",\"inLanguage\":\"et\",\"@id\":\"https:\\\/\\\/fonolukk.eu\\\/et\\\/#\\\/schema\\\/logo\\\/image\\\/\",\"url\":\"https:\\\/\\\/fonolukk.eu\\\/wp-content\\\/uploads\\\/2023\\\/09\\\/fonolukk.png\",\"contentUrl\":\"https:\\\/\\\/fonolukk.eu\\\/wp-content\\\/uploads\\\/2023\\\/09\\\/fonolukk.png\",\"width\":277,\"height\":274,\"caption\":\"Smart Security OU\"},\"image\":{\"@id\":\"https:\\\/\\\/fonolukk.eu\\\/et\\\/#\\\/schema\\\/logo\\\/image\\\/\"},\"sameAs\":[\"https:\\\/\\\/www.facebook.com\\\/fonolukk\",\"https:\\\/\\\/www.instagram.com\\\/fonolukk\\\/?hl=ru\"],\"publishingPrinciples\":\"https:\\\/\\\/fonolukk.eu\\\/terms-and-conditions\\\/\",\"ownershipFundingInfo\":\"https:\\\/\\\/fonolukk.eu\\\/about-us\\\/\"}]}<\/script>\n<meta property=\"product:price:amount\" content=\"292.00\" \/>\n<meta property=\"product:price:currency\" content=\"EUR\" \/>\n<meta property=\"og:availability\" content=\"instock\" \/>\n<meta property=\"product:availability\" content=\"instock\" \/>\n<meta property=\"product:retailer_item_id\" content=\"VSC IPT8VDs3bMZ-1\" \/>\n<meta property=\"product:condition\" content=\"new\" \/>\n<!-- \/ Yoast SEO Premium plugin. -->","yoast_head_json":{"title":"VSC 8MP IP-kaamera, 2.8mm fikseeritud objektiiv \u2013 Fonolukk","description":"VSC 6MP IP-kaamera, IR 100 m, tehisintellekti tuvastus - Joone \u00fcletamine, piirkonda sisenemine\/v\u00e4ljumine, hulkumine, ebaseaduslik parkimine, h\u00fcljatud\/puuduv objekt.","robots":{"index":"index","follow":"follow","max-snippet":"max-snippet:-1","max-image-preview":"max-image-preview:large","max-video-preview":"max-video-preview:-1"},"canonical":"https:\/\/fonolukk.eu\/et\/tooted\/vsc-6mp-ip-kaamera-ir-100-m-tehisintellekti-tuvastus\/","og_locale":"et_EE","og_type":"article","og_title":"VSC 6MP IP-kaamera, IR 100 m, tehisintellekti tuvastus","og_description":"Kaamera Pildiandur 1 \/ 2.5\" CMOS Pildi suurus 3296 \u00d7 1856 Elektrooniline katik 1\/4 s ~ 1\/100000 s Avat\u00fc\u00fcp DC Iris Min. valgustatus 0.008 lux @F1.6, AGC","og_url":"https:\/\/fonolukk.eu\/et\/tooted\/vsc-6mp-ip-kaamera-ir-100-m-tehisintellekti-tuvastus\/","og_site_name":"Fonolukk","article_publisher":"https:\/\/www.facebook.com\/fonolukk","article_modified_time":"2025-07-09T13:38:13+00:00","og_image":[{"width":500,"height":500,"url":"https:\/\/fonolukk.eu\/wp-content\/uploads\/2025\/07\/vsc-6mp-ip-camera-fonolukk.jpg","type":"image\/jpeg"}],"twitter_card":"summary_large_image","twitter_misc":{"Hind":"&euro;292.00 koos KM","Availability":"Laos"},"schema":{"@context":"https:\/\/schema.org","@graph":[{"@type":"WebPage","@id":"https:\/\/fonolukk.eu\/et\/tooted\/vsc-6mp-ip-kaamera-ir-100-m-tehisintellekti-tuvastus\/","url":"https:\/\/fonolukk.eu\/et\/tooted\/vsc-6mp-ip-kaamera-ir-100-m-tehisintellekti-tuvastus\/","name":"VSC 8MP IP-kaamera, 2.8mm fikseeritud objektiiv \u2013 Fonolukk","isPartOf":{"@id":"https:\/\/fonolukk.eu\/et\/#website"},"primaryImageOfPage":{"@id":"https:\/\/fonolukk.eu\/et\/tooted\/vsc-6mp-ip-kaamera-ir-100-m-tehisintellekti-tuvastus\/#primaryimage"},"image":{"@id":"https:\/\/fonolukk.eu\/et\/tooted\/vsc-6mp-ip-kaamera-ir-100-m-tehisintellekti-tuvastus\/#primaryimage"},"thumbnailUrl":"https:\/\/fonolukk.eu\/wp-content\/uploads\/2025\/07\/vsc-6mp-ip-camera-fonolukk.jpg","datePublished":"2025-07-09T13:04:31+00:00","dateModified":"2025-07-09T13:38:13+00:00","description":"VSC 6MP IP-kaamera, IR 100 m, tehisintellekti tuvastus - Joone \u00fcletamine, piirkonda sisenemine\/v\u00e4ljumine, hulkumine, ebaseaduslik parkimine, h\u00fcljatud\/puuduv objekt.","breadcrumb":{"@id":"https:\/\/fonolukk.eu\/et\/tooted\/vsc-6mp-ip-kaamera-ir-100-m-tehisintellekti-tuvastus\/#breadcrumb"},"inLanguage":"et","potentialAction":[{"@type":"ReadAction","target":["https:\/\/fonolukk.eu\/et\/tooted\/vsc-6mp-ip-kaamera-ir-100-m-tehisintellekti-tuvastus\/"]}]},{"@type":"ImageObject","inLanguage":"et","@id":"https:\/\/fonolukk.eu\/et\/tooted\/vsc-6mp-ip-kaamera-ir-100-m-tehisintellekti-tuvastus\/#primaryimage","url":"https:\/\/fonolukk.eu\/wp-content\/uploads\/2025\/07\/vsc-6mp-ip-camera-fonolukk.jpg","contentUrl":"https:\/\/fonolukk.eu\/wp-content\/uploads\/2025\/07\/vsc-6mp-ip-camera-fonolukk.jpg","width":500,"height":500,"caption":"VSC IPT6LR"},{"@type":"BreadcrumbList","@id":"https:\/\/fonolukk.eu\/et\/tooted\/vsc-6mp-ip-kaamera-ir-100-m-tehisintellekti-tuvastus\/#breadcrumb","itemListElement":[{"@type":"ListItem","position":1,"name":"Esileht","item":"https:\/\/fonolukk.eu\/et\/koduleht\/"},{"@type":"ListItem","position":2,"name":"Tooted","item":"https:\/\/fonolukk.eu\/et\/shop-2\/"},{"@type":"ListItem","position":3,"name":"Videokaamerad","item":"https:\/\/fonolukk.eu\/et\/product-category\/videokaamerad-et\/"},{"@type":"ListItem","position":4,"name":"VSC 6MP IP-kaamera, IR 100 m, tehisintellekti tuvastus"}]},{"@type":"WebSite","@id":"https:\/\/fonolukk.eu\/et\/#website","url":"https:\/\/fonolukk.eu\/et\/","name":"Fonolukk eu","description":"Smart Security Systems","publisher":{"@id":"https:\/\/fonolukk.eu\/et\/#organization"},"potentialAction":[{"@type":"SearchAction","target":{"@type":"EntryPoint","urlTemplate":"https:\/\/fonolukk.eu\/et\/?s={search_term_string}"},"query-input":{"@type":"PropertyValueSpecification","valueRequired":true,"valueName":"search_term_string"}}],"inLanguage":"et"},{"@type":"Organization","@id":"https:\/\/fonolukk.eu\/et\/#organization","name":"Smart Security OU","url":"https:\/\/fonolukk.eu\/et\/","logo":{"@type":"ImageObject","inLanguage":"et","@id":"https:\/\/fonolukk.eu\/et\/#\/schema\/logo\/image\/","url":"https:\/\/fonolukk.eu\/wp-content\/uploads\/2023\/09\/fonolukk.png","contentUrl":"https:\/\/fonolukk.eu\/wp-content\/uploads\/2023\/09\/fonolukk.png","width":277,"height":274,"caption":"Smart Security OU"},"image":{"@id":"https:\/\/fonolukk.eu\/et\/#\/schema\/logo\/image\/"},"sameAs":["https:\/\/www.facebook.com\/fonolukk","https:\/\/www.instagram.com\/fonolukk\/?hl=ru"],"publishingPrinciples":"https:\/\/fonolukk.eu\/terms-and-conditions\/","ownershipFundingInfo":"https:\/\/fonolukk.eu\/about-us\/"}]},"product_price_amount":"292.00","product_price_currency":"EUR","og_availability":"instock","product_availability":"instock","product_retailer_item_id":"VSC IPT8VDs3bMZ-1","product_condition":"new"},"_links":{"self":[{"href":"https:\/\/fonolukk.eu\/et\/wp-json\/wp\/v2\/product\/21140","targetHints":{"allow":["GET"]}}],"collection":[{"href":"https:\/\/fonolukk.eu\/et\/wp-json\/wp\/v2\/product"}],"about":[{"href":"https:\/\/fonolukk.eu\/et\/wp-json\/wp\/v2\/types\/product"}],"version-history":[{"count":2,"href":"https:\/\/fonolukk.eu\/et\/wp-json\/wp\/v2\/product\/21140\/revisions"}],"predecessor-version":[{"id":21158,"href":"https:\/\/fonolukk.eu\/et\/wp-json\/wp\/v2\/product\/21140\/revisions\/21158"}],"wp:featuredmedia":[{"embeddable":true,"href":"https:\/\/fonolukk.eu\/et\/wp-json\/wp\/v2\/media\/21145"}],"wp:attachment":[{"href":"https:\/\/fonolukk.eu\/et\/wp-json\/wp\/v2\/media?parent=21140"}],"wp:term":[{"taxonomy":"product_brand","embeddable":true,"href":"https:\/\/fonolukk.eu\/et\/wp-json\/wp\/v2\/product_brand?post=21140"},{"taxonomy":"product_cat","embeddable":true,"href":"https:\/\/fonolukk.eu\/et\/wp-json\/wp\/v2\/product_cat?post=21140"},{"taxonomy":"product_tag","embeddable":true,"href":"https:\/\/fonolukk.eu\/et\/wp-json\/wp\/v2\/product_tag?post=21140"}],"curies":[{"name":"wp","href":"https:\/\/api.w.org\/{rel}","templated":true}]}}