{"id":21151,"date":"2025-07-09T16:25:39","date_gmt":"2025-07-09T13:25:40","guid":{"rendered":"https:\/\/fonolukk.eu\/?post_type=product&#038;p=21151"},"modified":"2025-07-09T16:34:03","modified_gmt":"2025-07-09T13:34:03","slug":"vsc-8mp-ip-kaamera-mootoriga-suum-ir-50m-tehisintellekti-tuvastus","status":"publish","type":"product","link":"https:\/\/fonolukk.eu\/et\/tooted\/vsc-8mp-ip-kaamera-mootoriga-suum-ir-50m-tehisintellekti-tuvastus\/","title":{"rendered":"VSC 8MP IP Kaamera, Mootoriga Suum, IR 50m, Tehisintellekti Tuvastus"},"content":{"rendered":"<ul>\n<li data-start=\"72\" data-end=\"644\">H.265+\/H.265\/H.264+\/H.264\/MJPEG kodeering<\/li>\n<li data-start=\"72\" data-end=\"644\">Maksimaalne eraldusv\u00f5ime: 8MP (3840 \u00d7 2160)<\/li>\n<li data-start=\"72\" data-end=\"644\">ICR automaatne l\u00fclitus, t\u00f5eline p\u00e4ev\/\u00f6\u00f6 re\u017eiim<\/li>\n<li data-start=\"72\" data-end=\"644\">3D DNR, t\u00f5eline WDR, HLC, BLC, nutikas IR ja ROI kodeering<\/li>\n<li data-start=\"72\" data-end=\"644\">IR-\u00f6\u00f6vaatluse kaugus: 30~50 m<\/li>\n<li data-start=\"72\" data-end=\"644\">1-kanaline helisisend<\/li>\n<li data-start=\"72\" data-end=\"644\">Sisseehitatud micro SD kaardi pesa, kuni 256 GB<\/li>\n<li data-start=\"72\" data-end=\"644\">Toiteallikas: DC12V \/ PoE<\/li>\n<li data-start=\"72\" data-end=\"644\">Toetab kolme voogu (streams)<\/li>\n<li data-start=\"72\" data-end=\"644\">IP67 kaitseklass<\/li>\n<li data-start=\"72\" data-end=\"644\">Toetab mobiilset j\u00e4relevalvet iOS-i ja Android OS-iga nutitelefonides ja tahvelarvutites<\/li>\n<li data-start=\"72\" data-end=\"644\">Targa anal\u00fc\u00fctikaga (objektide klassifitseerimine)<\/li>\n<\/ul>\n","protected":false},"excerpt":{"rendered":"[wpdm_package id='21153']\n","protected":false},"featured_media":21145,"template":"","meta":[],"product_brand":[],"product_cat":[1116],"product_tag":[1444],"class_list":{"0":"post-21151","1":"product","2":"type-product","3":"status-publish","4":"has-post-thumbnail","6":"product_cat-videokaamerad-et","7":"product_tag-video-kaamera","9":"first","10":"instock","11":"taxable","12":"shipping-taxable","13":"purchasable","14":"product-type-simple"},"yoast_head":"<!-- This site is optimized with the Yoast SEO Premium plugin v27.3 (Yoast SEO v27.3) - https:\/\/yoast.com\/product\/yoast-seo-premium-wordpress\/ -->\n<title>VSC 8MP IP Kaamera, Mootoriga Suum, IR 50m \u2013 Fonolukk<\/title>\n<meta name=\"description\" content=\"VSC 8MP IP Kaamera, Mootoriga Suum, IR 50m, Tehisintellekti Tuvastus - Toetab mobiilset j\u00e4lgimist iOS ja Android nutiseadmetes.\" \/>\n<meta name=\"robots\" content=\"index, follow, max-snippet:-1, max-image-preview:large, max-video-preview:-1\" \/>\n<link rel=\"canonical\" href=\"https:\/\/fonolukk.eu\/et\/tooted\/vsc-8mp-ip-kaamera-mootoriga-suum-ir-50m-tehisintellekti-tuvastus\/\" \/>\n<meta property=\"og:locale\" content=\"et_EE\" \/>\n<meta property=\"og:type\" content=\"article\" \/>\n<meta property=\"og:title\" content=\"VSC 8MP IP Kaamera, Mootoriga Suum, IR 50m, Tehisintellekti Tuvastus\" \/>\n<meta property=\"og:description\" content=\"H.265+\/H.265\/H.264+\/H.264\/MJPEG kodeering Maksimaalne eraldusv\u00f5ime: 8MP (3840 \u00d7 2160) ICR automaatne l\u00fclitus, t\u00f5eline p\u00e4ev\/\u00f6\u00f6 re\u017eiim 3D DNR, t\u00f5eline WDR,\" \/>\n<meta property=\"og:url\" content=\"https:\/\/fonolukk.eu\/et\/tooted\/vsc-8mp-ip-kaamera-mootoriga-suum-ir-50m-tehisintellekti-tuvastus\/\" \/>\n<meta property=\"og:site_name\" content=\"Fonolukk\" \/>\n<meta property=\"article:publisher\" content=\"https:\/\/www.facebook.com\/fonolukk\" \/>\n<meta property=\"article:modified_time\" content=\"2025-07-09T13:34:03+00:00\" \/>\n<meta property=\"og:image\" content=\"https:\/\/fonolukk.eu\/wp-content\/uploads\/2025\/07\/vsc-6mp-ip-camera-fonolukk.jpg\" \/>\n\t<meta property=\"og:image:width\" content=\"500\" \/>\n\t<meta property=\"og:image:height\" content=\"500\" \/>\n\t<meta property=\"og:image:type\" content=\"image\/jpeg\" \/>\n<meta name=\"twitter:card\" content=\"summary_large_image\" \/>\n<meta name=\"twitter:label1\" content=\"Hind\" \/>\n\t<meta name=\"twitter:data1\" content=\"&euro;331.08 koos KM\" \/>\n\t<meta name=\"twitter:label2\" content=\"Availability\" \/>\n\t<meta name=\"twitter:data2\" content=\"Laos\" \/>\n<script type=\"application\/ld+json\" class=\"yoast-schema-graph\">{\"@context\":\"https:\\\/\\\/schema.org\",\"@graph\":[{\"@type\":\"WebPage\",\"@id\":\"https:\\\/\\\/fonolukk.eu\\\/et\\\/tooted\\\/vsc-8mp-ip-kaamera-mootoriga-suum-ir-50m-tehisintellekti-tuvastus\\\/\",\"url\":\"https:\\\/\\\/fonolukk.eu\\\/et\\\/tooted\\\/vsc-8mp-ip-kaamera-mootoriga-suum-ir-50m-tehisintellekti-tuvastus\\\/\",\"name\":\"VSC 8MP IP Kaamera, Mootoriga Suum, IR 50m \u2013 Fonolukk\",\"isPartOf\":{\"@id\":\"https:\\\/\\\/fonolukk.eu\\\/et\\\/#website\"},\"primaryImageOfPage\":{\"@id\":\"https:\\\/\\\/fonolukk.eu\\\/et\\\/tooted\\\/vsc-8mp-ip-kaamera-mootoriga-suum-ir-50m-tehisintellekti-tuvastus\\\/#primaryimage\"},\"image\":{\"@id\":\"https:\\\/\\\/fonolukk.eu\\\/et\\\/tooted\\\/vsc-8mp-ip-kaamera-mootoriga-suum-ir-50m-tehisintellekti-tuvastus\\\/#primaryimage\"},\"thumbnailUrl\":\"https:\\\/\\\/fonolukk.eu\\\/wp-content\\\/uploads\\\/2025\\\/07\\\/vsc-6mp-ip-camera-fonolukk.jpg\",\"datePublished\":\"2025-07-09T13:25:40+00:00\",\"dateModified\":\"2025-07-09T13:34:03+00:00\",\"description\":\"VSC 8MP IP Kaamera, Mootoriga Suum, IR 50m, Tehisintellekti Tuvastus - Toetab mobiilset j\u00e4lgimist iOS ja Android nutiseadmetes.\",\"breadcrumb\":{\"@id\":\"https:\\\/\\\/fonolukk.eu\\\/et\\\/tooted\\\/vsc-8mp-ip-kaamera-mootoriga-suum-ir-50m-tehisintellekti-tuvastus\\\/#breadcrumb\"},\"inLanguage\":\"et\",\"potentialAction\":[{\"@type\":\"ReadAction\",\"target\":[\"https:\\\/\\\/fonolukk.eu\\\/et\\\/tooted\\\/vsc-8mp-ip-kaamera-mootoriga-suum-ir-50m-tehisintellekti-tuvastus\\\/\"]}]},{\"@type\":\"ImageObject\",\"inLanguage\":\"et\",\"@id\":\"https:\\\/\\\/fonolukk.eu\\\/et\\\/tooted\\\/vsc-8mp-ip-kaamera-mootoriga-suum-ir-50m-tehisintellekti-tuvastus\\\/#primaryimage\",\"url\":\"https:\\\/\\\/fonolukk.eu\\\/wp-content\\\/uploads\\\/2025\\\/07\\\/vsc-6mp-ip-camera-fonolukk.jpg\",\"contentUrl\":\"https:\\\/\\\/fonolukk.eu\\\/wp-content\\\/uploads\\\/2025\\\/07\\\/vsc-6mp-ip-camera-fonolukk.jpg\",\"width\":500,\"height\":500,\"caption\":\"VSC IPT6LR\"},{\"@type\":\"BreadcrumbList\",\"@id\":\"https:\\\/\\\/fonolukk.eu\\\/et\\\/tooted\\\/vsc-8mp-ip-kaamera-mootoriga-suum-ir-50m-tehisintellekti-tuvastus\\\/#breadcrumb\",\"itemListElement\":[{\"@type\":\"ListItem\",\"position\":1,\"name\":\"Esileht\",\"item\":\"https:\\\/\\\/fonolukk.eu\\\/et\\\/koduleht\\\/\"},{\"@type\":\"ListItem\",\"position\":2,\"name\":\"Tooted\",\"item\":\"https:\\\/\\\/fonolukk.eu\\\/et\\\/shop-2\\\/\"},{\"@type\":\"ListItem\",\"position\":3,\"name\":\"Videokaamerad\",\"item\":\"https:\\\/\\\/fonolukk.eu\\\/et\\\/product-category\\\/videokaamerad-et\\\/\"},{\"@type\":\"ListItem\",\"position\":4,\"name\":\"VSC 8MP IP Kaamera, Mootoriga Suum, IR 50m, Tehisintellekti Tuvastus\"}]},{\"@type\":\"WebSite\",\"@id\":\"https:\\\/\\\/fonolukk.eu\\\/et\\\/#website\",\"url\":\"https:\\\/\\\/fonolukk.eu\\\/et\\\/\",\"name\":\"Fonolukk eu\",\"description\":\"Smart Security Systems\",\"publisher\":{\"@id\":\"https:\\\/\\\/fonolukk.eu\\\/et\\\/#organization\"},\"potentialAction\":[{\"@type\":\"SearchAction\",\"target\":{\"@type\":\"EntryPoint\",\"urlTemplate\":\"https:\\\/\\\/fonolukk.eu\\\/et\\\/?s={search_term_string}\"},\"query-input\":{\"@type\":\"PropertyValueSpecification\",\"valueRequired\":true,\"valueName\":\"search_term_string\"}}],\"inLanguage\":\"et\"},{\"@type\":\"Organization\",\"@id\":\"https:\\\/\\\/fonolukk.eu\\\/et\\\/#organization\",\"name\":\"Smart Security OU\",\"url\":\"https:\\\/\\\/fonolukk.eu\\\/et\\\/\",\"logo\":{\"@type\":\"ImageObject\",\"inLanguage\":\"et\",\"@id\":\"https:\\\/\\\/fonolukk.eu\\\/et\\\/#\\\/schema\\\/logo\\\/image\\\/\",\"url\":\"https:\\\/\\\/fonolukk.eu\\\/wp-content\\\/uploads\\\/2023\\\/09\\\/fonolukk.png\",\"contentUrl\":\"https:\\\/\\\/fonolukk.eu\\\/wp-content\\\/uploads\\\/2023\\\/09\\\/fonolukk.png\",\"width\":277,\"height\":274,\"caption\":\"Smart Security OU\"},\"image\":{\"@id\":\"https:\\\/\\\/fonolukk.eu\\\/et\\\/#\\\/schema\\\/logo\\\/image\\\/\"},\"sameAs\":[\"https:\\\/\\\/www.facebook.com\\\/fonolukk\",\"https:\\\/\\\/www.instagram.com\\\/fonolukk\\\/?hl=ru\"],\"publishingPrinciples\":\"https:\\\/\\\/fonolukk.eu\\\/terms-and-conditions\\\/\",\"ownershipFundingInfo\":\"https:\\\/\\\/fonolukk.eu\\\/about-us\\\/\"}]}<\/script>\n<meta property=\"product:price:amount\" content=\"331.08\" \/>\n<meta property=\"product:price:currency\" content=\"EUR\" \/>\n<meta property=\"og:availability\" content=\"instock\" \/>\n<meta property=\"product:availability\" content=\"instock\" \/>\n<meta property=\"product:retailer_item_id\" content=\"VSC IPT8BLs3bMZ\" \/>\n<meta property=\"product:condition\" content=\"new\" \/>\n<!-- \/ Yoast SEO Premium plugin. -->","yoast_head_json":{"title":"VSC 8MP IP Kaamera, Mootoriga Suum, IR 50m \u2013 Fonolukk","description":"VSC 8MP IP Kaamera, Mootoriga Suum, IR 50m, Tehisintellekti Tuvastus - Toetab mobiilset j\u00e4lgimist iOS ja Android nutiseadmetes.","robots":{"index":"index","follow":"follow","max-snippet":"max-snippet:-1","max-image-preview":"max-image-preview:large","max-video-preview":"max-video-preview:-1"},"canonical":"https:\/\/fonolukk.eu\/et\/tooted\/vsc-8mp-ip-kaamera-mootoriga-suum-ir-50m-tehisintellekti-tuvastus\/","og_locale":"et_EE","og_type":"article","og_title":"VSC 8MP IP Kaamera, Mootoriga Suum, IR 50m, Tehisintellekti Tuvastus","og_description":"H.265+\/H.265\/H.264+\/H.264\/MJPEG kodeering Maksimaalne eraldusv\u00f5ime: 8MP (3840 \u00d7 2160) ICR automaatne l\u00fclitus, t\u00f5eline p\u00e4ev\/\u00f6\u00f6 re\u017eiim 3D DNR, t\u00f5eline WDR,","og_url":"https:\/\/fonolukk.eu\/et\/tooted\/vsc-8mp-ip-kaamera-mootoriga-suum-ir-50m-tehisintellekti-tuvastus\/","og_site_name":"Fonolukk","article_publisher":"https:\/\/www.facebook.com\/fonolukk","article_modified_time":"2025-07-09T13:34:03+00:00","og_image":[{"width":500,"height":500,"url":"https:\/\/fonolukk.eu\/wp-content\/uploads\/2025\/07\/vsc-6mp-ip-camera-fonolukk.jpg","type":"image\/jpeg"}],"twitter_card":"summary_large_image","twitter_misc":{"Hind":"&euro;331.08 koos KM","Availability":"Laos"},"schema":{"@context":"https:\/\/schema.org","@graph":[{"@type":"WebPage","@id":"https:\/\/fonolukk.eu\/et\/tooted\/vsc-8mp-ip-kaamera-mootoriga-suum-ir-50m-tehisintellekti-tuvastus\/","url":"https:\/\/fonolukk.eu\/et\/tooted\/vsc-8mp-ip-kaamera-mootoriga-suum-ir-50m-tehisintellekti-tuvastus\/","name":"VSC 8MP IP Kaamera, Mootoriga Suum, IR 50m \u2013 Fonolukk","isPartOf":{"@id":"https:\/\/fonolukk.eu\/et\/#website"},"primaryImageOfPage":{"@id":"https:\/\/fonolukk.eu\/et\/tooted\/vsc-8mp-ip-kaamera-mootoriga-suum-ir-50m-tehisintellekti-tuvastus\/#primaryimage"},"image":{"@id":"https:\/\/fonolukk.eu\/et\/tooted\/vsc-8mp-ip-kaamera-mootoriga-suum-ir-50m-tehisintellekti-tuvastus\/#primaryimage"},"thumbnailUrl":"https:\/\/fonolukk.eu\/wp-content\/uploads\/2025\/07\/vsc-6mp-ip-camera-fonolukk.jpg","datePublished":"2025-07-09T13:25:40+00:00","dateModified":"2025-07-09T13:34:03+00:00","description":"VSC 8MP IP Kaamera, Mootoriga Suum, IR 50m, Tehisintellekti Tuvastus - Toetab mobiilset j\u00e4lgimist iOS ja Android nutiseadmetes.","breadcrumb":{"@id":"https:\/\/fonolukk.eu\/et\/tooted\/vsc-8mp-ip-kaamera-mootoriga-suum-ir-50m-tehisintellekti-tuvastus\/#breadcrumb"},"inLanguage":"et","potentialAction":[{"@type":"ReadAction","target":["https:\/\/fonolukk.eu\/et\/tooted\/vsc-8mp-ip-kaamera-mootoriga-suum-ir-50m-tehisintellekti-tuvastus\/"]}]},{"@type":"ImageObject","inLanguage":"et","@id":"https:\/\/fonolukk.eu\/et\/tooted\/vsc-8mp-ip-kaamera-mootoriga-suum-ir-50m-tehisintellekti-tuvastus\/#primaryimage","url":"https:\/\/fonolukk.eu\/wp-content\/uploads\/2025\/07\/vsc-6mp-ip-camera-fonolukk.jpg","contentUrl":"https:\/\/fonolukk.eu\/wp-content\/uploads\/2025\/07\/vsc-6mp-ip-camera-fonolukk.jpg","width":500,"height":500,"caption":"VSC IPT6LR"},{"@type":"BreadcrumbList","@id":"https:\/\/fonolukk.eu\/et\/tooted\/vsc-8mp-ip-kaamera-mootoriga-suum-ir-50m-tehisintellekti-tuvastus\/#breadcrumb","itemListElement":[{"@type":"ListItem","position":1,"name":"Esileht","item":"https:\/\/fonolukk.eu\/et\/koduleht\/"},{"@type":"ListItem","position":2,"name":"Tooted","item":"https:\/\/fonolukk.eu\/et\/shop-2\/"},{"@type":"ListItem","position":3,"name":"Videokaamerad","item":"https:\/\/fonolukk.eu\/et\/product-category\/videokaamerad-et\/"},{"@type":"ListItem","position":4,"name":"VSC 8MP IP Kaamera, Mootoriga Suum, IR 50m, Tehisintellekti Tuvastus"}]},{"@type":"WebSite","@id":"https:\/\/fonolukk.eu\/et\/#website","url":"https:\/\/fonolukk.eu\/et\/","name":"Fonolukk eu","description":"Smart Security Systems","publisher":{"@id":"https:\/\/fonolukk.eu\/et\/#organization"},"potentialAction":[{"@type":"SearchAction","target":{"@type":"EntryPoint","urlTemplate":"https:\/\/fonolukk.eu\/et\/?s={search_term_string}"},"query-input":{"@type":"PropertyValueSpecification","valueRequired":true,"valueName":"search_term_string"}}],"inLanguage":"et"},{"@type":"Organization","@id":"https:\/\/fonolukk.eu\/et\/#organization","name":"Smart Security OU","url":"https:\/\/fonolukk.eu\/et\/","logo":{"@type":"ImageObject","inLanguage":"et","@id":"https:\/\/fonolukk.eu\/et\/#\/schema\/logo\/image\/","url":"https:\/\/fonolukk.eu\/wp-content\/uploads\/2023\/09\/fonolukk.png","contentUrl":"https:\/\/fonolukk.eu\/wp-content\/uploads\/2023\/09\/fonolukk.png","width":277,"height":274,"caption":"Smart Security OU"},"image":{"@id":"https:\/\/fonolukk.eu\/et\/#\/schema\/logo\/image\/"},"sameAs":["https:\/\/www.facebook.com\/fonolukk","https:\/\/www.instagram.com\/fonolukk\/?hl=ru"],"publishingPrinciples":"https:\/\/fonolukk.eu\/terms-and-conditions\/","ownershipFundingInfo":"https:\/\/fonolukk.eu\/about-us\/"}]},"product_price_amount":"331.08","product_price_currency":"EUR","og_availability":"instock","product_availability":"instock","product_retailer_item_id":"VSC IPT8BLs3bMZ","product_condition":"new"},"_links":{"self":[{"href":"https:\/\/fonolukk.eu\/et\/wp-json\/wp\/v2\/product\/21151","targetHints":{"allow":["GET"]}}],"collection":[{"href":"https:\/\/fonolukk.eu\/et\/wp-json\/wp\/v2\/product"}],"about":[{"href":"https:\/\/fonolukk.eu\/et\/wp-json\/wp\/v2\/types\/product"}],"version-history":[{"count":1,"href":"https:\/\/fonolukk.eu\/et\/wp-json\/wp\/v2\/product\/21151\/revisions"}],"predecessor-version":[{"id":21156,"href":"https:\/\/fonolukk.eu\/et\/wp-json\/wp\/v2\/product\/21151\/revisions\/21156"}],"wp:featuredmedia":[{"embeddable":true,"href":"https:\/\/fonolukk.eu\/et\/wp-json\/wp\/v2\/media\/21145"}],"wp:attachment":[{"href":"https:\/\/fonolukk.eu\/et\/wp-json\/wp\/v2\/media?parent=21151"}],"wp:term":[{"taxonomy":"product_brand","embeddable":true,"href":"https:\/\/fonolukk.eu\/et\/wp-json\/wp\/v2\/product_brand?post=21151"},{"taxonomy":"product_cat","embeddable":true,"href":"https:\/\/fonolukk.eu\/et\/wp-json\/wp\/v2\/product_cat?post=21151"},{"taxonomy":"product_tag","embeddable":true,"href":"https:\/\/fonolukk.eu\/et\/wp-json\/wp\/v2\/product_tag?post=21151"}],"curies":[{"name":"wp","href":"https:\/\/api.w.org\/{rel}","templated":true}]}}