{"id":21252,"date":"2025-08-26T23:05:03","date_gmt":"2025-08-26T20:05:03","guid":{"rendered":"https:\/\/fonolukk.eu\/?post_type=product&#038;p=21252"},"modified":"2025-08-26T23:25:39","modified_gmt":"2025-08-26T20:25:39","slug":"smart-switch-wi-pces310g","status":"publish","type":"product","link":"https:\/\/fonolukk.eu\/et\/tooted\/smart-switch-wi-pces310g\/","title":{"rendered":"Smart Switch WI-PCES310G"},"content":{"rendered":"<p data-start=\"37\" data-end=\"60\"><strong data-start=\"37\" data-end=\"46\">Mudel<\/strong><br data-start=\"46\" data-end=\"49\" \/>WI-PCES310G<\/p>\n<p data-start=\"62\" data-end=\"76\"><strong data-start=\"62\" data-end=\"74\">Liidesed<\/strong><\/p>\n<ul data-start=\"77\" data-end=\"185\">\n<li data-start=\"77\" data-end=\"132\">\n<p data-start=\"79\" data-end=\"132\"><strong data-start=\"79\" data-end=\"99\">Allavoolu pordid<\/strong>: 8\u00d710\/100\/1000Mbps RJ45 pordid<\/p>\n<\/li>\n<li data-start=\"133\" data-end=\"185\">\n<p data-start=\"135\" data-end=\"185\"><strong data-start=\"135\" data-end=\"154\">\u00dclevoolu pordid<\/strong>: 2\u00d710\/100\/1000Mbps RJ45 pordid<\/p>\n<\/li>\n<\/ul>\n<p data-start=\"187\" data-end=\"196\"><strong data-start=\"187\" data-end=\"194\">PoE<\/strong><\/p>\n<ul data-start=\"197\" data-end=\"362\">\n<li data-start=\"197\" data-end=\"238\">\n<p data-start=\"199\" data-end=\"238\"><strong data-start=\"199\" data-end=\"211\">PoE-port<\/strong>: Pordid 1\u20138: 802.3 af\/at<\/p>\n<\/li>\n<li data-start=\"239\" data-end=\"271\">\n<p data-start=\"241\" data-end=\"271\"><strong data-start=\"241\" data-end=\"257\">PoE-standard<\/strong>: 802.3af\/at<\/p>\n<\/li>\n<li data-start=\"272\" data-end=\"362\">\n<p data-start=\"274\" data-end=\"362\"><strong data-start=\"274\" data-end=\"289\">PoE-v\u00f5imsus<\/strong>: Maksimaalselt 30W iga pordi kohta, 110W kogu eelarve (PoE toiteeelarve)<\/p>\n<\/li>\n<\/ul>\n<p data-start=\"364\" data-end=\"377\"><strong data-start=\"364\" data-end=\"375\">J\u00f5udlus<\/strong><\/p>\n<ul data-start=\"378\" data-end=\"400\">\n<li data-start=\"378\" data-end=\"400\">\n<p data-start=\"380\" data-end=\"400\"><strong data-start=\"380\" data-end=\"394\">Flash-m\u00e4lu<\/strong>: 16MB<\/p>\n<\/li>\n<\/ul>\n<p data-start=\"402\" data-end=\"455\"><strong data-start=\"402\" data-end=\"421\">L\u00fcliti omadused<\/strong><br data-start=\"421\" data-end=\"424\" \/><strong data-start=\"424\" data-end=\"453\">Standardid ja protokollid<\/strong><\/p>\n<ul data-start=\"456\" data-end=\"778\">\n<li data-start=\"456\" data-end=\"470\">\n<p data-start=\"458\" data-end=\"470\">IEEE 802.3<\/p>\n<\/li>\n<li data-start=\"471\" data-end=\"486\">\n<p data-start=\"473\" data-end=\"486\">IEEE 802.3x<\/p>\n<\/li>\n<li data-start=\"487\" data-end=\"503\">\n<p data-start=\"489\" data-end=\"503\">IEEE 802.3ab<\/p>\n<\/li>\n<li data-start=\"504\" data-end=\"519\">\n<p data-start=\"506\" data-end=\"519\">IEEE 802.1q<\/p>\n<\/li>\n<li data-start=\"520\" data-end=\"536\">\n<p data-start=\"522\" data-end=\"536\">IEEE 802.3af<\/p>\n<\/li>\n<li data-start=\"537\" data-end=\"553\">\n<p data-start=\"539\" data-end=\"553\">IEEE 802.3at<\/p>\n<\/li>\n<li data-start=\"554\" data-end=\"567\">\n<p data-start=\"556\" data-end=\"567\">IEEE 802.3u<\/p>\n<\/li>\n<li data-start=\"569\" data-end=\"611\">\n<p data-start=\"571\" data-end=\"611\"><strong data-start=\"571\" data-end=\"590\">Edastamisre\u017eiim<\/strong>: Store and Forward<\/p>\n<\/li>\n<li data-start=\"612\" data-end=\"642\">\n<p data-start=\"614\" data-end=\"642\"><strong data-start=\"614\" data-end=\"632\">L\u00fclitusv\u00f5imsus<\/strong>: 20Gbps<\/p>\n<\/li>\n<li data-start=\"643\" data-end=\"689\">\n<p data-start=\"645\" data-end=\"689\"><strong data-start=\"645\" data-end=\"676\">Pakettide edastamise kiirus<\/strong>: 14.88Mpps<\/p>\n<\/li>\n<li data-start=\"690\" data-end=\"722\">\n<p data-start=\"692\" data-end=\"722\"><strong data-start=\"692\" data-end=\"716\">MAC-aadresside tabel<\/strong>: 8k<\/p>\n<\/li>\n<li data-start=\"723\" data-end=\"751\">\n<p data-start=\"725\" data-end=\"751\"><strong data-start=\"725\" data-end=\"740\">Puhvri m\u00e4lu<\/strong>: 4.1Mbit<\/p>\n<\/li>\n<li data-start=\"752\" data-end=\"778\">\n<p data-start=\"754\" data-end=\"778\"><strong data-start=\"754\" data-end=\"768\">Jumbo raam<\/strong>: 15KBytes<\/p>\n<\/li>\n<\/ul>\n<p data-start=\"780\" data-end=\"798\"><strong data-start=\"780\" data-end=\"796\">Toiteallikas<\/strong><\/p>\n<ul data-start=\"799\" data-end=\"913\">\n<li data-start=\"799\" data-end=\"839\">\n<p data-start=\"801\" data-end=\"839\"><strong data-start=\"801\" data-end=\"816\">Sisendtoide<\/strong>: AC 100~240V 50\/60Hz<\/p>\n<\/li>\n<li data-start=\"840\" data-end=\"913\">\n<p data-start=\"842\" data-end=\"859\"><strong data-start=\"842\" data-end=\"856\">Voolutarve<\/strong>:<\/p>\n<ul data-start=\"862\" data-end=\"913\">\n<li data-start=\"862\" data-end=\"878\">\n<p data-start=\"864\" data-end=\"878\">T\u00fchik\u00e4ik: 7W<\/p>\n<\/li>\n<li data-start=\"881\" data-end=\"913\">\n<p data-start=\"883\" data-end=\"913\">100% liiklus koos PoE-ga: 117W<\/p>\n<\/li>\n<\/ul>\n<\/li>\n<\/ul>\n<p data-start=\"915\" data-end=\"963\"><strong data-start=\"915\" data-end=\"938\">F\u00fc\u00fcsilised omadused<\/strong><br data-start=\"938\" data-end=\"941\" \/><strong data-start=\"941\" data-end=\"961\">LED-indikaatorid<\/strong><\/p>\n<ul data-start=\"964\" data-end=\"1253\">\n<li data-start=\"964\" data-end=\"1078\">\n<p data-start=\"966\" data-end=\"976\"><strong data-start=\"966\" data-end=\"973\">PWR<\/strong>:<\/p>\n<ul data-start=\"979\" data-end=\"1078\">\n<li data-start=\"979\" data-end=\"1014\">\n<p data-start=\"981\" data-end=\"1014\">Sees: L\u00fcliti on sisse l\u00fclitatud<\/p>\n<\/li>\n<li data-start=\"1017\" data-end=\"1078\">\n<p data-start=\"1019\" data-end=\"1078\">V\u00e4ljas: L\u00fcliti on v\u00e4lja l\u00fclitatud v\u00f5i toide on ebanormaalne<\/p>\n<\/li>\n<\/ul>\n<\/li>\n<li data-start=\"1079\" data-end=\"1146\">\n<p data-start=\"1081\" data-end=\"1091\"><strong data-start=\"1081\" data-end=\"1088\">PoE<\/strong>:<\/p>\n<ul data-start=\"1094\" data-end=\"1146\">\n<li data-start=\"1094\" data-end=\"1118\">\n<p data-start=\"1096\" data-end=\"1118\">Sees: PoE on lubatud<\/p>\n<\/li>\n<li data-start=\"1121\" data-end=\"1146\">\n<p data-start=\"1123\" data-end=\"1146\">V\u00e4ljas: PoE on keelatud<\/p>\n<\/li>\n<\/ul>\n<\/li>\n<li data-start=\"1147\" data-end=\"1253\">\n<p data-start=\"1149\" data-end=\"1160\"><strong data-start=\"1149\" data-end=\"1157\">Link<\/strong>:<\/p>\n<ul data-start=\"1163\" data-end=\"1253\">\n<li data-start=\"1163\" data-end=\"1190\">\n<p data-start=\"1165\" data-end=\"1190\">Sees: Port on \u00fchendatud<\/p>\n<\/li>\n<li data-start=\"1193\" data-end=\"1228\">\n<p data-start=\"1195\" data-end=\"1228\">V\u00e4ljas: Port on lahti \u00fchendatud<\/p>\n<\/li>\n<li data-start=\"1231\" data-end=\"1253\">\n<p data-start=\"1233\" data-end=\"1253\">Vilgub: Andmeedastus<\/p>\n<\/li>\n<\/ul>\n<\/li>\n<\/ul>\n<p data-start=\"1255\" data-end=\"1266\"><strong data-start=\"1255\" data-end=\"1264\">Nupud<\/strong><\/p>\n<ul data-start=\"1267\" data-end=\"1323\">\n<li data-start=\"1267\" data-end=\"1323\">\n<p data-start=\"1269\" data-end=\"1323\"><strong data-start=\"1269\" data-end=\"1278\">Reset<\/strong>: Hoida all &gt;5 sek, et taastada tehase seaded<\/p>\n<\/li>\n<\/ul>\n<p data-start=\"1325\" data-end=\"1349\"><strong data-start=\"1325\" data-end=\"1347\">Ventilaatorite arv<\/strong><\/p>\n<ul data-start=\"1350\" data-end=\"1371\">\n<li data-start=\"1350\" data-end=\"1371\">\n<p data-start=\"1352\" data-end=\"1371\">Ilma ventilaatorita<\/p>\n<\/li>\n<\/ul>\n<p data-start=\"1373\" data-end=\"1385\"><strong data-start=\"1373\" data-end=\"1383\">M\u00f5\u00f5dud<\/strong><\/p>\n<ul data-start=\"1386\" data-end=\"1456\">\n<li data-start=\"1386\" data-end=\"1421\">\n<p data-start=\"1388\" data-end=\"1421\"><strong data-start=\"1388\" data-end=\"1405\">L\u00fcliti m\u00f5\u00f5dud<\/strong>: 280\u00d7180\u00d744mm<\/p>\n<\/li>\n<li data-start=\"1422\" data-end=\"1456\">\n<p data-start=\"1424\" data-end=\"1456\"><strong data-start=\"1424\" data-end=\"1442\">Pakendi m\u00f5\u00f5dud<\/strong>: 438\u00d7295\u00d777mm<\/p>\n<\/li>\n<\/ul>\n<p data-start=\"1458\" data-end=\"1468\"><strong data-start=\"1458\" data-end=\"1466\">Kaal<\/strong><\/p>\n<ul data-start=\"1469\" data-end=\"1515\">\n<li data-start=\"1469\" data-end=\"1489\">\n<p data-start=\"1471\" data-end=\"1489\">Netokaal: 1.40kg<\/p>\n<\/li>\n<li data-start=\"1490\" data-end=\"1515\">\n<p data-start=\"1492\" data-end=\"1515\">Pakendatud kaal: 2.12kg<\/p>\n<\/li>\n<\/ul>\n<p data-start=\"1517\" data-end=\"1532\"><strong data-start=\"1517\" data-end=\"1530\">Paigaldus<\/strong><\/p>\n<ul>\n<li style=\"list-style-type: none;\">\n<ul data-start=\"1533\" data-end=\"1573\">\n<li data-start=\"1533\" data-end=\"1573\">\n<p data-start=\"1535\" data-end=\"1573\">Lauapinnale v\u00f5i riiulisse (rack-mount)<\/p>\n<\/li>\n<\/ul>\n<\/li>\n<\/ul>\n","protected":false},"excerpt":{"rendered":"<p><span dir=\"auto\">\u25cf 8*10\/100\/1000Mbps PoE+ porti, 2*1000Mbps Etherneti \u00fcleslink<\/span><br \/>\n<span dir=\"auto\">\u25cf 8*802.3af\/at PoE+ porti<\/span><br \/>\n<span dir=\"auto\">\u25cf Koguv\u00f5imsus kuni 117 W<\/span><br \/>\n<span dir=\"auto\">\u25cf Toetab automaatset silmuse ennetamist, 802.1Q VLAN-i, IGMP nuhkimist<\/span><br \/>\n<span dir=\"auto\">\u25cf Toetab h\u00e4ireteateid, lihtne reaalajas hallata<\/span><br \/>\n<span dir=\"auto\">\u25cf Toetab Onvif-protokolli IP-kaamera automaatseks tuvastamiseks<\/span><br \/>\n<span dir=\"auto\">\u25cf Toetab QoS-i, et tagada k\u00f5rge prioriteediga teenuste normaalne toimimine<\/span><\/p>\n[wpdm_package id='21270']\n","protected":false},"featured_media":21268,"template":"","meta":[],"product_brand":[],"product_cat":[1705,1708],"product_tag":[1444],"class_list":{"0":"post-21252","1":"product","2":"type-product","3":"status-publish","4":"has-post-thumbnail","6":"product_cat-poe-kommutaatorid-ruuterid-ja-vorguhubid","7":"product_cat-vorgutooted","8":"product_tag-video-kaamera","10":"first","11":"instock","12":"taxable","13":"shipping-taxable","14":"purchasable","15":"product-type-simple"},"yoast_head":"<!-- This site is optimized with the Yoast SEO Premium plugin v27.3 (Yoast SEO v27.3) - https:\/\/yoast.com\/product\/yoast-seo-premium-wordpress\/ -->\n<title>VSC 8MP IP Camera, Motor Zoom, IR 50m - Fonolukk<\/title>\n<meta name=\"description\" content=\"Smart Switch WI-PCES310G - Support Automatic Loop Prevention, 802.1Q VLAN, IGMP Snooping. Support Onvif protocol to automatically identify IP camera.\" \/>\n<meta name=\"robots\" content=\"index, follow, max-snippet:-1, max-image-preview:large, max-video-preview:-1\" \/>\n<link rel=\"canonical\" href=\"https:\/\/fonolukk.eu\/et\/tooted\/smart-switch-wi-pces310g\/\" \/>\n<meta property=\"og:locale\" content=\"et_EE\" \/>\n<meta property=\"og:type\" content=\"article\" \/>\n<meta property=\"og:title\" content=\"Smart Switch WI-PCES310G\" \/>\n<meta property=\"og:description\" content=\"\u25cf 8*10\/100\/1000Mbps PoE+ porti, 2*1000Mbps Etherneti \u00fcleslink \u25cf 8*802.3af\/at PoE+ porti \u25cf Koguv\u00f5imsus kuni 117 W \u25cf Toetab automaatset silmuse ennetamist, 802.1Q VLAN-i, IGMP nuhkimist \u25cf Toetab h\u00e4ireteateid, lihtne reaalajas hallata \u25cf Toetab Onvif-protokolli IP-kaamera automaatseks tuvastamiseks \u25cf Toetab QoS-i, et tagada k\u00f5rge prioriteediga teenuste normaalne toimimine\" \/>\n<meta property=\"og:url\" content=\"https:\/\/fonolukk.eu\/et\/tooted\/smart-switch-wi-pces310g\/\" \/>\n<meta property=\"og:site_name\" content=\"Fonolukk\" \/>\n<meta property=\"article:publisher\" content=\"https:\/\/www.facebook.com\/fonolukk\" \/>\n<meta property=\"article:modified_time\" content=\"2025-08-26T20:25:39+00:00\" \/>\n<meta property=\"og:image\" content=\"https:\/\/fonolukk.eu\/wp-content\/uploads\/2025\/08\/wi-pces310g-.png\" \/>\n\t<meta property=\"og:image:width\" content=\"800\" \/>\n\t<meta property=\"og:image:height\" content=\"800\" \/>\n\t<meta property=\"og:image:type\" content=\"image\/png\" \/>\n<meta name=\"twitter:card\" content=\"summary_large_image\" \/>\n<meta name=\"twitter:label1\" content=\"Hind\" \/>\n\t<meta name=\"twitter:data1\" content=\"&euro;79.84 koos KM\" \/>\n\t<meta name=\"twitter:label2\" content=\"Availability\" \/>\n\t<meta name=\"twitter:data2\" content=\"Laos\" \/>\n<script type=\"application\/ld+json\" class=\"yoast-schema-graph\">{\"@context\":\"https:\\\/\\\/schema.org\",\"@graph\":[{\"@type\":\"WebPage\",\"@id\":\"https:\\\/\\\/fonolukk.eu\\\/et\\\/tooted\\\/smart-switch-wi-pces310g\\\/\",\"url\":\"https:\\\/\\\/fonolukk.eu\\\/et\\\/tooted\\\/smart-switch-wi-pces310g\\\/\",\"name\":\"VSC 8MP IP Camera, Motor Zoom, IR 50m - Fonolukk\",\"isPartOf\":{\"@id\":\"https:\\\/\\\/fonolukk.eu\\\/et\\\/#website\"},\"primaryImageOfPage\":{\"@id\":\"https:\\\/\\\/fonolukk.eu\\\/et\\\/tooted\\\/smart-switch-wi-pces310g\\\/#primaryimage\"},\"image\":{\"@id\":\"https:\\\/\\\/fonolukk.eu\\\/et\\\/tooted\\\/smart-switch-wi-pces310g\\\/#primaryimage\"},\"thumbnailUrl\":\"https:\\\/\\\/fonolukk.eu\\\/wp-content\\\/uploads\\\/2025\\\/08\\\/wi-pces310g-.png\",\"datePublished\":\"2025-08-26T20:05:03+00:00\",\"dateModified\":\"2025-08-26T20:25:39+00:00\",\"description\":\"Smart Switch WI-PCES310G - Support Automatic Loop Prevention, 802.1Q VLAN, IGMP Snooping. Support Onvif protocol to automatically identify IP camera.\",\"breadcrumb\":{\"@id\":\"https:\\\/\\\/fonolukk.eu\\\/et\\\/tooted\\\/smart-switch-wi-pces310g\\\/#breadcrumb\"},\"inLanguage\":\"et\",\"potentialAction\":[{\"@type\":\"ReadAction\",\"target\":[\"https:\\\/\\\/fonolukk.eu\\\/et\\\/tooted\\\/smart-switch-wi-pces310g\\\/\"]}]},{\"@type\":\"ImageObject\",\"inLanguage\":\"et\",\"@id\":\"https:\\\/\\\/fonolukk.eu\\\/et\\\/tooted\\\/smart-switch-wi-pces310g\\\/#primaryimage\",\"url\":\"https:\\\/\\\/fonolukk.eu\\\/wp-content\\\/uploads\\\/2025\\\/08\\\/wi-pces310g-.png\",\"contentUrl\":\"https:\\\/\\\/fonolukk.eu\\\/wp-content\\\/uploads\\\/2025\\\/08\\\/wi-pces310g-.png\",\"width\":800,\"height\":800,\"caption\":\"Smart Switch WI-PCES310G\"},{\"@type\":\"BreadcrumbList\",\"@id\":\"https:\\\/\\\/fonolukk.eu\\\/et\\\/tooted\\\/smart-switch-wi-pces310g\\\/#breadcrumb\",\"itemListElement\":[{\"@type\":\"ListItem\",\"position\":1,\"name\":\"Esileht\",\"item\":\"https:\\\/\\\/fonolukk.eu\\\/et\\\/koduleht\\\/\"},{\"@type\":\"ListItem\",\"position\":2,\"name\":\"Tooted\",\"item\":\"https:\\\/\\\/fonolukk.eu\\\/et\\\/shop-2\\\/\"},{\"@type\":\"ListItem\",\"position\":3,\"name\":\"PoE kommutaatorid, ruuterid ja v\u00f5rguhubid\",\"item\":\"https:\\\/\\\/fonolukk.eu\\\/et\\\/product-category\\\/poe-kommutaatorid-ruuterid-ja-vorguhubid\\\/\"},{\"@type\":\"ListItem\",\"position\":4,\"name\":\"Smart Switch WI-PCES310G\"}]},{\"@type\":\"WebSite\",\"@id\":\"https:\\\/\\\/fonolukk.eu\\\/et\\\/#website\",\"url\":\"https:\\\/\\\/fonolukk.eu\\\/et\\\/\",\"name\":\"Fonolukk eu\",\"description\":\"Smart Security Systems\",\"publisher\":{\"@id\":\"https:\\\/\\\/fonolukk.eu\\\/et\\\/#organization\"},\"potentialAction\":[{\"@type\":\"SearchAction\",\"target\":{\"@type\":\"EntryPoint\",\"urlTemplate\":\"https:\\\/\\\/fonolukk.eu\\\/et\\\/?s={search_term_string}\"},\"query-input\":{\"@type\":\"PropertyValueSpecification\",\"valueRequired\":true,\"valueName\":\"search_term_string\"}}],\"inLanguage\":\"et\"},{\"@type\":\"Organization\",\"@id\":\"https:\\\/\\\/fonolukk.eu\\\/et\\\/#organization\",\"name\":\"Smart Security OU\",\"url\":\"https:\\\/\\\/fonolukk.eu\\\/et\\\/\",\"logo\":{\"@type\":\"ImageObject\",\"inLanguage\":\"et\",\"@id\":\"https:\\\/\\\/fonolukk.eu\\\/et\\\/#\\\/schema\\\/logo\\\/image\\\/\",\"url\":\"https:\\\/\\\/fonolukk.eu\\\/wp-content\\\/uploads\\\/2023\\\/09\\\/fonolukk.png\",\"contentUrl\":\"https:\\\/\\\/fonolukk.eu\\\/wp-content\\\/uploads\\\/2023\\\/09\\\/fonolukk.png\",\"width\":277,\"height\":274,\"caption\":\"Smart Security OU\"},\"image\":{\"@id\":\"https:\\\/\\\/fonolukk.eu\\\/et\\\/#\\\/schema\\\/logo\\\/image\\\/\"},\"sameAs\":[\"https:\\\/\\\/www.facebook.com\\\/fonolukk\",\"https:\\\/\\\/www.instagram.com\\\/fonolukk\\\/?hl=ru\"],\"publishingPrinciples\":\"https:\\\/\\\/fonolukk.eu\\\/terms-and-conditions\\\/\",\"ownershipFundingInfo\":\"https:\\\/\\\/fonolukk.eu\\\/about-us\\\/\"}]}<\/script>\n<meta property=\"product:price:amount\" content=\"79.84\" \/>\n<meta property=\"product:price:currency\" content=\"EUR\" \/>\n<meta property=\"og:availability\" content=\"instock\" \/>\n<meta property=\"product:availability\" content=\"instock\" \/>\n<meta property=\"product:retailer_item_id\" content=\"WI-PCES310G\" \/>\n<meta property=\"product:condition\" content=\"new\" \/>\n<!-- \/ Yoast SEO Premium plugin. -->","yoast_head_json":{"title":"VSC 8MP IP Camera, Motor Zoom, IR 50m - Fonolukk","description":"Smart Switch WI-PCES310G - Support Automatic Loop Prevention, 802.1Q VLAN, IGMP Snooping. Support Onvif protocol to automatically identify IP camera.","robots":{"index":"index","follow":"follow","max-snippet":"max-snippet:-1","max-image-preview":"max-image-preview:large","max-video-preview":"max-video-preview:-1"},"canonical":"https:\/\/fonolukk.eu\/et\/tooted\/smart-switch-wi-pces310g\/","og_locale":"et_EE","og_type":"article","og_title":"Smart Switch WI-PCES310G","og_description":"\u25cf 8*10\/100\/1000Mbps PoE+ porti, 2*1000Mbps Etherneti \u00fcleslink \u25cf 8*802.3af\/at PoE+ porti \u25cf Koguv\u00f5imsus kuni 117 W \u25cf Toetab automaatset silmuse ennetamist, 802.1Q VLAN-i, IGMP nuhkimist \u25cf Toetab h\u00e4ireteateid, lihtne reaalajas hallata \u25cf Toetab Onvif-protokolli IP-kaamera automaatseks tuvastamiseks \u25cf Toetab QoS-i, et tagada k\u00f5rge prioriteediga teenuste normaalne toimimine","og_url":"https:\/\/fonolukk.eu\/et\/tooted\/smart-switch-wi-pces310g\/","og_site_name":"Fonolukk","article_publisher":"https:\/\/www.facebook.com\/fonolukk","article_modified_time":"2025-08-26T20:25:39+00:00","og_image":[{"width":800,"height":800,"url":"https:\/\/fonolukk.eu\/wp-content\/uploads\/2025\/08\/wi-pces310g-.png","type":"image\/png"}],"twitter_card":"summary_large_image","twitter_misc":{"Hind":"&euro;79.84 koos KM","Availability":"Laos"},"schema":{"@context":"https:\/\/schema.org","@graph":[{"@type":"WebPage","@id":"https:\/\/fonolukk.eu\/et\/tooted\/smart-switch-wi-pces310g\/","url":"https:\/\/fonolukk.eu\/et\/tooted\/smart-switch-wi-pces310g\/","name":"VSC 8MP IP Camera, Motor Zoom, IR 50m - Fonolukk","isPartOf":{"@id":"https:\/\/fonolukk.eu\/et\/#website"},"primaryImageOfPage":{"@id":"https:\/\/fonolukk.eu\/et\/tooted\/smart-switch-wi-pces310g\/#primaryimage"},"image":{"@id":"https:\/\/fonolukk.eu\/et\/tooted\/smart-switch-wi-pces310g\/#primaryimage"},"thumbnailUrl":"https:\/\/fonolukk.eu\/wp-content\/uploads\/2025\/08\/wi-pces310g-.png","datePublished":"2025-08-26T20:05:03+00:00","dateModified":"2025-08-26T20:25:39+00:00","description":"Smart Switch WI-PCES310G - Support Automatic Loop Prevention, 802.1Q VLAN, IGMP Snooping. Support Onvif protocol to automatically identify IP camera.","breadcrumb":{"@id":"https:\/\/fonolukk.eu\/et\/tooted\/smart-switch-wi-pces310g\/#breadcrumb"},"inLanguage":"et","potentialAction":[{"@type":"ReadAction","target":["https:\/\/fonolukk.eu\/et\/tooted\/smart-switch-wi-pces310g\/"]}]},{"@type":"ImageObject","inLanguage":"et","@id":"https:\/\/fonolukk.eu\/et\/tooted\/smart-switch-wi-pces310g\/#primaryimage","url":"https:\/\/fonolukk.eu\/wp-content\/uploads\/2025\/08\/wi-pces310g-.png","contentUrl":"https:\/\/fonolukk.eu\/wp-content\/uploads\/2025\/08\/wi-pces310g-.png","width":800,"height":800,"caption":"Smart Switch WI-PCES310G"},{"@type":"BreadcrumbList","@id":"https:\/\/fonolukk.eu\/et\/tooted\/smart-switch-wi-pces310g\/#breadcrumb","itemListElement":[{"@type":"ListItem","position":1,"name":"Esileht","item":"https:\/\/fonolukk.eu\/et\/koduleht\/"},{"@type":"ListItem","position":2,"name":"Tooted","item":"https:\/\/fonolukk.eu\/et\/shop-2\/"},{"@type":"ListItem","position":3,"name":"PoE kommutaatorid, ruuterid ja v\u00f5rguhubid","item":"https:\/\/fonolukk.eu\/et\/product-category\/poe-kommutaatorid-ruuterid-ja-vorguhubid\/"},{"@type":"ListItem","position":4,"name":"Smart Switch WI-PCES310G"}]},{"@type":"WebSite","@id":"https:\/\/fonolukk.eu\/et\/#website","url":"https:\/\/fonolukk.eu\/et\/","name":"Fonolukk eu","description":"Smart Security Systems","publisher":{"@id":"https:\/\/fonolukk.eu\/et\/#organization"},"potentialAction":[{"@type":"SearchAction","target":{"@type":"EntryPoint","urlTemplate":"https:\/\/fonolukk.eu\/et\/?s={search_term_string}"},"query-input":{"@type":"PropertyValueSpecification","valueRequired":true,"valueName":"search_term_string"}}],"inLanguage":"et"},{"@type":"Organization","@id":"https:\/\/fonolukk.eu\/et\/#organization","name":"Smart Security OU","url":"https:\/\/fonolukk.eu\/et\/","logo":{"@type":"ImageObject","inLanguage":"et","@id":"https:\/\/fonolukk.eu\/et\/#\/schema\/logo\/image\/","url":"https:\/\/fonolukk.eu\/wp-content\/uploads\/2023\/09\/fonolukk.png","contentUrl":"https:\/\/fonolukk.eu\/wp-content\/uploads\/2023\/09\/fonolukk.png","width":277,"height":274,"caption":"Smart Security OU"},"image":{"@id":"https:\/\/fonolukk.eu\/et\/#\/schema\/logo\/image\/"},"sameAs":["https:\/\/www.facebook.com\/fonolukk","https:\/\/www.instagram.com\/fonolukk\/?hl=ru"],"publishingPrinciples":"https:\/\/fonolukk.eu\/terms-and-conditions\/","ownershipFundingInfo":"https:\/\/fonolukk.eu\/about-us\/"}]},"product_price_amount":"79.84","product_price_currency":"EUR","og_availability":"instock","product_availability":"instock","product_retailer_item_id":"WI-PCES310G","product_condition":"new"},"_links":{"self":[{"href":"https:\/\/fonolukk.eu\/et\/wp-json\/wp\/v2\/product\/21252","targetHints":{"allow":["GET"]}}],"collection":[{"href":"https:\/\/fonolukk.eu\/et\/wp-json\/wp\/v2\/product"}],"about":[{"href":"https:\/\/fonolukk.eu\/et\/wp-json\/wp\/v2\/types\/product"}],"version-history":[{"count":1,"href":"https:\/\/fonolukk.eu\/et\/wp-json\/wp\/v2\/product\/21252\/revisions"}],"predecessor-version":[{"id":21273,"href":"https:\/\/fonolukk.eu\/et\/wp-json\/wp\/v2\/product\/21252\/revisions\/21273"}],"wp:featuredmedia":[{"embeddable":true,"href":"https:\/\/fonolukk.eu\/et\/wp-json\/wp\/v2\/media\/21268"}],"wp:attachment":[{"href":"https:\/\/fonolukk.eu\/et\/wp-json\/wp\/v2\/media?parent=21252"}],"wp:term":[{"taxonomy":"product_brand","embeddable":true,"href":"https:\/\/fonolukk.eu\/et\/wp-json\/wp\/v2\/product_brand?post=21252"},{"taxonomy":"product_cat","embeddable":true,"href":"https:\/\/fonolukk.eu\/et\/wp-json\/wp\/v2\/product_cat?post=21252"},{"taxonomy":"product_tag","embeddable":true,"href":"https:\/\/fonolukk.eu\/et\/wp-json\/wp\/v2\/product_tag?post=21252"}],"curies":[{"name":"wp","href":"https:\/\/api.w.org\/{rel}","templated":true}]}}