{"id":21280,"date":"2025-08-27T22:18:43","date_gmt":"2025-08-27T19:18:43","guid":{"rendered":"https:\/\/fonolukk.eu\/?post_type=product&#038;p=21280"},"modified":"2025-08-27T22:31:08","modified_gmt":"2025-08-27T19:31:08","slug":"router-wk-r1200","status":"publish","type":"product","link":"https:\/\/fonolukk.eu\/et\/tooted\/router-wk-r1200\/","title":{"rendered":"Router WK-R1200"},"content":{"rendered":"<p data-start=\"938\" data-end=\"959\"><strong data-start=\"938\" data-end=\"948\"><span dir=\"auto\">Mudel:<\/span><\/strong><span dir=\"auto\">\u00a0WK\u2013R1200<\/span><\/p>\n<h3 data-start=\"961\" data-end=\"987\"><span dir=\"auto\">Vastuv\u00f5tja tundlikkus<\/span><\/h3>\n<p data-start=\"988\" data-end=\"1001\"><strong data-start=\"988\" data-end=\"999\"><span dir=\"auto\">2,4 GHz:<\/span><\/strong><\/p>\n<ul data-start=\"1002\" data-end=\"1145\">\n<li data-start=\"1002\" data-end=\"1042\">\n<p data-start=\"1004\" data-end=\"1042\"><span dir=\"auto\">802.11b: \u201397 dBm kiirusel 1 Mbps, \u201389 dBm kiirusel 11 Mbps<\/span><\/p>\n<\/li>\n<li data-start=\"1043\" data-end=\"1083\">\n<p data-start=\"1045\" data-end=\"1083\"><span dir=\"auto\">802.11g: \u201394 dBm kiirusel 6 Mbps, \u201377 dBm kiirusel 54 Mbps<\/span><\/p>\n<\/li>\n<li data-start=\"1084\" data-end=\"1114\">\n<p data-start=\"1086\" data-end=\"1114\"><span dir=\"auto\">802.11n 20MHz: \u201375dBm@MCS7<\/span><\/p>\n<\/li>\n<li data-start=\"1115\" data-end=\"1145\">\n<p data-start=\"1117\" data-end=\"1145\"><span dir=\"auto\">802.11n 40MHz: \u201372dBm@MCS7<\/span><\/p>\n<\/li>\n<\/ul>\n<p data-start=\"1147\" data-end=\"1158\"><strong data-start=\"1147\" data-end=\"1156\"><span dir=\"auto\">5 GHz:<\/span><\/strong><\/p>\n<ul data-start=\"1159\" data-end=\"1357\">\n<li data-start=\"1159\" data-end=\"1199\">\n<p data-start=\"1161\" data-end=\"1199\"><span dir=\"auto\">802.11a: \u201394 dBm kiirusel 6 Mbps, \u201376 dBm kiirusel 54 Mbps<\/span><\/p>\n<\/li>\n<li data-start=\"1200\" data-end=\"1230\">\n<p data-start=\"1202\" data-end=\"1230\"><span dir=\"auto\">802.11n 20MHz: \u201374dBm@MCS7<\/span><\/p>\n<\/li>\n<li data-start=\"1231\" data-end=\"1261\">\n<p data-start=\"1233\" data-end=\"1261\"><span dir=\"auto\">802.11n 40MHz: \u201371dBm@MCS7<\/span><\/p>\n<\/li>\n<li data-start=\"1262\" data-end=\"1293\">\n<p data-start=\"1264\" data-end=\"1293\"><span dir=\"auto\">802.11ac 20MHz: \u201371dBm@MCS8<\/span><\/p>\n<\/li>\n<li data-start=\"1294\" data-end=\"1325\">\n<p data-start=\"1296\" data-end=\"1325\"><span dir=\"auto\">802.11ac 40MHz: \u201366dBm@MCS9<\/span><\/p>\n<\/li>\n<li data-start=\"1326\" data-end=\"1357\">\n<p data-start=\"1328\" data-end=\"1357\"><span dir=\"auto\">802.11ac 80MHz: \u201362dBm@MCS9<\/span><\/p>\n<\/li>\n<\/ul>\n","protected":false},"excerpt":{"rendered":"<p><span dir=\"auto\">\u25cf Vastab standardile 802.11ac, traadita \u00fchenduse kiirus kuni 1200 Mbps<\/span><br \/>\n<span dir=\"auto\">\u25cf 3 100 Mbps RJ45 LAN-porti pakuvad laia juurdep\u00e4\u00e4su juhtmega klientidele<\/span><br \/>\n<span dir=\"auto\">\u25cf 2&#215;2 MlMO-tehnoloogia tagab sujuva WiFi-kogemuse<\/span><br \/>\n<span dir=\"auto\">\u25cf 4x 5 dBi v\u00e4list omnisuunalist antenni<\/span><br \/>\n<span dir=\"auto\">\u25cf Neli t\u00f6\u00f6re\u017eiimi \u00fches (toetab traadita ruuterit, p\u00e4\u00e4supunkti, repiiterit, WISP-re\u017eiimi) sobib mitmetele v\u00f5rgustsenaariumidele<br \/>\n\u25cf SD-LAN-tehnoloogia pakub tsentraliseeritud juhtimist, muutes\u00a0v\u00f5rguinfrastruktuuri haldamise<\/span><br \/>\n<span dir=\"auto\">lihtsaks<br \/>\n\u25cf Toetab EasyMesh-tehnoloogiat laia signaali leviala tagamiseks<br \/>\n\u25cf Toetab ONVIF-tuvastust<br \/>\n\u25cf Wi-Tek pilvehaldus lihtsaks haldamiseks ja hoolduseks<\/span><\/p>\n[wpdm_package id='21299']\n","protected":false},"featured_media":21295,"template":"","meta":[],"product_brand":[],"product_cat":[1705,1708],"product_tag":[1444],"class_list":{"0":"post-21280","1":"product","2":"type-product","3":"status-publish","4":"has-post-thumbnail","6":"product_cat-poe-kommutaatorid-ruuterid-ja-vorguhubid","7":"product_cat-vorgutooted","8":"product_tag-video-kaamera","10":"first","11":"instock","12":"taxable","13":"shipping-taxable","14":"purchasable","15":"product-type-simple"},"yoast_head":"<!-- This site is optimized with the Yoast SEO Premium plugin v27.3 (Yoast SEO v27.3) - https:\/\/yoast.com\/product\/yoast-seo-premium-wordpress\/ -->\n<title>VSC 8MP IP Kaamera, Mootoriga Suum, IR 50 m \u2013 Fonolukk<\/title>\n<meta name=\"description\" content=\"Router WK-R1200 - L\u00e4htestamisnupp (hoidke all 8 sekundit, et taastada tehase vaikeseaded).\" \/>\n<meta name=\"robots\" content=\"index, follow, max-snippet:-1, max-image-preview:large, max-video-preview:-1\" \/>\n<link rel=\"canonical\" href=\"https:\/\/fonolukk.eu\/et\/tooted\/router-wk-r1200\/\" \/>\n<meta property=\"og:locale\" content=\"et_EE\" \/>\n<meta property=\"og:type\" content=\"article\" \/>\n<meta property=\"og:title\" content=\"Router WK-R1200\" \/>\n<meta property=\"og:description\" content=\"\u25cf Vastab standardile 802.11ac, traadita \u00fchenduse kiirus kuni 1200 Mbps \u25cf 3 100 Mbps RJ45 LAN-porti pakuvad laia juurdep\u00e4\u00e4su juhtmega klientidele \u25cf 2x2 MlMO-tehnoloogia tagab sujuva WiFi-kogemuse \u25cf 4x 5 dBi v\u00e4list omnisuunalist antenni \u25cf Neli t\u00f6\u00f6re\u017eiimi \u00fches (toetab traadita ruuterit, p\u00e4\u00e4supunkti, repiiterit, WISP-re\u017eiimi) sobib mitmetele v\u00f5rgustsenaariumidele \u25cf SD-LAN-tehnoloogia pakub tsentraliseeritud juhtimist, muutes\u00a0v\u00f5rguinfrastruktuuri haldamise lihtsaks \u25cf Toetab EasyMesh-tehnoloogiat laia signaali leviala tagamiseks \u25cf Toetab ONVIF-tuvastust \u25cf Wi-Tek pilvehaldus lihtsaks haldamiseks ja hoolduseks\" \/>\n<meta property=\"og:url\" content=\"https:\/\/fonolukk.eu\/et\/tooted\/router-wk-r1200\/\" \/>\n<meta property=\"og:site_name\" content=\"Fonolukk\" \/>\n<meta property=\"article:publisher\" content=\"https:\/\/www.facebook.com\/fonolukk\" \/>\n<meta property=\"article:modified_time\" content=\"2025-08-27T19:31:08+00:00\" \/>\n<meta property=\"og:image\" content=\"https:\/\/fonolukk.eu\/wp-content\/uploads\/2025\/08\/router-wk-r1200-1.png\" \/>\n\t<meta property=\"og:image:width\" content=\"800\" \/>\n\t<meta property=\"og:image:height\" content=\"800\" \/>\n\t<meta property=\"og:image:type\" content=\"image\/png\" \/>\n<meta name=\"twitter:card\" content=\"summary_large_image\" \/>\n<meta name=\"twitter:label1\" content=\"Hind\" \/>\n\t<meta name=\"twitter:data1\" content=\"&euro;36.29 koos KM\" \/>\n\t<meta name=\"twitter:label2\" content=\"Availability\" \/>\n\t<meta name=\"twitter:data2\" content=\"Laos\" \/>\n<script type=\"application\/ld+json\" class=\"yoast-schema-graph\">{\"@context\":\"https:\\\/\\\/schema.org\",\"@graph\":[{\"@type\":\"WebPage\",\"@id\":\"https:\\\/\\\/fonolukk.eu\\\/et\\\/tooted\\\/router-wk-r1200\\\/\",\"url\":\"https:\\\/\\\/fonolukk.eu\\\/et\\\/tooted\\\/router-wk-r1200\\\/\",\"name\":\"VSC 8MP IP Kaamera, Mootoriga Suum, IR 50 m \u2013 Fonolukk\",\"isPartOf\":{\"@id\":\"https:\\\/\\\/fonolukk.eu\\\/et\\\/#website\"},\"primaryImageOfPage\":{\"@id\":\"https:\\\/\\\/fonolukk.eu\\\/et\\\/tooted\\\/router-wk-r1200\\\/#primaryimage\"},\"image\":{\"@id\":\"https:\\\/\\\/fonolukk.eu\\\/et\\\/tooted\\\/router-wk-r1200\\\/#primaryimage\"},\"thumbnailUrl\":\"https:\\\/\\\/fonolukk.eu\\\/wp-content\\\/uploads\\\/2025\\\/08\\\/router-wk-r1200-1.png\",\"datePublished\":\"2025-08-27T19:18:43+00:00\",\"dateModified\":\"2025-08-27T19:31:08+00:00\",\"description\":\"Router WK-R1200 - L\u00e4htestamisnupp (hoidke all 8 sekundit, et taastada tehase vaikeseaded).\",\"breadcrumb\":{\"@id\":\"https:\\\/\\\/fonolukk.eu\\\/et\\\/tooted\\\/router-wk-r1200\\\/#breadcrumb\"},\"inLanguage\":\"et\",\"potentialAction\":[{\"@type\":\"ReadAction\",\"target\":[\"https:\\\/\\\/fonolukk.eu\\\/et\\\/tooted\\\/router-wk-r1200\\\/\"]}]},{\"@type\":\"ImageObject\",\"inLanguage\":\"et\",\"@id\":\"https:\\\/\\\/fonolukk.eu\\\/et\\\/tooted\\\/router-wk-r1200\\\/#primaryimage\",\"url\":\"https:\\\/\\\/fonolukk.eu\\\/wp-content\\\/uploads\\\/2025\\\/08\\\/router-wk-r1200-1.png\",\"contentUrl\":\"https:\\\/\\\/fonolukk.eu\\\/wp-content\\\/uploads\\\/2025\\\/08\\\/router-wk-r1200-1.png\",\"width\":800,\"height\":800,\"caption\":\"WK-R1200\"},{\"@type\":\"BreadcrumbList\",\"@id\":\"https:\\\/\\\/fonolukk.eu\\\/et\\\/tooted\\\/router-wk-r1200\\\/#breadcrumb\",\"itemListElement\":[{\"@type\":\"ListItem\",\"position\":1,\"name\":\"Esileht\",\"item\":\"https:\\\/\\\/fonolukk.eu\\\/et\\\/koduleht\\\/\"},{\"@type\":\"ListItem\",\"position\":2,\"name\":\"Tooted\",\"item\":\"https:\\\/\\\/fonolukk.eu\\\/et\\\/shop-2\\\/\"},{\"@type\":\"ListItem\",\"position\":3,\"name\":\"PoE kommutaatorid, ruuterid ja v\u00f5rguhubid\",\"item\":\"https:\\\/\\\/fonolukk.eu\\\/et\\\/product-category\\\/poe-kommutaatorid-ruuterid-ja-vorguhubid\\\/\"},{\"@type\":\"ListItem\",\"position\":4,\"name\":\"Router WK-R1200\"}]},{\"@type\":\"WebSite\",\"@id\":\"https:\\\/\\\/fonolukk.eu\\\/et\\\/#website\",\"url\":\"https:\\\/\\\/fonolukk.eu\\\/et\\\/\",\"name\":\"Fonolukk eu\",\"description\":\"Smart Security Systems\",\"publisher\":{\"@id\":\"https:\\\/\\\/fonolukk.eu\\\/et\\\/#organization\"},\"potentialAction\":[{\"@type\":\"SearchAction\",\"target\":{\"@type\":\"EntryPoint\",\"urlTemplate\":\"https:\\\/\\\/fonolukk.eu\\\/et\\\/?s={search_term_string}\"},\"query-input\":{\"@type\":\"PropertyValueSpecification\",\"valueRequired\":true,\"valueName\":\"search_term_string\"}}],\"inLanguage\":\"et\"},{\"@type\":\"Organization\",\"@id\":\"https:\\\/\\\/fonolukk.eu\\\/et\\\/#organization\",\"name\":\"Smart Security OU\",\"url\":\"https:\\\/\\\/fonolukk.eu\\\/et\\\/\",\"logo\":{\"@type\":\"ImageObject\",\"inLanguage\":\"et\",\"@id\":\"https:\\\/\\\/fonolukk.eu\\\/et\\\/#\\\/schema\\\/logo\\\/image\\\/\",\"url\":\"https:\\\/\\\/fonolukk.eu\\\/wp-content\\\/uploads\\\/2023\\\/09\\\/fonolukk.png\",\"contentUrl\":\"https:\\\/\\\/fonolukk.eu\\\/wp-content\\\/uploads\\\/2023\\\/09\\\/fonolukk.png\",\"width\":277,\"height\":274,\"caption\":\"Smart Security OU\"},\"image\":{\"@id\":\"https:\\\/\\\/fonolukk.eu\\\/et\\\/#\\\/schema\\\/logo\\\/image\\\/\"},\"sameAs\":[\"https:\\\/\\\/www.facebook.com\\\/fonolukk\",\"https:\\\/\\\/www.instagram.com\\\/fonolukk\\\/?hl=ru\"],\"publishingPrinciples\":\"https:\\\/\\\/fonolukk.eu\\\/terms-and-conditions\\\/\",\"ownershipFundingInfo\":\"https:\\\/\\\/fonolukk.eu\\\/about-us\\\/\"}]}<\/script>\n<meta property=\"product:price:amount\" content=\"36.29\" \/>\n<meta property=\"product:price:currency\" content=\"EUR\" \/>\n<meta property=\"og:availability\" content=\"instock\" \/>\n<meta property=\"product:availability\" content=\"instock\" \/>\n<meta property=\"product:retailer_item_id\" content=\"WK-R1200\" \/>\n<meta property=\"product:condition\" content=\"new\" \/>\n<!-- \/ Yoast SEO Premium plugin. -->","yoast_head_json":{"title":"VSC 8MP IP Kaamera, Mootoriga Suum, IR 50 m \u2013 Fonolukk","description":"Router WK-R1200 - L\u00e4htestamisnupp (hoidke all 8 sekundit, et taastada tehase vaikeseaded).","robots":{"index":"index","follow":"follow","max-snippet":"max-snippet:-1","max-image-preview":"max-image-preview:large","max-video-preview":"max-video-preview:-1"},"canonical":"https:\/\/fonolukk.eu\/et\/tooted\/router-wk-r1200\/","og_locale":"et_EE","og_type":"article","og_title":"Router WK-R1200","og_description":"\u25cf Vastab standardile 802.11ac, traadita \u00fchenduse kiirus kuni 1200 Mbps \u25cf 3 100 Mbps RJ45 LAN-porti pakuvad laia juurdep\u00e4\u00e4su juhtmega klientidele \u25cf 2x2 MlMO-tehnoloogia tagab sujuva WiFi-kogemuse \u25cf 4x 5 dBi v\u00e4list omnisuunalist antenni \u25cf Neli t\u00f6\u00f6re\u017eiimi \u00fches (toetab traadita ruuterit, p\u00e4\u00e4supunkti, repiiterit, WISP-re\u017eiimi) sobib mitmetele v\u00f5rgustsenaariumidele \u25cf SD-LAN-tehnoloogia pakub tsentraliseeritud juhtimist, muutes\u00a0v\u00f5rguinfrastruktuuri haldamise lihtsaks \u25cf Toetab EasyMesh-tehnoloogiat laia signaali leviala tagamiseks \u25cf Toetab ONVIF-tuvastust \u25cf Wi-Tek pilvehaldus lihtsaks haldamiseks ja hoolduseks","og_url":"https:\/\/fonolukk.eu\/et\/tooted\/router-wk-r1200\/","og_site_name":"Fonolukk","article_publisher":"https:\/\/www.facebook.com\/fonolukk","article_modified_time":"2025-08-27T19:31:08+00:00","og_image":[{"width":800,"height":800,"url":"https:\/\/fonolukk.eu\/wp-content\/uploads\/2025\/08\/router-wk-r1200-1.png","type":"image\/png"}],"twitter_card":"summary_large_image","twitter_misc":{"Hind":"&euro;36.29 koos KM","Availability":"Laos"},"schema":{"@context":"https:\/\/schema.org","@graph":[{"@type":"WebPage","@id":"https:\/\/fonolukk.eu\/et\/tooted\/router-wk-r1200\/","url":"https:\/\/fonolukk.eu\/et\/tooted\/router-wk-r1200\/","name":"VSC 8MP IP Kaamera, Mootoriga Suum, IR 50 m \u2013 Fonolukk","isPartOf":{"@id":"https:\/\/fonolukk.eu\/et\/#website"},"primaryImageOfPage":{"@id":"https:\/\/fonolukk.eu\/et\/tooted\/router-wk-r1200\/#primaryimage"},"image":{"@id":"https:\/\/fonolukk.eu\/et\/tooted\/router-wk-r1200\/#primaryimage"},"thumbnailUrl":"https:\/\/fonolukk.eu\/wp-content\/uploads\/2025\/08\/router-wk-r1200-1.png","datePublished":"2025-08-27T19:18:43+00:00","dateModified":"2025-08-27T19:31:08+00:00","description":"Router WK-R1200 - L\u00e4htestamisnupp (hoidke all 8 sekundit, et taastada tehase vaikeseaded).","breadcrumb":{"@id":"https:\/\/fonolukk.eu\/et\/tooted\/router-wk-r1200\/#breadcrumb"},"inLanguage":"et","potentialAction":[{"@type":"ReadAction","target":["https:\/\/fonolukk.eu\/et\/tooted\/router-wk-r1200\/"]}]},{"@type":"ImageObject","inLanguage":"et","@id":"https:\/\/fonolukk.eu\/et\/tooted\/router-wk-r1200\/#primaryimage","url":"https:\/\/fonolukk.eu\/wp-content\/uploads\/2025\/08\/router-wk-r1200-1.png","contentUrl":"https:\/\/fonolukk.eu\/wp-content\/uploads\/2025\/08\/router-wk-r1200-1.png","width":800,"height":800,"caption":"WK-R1200"},{"@type":"BreadcrumbList","@id":"https:\/\/fonolukk.eu\/et\/tooted\/router-wk-r1200\/#breadcrumb","itemListElement":[{"@type":"ListItem","position":1,"name":"Esileht","item":"https:\/\/fonolukk.eu\/et\/koduleht\/"},{"@type":"ListItem","position":2,"name":"Tooted","item":"https:\/\/fonolukk.eu\/et\/shop-2\/"},{"@type":"ListItem","position":3,"name":"PoE kommutaatorid, ruuterid ja v\u00f5rguhubid","item":"https:\/\/fonolukk.eu\/et\/product-category\/poe-kommutaatorid-ruuterid-ja-vorguhubid\/"},{"@type":"ListItem","position":4,"name":"Router WK-R1200"}]},{"@type":"WebSite","@id":"https:\/\/fonolukk.eu\/et\/#website","url":"https:\/\/fonolukk.eu\/et\/","name":"Fonolukk eu","description":"Smart Security Systems","publisher":{"@id":"https:\/\/fonolukk.eu\/et\/#organization"},"potentialAction":[{"@type":"SearchAction","target":{"@type":"EntryPoint","urlTemplate":"https:\/\/fonolukk.eu\/et\/?s={search_term_string}"},"query-input":{"@type":"PropertyValueSpecification","valueRequired":true,"valueName":"search_term_string"}}],"inLanguage":"et"},{"@type":"Organization","@id":"https:\/\/fonolukk.eu\/et\/#organization","name":"Smart Security OU","url":"https:\/\/fonolukk.eu\/et\/","logo":{"@type":"ImageObject","inLanguage":"et","@id":"https:\/\/fonolukk.eu\/et\/#\/schema\/logo\/image\/","url":"https:\/\/fonolukk.eu\/wp-content\/uploads\/2023\/09\/fonolukk.png","contentUrl":"https:\/\/fonolukk.eu\/wp-content\/uploads\/2023\/09\/fonolukk.png","width":277,"height":274,"caption":"Smart Security OU"},"image":{"@id":"https:\/\/fonolukk.eu\/et\/#\/schema\/logo\/image\/"},"sameAs":["https:\/\/www.facebook.com\/fonolukk","https:\/\/www.instagram.com\/fonolukk\/?hl=ru"],"publishingPrinciples":"https:\/\/fonolukk.eu\/terms-and-conditions\/","ownershipFundingInfo":"https:\/\/fonolukk.eu\/about-us\/"}]},"product_price_amount":"36.29","product_price_currency":"EUR","og_availability":"instock","product_availability":"instock","product_retailer_item_id":"WK-R1200","product_condition":"new"},"_links":{"self":[{"href":"https:\/\/fonolukk.eu\/et\/wp-json\/wp\/v2\/product\/21280","targetHints":{"allow":["GET"]}}],"collection":[{"href":"https:\/\/fonolukk.eu\/et\/wp-json\/wp\/v2\/product"}],"about":[{"href":"https:\/\/fonolukk.eu\/et\/wp-json\/wp\/v2\/types\/product"}],"version-history":[{"count":2,"href":"https:\/\/fonolukk.eu\/et\/wp-json\/wp\/v2\/product\/21280\/revisions"}],"predecessor-version":[{"id":21302,"href":"https:\/\/fonolukk.eu\/et\/wp-json\/wp\/v2\/product\/21280\/revisions\/21302"}],"wp:featuredmedia":[{"embeddable":true,"href":"https:\/\/fonolukk.eu\/et\/wp-json\/wp\/v2\/media\/21295"}],"wp:attachment":[{"href":"https:\/\/fonolukk.eu\/et\/wp-json\/wp\/v2\/media?parent=21280"}],"wp:term":[{"taxonomy":"product_brand","embeddable":true,"href":"https:\/\/fonolukk.eu\/et\/wp-json\/wp\/v2\/product_brand?post=21280"},{"taxonomy":"product_cat","embeddable":true,"href":"https:\/\/fonolukk.eu\/et\/wp-json\/wp\/v2\/product_cat?post=21280"},{"taxonomy":"product_tag","embeddable":true,"href":"https:\/\/fonolukk.eu\/et\/wp-json\/wp\/v2\/product_tag?post=21280"}],"curies":[{"name":"wp","href":"https:\/\/api.w.org\/{rel}","templated":true}]}}