{"id":21305,"date":"2025-08-28T21:38:40","date_gmt":"2025-08-28T18:38:40","guid":{"rendered":"https:\/\/fonolukk.eu\/?post_type=product&#038;p=21305"},"modified":"2025-08-28T22:00:24","modified_gmt":"2025-08-28T19:00:24","slug":"smart-switch-wi-pces306gv2","status":"publish","type":"product","link":"https:\/\/fonolukk.eu\/et\/tooted\/smart-switch-wi-pces306gv2\/","title":{"rendered":"Smart Switch WI-PCES306G(V2)"},"content":{"rendered":"<p data-start=\"50\" data-end=\"78\"><strong data-start=\"50\" data-end=\"60\">Mudel:<\/strong> WI-PCES306G(V2)<\/p>\n<h3 data-start=\"80\" data-end=\"115\">Riistvara omadused \u2013 Liidesed<\/h3>\n<ul data-start=\"116\" data-end=\"233\">\n<li data-start=\"116\" data-end=\"174\">\n<p data-start=\"118\" data-end=\"174\"><strong data-start=\"118\" data-end=\"139\">Allavoolu pordid:<\/strong> 4*10\/100\/1000 BASE-T RJ45 pordid<\/p>\n<\/li>\n<li data-start=\"175\" data-end=\"233\">\n<p data-start=\"177\" data-end=\"233\"><strong data-start=\"177\" data-end=\"198\">\u00dclesvoolu pordid:<\/strong> 2*10\/100\/1000 BASE-T RJ45 pordid<\/p>\n<\/li>\n<\/ul>\n<h3 data-start=\"235\" data-end=\"244\">PoE<\/h3>\n<ul data-start=\"245\" data-end=\"486\">\n<li data-start=\"245\" data-end=\"296\">\n<p data-start=\"247\" data-end=\"296\"><strong data-start=\"247\" data-end=\"262\">PoE pordid:<\/strong> Port 1\u20134: 802.3af\/at PoE pordid<\/p>\n<\/li>\n<li data-start=\"297\" data-end=\"329\">\n<p data-start=\"299\" data-end=\"329\"><strong data-start=\"299\" data-end=\"316\">PoE standard:<\/strong> 802.3af\/at<\/p>\n<\/li>\n<li data-start=\"330\" data-end=\"362\">\n<p data-start=\"332\" data-end=\"362\"><strong data-start=\"332\" data-end=\"351\">PoE toite t\u00fc\u00fcp:<\/strong> End-span<\/p>\n<\/li>\n<li data-start=\"363\" data-end=\"402\">\n<p data-start=\"365\" data-end=\"402\"><strong data-start=\"365\" data-end=\"385\">PoE pin-m\u00e4\u00e4rang:<\/strong> 1\/2(+), 3\/6(\u2013)<\/p>\n<\/li>\n<li data-start=\"403\" data-end=\"486\">\n<p data-start=\"405\" data-end=\"486\"><strong data-start=\"405\" data-end=\"421\">PoE v\u00f5imsus:<\/strong> maks. 30W iga pordi kohta, kokku maks. 60W (PoE toite eelarve)<\/p>\n<\/li>\n<\/ul>\n<h3 data-start=\"488\" data-end=\"501\">J\u00f5udlus<\/h3>\n<ul data-start=\"502\" data-end=\"555\">\n<li data-start=\"502\" data-end=\"555\">\n<p data-start=\"504\" data-end=\"555\"><strong data-start=\"504\" data-end=\"525\">M\u00e4lu ja v\u00e4lkm\u00e4lu:<\/strong> M\u00e4lu: 128K DDR3, V\u00e4lk: 16MB<\/p>\n<\/li>\n<\/ul>\n<h3 data-start=\"557\" data-end=\"578\">L\u00fcliti omadused<\/h3>\n<ul data-start=\"579\" data-end=\"932\">\n<li data-start=\"579\" data-end=\"728\">\n<p data-start=\"581\" data-end=\"728\"><strong data-start=\"581\" data-end=\"611\">Standardid ja protokollid:<\/strong> IEEE 802.3, IEEE 802.3u, IEEE 802.3ab, IEEE 802.3x, IEEE 802.1x, IEEE 802.1q, IEEE802.1p, IEEE802.3af, IEEE802.3at<\/p>\n<\/li>\n<li data-start=\"729\" data-end=\"769\">\n<p data-start=\"731\" data-end=\"769\"><strong data-start=\"731\" data-end=\"749\">Edastusre\u017eiim:<\/strong> Store and Forward<\/p>\n<\/li>\n<li data-start=\"770\" data-end=\"801\">\n<p data-start=\"772\" data-end=\"801\"><strong data-start=\"772\" data-end=\"791\">L\u00e4bilaskev\u00f5ime:<\/strong> 12 Gbps<\/p>\n<\/li>\n<li data-start=\"802\" data-end=\"844\">\n<p data-start=\"804\" data-end=\"844\"><strong data-start=\"804\" data-end=\"832\">Pakettide edastuskiirus:<\/strong> 8.93 Mpps<\/p>\n<\/li>\n<li data-start=\"845\" data-end=\"877\">\n<p data-start=\"847\" data-end=\"877\"><strong data-start=\"847\" data-end=\"872\">MAC-aadresside tabel:<\/strong> 8k<\/p>\n<\/li>\n<li data-start=\"878\" data-end=\"907\">\n<p data-start=\"880\" data-end=\"907\"><strong data-start=\"880\" data-end=\"896\">Puhvri m\u00e4lu:<\/strong> 4.1 Mbit<\/p>\n<\/li>\n<li data-start=\"908\" data-end=\"932\">\n<p data-start=\"910\" data-end=\"932\"><strong data-start=\"910\" data-end=\"925\">Jumbo-raam:<\/strong> 9 KB<\/p>\n<\/li>\n<\/ul>\n<h3 data-start=\"934\" data-end=\"945\">Toide<\/h3>\n<ul data-start=\"946\" data-end=\"1066\">\n<li data-start=\"946\" data-end=\"987\">\n<p data-start=\"948\" data-end=\"987\"><strong data-start=\"948\" data-end=\"964\">Sisendtoide:<\/strong> AC 100\u2013240V, 50\/60Hz<\/p>\n<\/li>\n<li data-start=\"988\" data-end=\"1066\">\n<p data-start=\"990\" data-end=\"1009\"><strong data-start=\"990\" data-end=\"1007\">Energiatarve:<\/strong><\/p>\n<ul data-start=\"1012\" data-end=\"1066\">\n<li data-start=\"1012\" data-end=\"1030\">\n<p data-start=\"1014\" data-end=\"1030\">T\u00fchik\u00e4igul: 5W<\/p>\n<\/li>\n<li data-start=\"1033\" data-end=\"1066\">\n<p data-start=\"1035\" data-end=\"1066\">100% liiklus koos PoE-ga: 65W<\/p>\n<\/li>\n<\/ul>\n<\/li>\n<\/ul>\n","protected":false},"excerpt":{"rendered":"<p data-start=\"57\" data-end=\"640\">\u25cf 4<em data-start=\"60\" data-end=\"92\">10\/100\/1000Mbps RJ45 pordid, 2<\/em>10\/100\/1000Mbps RJ45 \u00fclesvoolu pordid<br data-start=\"129\" data-end=\"132\" \/>\u25cf 4*802.3af\/at PoE+ porti<br data-start=\"157\" data-end=\"160\" \/>\u25cf Kogu toite-eelarve kuni 65W<br data-start=\"189\" data-end=\"192\" \/>\u25cf Toetus Wi-Tek Cloud haldusele reaalajas j\u00e4lgimiseks ja kaugkonfigureerimiseks<br data-start=\"271\" data-end=\"274\" \/>\u25cf Toetus pordi automaatsele silmusevastasele kaitsele v\u00f5rgu t\u00f6\u00f6kindluse tagamiseks<br data-start=\"356\" data-end=\"359\" \/>\u25cf Toetus h\u00e4ireteavitustele, lihtne hooldada reaalajas<br data-start=\"412\" data-end=\"415\" \/>\u25cf Toetus Onvif protokollile IP-kaamera automaatseks tuvastamiseks<br data-start=\"480\" data-end=\"483\" \/>\u25cf Toetus lingi agregeerimisele, et suurendada v\u00f5rgu ribalaiust ja t\u00f6\u00f6kindlust<br data-start=\"560\" data-end=\"563\" \/>\u25cf Toetus QoS-ile, et tagada k\u00f5rgprioriteetsete teenuste normaalne toimimine<\/p>\n<p data-start=\"642\" data-end=\"669\">[wpdm_package id='21307']<\/p>\n","protected":false},"featured_media":21322,"template":"","meta":[],"product_brand":[],"product_cat":[1705,1708],"product_tag":[],"class_list":{"0":"post-21305","1":"product","2":"type-product","3":"status-publish","4":"has-post-thumbnail","6":"product_cat-poe-kommutaatorid-ruuterid-ja-vorguhubid","7":"product_cat-vorgutooted","9":"first","10":"instock","11":"taxable","12":"shipping-taxable","13":"purchasable","14":"product-type-simple"},"yoast_head":"<!-- This site is optimized with the Yoast SEO Premium plugin v27.3 (Yoast SEO v27.3) - https:\/\/yoast.com\/product\/yoast-seo-premium-wordpress\/ -->\n<title>Smart Switch WI-PCES306G(V2) - Fonolukk<\/title>\n<meta name=\"description\" content=\"Smart Switch WI-PCES306G(V2) - Toetus Wi-Tek Cloud haldusele reaalajas j\u00e4lgimiseks ja kaugkonfigureerimiseks.\" \/>\n<meta name=\"robots\" content=\"index, follow, max-snippet:-1, max-image-preview:large, max-video-preview:-1\" \/>\n<link rel=\"canonical\" href=\"https:\/\/fonolukk.eu\/et\/tooted\/smart-switch-wi-pces306gv2\/\" \/>\n<meta property=\"og:locale\" content=\"et_EE\" \/>\n<meta property=\"og:type\" content=\"article\" \/>\n<meta property=\"og:title\" content=\"Smart Switch WI-PCES306G(V2)\" \/>\n<meta property=\"og:description\" content=\"\u25cf 410\/100\/1000Mbps RJ45 pordid, 210\/100\/1000Mbps RJ45 \u00fclesvoolu pordid\u25cf 4*802.3af\/at PoE+ porti\u25cf Kogu toite-eelarve kuni 65W\u25cf Toetus Wi-Tek Cloud haldusele reaalajas j\u00e4lgimiseks ja kaugkonfigureerimiseks\u25cf Toetus pordi automaatsele silmusevastasele kaitsele v\u00f5rgu t\u00f6\u00f6kindluse tagamiseks\u25cf Toetus h\u00e4ireteavitustele, lihtne hooldada reaalajas\u25cf Toetus Onvif protokollile IP-kaamera automaatseks tuvastamiseks\u25cf Toetus lingi agregeerimisele, et suurendada v\u00f5rgu ribalaiust ja t\u00f6\u00f6kindlust\u25cf Toetus QoS-ile, et tagada k\u00f5rgprioriteetsete teenuste normaalne toimimine\" \/>\n<meta property=\"og:url\" content=\"https:\/\/fonolukk.eu\/et\/tooted\/smart-switch-wi-pces306gv2\/\" \/>\n<meta property=\"og:site_name\" content=\"Fonolukk\" \/>\n<meta property=\"article:publisher\" content=\"https:\/\/www.facebook.com\/fonolukk\" \/>\n<meta property=\"article:modified_time\" content=\"2025-08-28T19:00:24+00:00\" \/>\n<meta property=\"og:image\" content=\"https:\/\/fonolukk.eu\/wp-content\/uploads\/2025\/08\/wi-pces306gv2-1.png\" \/>\n\t<meta property=\"og:image:width\" content=\"800\" \/>\n\t<meta property=\"og:image:height\" content=\"800\" \/>\n\t<meta property=\"og:image:type\" content=\"image\/png\" \/>\n<meta name=\"twitter:card\" content=\"summary_large_image\" \/>\n<meta name=\"twitter:label1\" content=\"Hind\" \/>\n\t<meta name=\"twitter:data1\" content=\"&euro;47.58 koos KM\" \/>\n\t<meta name=\"twitter:label2\" content=\"Availability\" \/>\n\t<meta name=\"twitter:data2\" content=\"Laos\" \/>\n<script type=\"application\/ld+json\" class=\"yoast-schema-graph\">{\"@context\":\"https:\\\/\\\/schema.org\",\"@graph\":[{\"@type\":\"WebPage\",\"@id\":\"https:\\\/\\\/fonolukk.eu\\\/et\\\/tooted\\\/smart-switch-wi-pces306gv2\\\/\",\"url\":\"https:\\\/\\\/fonolukk.eu\\\/et\\\/tooted\\\/smart-switch-wi-pces306gv2\\\/\",\"name\":\"Smart Switch WI-PCES306G(V2) - Fonolukk\",\"isPartOf\":{\"@id\":\"https:\\\/\\\/fonolukk.eu\\\/et\\\/#website\"},\"primaryImageOfPage\":{\"@id\":\"https:\\\/\\\/fonolukk.eu\\\/et\\\/tooted\\\/smart-switch-wi-pces306gv2\\\/#primaryimage\"},\"image\":{\"@id\":\"https:\\\/\\\/fonolukk.eu\\\/et\\\/tooted\\\/smart-switch-wi-pces306gv2\\\/#primaryimage\"},\"thumbnailUrl\":\"https:\\\/\\\/fonolukk.eu\\\/wp-content\\\/uploads\\\/2025\\\/08\\\/wi-pces306gv2-1.png\",\"datePublished\":\"2025-08-28T18:38:40+00:00\",\"dateModified\":\"2025-08-28T19:00:24+00:00\",\"description\":\"Smart Switch WI-PCES306G(V2) - Toetus Wi-Tek Cloud haldusele reaalajas j\u00e4lgimiseks ja kaugkonfigureerimiseks.\",\"breadcrumb\":{\"@id\":\"https:\\\/\\\/fonolukk.eu\\\/et\\\/tooted\\\/smart-switch-wi-pces306gv2\\\/#breadcrumb\"},\"inLanguage\":\"et\",\"potentialAction\":[{\"@type\":\"ReadAction\",\"target\":[\"https:\\\/\\\/fonolukk.eu\\\/et\\\/tooted\\\/smart-switch-wi-pces306gv2\\\/\"]}]},{\"@type\":\"ImageObject\",\"inLanguage\":\"et\",\"@id\":\"https:\\\/\\\/fonolukk.eu\\\/et\\\/tooted\\\/smart-switch-wi-pces306gv2\\\/#primaryimage\",\"url\":\"https:\\\/\\\/fonolukk.eu\\\/wp-content\\\/uploads\\\/2025\\\/08\\\/wi-pces306gv2-1.png\",\"contentUrl\":\"https:\\\/\\\/fonolukk.eu\\\/wp-content\\\/uploads\\\/2025\\\/08\\\/wi-pces306gv2-1.png\",\"width\":800,\"height\":800,\"caption\":\"WI-PCES306G(V2)\"},{\"@type\":\"BreadcrumbList\",\"@id\":\"https:\\\/\\\/fonolukk.eu\\\/et\\\/tooted\\\/smart-switch-wi-pces306gv2\\\/#breadcrumb\",\"itemListElement\":[{\"@type\":\"ListItem\",\"position\":1,\"name\":\"Esileht\",\"item\":\"https:\\\/\\\/fonolukk.eu\\\/et\\\/koduleht\\\/\"},{\"@type\":\"ListItem\",\"position\":2,\"name\":\"Tooted\",\"item\":\"https:\\\/\\\/fonolukk.eu\\\/et\\\/shop-2\\\/\"},{\"@type\":\"ListItem\",\"position\":3,\"name\":\"PoE kommutaatorid, ruuterid ja v\u00f5rguhubid\",\"item\":\"https:\\\/\\\/fonolukk.eu\\\/et\\\/product-category\\\/poe-kommutaatorid-ruuterid-ja-vorguhubid\\\/\"},{\"@type\":\"ListItem\",\"position\":4,\"name\":\"Smart Switch WI-PCES306G(V2)\"}]},{\"@type\":\"WebSite\",\"@id\":\"https:\\\/\\\/fonolukk.eu\\\/et\\\/#website\",\"url\":\"https:\\\/\\\/fonolukk.eu\\\/et\\\/\",\"name\":\"Fonolukk eu\",\"description\":\"Smart Security Systems\",\"publisher\":{\"@id\":\"https:\\\/\\\/fonolukk.eu\\\/et\\\/#organization\"},\"potentialAction\":[{\"@type\":\"SearchAction\",\"target\":{\"@type\":\"EntryPoint\",\"urlTemplate\":\"https:\\\/\\\/fonolukk.eu\\\/et\\\/?s={search_term_string}\"},\"query-input\":{\"@type\":\"PropertyValueSpecification\",\"valueRequired\":true,\"valueName\":\"search_term_string\"}}],\"inLanguage\":\"et\"},{\"@type\":\"Organization\",\"@id\":\"https:\\\/\\\/fonolukk.eu\\\/et\\\/#organization\",\"name\":\"Smart Security OU\",\"url\":\"https:\\\/\\\/fonolukk.eu\\\/et\\\/\",\"logo\":{\"@type\":\"ImageObject\",\"inLanguage\":\"et\",\"@id\":\"https:\\\/\\\/fonolukk.eu\\\/et\\\/#\\\/schema\\\/logo\\\/image\\\/\",\"url\":\"https:\\\/\\\/fonolukk.eu\\\/wp-content\\\/uploads\\\/2023\\\/09\\\/fonolukk.png\",\"contentUrl\":\"https:\\\/\\\/fonolukk.eu\\\/wp-content\\\/uploads\\\/2023\\\/09\\\/fonolukk.png\",\"width\":277,\"height\":274,\"caption\":\"Smart Security OU\"},\"image\":{\"@id\":\"https:\\\/\\\/fonolukk.eu\\\/et\\\/#\\\/schema\\\/logo\\\/image\\\/\"},\"sameAs\":[\"https:\\\/\\\/www.facebook.com\\\/fonolukk\",\"https:\\\/\\\/www.instagram.com\\\/fonolukk\\\/?hl=ru\"],\"publishingPrinciples\":\"https:\\\/\\\/fonolukk.eu\\\/terms-and-conditions\\\/\",\"ownershipFundingInfo\":\"https:\\\/\\\/fonolukk.eu\\\/about-us\\\/\"}]}<\/script>\n<meta property=\"product:price:amount\" content=\"47.58\" \/>\n<meta property=\"product:price:currency\" content=\"EUR\" \/>\n<meta property=\"og:availability\" content=\"instock\" \/>\n<meta property=\"product:availability\" content=\"instock\" \/>\n<meta property=\"product:retailer_item_id\" content=\"WI-PCES306G(V2)\" \/>\n<meta property=\"product:condition\" content=\"new\" \/>\n<!-- \/ Yoast SEO Premium plugin. -->","yoast_head_json":{"title":"Smart Switch WI-PCES306G(V2) - Fonolukk","description":"Smart Switch WI-PCES306G(V2) - Toetus Wi-Tek Cloud haldusele reaalajas j\u00e4lgimiseks ja kaugkonfigureerimiseks.","robots":{"index":"index","follow":"follow","max-snippet":"max-snippet:-1","max-image-preview":"max-image-preview:large","max-video-preview":"max-video-preview:-1"},"canonical":"https:\/\/fonolukk.eu\/et\/tooted\/smart-switch-wi-pces306gv2\/","og_locale":"et_EE","og_type":"article","og_title":"Smart Switch WI-PCES306G(V2)","og_description":"\u25cf 410\/100\/1000Mbps RJ45 pordid, 210\/100\/1000Mbps RJ45 \u00fclesvoolu pordid\u25cf 4*802.3af\/at PoE+ porti\u25cf Kogu toite-eelarve kuni 65W\u25cf Toetus Wi-Tek Cloud haldusele reaalajas j\u00e4lgimiseks ja kaugkonfigureerimiseks\u25cf Toetus pordi automaatsele silmusevastasele kaitsele v\u00f5rgu t\u00f6\u00f6kindluse tagamiseks\u25cf Toetus h\u00e4ireteavitustele, lihtne hooldada reaalajas\u25cf Toetus Onvif protokollile IP-kaamera automaatseks tuvastamiseks\u25cf Toetus lingi agregeerimisele, et suurendada v\u00f5rgu ribalaiust ja t\u00f6\u00f6kindlust\u25cf Toetus QoS-ile, et tagada k\u00f5rgprioriteetsete teenuste normaalne toimimine","og_url":"https:\/\/fonolukk.eu\/et\/tooted\/smart-switch-wi-pces306gv2\/","og_site_name":"Fonolukk","article_publisher":"https:\/\/www.facebook.com\/fonolukk","article_modified_time":"2025-08-28T19:00:24+00:00","og_image":[{"width":800,"height":800,"url":"https:\/\/fonolukk.eu\/wp-content\/uploads\/2025\/08\/wi-pces306gv2-1.png","type":"image\/png"}],"twitter_card":"summary_large_image","twitter_misc":{"Hind":"&euro;47.58 koos KM","Availability":"Laos"},"schema":{"@context":"https:\/\/schema.org","@graph":[{"@type":"WebPage","@id":"https:\/\/fonolukk.eu\/et\/tooted\/smart-switch-wi-pces306gv2\/","url":"https:\/\/fonolukk.eu\/et\/tooted\/smart-switch-wi-pces306gv2\/","name":"Smart Switch WI-PCES306G(V2) - Fonolukk","isPartOf":{"@id":"https:\/\/fonolukk.eu\/et\/#website"},"primaryImageOfPage":{"@id":"https:\/\/fonolukk.eu\/et\/tooted\/smart-switch-wi-pces306gv2\/#primaryimage"},"image":{"@id":"https:\/\/fonolukk.eu\/et\/tooted\/smart-switch-wi-pces306gv2\/#primaryimage"},"thumbnailUrl":"https:\/\/fonolukk.eu\/wp-content\/uploads\/2025\/08\/wi-pces306gv2-1.png","datePublished":"2025-08-28T18:38:40+00:00","dateModified":"2025-08-28T19:00:24+00:00","description":"Smart Switch WI-PCES306G(V2) - Toetus Wi-Tek Cloud haldusele reaalajas j\u00e4lgimiseks ja kaugkonfigureerimiseks.","breadcrumb":{"@id":"https:\/\/fonolukk.eu\/et\/tooted\/smart-switch-wi-pces306gv2\/#breadcrumb"},"inLanguage":"et","potentialAction":[{"@type":"ReadAction","target":["https:\/\/fonolukk.eu\/et\/tooted\/smart-switch-wi-pces306gv2\/"]}]},{"@type":"ImageObject","inLanguage":"et","@id":"https:\/\/fonolukk.eu\/et\/tooted\/smart-switch-wi-pces306gv2\/#primaryimage","url":"https:\/\/fonolukk.eu\/wp-content\/uploads\/2025\/08\/wi-pces306gv2-1.png","contentUrl":"https:\/\/fonolukk.eu\/wp-content\/uploads\/2025\/08\/wi-pces306gv2-1.png","width":800,"height":800,"caption":"WI-PCES306G(V2)"},{"@type":"BreadcrumbList","@id":"https:\/\/fonolukk.eu\/et\/tooted\/smart-switch-wi-pces306gv2\/#breadcrumb","itemListElement":[{"@type":"ListItem","position":1,"name":"Esileht","item":"https:\/\/fonolukk.eu\/et\/koduleht\/"},{"@type":"ListItem","position":2,"name":"Tooted","item":"https:\/\/fonolukk.eu\/et\/shop-2\/"},{"@type":"ListItem","position":3,"name":"PoE kommutaatorid, ruuterid ja v\u00f5rguhubid","item":"https:\/\/fonolukk.eu\/et\/product-category\/poe-kommutaatorid-ruuterid-ja-vorguhubid\/"},{"@type":"ListItem","position":4,"name":"Smart Switch WI-PCES306G(V2)"}]},{"@type":"WebSite","@id":"https:\/\/fonolukk.eu\/et\/#website","url":"https:\/\/fonolukk.eu\/et\/","name":"Fonolukk eu","description":"Smart Security Systems","publisher":{"@id":"https:\/\/fonolukk.eu\/et\/#organization"},"potentialAction":[{"@type":"SearchAction","target":{"@type":"EntryPoint","urlTemplate":"https:\/\/fonolukk.eu\/et\/?s={search_term_string}"},"query-input":{"@type":"PropertyValueSpecification","valueRequired":true,"valueName":"search_term_string"}}],"inLanguage":"et"},{"@type":"Organization","@id":"https:\/\/fonolukk.eu\/et\/#organization","name":"Smart Security OU","url":"https:\/\/fonolukk.eu\/et\/","logo":{"@type":"ImageObject","inLanguage":"et","@id":"https:\/\/fonolukk.eu\/et\/#\/schema\/logo\/image\/","url":"https:\/\/fonolukk.eu\/wp-content\/uploads\/2023\/09\/fonolukk.png","contentUrl":"https:\/\/fonolukk.eu\/wp-content\/uploads\/2023\/09\/fonolukk.png","width":277,"height":274,"caption":"Smart Security OU"},"image":{"@id":"https:\/\/fonolukk.eu\/et\/#\/schema\/logo\/image\/"},"sameAs":["https:\/\/www.facebook.com\/fonolukk","https:\/\/www.instagram.com\/fonolukk\/?hl=ru"],"publishingPrinciples":"https:\/\/fonolukk.eu\/terms-and-conditions\/","ownershipFundingInfo":"https:\/\/fonolukk.eu\/about-us\/"}]},"product_price_amount":"47.58","product_price_currency":"EUR","og_availability":"instock","product_availability":"instock","product_retailer_item_id":"WI-PCES306G(V2)","product_condition":"new"},"_links":{"self":[{"href":"https:\/\/fonolukk.eu\/et\/wp-json\/wp\/v2\/product\/21305","targetHints":{"allow":["GET"]}}],"collection":[{"href":"https:\/\/fonolukk.eu\/et\/wp-json\/wp\/v2\/product"}],"about":[{"href":"https:\/\/fonolukk.eu\/et\/wp-json\/wp\/v2\/types\/product"}],"version-history":[{"count":1,"href":"https:\/\/fonolukk.eu\/et\/wp-json\/wp\/v2\/product\/21305\/revisions"}],"predecessor-version":[{"id":21327,"href":"https:\/\/fonolukk.eu\/et\/wp-json\/wp\/v2\/product\/21305\/revisions\/21327"}],"wp:featuredmedia":[{"embeddable":true,"href":"https:\/\/fonolukk.eu\/et\/wp-json\/wp\/v2\/media\/21322"}],"wp:attachment":[{"href":"https:\/\/fonolukk.eu\/et\/wp-json\/wp\/v2\/media?parent=21305"}],"wp:term":[{"taxonomy":"product_brand","embeddable":true,"href":"https:\/\/fonolukk.eu\/et\/wp-json\/wp\/v2\/product_brand?post=21305"},{"taxonomy":"product_cat","embeddable":true,"href":"https:\/\/fonolukk.eu\/et\/wp-json\/wp\/v2\/product_cat?post=21305"},{"taxonomy":"product_tag","embeddable":true,"href":"https:\/\/fonolukk.eu\/et\/wp-json\/wp\/v2\/product_tag?post=21305"}],"curies":[{"name":"wp","href":"https:\/\/api.w.org\/{rel}","templated":true}]}}