{"id":21330,"date":"2025-08-29T09:11:54","date_gmt":"2025-08-29T06:11:54","guid":{"rendered":"https:\/\/fonolukk.eu\/?post_type=product&#038;p=21330"},"modified":"2025-08-29T09:18:22","modified_gmt":"2025-08-29T06:18:22","slug":"smart-switch-wi-pces206","status":"publish","type":"product","link":"https:\/\/fonolukk.eu\/et\/tooted\/smart-switch-wi-pces206\/","title":{"rendered":"Smart Switch WI-PCES206"},"content":{"rendered":"<p data-start=\"54\" data-end=\"106\"><strong data-start=\"54\" data-end=\"64\">Mudel:<\/strong> WI-PCES206<br data-start=\"75\" data-end=\"78\" \/><strong data-start=\"78\" data-end=\"101\">Riistvara versioon:<\/strong> V1<\/p>\n<h3 data-start=\"108\" data-end=\"143\">Riistvara omadused \u2013 Liidesed<\/h3>\n<ul data-start=\"144\" data-end=\"254\">\n<li data-start=\"144\" data-end=\"198\">\n<p data-start=\"146\" data-end=\"198\"><strong data-start=\"146\" data-end=\"167\">Allavoolu pordid:<\/strong> 4*10\/100Mbps RJ45 PoE pordid<\/p>\n<\/li>\n<li data-start=\"199\" data-end=\"254\">\n<p data-start=\"201\" data-end=\"254\"><strong data-start=\"201\" data-end=\"222\">\u00dclesvoolu pordid:<\/strong> 2*10\/100Mbps Etherneti pordid<\/p>\n<\/li>\n<\/ul>\n<h3 data-start=\"256\" data-end=\"265\">PoE<\/h3>\n<ul data-start=\"266\" data-end=\"445\">\n<li data-start=\"266\" data-end=\"294\">\n<p data-start=\"268\" data-end=\"294\"><strong data-start=\"268\" data-end=\"283\">PoE pordid:<\/strong> Port 1\u20134<\/p>\n<\/li>\n<li data-start=\"295\" data-end=\"374\">\n<p data-start=\"297\" data-end=\"316\"><strong data-start=\"297\" data-end=\"314\">PoE standard:<\/strong><\/p>\n<ul data-start=\"319\" data-end=\"374\">\n<li data-start=\"319\" data-end=\"343\">\n<p data-start=\"321\" data-end=\"343\">Port 1\u20132: Hi-PoE 45W<\/p>\n<\/li>\n<li data-start=\"346\" data-end=\"374\">\n<p data-start=\"348\" data-end=\"374\">Port 3\u20134: 802.3af\/at 30W<\/p>\n<\/li>\n<\/ul>\n<\/li>\n<li data-start=\"375\" data-end=\"414\">\n<p data-start=\"377\" data-end=\"414\"><strong data-start=\"377\" data-end=\"397\">PoE pin-m\u00e4\u00e4rang:<\/strong> 1\/2(+), 3\/6(\u2013)<\/p>\n<\/li>\n<li data-start=\"415\" data-end=\"445\">\n<p data-start=\"417\" data-end=\"445\"><strong data-start=\"417\" data-end=\"439\">PoE toite eelarve:<\/strong> 60W<\/p>\n<\/li>\n<\/ul>\n<h3 data-start=\"447\" data-end=\"460\">J\u00f5udlus<\/h3>\n<ul data-start=\"461\" data-end=\"483\">\n<li data-start=\"461\" data-end=\"483\">\n<p data-start=\"463\" data-end=\"483\"><strong data-start=\"463\" data-end=\"476\">V\u00e4lkm\u00e4lu:<\/strong> 16MB<\/p>\n<\/li>\n<\/ul>\n<h3 data-start=\"485\" data-end=\"506\">L\u00fcliti omadused<\/h3>\n<ul data-start=\"507\" data-end=\"844\">\n<li data-start=\"507\" data-end=\"728\">\n<p data-start=\"509\" data-end=\"541\"><strong data-start=\"509\" data-end=\"539\">Standardid ja protokollid:<\/strong><\/p>\n<ul data-start=\"544\" data-end=\"728\">\n<li data-start=\"544\" data-end=\"569\">\n<p data-start=\"546\" data-end=\"569\">IEEE 802.3 (Ethernet)<\/p>\n<\/li>\n<li data-start=\"572\" data-end=\"603\">\n<p data-start=\"574\" data-end=\"603\">IEEE 802.3u (Fast Ethernet)<\/p>\n<\/li>\n<li data-start=\"606\" data-end=\"641\">\n<p data-start=\"608\" data-end=\"641\">IEEE 802.3ab (Gigabit Ethernet)<\/p>\n<\/li>\n<li data-start=\"644\" data-end=\"682\">\n<p data-start=\"646\" data-end=\"682\">IEEE 802.3af (Power over Ethernet)<\/p>\n<\/li>\n<li data-start=\"685\" data-end=\"728\">\n<p data-start=\"687\" data-end=\"728\">IEEE 802.3at (Power over Ethernet Plus)<\/p>\n<\/li>\n<\/ul>\n<\/li>\n<li data-start=\"730\" data-end=\"770\">\n<p data-start=\"732\" data-end=\"770\"><strong data-start=\"732\" data-end=\"750\">Edastusre\u017eiim:<\/strong> Store and Forward<\/p>\n<\/li>\n<li data-start=\"771\" data-end=\"802\">\n<p data-start=\"773\" data-end=\"802\"><strong data-start=\"773\" data-end=\"792\">L\u00e4bilaskev\u00f5ime:<\/strong> 1.2Gbps<\/p>\n<\/li>\n<li data-start=\"803\" data-end=\"844\">\n<p data-start=\"805\" data-end=\"844\"><strong data-start=\"805\" data-end=\"833\">Pakettide edastuskiirus:<\/strong> 0.89Mpps<\/p>\n<\/li>\n<\/ul>\n","protected":false},"excerpt":{"rendered":"<p data-start=\"54\" data-end=\"549\">\u25cf Pilvep\u00f5hine Easy Smart 250m PoE l\u00fcliti<br data-start=\"94\" data-end=\"97\" \/>\u25cf 4 x 10\/100Mbps RJ45 PoE porti, 2 x 100Mbps RJ45 porti<br data-start=\"152\" data-end=\"155\" \/>\u25cf Port 1\u20132: Hi-PoE 45W, Port 3\u20134: 802.3af\/at<br data-start=\"199\" data-end=\"202\" \/>\u25cf Kogu toite eelarve kuni 62,7W<br data-start=\"233\" data-end=\"236\" data-is-only-node=\"\" \/>\u25cf Toetus Wi-Tek Cloud haldusele, mobiilirakenduse kaudu kaug-hooldus<br data-start=\"304\" data-end=\"307\" \/>\u25cf Smart DIP re\u017eiimid: Extend, VLAN, PD Alive<br data-start=\"351\" data-end=\"354\" \/>\u25cf Toetus erinevatele reaalajas h\u00e4iretele, lihtne probleemide lahendamine isegi algajatele<br data-start=\"443\" data-end=\"446\" \/>\u25cf Toetus Onvif protokollile IP-kaamera automaatseks tuvastamiseks, unikaalne v\u00e4\u00e4rtus CCTV-v\u00f5rgu jaoks<\/p>\n<p data-start=\"551\" data-end=\"578\">[wpdm_package id='21348']<\/p>\n","protected":false},"featured_media":21345,"template":"","meta":[],"product_brand":[],"product_cat":[1705,1708],"product_tag":[],"class_list":{"0":"post-21330","1":"product","2":"type-product","3":"status-publish","4":"has-post-thumbnail","6":"product_cat-poe-kommutaatorid-ruuterid-ja-vorguhubid","7":"product_cat-vorgutooted","9":"first","10":"instock","11":"taxable","12":"shipping-taxable","13":"purchasable","14":"product-type-simple"},"yoast_head":"<!-- This site is optimized with the Yoast SEO Premium plugin v27.3 (Yoast SEO v27.3) - https:\/\/yoast.com\/product\/yoast-seo-premium-wordpress\/ -->\n<title>Smart Switch WI-PCES206 - Fonolukk<\/title>\n<meta name=\"description\" content=\"Smart Switch WI-PCES206 - Toetus Wi-Tek Cloud haldusele, mobiilirakenduse kaudu kaug-hooldus. Kogu toite eelarve kuni 62,7W.\" \/>\n<meta name=\"robots\" content=\"index, follow, max-snippet:-1, max-image-preview:large, max-video-preview:-1\" \/>\n<link rel=\"canonical\" href=\"https:\/\/fonolukk.eu\/et\/tooted\/smart-switch-wi-pces206\/\" \/>\n<meta property=\"og:locale\" content=\"et_EE\" \/>\n<meta property=\"og:type\" content=\"article\" \/>\n<meta property=\"og:title\" content=\"Smart Switch WI-PCES206\" \/>\n<meta property=\"og:description\" content=\"\u25cf Pilvep\u00f5hine Easy Smart 250m PoE l\u00fcliti\u25cf 4 x 10\/100Mbps RJ45 PoE porti, 2 x 100Mbps RJ45 porti\u25cf Port 1\u20132: Hi-PoE 45W, Port 3\u20134: 802.3af\/at\u25cf Kogu toite eelarve kuni 62,7W\u25cf Toetus Wi-Tek Cloud haldusele, mobiilirakenduse kaudu kaug-hooldus\u25cf Smart DIP re\u017eiimid: Extend, VLAN, PD Alive\u25cf Toetus erinevatele reaalajas h\u00e4iretele, lihtne probleemide lahendamine isegi algajatele\u25cf Toetus Onvif protokollile IP-kaamera automaatseks tuvastamiseks, unikaalne v\u00e4\u00e4rtus CCTV-v\u00f5rgu jaoks\" \/>\n<meta property=\"og:url\" content=\"https:\/\/fonolukk.eu\/et\/tooted\/smart-switch-wi-pces206\/\" \/>\n<meta property=\"og:site_name\" content=\"Fonolukk\" \/>\n<meta property=\"article:publisher\" content=\"https:\/\/www.facebook.com\/fonolukk\" \/>\n<meta property=\"article:modified_time\" content=\"2025-08-29T06:18:22+00:00\" \/>\n<meta property=\"og:image\" content=\"https:\/\/fonolukk.eu\/wp-content\/uploads\/2025\/08\/wi-pces206-1.png\" \/>\n\t<meta property=\"og:image:width\" content=\"800\" \/>\n\t<meta property=\"og:image:height\" content=\"800\" \/>\n\t<meta property=\"og:image:type\" content=\"image\/png\" \/>\n<meta name=\"twitter:card\" content=\"summary_large_image\" \/>\n<meta name=\"twitter:label1\" content=\"Hind\" \/>\n\t<meta name=\"twitter:data1\" content=\"&euro;31.45 koos KM\" \/>\n\t<meta name=\"twitter:label2\" content=\"Availability\" \/>\n\t<meta name=\"twitter:data2\" content=\"Laos\" \/>\n<script type=\"application\/ld+json\" class=\"yoast-schema-graph\">{\"@context\":\"https:\\\/\\\/schema.org\",\"@graph\":[{\"@type\":\"WebPage\",\"@id\":\"https:\\\/\\\/fonolukk.eu\\\/et\\\/tooted\\\/smart-switch-wi-pces206\\\/\",\"url\":\"https:\\\/\\\/fonolukk.eu\\\/et\\\/tooted\\\/smart-switch-wi-pces206\\\/\",\"name\":\"Smart Switch WI-PCES206 - Fonolukk\",\"isPartOf\":{\"@id\":\"https:\\\/\\\/fonolukk.eu\\\/et\\\/#website\"},\"primaryImageOfPage\":{\"@id\":\"https:\\\/\\\/fonolukk.eu\\\/et\\\/tooted\\\/smart-switch-wi-pces206\\\/#primaryimage\"},\"image\":{\"@id\":\"https:\\\/\\\/fonolukk.eu\\\/et\\\/tooted\\\/smart-switch-wi-pces206\\\/#primaryimage\"},\"thumbnailUrl\":\"https:\\\/\\\/fonolukk.eu\\\/wp-content\\\/uploads\\\/2025\\\/08\\\/wi-pces206-1.png\",\"datePublished\":\"2025-08-29T06:11:54+00:00\",\"dateModified\":\"2025-08-29T06:18:22+00:00\",\"description\":\"Smart Switch WI-PCES206 - Toetus Wi-Tek Cloud haldusele, mobiilirakenduse kaudu kaug-hooldus. Kogu toite eelarve kuni 62,7W.\",\"breadcrumb\":{\"@id\":\"https:\\\/\\\/fonolukk.eu\\\/et\\\/tooted\\\/smart-switch-wi-pces206\\\/#breadcrumb\"},\"inLanguage\":\"et\",\"potentialAction\":[{\"@type\":\"ReadAction\",\"target\":[\"https:\\\/\\\/fonolukk.eu\\\/et\\\/tooted\\\/smart-switch-wi-pces206\\\/\"]}]},{\"@type\":\"ImageObject\",\"inLanguage\":\"et\",\"@id\":\"https:\\\/\\\/fonolukk.eu\\\/et\\\/tooted\\\/smart-switch-wi-pces206\\\/#primaryimage\",\"url\":\"https:\\\/\\\/fonolukk.eu\\\/wp-content\\\/uploads\\\/2025\\\/08\\\/wi-pces206-1.png\",\"contentUrl\":\"https:\\\/\\\/fonolukk.eu\\\/wp-content\\\/uploads\\\/2025\\\/08\\\/wi-pces206-1.png\",\"width\":800,\"height\":800,\"caption\":\"WI-PCES206\"},{\"@type\":\"BreadcrumbList\",\"@id\":\"https:\\\/\\\/fonolukk.eu\\\/et\\\/tooted\\\/smart-switch-wi-pces206\\\/#breadcrumb\",\"itemListElement\":[{\"@type\":\"ListItem\",\"position\":1,\"name\":\"Esileht\",\"item\":\"https:\\\/\\\/fonolukk.eu\\\/et\\\/koduleht\\\/\"},{\"@type\":\"ListItem\",\"position\":2,\"name\":\"Tooted\",\"item\":\"https:\\\/\\\/fonolukk.eu\\\/et\\\/shop-2\\\/\"},{\"@type\":\"ListItem\",\"position\":3,\"name\":\"PoE kommutaatorid, ruuterid ja v\u00f5rguhubid\",\"item\":\"https:\\\/\\\/fonolukk.eu\\\/et\\\/product-category\\\/poe-kommutaatorid-ruuterid-ja-vorguhubid\\\/\"},{\"@type\":\"ListItem\",\"position\":4,\"name\":\"Smart Switch WI-PCES206\"}]},{\"@type\":\"WebSite\",\"@id\":\"https:\\\/\\\/fonolukk.eu\\\/et\\\/#website\",\"url\":\"https:\\\/\\\/fonolukk.eu\\\/et\\\/\",\"name\":\"Fonolukk eu\",\"description\":\"Smart Security Systems\",\"publisher\":{\"@id\":\"https:\\\/\\\/fonolukk.eu\\\/et\\\/#organization\"},\"potentialAction\":[{\"@type\":\"SearchAction\",\"target\":{\"@type\":\"EntryPoint\",\"urlTemplate\":\"https:\\\/\\\/fonolukk.eu\\\/et\\\/?s={search_term_string}\"},\"query-input\":{\"@type\":\"PropertyValueSpecification\",\"valueRequired\":true,\"valueName\":\"search_term_string\"}}],\"inLanguage\":\"et\"},{\"@type\":\"Organization\",\"@id\":\"https:\\\/\\\/fonolukk.eu\\\/et\\\/#organization\",\"name\":\"Smart Security OU\",\"url\":\"https:\\\/\\\/fonolukk.eu\\\/et\\\/\",\"logo\":{\"@type\":\"ImageObject\",\"inLanguage\":\"et\",\"@id\":\"https:\\\/\\\/fonolukk.eu\\\/et\\\/#\\\/schema\\\/logo\\\/image\\\/\",\"url\":\"https:\\\/\\\/fonolukk.eu\\\/wp-content\\\/uploads\\\/2023\\\/09\\\/fonolukk.png\",\"contentUrl\":\"https:\\\/\\\/fonolukk.eu\\\/wp-content\\\/uploads\\\/2023\\\/09\\\/fonolukk.png\",\"width\":277,\"height\":274,\"caption\":\"Smart Security OU\"},\"image\":{\"@id\":\"https:\\\/\\\/fonolukk.eu\\\/et\\\/#\\\/schema\\\/logo\\\/image\\\/\"},\"sameAs\":[\"https:\\\/\\\/www.facebook.com\\\/fonolukk\",\"https:\\\/\\\/www.instagram.com\\\/fonolukk\\\/?hl=ru\"],\"publishingPrinciples\":\"https:\\\/\\\/fonolukk.eu\\\/terms-and-conditions\\\/\",\"ownershipFundingInfo\":\"https:\\\/\\\/fonolukk.eu\\\/about-us\\\/\"}]}<\/script>\n<meta property=\"product:price:amount\" content=\"31.45\" \/>\n<meta property=\"product:price:currency\" content=\"EUR\" \/>\n<meta property=\"og:availability\" content=\"instock\" \/>\n<meta property=\"product:availability\" content=\"instock\" \/>\n<meta property=\"product:retailer_item_id\" content=\"WI-PCES206\" \/>\n<meta property=\"product:condition\" content=\"new\" \/>\n<!-- \/ Yoast SEO Premium plugin. -->","yoast_head_json":{"title":"Smart Switch WI-PCES206 - Fonolukk","description":"Smart Switch WI-PCES206 - Toetus Wi-Tek Cloud haldusele, mobiilirakenduse kaudu kaug-hooldus. Kogu toite eelarve kuni 62,7W.","robots":{"index":"index","follow":"follow","max-snippet":"max-snippet:-1","max-image-preview":"max-image-preview:large","max-video-preview":"max-video-preview:-1"},"canonical":"https:\/\/fonolukk.eu\/et\/tooted\/smart-switch-wi-pces206\/","og_locale":"et_EE","og_type":"article","og_title":"Smart Switch WI-PCES206","og_description":"\u25cf Pilvep\u00f5hine Easy Smart 250m PoE l\u00fcliti\u25cf 4 x 10\/100Mbps RJ45 PoE porti, 2 x 100Mbps RJ45 porti\u25cf Port 1\u20132: Hi-PoE 45W, Port 3\u20134: 802.3af\/at\u25cf Kogu toite eelarve kuni 62,7W\u25cf Toetus Wi-Tek Cloud haldusele, mobiilirakenduse kaudu kaug-hooldus\u25cf Smart DIP re\u017eiimid: Extend, VLAN, PD Alive\u25cf Toetus erinevatele reaalajas h\u00e4iretele, lihtne probleemide lahendamine isegi algajatele\u25cf Toetus Onvif protokollile IP-kaamera automaatseks tuvastamiseks, unikaalne v\u00e4\u00e4rtus CCTV-v\u00f5rgu jaoks","og_url":"https:\/\/fonolukk.eu\/et\/tooted\/smart-switch-wi-pces206\/","og_site_name":"Fonolukk","article_publisher":"https:\/\/www.facebook.com\/fonolukk","article_modified_time":"2025-08-29T06:18:22+00:00","og_image":[{"width":800,"height":800,"url":"https:\/\/fonolukk.eu\/wp-content\/uploads\/2025\/08\/wi-pces206-1.png","type":"image\/png"}],"twitter_card":"summary_large_image","twitter_misc":{"Hind":"&euro;31.45 koos KM","Availability":"Laos"},"schema":{"@context":"https:\/\/schema.org","@graph":[{"@type":"WebPage","@id":"https:\/\/fonolukk.eu\/et\/tooted\/smart-switch-wi-pces206\/","url":"https:\/\/fonolukk.eu\/et\/tooted\/smart-switch-wi-pces206\/","name":"Smart Switch WI-PCES206 - Fonolukk","isPartOf":{"@id":"https:\/\/fonolukk.eu\/et\/#website"},"primaryImageOfPage":{"@id":"https:\/\/fonolukk.eu\/et\/tooted\/smart-switch-wi-pces206\/#primaryimage"},"image":{"@id":"https:\/\/fonolukk.eu\/et\/tooted\/smart-switch-wi-pces206\/#primaryimage"},"thumbnailUrl":"https:\/\/fonolukk.eu\/wp-content\/uploads\/2025\/08\/wi-pces206-1.png","datePublished":"2025-08-29T06:11:54+00:00","dateModified":"2025-08-29T06:18:22+00:00","description":"Smart Switch WI-PCES206 - Toetus Wi-Tek Cloud haldusele, mobiilirakenduse kaudu kaug-hooldus. Kogu toite eelarve kuni 62,7W.","breadcrumb":{"@id":"https:\/\/fonolukk.eu\/et\/tooted\/smart-switch-wi-pces206\/#breadcrumb"},"inLanguage":"et","potentialAction":[{"@type":"ReadAction","target":["https:\/\/fonolukk.eu\/et\/tooted\/smart-switch-wi-pces206\/"]}]},{"@type":"ImageObject","inLanguage":"et","@id":"https:\/\/fonolukk.eu\/et\/tooted\/smart-switch-wi-pces206\/#primaryimage","url":"https:\/\/fonolukk.eu\/wp-content\/uploads\/2025\/08\/wi-pces206-1.png","contentUrl":"https:\/\/fonolukk.eu\/wp-content\/uploads\/2025\/08\/wi-pces206-1.png","width":800,"height":800,"caption":"WI-PCES206"},{"@type":"BreadcrumbList","@id":"https:\/\/fonolukk.eu\/et\/tooted\/smart-switch-wi-pces206\/#breadcrumb","itemListElement":[{"@type":"ListItem","position":1,"name":"Esileht","item":"https:\/\/fonolukk.eu\/et\/koduleht\/"},{"@type":"ListItem","position":2,"name":"Tooted","item":"https:\/\/fonolukk.eu\/et\/shop-2\/"},{"@type":"ListItem","position":3,"name":"PoE kommutaatorid, ruuterid ja v\u00f5rguhubid","item":"https:\/\/fonolukk.eu\/et\/product-category\/poe-kommutaatorid-ruuterid-ja-vorguhubid\/"},{"@type":"ListItem","position":4,"name":"Smart Switch WI-PCES206"}]},{"@type":"WebSite","@id":"https:\/\/fonolukk.eu\/et\/#website","url":"https:\/\/fonolukk.eu\/et\/","name":"Fonolukk eu","description":"Smart Security Systems","publisher":{"@id":"https:\/\/fonolukk.eu\/et\/#organization"},"potentialAction":[{"@type":"SearchAction","target":{"@type":"EntryPoint","urlTemplate":"https:\/\/fonolukk.eu\/et\/?s={search_term_string}"},"query-input":{"@type":"PropertyValueSpecification","valueRequired":true,"valueName":"search_term_string"}}],"inLanguage":"et"},{"@type":"Organization","@id":"https:\/\/fonolukk.eu\/et\/#organization","name":"Smart Security OU","url":"https:\/\/fonolukk.eu\/et\/","logo":{"@type":"ImageObject","inLanguage":"et","@id":"https:\/\/fonolukk.eu\/et\/#\/schema\/logo\/image\/","url":"https:\/\/fonolukk.eu\/wp-content\/uploads\/2023\/09\/fonolukk.png","contentUrl":"https:\/\/fonolukk.eu\/wp-content\/uploads\/2023\/09\/fonolukk.png","width":277,"height":274,"caption":"Smart Security OU"},"image":{"@id":"https:\/\/fonolukk.eu\/et\/#\/schema\/logo\/image\/"},"sameAs":["https:\/\/www.facebook.com\/fonolukk","https:\/\/www.instagram.com\/fonolukk\/?hl=ru"],"publishingPrinciples":"https:\/\/fonolukk.eu\/terms-and-conditions\/","ownershipFundingInfo":"https:\/\/fonolukk.eu\/about-us\/"}]},"product_price_amount":"31.45","product_price_currency":"EUR","og_availability":"instock","product_availability":"instock","product_retailer_item_id":"WI-PCES206","product_condition":"new"},"_links":{"self":[{"href":"https:\/\/fonolukk.eu\/et\/wp-json\/wp\/v2\/product\/21330","targetHints":{"allow":["GET"]}}],"collection":[{"href":"https:\/\/fonolukk.eu\/et\/wp-json\/wp\/v2\/product"}],"about":[{"href":"https:\/\/fonolukk.eu\/et\/wp-json\/wp\/v2\/types\/product"}],"version-history":[{"count":1,"href":"https:\/\/fonolukk.eu\/et\/wp-json\/wp\/v2\/product\/21330\/revisions"}],"predecessor-version":[{"id":21351,"href":"https:\/\/fonolukk.eu\/et\/wp-json\/wp\/v2\/product\/21330\/revisions\/21351"}],"wp:featuredmedia":[{"embeddable":true,"href":"https:\/\/fonolukk.eu\/et\/wp-json\/wp\/v2\/media\/21345"}],"wp:attachment":[{"href":"https:\/\/fonolukk.eu\/et\/wp-json\/wp\/v2\/media?parent=21330"}],"wp:term":[{"taxonomy":"product_brand","embeddable":true,"href":"https:\/\/fonolukk.eu\/et\/wp-json\/wp\/v2\/product_brand?post=21330"},{"taxonomy":"product_cat","embeddable":true,"href":"https:\/\/fonolukk.eu\/et\/wp-json\/wp\/v2\/product_cat?post=21330"},{"taxonomy":"product_tag","embeddable":true,"href":"https:\/\/fonolukk.eu\/et\/wp-json\/wp\/v2\/product_tag?post=21330"}],"curies":[{"name":"wp","href":"https:\/\/api.w.org\/{rel}","templated":true}]}}