{"id":21354,"date":"2025-08-29T09:41:04","date_gmt":"2025-08-29T06:41:04","guid":{"rendered":"https:\/\/fonolukk.eu\/?post_type=product&#038;p=21354"},"modified":"2025-08-29T09:51:30","modified_gmt":"2025-08-29T06:51:30","slug":"wi-fi-wi-ac108pv2","status":"publish","type":"product","link":"https:\/\/fonolukk.eu\/et\/tooted\/wi-fi-wi-ac108pv2\/","title":{"rendered":"Wi-Fi WI-AC108P(V2)"},"content":{"rendered":"<p data-start=\"43\" data-end=\"69\"><strong data-start=\"43\" data-end=\"53\">Mudel:<\/strong> WI-AC108P(V2)<\/p>\n<h3 data-start=\"71\" data-end=\"95\">Riistvara omadused<\/h3>\n<p data-start=\"96\" data-end=\"111\"><strong data-start=\"96\" data-end=\"109\">Liidesed:<\/strong><\/p>\n<ul data-start=\"112\" data-end=\"215\">\n<li data-start=\"112\" data-end=\"154\">\n<p data-start=\"114\" data-end=\"154\">7*10\/100\/1000Mbps PoE+ RJ45 LAN pordid<\/p>\n<\/li>\n<li data-start=\"155\" data-end=\"187\">\n<p data-start=\"157\" data-end=\"187\">1*2.5Gbps PoE+ RJ45 LAN port<\/p>\n<\/li>\n<li data-start=\"188\" data-end=\"215\">\n<p data-start=\"190\" data-end=\"215\">1*2.5Gbps RJ45 WAN port<\/p>\n<\/li>\n<\/ul>\n<p data-start=\"217\" data-end=\"253\"><strong data-start=\"217\" data-end=\"226\">M\u00e4lu:<\/strong> RAM: 512MB, Flash: 128MB<\/p>\n<p data-start=\"255\" data-end=\"299\"><strong data-start=\"255\" data-end=\"284\">AP \u00fchtne konfiguratsioon:<\/strong> kuni 64 AP-d<\/p>\n<h3 data-start=\"301\" data-end=\"327\">Soovitatav ribalaius<\/h3>\n<ul data-start=\"328\" data-end=\"530\">\n<li data-start=\"328\" data-end=\"398\">\n<p data-start=\"330\" data-end=\"398\">D\u00fcnaamiline IP: \u00dcleslaadimine: 2250 Mbps, Allalaadimine: 2250 Mbps<\/p>\n<\/li>\n<li data-start=\"399\" data-end=\"468\">\n<p data-start=\"401\" data-end=\"468\">Staatiline IP: \u00dcleslaadimine: 2250 Mbps, Allalaadimine: 2250 Mbps<\/p>\n<\/li>\n<li data-start=\"469\" data-end=\"530\">\n<p data-start=\"471\" data-end=\"530\">PPPoE: \u00dcleslaadimine: 2250 Mbps, Allalaadimine: 2250 Mbps<\/p>\n<\/li>\n<\/ul>\n<h3 data-start=\"532\" data-end=\"543\">Toide<\/h3>\n<ul data-start=\"544\" data-end=\"693\">\n<li data-start=\"544\" data-end=\"567\">\n<p data-start=\"546\" data-end=\"567\">Toide: DC 54V\/1.77A<\/p>\n<\/li>\n<li data-start=\"568\" data-end=\"617\">\n<p data-start=\"570\" data-end=\"617\">Maks. energiatarve: 96W (koos PoE koormusega)<\/p>\n<\/li>\n<li data-start=\"618\" data-end=\"650\">\n<p data-start=\"620\" data-end=\"650\">Maks. PoE toite eelarve: 88W<\/p>\n<\/li>\n<li data-start=\"651\" data-end=\"693\">\n<p data-start=\"653\" data-end=\"693\">Maks. PoE v\u00e4ljund pordi kohta: 802.3at<\/p>\n<\/li>\n<\/ul>\n<hr data-start=\"695\" data-end=\"698\" \/>\n<h3 data-start=\"700\" data-end=\"723\">Tarkvara omadused<\/h3>\n<p data-start=\"725\" data-end=\"743\"><strong data-start=\"725\" data-end=\"741\">V\u00f5rgu\u00fchendus<\/strong><\/p>\n<ul data-start=\"744\" data-end=\"804\">\n<li data-start=\"744\" data-end=\"770\">\n<p data-start=\"746\" data-end=\"770\">PPPoE sissehelistamine<\/p>\n<\/li>\n<li data-start=\"771\" data-end=\"786\">\n<p data-start=\"773\" data-end=\"786\">DHCP klient<\/p>\n<\/li>\n<li data-start=\"787\" data-end=\"804\">\n<p data-start=\"789\" data-end=\"804\">Staatiline IP<\/p>\n<\/li>\n<\/ul>\n<p data-start=\"806\" data-end=\"831\"><strong data-start=\"806\" data-end=\"829\">Ruuterifunktsioonid<\/strong><\/p>\n<ul data-start=\"832\" data-end=\"1106\">\n<li data-start=\"832\" data-end=\"860\">\n<p data-start=\"834\" data-end=\"860\">Staatiline marsruutimine<\/p>\n<\/li>\n<li data-start=\"861\" data-end=\"891\">\n<p data-start=\"863\" data-end=\"891\">Reeglip\u00f5hine marsruutimine<\/p>\n<\/li>\n<li data-start=\"892\" data-end=\"933\">\n<p data-start=\"894\" data-end=\"933\">Teenusepakkuja aadressi marsruutimine<\/p>\n<\/li>\n<li data-start=\"934\" data-end=\"957\">\n<p data-start=\"936\" data-end=\"957\">Aktiivne\/ootere\u017eiim<\/p>\n<\/li>\n<li data-start=\"958\" data-end=\"1010\">\n<p data-start=\"960\" data-end=\"1010\">Allika-aadressi p\u00f5hine koormuse tasakaalustamine<\/p>\n<\/li>\n<li data-start=\"1011\" data-end=\"1051\">\n<p data-start=\"1013\" data-end=\"1051\">Voo-p\u00f5hine koormuse tasakaalustamine<\/p>\n<\/li>\n<li data-start=\"1052\" data-end=\"1106\">\n<p data-start=\"1054\" data-end=\"1106\">Pordi-p\u00f5hine andmevoogude kaalutud koormuse jaotus<\/p>\n<\/li>\n<\/ul>\n<p data-start=\"1108\" data-end=\"1124\"><strong data-start=\"1108\" data-end=\"1122\">Turvalisus<\/strong><\/p>\n<ul data-start=\"1125\" data-end=\"1294\">\n<li data-start=\"1125\" data-end=\"1153\">\n<p data-start=\"1127\" data-end=\"1153\">ACL (juurdep\u00e4\u00e4suloendid)<\/p>\n<\/li>\n<li data-start=\"1154\" data-end=\"1183\">\n<p data-start=\"1156\" data-end=\"1183\">DHCP staatiline m\u00e4\u00e4ramine<\/p>\n<\/li>\n<li data-start=\"1184\" data-end=\"1214\">\n<p data-start=\"1186\" data-end=\"1214\">MAC-aadressi filtreerimine<\/p>\n<\/li>\n<li data-start=\"1215\" data-end=\"1234\">\n<p data-start=\"1217\" data-end=\"1234\">D\u00fcnaamiline ARP<\/p>\n<\/li>\n<li data-start=\"1235\" data-end=\"1262\">\n<p data-start=\"1237\" data-end=\"1262\">Staatiline ARP sidumine<\/p>\n<\/li>\n<li data-start=\"1263\" data-end=\"1270\">\n<p data-start=\"1265\" data-end=\"1270\">NAT<\/p>\n<\/li>\n<li data-start=\"1271\" data-end=\"1294\">\n<p data-start=\"1273\" data-end=\"1294\">Pordi kaardistamine<\/p>\n<\/li>\n<\/ul>\n<p data-start=\"1296\" data-end=\"1324\"><strong data-start=\"1296\" data-end=\"1322\">Rakenduste tuvastamine<\/strong><\/p>\n<ul data-start=\"1325\" data-end=\"1407\">\n<li data-start=\"1325\" data-end=\"1354\">\n<p data-start=\"1327\" data-end=\"1354\">Toetus ONVIF protokollile<\/p>\n<\/li>\n<li data-start=\"1355\" data-end=\"1385\">\n<p data-start=\"1357\" data-end=\"1385\">Toetus 802.1Q VLAN TAG-ile<\/p>\n<\/li>\n<li data-start=\"1386\" data-end=\"1407\">\n<p data-start=\"1388\" data-end=\"1407\">Toetus SD-LAN-ile<\/p>\n<\/li>\n<\/ul>\n<p data-start=\"1409\" data-end=\"1433\"><strong data-start=\"1409\" data-end=\"1431\">Liikluse juhtimine<\/strong><\/p>\n<ul data-start=\"1434\" data-end=\"1521\">\n<li data-start=\"1434\" data-end=\"1478\">\n<p data-start=\"1436\" data-end=\"1478\">Kohandatud liikluse juhtimise poliitikad<\/p>\n<\/li>\n<li data-start=\"1479\" data-end=\"1521\">\n<p data-start=\"1481\" data-end=\"1521\">IP-p\u00f5hine automaatne ribalaiuse jaotus<\/p>\n<\/li>\n<\/ul>\n<p data-start=\"1523\" data-end=\"1543\"><strong data-start=\"1523\" data-end=\"1541\">Liikluse audit<\/strong><\/p>\n<ul data-start=\"1544\" data-end=\"1605\">\n<li data-start=\"1544\" data-end=\"1572\">\n<p data-start=\"1546\" data-end=\"1572\">Reaalajas liikluse audit<\/p>\n<\/li>\n<li data-start=\"1573\" data-end=\"1605\">\n<p data-start=\"1575\" data-end=\"1605\">IP-liikluse visualiseerimine<\/p>\n<\/li>\n<\/ul>\n<p data-start=\"1607\" data-end=\"1624\"><strong data-start=\"1607\" data-end=\"1622\">Autentimine<\/strong><\/p>\n<ul data-start=\"1625\" data-end=\"1775\">\n<li data-start=\"1625\" data-end=\"1643\">\n<p data-start=\"1627\" data-end=\"1643\">Captive Portal<\/p>\n<\/li>\n<li data-start=\"1644\" data-end=\"1668\">\n<p data-start=\"1646\" data-end=\"1668\">\u00dche nupu autentimine<\/p>\n<\/li>\n<li data-start=\"1669\" data-end=\"1690\">\n<p data-start=\"1671\" data-end=\"1690\">Eeljagatud parool<\/p>\n<\/li>\n<li data-start=\"1691\" data-end=\"1723\">\n<p data-start=\"1693\" data-end=\"1723\">Kohalik kasutaja autentimine<\/p>\n<\/li>\n<li data-start=\"1724\" data-end=\"1752\">\n<p data-start=\"1726\" data-end=\"1752\">Vaut\u0161er, SMS autentimine<\/p>\n<\/li>\n<li data-start=\"1753\" data-end=\"1775\">\n<p data-start=\"1755\" data-end=\"1775\">RADIUS autentimine<\/p>\n<\/li>\n<\/ul>\n<p data-start=\"1777\" data-end=\"1786\"><strong data-start=\"1777\" data-end=\"1784\">VPN<\/strong><\/p>\n<ul data-start=\"1787\" data-end=\"1826\">\n<li data-start=\"1787\" data-end=\"1798\">\n<p data-start=\"1789\" data-end=\"1798\">OpenVPN<\/p>\n<\/li>\n<li data-start=\"1799\" data-end=\"1807\">\n<p data-start=\"1801\" data-end=\"1807\">PPTP<\/p>\n<\/li>\n<li data-start=\"1808\" data-end=\"1816\">\n<p data-start=\"1810\" data-end=\"1816\">L2TP<\/p>\n<\/li>\n<li data-start=\"1817\" data-end=\"1826\">\n<p data-start=\"1819\" data-end=\"1826\">IPsec<\/p>\n<\/li>\n<\/ul>\n<p data-start=\"1828\" data-end=\"1850\"><strong data-start=\"1828\" data-end=\"1848\">K\u00e4itumise haldus<\/strong><\/p>\n<ul data-start=\"1851\" data-end=\"1924\">\n<li data-start=\"1851\" data-end=\"1893\">\n<p data-start=\"1853\" data-end=\"1893\">Aja- ja IP-p\u00f5hine juurdep\u00e4\u00e4su kontroll<\/p>\n<\/li>\n<li data-start=\"1894\" data-end=\"1924\">\n<p data-start=\"1896\" data-end=\"1924\">Veebilehtede filtreerimine<\/p>\n<\/li>\n<\/ul>\n","protected":false},"excerpt":{"rendered":"<p data-start=\"43\" data-end=\"299\">\u25cf 2\u00d72.5G porti + 7\u00d7Gigabit porti (1\u00d7 WAN + 8\u00d7 LAN)<br data-start=\"93\" data-end=\"96\" \/>\u25cf 8 PoE v\u00e4ljundporti standardiga 802.3af\/at<br data-start=\"139\" data-end=\"142\" \/>\u25cf Toetus Multi-WAN koormuse tasakaalustamiseks<br data-start=\"188\" data-end=\"191\" \/>\u25cf Keskne haldus AP-dele<br data-start=\"214\" data-end=\"217\" data-is-only-node=\"\" \/>\u25cf Toetus PPTP\/L2TP\/IPsec\/OpenVPN<br data-start=\"249\" data-end=\"252\" \/>\u25cf Toetus SD-LAN-ile<br data-start=\"271\" data-end=\"274\" \/>\u25cf Toetus pilvehaldusele<\/p>\n<p data-start=\"301\" data-end=\"328\">[wpdm_package id='21356']<\/p>\n","protected":false},"featured_media":21369,"template":"","meta":[],"product_brand":[],"product_cat":[1705,1708],"product_tag":[],"class_list":{"0":"post-21354","1":"product","2":"type-product","3":"status-publish","4":"has-post-thumbnail","6":"product_cat-poe-kommutaatorid-ruuterid-ja-vorguhubid","7":"product_cat-vorgutooted","9":"first","10":"instock","11":"taxable","12":"shipping-taxable","13":"purchasable","14":"product-type-simple"},"yoast_head":"<!-- This site is optimized with the Yoast SEO Premium plugin v27.3 (Yoast SEO v27.3) - https:\/\/yoast.com\/product\/yoast-seo-premium-wordpress\/ -->\n<title>Wi-Fi WI-AC108P(V2) \u2013 Fonolukk<\/title>\n<meta name=\"description\" content=\"Wi-Fi WI-AC108P(V2) - 2\u00d72.5G porti + 7\u00d7Gigabit porti (1\u00d7 WAN + 8\u00d7 LAN). Toetab Multi-WAN koormuse tasakaalustamist.\" \/>\n<meta name=\"robots\" content=\"index, follow, max-snippet:-1, max-image-preview:large, max-video-preview:-1\" \/>\n<link rel=\"canonical\" href=\"https:\/\/fonolukk.eu\/et\/tooted\/wi-fi-wi-ac108pv2\/\" \/>\n<meta property=\"og:locale\" content=\"et_EE\" \/>\n<meta property=\"og:type\" content=\"article\" \/>\n<meta property=\"og:title\" content=\"Wi-Fi WI-AC108P(V2)\" \/>\n<meta property=\"og:description\" content=\"\u25cf 2\u00d72.5G porti + 7\u00d7Gigabit porti (1\u00d7 WAN + 8\u00d7 LAN)\u25cf 8 PoE v\u00e4ljundporti standardiga 802.3af\/at\u25cf Toetus Multi-WAN koormuse tasakaalustamiseks\u25cf Keskne haldus AP-dele\u25cf Toetus PPTP\/L2TP\/IPsec\/OpenVPN\u25cf Toetus SD-LAN-ile\u25cf Toetus pilvehaldusele\" \/>\n<meta property=\"og:url\" content=\"https:\/\/fonolukk.eu\/et\/tooted\/wi-fi-wi-ac108pv2\/\" \/>\n<meta property=\"og:site_name\" content=\"Fonolukk\" \/>\n<meta property=\"article:publisher\" content=\"https:\/\/www.facebook.com\/fonolukk\" \/>\n<meta property=\"article:modified_time\" content=\"2025-08-29T06:51:30+00:00\" \/>\n<meta property=\"og:image\" content=\"https:\/\/fonolukk.eu\/wp-content\/uploads\/2025\/08\/wi-ac108pv2-1.png\" \/>\n\t<meta property=\"og:image:width\" content=\"800\" \/>\n\t<meta property=\"og:image:height\" content=\"800\" \/>\n\t<meta property=\"og:image:type\" content=\"image\/png\" \/>\n<meta name=\"twitter:card\" content=\"summary_large_image\" \/>\n<meta name=\"twitter:label1\" content=\"Hind\" \/>\n\t<meta name=\"twitter:data1\" content=\"&euro;120.16 koos KM\" \/>\n\t<meta name=\"twitter:label2\" content=\"Availability\" \/>\n\t<meta name=\"twitter:data2\" content=\"Laos\" \/>\n<script type=\"application\/ld+json\" class=\"yoast-schema-graph\">{\"@context\":\"https:\\\/\\\/schema.org\",\"@graph\":[{\"@type\":\"WebPage\",\"@id\":\"https:\\\/\\\/fonolukk.eu\\\/et\\\/tooted\\\/wi-fi-wi-ac108pv2\\\/\",\"url\":\"https:\\\/\\\/fonolukk.eu\\\/et\\\/tooted\\\/wi-fi-wi-ac108pv2\\\/\",\"name\":\"Wi-Fi WI-AC108P(V2) \u2013 Fonolukk\",\"isPartOf\":{\"@id\":\"https:\\\/\\\/fonolukk.eu\\\/et\\\/#website\"},\"primaryImageOfPage\":{\"@id\":\"https:\\\/\\\/fonolukk.eu\\\/et\\\/tooted\\\/wi-fi-wi-ac108pv2\\\/#primaryimage\"},\"image\":{\"@id\":\"https:\\\/\\\/fonolukk.eu\\\/et\\\/tooted\\\/wi-fi-wi-ac108pv2\\\/#primaryimage\"},\"thumbnailUrl\":\"https:\\\/\\\/fonolukk.eu\\\/wp-content\\\/uploads\\\/2025\\\/08\\\/wi-ac108pv2-1.png\",\"datePublished\":\"2025-08-29T06:41:04+00:00\",\"dateModified\":\"2025-08-29T06:51:30+00:00\",\"description\":\"Wi-Fi WI-AC108P(V2) - 2\u00d72.5G porti + 7\u00d7Gigabit porti (1\u00d7 WAN + 8\u00d7 LAN). Toetab Multi-WAN koormuse tasakaalustamist.\",\"breadcrumb\":{\"@id\":\"https:\\\/\\\/fonolukk.eu\\\/et\\\/tooted\\\/wi-fi-wi-ac108pv2\\\/#breadcrumb\"},\"inLanguage\":\"et\",\"potentialAction\":[{\"@type\":\"ReadAction\",\"target\":[\"https:\\\/\\\/fonolukk.eu\\\/et\\\/tooted\\\/wi-fi-wi-ac108pv2\\\/\"]}]},{\"@type\":\"ImageObject\",\"inLanguage\":\"et\",\"@id\":\"https:\\\/\\\/fonolukk.eu\\\/et\\\/tooted\\\/wi-fi-wi-ac108pv2\\\/#primaryimage\",\"url\":\"https:\\\/\\\/fonolukk.eu\\\/wp-content\\\/uploads\\\/2025\\\/08\\\/wi-ac108pv2-1.png\",\"contentUrl\":\"https:\\\/\\\/fonolukk.eu\\\/wp-content\\\/uploads\\\/2025\\\/08\\\/wi-ac108pv2-1.png\",\"width\":800,\"height\":800,\"caption\":\"WI-AC108P(V2)\"},{\"@type\":\"BreadcrumbList\",\"@id\":\"https:\\\/\\\/fonolukk.eu\\\/et\\\/tooted\\\/wi-fi-wi-ac108pv2\\\/#breadcrumb\",\"itemListElement\":[{\"@type\":\"ListItem\",\"position\":1,\"name\":\"Esileht\",\"item\":\"https:\\\/\\\/fonolukk.eu\\\/et\\\/koduleht\\\/\"},{\"@type\":\"ListItem\",\"position\":2,\"name\":\"Tooted\",\"item\":\"https:\\\/\\\/fonolukk.eu\\\/et\\\/shop-2\\\/\"},{\"@type\":\"ListItem\",\"position\":3,\"name\":\"PoE kommutaatorid, ruuterid ja v\u00f5rguhubid\",\"item\":\"https:\\\/\\\/fonolukk.eu\\\/et\\\/product-category\\\/poe-kommutaatorid-ruuterid-ja-vorguhubid\\\/\"},{\"@type\":\"ListItem\",\"position\":4,\"name\":\"Wi-Fi WI-AC108P(V2)\"}]},{\"@type\":\"WebSite\",\"@id\":\"https:\\\/\\\/fonolukk.eu\\\/et\\\/#website\",\"url\":\"https:\\\/\\\/fonolukk.eu\\\/et\\\/\",\"name\":\"Fonolukk eu\",\"description\":\"Smart Security Systems\",\"publisher\":{\"@id\":\"https:\\\/\\\/fonolukk.eu\\\/et\\\/#organization\"},\"potentialAction\":[{\"@type\":\"SearchAction\",\"target\":{\"@type\":\"EntryPoint\",\"urlTemplate\":\"https:\\\/\\\/fonolukk.eu\\\/et\\\/?s={search_term_string}\"},\"query-input\":{\"@type\":\"PropertyValueSpecification\",\"valueRequired\":true,\"valueName\":\"search_term_string\"}}],\"inLanguage\":\"et\"},{\"@type\":\"Organization\",\"@id\":\"https:\\\/\\\/fonolukk.eu\\\/et\\\/#organization\",\"name\":\"Smart Security OU\",\"url\":\"https:\\\/\\\/fonolukk.eu\\\/et\\\/\",\"logo\":{\"@type\":\"ImageObject\",\"inLanguage\":\"et\",\"@id\":\"https:\\\/\\\/fonolukk.eu\\\/et\\\/#\\\/schema\\\/logo\\\/image\\\/\",\"url\":\"https:\\\/\\\/fonolukk.eu\\\/wp-content\\\/uploads\\\/2023\\\/09\\\/fonolukk.png\",\"contentUrl\":\"https:\\\/\\\/fonolukk.eu\\\/wp-content\\\/uploads\\\/2023\\\/09\\\/fonolukk.png\",\"width\":277,\"height\":274,\"caption\":\"Smart Security OU\"},\"image\":{\"@id\":\"https:\\\/\\\/fonolukk.eu\\\/et\\\/#\\\/schema\\\/logo\\\/image\\\/\"},\"sameAs\":[\"https:\\\/\\\/www.facebook.com\\\/fonolukk\",\"https:\\\/\\\/www.instagram.com\\\/fonolukk\\\/?hl=ru\"],\"publishingPrinciples\":\"https:\\\/\\\/fonolukk.eu\\\/terms-and-conditions\\\/\",\"ownershipFundingInfo\":\"https:\\\/\\\/fonolukk.eu\\\/about-us\\\/\"}]}<\/script>\n<meta property=\"product:price:amount\" content=\"120.16\" \/>\n<meta property=\"product:price:currency\" content=\"EUR\" \/>\n<meta property=\"og:availability\" content=\"instock\" \/>\n<meta property=\"product:availability\" content=\"instock\" \/>\n<meta property=\"product:retailer_item_id\" content=\"WI-AC108P(V2)\" \/>\n<meta property=\"product:condition\" content=\"new\" \/>\n<!-- \/ Yoast SEO Premium plugin. -->","yoast_head_json":{"title":"Wi-Fi WI-AC108P(V2) \u2013 Fonolukk","description":"Wi-Fi WI-AC108P(V2) - 2\u00d72.5G porti + 7\u00d7Gigabit porti (1\u00d7 WAN + 8\u00d7 LAN). Toetab Multi-WAN koormuse tasakaalustamist.","robots":{"index":"index","follow":"follow","max-snippet":"max-snippet:-1","max-image-preview":"max-image-preview:large","max-video-preview":"max-video-preview:-1"},"canonical":"https:\/\/fonolukk.eu\/et\/tooted\/wi-fi-wi-ac108pv2\/","og_locale":"et_EE","og_type":"article","og_title":"Wi-Fi WI-AC108P(V2)","og_description":"\u25cf 2\u00d72.5G porti + 7\u00d7Gigabit porti (1\u00d7 WAN + 8\u00d7 LAN)\u25cf 8 PoE v\u00e4ljundporti standardiga 802.3af\/at\u25cf Toetus Multi-WAN koormuse tasakaalustamiseks\u25cf Keskne haldus AP-dele\u25cf Toetus PPTP\/L2TP\/IPsec\/OpenVPN\u25cf Toetus SD-LAN-ile\u25cf Toetus pilvehaldusele","og_url":"https:\/\/fonolukk.eu\/et\/tooted\/wi-fi-wi-ac108pv2\/","og_site_name":"Fonolukk","article_publisher":"https:\/\/www.facebook.com\/fonolukk","article_modified_time":"2025-08-29T06:51:30+00:00","og_image":[{"width":800,"height":800,"url":"https:\/\/fonolukk.eu\/wp-content\/uploads\/2025\/08\/wi-ac108pv2-1.png","type":"image\/png"}],"twitter_card":"summary_large_image","twitter_misc":{"Hind":"&euro;120.16 koos KM","Availability":"Laos"},"schema":{"@context":"https:\/\/schema.org","@graph":[{"@type":"WebPage","@id":"https:\/\/fonolukk.eu\/et\/tooted\/wi-fi-wi-ac108pv2\/","url":"https:\/\/fonolukk.eu\/et\/tooted\/wi-fi-wi-ac108pv2\/","name":"Wi-Fi WI-AC108P(V2) \u2013 Fonolukk","isPartOf":{"@id":"https:\/\/fonolukk.eu\/et\/#website"},"primaryImageOfPage":{"@id":"https:\/\/fonolukk.eu\/et\/tooted\/wi-fi-wi-ac108pv2\/#primaryimage"},"image":{"@id":"https:\/\/fonolukk.eu\/et\/tooted\/wi-fi-wi-ac108pv2\/#primaryimage"},"thumbnailUrl":"https:\/\/fonolukk.eu\/wp-content\/uploads\/2025\/08\/wi-ac108pv2-1.png","datePublished":"2025-08-29T06:41:04+00:00","dateModified":"2025-08-29T06:51:30+00:00","description":"Wi-Fi WI-AC108P(V2) - 2\u00d72.5G porti + 7\u00d7Gigabit porti (1\u00d7 WAN + 8\u00d7 LAN). Toetab Multi-WAN koormuse tasakaalustamist.","breadcrumb":{"@id":"https:\/\/fonolukk.eu\/et\/tooted\/wi-fi-wi-ac108pv2\/#breadcrumb"},"inLanguage":"et","potentialAction":[{"@type":"ReadAction","target":["https:\/\/fonolukk.eu\/et\/tooted\/wi-fi-wi-ac108pv2\/"]}]},{"@type":"ImageObject","inLanguage":"et","@id":"https:\/\/fonolukk.eu\/et\/tooted\/wi-fi-wi-ac108pv2\/#primaryimage","url":"https:\/\/fonolukk.eu\/wp-content\/uploads\/2025\/08\/wi-ac108pv2-1.png","contentUrl":"https:\/\/fonolukk.eu\/wp-content\/uploads\/2025\/08\/wi-ac108pv2-1.png","width":800,"height":800,"caption":"WI-AC108P(V2)"},{"@type":"BreadcrumbList","@id":"https:\/\/fonolukk.eu\/et\/tooted\/wi-fi-wi-ac108pv2\/#breadcrumb","itemListElement":[{"@type":"ListItem","position":1,"name":"Esileht","item":"https:\/\/fonolukk.eu\/et\/koduleht\/"},{"@type":"ListItem","position":2,"name":"Tooted","item":"https:\/\/fonolukk.eu\/et\/shop-2\/"},{"@type":"ListItem","position":3,"name":"PoE kommutaatorid, ruuterid ja v\u00f5rguhubid","item":"https:\/\/fonolukk.eu\/et\/product-category\/poe-kommutaatorid-ruuterid-ja-vorguhubid\/"},{"@type":"ListItem","position":4,"name":"Wi-Fi WI-AC108P(V2)"}]},{"@type":"WebSite","@id":"https:\/\/fonolukk.eu\/et\/#website","url":"https:\/\/fonolukk.eu\/et\/","name":"Fonolukk eu","description":"Smart Security Systems","publisher":{"@id":"https:\/\/fonolukk.eu\/et\/#organization"},"potentialAction":[{"@type":"SearchAction","target":{"@type":"EntryPoint","urlTemplate":"https:\/\/fonolukk.eu\/et\/?s={search_term_string}"},"query-input":{"@type":"PropertyValueSpecification","valueRequired":true,"valueName":"search_term_string"}}],"inLanguage":"et"},{"@type":"Organization","@id":"https:\/\/fonolukk.eu\/et\/#organization","name":"Smart Security OU","url":"https:\/\/fonolukk.eu\/et\/","logo":{"@type":"ImageObject","inLanguage":"et","@id":"https:\/\/fonolukk.eu\/et\/#\/schema\/logo\/image\/","url":"https:\/\/fonolukk.eu\/wp-content\/uploads\/2023\/09\/fonolukk.png","contentUrl":"https:\/\/fonolukk.eu\/wp-content\/uploads\/2023\/09\/fonolukk.png","width":277,"height":274,"caption":"Smart Security OU"},"image":{"@id":"https:\/\/fonolukk.eu\/et\/#\/schema\/logo\/image\/"},"sameAs":["https:\/\/www.facebook.com\/fonolukk","https:\/\/www.instagram.com\/fonolukk\/?hl=ru"],"publishingPrinciples":"https:\/\/fonolukk.eu\/terms-and-conditions\/","ownershipFundingInfo":"https:\/\/fonolukk.eu\/about-us\/"}]},"product_price_amount":"120.16","product_price_currency":"EUR","og_availability":"instock","product_availability":"instock","product_retailer_item_id":"WI-AC108P(V2)","product_condition":"new"},"_links":{"self":[{"href":"https:\/\/fonolukk.eu\/et\/wp-json\/wp\/v2\/product\/21354","targetHints":{"allow":["GET"]}}],"collection":[{"href":"https:\/\/fonolukk.eu\/et\/wp-json\/wp\/v2\/product"}],"about":[{"href":"https:\/\/fonolukk.eu\/et\/wp-json\/wp\/v2\/types\/product"}],"version-history":[{"count":1,"href":"https:\/\/fonolukk.eu\/et\/wp-json\/wp\/v2\/product\/21354\/revisions"}],"predecessor-version":[{"id":21372,"href":"https:\/\/fonolukk.eu\/et\/wp-json\/wp\/v2\/product\/21354\/revisions\/21372"}],"wp:featuredmedia":[{"embeddable":true,"href":"https:\/\/fonolukk.eu\/et\/wp-json\/wp\/v2\/media\/21369"}],"wp:attachment":[{"href":"https:\/\/fonolukk.eu\/et\/wp-json\/wp\/v2\/media?parent=21354"}],"wp:term":[{"taxonomy":"product_brand","embeddable":true,"href":"https:\/\/fonolukk.eu\/et\/wp-json\/wp\/v2\/product_brand?post=21354"},{"taxonomy":"product_cat","embeddable":true,"href":"https:\/\/fonolukk.eu\/et\/wp-json\/wp\/v2\/product_cat?post=21354"},{"taxonomy":"product_tag","embeddable":true,"href":"https:\/\/fonolukk.eu\/et\/wp-json\/wp\/v2\/product_tag?post=21354"}],"curies":[{"name":"wp","href":"https:\/\/api.w.org\/{rel}","templated":true}]}}