{"id":21375,"date":"2025-08-29T10:05:23","date_gmt":"2025-08-29T07:05:23","guid":{"rendered":"https:\/\/fonolukk.eu\/?post_type=product&#038;p=21375"},"modified":"2025-08-29T10:13:36","modified_gmt":"2025-08-29T07:13:36","slug":"wi-fi-wi-ac105pv2","status":"publish","type":"product","link":"https:\/\/fonolukk.eu\/et\/tooted\/wi-fi-wi-ac105pv2\/","title":{"rendered":"Wi-Fi WI-AC105P(V2)"},"content":{"rendered":"<p data-start=\"54\" data-end=\"76\"><strong data-start=\"54\" data-end=\"64\">Mudel:<\/strong> WI\u2013AC105P<\/p>\n<h3 data-start=\"78\" data-end=\"102\">Riistvara omadused<\/h3>\n<p data-start=\"103\" data-end=\"117\"><strong data-start=\"103\" data-end=\"115\">Liidesed<\/strong><\/p>\n<ul data-start=\"118\" data-end=\"240\">\n<li data-start=\"118\" data-end=\"158\">\n<p data-start=\"120\" data-end=\"158\">1*10\/100\/1000Mbps PoE+ RJ45 LAN port<\/p>\n<\/li>\n<li data-start=\"159\" data-end=\"204\">\n<p data-start=\"161\" data-end=\"204\">3*10\/100\/1000Mbps PoE+ RJ45 LAN\/WAN porti<\/p>\n<\/li>\n<li data-start=\"205\" data-end=\"240\">\n<p data-start=\"207\" data-end=\"240\">1*10\/100\/1000Mbps RJ45 WAN port<\/p>\n<\/li>\n<\/ul>\n<p data-start=\"242\" data-end=\"252\"><strong data-start=\"242\" data-end=\"250\">M\u00e4lu<\/strong><\/p>\n<ul data-start=\"253\" data-end=\"283\">\n<li data-start=\"253\" data-end=\"267\">\n<p data-start=\"255\" data-end=\"267\">RAM: 512MB<\/p>\n<\/li>\n<li data-start=\"268\" data-end=\"283\">\n<p data-start=\"270\" data-end=\"283\">Flash: 16MB<\/p>\n<\/li>\n<\/ul>\n<p data-start=\"285\" data-end=\"315\"><strong data-start=\"285\" data-end=\"313\">AP \u00fchtne konfiguratsioon<\/strong><\/p>\n<ul data-start=\"316\" data-end=\"327\">\n<li data-start=\"316\" data-end=\"327\">\n<p data-start=\"318\" data-end=\"327\">32 AP-d<\/p>\n<\/li>\n<\/ul>\n<p data-start=\"329\" data-end=\"355\"><strong data-start=\"329\" data-end=\"353\">Soovitatav ribalaius<\/strong><\/p>\n<ul data-start=\"356\" data-end=\"549\">\n<li data-start=\"356\" data-end=\"423\">\n<p data-start=\"358\" data-end=\"423\">D\u00fcnaamiline IP: \u00fcleslaadimine 940 Mbps \/ allalaadimine 940 Mbps<\/p>\n<\/li>\n<li data-start=\"424\" data-end=\"490\">\n<p data-start=\"426\" data-end=\"490\">Staatiline IP: \u00fcleslaadimine 940 Mbps \/ allalaadimine 940 Mbps<\/p>\n<\/li>\n<li data-start=\"491\" data-end=\"549\">\n<p data-start=\"493\" data-end=\"549\">PPPoE: \u00fcleslaadimine 860 Mbps \/ allalaadimine 880 Mbps<\/p>\n<\/li>\n<\/ul>\n<p data-start=\"551\" data-end=\"562\"><strong data-start=\"551\" data-end=\"560\">Toide<\/strong><\/p>\n<ul data-start=\"563\" data-end=\"704\">\n<li data-start=\"563\" data-end=\"578\">\n<p data-start=\"565\" data-end=\"578\">DC 54V\/1.2A<\/p>\n<\/li>\n<li data-start=\"579\" data-end=\"628\">\n<p data-start=\"581\" data-end=\"628\">Maks. energiatarve: 63W (koos PoE koormusega)<\/p>\n<\/li>\n<li data-start=\"629\" data-end=\"661\">\n<p data-start=\"631\" data-end=\"661\">Maks. PoE toite eelarve: 55W<\/p>\n<\/li>\n<li data-start=\"662\" data-end=\"704\">\n<p data-start=\"664\" data-end=\"704\">Maks. PoE v\u00e4ljund pordi kohta: 802.3at<\/p>\n<\/li>\n<\/ul>\n<hr data-start=\"706\" data-end=\"709\" \/>\n<h3 data-start=\"711\" data-end=\"734\">Tarkvara omadused<\/h3>\n<p data-start=\"736\" data-end=\"754\"><strong data-start=\"736\" data-end=\"752\">V\u00f5rgu\u00fchendus<\/strong><\/p>\n<ul data-start=\"755\" data-end=\"815\">\n<li data-start=\"755\" data-end=\"781\">\n<p data-start=\"757\" data-end=\"781\">PPPoE sissehelistamine<\/p>\n<\/li>\n<li data-start=\"782\" data-end=\"797\">\n<p data-start=\"784\" data-end=\"797\">DHCP klient<\/p>\n<\/li>\n<li data-start=\"798\" data-end=\"815\">\n<p data-start=\"800\" data-end=\"815\">Staatiline IP<\/p>\n<\/li>\n<\/ul>\n<p data-start=\"817\" data-end=\"836\"><strong data-start=\"817\" data-end=\"834\">Marsruutimine<\/strong><\/p>\n<ul data-start=\"837\" data-end=\"1105\">\n<li data-start=\"837\" data-end=\"865\">\n<p data-start=\"839\" data-end=\"865\">Staatiline marsruutimine<\/p>\n<\/li>\n<li data-start=\"866\" data-end=\"899\">\n<p data-start=\"868\" data-end=\"899\">Poliitikap\u00f5hine marsruutimine<\/p>\n<\/li>\n<li data-start=\"900\" data-end=\"941\">\n<p data-start=\"902\" data-end=\"941\">Teenusepakkuja aadressi marsruutimine<\/p>\n<\/li>\n<li data-start=\"942\" data-end=\"965\">\n<p data-start=\"944\" data-end=\"965\">Aktiivne\/ootere\u017eiim<\/p>\n<\/li>\n<li data-start=\"966\" data-end=\"1018\">\n<p data-start=\"968\" data-end=\"1018\">Koormuse tasakaalustamine allika aadressi alusel<\/p>\n<\/li>\n<li data-start=\"1019\" data-end=\"1059\">\n<p data-start=\"1021\" data-end=\"1059\">Voo-p\u00f5hine koormuse tasakaalustamine<\/p>\n<\/li>\n<li data-start=\"1060\" data-end=\"1105\">\n<p data-start=\"1062\" data-end=\"1105\">Pordi-p\u00f5hine andmevoogude kaalutud jaotus<\/p>\n<\/li>\n<\/ul>\n<p data-start=\"1107\" data-end=\"1123\"><strong data-start=\"1107\" data-end=\"1121\">Turvalisus<\/strong><\/p>\n<ul data-start=\"1124\" data-end=\"1290\">\n<li data-start=\"1124\" data-end=\"1152\">\n<p data-start=\"1126\" data-end=\"1152\">ACL (juurdep\u00e4\u00e4suloendid)<\/p>\n<\/li>\n<li data-start=\"1153\" data-end=\"1182\">\n<p data-start=\"1155\" data-end=\"1182\">DHCP staatiline m\u00e4\u00e4ramine<\/p>\n<\/li>\n<li data-start=\"1183\" data-end=\"1213\">\n<p data-start=\"1185\" data-end=\"1213\">MAC-aadressi filtreerimine<\/p>\n<\/li>\n<li data-start=\"1214\" data-end=\"1233\">\n<p data-start=\"1216\" data-end=\"1233\">D\u00fcnaamiline ARP<\/p>\n<\/li>\n<li data-start=\"1234\" data-end=\"1261\">\n<p data-start=\"1236\" data-end=\"1261\">Staatiline ARP sidumine<\/p>\n<\/li>\n<li data-start=\"1262\" data-end=\"1269\">\n<p data-start=\"1264\" data-end=\"1269\">NAT<\/p>\n<\/li>\n<li data-start=\"1270\" data-end=\"1290\">\n<p data-start=\"1272\" data-end=\"1290\">Pordi kaardistus<\/p>\n<\/li>\n<\/ul>\n<p data-start=\"1292\" data-end=\"1320\"><strong data-start=\"1292\" data-end=\"1318\">Rakenduste tuvastamine<\/strong><\/p>\n<ul data-start=\"1321\" data-end=\"1446\">\n<li data-start=\"1321\" data-end=\"1363\">\n<p data-start=\"1323\" data-end=\"1363\">Toetus WAN koormuse tasakaalustamiseks<\/p>\n<\/li>\n<li data-start=\"1364\" data-end=\"1393\">\n<p data-start=\"1366\" data-end=\"1393\">Toetus ONVIF protokollile<\/p>\n<\/li>\n<li data-start=\"1394\" data-end=\"1424\">\n<p data-start=\"1396\" data-end=\"1424\">Toetus 802.1Q VLAN TAG-ile<\/p>\n<\/li>\n<li data-start=\"1425\" data-end=\"1446\">\n<p data-start=\"1427\" data-end=\"1446\">Toetus SD-LAN-ile<\/p>\n<\/li>\n<\/ul>\n<p data-start=\"1448\" data-end=\"1472\"><strong data-start=\"1448\" data-end=\"1470\">Liikluse juhtimine<\/strong><\/p>\n<ul data-start=\"1473\" data-end=\"1560\">\n<li data-start=\"1473\" data-end=\"1517\">\n<p data-start=\"1475\" data-end=\"1517\">Kohandatud liikluse juhtimise poliitikad<\/p>\n<\/li>\n<li data-start=\"1518\" data-end=\"1560\">\n<p data-start=\"1520\" data-end=\"1560\">IP-p\u00f5hine automaatne ribalaiuse jaotus<\/p>\n<\/li>\n<\/ul>\n<p data-start=\"1562\" data-end=\"1582\"><strong data-start=\"1562\" data-end=\"1580\">Liikluse audit<\/strong><\/p>\n<ul data-start=\"1583\" data-end=\"1644\">\n<li data-start=\"1583\" data-end=\"1611\">\n<p data-start=\"1585\" data-end=\"1611\">Reaalajas liikluse audit<\/p>\n<\/li>\n<li data-start=\"1612\" data-end=\"1644\">\n<p data-start=\"1614\" data-end=\"1644\">IP-liikluse visualiseerimine<\/p>\n<\/li>\n<\/ul>\n<p data-start=\"1646\" data-end=\"1663\"><strong data-start=\"1646\" data-end=\"1661\">Autentimine<\/strong><\/p>\n<ul data-start=\"1664\" data-end=\"1814\">\n<li data-start=\"1664\" data-end=\"1682\">\n<p data-start=\"1666\" data-end=\"1682\">Captive Portal<\/p>\n<\/li>\n<li data-start=\"1683\" data-end=\"1707\">\n<p data-start=\"1685\" data-end=\"1707\">\u00dche nupu autentimine<\/p>\n<\/li>\n<li data-start=\"1708\" data-end=\"1729\">\n<p data-start=\"1710\" data-end=\"1729\">Eeljagatud parool<\/p>\n<\/li>\n<li data-start=\"1730\" data-end=\"1762\">\n<p data-start=\"1732\" data-end=\"1762\">Kohalik kasutaja autentimine<\/p>\n<\/li>\n<li data-start=\"1763\" data-end=\"1791\">\n<p data-start=\"1765\" data-end=\"1791\">Vaut\u0161er, SMS autentimine<\/p>\n<\/li>\n<li data-start=\"1792\" data-end=\"1814\">\n<p data-start=\"1794\" data-end=\"1814\">RADIUS autentimine<\/p>\n<\/li>\n<\/ul>\n<p data-start=\"1816\" data-end=\"1825\"><strong data-start=\"1816\" data-end=\"1823\">VPN<\/strong><\/p>\n<ul data-start=\"1826\" data-end=\"1865\">\n<li data-start=\"1826\" data-end=\"1837\">\n<p data-start=\"1828\" data-end=\"1837\">OpenVPN<\/p>\n<\/li>\n<li data-start=\"1838\" data-end=\"1846\">\n<p data-start=\"1840\" data-end=\"1846\">PPTP<\/p>\n<\/li>\n<li data-start=\"1847\" data-end=\"1855\">\n<p data-start=\"1849\" data-end=\"1855\">L2TP<\/p>\n<\/li>\n<li data-start=\"1856\" data-end=\"1865\">\n<p data-start=\"1858\" data-end=\"1865\">IPsec<\/p>\n<\/li>\n<\/ul>\n<p data-start=\"1867\" data-end=\"1889\"><strong data-start=\"1867\" data-end=\"1887\">K\u00e4itumise haldus<\/strong><\/p>\n<ul data-start=\"1890\" data-end=\"1963\">\n<li data-start=\"1890\" data-end=\"1932\">\n<p data-start=\"1892\" data-end=\"1932\">Aja- ja IP-p\u00f5hine juurdep\u00e4\u00e4su kontroll<\/p>\n<\/li>\n<li data-start=\"1933\" data-end=\"1963\">\n<p data-start=\"1935\" data-end=\"1963\">Veebilehtede filtreerimine<\/p>\n<\/li>\n<\/ul>\n<p data-start=\"1965\" data-end=\"1974\"><strong data-start=\"1965\" data-end=\"1972\">Muu<\/strong><\/p>\n<ul data-start=\"1975\" data-end=\"2035\">\n<li data-start=\"1975\" data-end=\"2014\">\n<p data-start=\"1977\" data-end=\"2014\">Toetus automaatsele AP avastamisele<\/p>\n<\/li>\n<li data-start=\"2015\" data-end=\"2035\">\n<p data-start=\"2017\" data-end=\"2035\">RF optimeerimine<\/p>\n<\/li>\n<\/ul>\n","protected":false},"excerpt":{"rendered":"<p data-start=\"43\" data-end=\"300\">\u25cf 5 Gigabit porti (1 \u00d7 WAN + 3 \u00d7 WAN\/LAN + 1 \u00d7 LAN)<br data-start=\"94\" data-end=\"97\" \/>\u25cf 4 PoE v\u00e4ljundporti standardiga 802.3af\/at<br data-start=\"140\" data-end=\"143\" \/>\u25cf Toetus Multi-WAN koormuse tasakaalustamiseks<br data-start=\"189\" data-end=\"192\" \/>\u25cf Keskne haldus AP-dele<br data-start=\"215\" data-end=\"218\" data-is-only-node=\"\" \/>\u25cf Toetus PPTP\/L2TP\/IPsec\/OpenVPN<br data-start=\"250\" data-end=\"253\" \/>\u25cf Toetus SD-LAN-ile<br data-start=\"272\" data-end=\"275\" \/>\u25cf Toetus pilvehaldusele<\/p>\n<p data-start=\"302\" data-end=\"329\">[wpdm_package id='21377']<\/p>\n","protected":false},"featured_media":21389,"template":"","meta":[],"product_brand":[],"product_cat":[1705,1708],"product_tag":[],"class_list":{"0":"post-21375","1":"product","2":"type-product","3":"status-publish","4":"has-post-thumbnail","6":"product_cat-poe-kommutaatorid-ruuterid-ja-vorguhubid","7":"product_cat-vorgutooted","9":"first","10":"instock","11":"taxable","12":"shipping-taxable","13":"purchasable","14":"product-type-simple"},"yoast_head":"<!-- This site is optimized with the Yoast SEO Premium plugin v27.3 (Yoast SEO v27.3) - https:\/\/yoast.com\/product\/yoast-seo-premium-wordpress\/ -->\n<title>WI-AC105P(V2) - Fonolukk<\/title>\n<meta name=\"description\" content=\"Wi-Fi WI-AC105P(V2) - P\u00f5hineb portidel andmevoogude kaalutud koormuse jaotus. Toetab Multi-WAN koormuse tasakaalustamist.\" \/>\n<meta name=\"robots\" content=\"index, follow, max-snippet:-1, max-image-preview:large, max-video-preview:-1\" \/>\n<link rel=\"canonical\" href=\"https:\/\/fonolukk.eu\/et\/tooted\/wi-fi-wi-ac105pv2\/\" \/>\n<meta property=\"og:locale\" content=\"et_EE\" \/>\n<meta property=\"og:type\" content=\"article\" \/>\n<meta property=\"og:title\" content=\"Wi-Fi WI-AC105P(V2)\" \/>\n<meta property=\"og:description\" content=\"\u25cf 5 Gigabit porti (1 \u00d7 WAN + 3 \u00d7 WAN\/LAN + 1 \u00d7 LAN)\u25cf 4 PoE v\u00e4ljundporti standardiga 802.3af\/at\u25cf Toetus Multi-WAN koormuse tasakaalustamiseks\u25cf Keskne haldus AP-dele\u25cf Toetus PPTP\/L2TP\/IPsec\/OpenVPN\u25cf Toetus SD-LAN-ile\u25cf Toetus pilvehaldusele\" \/>\n<meta property=\"og:url\" content=\"https:\/\/fonolukk.eu\/et\/tooted\/wi-fi-wi-ac105pv2\/\" \/>\n<meta property=\"og:site_name\" content=\"Fonolukk\" \/>\n<meta property=\"article:publisher\" content=\"https:\/\/www.facebook.com\/fonolukk\" \/>\n<meta property=\"article:modified_time\" content=\"2025-08-29T07:13:36+00:00\" \/>\n<meta property=\"og:image\" content=\"https:\/\/fonolukk.eu\/wp-content\/uploads\/2025\/08\/wi-ac105pv2-1.png\" \/>\n\t<meta property=\"og:image:width\" content=\"800\" \/>\n\t<meta property=\"og:image:height\" content=\"800\" \/>\n\t<meta property=\"og:image:type\" content=\"image\/png\" \/>\n<meta name=\"twitter:card\" content=\"summary_large_image\" \/>\n<meta name=\"twitter:label1\" content=\"Hind\" \/>\n\t<meta name=\"twitter:data1\" content=\"&euro;71.77 koos KM\" \/>\n\t<meta name=\"twitter:label2\" content=\"Availability\" \/>\n\t<meta name=\"twitter:data2\" content=\"Laos\" \/>\n<script type=\"application\/ld+json\" class=\"yoast-schema-graph\">{\"@context\":\"https:\\\/\\\/schema.org\",\"@graph\":[{\"@type\":\"WebPage\",\"@id\":\"https:\\\/\\\/fonolukk.eu\\\/et\\\/tooted\\\/wi-fi-wi-ac105pv2\\\/\",\"url\":\"https:\\\/\\\/fonolukk.eu\\\/et\\\/tooted\\\/wi-fi-wi-ac105pv2\\\/\",\"name\":\"WI-AC105P(V2) - Fonolukk\",\"isPartOf\":{\"@id\":\"https:\\\/\\\/fonolukk.eu\\\/et\\\/#website\"},\"primaryImageOfPage\":{\"@id\":\"https:\\\/\\\/fonolukk.eu\\\/et\\\/tooted\\\/wi-fi-wi-ac105pv2\\\/#primaryimage\"},\"image\":{\"@id\":\"https:\\\/\\\/fonolukk.eu\\\/et\\\/tooted\\\/wi-fi-wi-ac105pv2\\\/#primaryimage\"},\"thumbnailUrl\":\"https:\\\/\\\/fonolukk.eu\\\/wp-content\\\/uploads\\\/2025\\\/08\\\/wi-ac105pv2-1.png\",\"datePublished\":\"2025-08-29T07:05:23+00:00\",\"dateModified\":\"2025-08-29T07:13:36+00:00\",\"description\":\"Wi-Fi WI-AC105P(V2) - P\u00f5hineb portidel andmevoogude kaalutud koormuse jaotus. Toetab Multi-WAN koormuse tasakaalustamist.\",\"breadcrumb\":{\"@id\":\"https:\\\/\\\/fonolukk.eu\\\/et\\\/tooted\\\/wi-fi-wi-ac105pv2\\\/#breadcrumb\"},\"inLanguage\":\"et\",\"potentialAction\":[{\"@type\":\"ReadAction\",\"target\":[\"https:\\\/\\\/fonolukk.eu\\\/et\\\/tooted\\\/wi-fi-wi-ac105pv2\\\/\"]}]},{\"@type\":\"ImageObject\",\"inLanguage\":\"et\",\"@id\":\"https:\\\/\\\/fonolukk.eu\\\/et\\\/tooted\\\/wi-fi-wi-ac105pv2\\\/#primaryimage\",\"url\":\"https:\\\/\\\/fonolukk.eu\\\/wp-content\\\/uploads\\\/2025\\\/08\\\/wi-ac105pv2-1.png\",\"contentUrl\":\"https:\\\/\\\/fonolukk.eu\\\/wp-content\\\/uploads\\\/2025\\\/08\\\/wi-ac105pv2-1.png\",\"width\":800,\"height\":800,\"caption\":\"WI-AC105P(V2)\"},{\"@type\":\"BreadcrumbList\",\"@id\":\"https:\\\/\\\/fonolukk.eu\\\/et\\\/tooted\\\/wi-fi-wi-ac105pv2\\\/#breadcrumb\",\"itemListElement\":[{\"@type\":\"ListItem\",\"position\":1,\"name\":\"Esileht\",\"item\":\"https:\\\/\\\/fonolukk.eu\\\/et\\\/koduleht\\\/\"},{\"@type\":\"ListItem\",\"position\":2,\"name\":\"Tooted\",\"item\":\"https:\\\/\\\/fonolukk.eu\\\/et\\\/shop-2\\\/\"},{\"@type\":\"ListItem\",\"position\":3,\"name\":\"PoE kommutaatorid, ruuterid ja v\u00f5rguhubid\",\"item\":\"https:\\\/\\\/fonolukk.eu\\\/et\\\/product-category\\\/poe-kommutaatorid-ruuterid-ja-vorguhubid\\\/\"},{\"@type\":\"ListItem\",\"position\":4,\"name\":\"Wi-Fi WI-AC105P(V2)\"}]},{\"@type\":\"WebSite\",\"@id\":\"https:\\\/\\\/fonolukk.eu\\\/et\\\/#website\",\"url\":\"https:\\\/\\\/fonolukk.eu\\\/et\\\/\",\"name\":\"Fonolukk eu\",\"description\":\"Smart Security Systems\",\"publisher\":{\"@id\":\"https:\\\/\\\/fonolukk.eu\\\/et\\\/#organization\"},\"potentialAction\":[{\"@type\":\"SearchAction\",\"target\":{\"@type\":\"EntryPoint\",\"urlTemplate\":\"https:\\\/\\\/fonolukk.eu\\\/et\\\/?s={search_term_string}\"},\"query-input\":{\"@type\":\"PropertyValueSpecification\",\"valueRequired\":true,\"valueName\":\"search_term_string\"}}],\"inLanguage\":\"et\"},{\"@type\":\"Organization\",\"@id\":\"https:\\\/\\\/fonolukk.eu\\\/et\\\/#organization\",\"name\":\"Smart Security OU\",\"url\":\"https:\\\/\\\/fonolukk.eu\\\/et\\\/\",\"logo\":{\"@type\":\"ImageObject\",\"inLanguage\":\"et\",\"@id\":\"https:\\\/\\\/fonolukk.eu\\\/et\\\/#\\\/schema\\\/logo\\\/image\\\/\",\"url\":\"https:\\\/\\\/fonolukk.eu\\\/wp-content\\\/uploads\\\/2023\\\/09\\\/fonolukk.png\",\"contentUrl\":\"https:\\\/\\\/fonolukk.eu\\\/wp-content\\\/uploads\\\/2023\\\/09\\\/fonolukk.png\",\"width\":277,\"height\":274,\"caption\":\"Smart Security OU\"},\"image\":{\"@id\":\"https:\\\/\\\/fonolukk.eu\\\/et\\\/#\\\/schema\\\/logo\\\/image\\\/\"},\"sameAs\":[\"https:\\\/\\\/www.facebook.com\\\/fonolukk\",\"https:\\\/\\\/www.instagram.com\\\/fonolukk\\\/?hl=ru\"],\"publishingPrinciples\":\"https:\\\/\\\/fonolukk.eu\\\/terms-and-conditions\\\/\",\"ownershipFundingInfo\":\"https:\\\/\\\/fonolukk.eu\\\/about-us\\\/\"}]}<\/script>\n<meta property=\"product:price:amount\" content=\"71.77\" \/>\n<meta property=\"product:price:currency\" content=\"EUR\" \/>\n<meta property=\"og:availability\" content=\"instock\" \/>\n<meta property=\"product:availability\" content=\"instock\" \/>\n<meta property=\"product:retailer_item_id\" content=\"WI-AC105P(V2)\" \/>\n<meta property=\"product:condition\" content=\"new\" \/>\n<!-- \/ Yoast SEO Premium plugin. -->","yoast_head_json":{"title":"WI-AC105P(V2) - Fonolukk","description":"Wi-Fi WI-AC105P(V2) - P\u00f5hineb portidel andmevoogude kaalutud koormuse jaotus. Toetab Multi-WAN koormuse tasakaalustamist.","robots":{"index":"index","follow":"follow","max-snippet":"max-snippet:-1","max-image-preview":"max-image-preview:large","max-video-preview":"max-video-preview:-1"},"canonical":"https:\/\/fonolukk.eu\/et\/tooted\/wi-fi-wi-ac105pv2\/","og_locale":"et_EE","og_type":"article","og_title":"Wi-Fi WI-AC105P(V2)","og_description":"\u25cf 5 Gigabit porti (1 \u00d7 WAN + 3 \u00d7 WAN\/LAN + 1 \u00d7 LAN)\u25cf 4 PoE v\u00e4ljundporti standardiga 802.3af\/at\u25cf Toetus Multi-WAN koormuse tasakaalustamiseks\u25cf Keskne haldus AP-dele\u25cf Toetus PPTP\/L2TP\/IPsec\/OpenVPN\u25cf Toetus SD-LAN-ile\u25cf Toetus pilvehaldusele","og_url":"https:\/\/fonolukk.eu\/et\/tooted\/wi-fi-wi-ac105pv2\/","og_site_name":"Fonolukk","article_publisher":"https:\/\/www.facebook.com\/fonolukk","article_modified_time":"2025-08-29T07:13:36+00:00","og_image":[{"width":800,"height":800,"url":"https:\/\/fonolukk.eu\/wp-content\/uploads\/2025\/08\/wi-ac105pv2-1.png","type":"image\/png"}],"twitter_card":"summary_large_image","twitter_misc":{"Hind":"&euro;71.77 koos KM","Availability":"Laos"},"schema":{"@context":"https:\/\/schema.org","@graph":[{"@type":"WebPage","@id":"https:\/\/fonolukk.eu\/et\/tooted\/wi-fi-wi-ac105pv2\/","url":"https:\/\/fonolukk.eu\/et\/tooted\/wi-fi-wi-ac105pv2\/","name":"WI-AC105P(V2) - Fonolukk","isPartOf":{"@id":"https:\/\/fonolukk.eu\/et\/#website"},"primaryImageOfPage":{"@id":"https:\/\/fonolukk.eu\/et\/tooted\/wi-fi-wi-ac105pv2\/#primaryimage"},"image":{"@id":"https:\/\/fonolukk.eu\/et\/tooted\/wi-fi-wi-ac105pv2\/#primaryimage"},"thumbnailUrl":"https:\/\/fonolukk.eu\/wp-content\/uploads\/2025\/08\/wi-ac105pv2-1.png","datePublished":"2025-08-29T07:05:23+00:00","dateModified":"2025-08-29T07:13:36+00:00","description":"Wi-Fi WI-AC105P(V2) - P\u00f5hineb portidel andmevoogude kaalutud koormuse jaotus. Toetab Multi-WAN koormuse tasakaalustamist.","breadcrumb":{"@id":"https:\/\/fonolukk.eu\/et\/tooted\/wi-fi-wi-ac105pv2\/#breadcrumb"},"inLanguage":"et","potentialAction":[{"@type":"ReadAction","target":["https:\/\/fonolukk.eu\/et\/tooted\/wi-fi-wi-ac105pv2\/"]}]},{"@type":"ImageObject","inLanguage":"et","@id":"https:\/\/fonolukk.eu\/et\/tooted\/wi-fi-wi-ac105pv2\/#primaryimage","url":"https:\/\/fonolukk.eu\/wp-content\/uploads\/2025\/08\/wi-ac105pv2-1.png","contentUrl":"https:\/\/fonolukk.eu\/wp-content\/uploads\/2025\/08\/wi-ac105pv2-1.png","width":800,"height":800,"caption":"WI-AC105P(V2)"},{"@type":"BreadcrumbList","@id":"https:\/\/fonolukk.eu\/et\/tooted\/wi-fi-wi-ac105pv2\/#breadcrumb","itemListElement":[{"@type":"ListItem","position":1,"name":"Esileht","item":"https:\/\/fonolukk.eu\/et\/koduleht\/"},{"@type":"ListItem","position":2,"name":"Tooted","item":"https:\/\/fonolukk.eu\/et\/shop-2\/"},{"@type":"ListItem","position":3,"name":"PoE kommutaatorid, ruuterid ja v\u00f5rguhubid","item":"https:\/\/fonolukk.eu\/et\/product-category\/poe-kommutaatorid-ruuterid-ja-vorguhubid\/"},{"@type":"ListItem","position":4,"name":"Wi-Fi WI-AC105P(V2)"}]},{"@type":"WebSite","@id":"https:\/\/fonolukk.eu\/et\/#website","url":"https:\/\/fonolukk.eu\/et\/","name":"Fonolukk eu","description":"Smart Security Systems","publisher":{"@id":"https:\/\/fonolukk.eu\/et\/#organization"},"potentialAction":[{"@type":"SearchAction","target":{"@type":"EntryPoint","urlTemplate":"https:\/\/fonolukk.eu\/et\/?s={search_term_string}"},"query-input":{"@type":"PropertyValueSpecification","valueRequired":true,"valueName":"search_term_string"}}],"inLanguage":"et"},{"@type":"Organization","@id":"https:\/\/fonolukk.eu\/et\/#organization","name":"Smart Security OU","url":"https:\/\/fonolukk.eu\/et\/","logo":{"@type":"ImageObject","inLanguage":"et","@id":"https:\/\/fonolukk.eu\/et\/#\/schema\/logo\/image\/","url":"https:\/\/fonolukk.eu\/wp-content\/uploads\/2023\/09\/fonolukk.png","contentUrl":"https:\/\/fonolukk.eu\/wp-content\/uploads\/2023\/09\/fonolukk.png","width":277,"height":274,"caption":"Smart Security OU"},"image":{"@id":"https:\/\/fonolukk.eu\/et\/#\/schema\/logo\/image\/"},"sameAs":["https:\/\/www.facebook.com\/fonolukk","https:\/\/www.instagram.com\/fonolukk\/?hl=ru"],"publishingPrinciples":"https:\/\/fonolukk.eu\/terms-and-conditions\/","ownershipFundingInfo":"https:\/\/fonolukk.eu\/about-us\/"}]},"product_price_amount":"71.77","product_price_currency":"EUR","og_availability":"instock","product_availability":"instock","product_retailer_item_id":"WI-AC105P(V2)","product_condition":"new"},"_links":{"self":[{"href":"https:\/\/fonolukk.eu\/et\/wp-json\/wp\/v2\/product\/21375","targetHints":{"allow":["GET"]}}],"collection":[{"href":"https:\/\/fonolukk.eu\/et\/wp-json\/wp\/v2\/product"}],"about":[{"href":"https:\/\/fonolukk.eu\/et\/wp-json\/wp\/v2\/types\/product"}],"version-history":[{"count":1,"href":"https:\/\/fonolukk.eu\/et\/wp-json\/wp\/v2\/product\/21375\/revisions"}],"predecessor-version":[{"id":21393,"href":"https:\/\/fonolukk.eu\/et\/wp-json\/wp\/v2\/product\/21375\/revisions\/21393"}],"wp:featuredmedia":[{"embeddable":true,"href":"https:\/\/fonolukk.eu\/et\/wp-json\/wp\/v2\/media\/21389"}],"wp:attachment":[{"href":"https:\/\/fonolukk.eu\/et\/wp-json\/wp\/v2\/media?parent=21375"}],"wp:term":[{"taxonomy":"product_brand","embeddable":true,"href":"https:\/\/fonolukk.eu\/et\/wp-json\/wp\/v2\/product_brand?post=21375"},{"taxonomy":"product_cat","embeddable":true,"href":"https:\/\/fonolukk.eu\/et\/wp-json\/wp\/v2\/product_cat?post=21375"},{"taxonomy":"product_tag","embeddable":true,"href":"https:\/\/fonolukk.eu\/et\/wp-json\/wp\/v2\/product_tag?post=21375"}],"curies":[{"name":"wp","href":"https:\/\/api.w.org\/{rel}","templated":true}]}}