{"id":21396,"date":"2025-08-29T10:27:27","date_gmt":"2025-08-29T07:27:27","guid":{"rendered":"https:\/\/fonolukk.eu\/?post_type=product&#038;p=21396"},"modified":"2025-08-29T10:41:34","modified_gmt":"2025-08-29T07:41:34","slug":"pilvepohised-paasupunktid-wi-ap216","status":"publish","type":"product","link":"https:\/\/fonolukk.eu\/et\/tooted\/pilvepohised-paasupunktid-wi-ap216\/","title":{"rendered":"Pilvep\u00f5hised p\u00e4\u00e4supunktid WI-AP216"},"content":{"rendered":"<p data-start=\"43\" data-end=\"93\"><strong data-start=\"43\" data-end=\"53\">Mudel:<\/strong> WI\u2013AP216<br data-start=\"62\" data-end=\"65\" \/><strong data-start=\"65\" data-end=\"88\">Riistvara versioon:<\/strong> V1<\/p>\n<h3 data-start=\"95\" data-end=\"119\">Riistvara omadused<\/h3>\n<ul data-start=\"120\" data-end=\"358\">\n<li data-start=\"120\" data-end=\"153\">\n<p data-start=\"122\" data-end=\"153\"><strong data-start=\"122\" data-end=\"131\">M\u00e4lu:<\/strong> 64MB RAM, 8MB Flash<\/p>\n<\/li>\n<li data-start=\"154\" data-end=\"246\">\n<p data-start=\"156\" data-end=\"246\"><strong data-start=\"156\" data-end=\"169\">Liidesed:<\/strong> 2*10\/100Mbps Base\u2013T Etherneti porti (WAN port toetab 802.3af PoE sisendit)<\/p>\n<\/li>\n<li data-start=\"247\" data-end=\"278\">\n<p data-start=\"249\" data-end=\"278\"><strong data-start=\"249\" data-end=\"258\">Nupp:<\/strong> 1*L\u00e4htestamisnupp<\/p>\n<\/li>\n<li data-start=\"279\" data-end=\"326\">\n<p data-start=\"281\" data-end=\"326\"><strong data-start=\"281\" data-end=\"291\">Toide:<\/strong> 802.3af PoE sisend v\u00f5i DC 12V\/1A<\/p>\n<\/li>\n<li data-start=\"327\" data-end=\"358\">\n<p data-start=\"329\" data-end=\"358\"><strong data-start=\"329\" data-end=\"352\">Maks. energiatarve:<\/strong> 10W<\/p>\n<\/li>\n<\/ul>\n<h3 data-start=\"360\" data-end=\"383\">Traadita omadused<\/h3>\n<ul data-start=\"384\" data-end=\"797\">\n<li data-start=\"384\" data-end=\"425\">\n<p data-start=\"386\" data-end=\"425\"><strong data-start=\"386\" data-end=\"401\">Standardid:<\/strong> IEEE 802.11a\/b\/g\/n\/ac<\/p>\n<\/li>\n<li data-start=\"426\" data-end=\"471\">\n<p data-start=\"428\" data-end=\"471\"><strong data-start=\"428\" data-end=\"463\">Maks.\/soovitatav klientide arv:<\/strong> 48\/36<\/p>\n<\/li>\n<li data-start=\"472\" data-end=\"553\">\n<p data-start=\"474\" data-end=\"501\"><strong data-start=\"474\" data-end=\"499\">Andmeedastuskiirused:<\/strong><\/p>\n<ul data-start=\"504\" data-end=\"553\">\n<li data-start=\"504\" data-end=\"528\">\n<p data-start=\"506\" data-end=\"528\">2.4GHz: kuni 300Mbps<\/p>\n<\/li>\n<li data-start=\"531\" data-end=\"553\">\n<p data-start=\"533\" data-end=\"553\">5GHz: kuni 867Mbps<\/p>\n<\/li>\n<\/ul>\n<\/li>\n<li data-start=\"554\" data-end=\"601\">\n<p data-start=\"556\" data-end=\"567\"><strong data-start=\"556\" data-end=\"565\">MIMO:<\/strong><\/p>\n<ul data-start=\"570\" data-end=\"601\">\n<li data-start=\"570\" data-end=\"585\">\n<p data-start=\"572\" data-end=\"585\">2.4GHz: 2&#215;2<\/p>\n<\/li>\n<li data-start=\"588\" data-end=\"601\">\n<p data-start=\"590\" data-end=\"601\">5GHz: 2&#215;2<\/p>\n<\/li>\n<\/ul>\n<\/li>\n<li data-start=\"602\" data-end=\"666\">\n<p data-start=\"604\" data-end=\"628\"><strong data-start=\"604\" data-end=\"626\">Antenni v\u00f5imendus:<\/strong><\/p>\n<ul data-start=\"631\" data-end=\"666\">\n<li data-start=\"631\" data-end=\"649\">\n<p data-start=\"633\" data-end=\"649\">2.4GHz: 4.6dBi<\/p>\n<\/li>\n<li data-start=\"652\" data-end=\"666\">\n<p data-start=\"654\" data-end=\"666\">5GHz: 4dBi<\/p>\n<\/li>\n<\/ul>\n<\/li>\n<li data-start=\"667\" data-end=\"698\">\n<p data-start=\"669\" data-end=\"698\"><strong data-start=\"669\" data-end=\"683\">Sagedused:<\/strong> 2.4GHz, 5GHz<\/p>\n<\/li>\n<li data-start=\"699\" data-end=\"767\">\n<p data-start=\"701\" data-end=\"720\"><strong data-start=\"701\" data-end=\"718\">Kanali laius:<\/strong><\/p>\n<ul data-start=\"723\" data-end=\"767\">\n<li data-start=\"723\" data-end=\"743\">\n<p data-start=\"725\" data-end=\"743\">2.4GHz: 20\/40MHz<\/p>\n<\/li>\n<li data-start=\"746\" data-end=\"767\">\n<p data-start=\"748\" data-end=\"767\">5GHz: 20\/40\/80MHz<\/p>\n<\/li>\n<\/ul>\n<\/li>\n<li data-start=\"768\" data-end=\"797\">\n<p data-start=\"770\" data-end=\"797\"><strong data-start=\"770\" data-end=\"789\">Saatja v\u00f5imsus:<\/strong> 23dBm<\/p>\n<\/li>\n<\/ul>\n<h3 data-start=\"799\" data-end=\"822\">Tarkvara omadused<\/h3>\n<p data-start=\"824\" data-end=\"848\"><strong data-start=\"824\" data-end=\"846\">Traadita t\u00f6\u00f6re\u017eiim<\/strong><\/p>\n<ul data-start=\"849\" data-end=\"893\">\n<li data-start=\"849\" data-end=\"893\">\n<p data-start=\"851\" data-end=\"893\">Fit AP\/Fat AP (vaikimisi: Fit AP re\u017eiim)<\/p>\n<\/li>\n<\/ul>\n<p data-start=\"895\" data-end=\"905\"><strong data-start=\"895\" data-end=\"903\">V\u00f5rk<\/strong><\/p>\n<ul data-start=\"906\" data-end=\"997\">\n<li data-start=\"906\" data-end=\"944\">\n<p data-start=\"908\" data-end=\"944\">LAN: Staatiline IP, D\u00fcnaamiline IP<\/p>\n<\/li>\n<li data-start=\"945\" data-end=\"997\">\n<p data-start=\"947\" data-end=\"997\">WAN: Staatiline IP, D\u00fcnaamiline IP, PPPoE klient<\/p>\n<\/li>\n<\/ul>\n<p data-start=\"999\" data-end=\"1020\"><strong data-start=\"999\" data-end=\"1018\">Traadita seaded<\/strong><\/p>\n<ul data-start=\"1021\" data-end=\"1098\">\n<li data-start=\"1021\" data-end=\"1062\">\n<p data-start=\"1023\" data-end=\"1062\">Traadita v\u00f5rgu lubamine v\u00f5i keelamine<\/p>\n<\/li>\n<li data-start=\"1063\" data-end=\"1080\">\n<p data-start=\"1065\" data-end=\"1080\">SSID muutmine<\/p>\n<\/li>\n<li data-start=\"1081\" data-end=\"1098\">\n<p data-start=\"1083\" data-end=\"1098\">SSID peitmine<\/p>\n<\/li>\n<\/ul>\n<p data-start=\"1100\" data-end=\"1125\"><strong data-start=\"1100\" data-end=\"1123\">Traadita turvalisus<\/strong><\/p>\n<ul data-start=\"1126\" data-end=\"1198\">\n<li data-start=\"1126\" data-end=\"1198\">\n<p data-start=\"1128\" data-end=\"1198\">WPA\u2013TKIP, WPA2\u2013AES, WPA1\/WPA2\u2013Mixed, WPA\u2013Enterprise, WPA2\u2013Enterprise<\/p>\n<\/li>\n<\/ul>\n<p data-start=\"1200\" data-end=\"1210\"><strong data-start=\"1200\" data-end=\"1208\">VLAN<\/strong><\/p>\n<ul data-start=\"1211\" data-end=\"1277\">\n<li data-start=\"1211\" data-end=\"1242\">\n<p data-start=\"1213\" data-end=\"1242\">Toetus IEEE 802.1Q VLAN-ile<\/p>\n<\/li>\n<li data-start=\"1243\" data-end=\"1277\">\n<p data-start=\"1245\" data-end=\"1277\">Toetus SSID\u2013VLAN kaardistusele<\/p>\n<\/li>\n<\/ul>\n<p data-start=\"1279\" data-end=\"1298\"><strong data-start=\"1279\" data-end=\"1296\">Wi-Fi ajakava<\/strong><\/p>\n<ul data-start=\"1299\" data-end=\"1306\">\n<li data-start=\"1299\" data-end=\"1306\">\n<p data-start=\"1301\" data-end=\"1306\">Jah<\/p>\n<\/li>\n<\/ul>\n<p data-start=\"1308\" data-end=\"1328\"><strong data-start=\"1308\" data-end=\"1326\">RF parameetrid<\/strong><\/p>\n<ul data-start=\"1329\" data-end=\"1628\">\n<li data-start=\"1329\" data-end=\"1350\">\n<p data-start=\"1331\" data-end=\"1350\">Reguleeritav riik<\/p>\n<\/li>\n<li data-start=\"1351\" data-end=\"1385\">\n<p data-start=\"1353\" data-end=\"1385\">Automaatne kanali laiuse valik<\/p>\n<\/li>\n<li data-start=\"1386\" data-end=\"1415\">\n<p data-start=\"1388\" data-end=\"1415\">Automaatne sageduse valik<\/p>\n<\/li>\n<li data-start=\"1416\" data-end=\"1447\">\n<p data-start=\"1418\" data-end=\"1447\">Reguleeritav saatja v\u00f5imsus<\/p>\n<\/li>\n<li data-start=\"1448\" data-end=\"1483\">\n<p data-start=\"1450\" data-end=\"1483\">Max seotud STA (vaikimisi: 128)<\/p>\n<\/li>\n<li data-start=\"1484\" data-end=\"1543\">\n<p data-start=\"1486\" data-end=\"1543\">N\u00f5rga signaali tagasil\u00fckkamise l\u00e4vi (vaikimisi: \u201395dBm)<\/p>\n<\/li>\n<li data-start=\"1544\" data-end=\"1591\">\n<p data-start=\"1546\" data-end=\"1591\">Kasutaja isoleerimine (vaikimisi: keelatud)<\/p>\n<\/li>\n<li data-start=\"1592\" data-end=\"1628\">\n<p data-start=\"1594\" data-end=\"1628\">Toetus Wi-Fi multimeediale (WMM)<\/p>\n<\/li>\n<\/ul>\n<p data-start=\"1630\" data-end=\"1657\"><strong data-start=\"1630\" data-end=\"1655\">T\u00e4psemad funktsioonid<\/strong><\/p>\n<ul data-start=\"1658\" data-end=\"1806\">\n<li data-start=\"1658\" data-end=\"1699\">\n<p data-start=\"1660\" data-end=\"1699\">Mitu SSID-d (kuni 8 iga raadio kohta)<\/p>\n<\/li>\n<li data-start=\"1700\" data-end=\"1717\">\n<p data-start=\"1702\" data-end=\"1717\">Ping Watchdog<\/p>\n<\/li>\n<li data-start=\"1718\" data-end=\"1744\">\n<p data-start=\"1720\" data-end=\"1744\">Ajastatud taask\u00e4ivitus<\/p>\n<\/li>\n<li data-start=\"1745\" data-end=\"1760\">\n<p data-start=\"1747\" data-end=\"1760\">DHCP server<\/p>\n<\/li>\n<li data-start=\"1761\" data-end=\"1775\">\n<p data-start=\"1763\" data-end=\"1775\">NTP server<\/p>\n<\/li>\n<li data-start=\"1776\" data-end=\"1806\">\n<p data-start=\"1778\" data-end=\"1806\">Diagnostika: PING, TRACERT<\/p>\n<\/li>\n<\/ul>\n<p data-start=\"1808\" data-end=\"1834\"><strong data-start=\"1808\" data-end=\"1832\">Seisundi monitooring<\/strong><\/p>\n<ul data-start=\"1835\" data-end=\"2035\">\n<li data-start=\"1835\" data-end=\"1891\">\n<p data-start=\"1837\" data-end=\"1891\">P\u00f5hiinfo: LAN\/WAN info, traadita info, s\u00fcsteemi info<\/p>\n<\/li>\n<li data-start=\"1892\" data-end=\"1910\">\n<p data-start=\"1894\" data-end=\"1910\">Raadio staatus<\/p>\n<\/li>\n<li data-start=\"1911\" data-end=\"1941\">\n<p data-start=\"1913\" data-end=\"1941\">Reaalajas liikluse graafik<\/p>\n<\/li>\n<li data-start=\"1942\" data-end=\"1968\">\n<p data-start=\"1944\" data-end=\"1968\">Traadita terminalijaam<\/p>\n<\/li>\n<li data-start=\"1969\" data-end=\"1983\">\n<p data-start=\"1971\" data-end=\"1983\">SSID loend<\/p>\n<\/li>\n<li data-start=\"1984\" data-end=\"1999\">\n<p data-start=\"1986\" data-end=\"1999\">DHCP klient<\/p>\n<\/li>\n<li data-start=\"2000\" data-end=\"2013\">\n<p data-start=\"2002\" data-end=\"2013\">ARP tabel<\/p>\n<\/li>\n<li data-start=\"2014\" data-end=\"2035\">\n<p data-start=\"2016\" data-end=\"2035\">Marsruutimistabel<\/p>\n<\/li>\n<\/ul>\n<p data-start=\"2037\" data-end=\"2049\"><strong data-start=\"2037\" data-end=\"2047\">Haldus<\/strong><\/p>\n<ul data-start=\"2050\" data-end=\"2227\">\n<li data-start=\"2050\" data-end=\"2105\">\n<p data-start=\"2052\" data-end=\"2105\">Seadmete kiire skaneerimine avastust\u00f6\u00f6riistade abil<\/p>\n<\/li>\n<li data-start=\"2106\" data-end=\"2139\">\n<p data-start=\"2108\" data-end=\"2139\">Veebip\u00f5hine haldus lokaalselt<\/p>\n<\/li>\n<li data-start=\"2140\" data-end=\"2203\">\n<p data-start=\"2142\" data-end=\"2203\">Toetus kaugjuhtimisele pilveplatvormide ja rakenduste kaudu<\/p>\n<\/li>\n<li data-start=\"2204\" data-end=\"2227\">\n<p data-start=\"2206\" data-end=\"2227\">Toetus AC haldusele<\/p>\n<\/li>\n<\/ul>\n","protected":false},"excerpt":{"rendered":"<p data-start=\"43\" data-end=\"266\">\u25cf 2 x 10\/100Mbps Etherneti porti<br data-start=\"75\" data-end=\"78\" \/>\u25cf 300Mbps 2.4GHz sagedusel + 867Mbps 5GHz sagedusel<br data-start=\"129\" data-end=\"132\" \/>\u25cf Toetus kiirele r\u00e4ndlustehnoloogiale (fast roaming)<br data-start=\"184\" data-end=\"187\" \/>\u25cf Toetus Fit\/Fat t\u00f6\u00f6re\u017eiimidele<br data-start=\"218\" data-end=\"221\" data-is-only-node=\"\" \/>\u25cf Toetus AP kontrollerile ja pilvehaldusele<\/p>\n<p data-start=\"268\" data-end=\"295\">[wpdm_package id='21398']<\/p>\n","protected":false},"featured_media":21409,"template":"","meta":[],"product_brand":[],"product_cat":[1705,1708],"product_tag":[],"class_list":{"0":"post-21396","1":"product","2":"type-product","3":"status-publish","4":"has-post-thumbnail","6":"product_cat-poe-kommutaatorid-ruuterid-ja-vorguhubid","7":"product_cat-vorgutooted","9":"first","10":"instock","11":"taxable","12":"shipping-taxable","13":"purchasable","14":"product-type-simple"},"yoast_head":"<!-- This site is optimized with the Yoast SEO Premium plugin v27.3 (Yoast SEO v27.3) - https:\/\/yoast.com\/product\/yoast-seo-premium-wordpress\/ -->\n<title>Pilvep\u00f5hised p\u00e4\u00e4supunktid WI-AP216 \u2013 Fonolukk<\/title>\n<meta name=\"description\" content=\"Pilvep\u00f5hised p\u00e4\u00e4supunktid WI-AP216 - Liides: 2*10\/100Mbps Base\u2013T Etherneti porti (WAN port toetab 802.3af PoE sisendit). 2 x 10\/100Mbps Etherneti porti.\" \/>\n<meta name=\"robots\" content=\"index, follow, max-snippet:-1, max-image-preview:large, max-video-preview:-1\" \/>\n<link rel=\"canonical\" href=\"https:\/\/fonolukk.eu\/et\/tooted\/pilvepohised-paasupunktid-wi-ap216\/\" \/>\n<meta property=\"og:locale\" content=\"et_EE\" \/>\n<meta property=\"og:type\" content=\"article\" \/>\n<meta property=\"og:title\" content=\"Pilvep\u00f5hised p\u00e4\u00e4supunktid WI-AP216\" \/>\n<meta property=\"og:description\" content=\"\u25cf 2 x 10\/100Mbps Etherneti porti\u25cf 300Mbps 2.4GHz sagedusel + 867Mbps 5GHz sagedusel\u25cf Toetus kiirele r\u00e4ndlustehnoloogiale (fast roaming)\u25cf Toetus Fit\/Fat t\u00f6\u00f6re\u017eiimidele\u25cf Toetus AP kontrollerile ja pilvehaldusele\" \/>\n<meta property=\"og:url\" content=\"https:\/\/fonolukk.eu\/et\/tooted\/pilvepohised-paasupunktid-wi-ap216\/\" \/>\n<meta property=\"og:site_name\" content=\"Fonolukk\" \/>\n<meta property=\"article:publisher\" content=\"https:\/\/www.facebook.com\/fonolukk\" \/>\n<meta property=\"article:modified_time\" content=\"2025-08-29T07:41:34+00:00\" \/>\n<meta property=\"og:image\" content=\"https:\/\/fonolukk.eu\/wp-content\/uploads\/2025\/08\/wi-ap216-1.png\" \/>\n\t<meta property=\"og:image:width\" content=\"800\" \/>\n\t<meta property=\"og:image:height\" content=\"800\" \/>\n\t<meta property=\"og:image:type\" content=\"image\/png\" \/>\n<meta name=\"twitter:card\" content=\"summary_large_image\" \/>\n<meta name=\"twitter:label1\" content=\"Hind\" \/>\n\t<meta name=\"twitter:data1\" content=\"&euro;38.70 koos KM\" \/>\n\t<meta name=\"twitter:label2\" content=\"Availability\" \/>\n\t<meta name=\"twitter:data2\" content=\"Laos\" \/>\n<script type=\"application\/ld+json\" class=\"yoast-schema-graph\">{\"@context\":\"https:\\\/\\\/schema.org\",\"@graph\":[{\"@type\":\"WebPage\",\"@id\":\"https:\\\/\\\/fonolukk.eu\\\/et\\\/tooted\\\/pilvepohised-paasupunktid-wi-ap216\\\/\",\"url\":\"https:\\\/\\\/fonolukk.eu\\\/et\\\/tooted\\\/pilvepohised-paasupunktid-wi-ap216\\\/\",\"name\":\"Pilvep\u00f5hised p\u00e4\u00e4supunktid WI-AP216 \u2013 Fonolukk\",\"isPartOf\":{\"@id\":\"https:\\\/\\\/fonolukk.eu\\\/et\\\/#website\"},\"primaryImageOfPage\":{\"@id\":\"https:\\\/\\\/fonolukk.eu\\\/et\\\/tooted\\\/pilvepohised-paasupunktid-wi-ap216\\\/#primaryimage\"},\"image\":{\"@id\":\"https:\\\/\\\/fonolukk.eu\\\/et\\\/tooted\\\/pilvepohised-paasupunktid-wi-ap216\\\/#primaryimage\"},\"thumbnailUrl\":\"https:\\\/\\\/fonolukk.eu\\\/wp-content\\\/uploads\\\/2025\\\/08\\\/wi-ap216-1.png\",\"datePublished\":\"2025-08-29T07:27:27+00:00\",\"dateModified\":\"2025-08-29T07:41:34+00:00\",\"description\":\"Pilvep\u00f5hised p\u00e4\u00e4supunktid WI-AP216 - Liides: 2*10\\\/100Mbps Base\u2013T Etherneti porti (WAN port toetab 802.3af PoE sisendit). 2 x 10\\\/100Mbps Etherneti porti.\",\"breadcrumb\":{\"@id\":\"https:\\\/\\\/fonolukk.eu\\\/et\\\/tooted\\\/pilvepohised-paasupunktid-wi-ap216\\\/#breadcrumb\"},\"inLanguage\":\"et\",\"potentialAction\":[{\"@type\":\"ReadAction\",\"target\":[\"https:\\\/\\\/fonolukk.eu\\\/et\\\/tooted\\\/pilvepohised-paasupunktid-wi-ap216\\\/\"]}]},{\"@type\":\"ImageObject\",\"inLanguage\":\"et\",\"@id\":\"https:\\\/\\\/fonolukk.eu\\\/et\\\/tooted\\\/pilvepohised-paasupunktid-wi-ap216\\\/#primaryimage\",\"url\":\"https:\\\/\\\/fonolukk.eu\\\/wp-content\\\/uploads\\\/2025\\\/08\\\/wi-ap216-1.png\",\"contentUrl\":\"https:\\\/\\\/fonolukk.eu\\\/wp-content\\\/uploads\\\/2025\\\/08\\\/wi-ap216-1.png\",\"width\":800,\"height\":800,\"caption\":\"WI-AP216\"},{\"@type\":\"BreadcrumbList\",\"@id\":\"https:\\\/\\\/fonolukk.eu\\\/et\\\/tooted\\\/pilvepohised-paasupunktid-wi-ap216\\\/#breadcrumb\",\"itemListElement\":[{\"@type\":\"ListItem\",\"position\":1,\"name\":\"Esileht\",\"item\":\"https:\\\/\\\/fonolukk.eu\\\/et\\\/koduleht\\\/\"},{\"@type\":\"ListItem\",\"position\":2,\"name\":\"Tooted\",\"item\":\"https:\\\/\\\/fonolukk.eu\\\/et\\\/shop-2\\\/\"},{\"@type\":\"ListItem\",\"position\":3,\"name\":\"PoE kommutaatorid, ruuterid ja v\u00f5rguhubid\",\"item\":\"https:\\\/\\\/fonolukk.eu\\\/et\\\/product-category\\\/poe-kommutaatorid-ruuterid-ja-vorguhubid\\\/\"},{\"@type\":\"ListItem\",\"position\":4,\"name\":\"Pilvep\u00f5hised p\u00e4\u00e4supunktid WI-AP216\"}]},{\"@type\":\"WebSite\",\"@id\":\"https:\\\/\\\/fonolukk.eu\\\/et\\\/#website\",\"url\":\"https:\\\/\\\/fonolukk.eu\\\/et\\\/\",\"name\":\"Fonolukk eu\",\"description\":\"Smart Security Systems\",\"publisher\":{\"@id\":\"https:\\\/\\\/fonolukk.eu\\\/et\\\/#organization\"},\"potentialAction\":[{\"@type\":\"SearchAction\",\"target\":{\"@type\":\"EntryPoint\",\"urlTemplate\":\"https:\\\/\\\/fonolukk.eu\\\/et\\\/?s={search_term_string}\"},\"query-input\":{\"@type\":\"PropertyValueSpecification\",\"valueRequired\":true,\"valueName\":\"search_term_string\"}}],\"inLanguage\":\"et\"},{\"@type\":\"Organization\",\"@id\":\"https:\\\/\\\/fonolukk.eu\\\/et\\\/#organization\",\"name\":\"Smart Security OU\",\"url\":\"https:\\\/\\\/fonolukk.eu\\\/et\\\/\",\"logo\":{\"@type\":\"ImageObject\",\"inLanguage\":\"et\",\"@id\":\"https:\\\/\\\/fonolukk.eu\\\/et\\\/#\\\/schema\\\/logo\\\/image\\\/\",\"url\":\"https:\\\/\\\/fonolukk.eu\\\/wp-content\\\/uploads\\\/2023\\\/09\\\/fonolukk.png\",\"contentUrl\":\"https:\\\/\\\/fonolukk.eu\\\/wp-content\\\/uploads\\\/2023\\\/09\\\/fonolukk.png\",\"width\":277,\"height\":274,\"caption\":\"Smart Security OU\"},\"image\":{\"@id\":\"https:\\\/\\\/fonolukk.eu\\\/et\\\/#\\\/schema\\\/logo\\\/image\\\/\"},\"sameAs\":[\"https:\\\/\\\/www.facebook.com\\\/fonolukk\",\"https:\\\/\\\/www.instagram.com\\\/fonolukk\\\/?hl=ru\"],\"publishingPrinciples\":\"https:\\\/\\\/fonolukk.eu\\\/terms-and-conditions\\\/\",\"ownershipFundingInfo\":\"https:\\\/\\\/fonolukk.eu\\\/about-us\\\/\"}]}<\/script>\n<meta property=\"product:price:amount\" content=\"38.70\" \/>\n<meta property=\"product:price:currency\" content=\"EUR\" \/>\n<meta property=\"og:availability\" content=\"instock\" \/>\n<meta property=\"product:availability\" content=\"instock\" \/>\n<meta property=\"product:retailer_item_id\" content=\"WI-AP216\" \/>\n<meta property=\"product:condition\" content=\"new\" \/>\n<!-- \/ Yoast SEO Premium plugin. -->","yoast_head_json":{"title":"Pilvep\u00f5hised p\u00e4\u00e4supunktid WI-AP216 \u2013 Fonolukk","description":"Pilvep\u00f5hised p\u00e4\u00e4supunktid WI-AP216 - Liides: 2*10\/100Mbps Base\u2013T Etherneti porti (WAN port toetab 802.3af PoE sisendit). 2 x 10\/100Mbps Etherneti porti.","robots":{"index":"index","follow":"follow","max-snippet":"max-snippet:-1","max-image-preview":"max-image-preview:large","max-video-preview":"max-video-preview:-1"},"canonical":"https:\/\/fonolukk.eu\/et\/tooted\/pilvepohised-paasupunktid-wi-ap216\/","og_locale":"et_EE","og_type":"article","og_title":"Pilvep\u00f5hised p\u00e4\u00e4supunktid WI-AP216","og_description":"\u25cf 2 x 10\/100Mbps Etherneti porti\u25cf 300Mbps 2.4GHz sagedusel + 867Mbps 5GHz sagedusel\u25cf Toetus kiirele r\u00e4ndlustehnoloogiale (fast roaming)\u25cf Toetus Fit\/Fat t\u00f6\u00f6re\u017eiimidele\u25cf Toetus AP kontrollerile ja pilvehaldusele","og_url":"https:\/\/fonolukk.eu\/et\/tooted\/pilvepohised-paasupunktid-wi-ap216\/","og_site_name":"Fonolukk","article_publisher":"https:\/\/www.facebook.com\/fonolukk","article_modified_time":"2025-08-29T07:41:34+00:00","og_image":[{"width":800,"height":800,"url":"https:\/\/fonolukk.eu\/wp-content\/uploads\/2025\/08\/wi-ap216-1.png","type":"image\/png"}],"twitter_card":"summary_large_image","twitter_misc":{"Hind":"&euro;38.70 koos KM","Availability":"Laos"},"schema":{"@context":"https:\/\/schema.org","@graph":[{"@type":"WebPage","@id":"https:\/\/fonolukk.eu\/et\/tooted\/pilvepohised-paasupunktid-wi-ap216\/","url":"https:\/\/fonolukk.eu\/et\/tooted\/pilvepohised-paasupunktid-wi-ap216\/","name":"Pilvep\u00f5hised p\u00e4\u00e4supunktid WI-AP216 \u2013 Fonolukk","isPartOf":{"@id":"https:\/\/fonolukk.eu\/et\/#website"},"primaryImageOfPage":{"@id":"https:\/\/fonolukk.eu\/et\/tooted\/pilvepohised-paasupunktid-wi-ap216\/#primaryimage"},"image":{"@id":"https:\/\/fonolukk.eu\/et\/tooted\/pilvepohised-paasupunktid-wi-ap216\/#primaryimage"},"thumbnailUrl":"https:\/\/fonolukk.eu\/wp-content\/uploads\/2025\/08\/wi-ap216-1.png","datePublished":"2025-08-29T07:27:27+00:00","dateModified":"2025-08-29T07:41:34+00:00","description":"Pilvep\u00f5hised p\u00e4\u00e4supunktid WI-AP216 - Liides: 2*10\/100Mbps Base\u2013T Etherneti porti (WAN port toetab 802.3af PoE sisendit). 2 x 10\/100Mbps Etherneti porti.","breadcrumb":{"@id":"https:\/\/fonolukk.eu\/et\/tooted\/pilvepohised-paasupunktid-wi-ap216\/#breadcrumb"},"inLanguage":"et","potentialAction":[{"@type":"ReadAction","target":["https:\/\/fonolukk.eu\/et\/tooted\/pilvepohised-paasupunktid-wi-ap216\/"]}]},{"@type":"ImageObject","inLanguage":"et","@id":"https:\/\/fonolukk.eu\/et\/tooted\/pilvepohised-paasupunktid-wi-ap216\/#primaryimage","url":"https:\/\/fonolukk.eu\/wp-content\/uploads\/2025\/08\/wi-ap216-1.png","contentUrl":"https:\/\/fonolukk.eu\/wp-content\/uploads\/2025\/08\/wi-ap216-1.png","width":800,"height":800,"caption":"WI-AP216"},{"@type":"BreadcrumbList","@id":"https:\/\/fonolukk.eu\/et\/tooted\/pilvepohised-paasupunktid-wi-ap216\/#breadcrumb","itemListElement":[{"@type":"ListItem","position":1,"name":"Esileht","item":"https:\/\/fonolukk.eu\/et\/koduleht\/"},{"@type":"ListItem","position":2,"name":"Tooted","item":"https:\/\/fonolukk.eu\/et\/shop-2\/"},{"@type":"ListItem","position":3,"name":"PoE kommutaatorid, ruuterid ja v\u00f5rguhubid","item":"https:\/\/fonolukk.eu\/et\/product-category\/poe-kommutaatorid-ruuterid-ja-vorguhubid\/"},{"@type":"ListItem","position":4,"name":"Pilvep\u00f5hised p\u00e4\u00e4supunktid WI-AP216"}]},{"@type":"WebSite","@id":"https:\/\/fonolukk.eu\/et\/#website","url":"https:\/\/fonolukk.eu\/et\/","name":"Fonolukk eu","description":"Smart Security Systems","publisher":{"@id":"https:\/\/fonolukk.eu\/et\/#organization"},"potentialAction":[{"@type":"SearchAction","target":{"@type":"EntryPoint","urlTemplate":"https:\/\/fonolukk.eu\/et\/?s={search_term_string}"},"query-input":{"@type":"PropertyValueSpecification","valueRequired":true,"valueName":"search_term_string"}}],"inLanguage":"et"},{"@type":"Organization","@id":"https:\/\/fonolukk.eu\/et\/#organization","name":"Smart Security OU","url":"https:\/\/fonolukk.eu\/et\/","logo":{"@type":"ImageObject","inLanguage":"et","@id":"https:\/\/fonolukk.eu\/et\/#\/schema\/logo\/image\/","url":"https:\/\/fonolukk.eu\/wp-content\/uploads\/2023\/09\/fonolukk.png","contentUrl":"https:\/\/fonolukk.eu\/wp-content\/uploads\/2023\/09\/fonolukk.png","width":277,"height":274,"caption":"Smart Security OU"},"image":{"@id":"https:\/\/fonolukk.eu\/et\/#\/schema\/logo\/image\/"},"sameAs":["https:\/\/www.facebook.com\/fonolukk","https:\/\/www.instagram.com\/fonolukk\/?hl=ru"],"publishingPrinciples":"https:\/\/fonolukk.eu\/terms-and-conditions\/","ownershipFundingInfo":"https:\/\/fonolukk.eu\/about-us\/"}]},"product_price_amount":"38.70","product_price_currency":"EUR","og_availability":"instock","product_availability":"instock","product_retailer_item_id":"WI-AP216","product_condition":"new"},"_links":{"self":[{"href":"https:\/\/fonolukk.eu\/et\/wp-json\/wp\/v2\/product\/21396","targetHints":{"allow":["GET"]}}],"collection":[{"href":"https:\/\/fonolukk.eu\/et\/wp-json\/wp\/v2\/product"}],"about":[{"href":"https:\/\/fonolukk.eu\/et\/wp-json\/wp\/v2\/types\/product"}],"version-history":[{"count":1,"href":"https:\/\/fonolukk.eu\/et\/wp-json\/wp\/v2\/product\/21396\/revisions"}],"predecessor-version":[{"id":21401,"href":"https:\/\/fonolukk.eu\/et\/wp-json\/wp\/v2\/product\/21396\/revisions\/21401"}],"wp:featuredmedia":[{"embeddable":true,"href":"https:\/\/fonolukk.eu\/et\/wp-json\/wp\/v2\/media\/21409"}],"wp:attachment":[{"href":"https:\/\/fonolukk.eu\/et\/wp-json\/wp\/v2\/media?parent=21396"}],"wp:term":[{"taxonomy":"product_brand","embeddable":true,"href":"https:\/\/fonolukk.eu\/et\/wp-json\/wp\/v2\/product_brand?post=21396"},{"taxonomy":"product_cat","embeddable":true,"href":"https:\/\/fonolukk.eu\/et\/wp-json\/wp\/v2\/product_cat?post=21396"},{"taxonomy":"product_tag","embeddable":true,"href":"https:\/\/fonolukk.eu\/et\/wp-json\/wp\/v2\/product_tag?post=21396"}],"curies":[{"name":"wp","href":"https:\/\/api.w.org\/{rel}","templated":true}]}}