{"id":21413,"date":"2025-08-29T10:50:21","date_gmt":"2025-08-29T07:50:21","guid":{"rendered":"https:\/\/fonolukk.eu\/?post_type=product&#038;p=21413"},"modified":"2025-08-29T10:56:52","modified_gmt":"2025-08-29T07:56:52","slug":"poe-splitters-wi-poe11s-48v","status":"publish","type":"product","link":"https:\/\/fonolukk.eu\/et\/tooted\/poe-splitters-wi-poe11s-48v\/","title":{"rendered":"PoE Splitters WI-POE11S-48V"},"content":{"rendered":"<p data-start=\"43\" data-end=\"98\"><strong data-start=\"43\" data-end=\"53\">Mudel:<\/strong> WI\u2013POE11S\u201348V<br data-start=\"67\" data-end=\"70\" \/><strong data-start=\"70\" data-end=\"93\">Riistvara versioon:<\/strong> V1<\/p>\n<h3 data-start=\"100\" data-end=\"124\">Riistvara omadused<\/h3>\n<p data-start=\"125\" data-end=\"140\"><strong data-start=\"125\" data-end=\"138\">Liidesed:<\/strong><\/p>\n<ul data-start=\"141\" data-end=\"204\">\n<li data-start=\"141\" data-end=\"172\">\n<p data-start=\"143\" data-end=\"172\">1*10\/100Mbps PoE sisendport<\/p>\n<\/li>\n<li data-start=\"173\" data-end=\"204\">\n<p data-start=\"175\" data-end=\"204\">1*10\/100Mbps Etherneti port<\/p>\n<\/li>\n<\/ul>\n<p data-start=\"206\" data-end=\"324\"><strong data-start=\"206\" data-end=\"219\">Standard:<\/strong> 802.3 af\/at<br data-start=\"231\" data-end=\"234\" \/><strong data-start=\"234\" data-end=\"257\">Maks. energiatarve:<\/strong> 30W<br data-start=\"261\" data-end=\"264\" \/><strong data-start=\"264\" data-end=\"280\">PoE v\u00e4ljund:<\/strong> 802.3af\/at 30W<br data-start=\"295\" data-end=\"298\" \/><strong data-start=\"298\" data-end=\"308\">Toide:<\/strong> DC 12V 2A Max<\/p>\n<h3 data-start=\"326\" data-end=\"344\">Indikaatorid<\/h3>\n<p data-start=\"345\" data-end=\"354\"><strong data-start=\"345\" data-end=\"352\">PoE<\/strong><\/p>\n<ul data-start=\"355\" data-end=\"500\">\n<li data-start=\"355\" data-end=\"393\">\n<p data-start=\"357\" data-end=\"393\">On: PoE toide vastu v\u00f5etud edukalt<\/p>\n<\/li>\n<li data-start=\"394\" data-end=\"427\">\n<p data-start=\"396\" data-end=\"427\">Off: PoE toidet ei tuvastatud<\/p>\n<\/li>\n<li data-start=\"428\" data-end=\"500\">\n<p data-start=\"430\" data-end=\"500\">Vilgub: Ebanormaalne PoE toite vastuv\u00f5tt v\u00f5i ebanormaalne DC v\u00e4ljund<\/p>\n<\/li>\n<\/ul>\n<p data-start=\"502\" data-end=\"514\"><strong data-start=\"502\" data-end=\"512\">Andmed<\/strong><\/p>\n<ul data-start=\"515\" data-end=\"600\">\n<li data-start=\"515\" data-end=\"545\">\n<p data-start=\"517\" data-end=\"545\">On: Andme\u00fchendus on edukas<\/p>\n<\/li>\n<li data-start=\"546\" data-end=\"570\">\n<p data-start=\"548\" data-end=\"570\">Vilgub: Andmeedastus<\/p>\n<\/li>\n<li data-start=\"571\" data-end=\"600\">\n<p data-start=\"573\" data-end=\"600\">Off: Seade pole \u00fchendatud<\/p>\n<\/li>\n<\/ul>\n<h3 data-start=\"602\" data-end=\"627\">F\u00fc\u00fcsilised omadused<\/h3>\n<ul data-start=\"628\" data-end=\"769\">\n<li data-start=\"628\" data-end=\"653\">\n<p data-start=\"630\" data-end=\"653\">M\u00f5\u00f5tmed: 205<em data-start=\"642\" data-end=\"646\">26<\/em>20 mm<\/p>\n<\/li>\n<li data-start=\"654\" data-end=\"684\">\n<p data-start=\"656\" data-end=\"684\">Pakendi suurus: 150*100 mm<\/p>\n<\/li>\n<li data-start=\"685\" data-end=\"707\">\n<p data-start=\"687\" data-end=\"707\">Netokaal: 0.045 kg<\/p>\n<\/li>\n<li data-start=\"708\" data-end=\"733\">\n<p data-start=\"710\" data-end=\"733\">Pakendi kaal: 0.05 kg<\/p>\n<\/li>\n<li data-start=\"734\" data-end=\"769\">\n<p data-start=\"736\" data-end=\"769\">Paigaldus: Lauapealne (desktop)<\/p>\n<\/li>\n<\/ul>\n<h3 data-start=\"771\" data-end=\"783\">Kaitse<\/h3>\n<ul data-start=\"784\" data-end=\"916\">\n<li data-start=\"784\" data-end=\"853\">\n<p data-start=\"786\" data-end=\"801\">IEC 61000\u20134\u20135<\/p>\n<ul data-start=\"804\" data-end=\"853\">\n<li data-start=\"804\" data-end=\"822\">\n<p data-start=\"806\" data-end=\"822\">\u00dcldre\u017eiim: 6kV<\/p>\n<\/li>\n<li data-start=\"825\" data-end=\"853\">\n<p data-start=\"827\" data-end=\"853\">Diferentsiaalre\u017eiim: 2kV<\/p>\n<\/li>\n<\/ul>\n<\/li>\n<li data-start=\"854\" data-end=\"916\">\n<p data-start=\"856\" data-end=\"871\">IEC 61000\u20134\u20132<\/p>\n<ul data-start=\"874\" data-end=\"916\">\n<li data-start=\"874\" data-end=\"895\">\n<p data-start=\"876\" data-end=\"895\">Kontaktheide: 8kV<\/p>\n<\/li>\n<li data-start=\"898\" data-end=\"916\">\n<p data-start=\"900\" data-end=\"916\">\u00d5huheide: 10kV<\/p>\n<\/li>\n<\/ul>\n<\/li>\n<\/ul>\n<h3 data-start=\"918\" data-end=\"943\">Keskkonnatingimused<\/h3>\n<ul data-start=\"944\" data-end=\"1113\">\n<li data-start=\"944\" data-end=\"972\">\n<p data-start=\"946\" data-end=\"972\">T\u00f6\u00f6temperatuur: 0\u2103 ~ 40\u2103<\/p>\n<\/li>\n<li data-start=\"973\" data-end=\"1020\">\n<p data-start=\"975\" data-end=\"1020\">T\u00f6\u00f6sagedus: 5% ~ 90% RH, ilma kondensaadita<\/p>\n<\/li>\n<li data-start=\"1021\" data-end=\"1058\">\n<p data-start=\"1023\" data-end=\"1058\">Hoiustamistemperatuur: \u201340\u2103 ~ 75\u2103<\/p>\n<\/li>\n<li data-start=\"1059\" data-end=\"1113\">\n<p data-start=\"1061\" data-end=\"1113\">Hoiustamisniiskus: 5% ~ 95% RH, ilma kondensaadita<\/p>\n<\/li>\n<\/ul>\n","protected":false},"excerpt":{"rendered":"<p data-start=\"43\" data-end=\"225\">\u25cf 1<em data-start=\"46\" data-end=\"89\">100Mbps PoE sisend, 802.3 af\/at 30W<br data-start=\"82\" data-end=\"85\" \/>\u25cf 1<\/em>100Mbps Etherneti v\u00e4ljundport<br data-start=\"118\" data-end=\"121\" \/>\u25cf DC v\u00e4ljund 12V 2A Max<br data-start=\"144\" data-end=\"147\" \/>\u25cf T\u00f6\u00f6temperatuur: \u201310\u00b0C ~ 55\u00b0C<br data-start=\"177\" data-end=\"180\" \/>\u25cf Plug and Play, konfiguratsiooni pole vaja<\/p>\n<p data-start=\"227\" data-end=\"254\">[wpdm_package id='21415']<\/p>\n","protected":false},"featured_media":21424,"template":"","meta":[],"product_brand":[],"product_cat":[1705,1708],"product_tag":[],"class_list":{"0":"post-21413","1":"product","2":"type-product","3":"status-publish","4":"has-post-thumbnail","6":"product_cat-poe-kommutaatorid-ruuterid-ja-vorguhubid","7":"product_cat-vorgutooted","9":"first","10":"instock","11":"taxable","12":"shipping-taxable","13":"purchasable","14":"product-type-simple"},"yoast_head":"<!-- This site is optimized with the Yoast SEO Premium plugin v27.3 (Yoast SEO v27.3) - https:\/\/yoast.com\/product\/yoast-seo-premium-wordpress\/ -->\n<title>PoE jagajad WI-POE11S-48V \u2013 Fonolukk<\/title>\n<meta name=\"description\" content=\"PoE Splitters WI-POE11S-48V - 1*100Mbps PoE sisend 802.3 af\/at 30W. T\u00f6\u00f6temperatuur: 0\u2103 ~ 40\u2103. T\u00f6\u00f6keskkond: \u201310\u00b0C ~ 55\u00b0C.\" \/>\n<meta name=\"robots\" content=\"index, follow, max-snippet:-1, max-image-preview:large, max-video-preview:-1\" \/>\n<link rel=\"canonical\" href=\"https:\/\/fonolukk.eu\/et\/tooted\/poe-splitters-wi-poe11s-48v\/\" \/>\n<meta property=\"og:locale\" content=\"et_EE\" \/>\n<meta property=\"og:type\" content=\"article\" \/>\n<meta property=\"og:title\" content=\"PoE Splitters WI-POE11S-48V\" \/>\n<meta property=\"og:description\" content=\"\u25cf 1100Mbps PoE sisend, 802.3 af\/at 30W\u25cf 1100Mbps Etherneti v\u00e4ljundport\u25cf DC v\u00e4ljund 12V 2A Max\u25cf T\u00f6\u00f6temperatuur: \u201310\u00b0C ~ 55\u00b0C\u25cf Plug and Play, konfiguratsiooni pole vaja\" \/>\n<meta property=\"og:url\" content=\"https:\/\/fonolukk.eu\/et\/tooted\/poe-splitters-wi-poe11s-48v\/\" \/>\n<meta property=\"og:site_name\" content=\"Fonolukk\" \/>\n<meta property=\"article:publisher\" content=\"https:\/\/www.facebook.com\/fonolukk\" \/>\n<meta property=\"article:modified_time\" content=\"2025-08-29T07:56:52+00:00\" \/>\n<meta property=\"og:image\" content=\"https:\/\/fonolukk.eu\/wp-content\/uploads\/2025\/08\/wi-poe11s-48v-1.png\" \/>\n\t<meta property=\"og:image:width\" content=\"800\" \/>\n\t<meta property=\"og:image:height\" content=\"800\" \/>\n\t<meta property=\"og:image:type\" content=\"image\/png\" \/>\n<meta name=\"twitter:card\" content=\"summary_large_image\" \/>\n<meta name=\"twitter:label1\" content=\"Hind\" \/>\n\t<meta name=\"twitter:data1\" content=\"&euro;5.64 koos KM\" \/>\n\t<meta name=\"twitter:label2\" content=\"Availability\" \/>\n\t<meta name=\"twitter:data2\" content=\"Laos\" \/>\n<script type=\"application\/ld+json\" class=\"yoast-schema-graph\">{\"@context\":\"https:\\\/\\\/schema.org\",\"@graph\":[{\"@type\":\"WebPage\",\"@id\":\"https:\\\/\\\/fonolukk.eu\\\/et\\\/tooted\\\/poe-splitters-wi-poe11s-48v\\\/\",\"url\":\"https:\\\/\\\/fonolukk.eu\\\/et\\\/tooted\\\/poe-splitters-wi-poe11s-48v\\\/\",\"name\":\"PoE jagajad WI-POE11S-48V \u2013 Fonolukk\",\"isPartOf\":{\"@id\":\"https:\\\/\\\/fonolukk.eu\\\/et\\\/#website\"},\"primaryImageOfPage\":{\"@id\":\"https:\\\/\\\/fonolukk.eu\\\/et\\\/tooted\\\/poe-splitters-wi-poe11s-48v\\\/#primaryimage\"},\"image\":{\"@id\":\"https:\\\/\\\/fonolukk.eu\\\/et\\\/tooted\\\/poe-splitters-wi-poe11s-48v\\\/#primaryimage\"},\"thumbnailUrl\":\"https:\\\/\\\/fonolukk.eu\\\/wp-content\\\/uploads\\\/2025\\\/08\\\/wi-poe11s-48v-1.png\",\"datePublished\":\"2025-08-29T07:50:21+00:00\",\"dateModified\":\"2025-08-29T07:56:52+00:00\",\"description\":\"PoE Splitters WI-POE11S-48V - 1*100Mbps PoE sisend 802.3 af\\\/at 30W. T\u00f6\u00f6temperatuur: 0\u2103 ~ 40\u2103. T\u00f6\u00f6keskkond: \u201310\u00b0C ~ 55\u00b0C.\",\"breadcrumb\":{\"@id\":\"https:\\\/\\\/fonolukk.eu\\\/et\\\/tooted\\\/poe-splitters-wi-poe11s-48v\\\/#breadcrumb\"},\"inLanguage\":\"et\",\"potentialAction\":[{\"@type\":\"ReadAction\",\"target\":[\"https:\\\/\\\/fonolukk.eu\\\/et\\\/tooted\\\/poe-splitters-wi-poe11s-48v\\\/\"]}]},{\"@type\":\"ImageObject\",\"inLanguage\":\"et\",\"@id\":\"https:\\\/\\\/fonolukk.eu\\\/et\\\/tooted\\\/poe-splitters-wi-poe11s-48v\\\/#primaryimage\",\"url\":\"https:\\\/\\\/fonolukk.eu\\\/wp-content\\\/uploads\\\/2025\\\/08\\\/wi-poe11s-48v-1.png\",\"contentUrl\":\"https:\\\/\\\/fonolukk.eu\\\/wp-content\\\/uploads\\\/2025\\\/08\\\/wi-poe11s-48v-1.png\",\"width\":800,\"height\":800,\"caption\":\"WI-POE11S-48V\"},{\"@type\":\"BreadcrumbList\",\"@id\":\"https:\\\/\\\/fonolukk.eu\\\/et\\\/tooted\\\/poe-splitters-wi-poe11s-48v\\\/#breadcrumb\",\"itemListElement\":[{\"@type\":\"ListItem\",\"position\":1,\"name\":\"Esileht\",\"item\":\"https:\\\/\\\/fonolukk.eu\\\/et\\\/koduleht\\\/\"},{\"@type\":\"ListItem\",\"position\":2,\"name\":\"Tooted\",\"item\":\"https:\\\/\\\/fonolukk.eu\\\/et\\\/shop-2\\\/\"},{\"@type\":\"ListItem\",\"position\":3,\"name\":\"PoE kommutaatorid, ruuterid ja v\u00f5rguhubid\",\"item\":\"https:\\\/\\\/fonolukk.eu\\\/et\\\/product-category\\\/poe-kommutaatorid-ruuterid-ja-vorguhubid\\\/\"},{\"@type\":\"ListItem\",\"position\":4,\"name\":\"PoE Splitters WI-POE11S-48V\"}]},{\"@type\":\"WebSite\",\"@id\":\"https:\\\/\\\/fonolukk.eu\\\/et\\\/#website\",\"url\":\"https:\\\/\\\/fonolukk.eu\\\/et\\\/\",\"name\":\"Fonolukk eu\",\"description\":\"Smart Security Systems\",\"publisher\":{\"@id\":\"https:\\\/\\\/fonolukk.eu\\\/et\\\/#organization\"},\"potentialAction\":[{\"@type\":\"SearchAction\",\"target\":{\"@type\":\"EntryPoint\",\"urlTemplate\":\"https:\\\/\\\/fonolukk.eu\\\/et\\\/?s={search_term_string}\"},\"query-input\":{\"@type\":\"PropertyValueSpecification\",\"valueRequired\":true,\"valueName\":\"search_term_string\"}}],\"inLanguage\":\"et\"},{\"@type\":\"Organization\",\"@id\":\"https:\\\/\\\/fonolukk.eu\\\/et\\\/#organization\",\"name\":\"Smart Security OU\",\"url\":\"https:\\\/\\\/fonolukk.eu\\\/et\\\/\",\"logo\":{\"@type\":\"ImageObject\",\"inLanguage\":\"et\",\"@id\":\"https:\\\/\\\/fonolukk.eu\\\/et\\\/#\\\/schema\\\/logo\\\/image\\\/\",\"url\":\"https:\\\/\\\/fonolukk.eu\\\/wp-content\\\/uploads\\\/2023\\\/09\\\/fonolukk.png\",\"contentUrl\":\"https:\\\/\\\/fonolukk.eu\\\/wp-content\\\/uploads\\\/2023\\\/09\\\/fonolukk.png\",\"width\":277,\"height\":274,\"caption\":\"Smart Security OU\"},\"image\":{\"@id\":\"https:\\\/\\\/fonolukk.eu\\\/et\\\/#\\\/schema\\\/logo\\\/image\\\/\"},\"sameAs\":[\"https:\\\/\\\/www.facebook.com\\\/fonolukk\",\"https:\\\/\\\/www.instagram.com\\\/fonolukk\\\/?hl=ru\"],\"publishingPrinciples\":\"https:\\\/\\\/fonolukk.eu\\\/terms-and-conditions\\\/\",\"ownershipFundingInfo\":\"https:\\\/\\\/fonolukk.eu\\\/about-us\\\/\"}]}<\/script>\n<meta property=\"product:price:amount\" content=\"5.64\" \/>\n<meta property=\"product:price:currency\" content=\"EUR\" \/>\n<meta property=\"og:availability\" content=\"instock\" \/>\n<meta property=\"product:availability\" content=\"instock\" \/>\n<meta property=\"product:retailer_item_id\" content=\"WI-POE11S-48V\" \/>\n<meta property=\"product:condition\" content=\"new\" \/>\n<!-- \/ Yoast SEO Premium plugin. -->","yoast_head_json":{"title":"PoE jagajad WI-POE11S-48V \u2013 Fonolukk","description":"PoE Splitters WI-POE11S-48V - 1*100Mbps PoE sisend 802.3 af\/at 30W. T\u00f6\u00f6temperatuur: 0\u2103 ~ 40\u2103. T\u00f6\u00f6keskkond: \u201310\u00b0C ~ 55\u00b0C.","robots":{"index":"index","follow":"follow","max-snippet":"max-snippet:-1","max-image-preview":"max-image-preview:large","max-video-preview":"max-video-preview:-1"},"canonical":"https:\/\/fonolukk.eu\/et\/tooted\/poe-splitters-wi-poe11s-48v\/","og_locale":"et_EE","og_type":"article","og_title":"PoE Splitters WI-POE11S-48V","og_description":"\u25cf 1100Mbps PoE sisend, 802.3 af\/at 30W\u25cf 1100Mbps Etherneti v\u00e4ljundport\u25cf DC v\u00e4ljund 12V 2A Max\u25cf T\u00f6\u00f6temperatuur: \u201310\u00b0C ~ 55\u00b0C\u25cf Plug and Play, konfiguratsiooni pole vaja","og_url":"https:\/\/fonolukk.eu\/et\/tooted\/poe-splitters-wi-poe11s-48v\/","og_site_name":"Fonolukk","article_publisher":"https:\/\/www.facebook.com\/fonolukk","article_modified_time":"2025-08-29T07:56:52+00:00","og_image":[{"width":800,"height":800,"url":"https:\/\/fonolukk.eu\/wp-content\/uploads\/2025\/08\/wi-poe11s-48v-1.png","type":"image\/png"}],"twitter_card":"summary_large_image","twitter_misc":{"Hind":"&euro;5.64 koos KM","Availability":"Laos"},"schema":{"@context":"https:\/\/schema.org","@graph":[{"@type":"WebPage","@id":"https:\/\/fonolukk.eu\/et\/tooted\/poe-splitters-wi-poe11s-48v\/","url":"https:\/\/fonolukk.eu\/et\/tooted\/poe-splitters-wi-poe11s-48v\/","name":"PoE jagajad WI-POE11S-48V \u2013 Fonolukk","isPartOf":{"@id":"https:\/\/fonolukk.eu\/et\/#website"},"primaryImageOfPage":{"@id":"https:\/\/fonolukk.eu\/et\/tooted\/poe-splitters-wi-poe11s-48v\/#primaryimage"},"image":{"@id":"https:\/\/fonolukk.eu\/et\/tooted\/poe-splitters-wi-poe11s-48v\/#primaryimage"},"thumbnailUrl":"https:\/\/fonolukk.eu\/wp-content\/uploads\/2025\/08\/wi-poe11s-48v-1.png","datePublished":"2025-08-29T07:50:21+00:00","dateModified":"2025-08-29T07:56:52+00:00","description":"PoE Splitters WI-POE11S-48V - 1*100Mbps PoE sisend 802.3 af\/at 30W. T\u00f6\u00f6temperatuur: 0\u2103 ~ 40\u2103. T\u00f6\u00f6keskkond: \u201310\u00b0C ~ 55\u00b0C.","breadcrumb":{"@id":"https:\/\/fonolukk.eu\/et\/tooted\/poe-splitters-wi-poe11s-48v\/#breadcrumb"},"inLanguage":"et","potentialAction":[{"@type":"ReadAction","target":["https:\/\/fonolukk.eu\/et\/tooted\/poe-splitters-wi-poe11s-48v\/"]}]},{"@type":"ImageObject","inLanguage":"et","@id":"https:\/\/fonolukk.eu\/et\/tooted\/poe-splitters-wi-poe11s-48v\/#primaryimage","url":"https:\/\/fonolukk.eu\/wp-content\/uploads\/2025\/08\/wi-poe11s-48v-1.png","contentUrl":"https:\/\/fonolukk.eu\/wp-content\/uploads\/2025\/08\/wi-poe11s-48v-1.png","width":800,"height":800,"caption":"WI-POE11S-48V"},{"@type":"BreadcrumbList","@id":"https:\/\/fonolukk.eu\/et\/tooted\/poe-splitters-wi-poe11s-48v\/#breadcrumb","itemListElement":[{"@type":"ListItem","position":1,"name":"Esileht","item":"https:\/\/fonolukk.eu\/et\/koduleht\/"},{"@type":"ListItem","position":2,"name":"Tooted","item":"https:\/\/fonolukk.eu\/et\/shop-2\/"},{"@type":"ListItem","position":3,"name":"PoE kommutaatorid, ruuterid ja v\u00f5rguhubid","item":"https:\/\/fonolukk.eu\/et\/product-category\/poe-kommutaatorid-ruuterid-ja-vorguhubid\/"},{"@type":"ListItem","position":4,"name":"PoE Splitters WI-POE11S-48V"}]},{"@type":"WebSite","@id":"https:\/\/fonolukk.eu\/et\/#website","url":"https:\/\/fonolukk.eu\/et\/","name":"Fonolukk eu","description":"Smart Security Systems","publisher":{"@id":"https:\/\/fonolukk.eu\/et\/#organization"},"potentialAction":[{"@type":"SearchAction","target":{"@type":"EntryPoint","urlTemplate":"https:\/\/fonolukk.eu\/et\/?s={search_term_string}"},"query-input":{"@type":"PropertyValueSpecification","valueRequired":true,"valueName":"search_term_string"}}],"inLanguage":"et"},{"@type":"Organization","@id":"https:\/\/fonolukk.eu\/et\/#organization","name":"Smart Security OU","url":"https:\/\/fonolukk.eu\/et\/","logo":{"@type":"ImageObject","inLanguage":"et","@id":"https:\/\/fonolukk.eu\/et\/#\/schema\/logo\/image\/","url":"https:\/\/fonolukk.eu\/wp-content\/uploads\/2023\/09\/fonolukk.png","contentUrl":"https:\/\/fonolukk.eu\/wp-content\/uploads\/2023\/09\/fonolukk.png","width":277,"height":274,"caption":"Smart Security OU"},"image":{"@id":"https:\/\/fonolukk.eu\/et\/#\/schema\/logo\/image\/"},"sameAs":["https:\/\/www.facebook.com\/fonolukk","https:\/\/www.instagram.com\/fonolukk\/?hl=ru"],"publishingPrinciples":"https:\/\/fonolukk.eu\/terms-and-conditions\/","ownershipFundingInfo":"https:\/\/fonolukk.eu\/about-us\/"}]},"product_price_amount":"5.64","product_price_currency":"EUR","og_availability":"instock","product_availability":"instock","product_retailer_item_id":"WI-POE11S-48V","product_condition":"new"},"_links":{"self":[{"href":"https:\/\/fonolukk.eu\/et\/wp-json\/wp\/v2\/product\/21413","targetHints":{"allow":["GET"]}}],"collection":[{"href":"https:\/\/fonolukk.eu\/et\/wp-json\/wp\/v2\/product"}],"about":[{"href":"https:\/\/fonolukk.eu\/et\/wp-json\/wp\/v2\/types\/product"}],"version-history":[{"count":1,"href":"https:\/\/fonolukk.eu\/et\/wp-json\/wp\/v2\/product\/21413\/revisions"}],"predecessor-version":[{"id":21427,"href":"https:\/\/fonolukk.eu\/et\/wp-json\/wp\/v2\/product\/21413\/revisions\/21427"}],"wp:featuredmedia":[{"embeddable":true,"href":"https:\/\/fonolukk.eu\/et\/wp-json\/wp\/v2\/media\/21424"}],"wp:attachment":[{"href":"https:\/\/fonolukk.eu\/et\/wp-json\/wp\/v2\/media?parent=21413"}],"wp:term":[{"taxonomy":"product_brand","embeddable":true,"href":"https:\/\/fonolukk.eu\/et\/wp-json\/wp\/v2\/product_brand?post=21413"},{"taxonomy":"product_cat","embeddable":true,"href":"https:\/\/fonolukk.eu\/et\/wp-json\/wp\/v2\/product_cat?post=21413"},{"taxonomy":"product_tag","embeddable":true,"href":"https:\/\/fonolukk.eu\/et\/wp-json\/wp\/v2\/product_tag?post=21413"}],"curies":[{"name":"wp","href":"https:\/\/api.w.org\/{rel}","templated":true}]}}