{"id":21444,"date":"2025-09-05T22:20:32","date_gmt":"2025-09-05T19:20:32","guid":{"rendered":"https:\/\/fonolukk.eu\/?post_type=product&#038;p=21444"},"modified":"2025-09-15T18:13:52","modified_gmt":"2025-09-15T15:13:52","slug":"lukud-varavatele-elektriline-servalukk","status":"publish","type":"product","link":"https:\/\/fonolukk.eu\/et\/tooted\/lukud-varavatele-elektriline-servalukk\/","title":{"rendered":"Lukud v\u00e4ravatele \u2013 CISA Elettrika"},"content":{"rendered":"<p><b><span dir=\"auto\">Kaitse sissetungi eest.<\/span><\/b><br \/>\n<span dir=\"auto\">Sertifitseeritud kuni turvaklassini 6 vastavalt Euroopa standardile EN 14846.<\/span><\/p>\n<p><b><span dir=\"auto\">Korrosioonikindlus<\/span><\/b><br \/>\n<span dir=\"auto\">Spetsiaalne epoks\u00fc\u00fcdpulberv\u00e4rv tagab k\u00f5rge ilmastikukindluse v\u00e4listingimustes v\u00f5i v\u00e4ga korrosiivsetes keskkondades (nt merealadel) paigaldamisel.<\/span><\/p>\n<p><b><span dir=\"auto\">Sulgeb automaatselt.<\/span><br \/>\n<\/b><span dir=\"auto\">Booster Plus mooduli ja &#8220;avamisk\u00e4su ajastuse funktsiooni&#8221; re\u017eiimis sulgub jalak\u00e4ijate v\u00e4rav\/sissep\u00e4\u00e4suuks automaatselt, kui keegi kasutaja m\u00e4\u00e4ratud aja jooksul sisse ei sisene.<\/span><\/p>\n<p><b><span dir=\"auto\">Valmistatud Itaalias.<\/span><\/b><br \/>\n<span dir=\"auto\">Toode vastab Euroopa standardite k\u00f5rgeimatele n\u00f5uetele, et tagada Itaalias valmistatud kvaliteedi tipptase.<\/span><\/p>\n<p><b>Door status always under control.<\/b><br \/>\nThe Booster Plus module has an indicator (which may be installed in the home if desired) which lights up every time the door\/gate is not securely closed (door status signal).<\/p>\n<p><b>Silent opening.<br \/>\n<\/b>The reloading system guarantees silent operation as the lock is being opened, more than traditional electric locks.<\/p>\n<p><b>Immediate, guaranteed closing over time.<br \/>\n<\/b>The rotary hook deadbolt ensures immediate engagement of the floor striker, limiting rebound.<br \/>\nSelf-adjustable floor striker helps correct any slight change in position of the door\/gate which may occur over the years, ensuring the lock continues to work properly over time.<\/p>\n<p><strong>OTHER FEATURES<\/strong><\/p>\n<p>Managing flow through accesses.<br \/>\n&#8220;Hold open&#8221; function which prevents the entrance door\/gate from closing, available in two versions:<br \/>\n&#8211; Electric: the Booster Plus module keeps the door\/gate open at all times until the function is deactivated (from the home).<br \/>\n&#8211; Mechanical: the button on the lock (fitted on certain models) can be blocked by the key, leaving the door\/gate always open until it is released.<br \/>\nShould the remote control malfunction, the driveway gate can still be opened:<br \/>\nthanks to the micro switch, the automatic gate can be opened manually (with keys) and directly from the lock without having to install a second lock.<br \/>\nLock can always be opened, even with a drop in voltage.<br \/>\nWhen voltage is below the minimum rate (12V), the electric lock will always work.<\/p>\n<p><strong>TECHNICAL FEATURES<\/strong><\/p>\n<p>Certified up to Security grade 6 according to European standard EN 14846, guaranteed by the rotary hook deadbolt in extruded aluminium (patented) which provides resistance to tensile strength of up to 2000 kg (the standard covers a maximum of 1000 kg).<br \/>\nProtective steel casing to make it difficult to access the internal lock parts when the door\/gate is closed.<br \/>\nThe reloading system guarantees silent operation as the lock is being opened, more than traditional electric locks.<br \/>\nMetal striker with stainless steel \u201cswinging pin\u201d. Self-adjustable floor striker helps correct any slight change in position of the door\/gate which may occur over the years<br \/>\nThe rotary hook deadbolt ensures immediate engagement of the floor striker<br \/>\nThe lock is easily interchangeable with other locks on the market as it uses the same holes.<br \/>\nBackset adjustable from 50mm to 80mm<br \/>\nNon-handed lock<br \/>\n12 V ac CE<br \/>\nCurrent absorption 3A<br \/>\nReversibility and backset variable from 50 to 80 mm<br \/>\nHigh resistance to corrosion (240 hours in salt spray)<\/p>\n<p><strong>OPERATION MODES<\/strong><\/p>\n<p><span dir=\"auto\">Lukku saab hallata kahel viisil (avatud hoidmise funktsioon):<\/span><br \/>\n<span dir=\"auto\">elektriline: Booster Plus moodul (kaugjuhtimisega) hoiab ukse\/v\u00e4rava eelnevalt kindlaksm\u00e4\u00e4ratud aja jooksul kogu aeg lahti;<\/span><br \/>\n<span dir=\"auto\">mehaaniline: luku nuppu (paigaldatud teatud mudelitel) saab v\u00f5tmega blokeerida, j\u00e4ttes ukse\/v\u00e4rava alati avatuks;<\/span><br \/>\n<span dir=\"auto\">Booster Plus moodulil on indikaator, mis s\u00fcttib iga kord, kui uks\/v\u00e4rav pole kindlalt suletud;<\/span><br \/>\n<span dir=\"auto\">Booster Plus moodul v\u00f5imaldab teil seadistada luku automaatse sulgemise ajastuse;<\/span><br \/>\n<span dir=\"auto\">Booster Plus moodul k\u00e4ivitab luku isegi siis, kui pinge on alla miinimumi (12 V);<\/span><br \/>\n<span dir=\"auto\">Mikrol\u00fcliti v\u00f5imaldab teil automaatse v\u00e4rava otse lukust avada.<\/span><\/p>\n","protected":false},"excerpt":{"rendered":"<p><span dir=\"auto\">Elektrilukk on ideaalne lahendus teras- ja puitv\u00e4ravate ning v\u00e4lisuste (kortermajade) avamiseks ja sulgemiseks, tagades samal ajal suure takistuse sissemurdmisele.<\/span><\/p>\n[wpdm_package id='21446']\n","protected":false},"featured_media":21457,"template":"","meta":[],"product_brand":[],"product_cat":[1710,880],"product_tag":[],"class_list":{"0":"post-21444","1":"product","2":"type-product","3":"status-publish","4":"has-post-thumbnail","6":"product_cat-lukud-varavatele","7":"product_cat-elektrilukud","9":"first","10":"instock","11":"taxable","12":"shipping-taxable","13":"product-type-simple"},"yoast_head":"<!-- This site is optimized with the Yoast SEO Premium plugin v27.3 (Yoast SEO v27.3) - https:\/\/yoast.com\/product\/yoast-seo-premium-wordpress\/ -->\n<title>Locks for gates \u2013 Electric rim lock<\/title>\n<meta name=\"description\" content=\"Lukud v\u00e4ravatele \u2013 CISA Elettrika - The electric lock is the ideal solution for managing the opening and closing of steel and wooden gates and doors.\" \/>\n<meta name=\"robots\" content=\"index, follow, max-snippet:-1, max-image-preview:large, max-video-preview:-1\" \/>\n<link rel=\"canonical\" href=\"https:\/\/fonolukk.eu\/et\/tooted\/lukud-varavatele-elektriline-servalukk\/\" \/>\n<meta property=\"og:locale\" content=\"et_EE\" \/>\n<meta property=\"og:type\" content=\"article\" \/>\n<meta property=\"og:title\" content=\"Lukud v\u00e4ravatele \u2013 CISA Elettrika\" \/>\n<meta property=\"og:description\" content=\"Elektrilukk on ideaalne lahendus teras- ja puitv\u00e4ravate ning v\u00e4lisuste (kortermajade) avamiseks ja sulgemiseks, tagades samal ajal suure takistuse sissemurdmisele.\" \/>\n<meta property=\"og:url\" content=\"https:\/\/fonolukk.eu\/et\/tooted\/lukud-varavatele-elektriline-servalukk\/\" \/>\n<meta property=\"og:site_name\" content=\"Fonolukk\" \/>\n<meta property=\"article:publisher\" content=\"https:\/\/www.facebook.com\/fonolukk\" \/>\n<meta property=\"article:modified_time\" content=\"2025-09-15T15:13:52+00:00\" \/>\n<meta property=\"og:image\" content=\"https:\/\/fonolukk.eu\/wp-content\/uploads\/2025\/09\/locks-for-gates-electric-rim-lock.jpeg\" \/>\n\t<meta property=\"og:image:width\" content=\"800\" \/>\n\t<meta property=\"og:image:height\" content=\"800\" \/>\n\t<meta property=\"og:image:type\" content=\"image\/jpeg\" \/>\n<meta name=\"twitter:card\" content=\"summary_large_image\" \/>\n<meta name=\"twitter:label1\" content=\"Hind\" \/>\n\t<meta name=\"twitter:data1\" content=\"\" \/>\n\t<meta name=\"twitter:label2\" content=\"Availability\" \/>\n\t<meta name=\"twitter:data2\" content=\"Laos\" \/>\n<script type=\"application\/ld+json\" class=\"yoast-schema-graph\">{\"@context\":\"https:\\\/\\\/schema.org\",\"@graph\":[{\"@type\":\"WebPage\",\"@id\":\"https:\\\/\\\/fonolukk.eu\\\/et\\\/tooted\\\/lukud-varavatele-elektriline-servalukk\\\/\",\"url\":\"https:\\\/\\\/fonolukk.eu\\\/et\\\/tooted\\\/lukud-varavatele-elektriline-servalukk\\\/\",\"name\":\"Locks for gates \u2013 Electric rim lock\",\"isPartOf\":{\"@id\":\"https:\\\/\\\/fonolukk.eu\\\/et\\\/#website\"},\"primaryImageOfPage\":{\"@id\":\"https:\\\/\\\/fonolukk.eu\\\/et\\\/tooted\\\/lukud-varavatele-elektriline-servalukk\\\/#primaryimage\"},\"image\":{\"@id\":\"https:\\\/\\\/fonolukk.eu\\\/et\\\/tooted\\\/lukud-varavatele-elektriline-servalukk\\\/#primaryimage\"},\"thumbnailUrl\":\"https:\\\/\\\/fonolukk.eu\\\/wp-content\\\/uploads\\\/2025\\\/09\\\/locks-for-gates-electric-rim-lock.jpeg\",\"datePublished\":\"2025-09-05T19:20:32+00:00\",\"dateModified\":\"2025-09-15T15:13:52+00:00\",\"description\":\"Lukud v\u00e4ravatele \u2013 CISA Elettrika - The electric lock is the ideal solution for managing the opening and closing of steel and wooden gates and doors.\",\"breadcrumb\":{\"@id\":\"https:\\\/\\\/fonolukk.eu\\\/et\\\/tooted\\\/lukud-varavatele-elektriline-servalukk\\\/#breadcrumb\"},\"inLanguage\":\"et\",\"potentialAction\":[{\"@type\":\"ReadAction\",\"target\":[\"https:\\\/\\\/fonolukk.eu\\\/et\\\/tooted\\\/lukud-varavatele-elektriline-servalukk\\\/\"]}]},{\"@type\":\"ImageObject\",\"inLanguage\":\"et\",\"@id\":\"https:\\\/\\\/fonolukk.eu\\\/et\\\/tooted\\\/lukud-varavatele-elektriline-servalukk\\\/#primaryimage\",\"url\":\"https:\\\/\\\/fonolukk.eu\\\/wp-content\\\/uploads\\\/2025\\\/09\\\/locks-for-gates-electric-rim-lock.jpeg\",\"contentUrl\":\"https:\\\/\\\/fonolukk.eu\\\/wp-content\\\/uploads\\\/2025\\\/09\\\/locks-for-gates-electric-rim-lock.jpeg\",\"width\":800,\"height\":800,\"caption\":\"Locks for gates - Electric rim lock\"},{\"@type\":\"BreadcrumbList\",\"@id\":\"https:\\\/\\\/fonolukk.eu\\\/et\\\/tooted\\\/lukud-varavatele-elektriline-servalukk\\\/#breadcrumb\",\"itemListElement\":[{\"@type\":\"ListItem\",\"position\":1,\"name\":\"Esileht\",\"item\":\"https:\\\/\\\/fonolukk.eu\\\/et\\\/koduleht\\\/\"},{\"@type\":\"ListItem\",\"position\":2,\"name\":\"Tooted\",\"item\":\"https:\\\/\\\/fonolukk.eu\\\/et\\\/shop-2\\\/\"},{\"@type\":\"ListItem\",\"position\":3,\"name\":\"Elektrilukud\",\"item\":\"https:\\\/\\\/fonolukk.eu\\\/et\\\/product-category\\\/elektrilukud\\\/\"},{\"@type\":\"ListItem\",\"position\":4,\"name\":\"Lukud v\u00e4ravatele \u2013 CISA Elettrika\"}]},{\"@type\":\"WebSite\",\"@id\":\"https:\\\/\\\/fonolukk.eu\\\/et\\\/#website\",\"url\":\"https:\\\/\\\/fonolukk.eu\\\/et\\\/\",\"name\":\"Fonolukk eu\",\"description\":\"Smart Security Systems\",\"publisher\":{\"@id\":\"https:\\\/\\\/fonolukk.eu\\\/et\\\/#organization\"},\"potentialAction\":[{\"@type\":\"SearchAction\",\"target\":{\"@type\":\"EntryPoint\",\"urlTemplate\":\"https:\\\/\\\/fonolukk.eu\\\/et\\\/?s={search_term_string}\"},\"query-input\":{\"@type\":\"PropertyValueSpecification\",\"valueRequired\":true,\"valueName\":\"search_term_string\"}}],\"inLanguage\":\"et\"},{\"@type\":\"Organization\",\"@id\":\"https:\\\/\\\/fonolukk.eu\\\/et\\\/#organization\",\"name\":\"Smart Security OU\",\"url\":\"https:\\\/\\\/fonolukk.eu\\\/et\\\/\",\"logo\":{\"@type\":\"ImageObject\",\"inLanguage\":\"et\",\"@id\":\"https:\\\/\\\/fonolukk.eu\\\/et\\\/#\\\/schema\\\/logo\\\/image\\\/\",\"url\":\"https:\\\/\\\/fonolukk.eu\\\/wp-content\\\/uploads\\\/2023\\\/09\\\/fonolukk.png\",\"contentUrl\":\"https:\\\/\\\/fonolukk.eu\\\/wp-content\\\/uploads\\\/2023\\\/09\\\/fonolukk.png\",\"width\":277,\"height\":274,\"caption\":\"Smart Security OU\"},\"image\":{\"@id\":\"https:\\\/\\\/fonolukk.eu\\\/et\\\/#\\\/schema\\\/logo\\\/image\\\/\"},\"sameAs\":[\"https:\\\/\\\/www.facebook.com\\\/fonolukk\",\"https:\\\/\\\/www.instagram.com\\\/fonolukk\\\/?hl=ru\"],\"publishingPrinciples\":\"https:\\\/\\\/fonolukk.eu\\\/terms-and-conditions\\\/\",\"ownershipFundingInfo\":\"https:\\\/\\\/fonolukk.eu\\\/about-us\\\/\"}]}<\/script>\n<meta property=\"product:price:amount\" content=\"0.00\" \/>\n<meta property=\"product:price:currency\" content=\"EUR\" \/>\n<meta property=\"og:availability\" content=\"instock\" \/>\n<meta property=\"product:availability\" content=\"instock\" \/>\n<meta property=\"product:retailer_item_id\" content=\"Electric rim lock\" \/>\n<meta property=\"product:condition\" content=\"new\" \/>\n<!-- \/ Yoast SEO Premium plugin. -->","yoast_head_json":{"title":"Locks for gates \u2013 Electric rim lock","description":"Lukud v\u00e4ravatele \u2013 CISA Elettrika - The electric lock is the ideal solution for managing the opening and closing of steel and wooden gates and doors.","robots":{"index":"index","follow":"follow","max-snippet":"max-snippet:-1","max-image-preview":"max-image-preview:large","max-video-preview":"max-video-preview:-1"},"canonical":"https:\/\/fonolukk.eu\/et\/tooted\/lukud-varavatele-elektriline-servalukk\/","og_locale":"et_EE","og_type":"article","og_title":"Lukud v\u00e4ravatele \u2013 CISA Elettrika","og_description":"Elektrilukk on ideaalne lahendus teras- ja puitv\u00e4ravate ning v\u00e4lisuste (kortermajade) avamiseks ja sulgemiseks, tagades samal ajal suure takistuse sissemurdmisele.","og_url":"https:\/\/fonolukk.eu\/et\/tooted\/lukud-varavatele-elektriline-servalukk\/","og_site_name":"Fonolukk","article_publisher":"https:\/\/www.facebook.com\/fonolukk","article_modified_time":"2025-09-15T15:13:52+00:00","og_image":[{"width":800,"height":800,"url":"https:\/\/fonolukk.eu\/wp-content\/uploads\/2025\/09\/locks-for-gates-electric-rim-lock.jpeg","type":"image\/jpeg"}],"twitter_card":"summary_large_image","twitter_misc":{"Hind":"","Availability":"Laos"},"schema":{"@context":"https:\/\/schema.org","@graph":[{"@type":"WebPage","@id":"https:\/\/fonolukk.eu\/et\/tooted\/lukud-varavatele-elektriline-servalukk\/","url":"https:\/\/fonolukk.eu\/et\/tooted\/lukud-varavatele-elektriline-servalukk\/","name":"Locks for gates \u2013 Electric rim lock","isPartOf":{"@id":"https:\/\/fonolukk.eu\/et\/#website"},"primaryImageOfPage":{"@id":"https:\/\/fonolukk.eu\/et\/tooted\/lukud-varavatele-elektriline-servalukk\/#primaryimage"},"image":{"@id":"https:\/\/fonolukk.eu\/et\/tooted\/lukud-varavatele-elektriline-servalukk\/#primaryimage"},"thumbnailUrl":"https:\/\/fonolukk.eu\/wp-content\/uploads\/2025\/09\/locks-for-gates-electric-rim-lock.jpeg","datePublished":"2025-09-05T19:20:32+00:00","dateModified":"2025-09-15T15:13:52+00:00","description":"Lukud v\u00e4ravatele \u2013 CISA Elettrika - The electric lock is the ideal solution for managing the opening and closing of steel and wooden gates and doors.","breadcrumb":{"@id":"https:\/\/fonolukk.eu\/et\/tooted\/lukud-varavatele-elektriline-servalukk\/#breadcrumb"},"inLanguage":"et","potentialAction":[{"@type":"ReadAction","target":["https:\/\/fonolukk.eu\/et\/tooted\/lukud-varavatele-elektriline-servalukk\/"]}]},{"@type":"ImageObject","inLanguage":"et","@id":"https:\/\/fonolukk.eu\/et\/tooted\/lukud-varavatele-elektriline-servalukk\/#primaryimage","url":"https:\/\/fonolukk.eu\/wp-content\/uploads\/2025\/09\/locks-for-gates-electric-rim-lock.jpeg","contentUrl":"https:\/\/fonolukk.eu\/wp-content\/uploads\/2025\/09\/locks-for-gates-electric-rim-lock.jpeg","width":800,"height":800,"caption":"Locks for gates - Electric rim lock"},{"@type":"BreadcrumbList","@id":"https:\/\/fonolukk.eu\/et\/tooted\/lukud-varavatele-elektriline-servalukk\/#breadcrumb","itemListElement":[{"@type":"ListItem","position":1,"name":"Esileht","item":"https:\/\/fonolukk.eu\/et\/koduleht\/"},{"@type":"ListItem","position":2,"name":"Tooted","item":"https:\/\/fonolukk.eu\/et\/shop-2\/"},{"@type":"ListItem","position":3,"name":"Elektrilukud","item":"https:\/\/fonolukk.eu\/et\/product-category\/elektrilukud\/"},{"@type":"ListItem","position":4,"name":"Lukud v\u00e4ravatele \u2013 CISA Elettrika"}]},{"@type":"WebSite","@id":"https:\/\/fonolukk.eu\/et\/#website","url":"https:\/\/fonolukk.eu\/et\/","name":"Fonolukk eu","description":"Smart Security Systems","publisher":{"@id":"https:\/\/fonolukk.eu\/et\/#organization"},"potentialAction":[{"@type":"SearchAction","target":{"@type":"EntryPoint","urlTemplate":"https:\/\/fonolukk.eu\/et\/?s={search_term_string}"},"query-input":{"@type":"PropertyValueSpecification","valueRequired":true,"valueName":"search_term_string"}}],"inLanguage":"et"},{"@type":"Organization","@id":"https:\/\/fonolukk.eu\/et\/#organization","name":"Smart Security OU","url":"https:\/\/fonolukk.eu\/et\/","logo":{"@type":"ImageObject","inLanguage":"et","@id":"https:\/\/fonolukk.eu\/et\/#\/schema\/logo\/image\/","url":"https:\/\/fonolukk.eu\/wp-content\/uploads\/2023\/09\/fonolukk.png","contentUrl":"https:\/\/fonolukk.eu\/wp-content\/uploads\/2023\/09\/fonolukk.png","width":277,"height":274,"caption":"Smart Security OU"},"image":{"@id":"https:\/\/fonolukk.eu\/et\/#\/schema\/logo\/image\/"},"sameAs":["https:\/\/www.facebook.com\/fonolukk","https:\/\/www.instagram.com\/fonolukk\/?hl=ru"],"publishingPrinciples":"https:\/\/fonolukk.eu\/terms-and-conditions\/","ownershipFundingInfo":"https:\/\/fonolukk.eu\/about-us\/"}]},"product_price_amount":"0.00","product_price_currency":"EUR","og_availability":"instock","product_availability":"instock","product_retailer_item_id":"Electric rim lock","product_condition":"new"},"_links":{"self":[{"href":"https:\/\/fonolukk.eu\/et\/wp-json\/wp\/v2\/product\/21444","targetHints":{"allow":["GET"]}}],"collection":[{"href":"https:\/\/fonolukk.eu\/et\/wp-json\/wp\/v2\/product"}],"about":[{"href":"https:\/\/fonolukk.eu\/et\/wp-json\/wp\/v2\/types\/product"}],"version-history":[{"count":2,"href":"https:\/\/fonolukk.eu\/et\/wp-json\/wp\/v2\/product\/21444\/revisions"}],"predecessor-version":[{"id":21485,"href":"https:\/\/fonolukk.eu\/et\/wp-json\/wp\/v2\/product\/21444\/revisions\/21485"}],"wp:featuredmedia":[{"embeddable":true,"href":"https:\/\/fonolukk.eu\/et\/wp-json\/wp\/v2\/media\/21457"}],"wp:attachment":[{"href":"https:\/\/fonolukk.eu\/et\/wp-json\/wp\/v2\/media?parent=21444"}],"wp:term":[{"taxonomy":"product_brand","embeddable":true,"href":"https:\/\/fonolukk.eu\/et\/wp-json\/wp\/v2\/product_brand?post=21444"},{"taxonomy":"product_cat","embeddable":true,"href":"https:\/\/fonolukk.eu\/et\/wp-json\/wp\/v2\/product_cat?post=21444"},{"taxonomy":"product_tag","embeddable":true,"href":"https:\/\/fonolukk.eu\/et\/wp-json\/wp\/v2\/product_tag?post=21444"}],"curies":[{"name":"wp","href":"https:\/\/api.w.org\/{rel}","templated":true}]}}