{"id":23648,"date":"2026-05-10T21:37:17","date_gmt":"2026-05-10T18:37:17","guid":{"rendered":"https:\/\/fonolukk.eu\/?post_type=product&#038;p=23648"},"modified":"2026-05-10T22:16:33","modified_gmt":"2026-05-10T19:16:33","slug":"toiteplokk-wi-spd10kv-poe","status":"publish","type":"product","link":"https:\/\/fonolukk.eu\/et\/tooted\/toiteplokk-wi-spd10kv-poe\/","title":{"rendered":"Toiteplokk WI-SPD10KV-POE"},"content":{"rendered":"<table>\n<tbody>\n<tr>\n<td><strong>Mudel<\/strong><\/td>\n<td><strong>T\u00fc\u00fcp<\/strong><\/td>\n<td><strong>WI-SPD10KV-POE<\/strong><\/td>\n<\/tr>\n<tr>\n<td>Maksimaalne kandev\u00f5imsus<\/td>\n<td>\/<\/td>\n<td>100W<\/td>\n<\/tr>\n<tr>\n<td>Nimipinge t\u00f6\u00f6 ajal<\/td>\n<td>Un<\/td>\n<td>48V DC(X\u2013PE), 5V DC(X\u2013X)<\/td>\n<\/tr>\n<tr>\n<td>Maksimaalne p\u00fcsiv t\u00f6\u00f6pinge<\/td>\n<td>Uc<\/td>\n<td>72V DC(X\u2013PE), 8V DC(X\u2013X)<\/td>\n<\/tr>\n<tr>\n<td>C2 kogu nimilahendusvool (8\/20\u03bcs)<\/td>\n<td>Kokku<\/td>\n<td>20kA<\/td>\n<\/tr>\n<tr>\n<td>C2 nimilahendusvool \u00fche liini kohta (8\/20\u03bcs)<\/td>\n<td>In<\/td>\n<td>2.5kA<\/td>\n<\/tr>\n<tr>\n<td>C2 maksimaalne lahendusvool \u00fche liini kohta (8\/20\u03bcs)<\/td>\n<td>Imax<\/td>\n<td>3kA<\/td>\n<\/tr>\n<tr>\n<td>Kaitsetase: liin \u2013 PG (C10KV\/2.5KA)<\/td>\n<td>Up<\/td>\n<td>250V<\/td>\n<\/tr>\n<tr>\n<td>Andmeedastuskiirus<\/td>\n<td>fg<\/td>\n<td>1000Mbps<\/td>\n<\/tr>\n<tr>\n<td>Reageerimisaeg<\/td>\n<td>tA<\/td>\n<td>1ns<\/td>\n<\/tr>\n<tr>\n<td>Sisestuskadu<\/td>\n<td>IL<\/td>\n<td>\u22640.3dB<\/td>\n<\/tr>\n<tr>\n<td>Liidese t\u00fc\u00fcp<\/td>\n<td>\/<\/td>\n<td>RJ45<\/td>\n<\/tr>\n<tr>\n<td>Kaitseliinide arv<\/td>\n<td>\/<\/td>\n<td>1, 2, 3, 6\/4, 5, 7, 8<\/td>\n<\/tr>\n<tr>\n<td>Korpuse materjal<\/td>\n<td>\/<\/td>\n<td>PBT, vastab standardile UL94V\u20130<\/td>\n<\/tr>\n<tr>\n<td>Korpuse kaitseklass<\/td>\n<td>\/<\/td>\n<td>IP20<\/td>\n<\/tr>\n<tr>\n<td>Paigaldus<\/td>\n<td>\/<\/td>\n<td>35 mm standardne DIN-liist<\/td>\n<\/tr>\n<tr>\n<td>T\u00f6\u00f6temperatuur<\/td>\n<td>\/<\/td>\n<td>\u221240~85\u00b0C<\/td>\n<\/tr>\n<tr>\n<td>Suhteline \u00f5huniiskus<\/td>\n<td>\/<\/td>\n<td>\u226495%<\/td>\n<\/tr>\n<\/tbody>\n<\/table>\n","protected":false},"excerpt":{"rendered":"<p>\u2022 Mitmeastmeline kaitse<br \/>\n\u2022 V\u00e4ga kiire reageerimine pikosekundi tasemel<br \/>\n\u2022 V\u00e4ike sisestuskadu<br \/>\n\u2022 Gigabit Etherneti port<br \/>\n\u2022 Madal v\u00e4ljundi j\u00e4\u00e4kpinge<br \/>\n\u2022 V\u00e4ga hea andmeedastuse kvaliteet<br \/>\n\u2022 Paigaldus DIN-liistule<br \/>\n\u2022 Maksimaalne kandev\u00f5imsus: 100W<\/p>\n[wpdm_package id='23663']\n","protected":false},"featured_media":23651,"template":"","meta":[],"product_brand":[],"product_cat":[1705,1708],"product_tag":[],"class_list":{"0":"post-23648","1":"product","2":"type-product","3":"status-publish","4":"has-post-thumbnail","6":"product_cat-poe-kommutaatorid-ruuterid-ja-vorguhubid","7":"product_cat-vorgutooted","9":"first","10":"instock","11":"taxable","12":"shipping-taxable","13":"product-type-simple"},"yoast_head":"<!-- This site is optimized with the Yoast SEO Premium plugin v27.5 (Yoast SEO v27.5) - https:\/\/yoast.com\/product\/yoast-seo-premium-wordpress\/ -->\n<title>Locks for gates \u2013 Electric rim lock<\/title>\n<meta name=\"description\" content=\"Toiteplokk WI-SPD10KV-POE - Fonolukk\" \/>\n<meta name=\"robots\" content=\"index, follow, max-snippet:-1, max-image-preview:large, max-video-preview:-1\" \/>\n<link rel=\"canonical\" href=\"https:\/\/fonolukk.eu\/et\/tooted\/toiteplokk-wi-spd10kv-poe\/\" \/>\n<meta property=\"og:locale\" content=\"et_EE\" \/>\n<meta property=\"og:type\" content=\"article\" \/>\n<meta property=\"og:title\" content=\"Toiteplokk WI-SPD10KV-POE\" \/>\n<meta property=\"og:description\" content=\"\u2022 Mitmeastmeline kaitse \u2022 V\u00e4ga kiire reageerimine pikosekundi tasemel \u2022 V\u00e4ike sisestuskadu \u2022 Gigabit Etherneti port \u2022 Madal v\u00e4ljundi j\u00e4\u00e4kpinge \u2022 V\u00e4ga hea andmeedastuse kvaliteet \u2022 Paigaldus DIN-liistule \u2022 Maksimaalne kandev\u00f5imsus: 100W\" \/>\n<meta property=\"og:url\" content=\"https:\/\/fonolukk.eu\/et\/tooted\/toiteplokk-wi-spd10kv-poe\/\" \/>\n<meta property=\"og:site_name\" content=\"Fonolukk\" \/>\n<meta property=\"article:publisher\" content=\"https:\/\/www.facebook.com\/fonolukk\" \/>\n<meta property=\"article:modified_time\" content=\"2026-05-10T19:16:33+00:00\" \/>\n<meta property=\"og:image\" content=\"https:\/\/fonolukk.eu\/wp-content\/uploads\/2026\/05\/surge-protector-device-wi-spd10kv-poe-fonolukk-2.png\" \/>\n\t<meta property=\"og:image:width\" content=\"800\" \/>\n\t<meta property=\"og:image:height\" content=\"800\" \/>\n\t<meta property=\"og:image:type\" content=\"image\/png\" \/>\n<meta name=\"twitter:card\" content=\"summary_large_image\" \/>\n<meta name=\"twitter:label1\" content=\"Hind\" \/>\n\t<meta name=\"twitter:data1\" content=\"\" \/>\n\t<meta name=\"twitter:label2\" content=\"Availability\" \/>\n\t<meta name=\"twitter:data2\" content=\"Laos\" \/>\n<script type=\"application\/ld+json\" class=\"yoast-schema-graph\">{\"@context\":\"https:\\\/\\\/schema.org\",\"@graph\":[{\"@type\":\"WebPage\",\"@id\":\"https:\\\/\\\/fonolukk.eu\\\/et\\\/tooted\\\/toiteplokk-wi-spd10kv-poe\\\/\",\"url\":\"https:\\\/\\\/fonolukk.eu\\\/et\\\/tooted\\\/toiteplokk-wi-spd10kv-poe\\\/\",\"name\":\"Locks for gates \u2013 Electric rim lock\",\"isPartOf\":{\"@id\":\"https:\\\/\\\/fonolukk.eu\\\/et\\\/#website\"},\"primaryImageOfPage\":{\"@id\":\"https:\\\/\\\/fonolukk.eu\\\/et\\\/tooted\\\/toiteplokk-wi-spd10kv-poe\\\/#primaryimage\"},\"image\":{\"@id\":\"https:\\\/\\\/fonolukk.eu\\\/et\\\/tooted\\\/toiteplokk-wi-spd10kv-poe\\\/#primaryimage\"},\"thumbnailUrl\":\"https:\\\/\\\/fonolukk.eu\\\/wp-content\\\/uploads\\\/2026\\\/05\\\/surge-protector-device-wi-spd10kv-poe-fonolukk-2.png\",\"datePublished\":\"2026-05-10T18:37:17+00:00\",\"dateModified\":\"2026-05-10T19:16:33+00:00\",\"description\":\"Toiteplokk WI-SPD10KV-POE - Fonolukk\",\"breadcrumb\":{\"@id\":\"https:\\\/\\\/fonolukk.eu\\\/et\\\/tooted\\\/toiteplokk-wi-spd10kv-poe\\\/#breadcrumb\"},\"inLanguage\":\"et\",\"potentialAction\":[{\"@type\":\"ReadAction\",\"target\":[\"https:\\\/\\\/fonolukk.eu\\\/et\\\/tooted\\\/toiteplokk-wi-spd10kv-poe\\\/\"]}]},{\"@type\":\"ImageObject\",\"inLanguage\":\"et\",\"@id\":\"https:\\\/\\\/fonolukk.eu\\\/et\\\/tooted\\\/toiteplokk-wi-spd10kv-poe\\\/#primaryimage\",\"url\":\"https:\\\/\\\/fonolukk.eu\\\/wp-content\\\/uploads\\\/2026\\\/05\\\/surge-protector-device-wi-spd10kv-poe-fonolukk-2.png\",\"contentUrl\":\"https:\\\/\\\/fonolukk.eu\\\/wp-content\\\/uploads\\\/2026\\\/05\\\/surge-protector-device-wi-spd10kv-poe-fonolukk-2.png\",\"width\":800,\"height\":800,\"caption\":\"network products Fonolukk\"},{\"@type\":\"BreadcrumbList\",\"@id\":\"https:\\\/\\\/fonolukk.eu\\\/et\\\/tooted\\\/toiteplokk-wi-spd10kv-poe\\\/#breadcrumb\",\"itemListElement\":[{\"@type\":\"ListItem\",\"position\":1,\"name\":\"Esileht\",\"item\":\"https:\\\/\\\/fonolukk.eu\\\/et\\\/koduleht\\\/\"},{\"@type\":\"ListItem\",\"position\":2,\"name\":\"Tooted\",\"item\":\"https:\\\/\\\/fonolukk.eu\\\/et\\\/shop-2\\\/\"},{\"@type\":\"ListItem\",\"position\":3,\"name\":\"PoE kommutaatorid, ruuterid ja v\u00f5rguhubid\",\"item\":\"https:\\\/\\\/fonolukk.eu\\\/et\\\/product-category\\\/poe-kommutaatorid-ruuterid-ja-vorguhubid\\\/\"},{\"@type\":\"ListItem\",\"position\":4,\"name\":\"Toiteplokk WI-SPD10KV-POE\"}]},{\"@type\":\"WebSite\",\"@id\":\"https:\\\/\\\/fonolukk.eu\\\/et\\\/#website\",\"url\":\"https:\\\/\\\/fonolukk.eu\\\/et\\\/\",\"name\":\"Fonolukk eu\",\"description\":\"Smart Security Systems\",\"publisher\":{\"@id\":\"https:\\\/\\\/fonolukk.eu\\\/et\\\/#organization\"},\"potentialAction\":[{\"@type\":\"SearchAction\",\"target\":{\"@type\":\"EntryPoint\",\"urlTemplate\":\"https:\\\/\\\/fonolukk.eu\\\/et\\\/?s={search_term_string}\"},\"query-input\":{\"@type\":\"PropertyValueSpecification\",\"valueRequired\":true,\"valueName\":\"search_term_string\"}}],\"inLanguage\":\"et\"},{\"@type\":\"Organization\",\"@id\":\"https:\\\/\\\/fonolukk.eu\\\/et\\\/#organization\",\"name\":\"Smart Security OU\",\"url\":\"https:\\\/\\\/fonolukk.eu\\\/et\\\/\",\"logo\":{\"@type\":\"ImageObject\",\"inLanguage\":\"et\",\"@id\":\"https:\\\/\\\/fonolukk.eu\\\/et\\\/#\\\/schema\\\/logo\\\/image\\\/\",\"url\":\"https:\\\/\\\/fonolukk.eu\\\/wp-content\\\/uploads\\\/2023\\\/09\\\/fonolukk.png\",\"contentUrl\":\"https:\\\/\\\/fonolukk.eu\\\/wp-content\\\/uploads\\\/2023\\\/09\\\/fonolukk.png\",\"width\":277,\"height\":274,\"caption\":\"Smart Security OU\"},\"image\":{\"@id\":\"https:\\\/\\\/fonolukk.eu\\\/et\\\/#\\\/schema\\\/logo\\\/image\\\/\"},\"sameAs\":[\"https:\\\/\\\/www.facebook.com\\\/fonolukk\",\"https:\\\/\\\/www.instagram.com\\\/fonolukk\\\/?hl=ru\"],\"publishingPrinciples\":\"https:\\\/\\\/fonolukk.eu\\\/terms-and-conditions\\\/\",\"ownershipFundingInfo\":\"https:\\\/\\\/fonolukk.eu\\\/about-us\\\/\"}]}<\/script>\n<meta property=\"product:price:amount\" content=\"0.00\" \/>\n<meta property=\"product:price:currency\" content=\"EUR\" \/>\n<meta property=\"og:availability\" content=\"instock\" \/>\n<meta property=\"product:availability\" content=\"instock\" \/>\n<meta property=\"product:retailer_item_id\" content=\"WI-SPD10KV\" \/>\n<meta property=\"product:condition\" content=\"new\" \/>\n<!-- \/ Yoast SEO Premium plugin. -->","yoast_head_json":{"title":"Locks for gates \u2013 Electric rim lock","description":"Toiteplokk WI-SPD10KV-POE - Fonolukk","robots":{"index":"index","follow":"follow","max-snippet":"max-snippet:-1","max-image-preview":"max-image-preview:large","max-video-preview":"max-video-preview:-1"},"canonical":"https:\/\/fonolukk.eu\/et\/tooted\/toiteplokk-wi-spd10kv-poe\/","og_locale":"et_EE","og_type":"article","og_title":"Toiteplokk WI-SPD10KV-POE","og_description":"\u2022 Mitmeastmeline kaitse \u2022 V\u00e4ga kiire reageerimine pikosekundi tasemel \u2022 V\u00e4ike sisestuskadu \u2022 Gigabit Etherneti port \u2022 Madal v\u00e4ljundi j\u00e4\u00e4kpinge \u2022 V\u00e4ga hea andmeedastuse kvaliteet \u2022 Paigaldus DIN-liistule \u2022 Maksimaalne kandev\u00f5imsus: 100W","og_url":"https:\/\/fonolukk.eu\/et\/tooted\/toiteplokk-wi-spd10kv-poe\/","og_site_name":"Fonolukk","article_publisher":"https:\/\/www.facebook.com\/fonolukk","article_modified_time":"2026-05-10T19:16:33+00:00","og_image":[{"width":800,"height":800,"url":"https:\/\/fonolukk.eu\/wp-content\/uploads\/2026\/05\/surge-protector-device-wi-spd10kv-poe-fonolukk-2.png","type":"image\/png"}],"twitter_card":"summary_large_image","twitter_misc":{"Hind":"","Availability":"Laos"},"schema":{"@context":"https:\/\/schema.org","@graph":[{"@type":"WebPage","@id":"https:\/\/fonolukk.eu\/et\/tooted\/toiteplokk-wi-spd10kv-poe\/","url":"https:\/\/fonolukk.eu\/et\/tooted\/toiteplokk-wi-spd10kv-poe\/","name":"Locks for gates \u2013 Electric rim lock","isPartOf":{"@id":"https:\/\/fonolukk.eu\/et\/#website"},"primaryImageOfPage":{"@id":"https:\/\/fonolukk.eu\/et\/tooted\/toiteplokk-wi-spd10kv-poe\/#primaryimage"},"image":{"@id":"https:\/\/fonolukk.eu\/et\/tooted\/toiteplokk-wi-spd10kv-poe\/#primaryimage"},"thumbnailUrl":"https:\/\/fonolukk.eu\/wp-content\/uploads\/2026\/05\/surge-protector-device-wi-spd10kv-poe-fonolukk-2.png","datePublished":"2026-05-10T18:37:17+00:00","dateModified":"2026-05-10T19:16:33+00:00","description":"Toiteplokk WI-SPD10KV-POE - Fonolukk","breadcrumb":{"@id":"https:\/\/fonolukk.eu\/et\/tooted\/toiteplokk-wi-spd10kv-poe\/#breadcrumb"},"inLanguage":"et","potentialAction":[{"@type":"ReadAction","target":["https:\/\/fonolukk.eu\/et\/tooted\/toiteplokk-wi-spd10kv-poe\/"]}]},{"@type":"ImageObject","inLanguage":"et","@id":"https:\/\/fonolukk.eu\/et\/tooted\/toiteplokk-wi-spd10kv-poe\/#primaryimage","url":"https:\/\/fonolukk.eu\/wp-content\/uploads\/2026\/05\/surge-protector-device-wi-spd10kv-poe-fonolukk-2.png","contentUrl":"https:\/\/fonolukk.eu\/wp-content\/uploads\/2026\/05\/surge-protector-device-wi-spd10kv-poe-fonolukk-2.png","width":800,"height":800,"caption":"network products Fonolukk"},{"@type":"BreadcrumbList","@id":"https:\/\/fonolukk.eu\/et\/tooted\/toiteplokk-wi-spd10kv-poe\/#breadcrumb","itemListElement":[{"@type":"ListItem","position":1,"name":"Esileht","item":"https:\/\/fonolukk.eu\/et\/koduleht\/"},{"@type":"ListItem","position":2,"name":"Tooted","item":"https:\/\/fonolukk.eu\/et\/shop-2\/"},{"@type":"ListItem","position":3,"name":"PoE kommutaatorid, ruuterid ja v\u00f5rguhubid","item":"https:\/\/fonolukk.eu\/et\/product-category\/poe-kommutaatorid-ruuterid-ja-vorguhubid\/"},{"@type":"ListItem","position":4,"name":"Toiteplokk WI-SPD10KV-POE"}]},{"@type":"WebSite","@id":"https:\/\/fonolukk.eu\/et\/#website","url":"https:\/\/fonolukk.eu\/et\/","name":"Fonolukk eu","description":"Smart Security Systems","publisher":{"@id":"https:\/\/fonolukk.eu\/et\/#organization"},"potentialAction":[{"@type":"SearchAction","target":{"@type":"EntryPoint","urlTemplate":"https:\/\/fonolukk.eu\/et\/?s={search_term_string}"},"query-input":{"@type":"PropertyValueSpecification","valueRequired":true,"valueName":"search_term_string"}}],"inLanguage":"et"},{"@type":"Organization","@id":"https:\/\/fonolukk.eu\/et\/#organization","name":"Smart Security OU","url":"https:\/\/fonolukk.eu\/et\/","logo":{"@type":"ImageObject","inLanguage":"et","@id":"https:\/\/fonolukk.eu\/et\/#\/schema\/logo\/image\/","url":"https:\/\/fonolukk.eu\/wp-content\/uploads\/2023\/09\/fonolukk.png","contentUrl":"https:\/\/fonolukk.eu\/wp-content\/uploads\/2023\/09\/fonolukk.png","width":277,"height":274,"caption":"Smart Security OU"},"image":{"@id":"https:\/\/fonolukk.eu\/et\/#\/schema\/logo\/image\/"},"sameAs":["https:\/\/www.facebook.com\/fonolukk","https:\/\/www.instagram.com\/fonolukk\/?hl=ru"],"publishingPrinciples":"https:\/\/fonolukk.eu\/terms-and-conditions\/","ownershipFundingInfo":"https:\/\/fonolukk.eu\/about-us\/"}]},"product_price_amount":"0.00","product_price_currency":"EUR","og_availability":"instock","product_availability":"instock","product_retailer_item_id":"WI-SPD10KV","product_condition":"new"},"_links":{"self":[{"href":"https:\/\/fonolukk.eu\/et\/wp-json\/wp\/v2\/product\/23648","targetHints":{"allow":["GET"]}}],"collection":[{"href":"https:\/\/fonolukk.eu\/et\/wp-json\/wp\/v2\/product"}],"about":[{"href":"https:\/\/fonolukk.eu\/et\/wp-json\/wp\/v2\/types\/product"}],"version-history":[{"count":2,"href":"https:\/\/fonolukk.eu\/et\/wp-json\/wp\/v2\/product\/23648\/revisions"}],"predecessor-version":[{"id":23668,"href":"https:\/\/fonolukk.eu\/et\/wp-json\/wp\/v2\/product\/23648\/revisions\/23668"}],"wp:featuredmedia":[{"embeddable":true,"href":"https:\/\/fonolukk.eu\/et\/wp-json\/wp\/v2\/media\/23651"}],"wp:attachment":[{"href":"https:\/\/fonolukk.eu\/et\/wp-json\/wp\/v2\/media?parent=23648"}],"wp:term":[{"taxonomy":"product_brand","embeddable":true,"href":"https:\/\/fonolukk.eu\/et\/wp-json\/wp\/v2\/product_brand?post=23648"},{"taxonomy":"product_cat","embeddable":true,"href":"https:\/\/fonolukk.eu\/et\/wp-json\/wp\/v2\/product_cat?post=23648"},{"taxonomy":"product_tag","embeddable":true,"href":"https:\/\/fonolukk.eu\/et\/wp-json\/wp\/v2\/product_tag?post=23648"}],"curies":[{"name":"wp","href":"https:\/\/api.w.org\/{rel}","templated":true}]}}