{"id":23670,"date":"2026-05-10T22:58:15","date_gmt":"2026-05-10T19:58:15","guid":{"rendered":"https:\/\/fonolukk.eu\/?post_type=product&#038;p=23670"},"modified":"2026-05-10T23:26:17","modified_gmt":"2026-05-10T20:26:17","slug":"wi-cpe110-kitv2","status":"publish","type":"product","link":"https:\/\/fonolukk.eu\/et\/tooted\/wi-cpe110-kitv2\/","title":{"rendered":"WI-CPE110-KIT(V2)"},"content":{"rendered":"<table>\n<tbody>\n<tr>\n<td>Liides<\/td>\n<td>1*10\/100Mbps WAN (PoE IN) RJ45 port<br \/>1*10\/100Mbps LAN RJ45 port<\/td>\n<\/tr>\n<tr>\n<td>Sagedusvahemik<\/td>\n<td>2.401GHz ~ 2.483GHz (kanalid 1~13)<br \/>*Sobiva sageduse valimisel j\u00e4rgige kohalikke n\u00f5udeid.<\/td>\n<\/tr>\n<tr>\n<td>Toetatud standardid<\/td>\n<td>IEEE 802.11b\/g\/n<\/td>\n<\/tr>\n<tr>\n<td>Ruumilised vood<\/td>\n<td>2&#215;2, MIMO<\/td>\n<\/tr>\n<tr>\n<td>Maksimaalne juhtmevaba kiirus<\/td>\n<td>300Mbps@2.4GHz<\/td>\n<\/tr>\n<tr>\n<td>Antenni v\u00f5imendus<\/td>\n<td>Sisseehitatud 8dBi suundantenn<\/td>\n<\/tr>\n<tr>\n<td>Kiire poollaius (t\u00fc\u00fcpiline)<\/td>\n<td>Horisontaalne: 65\u00b0, vertikaalne: 65\u00b0<\/td>\n<\/tr>\n<tr>\n<td>Edastusv\u00f5imsus (t\u00fc\u00fcpiline)<\/td>\n<td>21\u00b12dBm max. (reguleeritav)<\/td>\n<\/tr>\n<tr>\n<td>Soovitatav kaugus<\/td>\n<td>1km<\/td>\n<\/tr>\n<tr>\n<td>LED-indikaatorid<\/td>\n<td>1*toite indikaator, 1*WAN-pordi indikaator, 1*LAN-pordi indikaator, 1*Wi-Fi indikaator, 4*signaali indikaatorit<\/td>\n<\/tr>\n<tr>\n<td>DIP-l\u00fcliti<\/td>\n<td>H: tugijaama re\u017eiim, toetab juhtmevaba punkt-punkti ja punkt-mitmepunkti kaug\u00fchendust.<br \/>C: CPE-re\u017eiim, vastuv\u00f5tupunkt juhtmevaba tugijaamaga \u00fchendamiseks.<\/td>\n<\/tr>\n<tr>\n<td>RST-nupp<\/td>\n<td>L\u00fchike vajutus: otsib teise juhtmevaba saatja teises re\u017eiimis (H\/C olek) ja seob seadmed omavahel.<br \/>Pikk vajutus \u00fcle 5 sekundi: taastab tehase vaikeseaded.<\/td>\n<\/tr>\n<tr>\n<td>Toide<\/td>\n<td>PoE: 24V@0.5A (4\/5+, 7\/8\u2212)<br \/>DC: 12V@1A<\/td>\n<\/tr>\n<tr>\n<td>Voolutarve<\/td>\n<td>&lt;4W<\/td>\n<\/tr>\n<tr>\n<td>M\u00f5\u00f5dud<\/td>\n<td>180*88*59mm<\/td>\n<\/tr>\n<tr>\n<td>Kaal<\/td>\n<td>0.22kg*2<\/td>\n<\/tr>\n<tr>\n<td>Pakendi m\u00f5\u00f5dud<\/td>\n<td>260*190*100mm<\/td>\n<\/tr>\n<tr>\n<td>Pakendi kaal<\/td>\n<td>0.96kg<\/td>\n<\/tr>\n<tr>\n<td>Paigaldus<\/td>\n<td>Seinale v\u00f5i postile<\/td>\n<\/tr>\n<tr>\n<td>Materjal<\/td>\n<td>V\u00e4litingimustesse sobiv UV-kindel plastik<\/td>\n<\/tr>\n<tr>\n<td><strong>T\u00f6\u00f6kindlus<\/strong><\/td>\n<td><\/td>\n<\/tr>\n<tr>\n<td>ESD-kaitse<\/td>\n<td>\u00d5hu kaudu: \u00b18kV, kontaktiga: \u00b16kV<\/td>\n<\/tr>\n<tr>\n<td>Piksekaitse<\/td>\n<td>2kV<\/td>\n<\/tr>\n<tr>\n<td>T\u00f6\u00f6keskkond<\/td>\n<td>\u221230\u00b0C kuni 60\u00b0C, 5%~95% (ilma kondensatsioonita)<\/td>\n<\/tr>\n<tr>\n<td>Hoiustamiskeskkond<\/td>\n<td>\u221240\u00b0C kuni 70\u00b0C, 5%~95% (ilma kondensatsioonita)<\/td>\n<\/tr>\n<tr>\n<td>Kaitseklass<\/td>\n<td>IP65<\/td>\n<\/tr>\n<\/tbody>\n<\/table>\n","protected":false},"excerpt":{"rendered":"<p>\u2022 2.4GHz 300Mbps juhtmevaba saatja CCTV-s\u00fcsteemidele, kuni 1 km<br \/>\n\u2022 Pika vahemaa juhtmevaba edastus kuni 1 km<br \/>\n\u2022 IEEE 802.11b\/g\/n, juhtmevaba kiirus kuni 300Mbps<br \/>\n\u2022 2 \u00d7 100Mbps Etherneti porti<br \/>\n\u2022 Toetab avatud sagedusvahemikku 2.401GHz ~ 2.483GHz<br \/>\n\u2022 Reguleeritav edastusv\u00f5imsus 0 kuni 21dBm<br \/>\n\u2022 Sisseehitatud 8 dBi kahe polarisatsiooniga 65\u00b0 suundantenn<br \/>\n\u2022 Eelseadistatud PTP-re\u017eiim kasutamiseks<br \/>\n\u2022 Toetab kiiret sidumist<br \/>\n\u2022 Toetab 24V PoE ja 12V DC toitesisendit<br \/>\n\u2022 IP65 kaitseklass, t\u00f6\u00f6temperatuur \u221230~60\u00b0C<\/p>\n[wpdm_package id='23672']\n","protected":false},"featured_media":23684,"template":"","meta":[],"product_brand":[],"product_cat":[1705,1708],"product_tag":[],"class_list":{"0":"post-23670","1":"product","2":"type-product","3":"status-publish","4":"has-post-thumbnail","6":"product_cat-poe-kommutaatorid-ruuterid-ja-vorguhubid","7":"product_cat-vorgutooted","9":"first","10":"instock","11":"taxable","12":"shipping-taxable","13":"product-type-simple"},"yoast_head":"<!-- This site is optimized with the Yoast SEO Premium plugin v27.5 (Yoast SEO v27.5) - https:\/\/yoast.com\/product\/yoast-seo-premium-wordpress\/ -->\n<title>WI-CPE110-KIT(V2)<\/title>\n<meta name=\"description\" content=\"WI-CPE110-KIT(V2) - \u2022 2.4GHz 300Mbps juhtmevaba saatja CCTV-s\u00fcsteemidele, kuni 1 km \u2022 Pika vahemaa juhtmevaba edastus kuni 1 km \u2022 IEEE 802.11b\/g\/n, juhtmevaba kiirus kuni 300Mbps \u2022 2 \u00d7 100Mbps Etherneti porti \u2022 Toetab avatud sagedusvahemikku 2.401GHz ~ 2.483GHz \u2022 Reguleeritav edastusv\u00f5imsus 0 kuni 21dBm \u2022 Sisseehitatud 8 dBi kahe polarisatsiooniga 65\u00b0 suundantenn \u2022 Eelseadistatud PTP-re\u017eiim kasutamiseks \u2022 Toetab kiiret sidumist \u2022 Toetab 24V PoE ja 12V DC toitesisendit \u2022 IP65 kaitseklass, t\u00f6\u00f6temperatuur \u221230~60\u00b0C\" \/>\n<meta name=\"robots\" content=\"index, follow, max-snippet:-1, max-image-preview:large, max-video-preview:-1\" \/>\n<link rel=\"canonical\" href=\"https:\/\/fonolukk.eu\/et\/tooted\/wi-cpe110-kitv2\/\" \/>\n<meta property=\"og:locale\" content=\"et_EE\" \/>\n<meta property=\"og:type\" content=\"article\" \/>\n<meta property=\"og:title\" content=\"WI-CPE110-KIT(V2)\" \/>\n<meta property=\"og:description\" content=\"\u2022 2.4GHz 300Mbps juhtmevaba saatja CCTV-s\u00fcsteemidele, kuni 1 km \u2022 Pika vahemaa juhtmevaba edastus kuni 1 km \u2022 IEEE 802.11b\/g\/n, juhtmevaba kiirus kuni 300Mbps \u2022 2 \u00d7 100Mbps Etherneti porti \u2022 Toetab avatud sagedusvahemikku 2.401GHz ~ 2.483GHz \u2022 Reguleeritav edastusv\u00f5imsus 0 kuni 21dBm \u2022 Sisseehitatud 8 dBi kahe polarisatsiooniga 65\u00b0 suundantenn \u2022 Eelseadistatud PTP-re\u017eiim kasutamiseks \u2022 Toetab kiiret sidumist \u2022 Toetab 24V PoE ja 12V DC toitesisendit \u2022 IP65 kaitseklass, t\u00f6\u00f6temperatuur \u221230~60\u00b0C\" \/>\n<meta property=\"og:url\" content=\"https:\/\/fonolukk.eu\/et\/tooted\/wi-cpe110-kitv2\/\" \/>\n<meta property=\"og:site_name\" content=\"Fonolukk\" \/>\n<meta property=\"article:publisher\" content=\"https:\/\/www.facebook.com\/fonolukk\" \/>\n<meta property=\"article:modified_time\" content=\"2026-05-10T20:26:17+00:00\" \/>\n<meta property=\"og:image\" content=\"https:\/\/fonolukk.eu\/wp-content\/uploads\/2026\/05\/wireless-transmitter-wi-cpe110-kitv2-fonolukk-2.png\" \/>\n\t<meta property=\"og:image:width\" content=\"800\" \/>\n\t<meta property=\"og:image:height\" content=\"800\" \/>\n\t<meta property=\"og:image:type\" content=\"image\/png\" \/>\n<meta name=\"twitter:card\" content=\"summary_large_image\" \/>\n<meta name=\"twitter:label1\" content=\"Hind\" \/>\n\t<meta name=\"twitter:data1\" content=\"\" \/>\n\t<meta name=\"twitter:label2\" content=\"Availability\" \/>\n\t<meta name=\"twitter:data2\" content=\"Laos\" \/>\n<script type=\"application\/ld+json\" class=\"yoast-schema-graph\">{\"@context\":\"https:\\\/\\\/schema.org\",\"@graph\":[{\"@type\":\"WebPage\",\"@id\":\"https:\\\/\\\/fonolukk.eu\\\/et\\\/tooted\\\/wi-cpe110-kitv2\\\/\",\"url\":\"https:\\\/\\\/fonolukk.eu\\\/et\\\/tooted\\\/wi-cpe110-kitv2\\\/\",\"name\":\"WI-CPE110-KIT(V2)\",\"isPartOf\":{\"@id\":\"https:\\\/\\\/fonolukk.eu\\\/et\\\/#website\"},\"primaryImageOfPage\":{\"@id\":\"https:\\\/\\\/fonolukk.eu\\\/et\\\/tooted\\\/wi-cpe110-kitv2\\\/#primaryimage\"},\"image\":{\"@id\":\"https:\\\/\\\/fonolukk.eu\\\/et\\\/tooted\\\/wi-cpe110-kitv2\\\/#primaryimage\"},\"thumbnailUrl\":\"https:\\\/\\\/fonolukk.eu\\\/wp-content\\\/uploads\\\/2026\\\/05\\\/wireless-transmitter-wi-cpe110-kitv2-fonolukk-2.png\",\"datePublished\":\"2026-05-10T19:58:15+00:00\",\"dateModified\":\"2026-05-10T20:26:17+00:00\",\"description\":\"WI-CPE110-KIT(V2) - \u2022 2.4GHz 300Mbps juhtmevaba saatja CCTV-s\u00fcsteemidele, kuni 1 km \u2022 Pika vahemaa juhtmevaba edastus kuni 1 km \u2022 IEEE 802.11b\\\/g\\\/n, juhtmevaba kiirus kuni 300Mbps \u2022 2 \u00d7 100Mbps Etherneti porti \u2022 Toetab avatud sagedusvahemikku 2.401GHz ~ 2.483GHz \u2022 Reguleeritav edastusv\u00f5imsus 0 kuni 21dBm \u2022 Sisseehitatud 8 dBi kahe polarisatsiooniga 65\u00b0 suundantenn \u2022 Eelseadistatud PTP-re\u017eiim kasutamiseks \u2022 Toetab kiiret sidumist \u2022 Toetab 24V PoE ja 12V DC toitesisendit \u2022 IP65 kaitseklass, t\u00f6\u00f6temperatuur \u221230~60\u00b0C\",\"breadcrumb\":{\"@id\":\"https:\\\/\\\/fonolukk.eu\\\/et\\\/tooted\\\/wi-cpe110-kitv2\\\/#breadcrumb\"},\"inLanguage\":\"et\",\"potentialAction\":[{\"@type\":\"ReadAction\",\"target\":[\"https:\\\/\\\/fonolukk.eu\\\/et\\\/tooted\\\/wi-cpe110-kitv2\\\/\"]}]},{\"@type\":\"ImageObject\",\"inLanguage\":\"et\",\"@id\":\"https:\\\/\\\/fonolukk.eu\\\/et\\\/tooted\\\/wi-cpe110-kitv2\\\/#primaryimage\",\"url\":\"https:\\\/\\\/fonolukk.eu\\\/wp-content\\\/uploads\\\/2026\\\/05\\\/wireless-transmitter-wi-cpe110-kitv2-fonolukk-2.png\",\"contentUrl\":\"https:\\\/\\\/fonolukk.eu\\\/wp-content\\\/uploads\\\/2026\\\/05\\\/wireless-transmitter-wi-cpe110-kitv2-fonolukk-2.png\",\"width\":800,\"height\":800,\"caption\":\"WI-CPE110-KIT(V2) fonolukk\"},{\"@type\":\"BreadcrumbList\",\"@id\":\"https:\\\/\\\/fonolukk.eu\\\/et\\\/tooted\\\/wi-cpe110-kitv2\\\/#breadcrumb\",\"itemListElement\":[{\"@type\":\"ListItem\",\"position\":1,\"name\":\"Esileht\",\"item\":\"https:\\\/\\\/fonolukk.eu\\\/et\\\/koduleht\\\/\"},{\"@type\":\"ListItem\",\"position\":2,\"name\":\"Tooted\",\"item\":\"https:\\\/\\\/fonolukk.eu\\\/et\\\/shop-2\\\/\"},{\"@type\":\"ListItem\",\"position\":3,\"name\":\"PoE kommutaatorid, ruuterid ja v\u00f5rguhubid\",\"item\":\"https:\\\/\\\/fonolukk.eu\\\/et\\\/product-category\\\/poe-kommutaatorid-ruuterid-ja-vorguhubid\\\/\"},{\"@type\":\"ListItem\",\"position\":4,\"name\":\"WI-CPE110-KIT(V2)\"}]},{\"@type\":\"WebSite\",\"@id\":\"https:\\\/\\\/fonolukk.eu\\\/et\\\/#website\",\"url\":\"https:\\\/\\\/fonolukk.eu\\\/et\\\/\",\"name\":\"Fonolukk eu\",\"description\":\"Smart Security Systems\",\"publisher\":{\"@id\":\"https:\\\/\\\/fonolukk.eu\\\/et\\\/#organization\"},\"potentialAction\":[{\"@type\":\"SearchAction\",\"target\":{\"@type\":\"EntryPoint\",\"urlTemplate\":\"https:\\\/\\\/fonolukk.eu\\\/et\\\/?s={search_term_string}\"},\"query-input\":{\"@type\":\"PropertyValueSpecification\",\"valueRequired\":true,\"valueName\":\"search_term_string\"}}],\"inLanguage\":\"et\"},{\"@type\":\"Organization\",\"@id\":\"https:\\\/\\\/fonolukk.eu\\\/et\\\/#organization\",\"name\":\"Smart Security OU\",\"url\":\"https:\\\/\\\/fonolukk.eu\\\/et\\\/\",\"logo\":{\"@type\":\"ImageObject\",\"inLanguage\":\"et\",\"@id\":\"https:\\\/\\\/fonolukk.eu\\\/et\\\/#\\\/schema\\\/logo\\\/image\\\/\",\"url\":\"https:\\\/\\\/fonolukk.eu\\\/wp-content\\\/uploads\\\/2023\\\/09\\\/fonolukk.png\",\"contentUrl\":\"https:\\\/\\\/fonolukk.eu\\\/wp-content\\\/uploads\\\/2023\\\/09\\\/fonolukk.png\",\"width\":277,\"height\":274,\"caption\":\"Smart Security OU\"},\"image\":{\"@id\":\"https:\\\/\\\/fonolukk.eu\\\/et\\\/#\\\/schema\\\/logo\\\/image\\\/\"},\"sameAs\":[\"https:\\\/\\\/www.facebook.com\\\/fonolukk\",\"https:\\\/\\\/www.instagram.com\\\/fonolukk\\\/?hl=ru\"],\"publishingPrinciples\":\"https:\\\/\\\/fonolukk.eu\\\/terms-and-conditions\\\/\",\"ownershipFundingInfo\":\"https:\\\/\\\/fonolukk.eu\\\/about-us\\\/\"}]}<\/script>\n<meta property=\"product:price:amount\" content=\"0.00\" \/>\n<meta property=\"product:price:currency\" content=\"EUR\" \/>\n<meta property=\"og:availability\" content=\"instock\" \/>\n<meta property=\"product:availability\" content=\"instock\" \/>\n<meta property=\"product:retailer_item_id\" content=\"WI-SPD10KV-1\" \/>\n<meta property=\"product:condition\" content=\"new\" \/>\n<!-- \/ Yoast SEO Premium plugin. -->","yoast_head_json":{"title":"WI-CPE110-KIT(V2)","description":"WI-CPE110-KIT(V2) - \u2022 2.4GHz 300Mbps juhtmevaba saatja CCTV-s\u00fcsteemidele, kuni 1 km \u2022 Pika vahemaa juhtmevaba edastus kuni 1 km \u2022 IEEE 802.11b\/g\/n, juhtmevaba kiirus kuni 300Mbps \u2022 2 \u00d7 100Mbps Etherneti porti \u2022 Toetab avatud sagedusvahemikku 2.401GHz ~ 2.483GHz \u2022 Reguleeritav edastusv\u00f5imsus 0 kuni 21dBm \u2022 Sisseehitatud 8 dBi kahe polarisatsiooniga 65\u00b0 suundantenn \u2022 Eelseadistatud PTP-re\u017eiim kasutamiseks \u2022 Toetab kiiret sidumist \u2022 Toetab 24V PoE ja 12V DC toitesisendit \u2022 IP65 kaitseklass, t\u00f6\u00f6temperatuur \u221230~60\u00b0C","robots":{"index":"index","follow":"follow","max-snippet":"max-snippet:-1","max-image-preview":"max-image-preview:large","max-video-preview":"max-video-preview:-1"},"canonical":"https:\/\/fonolukk.eu\/et\/tooted\/wi-cpe110-kitv2\/","og_locale":"et_EE","og_type":"article","og_title":"WI-CPE110-KIT(V2)","og_description":"\u2022 2.4GHz 300Mbps juhtmevaba saatja CCTV-s\u00fcsteemidele, kuni 1 km \u2022 Pika vahemaa juhtmevaba edastus kuni 1 km \u2022 IEEE 802.11b\/g\/n, juhtmevaba kiirus kuni 300Mbps \u2022 2 \u00d7 100Mbps Etherneti porti \u2022 Toetab avatud sagedusvahemikku 2.401GHz ~ 2.483GHz \u2022 Reguleeritav edastusv\u00f5imsus 0 kuni 21dBm \u2022 Sisseehitatud 8 dBi kahe polarisatsiooniga 65\u00b0 suundantenn \u2022 Eelseadistatud PTP-re\u017eiim kasutamiseks \u2022 Toetab kiiret sidumist \u2022 Toetab 24V PoE ja 12V DC toitesisendit \u2022 IP65 kaitseklass, t\u00f6\u00f6temperatuur \u221230~60\u00b0C","og_url":"https:\/\/fonolukk.eu\/et\/tooted\/wi-cpe110-kitv2\/","og_site_name":"Fonolukk","article_publisher":"https:\/\/www.facebook.com\/fonolukk","article_modified_time":"2026-05-10T20:26:17+00:00","og_image":[{"width":800,"height":800,"url":"https:\/\/fonolukk.eu\/wp-content\/uploads\/2026\/05\/wireless-transmitter-wi-cpe110-kitv2-fonolukk-2.png","type":"image\/png"}],"twitter_card":"summary_large_image","twitter_misc":{"Hind":"","Availability":"Laos"},"schema":{"@context":"https:\/\/schema.org","@graph":[{"@type":"WebPage","@id":"https:\/\/fonolukk.eu\/et\/tooted\/wi-cpe110-kitv2\/","url":"https:\/\/fonolukk.eu\/et\/tooted\/wi-cpe110-kitv2\/","name":"WI-CPE110-KIT(V2)","isPartOf":{"@id":"https:\/\/fonolukk.eu\/et\/#website"},"primaryImageOfPage":{"@id":"https:\/\/fonolukk.eu\/et\/tooted\/wi-cpe110-kitv2\/#primaryimage"},"image":{"@id":"https:\/\/fonolukk.eu\/et\/tooted\/wi-cpe110-kitv2\/#primaryimage"},"thumbnailUrl":"https:\/\/fonolukk.eu\/wp-content\/uploads\/2026\/05\/wireless-transmitter-wi-cpe110-kitv2-fonolukk-2.png","datePublished":"2026-05-10T19:58:15+00:00","dateModified":"2026-05-10T20:26:17+00:00","description":"WI-CPE110-KIT(V2) - \u2022 2.4GHz 300Mbps juhtmevaba saatja CCTV-s\u00fcsteemidele, kuni 1 km \u2022 Pika vahemaa juhtmevaba edastus kuni 1 km \u2022 IEEE 802.11b\/g\/n, juhtmevaba kiirus kuni 300Mbps \u2022 2 \u00d7 100Mbps Etherneti porti \u2022 Toetab avatud sagedusvahemikku 2.401GHz ~ 2.483GHz \u2022 Reguleeritav edastusv\u00f5imsus 0 kuni 21dBm \u2022 Sisseehitatud 8 dBi kahe polarisatsiooniga 65\u00b0 suundantenn \u2022 Eelseadistatud PTP-re\u017eiim kasutamiseks \u2022 Toetab kiiret sidumist \u2022 Toetab 24V PoE ja 12V DC toitesisendit \u2022 IP65 kaitseklass, t\u00f6\u00f6temperatuur \u221230~60\u00b0C","breadcrumb":{"@id":"https:\/\/fonolukk.eu\/et\/tooted\/wi-cpe110-kitv2\/#breadcrumb"},"inLanguage":"et","potentialAction":[{"@type":"ReadAction","target":["https:\/\/fonolukk.eu\/et\/tooted\/wi-cpe110-kitv2\/"]}]},{"@type":"ImageObject","inLanguage":"et","@id":"https:\/\/fonolukk.eu\/et\/tooted\/wi-cpe110-kitv2\/#primaryimage","url":"https:\/\/fonolukk.eu\/wp-content\/uploads\/2026\/05\/wireless-transmitter-wi-cpe110-kitv2-fonolukk-2.png","contentUrl":"https:\/\/fonolukk.eu\/wp-content\/uploads\/2026\/05\/wireless-transmitter-wi-cpe110-kitv2-fonolukk-2.png","width":800,"height":800,"caption":"WI-CPE110-KIT(V2) fonolukk"},{"@type":"BreadcrumbList","@id":"https:\/\/fonolukk.eu\/et\/tooted\/wi-cpe110-kitv2\/#breadcrumb","itemListElement":[{"@type":"ListItem","position":1,"name":"Esileht","item":"https:\/\/fonolukk.eu\/et\/koduleht\/"},{"@type":"ListItem","position":2,"name":"Tooted","item":"https:\/\/fonolukk.eu\/et\/shop-2\/"},{"@type":"ListItem","position":3,"name":"PoE kommutaatorid, ruuterid ja v\u00f5rguhubid","item":"https:\/\/fonolukk.eu\/et\/product-category\/poe-kommutaatorid-ruuterid-ja-vorguhubid\/"},{"@type":"ListItem","position":4,"name":"WI-CPE110-KIT(V2)"}]},{"@type":"WebSite","@id":"https:\/\/fonolukk.eu\/et\/#website","url":"https:\/\/fonolukk.eu\/et\/","name":"Fonolukk eu","description":"Smart Security Systems","publisher":{"@id":"https:\/\/fonolukk.eu\/et\/#organization"},"potentialAction":[{"@type":"SearchAction","target":{"@type":"EntryPoint","urlTemplate":"https:\/\/fonolukk.eu\/et\/?s={search_term_string}"},"query-input":{"@type":"PropertyValueSpecification","valueRequired":true,"valueName":"search_term_string"}}],"inLanguage":"et"},{"@type":"Organization","@id":"https:\/\/fonolukk.eu\/et\/#organization","name":"Smart Security OU","url":"https:\/\/fonolukk.eu\/et\/","logo":{"@type":"ImageObject","inLanguage":"et","@id":"https:\/\/fonolukk.eu\/et\/#\/schema\/logo\/image\/","url":"https:\/\/fonolukk.eu\/wp-content\/uploads\/2023\/09\/fonolukk.png","contentUrl":"https:\/\/fonolukk.eu\/wp-content\/uploads\/2023\/09\/fonolukk.png","width":277,"height":274,"caption":"Smart Security OU"},"image":{"@id":"https:\/\/fonolukk.eu\/et\/#\/schema\/logo\/image\/"},"sameAs":["https:\/\/www.facebook.com\/fonolukk","https:\/\/www.instagram.com\/fonolukk\/?hl=ru"],"publishingPrinciples":"https:\/\/fonolukk.eu\/terms-and-conditions\/","ownershipFundingInfo":"https:\/\/fonolukk.eu\/about-us\/"}]},"product_price_amount":"0.00","product_price_currency":"EUR","og_availability":"instock","product_availability":"instock","product_retailer_item_id":"WI-SPD10KV-1","product_condition":"new"},"_links":{"self":[{"href":"https:\/\/fonolukk.eu\/et\/wp-json\/wp\/v2\/product\/23670","targetHints":{"allow":["GET"]}}],"collection":[{"href":"https:\/\/fonolukk.eu\/et\/wp-json\/wp\/v2\/product"}],"about":[{"href":"https:\/\/fonolukk.eu\/et\/wp-json\/wp\/v2\/types\/product"}],"version-history":[{"count":1,"href":"https:\/\/fonolukk.eu\/et\/wp-json\/wp\/v2\/product\/23670\/revisions"}],"predecessor-version":[{"id":23690,"href":"https:\/\/fonolukk.eu\/et\/wp-json\/wp\/v2\/product\/23670\/revisions\/23690"}],"wp:featuredmedia":[{"embeddable":true,"href":"https:\/\/fonolukk.eu\/et\/wp-json\/wp\/v2\/media\/23684"}],"wp:attachment":[{"href":"https:\/\/fonolukk.eu\/et\/wp-json\/wp\/v2\/media?parent=23670"}],"wp:term":[{"taxonomy":"product_brand","embeddable":true,"href":"https:\/\/fonolukk.eu\/et\/wp-json\/wp\/v2\/product_brand?post=23670"},{"taxonomy":"product_cat","embeddable":true,"href":"https:\/\/fonolukk.eu\/et\/wp-json\/wp\/v2\/product_cat?post=23670"},{"taxonomy":"product_tag","embeddable":true,"href":"https:\/\/fonolukk.eu\/et\/wp-json\/wp\/v2\/product_tag?post=23670"}],"curies":[{"name":"wp","href":"https:\/\/api.w.org\/{rel}","templated":true}]}}