{"id":23693,"date":"2026-05-11T07:00:05","date_gmt":"2026-05-11T04:00:05","guid":{"rendered":"https:\/\/fonolukk.eu\/?post_type=product&#038;p=23693"},"modified":"2026-05-11T07:13:06","modified_gmt":"2026-05-11T04:13:06","slug":"wi-ax3000m","status":"publish","type":"product","link":"https:\/\/fonolukk.eu\/et\/tooted\/wi-ax3000m\/","title":{"rendered":"WI-AX3000M"},"content":{"rendered":"<table>\n<tbody>\n<tr>\n<td>Riistvara versioon<\/td>\n<td>V1<\/td>\n<\/tr>\n<tr>\n<td>M\u00e4lu<\/td>\n<td>\n        RAM: 512MB<br \/>\n        Flash: 128MB\n      <\/td>\n<\/tr>\n<tr>\n<td>Liidesed<\/td>\n<td>\n        1*10\/100\/1000Mbps RJ45 WAN-port<br \/>\n        1*10\/100\/1000Mbps RJ45 LAN\/WAN-port<br \/>\n        2*10\/100\/1000Mbps RJ45 LAN-porti<br \/>\n        1*Reset-nupp<br \/>\n        (tehase vaikeseadete taastamiseks hoidke nuppu all 8 sekundit)\n      <\/td>\n<\/tr>\n<tr>\n<td>Toide<\/td>\n<td>DC 12V\/1A<\/td>\n<\/tr>\n<tr>\n<td>Maksimaalne voolutarve<\/td>\n<td>7W<\/td>\n<\/tr>\n<tr>\n<td><strong>Juhtmevaba v\u00f5rgu omadused<\/strong><\/td>\n<td><\/td>\n<\/tr>\n<tr>\n<td>Standardid<\/td>\n<td>IEEE 802.11a\/b\/g\/n\/ac\/ax<\/td>\n<\/tr>\n<tr>\n<td>Andmeedastuskiirus<\/td>\n<td>\n        2.4GHz: kuni 574Mbps<br \/>\n        5GHz: kuni 2402Mbps\n      <\/td>\n<\/tr>\n<tr>\n<td>MIMO<\/td>\n<td>\n        2.4GHz: 2&#215;2 MIMO<br \/>\n        5GHz: 2&#215;2 MIMO\n      <\/td>\n<\/tr>\n<tr>\n<td>Antenn<\/td>\n<td>\n        2.4GHz: 5dBi<br \/>\n        5GHz: 5dBi\n      <\/td>\n<\/tr>\n<tr>\n<td>Sagedus<\/td>\n<td>\n        2.4GHz ~ 2.484GHz<br \/>\n        5.150GHz ~ 5.825GHz<br \/>\n        *Sobiva sageduse valimisel j\u00e4rgige kohalikke n\u00f5udeid.\n      <\/td>\n<\/tr>\n<tr>\n<td>Kanali laius<\/td>\n<td>\n        2.4GHz: 20\/40MHz<br \/>\n        5GHz: 20\/40\/80\/160MHz\n      <\/td>\n<\/tr>\n<tr>\n<td>Maksimaalne TX-v\u00f5imsus<\/td>\n<td>\n        2.4GHz: 20dBm<br \/>\n        5GHz: 20dBm\n      <\/td>\n<\/tr>\n<tr>\n<td><strong>Tarkvara omadused<\/strong><\/td>\n<td><\/td>\n<\/tr>\n<tr>\n<td>T\u00f6\u00f6re\u017eiim<\/td>\n<td>Ruuteri re\u017eiim (vaikimisi), AP-re\u017eiim<\/td>\n<\/tr>\n<tr>\n<td>WAN-t\u00fc\u00fcp<\/td>\n<td>D\u00fcnaamiline IP, staatiline IP, PPPoE<\/td>\n<\/tr>\n<tr>\n<td>Kahe WAN-\u00fchenduse koondamine<\/td>\n<td>Toetatud<\/td>\n<\/tr>\n<tr>\n<td>Protokollid<\/td>\n<td>IPv4, IPv6<\/td>\n<\/tr>\n<tr>\n<td>DHCP<\/td>\n<td>DHCP-server, DHCP-pool, DHCP, DHCP-rent, DNS-server, hostide nimekiri<\/td>\n<\/tr>\n<tr>\n<td>Marsruutimine<\/td>\n<td>Marsruutimistabel, ARP-tabel<\/td>\n<\/tr>\n<tr>\n<td>Juhtmevaba v\u00f5rk<\/td>\n<td>\n        SSID lubamine\/keelamine<br \/>\n        SSID peitmine<br \/>\n        Wi-Fi isolatsioon<br \/>\n        Mitu SSID-d<br \/>\n        Juhtmevaba v\u00f5rgu statistika<br \/>\n        Wi-Fi ajakava<br \/>\n        Wi-Fi Multimedia (WMM)\n      <\/td>\n<\/tr>\n<\/tbody>\n<\/table>\n","protected":false},"excerpt":{"rendered":"<p>\u2022 574Mbps sagedusel 2.4GHz + 2402Mbps sagedusel 5GHz<br \/>\n\u2022 4 Gigabit Etherneti porti: 1*WAN + 1*WAN\/LAN + 2*LAN<br \/>\n\u2022 Kaks WAN-porti v\u00f5imaldavad ribalaiuse \u00fchendamist<br \/>\n\u2022 Toetab EasyMesh-tehnoloogiat suurema juhtmevaba leviala jaoks<br \/>\n\u2022 Toetab kaamerate ONVIF-tuvastust<br \/>\n\u2022 Toetab SD-LAN-tehnoloogiat lihtsaks v\u00f5rgustamiseks eri piirkondade vahel<br \/>\n\u2022 Toetab MU-MIMO ja OFDMA tehnoloogiat, mis v\u00f5imaldab mitmel kliendil korraga v\u00f5rgus olla<br \/>\n\u2022 Toetab 160MHz kanali laiust<\/p>\n[wpdm_package id='23711']\n","protected":false},"featured_media":23708,"template":"","meta":[],"product_brand":[],"product_cat":[1705,1708],"product_tag":[],"class_list":{"0":"post-23693","1":"product","2":"type-product","3":"status-publish","4":"has-post-thumbnail","6":"product_cat-poe-kommutaatorid-ruuterid-ja-vorguhubid","7":"product_cat-vorgutooted","9":"first","10":"instock","11":"taxable","12":"shipping-taxable","13":"product-type-simple"},"yoast_head":"<!-- This site is optimized with the Yoast SEO Premium plugin v27.5 (Yoast SEO v27.5) - https:\/\/yoast.com\/product\/yoast-seo-premium-wordpress\/ -->\n<title>WI-AX3000M<\/title>\n<meta name=\"description\" content=\"WI-AX3000M - \u2022 574Mbps sagedusel 2.4GHz + 2402Mbps sagedusel 5GHz \u2022 4 Gigabit Etherneti porti: 1*WAN + 1*WAN\/LAN + 2*LAN \u2022 Kaks WAN-porti v\u00f5imaldavad ribalaiuse \u00fchendamist \u2022 Toetab EasyMesh-tehnoloogiat suurema juhtmevaba leviala jaoks \u2022 Toetab kaamerate ONVIF-tuvastust \u2022 Toetab SD-LAN-tehnoloogiat lihtsaks v\u00f5rgustamiseks eri piirkondade vahel \u2022 Toetab MU-MIMO ja OFDMA tehnoloogiat, mis v\u00f5imaldab mitmel kliendil korraga v\u00f5rgus olla \u2022 Toetab 160MHz kanali laiust\" \/>\n<meta name=\"robots\" content=\"index, follow, max-snippet:-1, max-image-preview:large, max-video-preview:-1\" \/>\n<link rel=\"canonical\" href=\"https:\/\/fonolukk.eu\/et\/tooted\/wi-ax3000m\/\" \/>\n<meta property=\"og:locale\" content=\"et_EE\" \/>\n<meta property=\"og:type\" content=\"article\" \/>\n<meta property=\"og:title\" content=\"WI-AX3000M\" \/>\n<meta property=\"og:description\" content=\"\u2022 574Mbps sagedusel 2.4GHz + 2402Mbps sagedusel 5GHz \u2022 4 Gigabit Etherneti porti: 1*WAN + 1*WAN\/LAN + 2*LAN \u2022 Kaks WAN-porti v\u00f5imaldavad ribalaiuse \u00fchendamist \u2022 Toetab EasyMesh-tehnoloogiat suurema juhtmevaba leviala jaoks \u2022 Toetab kaamerate ONVIF-tuvastust \u2022 Toetab SD-LAN-tehnoloogiat lihtsaks v\u00f5rgustamiseks eri piirkondade vahel \u2022 Toetab MU-MIMO ja OFDMA tehnoloogiat, mis v\u00f5imaldab mitmel kliendil korraga v\u00f5rgus olla \u2022 Toetab 160MHz kanali laiust\" \/>\n<meta property=\"og:url\" content=\"https:\/\/fonolukk.eu\/et\/tooted\/wi-ax3000m\/\" \/>\n<meta property=\"og:site_name\" content=\"Fonolukk\" \/>\n<meta property=\"article:publisher\" content=\"https:\/\/www.facebook.com\/fonolukk\" \/>\n<meta property=\"article:modified_time\" content=\"2026-05-11T04:13:06+00:00\" \/>\n<meta property=\"og:image\" content=\"https:\/\/fonolukk.eu\/wp-content\/uploads\/2026\/05\/wi-ax3000m-fonolukk-1.png\" \/>\n\t<meta property=\"og:image:width\" content=\"800\" \/>\n\t<meta property=\"og:image:height\" content=\"800\" \/>\n\t<meta property=\"og:image:type\" content=\"image\/png\" \/>\n<meta name=\"twitter:card\" content=\"summary_large_image\" \/>\n<meta name=\"twitter:label1\" content=\"Hind\" \/>\n\t<meta name=\"twitter:data1\" content=\"\" \/>\n\t<meta name=\"twitter:label2\" content=\"Availability\" \/>\n\t<meta name=\"twitter:data2\" content=\"Laos\" \/>\n<script type=\"application\/ld+json\" class=\"yoast-schema-graph\">{\"@context\":\"https:\\\/\\\/schema.org\",\"@graph\":[{\"@type\":\"WebPage\",\"@id\":\"https:\\\/\\\/fonolukk.eu\\\/et\\\/tooted\\\/wi-ax3000m\\\/\",\"url\":\"https:\\\/\\\/fonolukk.eu\\\/et\\\/tooted\\\/wi-ax3000m\\\/\",\"name\":\"WI-AX3000M\",\"isPartOf\":{\"@id\":\"https:\\\/\\\/fonolukk.eu\\\/et\\\/#website\"},\"primaryImageOfPage\":{\"@id\":\"https:\\\/\\\/fonolukk.eu\\\/et\\\/tooted\\\/wi-ax3000m\\\/#primaryimage\"},\"image\":{\"@id\":\"https:\\\/\\\/fonolukk.eu\\\/et\\\/tooted\\\/wi-ax3000m\\\/#primaryimage\"},\"thumbnailUrl\":\"https:\\\/\\\/fonolukk.eu\\\/wp-content\\\/uploads\\\/2026\\\/05\\\/wi-ax3000m-fonolukk-1.png\",\"datePublished\":\"2026-05-11T04:00:05+00:00\",\"dateModified\":\"2026-05-11T04:13:06+00:00\",\"description\":\"WI-AX3000M - \u2022 574Mbps sagedusel 2.4GHz + 2402Mbps sagedusel 5GHz \u2022 4 Gigabit Etherneti porti: 1*WAN + 1*WAN\\\/LAN + 2*LAN \u2022 Kaks WAN-porti v\u00f5imaldavad ribalaiuse \u00fchendamist \u2022 Toetab EasyMesh-tehnoloogiat suurema juhtmevaba leviala jaoks \u2022 Toetab kaamerate ONVIF-tuvastust \u2022 Toetab SD-LAN-tehnoloogiat lihtsaks v\u00f5rgustamiseks eri piirkondade vahel \u2022 Toetab MU-MIMO ja OFDMA tehnoloogiat, mis v\u00f5imaldab mitmel kliendil korraga v\u00f5rgus olla \u2022 Toetab 160MHz kanali laiust\",\"breadcrumb\":{\"@id\":\"https:\\\/\\\/fonolukk.eu\\\/et\\\/tooted\\\/wi-ax3000m\\\/#breadcrumb\"},\"inLanguage\":\"et\",\"potentialAction\":[{\"@type\":\"ReadAction\",\"target\":[\"https:\\\/\\\/fonolukk.eu\\\/et\\\/tooted\\\/wi-ax3000m\\\/\"]}]},{\"@type\":\"ImageObject\",\"inLanguage\":\"et\",\"@id\":\"https:\\\/\\\/fonolukk.eu\\\/et\\\/tooted\\\/wi-ax3000m\\\/#primaryimage\",\"url\":\"https:\\\/\\\/fonolukk.eu\\\/wp-content\\\/uploads\\\/2026\\\/05\\\/wi-ax3000m-fonolukk-1.png\",\"contentUrl\":\"https:\\\/\\\/fonolukk.eu\\\/wp-content\\\/uploads\\\/2026\\\/05\\\/wi-ax3000m-fonolukk-1.png\",\"width\":800,\"height\":800,\"caption\":\"Indoor mesh fonolukk\"},{\"@type\":\"BreadcrumbList\",\"@id\":\"https:\\\/\\\/fonolukk.eu\\\/et\\\/tooted\\\/wi-ax3000m\\\/#breadcrumb\",\"itemListElement\":[{\"@type\":\"ListItem\",\"position\":1,\"name\":\"Esileht\",\"item\":\"https:\\\/\\\/fonolukk.eu\\\/et\\\/koduleht\\\/\"},{\"@type\":\"ListItem\",\"position\":2,\"name\":\"Tooted\",\"item\":\"https:\\\/\\\/fonolukk.eu\\\/et\\\/shop-2\\\/\"},{\"@type\":\"ListItem\",\"position\":3,\"name\":\"PoE kommutaatorid, ruuterid ja v\u00f5rguhubid\",\"item\":\"https:\\\/\\\/fonolukk.eu\\\/et\\\/product-category\\\/poe-kommutaatorid-ruuterid-ja-vorguhubid\\\/\"},{\"@type\":\"ListItem\",\"position\":4,\"name\":\"WI-AX3000M\"}]},{\"@type\":\"WebSite\",\"@id\":\"https:\\\/\\\/fonolukk.eu\\\/et\\\/#website\",\"url\":\"https:\\\/\\\/fonolukk.eu\\\/et\\\/\",\"name\":\"Fonolukk eu\",\"description\":\"Smart Security Systems\",\"publisher\":{\"@id\":\"https:\\\/\\\/fonolukk.eu\\\/et\\\/#organization\"},\"potentialAction\":[{\"@type\":\"SearchAction\",\"target\":{\"@type\":\"EntryPoint\",\"urlTemplate\":\"https:\\\/\\\/fonolukk.eu\\\/et\\\/?s={search_term_string}\"},\"query-input\":{\"@type\":\"PropertyValueSpecification\",\"valueRequired\":true,\"valueName\":\"search_term_string\"}}],\"inLanguage\":\"et\"},{\"@type\":\"Organization\",\"@id\":\"https:\\\/\\\/fonolukk.eu\\\/et\\\/#organization\",\"name\":\"Smart Security OU\",\"url\":\"https:\\\/\\\/fonolukk.eu\\\/et\\\/\",\"logo\":{\"@type\":\"ImageObject\",\"inLanguage\":\"et\",\"@id\":\"https:\\\/\\\/fonolukk.eu\\\/et\\\/#\\\/schema\\\/logo\\\/image\\\/\",\"url\":\"https:\\\/\\\/fonolukk.eu\\\/wp-content\\\/uploads\\\/2023\\\/09\\\/fonolukk.png\",\"contentUrl\":\"https:\\\/\\\/fonolukk.eu\\\/wp-content\\\/uploads\\\/2023\\\/09\\\/fonolukk.png\",\"width\":277,\"height\":274,\"caption\":\"Smart Security OU\"},\"image\":{\"@id\":\"https:\\\/\\\/fonolukk.eu\\\/et\\\/#\\\/schema\\\/logo\\\/image\\\/\"},\"sameAs\":[\"https:\\\/\\\/www.facebook.com\\\/fonolukk\",\"https:\\\/\\\/www.instagram.com\\\/fonolukk\\\/?hl=ru\"],\"publishingPrinciples\":\"https:\\\/\\\/fonolukk.eu\\\/terms-and-conditions\\\/\",\"ownershipFundingInfo\":\"https:\\\/\\\/fonolukk.eu\\\/about-us\\\/\"}]}<\/script>\n<meta property=\"product:price:amount\" content=\"0.00\" \/>\n<meta property=\"product:price:currency\" content=\"EUR\" \/>\n<meta property=\"og:availability\" content=\"instock\" \/>\n<meta property=\"product:availability\" content=\"instock\" \/>\n<meta property=\"product:retailer_item_id\" content=\"WI-AX3000M\" \/>\n<meta property=\"product:condition\" content=\"new\" \/>\n<!-- \/ Yoast SEO Premium plugin. -->","yoast_head_json":{"title":"WI-AX3000M","description":"WI-AX3000M - \u2022 574Mbps sagedusel 2.4GHz + 2402Mbps sagedusel 5GHz \u2022 4 Gigabit Etherneti porti: 1*WAN + 1*WAN\/LAN + 2*LAN \u2022 Kaks WAN-porti v\u00f5imaldavad ribalaiuse \u00fchendamist \u2022 Toetab EasyMesh-tehnoloogiat suurema juhtmevaba leviala jaoks \u2022 Toetab kaamerate ONVIF-tuvastust \u2022 Toetab SD-LAN-tehnoloogiat lihtsaks v\u00f5rgustamiseks eri piirkondade vahel \u2022 Toetab MU-MIMO ja OFDMA tehnoloogiat, mis v\u00f5imaldab mitmel kliendil korraga v\u00f5rgus olla \u2022 Toetab 160MHz kanali laiust","robots":{"index":"index","follow":"follow","max-snippet":"max-snippet:-1","max-image-preview":"max-image-preview:large","max-video-preview":"max-video-preview:-1"},"canonical":"https:\/\/fonolukk.eu\/et\/tooted\/wi-ax3000m\/","og_locale":"et_EE","og_type":"article","og_title":"WI-AX3000M","og_description":"\u2022 574Mbps sagedusel 2.4GHz + 2402Mbps sagedusel 5GHz \u2022 4 Gigabit Etherneti porti: 1*WAN + 1*WAN\/LAN + 2*LAN \u2022 Kaks WAN-porti v\u00f5imaldavad ribalaiuse \u00fchendamist \u2022 Toetab EasyMesh-tehnoloogiat suurema juhtmevaba leviala jaoks \u2022 Toetab kaamerate ONVIF-tuvastust \u2022 Toetab SD-LAN-tehnoloogiat lihtsaks v\u00f5rgustamiseks eri piirkondade vahel \u2022 Toetab MU-MIMO ja OFDMA tehnoloogiat, mis v\u00f5imaldab mitmel kliendil korraga v\u00f5rgus olla \u2022 Toetab 160MHz kanali laiust","og_url":"https:\/\/fonolukk.eu\/et\/tooted\/wi-ax3000m\/","og_site_name":"Fonolukk","article_publisher":"https:\/\/www.facebook.com\/fonolukk","article_modified_time":"2026-05-11T04:13:06+00:00","og_image":[{"width":800,"height":800,"url":"https:\/\/fonolukk.eu\/wp-content\/uploads\/2026\/05\/wi-ax3000m-fonolukk-1.png","type":"image\/png"}],"twitter_card":"summary_large_image","twitter_misc":{"Hind":"","Availability":"Laos"},"schema":{"@context":"https:\/\/schema.org","@graph":[{"@type":"WebPage","@id":"https:\/\/fonolukk.eu\/et\/tooted\/wi-ax3000m\/","url":"https:\/\/fonolukk.eu\/et\/tooted\/wi-ax3000m\/","name":"WI-AX3000M","isPartOf":{"@id":"https:\/\/fonolukk.eu\/et\/#website"},"primaryImageOfPage":{"@id":"https:\/\/fonolukk.eu\/et\/tooted\/wi-ax3000m\/#primaryimage"},"image":{"@id":"https:\/\/fonolukk.eu\/et\/tooted\/wi-ax3000m\/#primaryimage"},"thumbnailUrl":"https:\/\/fonolukk.eu\/wp-content\/uploads\/2026\/05\/wi-ax3000m-fonolukk-1.png","datePublished":"2026-05-11T04:00:05+00:00","dateModified":"2026-05-11T04:13:06+00:00","description":"WI-AX3000M - \u2022 574Mbps sagedusel 2.4GHz + 2402Mbps sagedusel 5GHz \u2022 4 Gigabit Etherneti porti: 1*WAN + 1*WAN\/LAN + 2*LAN \u2022 Kaks WAN-porti v\u00f5imaldavad ribalaiuse \u00fchendamist \u2022 Toetab EasyMesh-tehnoloogiat suurema juhtmevaba leviala jaoks \u2022 Toetab kaamerate ONVIF-tuvastust \u2022 Toetab SD-LAN-tehnoloogiat lihtsaks v\u00f5rgustamiseks eri piirkondade vahel \u2022 Toetab MU-MIMO ja OFDMA tehnoloogiat, mis v\u00f5imaldab mitmel kliendil korraga v\u00f5rgus olla \u2022 Toetab 160MHz kanali laiust","breadcrumb":{"@id":"https:\/\/fonolukk.eu\/et\/tooted\/wi-ax3000m\/#breadcrumb"},"inLanguage":"et","potentialAction":[{"@type":"ReadAction","target":["https:\/\/fonolukk.eu\/et\/tooted\/wi-ax3000m\/"]}]},{"@type":"ImageObject","inLanguage":"et","@id":"https:\/\/fonolukk.eu\/et\/tooted\/wi-ax3000m\/#primaryimage","url":"https:\/\/fonolukk.eu\/wp-content\/uploads\/2026\/05\/wi-ax3000m-fonolukk-1.png","contentUrl":"https:\/\/fonolukk.eu\/wp-content\/uploads\/2026\/05\/wi-ax3000m-fonolukk-1.png","width":800,"height":800,"caption":"Indoor mesh fonolukk"},{"@type":"BreadcrumbList","@id":"https:\/\/fonolukk.eu\/et\/tooted\/wi-ax3000m\/#breadcrumb","itemListElement":[{"@type":"ListItem","position":1,"name":"Esileht","item":"https:\/\/fonolukk.eu\/et\/koduleht\/"},{"@type":"ListItem","position":2,"name":"Tooted","item":"https:\/\/fonolukk.eu\/et\/shop-2\/"},{"@type":"ListItem","position":3,"name":"PoE kommutaatorid, ruuterid ja v\u00f5rguhubid","item":"https:\/\/fonolukk.eu\/et\/product-category\/poe-kommutaatorid-ruuterid-ja-vorguhubid\/"},{"@type":"ListItem","position":4,"name":"WI-AX3000M"}]},{"@type":"WebSite","@id":"https:\/\/fonolukk.eu\/et\/#website","url":"https:\/\/fonolukk.eu\/et\/","name":"Fonolukk eu","description":"Smart Security Systems","publisher":{"@id":"https:\/\/fonolukk.eu\/et\/#organization"},"potentialAction":[{"@type":"SearchAction","target":{"@type":"EntryPoint","urlTemplate":"https:\/\/fonolukk.eu\/et\/?s={search_term_string}"},"query-input":{"@type":"PropertyValueSpecification","valueRequired":true,"valueName":"search_term_string"}}],"inLanguage":"et"},{"@type":"Organization","@id":"https:\/\/fonolukk.eu\/et\/#organization","name":"Smart Security OU","url":"https:\/\/fonolukk.eu\/et\/","logo":{"@type":"ImageObject","inLanguage":"et","@id":"https:\/\/fonolukk.eu\/et\/#\/schema\/logo\/image\/","url":"https:\/\/fonolukk.eu\/wp-content\/uploads\/2023\/09\/fonolukk.png","contentUrl":"https:\/\/fonolukk.eu\/wp-content\/uploads\/2023\/09\/fonolukk.png","width":277,"height":274,"caption":"Smart Security OU"},"image":{"@id":"https:\/\/fonolukk.eu\/et\/#\/schema\/logo\/image\/"},"sameAs":["https:\/\/www.facebook.com\/fonolukk","https:\/\/www.instagram.com\/fonolukk\/?hl=ru"],"publishingPrinciples":"https:\/\/fonolukk.eu\/terms-and-conditions\/","ownershipFundingInfo":"https:\/\/fonolukk.eu\/about-us\/"}]},"product_price_amount":"0.00","product_price_currency":"EUR","og_availability":"instock","product_availability":"instock","product_retailer_item_id":"WI-AX3000M","product_condition":"new"},"_links":{"self":[{"href":"https:\/\/fonolukk.eu\/et\/wp-json\/wp\/v2\/product\/23693","targetHints":{"allow":["GET"]}}],"collection":[{"href":"https:\/\/fonolukk.eu\/et\/wp-json\/wp\/v2\/product"}],"about":[{"href":"https:\/\/fonolukk.eu\/et\/wp-json\/wp\/v2\/types\/product"}],"version-history":[{"count":1,"href":"https:\/\/fonolukk.eu\/et\/wp-json\/wp\/v2\/product\/23693\/revisions"}],"predecessor-version":[{"id":23714,"href":"https:\/\/fonolukk.eu\/et\/wp-json\/wp\/v2\/product\/23693\/revisions\/23714"}],"wp:featuredmedia":[{"embeddable":true,"href":"https:\/\/fonolukk.eu\/et\/wp-json\/wp\/v2\/media\/23708"}],"wp:attachment":[{"href":"https:\/\/fonolukk.eu\/et\/wp-json\/wp\/v2\/media?parent=23693"}],"wp:term":[{"taxonomy":"product_brand","embeddable":true,"href":"https:\/\/fonolukk.eu\/et\/wp-json\/wp\/v2\/product_brand?post=23693"},{"taxonomy":"product_cat","embeddable":true,"href":"https:\/\/fonolukk.eu\/et\/wp-json\/wp\/v2\/product_cat?post=23693"},{"taxonomy":"product_tag","embeddable":true,"href":"https:\/\/fonolukk.eu\/et\/wp-json\/wp\/v2\/product_tag?post=23693"}],"curies":[{"name":"wp","href":"https:\/\/api.w.org\/{rel}","templated":true}]}}