{"id":23717,"date":"2026-05-11T07:22:28","date_gmt":"2026-05-11T04:22:28","guid":{"rendered":"https:\/\/fonolukk.eu\/?post_type=product&#038;p=23717"},"modified":"2026-05-11T07:45:59","modified_gmt":"2026-05-11T04:45:59","slug":"wi-pces210g","status":"publish","type":"product","link":"https:\/\/fonolukk.eu\/et\/tooted\/wi-pces210g\/","title":{"rendered":"WI-PCES210G"},"content":{"rendered":"<table>\n<tbody>\n<tr>\n<td><strong>Mudel<\/strong><\/td>\n<td><strong>WI-PCES210G<\/strong><\/td>\n<\/tr>\n<tr>\n<td>Riistvara versioon<\/td>\n<td>V1<\/td>\n<\/tr>\n<tr>\n<td><strong>Riistvara omadused<\/strong><\/td>\n<td><\/td>\n<\/tr>\n<tr>\n<td><strong>Liidesed<\/strong><\/td>\n<td><\/td>\n<\/tr>\n<tr>\n<td>Allalaadimise port<\/td>\n<td>\n        8*10\/100Mbps<br \/>\n        RJ45 PoE pordid\n      <\/td>\n<\/tr>\n<tr>\n<td>\u00dcleslaadimise port<\/td>\n<td>\n        2*10\/100\/1000Mbps<br \/>\n        Etherneti pordid\n      <\/td>\n<\/tr>\n<tr>\n<td><strong>PoE<\/strong><\/td>\n<td><\/td>\n<\/tr>\n<tr>\n<td>PoE port<\/td>\n<td>Pordid 1\u20138<\/td>\n<\/tr>\n<tr>\n<td>PoE standard<\/td>\n<td>\n        Pordid 1\u20132: Hi-PoE 45W<br \/>\n        Pordid 3\u20138: 802.3af\/at 30W\n      <\/td>\n<\/tr>\n<tr>\n<td>PoE kontaktide m\u00e4\u00e4rang<\/td>\n<td><\/td>\n<\/tr>\n<tr>\n<td>PoE v\u00f5imsusreserv<\/td>\n<td>100W<\/td>\n<\/tr>\n<tr>\n<td><strong>J\u00f5udlus<\/strong><\/td>\n<td><\/td>\n<\/tr>\n<tr>\n<td>Flash-m\u00e4lu<\/td>\n<td><\/td>\n<\/tr>\n<tr>\n<td><strong>Switchi omadused<\/strong><\/td>\n<td><\/td>\n<\/tr>\n<tr>\n<td>Standardid ja protokollid<\/td>\n<td>\n        IEEE 802.3 (Ethernet)<br \/>\n        IEEE 802.3u (Fast Ethernet)<br \/>\n        IEEE 802.3ab (Gigabit Ethernet)<br \/>\n        IEEE 802.3af (Power over Ethernet)<br \/>\n        IEEE 802.3at (Power over Ethernet Plus)\n      <\/td>\n<\/tr>\n<tr>\n<td>Edastamise re\u017eiim<\/td>\n<td>Salvesta ja edasta<\/td>\n<\/tr>\n<tr>\n<td>Switchi l\u00e4bilaskev\u00f5ime<\/td>\n<td>5.6Gbps<\/td>\n<\/tr>\n<tr>\n<td>Pakettide edastuskiirus<\/td>\n<td>4.17Mpps<\/td>\n<\/tr>\n<tr>\n<td><strong>Mudel<\/strong><\/td>\n<td><strong>WI-PCES210G<\/strong><\/td>\n<\/tr>\n<tr>\n<td>MAC-aadresside tabel<\/td>\n<td>4k<\/td>\n<\/tr>\n<tr>\n<td>Pakettide puhverm\u00e4lu<\/td>\n<td><\/td>\n<\/tr>\n<tr>\n<td>Jumbo Frame<\/td>\n<td><\/td>\n<\/tr>\n<tr>\n<td><strong>Toide<\/strong><\/td>\n<td><\/td>\n<\/tr>\n<tr>\n<td>Sisendtoide<\/td>\n<td><\/td>\n<\/tr>\n<tr>\n<td>Voolutarve<\/td>\n<td>\n        T\u00fchik\u00e4igul: 2.4W<br \/>\n        100% liikluskoormus koos PoE-ga: 102.4W\n      <\/td>\n<\/tr>\n<\/tbody>\n<\/table>\n","protected":false},"excerpt":{"rendered":"<p>\u2022 Pilvep\u00f5hine lihtsasti hallatav 250 m PoE switch<br \/>\n\u2022 8 \u00d7 10\/100Mbps RJ45 PoE porti, 2 \u00d7 10\/100\/1000Mbps RJ45 porti<br \/>\n\u2022 Pordid 1\u20132: Hi-PoE 45W, pordid 3\u20138: 802.3af\/at<br \/>\n\u2022 Kogu v\u00f5imsus kuni 102.4W<br \/>\n\u2022 Toetab Wi-Tek Cloud haldust ja kaug-hooldust mobiilirakenduse kaudu<br \/>\n\u2022 Nutikas DIP-re\u017eiim: Extend-re\u017eiim, VLAN-re\u017eiim, PD Alive re\u017eiim<br \/>\n\u2022 Toetab erinevaid reaalajas h\u00e4ireteateid, mis aitavad ka algajal probleeme lahendada<br \/>\n\u2022 Toetab ONVIF-protokolli, et IP-kaamera automaatselt tuvastada; eriti sobiv CCTV-v\u00f5rgu jaoks<\/p>\n[wpdm_package id='23740']\n","protected":false},"featured_media":23735,"template":"","meta":[],"product_brand":[],"product_cat":[1705,1708],"product_tag":[],"class_list":{"0":"post-23717","1":"product","2":"type-product","3":"status-publish","4":"has-post-thumbnail","6":"product_cat-poe-kommutaatorid-ruuterid-ja-vorguhubid","7":"product_cat-vorgutooted","9":"first","10":"instock","11":"taxable","12":"shipping-taxable","13":"product-type-simple"},"yoast_head":"<!-- This site is optimized with the Yoast SEO Premium plugin v27.5 (Yoast SEO v27.5) - https:\/\/yoast.com\/product\/yoast-seo-premium-wordpress\/ -->\n<title>WI-PCES210G<\/title>\n<meta name=\"description\" content=\"WI-PCES210G - \u2022 Pilvep\u00f5hine lihtsasti hallatav 250 m PoE switch \u2022 8 \u00d7 10\/100Mbps RJ45 PoE porti, 2 \u00d7 10\/100\/1000Mbps RJ45 porti \u2022 Pordid 1\u20132: Hi-PoE 45W, pordid 3\u20138: 802.3af\/at \u2022 Kogu v\u00f5imsus kuni 102.4W \u2022 Toetab Wi-Tek Cloud haldust ja kaug-hooldust mobiilirakenduse kaudu \u2022 Nutikas DIP-re\u017eiim: Extend-re\u017eiim, VLAN-re\u017eiim, PD Alive re\u017eiim \u2022 Toetab erinevaid reaalajas h\u00e4ireteateid, mis aitavad ka algajal probleeme lahendada \u2022 Toetab ONVIF-protokolli, et IP-kaamera automaatselt tuvastada; eriti sobiv CCTV-v\u00f5rgu jaoks\" \/>\n<meta name=\"robots\" content=\"index, follow, max-snippet:-1, max-image-preview:large, max-video-preview:-1\" \/>\n<link rel=\"canonical\" href=\"https:\/\/fonolukk.eu\/et\/tooted\/wi-pces210g\/\" \/>\n<meta property=\"og:locale\" content=\"et_EE\" \/>\n<meta property=\"og:type\" content=\"article\" \/>\n<meta property=\"og:title\" content=\"WI-PCES210G\" \/>\n<meta property=\"og:description\" content=\"\u2022 Pilvep\u00f5hine lihtsasti hallatav 250 m PoE switch \u2022 8 \u00d7 10\/100Mbps RJ45 PoE porti, 2 \u00d7 10\/100\/1000Mbps RJ45 porti \u2022 Pordid 1\u20132: Hi-PoE 45W, pordid 3\u20138: 802.3af\/at \u2022 Kogu v\u00f5imsus kuni 102.4W \u2022 Toetab Wi-Tek Cloud haldust ja kaug-hooldust mobiilirakenduse kaudu \u2022 Nutikas DIP-re\u017eiim: Extend-re\u017eiim, VLAN-re\u017eiim, PD Alive re\u017eiim \u2022 Toetab erinevaid reaalajas h\u00e4ireteateid, mis aitavad ka algajal probleeme lahendada \u2022 Toetab ONVIF-protokolli, et IP-kaamera automaatselt tuvastada; eriti sobiv CCTV-v\u00f5rgu jaoks\" \/>\n<meta property=\"og:url\" content=\"https:\/\/fonolukk.eu\/et\/tooted\/wi-pces210g\/\" \/>\n<meta property=\"og:site_name\" content=\"Fonolukk\" \/>\n<meta property=\"article:publisher\" content=\"https:\/\/www.facebook.com\/fonolukk\" \/>\n<meta property=\"article:modified_time\" content=\"2026-05-11T04:45:59+00:00\" \/>\n<meta property=\"og:image\" content=\"https:\/\/fonolukk.eu\/wp-content\/uploads\/2026\/05\/smart-switch-fonolukk-1.png\" \/>\n\t<meta property=\"og:image:width\" content=\"800\" \/>\n\t<meta property=\"og:image:height\" content=\"800\" \/>\n\t<meta property=\"og:image:type\" content=\"image\/png\" \/>\n<meta name=\"twitter:card\" content=\"summary_large_image\" \/>\n<meta name=\"twitter:label1\" content=\"Hind\" \/>\n\t<meta name=\"twitter:data1\" content=\"\" \/>\n\t<meta name=\"twitter:label2\" content=\"Availability\" \/>\n\t<meta name=\"twitter:data2\" content=\"Laos\" \/>\n<script type=\"application\/ld+json\" class=\"yoast-schema-graph\">{\"@context\":\"https:\\\/\\\/schema.org\",\"@graph\":[{\"@type\":\"WebPage\",\"@id\":\"https:\\\/\\\/fonolukk.eu\\\/et\\\/tooted\\\/wi-pces210g\\\/\",\"url\":\"https:\\\/\\\/fonolukk.eu\\\/et\\\/tooted\\\/wi-pces210g\\\/\",\"name\":\"WI-PCES210G\",\"isPartOf\":{\"@id\":\"https:\\\/\\\/fonolukk.eu\\\/et\\\/#website\"},\"primaryImageOfPage\":{\"@id\":\"https:\\\/\\\/fonolukk.eu\\\/et\\\/tooted\\\/wi-pces210g\\\/#primaryimage\"},\"image\":{\"@id\":\"https:\\\/\\\/fonolukk.eu\\\/et\\\/tooted\\\/wi-pces210g\\\/#primaryimage\"},\"thumbnailUrl\":\"https:\\\/\\\/fonolukk.eu\\\/wp-content\\\/uploads\\\/2026\\\/05\\\/smart-switch-fonolukk-1.png\",\"datePublished\":\"2026-05-11T04:22:28+00:00\",\"dateModified\":\"2026-05-11T04:45:59+00:00\",\"description\":\"WI-PCES210G - \u2022 Pilvep\u00f5hine lihtsasti hallatav 250 m PoE switch \u2022 8 \u00d7 10\\\/100Mbps RJ45 PoE porti, 2 \u00d7 10\\\/100\\\/1000Mbps RJ45 porti \u2022 Pordid 1\u20132: Hi-PoE 45W, pordid 3\u20138: 802.3af\\\/at \u2022 Kogu v\u00f5imsus kuni 102.4W \u2022 Toetab Wi-Tek Cloud haldust ja kaug-hooldust mobiilirakenduse kaudu \u2022 Nutikas DIP-re\u017eiim: Extend-re\u017eiim, VLAN-re\u017eiim, PD Alive re\u017eiim \u2022 Toetab erinevaid reaalajas h\u00e4ireteateid, mis aitavad ka algajal probleeme lahendada \u2022 Toetab ONVIF-protokolli, et IP-kaamera automaatselt tuvastada; eriti sobiv CCTV-v\u00f5rgu jaoks\",\"breadcrumb\":{\"@id\":\"https:\\\/\\\/fonolukk.eu\\\/et\\\/tooted\\\/wi-pces210g\\\/#breadcrumb\"},\"inLanguage\":\"et\",\"potentialAction\":[{\"@type\":\"ReadAction\",\"target\":[\"https:\\\/\\\/fonolukk.eu\\\/et\\\/tooted\\\/wi-pces210g\\\/\"]}]},{\"@type\":\"ImageObject\",\"inLanguage\":\"et\",\"@id\":\"https:\\\/\\\/fonolukk.eu\\\/et\\\/tooted\\\/wi-pces210g\\\/#primaryimage\",\"url\":\"https:\\\/\\\/fonolukk.eu\\\/wp-content\\\/uploads\\\/2026\\\/05\\\/smart-switch-fonolukk-1.png\",\"contentUrl\":\"https:\\\/\\\/fonolukk.eu\\\/wp-content\\\/uploads\\\/2026\\\/05\\\/smart-switch-fonolukk-1.png\",\"width\":800,\"height\":800,\"caption\":\"Smart Switch WI-PCES210G fonolukk\"},{\"@type\":\"BreadcrumbList\",\"@id\":\"https:\\\/\\\/fonolukk.eu\\\/et\\\/tooted\\\/wi-pces210g\\\/#breadcrumb\",\"itemListElement\":[{\"@type\":\"ListItem\",\"position\":1,\"name\":\"Esileht\",\"item\":\"https:\\\/\\\/fonolukk.eu\\\/et\\\/koduleht\\\/\"},{\"@type\":\"ListItem\",\"position\":2,\"name\":\"Tooted\",\"item\":\"https:\\\/\\\/fonolukk.eu\\\/et\\\/shop-2\\\/\"},{\"@type\":\"ListItem\",\"position\":3,\"name\":\"PoE kommutaatorid, ruuterid ja v\u00f5rguhubid\",\"item\":\"https:\\\/\\\/fonolukk.eu\\\/et\\\/product-category\\\/poe-kommutaatorid-ruuterid-ja-vorguhubid\\\/\"},{\"@type\":\"ListItem\",\"position\":4,\"name\":\"WI-PCES210G\"}]},{\"@type\":\"WebSite\",\"@id\":\"https:\\\/\\\/fonolukk.eu\\\/et\\\/#website\",\"url\":\"https:\\\/\\\/fonolukk.eu\\\/et\\\/\",\"name\":\"Fonolukk eu\",\"description\":\"Smart Security Systems\",\"publisher\":{\"@id\":\"https:\\\/\\\/fonolukk.eu\\\/et\\\/#organization\"},\"potentialAction\":[{\"@type\":\"SearchAction\",\"target\":{\"@type\":\"EntryPoint\",\"urlTemplate\":\"https:\\\/\\\/fonolukk.eu\\\/et\\\/?s={search_term_string}\"},\"query-input\":{\"@type\":\"PropertyValueSpecification\",\"valueRequired\":true,\"valueName\":\"search_term_string\"}}],\"inLanguage\":\"et\"},{\"@type\":\"Organization\",\"@id\":\"https:\\\/\\\/fonolukk.eu\\\/et\\\/#organization\",\"name\":\"Smart Security OU\",\"url\":\"https:\\\/\\\/fonolukk.eu\\\/et\\\/\",\"logo\":{\"@type\":\"ImageObject\",\"inLanguage\":\"et\",\"@id\":\"https:\\\/\\\/fonolukk.eu\\\/et\\\/#\\\/schema\\\/logo\\\/image\\\/\",\"url\":\"https:\\\/\\\/fonolukk.eu\\\/wp-content\\\/uploads\\\/2023\\\/09\\\/fonolukk.png\",\"contentUrl\":\"https:\\\/\\\/fonolukk.eu\\\/wp-content\\\/uploads\\\/2023\\\/09\\\/fonolukk.png\",\"width\":277,\"height\":274,\"caption\":\"Smart Security OU\"},\"image\":{\"@id\":\"https:\\\/\\\/fonolukk.eu\\\/et\\\/#\\\/schema\\\/logo\\\/image\\\/\"},\"sameAs\":[\"https:\\\/\\\/www.facebook.com\\\/fonolukk\",\"https:\\\/\\\/www.instagram.com\\\/fonolukk\\\/?hl=ru\"],\"publishingPrinciples\":\"https:\\\/\\\/fonolukk.eu\\\/terms-and-conditions\\\/\",\"ownershipFundingInfo\":\"https:\\\/\\\/fonolukk.eu\\\/about-us\\\/\"}]}<\/script>\n<meta property=\"product:price:amount\" content=\"0.00\" \/>\n<meta property=\"product:price:currency\" content=\"EUR\" \/>\n<meta property=\"og:availability\" content=\"instock\" \/>\n<meta property=\"product:availability\" content=\"instock\" \/>\n<meta property=\"product:retailer_item_id\" content=\"WI-PCES210G\" \/>\n<meta property=\"product:condition\" content=\"new\" \/>\n<!-- \/ Yoast SEO Premium plugin. -->","yoast_head_json":{"title":"WI-PCES210G","description":"WI-PCES210G - \u2022 Pilvep\u00f5hine lihtsasti hallatav 250 m PoE switch \u2022 8 \u00d7 10\/100Mbps RJ45 PoE porti, 2 \u00d7 10\/100\/1000Mbps RJ45 porti \u2022 Pordid 1\u20132: Hi-PoE 45W, pordid 3\u20138: 802.3af\/at \u2022 Kogu v\u00f5imsus kuni 102.4W \u2022 Toetab Wi-Tek Cloud haldust ja kaug-hooldust mobiilirakenduse kaudu \u2022 Nutikas DIP-re\u017eiim: Extend-re\u017eiim, VLAN-re\u017eiim, PD Alive re\u017eiim \u2022 Toetab erinevaid reaalajas h\u00e4ireteateid, mis aitavad ka algajal probleeme lahendada \u2022 Toetab ONVIF-protokolli, et IP-kaamera automaatselt tuvastada; eriti sobiv CCTV-v\u00f5rgu jaoks","robots":{"index":"index","follow":"follow","max-snippet":"max-snippet:-1","max-image-preview":"max-image-preview:large","max-video-preview":"max-video-preview:-1"},"canonical":"https:\/\/fonolukk.eu\/et\/tooted\/wi-pces210g\/","og_locale":"et_EE","og_type":"article","og_title":"WI-PCES210G","og_description":"\u2022 Pilvep\u00f5hine lihtsasti hallatav 250 m PoE switch \u2022 8 \u00d7 10\/100Mbps RJ45 PoE porti, 2 \u00d7 10\/100\/1000Mbps RJ45 porti \u2022 Pordid 1\u20132: Hi-PoE 45W, pordid 3\u20138: 802.3af\/at \u2022 Kogu v\u00f5imsus kuni 102.4W \u2022 Toetab Wi-Tek Cloud haldust ja kaug-hooldust mobiilirakenduse kaudu \u2022 Nutikas DIP-re\u017eiim: Extend-re\u017eiim, VLAN-re\u017eiim, PD Alive re\u017eiim \u2022 Toetab erinevaid reaalajas h\u00e4ireteateid, mis aitavad ka algajal probleeme lahendada \u2022 Toetab ONVIF-protokolli, et IP-kaamera automaatselt tuvastada; eriti sobiv CCTV-v\u00f5rgu jaoks","og_url":"https:\/\/fonolukk.eu\/et\/tooted\/wi-pces210g\/","og_site_name":"Fonolukk","article_publisher":"https:\/\/www.facebook.com\/fonolukk","article_modified_time":"2026-05-11T04:45:59+00:00","og_image":[{"width":800,"height":800,"url":"https:\/\/fonolukk.eu\/wp-content\/uploads\/2026\/05\/smart-switch-fonolukk-1.png","type":"image\/png"}],"twitter_card":"summary_large_image","twitter_misc":{"Hind":"","Availability":"Laos"},"schema":{"@context":"https:\/\/schema.org","@graph":[{"@type":"WebPage","@id":"https:\/\/fonolukk.eu\/et\/tooted\/wi-pces210g\/","url":"https:\/\/fonolukk.eu\/et\/tooted\/wi-pces210g\/","name":"WI-PCES210G","isPartOf":{"@id":"https:\/\/fonolukk.eu\/et\/#website"},"primaryImageOfPage":{"@id":"https:\/\/fonolukk.eu\/et\/tooted\/wi-pces210g\/#primaryimage"},"image":{"@id":"https:\/\/fonolukk.eu\/et\/tooted\/wi-pces210g\/#primaryimage"},"thumbnailUrl":"https:\/\/fonolukk.eu\/wp-content\/uploads\/2026\/05\/smart-switch-fonolukk-1.png","datePublished":"2026-05-11T04:22:28+00:00","dateModified":"2026-05-11T04:45:59+00:00","description":"WI-PCES210G - \u2022 Pilvep\u00f5hine lihtsasti hallatav 250 m PoE switch \u2022 8 \u00d7 10\/100Mbps RJ45 PoE porti, 2 \u00d7 10\/100\/1000Mbps RJ45 porti \u2022 Pordid 1\u20132: Hi-PoE 45W, pordid 3\u20138: 802.3af\/at \u2022 Kogu v\u00f5imsus kuni 102.4W \u2022 Toetab Wi-Tek Cloud haldust ja kaug-hooldust mobiilirakenduse kaudu \u2022 Nutikas DIP-re\u017eiim: Extend-re\u017eiim, VLAN-re\u017eiim, PD Alive re\u017eiim \u2022 Toetab erinevaid reaalajas h\u00e4ireteateid, mis aitavad ka algajal probleeme lahendada \u2022 Toetab ONVIF-protokolli, et IP-kaamera automaatselt tuvastada; eriti sobiv CCTV-v\u00f5rgu jaoks","breadcrumb":{"@id":"https:\/\/fonolukk.eu\/et\/tooted\/wi-pces210g\/#breadcrumb"},"inLanguage":"et","potentialAction":[{"@type":"ReadAction","target":["https:\/\/fonolukk.eu\/et\/tooted\/wi-pces210g\/"]}]},{"@type":"ImageObject","inLanguage":"et","@id":"https:\/\/fonolukk.eu\/et\/tooted\/wi-pces210g\/#primaryimage","url":"https:\/\/fonolukk.eu\/wp-content\/uploads\/2026\/05\/smart-switch-fonolukk-1.png","contentUrl":"https:\/\/fonolukk.eu\/wp-content\/uploads\/2026\/05\/smart-switch-fonolukk-1.png","width":800,"height":800,"caption":"Smart Switch WI-PCES210G fonolukk"},{"@type":"BreadcrumbList","@id":"https:\/\/fonolukk.eu\/et\/tooted\/wi-pces210g\/#breadcrumb","itemListElement":[{"@type":"ListItem","position":1,"name":"Esileht","item":"https:\/\/fonolukk.eu\/et\/koduleht\/"},{"@type":"ListItem","position":2,"name":"Tooted","item":"https:\/\/fonolukk.eu\/et\/shop-2\/"},{"@type":"ListItem","position":3,"name":"PoE kommutaatorid, ruuterid ja v\u00f5rguhubid","item":"https:\/\/fonolukk.eu\/et\/product-category\/poe-kommutaatorid-ruuterid-ja-vorguhubid\/"},{"@type":"ListItem","position":4,"name":"WI-PCES210G"}]},{"@type":"WebSite","@id":"https:\/\/fonolukk.eu\/et\/#website","url":"https:\/\/fonolukk.eu\/et\/","name":"Fonolukk eu","description":"Smart Security Systems","publisher":{"@id":"https:\/\/fonolukk.eu\/et\/#organization"},"potentialAction":[{"@type":"SearchAction","target":{"@type":"EntryPoint","urlTemplate":"https:\/\/fonolukk.eu\/et\/?s={search_term_string}"},"query-input":{"@type":"PropertyValueSpecification","valueRequired":true,"valueName":"search_term_string"}}],"inLanguage":"et"},{"@type":"Organization","@id":"https:\/\/fonolukk.eu\/et\/#organization","name":"Smart Security OU","url":"https:\/\/fonolukk.eu\/et\/","logo":{"@type":"ImageObject","inLanguage":"et","@id":"https:\/\/fonolukk.eu\/et\/#\/schema\/logo\/image\/","url":"https:\/\/fonolukk.eu\/wp-content\/uploads\/2023\/09\/fonolukk.png","contentUrl":"https:\/\/fonolukk.eu\/wp-content\/uploads\/2023\/09\/fonolukk.png","width":277,"height":274,"caption":"Smart Security OU"},"image":{"@id":"https:\/\/fonolukk.eu\/et\/#\/schema\/logo\/image\/"},"sameAs":["https:\/\/www.facebook.com\/fonolukk","https:\/\/www.instagram.com\/fonolukk\/?hl=ru"],"publishingPrinciples":"https:\/\/fonolukk.eu\/terms-and-conditions\/","ownershipFundingInfo":"https:\/\/fonolukk.eu\/about-us\/"}]},"product_price_amount":"0.00","product_price_currency":"EUR","og_availability":"instock","product_availability":"instock","product_retailer_item_id":"WI-PCES210G","product_condition":"new"},"_links":{"self":[{"href":"https:\/\/fonolukk.eu\/et\/wp-json\/wp\/v2\/product\/23717","targetHints":{"allow":["GET"]}}],"collection":[{"href":"https:\/\/fonolukk.eu\/et\/wp-json\/wp\/v2\/product"}],"about":[{"href":"https:\/\/fonolukk.eu\/et\/wp-json\/wp\/v2\/types\/product"}],"version-history":[{"count":2,"href":"https:\/\/fonolukk.eu\/et\/wp-json\/wp\/v2\/product\/23717\/revisions"}],"predecessor-version":[{"id":23743,"href":"https:\/\/fonolukk.eu\/et\/wp-json\/wp\/v2\/product\/23717\/revisions\/23743"}],"wp:featuredmedia":[{"embeddable":true,"href":"https:\/\/fonolukk.eu\/et\/wp-json\/wp\/v2\/media\/23735"}],"wp:attachment":[{"href":"https:\/\/fonolukk.eu\/et\/wp-json\/wp\/v2\/media?parent=23717"}],"wp:term":[{"taxonomy":"product_brand","embeddable":true,"href":"https:\/\/fonolukk.eu\/et\/wp-json\/wp\/v2\/product_brand?post=23717"},{"taxonomy":"product_cat","embeddable":true,"href":"https:\/\/fonolukk.eu\/et\/wp-json\/wp\/v2\/product_cat?post=23717"},{"taxonomy":"product_tag","embeddable":true,"href":"https:\/\/fonolukk.eu\/et\/wp-json\/wp\/v2\/product_tag?post=23717"}],"curies":[{"name":"wp","href":"https:\/\/api.w.org\/{rel}","templated":true}]}}