{"id":5048,"date":"2020-03-03T21:38:57","date_gmt":"2020-03-03T21:38:57","guid":{"rendered":"https:\/\/fonolukk.eu\/product\/can-separation-box-2-valjundid-rj45-din-paigaldus-valge\/"},"modified":"2020-08-13T10:14:34","modified_gmt":"2020-08-13T07:14:34","slug":"can-separation-box-2-valjundid-rj45-din-paigaldus-valge","status":"publish","type":"product","link":"https:\/\/fonolukk.eu\/et\/tooted\/can-separation-box-2-valjundid-rj45-din-paigaldus-valge\/","title":{"rendered":"CAN SEPARATION BOX &#8211; 2 V\u00c4LJUNDID &#8211; RJ45, DIN PAIGALDUS, VALGE"},"content":{"rendered":"<p>CAN signaali taastamise<br \/>\nEraldamine kasti taastab SAAB digitaalseid signaale, mis on edastatud Teatise kohta \u2013 Andmete liin, aladel, milles nad on moonutatud mahtuvuslik ladustamine UTP (FTP) kaablid.<br \/>\nSAAB eraldamine kast on vajalik Touch Line \u2013 Elamu video ukse telefon rajatised kokku kaabli pikkus \u00fcletab 1000 m v\u00f5i millel on jaotatud v\u00f5imsus on \u00fcle 50 nF, s\u00f5ltumata sellest, mitme paigaldatud terminalid.<br \/>\nKorpus on valmistatud ABS ja paigaldamiseks saab teha DIN raudtee v\u00f5i pinnale.<\/p>\n","protected":false},"excerpt":{"rendered":"<p>CAN signaali taastamise Eraldamine kasti taastab SAAB digitaalseid signaale, mis on edastatud Teatise kohta \u2013 Andmete liin, aladel, milles nad<\/p>\n","protected":false},"featured_media":5026,"template":"","meta":[],"product_brand":[],"product_cat":[606,918],"product_tag":[],"class_list":{"0":"post-5048","1":"product","2":"type-product","3":"status-publish","4":"has-post-thumbnail","6":"product_cat-fonolukud","7":"product_cat-toiteblokid-aksessuaarid-et-2","8":"pa_brand-electra-et","10":"first","11":"instock","12":"taxable","13":"shipping-taxable","14":"product-type-simple"},"yoast_head":"<!-- This site is optimized with the Yoast SEO Premium plugin v27.3 (Yoast SEO v27.3) - https:\/\/yoast.com\/product\/yoast-seo-premium-wordpress\/ -->\n<title>CAN SEPARATION BOX - 2 V\u00c4LJUNDID - RJ45, DIN PAIGALDUS, VALGE - Fonolukk<\/title>\n<meta name=\"description\" content=\"CAN SEPARATION BOX - 2 V\u00c4LJUNDID - RJ45, DIN PAIGALDUS, VALGE - Fonolukk\" \/>\n<meta name=\"robots\" content=\"index, follow, max-snippet:-1, max-image-preview:large, max-video-preview:-1\" \/>\n<link rel=\"canonical\" href=\"https:\/\/fonolukk.eu\/et\/tooted\/can-separation-box-2-valjundid-rj45-din-paigaldus-valge\/\" \/>\n<meta property=\"og:locale\" content=\"et_EE\" \/>\n<meta property=\"og:type\" content=\"article\" \/>\n<meta property=\"og:title\" content=\"CAN SEPARATION BOX - 2 V\u00c4LJUNDID - RJ45, DIN PAIGALDUS, VALGE\" \/>\n<meta property=\"og:description\" content=\"CAN signaali taastamise Eraldamine kasti taastab SAAB digitaalseid signaale, mis on edastatud Teatise kohta \u2013 Andmete liin, aladel, milles nad on\" \/>\n<meta property=\"og:url\" content=\"https:\/\/fonolukk.eu\/et\/tooted\/can-separation-box-2-valjundid-rj45-din-paigaldus-valge\/\" \/>\n<meta property=\"og:site_name\" content=\"Fonolukk\" \/>\n<meta property=\"article:publisher\" content=\"https:\/\/www.facebook.com\/fonolukk\" \/>\n<meta property=\"article:modified_time\" content=\"2020-08-13T07:14:34+00:00\" \/>\n<meta property=\"og:image\" content=\"https:\/\/fonolukk.eu\/wp-content\/uploads\/2020\/03\/CSB.2DR02ELW_RGB-site.jpg\" \/>\n\t<meta property=\"og:image:width\" content=\"1022\" \/>\n\t<meta property=\"og:image:height\" content=\"1150\" \/>\n\t<meta property=\"og:image:type\" content=\"image\/jpeg\" \/>\n<meta name=\"twitter:card\" content=\"summary_large_image\" \/>\n<meta name=\"twitter:label1\" content=\"Hind\" \/>\n\t<meta name=\"twitter:data1\" content=\"\" \/>\n\t<meta name=\"twitter:label2\" content=\"Availability\" \/>\n\t<meta name=\"twitter:data2\" content=\"Laos\" \/>\n<script type=\"application\/ld+json\" class=\"yoast-schema-graph\">{\"@context\":\"https:\\\/\\\/schema.org\",\"@graph\":[{\"@type\":\"WebPage\",\"@id\":\"https:\\\/\\\/fonolukk.eu\\\/et\\\/tooted\\\/can-separation-box-2-valjundid-rj45-din-paigaldus-valge\\\/\",\"url\":\"https:\\\/\\\/fonolukk.eu\\\/et\\\/tooted\\\/can-separation-box-2-valjundid-rj45-din-paigaldus-valge\\\/\",\"name\":\"CAN SEPARATION BOX - 2 V\u00c4LJUNDID - RJ45, DIN PAIGALDUS, VALGE - Fonolukk\",\"isPartOf\":{\"@id\":\"https:\\\/\\\/fonolukk.eu\\\/et\\\/#website\"},\"primaryImageOfPage\":{\"@id\":\"https:\\\/\\\/fonolukk.eu\\\/et\\\/tooted\\\/can-separation-box-2-valjundid-rj45-din-paigaldus-valge\\\/#primaryimage\"},\"image\":{\"@id\":\"https:\\\/\\\/fonolukk.eu\\\/et\\\/tooted\\\/can-separation-box-2-valjundid-rj45-din-paigaldus-valge\\\/#primaryimage\"},\"thumbnailUrl\":\"https:\\\/\\\/fonolukk.eu\\\/wp-content\\\/uploads\\\/2020\\\/03\\\/CSB.2DR02ELW_RGB-site.jpg\",\"datePublished\":\"2020-03-03T21:38:57+00:00\",\"dateModified\":\"2020-08-13T07:14:34+00:00\",\"description\":\"CAN SEPARATION BOX - 2 V\u00c4LJUNDID - RJ45, DIN PAIGALDUS, VALGE - Fonolukk\",\"breadcrumb\":{\"@id\":\"https:\\\/\\\/fonolukk.eu\\\/et\\\/tooted\\\/can-separation-box-2-valjundid-rj45-din-paigaldus-valge\\\/#breadcrumb\"},\"inLanguage\":\"et\",\"potentialAction\":[{\"@type\":\"ReadAction\",\"target\":[\"https:\\\/\\\/fonolukk.eu\\\/et\\\/tooted\\\/can-separation-box-2-valjundid-rj45-din-paigaldus-valge\\\/\"]}]},{\"@type\":\"ImageObject\",\"inLanguage\":\"et\",\"@id\":\"https:\\\/\\\/fonolukk.eu\\\/et\\\/tooted\\\/can-separation-box-2-valjundid-rj45-din-paigaldus-valge\\\/#primaryimage\",\"url\":\"https:\\\/\\\/fonolukk.eu\\\/wp-content\\\/uploads\\\/2020\\\/03\\\/CSB.2DR02ELW_RGB-site.jpg\",\"contentUrl\":\"https:\\\/\\\/fonolukk.eu\\\/wp-content\\\/uploads\\\/2020\\\/03\\\/CSB.2DR02ELW_RGB-site.jpg\",\"width\":1022,\"height\":1150},{\"@type\":\"BreadcrumbList\",\"@id\":\"https:\\\/\\\/fonolukk.eu\\\/et\\\/tooted\\\/can-separation-box-2-valjundid-rj45-din-paigaldus-valge\\\/#breadcrumb\",\"itemListElement\":[{\"@type\":\"ListItem\",\"position\":1,\"name\":\"Esileht\",\"item\":\"https:\\\/\\\/fonolukk.eu\\\/et\\\/koduleht\\\/\"},{\"@type\":\"ListItem\",\"position\":2,\"name\":\"Tooted\",\"item\":\"https:\\\/\\\/fonolukk.eu\\\/et\\\/shop-2\\\/\"},{\"@type\":\"ListItem\",\"position\":3,\"name\":\"Fonolukud\",\"item\":\"https:\\\/\\\/fonolukk.eu\\\/et\\\/product-category\\\/fonolukud\\\/\"},{\"@type\":\"ListItem\",\"position\":4,\"name\":\"Electra\",\"item\":\"https:\\\/\\\/fonolukk.eu\\\/et\\\/product-category\\\/fonolukud\\\/electra-et-2\\\/\"},{\"@type\":\"ListItem\",\"position\":5,\"name\":\"Toiteblokid, aksessuaarid\",\"item\":\"https:\\\/\\\/fonolukk.eu\\\/et\\\/product-category\\\/fonolukud\\\/electra-et-2\\\/toiteblokid-aksessuaarid-et-2\\\/\"},{\"@type\":\"ListItem\",\"position\":6,\"name\":\"CAN SEPARATION BOX &#8211; 2 V\u00c4LJUNDID &#8211; RJ45, DIN PAIGALDUS, VALGE\"}]},{\"@type\":\"WebSite\",\"@id\":\"https:\\\/\\\/fonolukk.eu\\\/et\\\/#website\",\"url\":\"https:\\\/\\\/fonolukk.eu\\\/et\\\/\",\"name\":\"Fonolukk eu\",\"description\":\"Smart Security Systems\",\"publisher\":{\"@id\":\"https:\\\/\\\/fonolukk.eu\\\/et\\\/#organization\"},\"potentialAction\":[{\"@type\":\"SearchAction\",\"target\":{\"@type\":\"EntryPoint\",\"urlTemplate\":\"https:\\\/\\\/fonolukk.eu\\\/et\\\/?s={search_term_string}\"},\"query-input\":{\"@type\":\"PropertyValueSpecification\",\"valueRequired\":true,\"valueName\":\"search_term_string\"}}],\"inLanguage\":\"et\"},{\"@type\":\"Organization\",\"@id\":\"https:\\\/\\\/fonolukk.eu\\\/et\\\/#organization\",\"name\":\"Smart Security OU\",\"url\":\"https:\\\/\\\/fonolukk.eu\\\/et\\\/\",\"logo\":{\"@type\":\"ImageObject\",\"inLanguage\":\"et\",\"@id\":\"https:\\\/\\\/fonolukk.eu\\\/et\\\/#\\\/schema\\\/logo\\\/image\\\/\",\"url\":\"https:\\\/\\\/fonolukk.eu\\\/wp-content\\\/uploads\\\/2023\\\/09\\\/fonolukk.png\",\"contentUrl\":\"https:\\\/\\\/fonolukk.eu\\\/wp-content\\\/uploads\\\/2023\\\/09\\\/fonolukk.png\",\"width\":277,\"height\":274,\"caption\":\"Smart Security OU\"},\"image\":{\"@id\":\"https:\\\/\\\/fonolukk.eu\\\/et\\\/#\\\/schema\\\/logo\\\/image\\\/\"},\"sameAs\":[\"https:\\\/\\\/www.facebook.com\\\/fonolukk\",\"https:\\\/\\\/www.instagram.com\\\/fonolukk\\\/?hl=ru\"],\"publishingPrinciples\":\"https:\\\/\\\/fonolukk.eu\\\/terms-and-conditions\\\/\",\"ownershipFundingInfo\":\"https:\\\/\\\/fonolukk.eu\\\/about-us\\\/\"}]}<\/script>\n<meta property=\"product:brand\" content=\"Electra\" \/>\n<meta property=\"product:price:amount\" content=\"0.00\" \/>\n<meta property=\"product:price:currency\" content=\"EUR\" \/>\n<meta property=\"og:availability\" content=\"instock\" \/>\n<meta property=\"product:availability\" content=\"instock\" \/>\n<meta property=\"product:retailer_item_id\" content=\"CSB.2DR02.ELW\" \/>\n<meta property=\"product:condition\" content=\"new\" \/>\n<!-- \/ Yoast SEO Premium plugin. -->","yoast_head_json":{"title":"CAN SEPARATION BOX - 2 V\u00c4LJUNDID - RJ45, DIN PAIGALDUS, VALGE - Fonolukk","description":"CAN SEPARATION BOX - 2 V\u00c4LJUNDID - RJ45, DIN PAIGALDUS, VALGE - Fonolukk","robots":{"index":"index","follow":"follow","max-snippet":"max-snippet:-1","max-image-preview":"max-image-preview:large","max-video-preview":"max-video-preview:-1"},"canonical":"https:\/\/fonolukk.eu\/et\/tooted\/can-separation-box-2-valjundid-rj45-din-paigaldus-valge\/","og_locale":"et_EE","og_type":"article","og_title":"CAN SEPARATION BOX - 2 V\u00c4LJUNDID - RJ45, DIN PAIGALDUS, VALGE","og_description":"CAN signaali taastamise Eraldamine kasti taastab SAAB digitaalseid signaale, mis on edastatud Teatise kohta \u2013 Andmete liin, aladel, milles nad on","og_url":"https:\/\/fonolukk.eu\/et\/tooted\/can-separation-box-2-valjundid-rj45-din-paigaldus-valge\/","og_site_name":"Fonolukk","article_publisher":"https:\/\/www.facebook.com\/fonolukk","article_modified_time":"2020-08-13T07:14:34+00:00","og_image":[{"width":1022,"height":1150,"url":"https:\/\/fonolukk.eu\/wp-content\/uploads\/2020\/03\/CSB.2DR02ELW_RGB-site.jpg","type":"image\/jpeg"}],"twitter_card":"summary_large_image","twitter_misc":{"Hind":"","Availability":"Laos"},"schema":{"@context":"https:\/\/schema.org","@graph":[{"@type":"WebPage","@id":"https:\/\/fonolukk.eu\/et\/tooted\/can-separation-box-2-valjundid-rj45-din-paigaldus-valge\/","url":"https:\/\/fonolukk.eu\/et\/tooted\/can-separation-box-2-valjundid-rj45-din-paigaldus-valge\/","name":"CAN SEPARATION BOX - 2 V\u00c4LJUNDID - RJ45, DIN PAIGALDUS, VALGE - Fonolukk","isPartOf":{"@id":"https:\/\/fonolukk.eu\/et\/#website"},"primaryImageOfPage":{"@id":"https:\/\/fonolukk.eu\/et\/tooted\/can-separation-box-2-valjundid-rj45-din-paigaldus-valge\/#primaryimage"},"image":{"@id":"https:\/\/fonolukk.eu\/et\/tooted\/can-separation-box-2-valjundid-rj45-din-paigaldus-valge\/#primaryimage"},"thumbnailUrl":"https:\/\/fonolukk.eu\/wp-content\/uploads\/2020\/03\/CSB.2DR02ELW_RGB-site.jpg","datePublished":"2020-03-03T21:38:57+00:00","dateModified":"2020-08-13T07:14:34+00:00","description":"CAN SEPARATION BOX - 2 V\u00c4LJUNDID - RJ45, DIN PAIGALDUS, VALGE - Fonolukk","breadcrumb":{"@id":"https:\/\/fonolukk.eu\/et\/tooted\/can-separation-box-2-valjundid-rj45-din-paigaldus-valge\/#breadcrumb"},"inLanguage":"et","potentialAction":[{"@type":"ReadAction","target":["https:\/\/fonolukk.eu\/et\/tooted\/can-separation-box-2-valjundid-rj45-din-paigaldus-valge\/"]}]},{"@type":"ImageObject","inLanguage":"et","@id":"https:\/\/fonolukk.eu\/et\/tooted\/can-separation-box-2-valjundid-rj45-din-paigaldus-valge\/#primaryimage","url":"https:\/\/fonolukk.eu\/wp-content\/uploads\/2020\/03\/CSB.2DR02ELW_RGB-site.jpg","contentUrl":"https:\/\/fonolukk.eu\/wp-content\/uploads\/2020\/03\/CSB.2DR02ELW_RGB-site.jpg","width":1022,"height":1150},{"@type":"BreadcrumbList","@id":"https:\/\/fonolukk.eu\/et\/tooted\/can-separation-box-2-valjundid-rj45-din-paigaldus-valge\/#breadcrumb","itemListElement":[{"@type":"ListItem","position":1,"name":"Esileht","item":"https:\/\/fonolukk.eu\/et\/koduleht\/"},{"@type":"ListItem","position":2,"name":"Tooted","item":"https:\/\/fonolukk.eu\/et\/shop-2\/"},{"@type":"ListItem","position":3,"name":"Fonolukud","item":"https:\/\/fonolukk.eu\/et\/product-category\/fonolukud\/"},{"@type":"ListItem","position":4,"name":"Electra","item":"https:\/\/fonolukk.eu\/et\/product-category\/fonolukud\/electra-et-2\/"},{"@type":"ListItem","position":5,"name":"Toiteblokid, aksessuaarid","item":"https:\/\/fonolukk.eu\/et\/product-category\/fonolukud\/electra-et-2\/toiteblokid-aksessuaarid-et-2\/"},{"@type":"ListItem","position":6,"name":"CAN SEPARATION BOX &#8211; 2 V\u00c4LJUNDID &#8211; RJ45, DIN PAIGALDUS, VALGE"}]},{"@type":"WebSite","@id":"https:\/\/fonolukk.eu\/et\/#website","url":"https:\/\/fonolukk.eu\/et\/","name":"Fonolukk eu","description":"Smart Security Systems","publisher":{"@id":"https:\/\/fonolukk.eu\/et\/#organization"},"potentialAction":[{"@type":"SearchAction","target":{"@type":"EntryPoint","urlTemplate":"https:\/\/fonolukk.eu\/et\/?s={search_term_string}"},"query-input":{"@type":"PropertyValueSpecification","valueRequired":true,"valueName":"search_term_string"}}],"inLanguage":"et"},{"@type":"Organization","@id":"https:\/\/fonolukk.eu\/et\/#organization","name":"Smart Security OU","url":"https:\/\/fonolukk.eu\/et\/","logo":{"@type":"ImageObject","inLanguage":"et","@id":"https:\/\/fonolukk.eu\/et\/#\/schema\/logo\/image\/","url":"https:\/\/fonolukk.eu\/wp-content\/uploads\/2023\/09\/fonolukk.png","contentUrl":"https:\/\/fonolukk.eu\/wp-content\/uploads\/2023\/09\/fonolukk.png","width":277,"height":274,"caption":"Smart Security OU"},"image":{"@id":"https:\/\/fonolukk.eu\/et\/#\/schema\/logo\/image\/"},"sameAs":["https:\/\/www.facebook.com\/fonolukk","https:\/\/www.instagram.com\/fonolukk\/?hl=ru"],"publishingPrinciples":"https:\/\/fonolukk.eu\/terms-and-conditions\/","ownershipFundingInfo":"https:\/\/fonolukk.eu\/about-us\/"}]},"product_brand":"Electra","product_price_amount":"0.00","product_price_currency":"EUR","og_availability":"instock","product_availability":"instock","product_retailer_item_id":"CSB.2DR02.ELW","product_condition":"new"},"_links":{"self":[{"href":"https:\/\/fonolukk.eu\/et\/wp-json\/wp\/v2\/product\/5048","targetHints":{"allow":["GET"]}}],"collection":[{"href":"https:\/\/fonolukk.eu\/et\/wp-json\/wp\/v2\/product"}],"about":[{"href":"https:\/\/fonolukk.eu\/et\/wp-json\/wp\/v2\/types\/product"}],"version-history":[{"count":0,"href":"https:\/\/fonolukk.eu\/et\/wp-json\/wp\/v2\/product\/5048\/revisions"}],"wp:featuredmedia":[{"embeddable":true,"href":"https:\/\/fonolukk.eu\/et\/wp-json\/wp\/v2\/media\/5026"}],"wp:attachment":[{"href":"https:\/\/fonolukk.eu\/et\/wp-json\/wp\/v2\/media?parent=5048"}],"wp:term":[{"taxonomy":"product_brand","embeddable":true,"href":"https:\/\/fonolukk.eu\/et\/wp-json\/wp\/v2\/product_brand?post=5048"},{"taxonomy":"product_cat","embeddable":true,"href":"https:\/\/fonolukk.eu\/et\/wp-json\/wp\/v2\/product_cat?post=5048"},{"taxonomy":"product_tag","embeddable":true,"href":"https:\/\/fonolukk.eu\/et\/wp-json\/wp\/v2\/product_tag?post=5048"}],"curies":[{"name":"wp","href":"https:\/\/api.w.org\/{rel}","templated":true}]}}